{"id":60107,"date":"2022-07-28T10:36:55","date_gmt":"2022-07-28T10:36:55","guid":{"rendered":"https:\/\/www.accuratereviews.com\/?page_id=60107"},"modified":"2022-07-28T10:36:55","modified_gmt":"2022-07-28T10:36:55","slug":"webrezpro-recensione","status":"publish","type":"page","link":"https:\/\/www.accuratereviews.com\/it\/software-per-campeggi\/webrezpro-recensione\/","title":{"rendered":"WebRezPro"},"content":{"rendered":"<p><strong>WebRezPro<\/strong> \u00e8 un <strong>sistema di gestione delle strutture ricettive<\/strong> basato su <strong>cloud<\/strong> progettato per hotel, ostelli, campeggi e case vacanza indipendenti, che offre un sistema di prenotazione online e molteplici integrazioni e partnership di terze parti.\u00a0Il sistema di prenotazione delle camere online integrato consente agli utenti di fornire tariffe speciali per agenti di viaggio, clienti aziendali o ospiti preferiti e pubblicizzare le vendite di camere dell&#8217;ultimo minuto, nonch\u00e9 creare pacchetti di prenotazione, raggruppando camere con tour o attivit\u00e0. Tariffe scontate possono essere offerte anche a gruppi come anziani, membri di auto club e altro ancora. Le integrazioni con FlipKey, InnLink, SynXis, Genares e altri consentono l&#8217;interfaccia bidirezionale tra<strong> WebRezPro<\/strong> e il Global Distribution System (GDS), insieme ai collegamenti con Booking.com e Expedia QuickConnect.<\/p>\n<h2>WEBREZPRO &#8211; TUTORIAL<\/h2>\n<p>Guarda il breve video per conoscere il motore di prenotazione online di questo software per campeggi:<\/p>\n<div id=\"fluid-wrapper-counter-1\" class=\"g1-fluid-wrapper \" style=\"width:686px;\">\n<div style=\"padding-bottom:56.268221574344%;\"><iframe loading=\"lazy\" title=\"WebRezPro Cloud PMS: Online Booking Engine\" width=\"686\" height=\"386\" src=\"https:\/\/www.youtube.com\/embed\/y4E6QGNlIG4?feature=oembed&amp;wmode=transparent&amp;autohide=1&amp;autoplay=0&amp;disablekb=0&amp;fs=1&amp;loop=0&amp;enablejsapi=1&amp;rel=0&amp;controls=2&amp;showinfo=0&amp;wmode=transparent&amp;autohide=2&amp;autoplay=0&amp;disablekb=0&amp;fs=1&amp;loop=0&amp;enablejsapi=1&amp;rel=0&amp;controls=2&amp;showinfo=1\" frameborder=\"0\" allow=\"accelerometer; autoplay; clipboard-write; encrypted-media; gyroscope; picture-in-picture\" allowfullscreen><\/iframe><\/div>\n<\/div>\n<h3>WEBREZPRO &#8211; CARATTERISTICHE<\/h3>\n<ul>\n<li>Controlla facilmente l&#8217;inventario, i prezzi e la disponibilit\u00e0<\/li>\n<li>Pubblicizza offerte speciali per le vendite dell&#8217;ultimo minuto<\/li>\n<li>Imposta tariffe speciali per clienti aziendali, agenti di viaggio e ospiti preferiti<\/li>\n<li>Vendi altri prodotti come biglietti, fiori e prenotazioni di ristoranti<\/li>\n<li>Imposta costi aggiuntivi per gli animali domestici<\/li>\n<li>Ottieni informazioni preziose sul tuo mercato analizzando i rapporti sulle prenotazioni online<\/li>\n<li>Non perdere mai una prenotazione con un motore di prenotazione alberghiero aperto 24 ore su 24, 7 giorni su 7<\/li>\n<li>Vedi la disponibilit\u00e0 delle camere in tempo reale<\/li>\n<li>Visualizza le tariffe delle camere in pi\u00f9 valute<\/li>\n<li>Acquista pacchetti opzionali come weekend o ritiri romantici<\/li>\n<li>Guarda le presentazioni di foto per diversi tipi di camere<\/li>\n<li>Acquista prodotti opzionali come biglietti per il teatro, cestini alimentari e trattamenti termali<\/li>\n<li>Ricevi conferme di prenotazione email istantanee generate automaticamente<\/li>\n<li>Prenota in qualsiasi momento e da qualsiasi luogo<\/li>\n<li>Il rapporto sulle statistiche della propriet\u00e0 fornisce una panoramica di come sta andando la tua attivit\u00e0<\/li>\n<\/ul>\n<h4>LE RECENSIONI DEGLI UTENTI<\/h4>\n<p class=\"fw-bold mb-2\"><strong>Jeremy &#8220;WebRezPro &#8211; Incredibile valore per PMS basato su cloud&#8221;<\/strong><\/p>\n<p class=\"fw-bold mb-2\"><strong>Pro<\/strong>:\u00a0WebRezPro ha il miglior personale di supporto del settore. Trovo anche che le capacit\u00e0 di reporting siano di gran lunga superiori ai costosi prodotti PMS come Opera.<\/p>\n<p class=\"fw-bold mb-2\"><strong>Contro<\/strong>:\u00a0Il calendario\u00a0nell&#8217;angolo in alto a destra della piattaforma non rimane aperto quando esci e accedi nuovamente. Inoltre \u00e8 VERAMENTE necessario aggiornare il pacchetto (componenti aggiuntivi) visualizzato sul motore di prenotazione. Dovrebbe esserci una sezione migliore dove gli albergatori possono vendere fiori, fragole al cioccolato con immagini, ecc.<\/p>\n<p class=\"fw-bold mb-2\"><strong>Bill &#8220;Buon software di propriet\u00e0 per un&#8217;attivit\u00e0 stagionale.&#8221;<\/strong><\/p>\n<p><span class=\"fw-bold\"><strong>Commenti<\/strong>: <\/span>Molto bene finora nel nostro terzo anno con questo software. I dipendenti sono ancora felici.<\/p>\n<p class=\"fw-bold mb-2\"><strong>Pro<\/strong>:\u00a0Offre uno sconto fuori stagione sull&#8217;abbonamento e il servizio clienti \u00e8 eccezionale. Di madrelingua inglese (canadesi) che sono molto facili da capire.<\/p>\n<p class=\"fw-bold mb-2\"><strong>Contro<\/strong>:\u00a0Ci sono cose che altri programmi hanno ma questo sorprendentemente ancora non ha. Accettano suggerimenti sui miglioramenti e alcuni dipendenti del servizio clienti commentano che \u00e8 davvero una buona idea, ma i cambiamenti sono lenti o non si verificano abbastanza spesso.<\/p>\n<p class=\"fw-bold mb-2\"><strong>Roland &#8220;Recensione sul software&#8221;<\/strong><\/p>\n<p><span class=\"fw-bold\"><strong>Commenti<\/strong>: <\/span>\u00c8 un ottimo programma per mantenere organizzata la nostra attivit\u00e0.<\/p>\n<p class=\"fw-bold mb-2\"><strong>Pro<\/strong>:\u00a0Ci aiuta a tenerci aggiornati con le prenotazioni e sapere cosa sta succedendo nella nostra attivit\u00e0 momento per momento. Nel complesso, siamo stati molto soddisfatti del sistema. Il personale \u00e8 sempre pronto ad aiutarci con le nostre domande ed esigenze. Apprezziamo di pi\u00f9 questo aspetto.<\/p>\n<p class=\"fw-bold mb-2\"><strong>Contro<\/strong>:\u00a0Vorrei che avesse un modo per tracciare i nostri concorrenti per mantenere i nostri prezzi pi\u00f9 bassi.<\/p>\n","protected":false},"excerpt":{"rendered":"<p>WebRezPro \u00e8 un sistema di gestione delle strutture ricettive basato su cloud progettato per hotel, ostelli, campeggi e case vacanza indipendenti, che offre un sistema di prenotazione online e molteplici integrazioni e partnership di terze parti.\u00a0Il sistema di prenotazione delle camere online integrato consente agli utenti di fornire tariffe speciali per agenti di viaggio, clienti aziendali o ospiti preferiti e pubblicizzare le vendite di camere dell&#8217;ultimo minuto, nonch\u00e9 creare pacchetti di prenotazione, raggruppando camere con tour o attivit\u00e0.<\/p>\n","protected":false},"author":16,"featured_media":60108,"parent":59967,"menu_order":0,"comment_status":"open","ping_status":"closed","template":"g1_template_page_review_new.php","meta":{"_acf_changed":false,"cwp_meta_box_check":"No","cwp_rev_product_name":"","cwp_rev_product_image":"","wppr_links":[],"cwp_rev_price":"","wppr_options":[],"wppr_pros":[],"wppr_cons":[],"_monsterinsights_skip_tracking":false,"_monsterinsights_sitenote_active":false,"_monsterinsights_sitenote_note":"","_monsterinsights_sitenote_category":0,"footnotes":""},"categories":[13062],"tags":[13067,396,13084,13083,13064,13082,13114],"features":[],"class_list":{"0":"post-60107","1":"page","2":"type-page","3":"status-publish","4":"has-post-thumbnail","6":"category-software-campeggi-cat","7":"tag-app-per-campeggi","8":"tag-cloud","9":"tag-piattaforma-per-campeggi","10":"tag-programma-per-campeggi","11":"tag-software-per-campeggi","12":"tag-soluzione-per-campeggi","13":"tag-webrezpro"},"wppr_data":{"cwp_meta_box_check":"No"},"acf":[],"yoast_head":"<!-- This site is optimized with the Yoast SEO plugin v27.4 - https:\/\/yoast.com\/product\/yoast-seo-wordpress\/ -->\n<title>WebRezPro: recensione software per campeggi - Accurate Reviews<\/title>\n<meta name=\"description\" content=\"WebRezPro: recensione sistema di gestione delle strutture ricettive basato su cloud progettato per hotel, ostelli, campeggi e case vacanza indipendenti.\" \/>\n<meta name=\"robots\" content=\"index, follow, max-snippet:-1, max-image-preview:large, max-video-preview:-1\" \/>\n<link rel=\"canonical\" href=\"https:\/\/www.accuratereviews.com\/it\/software-per-campeggi\/webrezpro-recensione\/\" \/>\n<meta property=\"og:locale\" content=\"it_IT\" \/>\n<meta property=\"og:type\" content=\"article\" \/>\n<meta property=\"og:title\" content=\"WebRezPro: recensione software per campeggi - Accurate Reviews\" \/>\n<meta property=\"og:description\" content=\"WebRezPro: recensione sistema di gestione delle strutture ricettive basato su cloud progettato per hotel, ostelli, campeggi e case vacanza indipendenti.\" \/>\n<meta property=\"og:url\" content=\"https:\/\/www.accuratereviews.com\/it\/software-per-campeggi\/webrezpro-recensione\/\" \/>\n<meta property=\"og:site_name\" content=\"Accurate Reviews\" \/>\n<meta property=\"og:image\" content=\"https:\/\/www.accuratereviews.com\/wp-content\/uploads\/2022\/07\/WebRezPro.png\" \/>\n\t<meta property=\"og:image:width\" content=\"460\" \/>\n\t<meta property=\"og:image:height\" content=\"250\" \/>\n\t<meta property=\"og:image:type\" content=\"image\/png\" \/>\n<meta name=\"twitter:card\" content=\"summary_large_image\" \/>\n<meta name=\"twitter:label1\" content=\"Tempo di lettura stimato\" \/>\n\t<meta name=\"twitter:data1\" content=\"3 minuti\" \/>\n<script type=\"application\/ld+json\" class=\"yoast-schema-graph\">{\"@context\":\"https:\\\/\\\/schema.org\",\"@graph\":[{\"@type\":\"WebPage\",\"@id\":\"https:\\\/\\\/www.accuratereviews.com\\\/it\\\/software-per-campeggi\\\/webrezpro-recensione\\\/\",\"url\":\"https:\\\/\\\/www.accuratereviews.com\\\/it\\\/software-per-campeggi\\\/webrezpro-recensione\\\/\",\"name\":\"WebRezPro: recensione software per campeggi - Accurate Reviews\",\"isPartOf\":{\"@id\":\"https:\\\/\\\/www.accuratereviews.com\\\/it\\\/#website\"},\"primaryImageOfPage\":{\"@id\":\"https:\\\/\\\/www.accuratereviews.com\\\/it\\\/software-per-campeggi\\\/webrezpro-recensione\\\/#primaryimage\"},\"image\":{\"@id\":\"https:\\\/\\\/www.accuratereviews.com\\\/it\\\/software-per-campeggi\\\/webrezpro-recensione\\\/#primaryimage\"},\"thumbnailUrl\":\"https:\\\/\\\/www.accuratereviews.com\\\/wp-content\\\/uploads\\\/2022\\\/07\\\/WebRezPro.png\",\"datePublished\":\"2022-07-28T10:36:55+00:00\",\"description\":\"WebRezPro: recensione sistema di gestione delle strutture ricettive basato su cloud progettato per hotel, ostelli, campeggi e case vacanza indipendenti.\",\"breadcrumb\":{\"@id\":\"https:\\\/\\\/www.accuratereviews.com\\\/it\\\/software-per-campeggi\\\/webrezpro-recensione\\\/#breadcrumb\"},\"inLanguage\":\"it-IT\",\"potentialAction\":[{\"@type\":\"ReadAction\",\"target\":[\"https:\\\/\\\/www.accuratereviews.com\\\/it\\\/software-per-campeggi\\\/webrezpro-recensione\\\/\"]}]},{\"@type\":\"ImageObject\",\"inLanguage\":\"it-IT\",\"@id\":\"https:\\\/\\\/www.accuratereviews.com\\\/it\\\/software-per-campeggi\\\/webrezpro-recensione\\\/#primaryimage\",\"url\":\"https:\\\/\\\/www.accuratereviews.com\\\/wp-content\\\/uploads\\\/2022\\\/07\\\/WebRezPro.png\",\"contentUrl\":\"https:\\\/\\\/www.accuratereviews.com\\\/wp-content\\\/uploads\\\/2022\\\/07\\\/WebRezPro.png\",\"width\":460,\"height\":250},{\"@type\":\"BreadcrumbList\",\"@id\":\"https:\\\/\\\/www.accuratereviews.com\\\/it\\\/software-per-campeggi\\\/webrezpro-recensione\\\/#breadcrumb\",\"itemListElement\":[{\"@type\":\"ListItem\",\"position\":1,\"name\":\"Home\",\"item\":\"https:\\\/\\\/www.accuratereviews.com\\\/it\\\/\"},{\"@type\":\"ListItem\",\"position\":2,\"name\":\"Software per campeggi\",\"item\":\"https:\\\/\\\/www.accuratereviews.com\\\/it\\\/software-per-campeggi\\\/\"},{\"@type\":\"ListItem\",\"position\":3,\"name\":\"WebRezPro\"}]},{\"@type\":\"WebSite\",\"@id\":\"https:\\\/\\\/www.accuratereviews.com\\\/it\\\/#website\",\"url\":\"https:\\\/\\\/www.accuratereviews.com\\\/it\\\/\",\"name\":\"Accurate Reviews\",\"description\":\"\",\"potentialAction\":[{\"@type\":\"SearchAction\",\"target\":{\"@type\":\"EntryPoint\",\"urlTemplate\":\"https:\\\/\\\/www.accuratereviews.com\\\/it\\\/?s={search_term_string}\"},\"query-input\":{\"@type\":\"PropertyValueSpecification\",\"valueRequired\":true,\"valueName\":\"search_term_string\"}}],\"inLanguage\":\"it-IT\"}]}<\/script>\n<!-- \/ Yoast SEO plugin. -->","yoast_head_json":{"title":"WebRezPro: recensione software per campeggi - Accurate Reviews","description":"WebRezPro: recensione sistema di gestione delle strutture ricettive basato su cloud progettato per hotel, ostelli, campeggi e case vacanza indipendenti.","robots":{"index":"index","follow":"follow","max-snippet":"max-snippet:-1","max-image-preview":"max-image-preview:large","max-video-preview":"max-video-preview:-1"},"canonical":"https:\/\/www.accuratereviews.com\/it\/software-per-campeggi\/webrezpro-recensione\/","og_locale":"it_IT","og_type":"article","og_title":"WebRezPro: recensione software per campeggi - Accurate Reviews","og_description":"WebRezPro: recensione sistema di gestione delle strutture ricettive basato su cloud progettato per hotel, ostelli, campeggi e case vacanza indipendenti.","og_url":"https:\/\/www.accuratereviews.com\/it\/software-per-campeggi\/webrezpro-recensione\/","og_site_name":"Accurate Reviews","og_image":[{"width":460,"height":250,"url":"https:\/\/www.accuratereviews.com\/wp-content\/uploads\/2022\/07\/WebRezPro.png","type":"image\/png"}],"twitter_card":"summary_large_image","twitter_misc":{"Tempo di lettura stimato":"3 minuti"},"schema":{"@context":"https:\/\/schema.org","@graph":[{"@type":"WebPage","@id":"https:\/\/www.accuratereviews.com\/it\/software-per-campeggi\/webrezpro-recensione\/","url":"https:\/\/www.accuratereviews.com\/it\/software-per-campeggi\/webrezpro-recensione\/","name":"WebRezPro: recensione software per campeggi - Accurate Reviews","isPartOf":{"@id":"https:\/\/www.accuratereviews.com\/it\/#website"},"primaryImageOfPage":{"@id":"https:\/\/www.accuratereviews.com\/it\/software-per-campeggi\/webrezpro-recensione\/#primaryimage"},"image":{"@id":"https:\/\/www.accuratereviews.com\/it\/software-per-campeggi\/webrezpro-recensione\/#primaryimage"},"thumbnailUrl":"https:\/\/www.accuratereviews.com\/wp-content\/uploads\/2022\/07\/WebRezPro.png","datePublished":"2022-07-28T10:36:55+00:00","description":"WebRezPro: recensione sistema di gestione delle strutture ricettive basato su cloud progettato per hotel, ostelli, campeggi e case vacanza indipendenti.","breadcrumb":{"@id":"https:\/\/www.accuratereviews.com\/it\/software-per-campeggi\/webrezpro-recensione\/#breadcrumb"},"inLanguage":"it-IT","potentialAction":[{"@type":"ReadAction","target":["https:\/\/www.accuratereviews.com\/it\/software-per-campeggi\/webrezpro-recensione\/"]}]},{"@type":"ImageObject","inLanguage":"it-IT","@id":"https:\/\/www.accuratereviews.com\/it\/software-per-campeggi\/webrezpro-recensione\/#primaryimage","url":"https:\/\/www.accuratereviews.com\/wp-content\/uploads\/2022\/07\/WebRezPro.png","contentUrl":"https:\/\/www.accuratereviews.com\/wp-content\/uploads\/2022\/07\/WebRezPro.png","width":460,"height":250},{"@type":"BreadcrumbList","@id":"https:\/\/www.accuratereviews.com\/it\/software-per-campeggi\/webrezpro-recensione\/#breadcrumb","itemListElement":[{"@type":"ListItem","position":1,"name":"Home","item":"https:\/\/www.accuratereviews.com\/it\/"},{"@type":"ListItem","position":2,"name":"Software per campeggi","item":"https:\/\/www.accuratereviews.com\/it\/software-per-campeggi\/"},{"@type":"ListItem","position":3,"name":"WebRezPro"}]},{"@type":"WebSite","@id":"https:\/\/www.accuratereviews.com\/it\/#website","url":"https:\/\/www.accuratereviews.com\/it\/","name":"Accurate Reviews","description":"","potentialAction":[{"@type":"SearchAction","target":{"@type":"EntryPoint","urlTemplate":"https:\/\/www.accuratereviews.com\/it\/?s={search_term_string}"},"query-input":{"@type":"PropertyValueSpecification","valueRequired":true,"valueName":"search_term_string"}}],"inLanguage":"it-IT"}]}},"_links":{"self":[{"href":"https:\/\/www.accuratereviews.com\/it\/wp-json\/wp\/v2\/pages\/60107","targetHints":{"allow":["GET"]}}],"collection":[{"href":"https:\/\/www.accuratereviews.com\/it\/wp-json\/wp\/v2\/pages"}],"about":[{"href":"https:\/\/www.accuratereviews.com\/it\/wp-json\/wp\/v2\/types\/page"}],"author":[{"embeddable":true,"href":"https:\/\/www.accuratereviews.com\/it\/wp-json\/wp\/v2\/users\/16"}],"replies":[{"embeddable":true,"href":"https:\/\/www.accuratereviews.com\/it\/wp-json\/wp\/v2\/comments?post=60107"}],"version-history":[{"count":8,"href":"https:\/\/www.accuratereviews.com\/it\/wp-json\/wp\/v2\/pages\/60107\/revisions"}],"predecessor-version":[{"id":60155,"href":"https:\/\/www.accuratereviews.com\/it\/wp-json\/wp\/v2\/pages\/60107\/revisions\/60155"}],"up":[{"embeddable":true,"href":"https:\/\/www.accuratereviews.com\/it\/wp-json\/wp\/v2\/pages\/59967"}],"wp:featuredmedia":[{"embeddable":true,"href":"https:\/\/www.accuratereviews.com\/it\/wp-json\/wp\/v2\/media\/60108"}],"wp:attachment":[{"href":"https:\/\/www.accuratereviews.com\/it\/wp-json\/wp\/v2\/media?parent=60107"}],"wp:term":[{"taxonomy":"category","embeddable":true,"href":"https:\/\/www.accuratereviews.com\/it\/wp-json\/wp\/v2\/categories?post=60107"},{"taxonomy":"post_tag","embeddable":true,"href":"https:\/\/www.accuratereviews.com\/it\/wp-json\/wp\/v2\/tags?post=60107"},{"taxonomy":"features","embeddable":true,"href":"https:\/\/www.accuratereviews.com\/it\/wp-json\/wp\/v2\/features?post=60107"}],"curies":[{"name":"wp","href":"https:\/\/api.w.org\/{rel}","templated":true}]}}