{"id":60122,"date":"2022-07-28T10:37:58","date_gmt":"2022-07-28T10:37:58","guid":{"rendered":"https:\/\/www.accuratereviews.com\/?page_id=60122"},"modified":"2022-07-28T10:37:58","modified_gmt":"2022-07-28T10:37:58","slug":"campground-master-recensione","status":"publish","type":"page","link":"https:\/\/www.accuratereviews.com\/it\/software-per-campeggi\/campground-master-recensione\/","title":{"rendered":"Campground Master"},"content":{"rendered":"<p><strong>Campground Master<\/strong> \u00e8 un <strong>software per campeggi<\/strong> che ha l&#8217;obiettivo di semplificare e ottimizzare la gestione delle prenotazioni di qualsiasi attivit\u00e0 ricettiva o di noleggio. Si tratta di un programma per Windows semplice da usare, flessibile e personalizzabile in base alle proprie esigenze.<br \/>\nCon <strong>Campground Master<\/strong> accedi ai report con un solo clic, visualizzi l&#8217;elenco degli arrivo e delle partenze, i pagamenti dovuti e quelli ricevuti, utilizzi le mappe dinamiche per avere aggiornamenti in tempo reale e molto altro ancora.<\/p>\n<h2>CAMPGROUND MASTER &#8211; TUTORIAL<\/h2>\n<div id=\"fluid-wrapper-counter-1\" class=\"g1-fluid-wrapper \" style=\"width:686px;\">\n<div style=\"padding-bottom:56.268221574344%;\"><iframe loading=\"lazy\" title=\"Campground Master video demo\" width=\"515\" height=\"386\" src=\"https:\/\/www.youtube.com\/embed\/bu3O68TyrmY?feature=oembed&amp;wmode=transparent&amp;autohide=1&amp;autoplay=0&amp;disablekb=0&amp;fs=1&amp;loop=0&amp;enablejsapi=1&amp;rel=0&amp;controls=2&amp;showinfo=0&amp;wmode=transparent&amp;autohide=2&amp;autoplay=0&amp;disablekb=0&amp;fs=1&amp;loop=0&amp;enablejsapi=1&amp;rel=0&amp;controls=2&amp;showinfo=1\" frameborder=\"0\" allow=\"accelerometer; autoplay; clipboard-write; encrypted-media; gyroscope; picture-in-picture\" allowfullscreen><\/iframe><\/div>\n<\/div>\n<h3>CAMPGROUND MASTER &#8211; CARATTERISTICHE<\/h3>\n<ul>\n<li>Velocizza i check-in e i check-out completati con una ricevuta stampata in pochi clic<\/li>\n<li>Elimina gli errori di prenotazione: niente pi\u00f9 prenotazioni perse o duplicate<\/li>\n<li>Risolvi i problemi di responsabilit\u00e0 con login sicuri e tracciamento di tutte le transazioni da parte dell&#8217;operatore\/data\/ora<\/li>\n<li>Utilizza i tuoi spazi in modo pi\u00f9 efficace grazie a funzioni come le liste d&#8217;attesa e le mailing list<\/li>\n<li>Evita di perdere gli addebiti per gli extra, come persone o veicoli aggiuntivi, partenze in ritardo e altro ancora (tutto pu\u00f2 essere calcolato automaticamente)<\/li>\n<li>Semplifica le operazioni contabili impostando rapporti personalizzati sulle transazioni o esportando vendite e ricevute in QuickBooks Pro (TM)<\/li>\n<li>Semplifica le operazioni di fatturazione con funzioni quali l&#8217;inserimento e il calcolo automatico in un unico clic delle fatture mensili e dei contatori elettrici e l&#8217;invio in batch di fatture via email<\/li>\n<li>Gestisci attivamente i contatti con i clienti inviando avvisi personalizzati via email, filtrati in base a regole definite dall&#8217;utente.<\/li>\n<\/ul>\n<h4>LE RECENSIONI DEGLI UTENTI<\/h4>\n<p><strong>DJ &#8220;Ottimo software a un prezzo ragionevole!&#8221;<\/strong><br \/>\nPRO: una volta imparato ad usarlo, il software \u00e8 fantastico. Fa un sacco di cose e si pu\u00f2 impostare in base alle proprie esigenze.<br \/>\nCONTRO: imparare il software da autodidatta e configurarlo per le proprie esigenze. Fa tantissime cose e pu\u00f2 fare una cosa in 3 modi diversi.<\/p>\n<p><strong>Ron &#8220;Recensione di Campground Master&#8221;<\/strong><br \/>\nCOMMENTI: questo software ha praticamente tutto ci\u00f2 che serve per gestire il vostro campeggio. Sono un consulente\/rivenditore che ha implementato questo software in diversi camper in Louisiana e Texas. Campground Master si adatta alle esigenze della maggior parte dei campeggi, da quelli piccoli a quelli pi\u00f9 grandi.<br \/>\nPRO: prenotazioni on line, interfaccia basata su mappe, collegabile in rete, punto vendita integrato, elaborazione integrata delle carte di credito, esportazione in Quickbooks, personalizzabile.<br \/>\nCONTRO: non ci viene in mente nulla che non potremmo fargli fare, anche se sarebbe bello se avesse una versione per smartphone e\/o un&#8217;applicazione per iPhone per il check-in\/check-out rapido.<\/p>\n<p><strong>Robert &#8220;Ottimo programma ad un prezzo ragionevole&#8221;<\/strong><br \/>\nPRO: ottime funzionalit\u00e0, interfaccia intuitiva per le prenotazioni online, spese annuali minime per gli aggiornamenti e l&#8217;assistenza, estremamente facile da usare, la versione di rete costa un po&#8217; di pi\u00f9 ma sono oltre sette anni di utilizzo senza alcuna perdita di dati!<br \/>\nCONTRO: ok, ho dovuto pensare a lungo e mi sono venute in mente due cose. In primo luogo, le email di conferma hanno un orario di check-in e check-out predefinito, ma ne abbiamo uno per i campeggi e uno per le cabine. C&#8217;\u00e8 un&#8217;intestazione sull&#8217;email che si pu\u00f2 personalizzare prima dell&#8217;invio e l\u00ec annotiamo l&#8217;orario di check-in delle cabine. In secondo luogo, l&#8217;assistenza potrebbe non essere immediata, ma un&#8217;ora o due dopo. Finora non \u00e8 stato un problema per noi, ma vi assicuriamo che verrete richiamati.<\/p>\n","protected":false},"excerpt":{"rendered":"<p>Campground Master \u00e8 un software per campeggi che ha l&#8217;obiettivo di semplificare e ottimizzare la gestione delle prenotazioni di qualsiasi attivit\u00e0 ricettiva o di noleggio. Si tratta di un programma per Windows semplice da usare, flessibile e personalizzabile in base alle proprie esigenze.\u00a0<\/p>\n","protected":false},"author":17,"featured_media":60128,"parent":59967,"menu_order":0,"comment_status":"open","ping_status":"closed","template":"g1_template_page_review_new.php","meta":{"_acf_changed":false,"cwp_meta_box_check":"No","cwp_rev_product_name":"","cwp_rev_product_image":"","wppr_links":[],"cwp_rev_price":"","wppr_options":[],"wppr_pros":[],"wppr_cons":[],"_monsterinsights_skip_tracking":false,"_monsterinsights_sitenote_active":false,"_monsterinsights_sitenote_note":"","_monsterinsights_sitenote_category":0,"footnotes":""},"categories":[13062],"tags":[13067,13068,13084,13083,13064],"features":[],"class_list":{"0":"post-60122","1":"page","2":"type-page","3":"status-publish","4":"has-post-thumbnail","6":"category-software-campeggi-cat","7":"tag-app-per-campeggi","8":"tag-gestionale-per-campeggi","9":"tag-piattaforma-per-campeggi","10":"tag-programma-per-campeggi","11":"tag-software-per-campeggi"},"wppr_data":{"cwp_meta_box_check":"No"},"acf":[],"yoast_head":"<!-- This site is optimized with the Yoast SEO plugin v27.4 - https:\/\/yoast.com\/product\/yoast-seo-wordpress\/ -->\n<title>Campground Master: recensione software campeggi - Accurate Reviews<\/title>\n<meta name=\"description\" content=\"Campground Master: recensione del software per campeggi che ha l&#039;obiettivo di semplificare e ottimizzare la gestione delle prenotazioni.\" \/>\n<meta name=\"robots\" content=\"index, follow, max-snippet:-1, max-image-preview:large, max-video-preview:-1\" \/>\n<link rel=\"canonical\" href=\"https:\/\/www.accuratereviews.com\/it\/software-per-campeggi\/campground-master-recensione\/\" \/>\n<meta property=\"og:locale\" content=\"it_IT\" \/>\n<meta property=\"og:type\" content=\"article\" \/>\n<meta property=\"og:title\" content=\"Campground Master: recensione software campeggi - Accurate Reviews\" \/>\n<meta property=\"og:description\" content=\"Campground Master: recensione del software per campeggi che ha l&#039;obiettivo di semplificare e ottimizzare la gestione delle prenotazioni.\" \/>\n<meta property=\"og:url\" content=\"https:\/\/www.accuratereviews.com\/it\/software-per-campeggi\/campground-master-recensione\/\" \/>\n<meta property=\"og:site_name\" content=\"Accurate Reviews\" \/>\n<meta property=\"og:image\" content=\"https:\/\/www.accuratereviews.com\/wp-content\/uploads\/2022\/07\/Schermata-2022-07-28-alle-09.23.12-1.png\" \/>\n\t<meta property=\"og:image:width\" content=\"1995\" \/>\n\t<meta property=\"og:image:height\" content=\"200\" \/>\n\t<meta property=\"og:image:type\" content=\"image\/png\" \/>\n<meta name=\"twitter:card\" content=\"summary_large_image\" \/>\n<meta name=\"twitter:label1\" content=\"Tempo di lettura stimato\" \/>\n\t<meta name=\"twitter:data1\" content=\"3 minuti\" \/>\n<script type=\"application\/ld+json\" class=\"yoast-schema-graph\">{\"@context\":\"https:\\\/\\\/schema.org\",\"@graph\":[{\"@type\":\"WebPage\",\"@id\":\"https:\\\/\\\/www.accuratereviews.com\\\/it\\\/software-per-campeggi\\\/campground-master-recensione\\\/\",\"url\":\"https:\\\/\\\/www.accuratereviews.com\\\/it\\\/software-per-campeggi\\\/campground-master-recensione\\\/\",\"name\":\"Campground Master: recensione software campeggi - Accurate Reviews\",\"isPartOf\":{\"@id\":\"https:\\\/\\\/www.accuratereviews.com\\\/it\\\/#website\"},\"primaryImageOfPage\":{\"@id\":\"https:\\\/\\\/www.accuratereviews.com\\\/it\\\/software-per-campeggi\\\/campground-master-recensione\\\/#primaryimage\"},\"image\":{\"@id\":\"https:\\\/\\\/www.accuratereviews.com\\\/it\\\/software-per-campeggi\\\/campground-master-recensione\\\/#primaryimage\"},\"thumbnailUrl\":\"https:\\\/\\\/www.accuratereviews.com\\\/wp-content\\\/uploads\\\/2022\\\/07\\\/Schermata-2022-07-28-alle-09.23.12-1.png\",\"datePublished\":\"2022-07-28T10:37:58+00:00\",\"description\":\"Campground Master: recensione del software per campeggi che ha l'obiettivo di semplificare e ottimizzare la gestione delle prenotazioni.\",\"breadcrumb\":{\"@id\":\"https:\\\/\\\/www.accuratereviews.com\\\/it\\\/software-per-campeggi\\\/campground-master-recensione\\\/#breadcrumb\"},\"inLanguage\":\"it-IT\",\"potentialAction\":[{\"@type\":\"ReadAction\",\"target\":[\"https:\\\/\\\/www.accuratereviews.com\\\/it\\\/software-per-campeggi\\\/campground-master-recensione\\\/\"]}]},{\"@type\":\"ImageObject\",\"inLanguage\":\"it-IT\",\"@id\":\"https:\\\/\\\/www.accuratereviews.com\\\/it\\\/software-per-campeggi\\\/campground-master-recensione\\\/#primaryimage\",\"url\":\"https:\\\/\\\/www.accuratereviews.com\\\/wp-content\\\/uploads\\\/2022\\\/07\\\/Schermata-2022-07-28-alle-09.23.12-1.png\",\"contentUrl\":\"https:\\\/\\\/www.accuratereviews.com\\\/wp-content\\\/uploads\\\/2022\\\/07\\\/Schermata-2022-07-28-alle-09.23.12-1.png\",\"width\":1995,\"height\":200},{\"@type\":\"BreadcrumbList\",\"@id\":\"https:\\\/\\\/www.accuratereviews.com\\\/it\\\/software-per-campeggi\\\/campground-master-recensione\\\/#breadcrumb\",\"itemListElement\":[{\"@type\":\"ListItem\",\"position\":1,\"name\":\"Home\",\"item\":\"https:\\\/\\\/www.accuratereviews.com\\\/it\\\/\"},{\"@type\":\"ListItem\",\"position\":2,\"name\":\"Software per campeggi\",\"item\":\"https:\\\/\\\/www.accuratereviews.com\\\/it\\\/software-per-campeggi\\\/\"},{\"@type\":\"ListItem\",\"position\":3,\"name\":\"Campground Master\"}]},{\"@type\":\"WebSite\",\"@id\":\"https:\\\/\\\/www.accuratereviews.com\\\/it\\\/#website\",\"url\":\"https:\\\/\\\/www.accuratereviews.com\\\/it\\\/\",\"name\":\"Accurate Reviews\",\"description\":\"\",\"potentialAction\":[{\"@type\":\"SearchAction\",\"target\":{\"@type\":\"EntryPoint\",\"urlTemplate\":\"https:\\\/\\\/www.accuratereviews.com\\\/it\\\/?s={search_term_string}\"},\"query-input\":{\"@type\":\"PropertyValueSpecification\",\"valueRequired\":true,\"valueName\":\"search_term_string\"}}],\"inLanguage\":\"it-IT\"}]}<\/script>\n<!-- \/ Yoast SEO plugin. -->","yoast_head_json":{"title":"Campground Master: recensione software campeggi - Accurate Reviews","description":"Campground Master: recensione del software per campeggi che ha l'obiettivo di semplificare e ottimizzare la gestione delle prenotazioni.","robots":{"index":"index","follow":"follow","max-snippet":"max-snippet:-1","max-image-preview":"max-image-preview:large","max-video-preview":"max-video-preview:-1"},"canonical":"https:\/\/www.accuratereviews.com\/it\/software-per-campeggi\/campground-master-recensione\/","og_locale":"it_IT","og_type":"article","og_title":"Campground Master: recensione software campeggi - Accurate Reviews","og_description":"Campground Master: recensione del software per campeggi che ha l'obiettivo di semplificare e ottimizzare la gestione delle prenotazioni.","og_url":"https:\/\/www.accuratereviews.com\/it\/software-per-campeggi\/campground-master-recensione\/","og_site_name":"Accurate Reviews","og_image":[{"width":1995,"height":200,"url":"https:\/\/www.accuratereviews.com\/wp-content\/uploads\/2022\/07\/Schermata-2022-07-28-alle-09.23.12-1.png","type":"image\/png"}],"twitter_card":"summary_large_image","twitter_misc":{"Tempo di lettura stimato":"3 minuti"},"schema":{"@context":"https:\/\/schema.org","@graph":[{"@type":"WebPage","@id":"https:\/\/www.accuratereviews.com\/it\/software-per-campeggi\/campground-master-recensione\/","url":"https:\/\/www.accuratereviews.com\/it\/software-per-campeggi\/campground-master-recensione\/","name":"Campground Master: recensione software campeggi - Accurate Reviews","isPartOf":{"@id":"https:\/\/www.accuratereviews.com\/it\/#website"},"primaryImageOfPage":{"@id":"https:\/\/www.accuratereviews.com\/it\/software-per-campeggi\/campground-master-recensione\/#primaryimage"},"image":{"@id":"https:\/\/www.accuratereviews.com\/it\/software-per-campeggi\/campground-master-recensione\/#primaryimage"},"thumbnailUrl":"https:\/\/www.accuratereviews.com\/wp-content\/uploads\/2022\/07\/Schermata-2022-07-28-alle-09.23.12-1.png","datePublished":"2022-07-28T10:37:58+00:00","description":"Campground Master: recensione del software per campeggi che ha l'obiettivo di semplificare e ottimizzare la gestione delle prenotazioni.","breadcrumb":{"@id":"https:\/\/www.accuratereviews.com\/it\/software-per-campeggi\/campground-master-recensione\/#breadcrumb"},"inLanguage":"it-IT","potentialAction":[{"@type":"ReadAction","target":["https:\/\/www.accuratereviews.com\/it\/software-per-campeggi\/campground-master-recensione\/"]}]},{"@type":"ImageObject","inLanguage":"it-IT","@id":"https:\/\/www.accuratereviews.com\/it\/software-per-campeggi\/campground-master-recensione\/#primaryimage","url":"https:\/\/www.accuratereviews.com\/wp-content\/uploads\/2022\/07\/Schermata-2022-07-28-alle-09.23.12-1.png","contentUrl":"https:\/\/www.accuratereviews.com\/wp-content\/uploads\/2022\/07\/Schermata-2022-07-28-alle-09.23.12-1.png","width":1995,"height":200},{"@type":"BreadcrumbList","@id":"https:\/\/www.accuratereviews.com\/it\/software-per-campeggi\/campground-master-recensione\/#breadcrumb","itemListElement":[{"@type":"ListItem","position":1,"name":"Home","item":"https:\/\/www.accuratereviews.com\/it\/"},{"@type":"ListItem","position":2,"name":"Software per campeggi","item":"https:\/\/www.accuratereviews.com\/it\/software-per-campeggi\/"},{"@type":"ListItem","position":3,"name":"Campground Master"}]},{"@type":"WebSite","@id":"https:\/\/www.accuratereviews.com\/it\/#website","url":"https:\/\/www.accuratereviews.com\/it\/","name":"Accurate Reviews","description":"","potentialAction":[{"@type":"SearchAction","target":{"@type":"EntryPoint","urlTemplate":"https:\/\/www.accuratereviews.com\/it\/?s={search_term_string}"},"query-input":{"@type":"PropertyValueSpecification","valueRequired":true,"valueName":"search_term_string"}}],"inLanguage":"it-IT"}]}},"_links":{"self":[{"href":"https:\/\/www.accuratereviews.com\/it\/wp-json\/wp\/v2\/pages\/60122","targetHints":{"allow":["GET"]}}],"collection":[{"href":"https:\/\/www.accuratereviews.com\/it\/wp-json\/wp\/v2\/pages"}],"about":[{"href":"https:\/\/www.accuratereviews.com\/it\/wp-json\/wp\/v2\/types\/page"}],"author":[{"embeddable":true,"href":"https:\/\/www.accuratereviews.com\/it\/wp-json\/wp\/v2\/users\/17"}],"replies":[{"embeddable":true,"href":"https:\/\/www.accuratereviews.com\/it\/wp-json\/wp\/v2\/comments?post=60122"}],"version-history":[{"count":8,"href":"https:\/\/www.accuratereviews.com\/it\/wp-json\/wp\/v2\/pages\/60122\/revisions"}],"predecessor-version":[{"id":60157,"href":"https:\/\/www.accuratereviews.com\/it\/wp-json\/wp\/v2\/pages\/60122\/revisions\/60157"}],"up":[{"embeddable":true,"href":"https:\/\/www.accuratereviews.com\/it\/wp-json\/wp\/v2\/pages\/59967"}],"wp:featuredmedia":[{"embeddable":true,"href":"https:\/\/www.accuratereviews.com\/it\/wp-json\/wp\/v2\/media\/60128"}],"wp:attachment":[{"href":"https:\/\/www.accuratereviews.com\/it\/wp-json\/wp\/v2\/media?parent=60122"}],"wp:term":[{"taxonomy":"category","embeddable":true,"href":"https:\/\/www.accuratereviews.com\/it\/wp-json\/wp\/v2\/categories?post=60122"},{"taxonomy":"post_tag","embeddable":true,"href":"https:\/\/www.accuratereviews.com\/it\/wp-json\/wp\/v2\/tags?post=60122"},{"taxonomy":"features","embeddable":true,"href":"https:\/\/www.accuratereviews.com\/it\/wp-json\/wp\/v2\/features?post=60122"}],"curies":[{"name":"wp","href":"https:\/\/api.w.org\/{rel}","templated":true}]}}