{"id":60169,"date":"2022-08-01T10:32:46","date_gmt":"2022-08-01T10:32:46","guid":{"rendered":"https:\/\/www.accuratereviews.com\/?page_id=60169"},"modified":"2022-08-01T10:32:46","modified_gmt":"2022-08-01T10:32:46","slug":"rdpwin-recensione","status":"publish","type":"page","link":"https:\/\/www.accuratereviews.com\/it\/software-per-campeggi\/rdpwin-recensione\/","title":{"rendered":"RDPWin"},"content":{"rendered":"<p><strong>RDPWin<\/strong> \u00e8 un<strong> software di gestione della propriet\u00e0<\/strong> consente l&#8217;organizzazione di prenotazioni, canali GDS, informazioni sugli ospiti, email marketing, pulizie, ordini di lavoro, audit notturni e altro ancora. Gli utenti possono gestire le prenotazioni effettuate tramite siti web di propriet\u00e0 su computer o dispositivi mobili, siti web di agenzie di viaggio online (OTA) o di distribuzione globale (GDS). L&#8217;email integrata consente l&#8217;invio automatizzato di comunicazioni a ospiti, agenti di viaggio, proprietari e altri gruppi che effettuano prenotazioni. Le email possono essere completamente personalizzate in vari formati e aggiornate automaticamente con informazioni personali. Gli utenti possono controllare i tipi di camere, le tariffe, la disponibilit\u00e0, i depositi e le tasse e distribuire i propri elenchi di propriet\u00e0 su oltre 400 siti web.<\/p>\n<h2>RDPWIN &#8211; TUTORIAL<\/h2>\n<div id=\"fluid-wrapper-counter-1\" class=\"g1-fluid-wrapper \" style=\"width:686px;\">\n<div style=\"padding-bottom:56.268221574344%;\"><iframe loading=\"lazy\" title=\"Custom Help (Part 2 of 2)\" width=\"686\" height=\"386\" src=\"https:\/\/www.youtube.com\/embed\/C3sjgC0ZIM0?feature=oembed&amp;wmode=transparent&amp;autohide=1&amp;autoplay=0&amp;disablekb=0&amp;fs=1&amp;loop=0&amp;enablejsapi=1&amp;rel=0&amp;controls=2&amp;showinfo=0&amp;wmode=transparent&amp;autohide=2&amp;autoplay=0&amp;disablekb=0&amp;fs=1&amp;loop=0&amp;enablejsapi=1&amp;rel=0&amp;controls=2&amp;showinfo=1\" frameborder=\"0\" allow=\"accelerometer; autoplay; clipboard-write; encrypted-media; gyroscope; picture-in-picture\" allowfullscreen><\/iframe><\/div>\n<\/div>\n<h3>RDPWIN &#8211; CARATTERISTICHE<\/h3>\n<ul>\n<li><strong>Gestione della propriet\u00e0<\/strong>: funzionalit\u00e0 progettate per semplificare le operazioni e l&#8217;organizzazione di tutti gli aspetti della tua propriet\u00e0<\/li>\n<li><strong>Esperienza degli ospiti:<\/strong> la soluzione ha numerosi punti di contatto per gli ospiti progettati specificamente per migliorare l&#8217;esperienza degli ospiti in tutte le fasi<\/li>\n<li><strong>Gestione delle entrate<\/strong>: progettato per aumentare le tue entrate con tariffe automatizzate, gestione del rendimento e reportistica<\/li>\n<li><strong>Mobile:<\/strong>\u00a0lo strumento di base del sistema \u00e8 basata su cloud, accessibile da qualsiasi browser web su qualsiasi dispositivo<\/li>\n<li><strong>Back Office<\/strong>: le funzionalit\u00e0 semplificano la contabilit\u00e0, la gestione del proprietario, le carte di credito e il tuo team in un unico sistema<\/li>\n<li><strong>Oltre 600 integrazioni:<\/strong> integrazioni all&#8217;avanguardia con fornitori di terze parti consentono un unico sistema PMS con accesso a partnership leader del settore.<\/li>\n<\/ul>\n<h4>LE RECENSIONI DEGLI UTENTI<\/h4>\n<p class=\"fw-bold mb-2\"><strong>Marcus&#8221;Ottimo software PMS&#8221;<\/strong><\/p>\n<p class=\"fw-bold mb-2\"><strong>Pro<\/strong>:\u00a0RDP \u00e8 sufficientemente flessibile da personalizzare le cose in modo che corrispondano alla nostra attivit\u00e0 piuttosto che aver bisogno di noi per cambiarle per adattarle. Siamo un&#8217;attivit\u00e0 stagionale, quindi \u00e8 importante poter modificare i piani tariffari, ecc. Avvolgiamo stanze e cibo (+\/- altri articoli) in un pacchetto e lo gestisce bene. Ottima segnalazione.<\/p>\n<p class=\"fw-bold mb-2\"><strong>Contro<\/strong>:\u00a0Questo \u00e8 piuttosto granulare ma abbiamo un anno fiscale non solare, quindi vorrei che la visualizzazione dei totali statistici (\u00e8 un facile elenco a discesa per rapidi confronti anno su anno) potesse iniziare a novembre anzich\u00e9 a gennaio.<\/p>\n<p class=\"fw-bold mb-2\"><strong>Frank&#8221;Molte opzioni&#8221;<\/strong><\/p>\n<p><span class=\"fw-bold\"><strong>Commenti<\/strong>: <\/span>Ho usato molti pacchetti software e ora RDPWin e devo mettere RDP da qualche parte nel mezzo perch\u00e9 ho trovato molte cose che mi piacciono ma mi sono anche piaciuti altri software che erano pi\u00f9 facili da usare e\/o pi\u00f9 facili da personalizzare i rapporti.<\/p>\n<p class=\"fw-bold mb-2\"><strong>Pro<\/strong>:\u00a0Mi piace che ci siano molte opzioni come la modifica delle impostazioni e la possibilit\u00e0 di scrivere report personalizzati.<\/p>\n<p class=\"fw-bold mb-2\"><strong>Contro<\/strong>:\u00a0Ci sono ancora alcune cose che devono essere aggiustate o personalizzate che rendono il nostro lavoro troppo impegnativo, come prenotazioni di gruppo, rapporti sulle entrate per tipo di unit\u00e0 e una dichiarazione dei proprietari con segni apparentemente invertiti.<\/p>\n<p class=\"fw-bold mb-2\"><strong>Heather&#8221;Un prodotto di qualit\u00e0 facile da usare. Ottimo servizio clienti.&#8221;<\/strong><\/p>\n<p><span class=\"fw-bold\"><strong>Commenti<\/strong>: <\/span>Molto adattabile e facile da usare. Buon servizio.<\/p>\n<p class=\"fw-bold mb-2\"><strong>Pro<\/strong>:\u00a0Il software ha molta adattabilit\u00e0. Ci sono una variet\u00e0 di funzioni sia per le piccole che per le grandi propriet\u00e0. Una selezione molto ampia di report \u00e8 standard e sono tutti personalizzabili. Offrono un motore di prenotazione mobile facile da usare per gli ospiti. Il supporto \u00e8 sempre stato eccellente e veloce.<\/p>\n<p class=\"fw-bold mb-2\"><strong>Contro<\/strong>:\u00a0Pi\u00f9 costoso di altre opzioni. La funzionalit\u00e0 di fatturazione per gruppi e aziende deve essere snella e pi\u00f9 facile da usare.<\/p>\n<p>&nbsp;<\/p>\n","protected":false},"excerpt":{"rendered":"<p>RDPWin \u00e8 un software di gestione della propriet\u00e0 consente l&#8217;organizzazione di prenotazioni, canali GDS, informazioni sugli ospiti, email marketing, pulizie, ordini di lavoro, audit notturni e altro ancora. Gli utenti possono gestire le prenotazioni effettuate tramite siti web di propriet\u00e0 su computer o dispositivi mobili, siti web di agenzie di viaggio online (OTA) o di distribuzione globale (GDS).<\/p>\n","protected":false},"author":19,"featured_media":60176,"parent":59967,"menu_order":0,"comment_status":"open","ping_status":"closed","template":"g1_template_page_review_new.php","meta":{"_acf_changed":false,"cwp_meta_box_check":"No","cwp_rev_product_name":"","cwp_rev_product_image":"","wppr_links":[],"cwp_rev_price":"","wppr_options":[],"wppr_pros":[],"wppr_cons":[],"_monsterinsights_skip_tracking":false,"_monsterinsights_sitenote_active":false,"_monsterinsights_sitenote_note":"","_monsterinsights_sitenote_category":0,"footnotes":""},"categories":[13062],"tags":[13084,13083,13117,13064,13082],"features":[],"class_list":{"0":"post-60169","1":"page","2":"type-page","3":"status-publish","4":"has-post-thumbnail","6":"category-software-campeggi-cat","7":"tag-piattaforma-per-campeggi","8":"tag-programma-per-campeggi","9":"tag-rdpwin","10":"tag-software-per-campeggi","11":"tag-soluzione-per-campeggi"},"wppr_data":{"cwp_meta_box_check":"No"},"acf":[],"yoast_head":"<!-- This site is optimized with the Yoast SEO plugin v27.4 - https:\/\/yoast.com\/product\/yoast-seo-wordpress\/ -->\n<title>RDPWin: recensione software per campeggi - Accurate Reviews<\/title>\n<meta name=\"description\" content=\"RDPWin: recensione software di gestione della propriet\u00e0 che consente l&#039;organizzazione di prenotazioni, canali GDS, informazioni sugli ospiti e molto altro.\" \/>\n<meta name=\"robots\" content=\"index, follow, max-snippet:-1, max-image-preview:large, max-video-preview:-1\" \/>\n<link rel=\"canonical\" href=\"https:\/\/www.accuratereviews.com\/it\/software-per-campeggi\/rdpwin-recensione\/\" \/>\n<meta property=\"og:locale\" content=\"it_IT\" \/>\n<meta property=\"og:type\" content=\"article\" \/>\n<meta property=\"og:title\" content=\"RDPWin: recensione software per campeggi - Accurate Reviews\" \/>\n<meta property=\"og:description\" content=\"RDPWin: recensione software di gestione della propriet\u00e0 che consente l&#039;organizzazione di prenotazioni, canali GDS, informazioni sugli ospiti e molto altro.\" \/>\n<meta property=\"og:url\" content=\"https:\/\/www.accuratereviews.com\/it\/software-per-campeggi\/rdpwin-recensione\/\" \/>\n<meta property=\"og:site_name\" content=\"Accurate Reviews\" \/>\n<meta property=\"og:image\" content=\"https:\/\/www.accuratereviews.com\/wp-content\/uploads\/2022\/08\/RdpWin.jpeg\" \/>\n\t<meta property=\"og:image:width\" content=\"474\" \/>\n\t<meta property=\"og:image:height\" content=\"474\" \/>\n\t<meta property=\"og:image:type\" content=\"image\/jpeg\" \/>\n<meta name=\"twitter:card\" content=\"summary_large_image\" \/>\n<meta name=\"twitter:label1\" content=\"Tempo di lettura stimato\" \/>\n\t<meta name=\"twitter:data1\" content=\"3 minuti\" \/>\n<script type=\"application\/ld+json\" class=\"yoast-schema-graph\">{\"@context\":\"https:\\\/\\\/schema.org\",\"@graph\":[{\"@type\":\"WebPage\",\"@id\":\"https:\\\/\\\/www.accuratereviews.com\\\/it\\\/software-per-campeggi\\\/rdpwin-recensione\\\/\",\"url\":\"https:\\\/\\\/www.accuratereviews.com\\\/it\\\/software-per-campeggi\\\/rdpwin-recensione\\\/\",\"name\":\"RDPWin: recensione software per campeggi - Accurate Reviews\",\"isPartOf\":{\"@id\":\"https:\\\/\\\/www.accuratereviews.com\\\/it\\\/#website\"},\"primaryImageOfPage\":{\"@id\":\"https:\\\/\\\/www.accuratereviews.com\\\/it\\\/software-per-campeggi\\\/rdpwin-recensione\\\/#primaryimage\"},\"image\":{\"@id\":\"https:\\\/\\\/www.accuratereviews.com\\\/it\\\/software-per-campeggi\\\/rdpwin-recensione\\\/#primaryimage\"},\"thumbnailUrl\":\"https:\\\/\\\/www.accuratereviews.com\\\/wp-content\\\/uploads\\\/2022\\\/08\\\/RdpWin.jpeg\",\"datePublished\":\"2022-08-01T10:32:46+00:00\",\"description\":\"RDPWin: recensione software di gestione della propriet\u00e0 che consente l'organizzazione di prenotazioni, canali GDS, informazioni sugli ospiti e molto altro.\",\"breadcrumb\":{\"@id\":\"https:\\\/\\\/www.accuratereviews.com\\\/it\\\/software-per-campeggi\\\/rdpwin-recensione\\\/#breadcrumb\"},\"inLanguage\":\"it-IT\",\"potentialAction\":[{\"@type\":\"ReadAction\",\"target\":[\"https:\\\/\\\/www.accuratereviews.com\\\/it\\\/software-per-campeggi\\\/rdpwin-recensione\\\/\"]}]},{\"@type\":\"ImageObject\",\"inLanguage\":\"it-IT\",\"@id\":\"https:\\\/\\\/www.accuratereviews.com\\\/it\\\/software-per-campeggi\\\/rdpwin-recensione\\\/#primaryimage\",\"url\":\"https:\\\/\\\/www.accuratereviews.com\\\/wp-content\\\/uploads\\\/2022\\\/08\\\/RdpWin.jpeg\",\"contentUrl\":\"https:\\\/\\\/www.accuratereviews.com\\\/wp-content\\\/uploads\\\/2022\\\/08\\\/RdpWin.jpeg\",\"width\":474,\"height\":474},{\"@type\":\"BreadcrumbList\",\"@id\":\"https:\\\/\\\/www.accuratereviews.com\\\/it\\\/software-per-campeggi\\\/rdpwin-recensione\\\/#breadcrumb\",\"itemListElement\":[{\"@type\":\"ListItem\",\"position\":1,\"name\":\"Home\",\"item\":\"https:\\\/\\\/www.accuratereviews.com\\\/it\\\/\"},{\"@type\":\"ListItem\",\"position\":2,\"name\":\"Software per campeggi\",\"item\":\"https:\\\/\\\/www.accuratereviews.com\\\/it\\\/software-per-campeggi\\\/\"},{\"@type\":\"ListItem\",\"position\":3,\"name\":\"RDPWin\"}]},{\"@type\":\"WebSite\",\"@id\":\"https:\\\/\\\/www.accuratereviews.com\\\/it\\\/#website\",\"url\":\"https:\\\/\\\/www.accuratereviews.com\\\/it\\\/\",\"name\":\"Accurate Reviews\",\"description\":\"\",\"potentialAction\":[{\"@type\":\"SearchAction\",\"target\":{\"@type\":\"EntryPoint\",\"urlTemplate\":\"https:\\\/\\\/www.accuratereviews.com\\\/it\\\/?s={search_term_string}\"},\"query-input\":{\"@type\":\"PropertyValueSpecification\",\"valueRequired\":true,\"valueName\":\"search_term_string\"}}],\"inLanguage\":\"it-IT\"}]}<\/script>\n<!-- \/ Yoast SEO plugin. -->","yoast_head_json":{"title":"RDPWin: recensione software per campeggi - Accurate Reviews","description":"RDPWin: recensione software di gestione della propriet\u00e0 che consente l'organizzazione di prenotazioni, canali GDS, informazioni sugli ospiti e molto altro.","robots":{"index":"index","follow":"follow","max-snippet":"max-snippet:-1","max-image-preview":"max-image-preview:large","max-video-preview":"max-video-preview:-1"},"canonical":"https:\/\/www.accuratereviews.com\/it\/software-per-campeggi\/rdpwin-recensione\/","og_locale":"it_IT","og_type":"article","og_title":"RDPWin: recensione software per campeggi - Accurate Reviews","og_description":"RDPWin: recensione software di gestione della propriet\u00e0 che consente l'organizzazione di prenotazioni, canali GDS, informazioni sugli ospiti e molto altro.","og_url":"https:\/\/www.accuratereviews.com\/it\/software-per-campeggi\/rdpwin-recensione\/","og_site_name":"Accurate Reviews","og_image":[{"width":474,"height":474,"url":"https:\/\/www.accuratereviews.com\/wp-content\/uploads\/2022\/08\/RdpWin.jpeg","type":"image\/jpeg"}],"twitter_card":"summary_large_image","twitter_misc":{"Tempo di lettura stimato":"3 minuti"},"schema":{"@context":"https:\/\/schema.org","@graph":[{"@type":"WebPage","@id":"https:\/\/www.accuratereviews.com\/it\/software-per-campeggi\/rdpwin-recensione\/","url":"https:\/\/www.accuratereviews.com\/it\/software-per-campeggi\/rdpwin-recensione\/","name":"RDPWin: recensione software per campeggi - Accurate Reviews","isPartOf":{"@id":"https:\/\/www.accuratereviews.com\/it\/#website"},"primaryImageOfPage":{"@id":"https:\/\/www.accuratereviews.com\/it\/software-per-campeggi\/rdpwin-recensione\/#primaryimage"},"image":{"@id":"https:\/\/www.accuratereviews.com\/it\/software-per-campeggi\/rdpwin-recensione\/#primaryimage"},"thumbnailUrl":"https:\/\/www.accuratereviews.com\/wp-content\/uploads\/2022\/08\/RdpWin.jpeg","datePublished":"2022-08-01T10:32:46+00:00","description":"RDPWin: recensione software di gestione della propriet\u00e0 che consente l'organizzazione di prenotazioni, canali GDS, informazioni sugli ospiti e molto altro.","breadcrumb":{"@id":"https:\/\/www.accuratereviews.com\/it\/software-per-campeggi\/rdpwin-recensione\/#breadcrumb"},"inLanguage":"it-IT","potentialAction":[{"@type":"ReadAction","target":["https:\/\/www.accuratereviews.com\/it\/software-per-campeggi\/rdpwin-recensione\/"]}]},{"@type":"ImageObject","inLanguage":"it-IT","@id":"https:\/\/www.accuratereviews.com\/it\/software-per-campeggi\/rdpwin-recensione\/#primaryimage","url":"https:\/\/www.accuratereviews.com\/wp-content\/uploads\/2022\/08\/RdpWin.jpeg","contentUrl":"https:\/\/www.accuratereviews.com\/wp-content\/uploads\/2022\/08\/RdpWin.jpeg","width":474,"height":474},{"@type":"BreadcrumbList","@id":"https:\/\/www.accuratereviews.com\/it\/software-per-campeggi\/rdpwin-recensione\/#breadcrumb","itemListElement":[{"@type":"ListItem","position":1,"name":"Home","item":"https:\/\/www.accuratereviews.com\/it\/"},{"@type":"ListItem","position":2,"name":"Software per campeggi","item":"https:\/\/www.accuratereviews.com\/it\/software-per-campeggi\/"},{"@type":"ListItem","position":3,"name":"RDPWin"}]},{"@type":"WebSite","@id":"https:\/\/www.accuratereviews.com\/it\/#website","url":"https:\/\/www.accuratereviews.com\/it\/","name":"Accurate Reviews","description":"","potentialAction":[{"@type":"SearchAction","target":{"@type":"EntryPoint","urlTemplate":"https:\/\/www.accuratereviews.com\/it\/?s={search_term_string}"},"query-input":{"@type":"PropertyValueSpecification","valueRequired":true,"valueName":"search_term_string"}}],"inLanguage":"it-IT"}]}},"_links":{"self":[{"href":"https:\/\/www.accuratereviews.com\/it\/wp-json\/wp\/v2\/pages\/60169","targetHints":{"allow":["GET"]}}],"collection":[{"href":"https:\/\/www.accuratereviews.com\/it\/wp-json\/wp\/v2\/pages"}],"about":[{"href":"https:\/\/www.accuratereviews.com\/it\/wp-json\/wp\/v2\/types\/page"}],"author":[{"embeddable":true,"href":"https:\/\/www.accuratereviews.com\/it\/wp-json\/wp\/v2\/users\/19"}],"replies":[{"embeddable":true,"href":"https:\/\/www.accuratereviews.com\/it\/wp-json\/wp\/v2\/comments?post=60169"}],"version-history":[{"count":13,"href":"https:\/\/www.accuratereviews.com\/it\/wp-json\/wp\/v2\/pages\/60169\/revisions"}],"predecessor-version":[{"id":60206,"href":"https:\/\/www.accuratereviews.com\/it\/wp-json\/wp\/v2\/pages\/60169\/revisions\/60206"}],"up":[{"embeddable":true,"href":"https:\/\/www.accuratereviews.com\/it\/wp-json\/wp\/v2\/pages\/59967"}],"wp:featuredmedia":[{"embeddable":true,"href":"https:\/\/www.accuratereviews.com\/it\/wp-json\/wp\/v2\/media\/60176"}],"wp:attachment":[{"href":"https:\/\/www.accuratereviews.com\/it\/wp-json\/wp\/v2\/media?parent=60169"}],"wp:term":[{"taxonomy":"category","embeddable":true,"href":"https:\/\/www.accuratereviews.com\/it\/wp-json\/wp\/v2\/categories?post=60169"},{"taxonomy":"post_tag","embeddable":true,"href":"https:\/\/www.accuratereviews.com\/it\/wp-json\/wp\/v2\/tags?post=60169"},{"taxonomy":"features","embeddable":true,"href":"https:\/\/www.accuratereviews.com\/it\/wp-json\/wp\/v2\/features?post=60169"}],"curies":[{"name":"wp","href":"https:\/\/api.w.org\/{rel}","templated":true}]}}