{"id":60185,"date":"2022-08-01T10:33:36","date_gmt":"2022-08-01T10:33:36","guid":{"rendered":"https:\/\/www.accuratereviews.com\/?page_id=60185"},"modified":"2022-08-01T10:33:36","modified_gmt":"2022-08-01T10:33:36","slug":"rezstream-recensione","status":"publish","type":"page","link":"https:\/\/www.accuratereviews.com\/it\/software-per-campeggi\/rezstream-recensione\/","title":{"rendered":"rezStream"},"content":{"rendered":"<p><strong>RezStream<\/strong> \u00e8 un <strong>software di gestione delle propriet\u00e0 alberghiere<\/strong> basato su <strong>cloud<\/strong> che offre agli utenti una soluzione intuitiva per aiutarli ad acquisire pi\u00f9 prenotazioni online e per semplificare il modo in cui amministrano le loro operazioni.\u00a0Questo software aiuta gli alberghi a gestire le loro operazioni quotidiane e ad aumentare le prenotazioni. Fornisce inoltre funzionalit\u00e0 come l&#8217;impostazione e la gestione delle tariffe, la pianificazione di email automatiche, i check-in contactless e la possibilit\u00e0 di connettersi a oltre 80 OTA con lo strumento channel manager.\u00a0La piattaforma \u00e8 stata progettata per imprese che utiizzano una combinazione di marketing digitale e software per supportare la propria attivit\u00e0.<\/p>\n<h2><strong>REZSTREAM &#8211; TUTORIAL<\/strong><\/h2>\n<p>Ecco come creare una campagna marketing mirata utilizzando questo <strong>software per campeggi<\/strong>:<\/p>\n<div id=\"fluid-wrapper-counter-1\" class=\"g1-fluid-wrapper \" style=\"width:686px;\">\n<div style=\"padding-bottom:56.268221574344%;\"><iframe loading=\"lazy\" title=\"Email Marketing Amid Covid-19\" width=\"686\" height=\"386\" src=\"https:\/\/www.youtube.com\/embed\/4QLh_2IO7J8?feature=oembed&amp;wmode=transparent&amp;autohide=1&amp;autoplay=0&amp;disablekb=0&amp;fs=1&amp;loop=0&amp;enablejsapi=1&amp;rel=0&amp;controls=2&amp;showinfo=0&amp;wmode=transparent&amp;autohide=2&amp;autoplay=0&amp;disablekb=0&amp;fs=1&amp;loop=0&amp;enablejsapi=1&amp;rel=0&amp;controls=2&amp;showinfo=1\" frameborder=\"0\" allow=\"accelerometer; autoplay; clipboard-write; encrypted-media; gyroscope; picture-in-picture\" allowfullscreen><\/iframe><\/div>\n<\/div>\n<h3><strong>REZSTREAM &#8211; CARATTERISTICHE<\/strong><\/h3>\n<ul>\n<li><strong>Semplifica le operazioni<\/strong>: promuovi il successo attraverso funzionalit\u00e0 intelligenti come un dashboard di propriet\u00e0, comunicazioni automatizzate con gli ospiti e connessioni ai canali<\/li>\n<li><strong>Cattura le prenotazioni dirette<\/strong>: aumenta le prenotazioni utilizzando visualizzazioni del calendario personalizzabili, promuovendo offerte speciali e altro ancora<\/li>\n<li><strong>Marketing<\/strong>: tattiche integrate che sono state perfezionate e hanno dimostrato di funzionare per aumentare le prenotazioni<\/li>\n<li><strong>Stupisci, convinci e converti<\/strong>.: sito web predisposto per motori di ricerca, accessibile ad ADA e di facile conversione per acquisire pi\u00f9 prenotazioni dirette<\/li>\n<li><strong>Resta in contatto su tutti i canali<\/strong>: esporta i dati dettagliati degli ospiti, comunica con gli utenti tramite email, blog e social media<\/li>\n<li><strong>Gestione della fedelt\u00e0 e della reputazione<\/strong>: converti gli ospiti occasionali in clienti fedeli.\u00a0Coltiva gli ospiti del passato con programmi fedelt\u00e0, social media e campagne email mirate<\/li>\n<\/ul>\n<h4>LE RECENSIONI DEGLI UTENTI<\/h4>\n<p class=\"fw-bold mb-2\"><strong>Kim&#8221;RezStream ci fa correre&#8221;<\/strong><\/p>\n<p><span class=\"fw-bold\"><strong>Commenti<\/strong>: <\/span>Usiamo RezStream da oltre 8 anni e lo troviamo un prodotto dinamico.<\/p>\n<p class=\"fw-bold mb-2\"><strong>Pro<\/strong>:\u00a0RezStream consente una facile interfaccia tra cliente e consumatore in ogni punto di contatto.<\/p>\n<p class=\"fw-bold mb-2\"><strong>Contro<\/strong>:\u00a0Vorrei poter consentire ai gruppi di prenotare pi\u00f9 facilmente senza che tutti ricreassero la ruota ogni volta.<\/p>\n<p class=\"fw-bold mb-2\"><strong>Alissa&#8221;Assolutamente il software per punti vendita pi\u00f9 semplice che abbia mai usato.&#8221;<\/strong><\/p>\n<p><span class=\"fw-bold\"><strong>Commenti<\/strong>: <\/span>Ha reso la mia transizione nel settore alberghiero dall&#8217;industria alimentare e delle bevande, senza soluzione di continuit\u00e0.<\/p>\n<p class=\"fw-bold mb-2\"><strong>Pro<\/strong>:\u00a0Il pi\u00f9 grande vantaggio per me \u00e8 che \u00e8 cos\u00ec facile da usare, ho passato pochissimo tempo a dover capire come navigare nel sistema.<\/p>\n<p class=\"fw-bold mb-2\"><strong>Contro<\/strong>:\u00a0Al momento non ho lamentele di sorta!<\/p>\n<p class=\"fw-bold mb-2\"><strong>Kyla&#8221;Ottima piattaforma basata su cloud che sta solo migliorando!&#8221;<\/strong><\/p>\n<p><span class=\"fw-bold\"><strong>Commenti<\/strong>: <\/span>RezStream \u00e8 stato con noi durante tutta la nostra configurazione e utilizzo. Pronto a fornire risposte, aiuto e conoscenza per migliorare il sistema per noi. Si sforzano di fornire il meglio e lavorano costantemente per darci nuove funzionalit\u00e0 e miglioramenti di cui sapevamo persino di aver bisogno.<\/p>\n<p class=\"fw-bold mb-2\"><strong>Pro<\/strong>:\u00a0Facilit\u00e0 di configurazione e utilizzo. Il servizio clienti \u00e8 di prim&#8217;ordine. L&#8217;azienda si prende il tempo necessario per ascoltare le esigenze dei propri clienti e lavorare diligentemente per aggiungere miglioramenti e nuove funzionalit\u00e0!<\/p>\n<p class=\"fw-bold mb-2\"><strong>Contro<\/strong>:\u00a0La nostra unica lamentela consiste nell&#8217;utilizzare l&#8217;elaborazione del pagamento con carta di credito tramite questa piattaforma basata su cloud: utilizzare Shift4 come gateway per l&#8217;account dei servizi commerciali. Shift4 non \u00e8 nemmeno vicino al livello di servizio clienti e alla facilit\u00e0 d&#8217;uso a cui sono abituati i clienti RezStream.<\/p>\n<div class=\"ps-4 my-4 py-3 border-start border-fog text-ash i18n-translation_vendor_container\" data-translation-id=\"2889212\" data-translation-vendor-target=\"original\" data-translation-callback=\"asyncReviewLoaded\">\n<h4 class=\"h5\"><\/h4>\n<\/div>\n","protected":false},"excerpt":{"rendered":"<p>RezStream \u00e8 un software di gestione delle propriet\u00e0 alberghiere basato su cloud che offre agli utenti una soluzione intuitiva per aiutarli ad acquisire pi\u00f9 prenotazioni online e per semplificare il modo in cui amministrano le loro operazioni.\u00a0Questo software aiuta gli alberghi a gestire le loro operazioni quotidiane e ad aumentare le prenotazioni.<\/p>\n","protected":false},"author":16,"featured_media":60186,"parent":59967,"menu_order":0,"comment_status":"open","ping_status":"closed","template":"g1_template_page_review_new.php","meta":{"_acf_changed":false,"cwp_meta_box_check":"No","cwp_rev_product_name":"","cwp_rev_product_image":"","wppr_links":[],"cwp_rev_price":"","wppr_options":[],"wppr_pros":[],"wppr_cons":[],"_monsterinsights_skip_tracking":false,"_monsterinsights_sitenote_active":false,"_monsterinsights_sitenote_note":"","_monsterinsights_sitenote_category":0,"footnotes":""},"categories":[13062],"tags":[13084,13083,13118,13064,13119],"features":[],"class_list":{"0":"post-60185","1":"page","2":"type-page","3":"status-publish","4":"has-post-thumbnail","6":"category-software-campeggi-cat","7":"tag-piattaforma-per-campeggi","8":"tag-programma-per-campeggi","9":"tag-rezstream","10":"tag-software-per-campeggi","11":"tag-soluzioni-per-campeggi"},"wppr_data":{"cwp_meta_box_check":"No"},"acf":[],"yoast_head":"<!-- This site is optimized with the Yoast SEO plugin v27.4 - https:\/\/yoast.com\/product\/yoast-seo-wordpress\/ -->\n<title>RezStream: recensione software per campeggi - Accurate Reviews<\/title>\n<meta name=\"description\" content=\"RezStream: recensione software di gestione delle propriet\u00e0 alberghiere basato su cloud che offre agli utenti una soluzione intuitiva e completa.\" \/>\n<meta name=\"robots\" content=\"index, follow, max-snippet:-1, max-image-preview:large, max-video-preview:-1\" \/>\n<link rel=\"canonical\" href=\"https:\/\/www.accuratereviews.com\/it\/software-per-campeggi\/rezstream-recensione\/\" \/>\n<meta property=\"og:locale\" content=\"it_IT\" \/>\n<meta property=\"og:type\" content=\"article\" \/>\n<meta property=\"og:title\" content=\"RezStream: recensione software per campeggi - Accurate Reviews\" \/>\n<meta property=\"og:description\" content=\"RezStream: recensione software di gestione delle propriet\u00e0 alberghiere basato su cloud che offre agli utenti una soluzione intuitiva e completa.\" \/>\n<meta property=\"og:url\" content=\"https:\/\/www.accuratereviews.com\/it\/software-per-campeggi\/rezstream-recensione\/\" \/>\n<meta property=\"og:site_name\" content=\"Accurate Reviews\" \/>\n<meta property=\"og:image\" content=\"https:\/\/www.accuratereviews.com\/wp-content\/uploads\/2022\/08\/rezStream.webp\" \/>\n\t<meta property=\"og:image:width\" content=\"256\" \/>\n\t<meta property=\"og:image:height\" content=\"256\" \/>\n\t<meta property=\"og:image:type\" content=\"image\/webp\" \/>\n<meta name=\"twitter:card\" content=\"summary_large_image\" \/>\n<meta name=\"twitter:label1\" content=\"Tempo di lettura stimato\" \/>\n\t<meta name=\"twitter:data1\" content=\"3 minuti\" \/>\n<script type=\"application\/ld+json\" class=\"yoast-schema-graph\">{\"@context\":\"https:\\\/\\\/schema.org\",\"@graph\":[{\"@type\":\"WebPage\",\"@id\":\"https:\\\/\\\/www.accuratereviews.com\\\/it\\\/software-per-campeggi\\\/rezstream-recensione\\\/\",\"url\":\"https:\\\/\\\/www.accuratereviews.com\\\/it\\\/software-per-campeggi\\\/rezstream-recensione\\\/\",\"name\":\"RezStream: recensione software per campeggi - Accurate Reviews\",\"isPartOf\":{\"@id\":\"https:\\\/\\\/www.accuratereviews.com\\\/it\\\/#website\"},\"primaryImageOfPage\":{\"@id\":\"https:\\\/\\\/www.accuratereviews.com\\\/it\\\/software-per-campeggi\\\/rezstream-recensione\\\/#primaryimage\"},\"image\":{\"@id\":\"https:\\\/\\\/www.accuratereviews.com\\\/it\\\/software-per-campeggi\\\/rezstream-recensione\\\/#primaryimage\"},\"thumbnailUrl\":\"https:\\\/\\\/www.accuratereviews.com\\\/wp-content\\\/uploads\\\/2022\\\/08\\\/rezStream.webp\",\"datePublished\":\"2022-08-01T10:33:36+00:00\",\"description\":\"RezStream: recensione software di gestione delle propriet\u00e0 alberghiere basato su cloud che offre agli utenti una soluzione intuitiva e completa.\",\"breadcrumb\":{\"@id\":\"https:\\\/\\\/www.accuratereviews.com\\\/it\\\/software-per-campeggi\\\/rezstream-recensione\\\/#breadcrumb\"},\"inLanguage\":\"it-IT\",\"potentialAction\":[{\"@type\":\"ReadAction\",\"target\":[\"https:\\\/\\\/www.accuratereviews.com\\\/it\\\/software-per-campeggi\\\/rezstream-recensione\\\/\"]}]},{\"@type\":\"ImageObject\",\"inLanguage\":\"it-IT\",\"@id\":\"https:\\\/\\\/www.accuratereviews.com\\\/it\\\/software-per-campeggi\\\/rezstream-recensione\\\/#primaryimage\",\"url\":\"https:\\\/\\\/www.accuratereviews.com\\\/wp-content\\\/uploads\\\/2022\\\/08\\\/rezStream.webp\",\"contentUrl\":\"https:\\\/\\\/www.accuratereviews.com\\\/wp-content\\\/uploads\\\/2022\\\/08\\\/rezStream.webp\",\"width\":256,\"height\":256},{\"@type\":\"BreadcrumbList\",\"@id\":\"https:\\\/\\\/www.accuratereviews.com\\\/it\\\/software-per-campeggi\\\/rezstream-recensione\\\/#breadcrumb\",\"itemListElement\":[{\"@type\":\"ListItem\",\"position\":1,\"name\":\"Home\",\"item\":\"https:\\\/\\\/www.accuratereviews.com\\\/it\\\/\"},{\"@type\":\"ListItem\",\"position\":2,\"name\":\"Software per campeggi\",\"item\":\"https:\\\/\\\/www.accuratereviews.com\\\/it\\\/software-per-campeggi\\\/\"},{\"@type\":\"ListItem\",\"position\":3,\"name\":\"rezStream\"}]},{\"@type\":\"WebSite\",\"@id\":\"https:\\\/\\\/www.accuratereviews.com\\\/it\\\/#website\",\"url\":\"https:\\\/\\\/www.accuratereviews.com\\\/it\\\/\",\"name\":\"Accurate Reviews\",\"description\":\"\",\"potentialAction\":[{\"@type\":\"SearchAction\",\"target\":{\"@type\":\"EntryPoint\",\"urlTemplate\":\"https:\\\/\\\/www.accuratereviews.com\\\/it\\\/?s={search_term_string}\"},\"query-input\":{\"@type\":\"PropertyValueSpecification\",\"valueRequired\":true,\"valueName\":\"search_term_string\"}}],\"inLanguage\":\"it-IT\"}]}<\/script>\n<!-- \/ Yoast SEO plugin. -->","yoast_head_json":{"title":"RezStream: recensione software per campeggi - Accurate Reviews","description":"RezStream: recensione software di gestione delle propriet\u00e0 alberghiere basato su cloud che offre agli utenti una soluzione intuitiva e completa.","robots":{"index":"index","follow":"follow","max-snippet":"max-snippet:-1","max-image-preview":"max-image-preview:large","max-video-preview":"max-video-preview:-1"},"canonical":"https:\/\/www.accuratereviews.com\/it\/software-per-campeggi\/rezstream-recensione\/","og_locale":"it_IT","og_type":"article","og_title":"RezStream: recensione software per campeggi - Accurate Reviews","og_description":"RezStream: recensione software di gestione delle propriet\u00e0 alberghiere basato su cloud che offre agli utenti una soluzione intuitiva e completa.","og_url":"https:\/\/www.accuratereviews.com\/it\/software-per-campeggi\/rezstream-recensione\/","og_site_name":"Accurate Reviews","og_image":[{"width":256,"height":256,"url":"https:\/\/www.accuratereviews.com\/wp-content\/uploads\/2022\/08\/rezStream.webp","type":"image\/webp"}],"twitter_card":"summary_large_image","twitter_misc":{"Tempo di lettura stimato":"3 minuti"},"schema":{"@context":"https:\/\/schema.org","@graph":[{"@type":"WebPage","@id":"https:\/\/www.accuratereviews.com\/it\/software-per-campeggi\/rezstream-recensione\/","url":"https:\/\/www.accuratereviews.com\/it\/software-per-campeggi\/rezstream-recensione\/","name":"RezStream: recensione software per campeggi - Accurate Reviews","isPartOf":{"@id":"https:\/\/www.accuratereviews.com\/it\/#website"},"primaryImageOfPage":{"@id":"https:\/\/www.accuratereviews.com\/it\/software-per-campeggi\/rezstream-recensione\/#primaryimage"},"image":{"@id":"https:\/\/www.accuratereviews.com\/it\/software-per-campeggi\/rezstream-recensione\/#primaryimage"},"thumbnailUrl":"https:\/\/www.accuratereviews.com\/wp-content\/uploads\/2022\/08\/rezStream.webp","datePublished":"2022-08-01T10:33:36+00:00","description":"RezStream: recensione software di gestione delle propriet\u00e0 alberghiere basato su cloud che offre agli utenti una soluzione intuitiva e completa.","breadcrumb":{"@id":"https:\/\/www.accuratereviews.com\/it\/software-per-campeggi\/rezstream-recensione\/#breadcrumb"},"inLanguage":"it-IT","potentialAction":[{"@type":"ReadAction","target":["https:\/\/www.accuratereviews.com\/it\/software-per-campeggi\/rezstream-recensione\/"]}]},{"@type":"ImageObject","inLanguage":"it-IT","@id":"https:\/\/www.accuratereviews.com\/it\/software-per-campeggi\/rezstream-recensione\/#primaryimage","url":"https:\/\/www.accuratereviews.com\/wp-content\/uploads\/2022\/08\/rezStream.webp","contentUrl":"https:\/\/www.accuratereviews.com\/wp-content\/uploads\/2022\/08\/rezStream.webp","width":256,"height":256},{"@type":"BreadcrumbList","@id":"https:\/\/www.accuratereviews.com\/it\/software-per-campeggi\/rezstream-recensione\/#breadcrumb","itemListElement":[{"@type":"ListItem","position":1,"name":"Home","item":"https:\/\/www.accuratereviews.com\/it\/"},{"@type":"ListItem","position":2,"name":"Software per campeggi","item":"https:\/\/www.accuratereviews.com\/it\/software-per-campeggi\/"},{"@type":"ListItem","position":3,"name":"rezStream"}]},{"@type":"WebSite","@id":"https:\/\/www.accuratereviews.com\/it\/#website","url":"https:\/\/www.accuratereviews.com\/it\/","name":"Accurate Reviews","description":"","potentialAction":[{"@type":"SearchAction","target":{"@type":"EntryPoint","urlTemplate":"https:\/\/www.accuratereviews.com\/it\/?s={search_term_string}"},"query-input":{"@type":"PropertyValueSpecification","valueRequired":true,"valueName":"search_term_string"}}],"inLanguage":"it-IT"}]}},"_links":{"self":[{"href":"https:\/\/www.accuratereviews.com\/it\/wp-json\/wp\/v2\/pages\/60185","targetHints":{"allow":["GET"]}}],"collection":[{"href":"https:\/\/www.accuratereviews.com\/it\/wp-json\/wp\/v2\/pages"}],"about":[{"href":"https:\/\/www.accuratereviews.com\/it\/wp-json\/wp\/v2\/types\/page"}],"author":[{"embeddable":true,"href":"https:\/\/www.accuratereviews.com\/it\/wp-json\/wp\/v2\/users\/16"}],"replies":[{"embeddable":true,"href":"https:\/\/www.accuratereviews.com\/it\/wp-json\/wp\/v2\/comments?post=60185"}],"version-history":[{"count":7,"href":"https:\/\/www.accuratereviews.com\/it\/wp-json\/wp\/v2\/pages\/60185\/revisions"}],"predecessor-version":[{"id":60208,"href":"https:\/\/www.accuratereviews.com\/it\/wp-json\/wp\/v2\/pages\/60185\/revisions\/60208"}],"up":[{"embeddable":true,"href":"https:\/\/www.accuratereviews.com\/it\/wp-json\/wp\/v2\/pages\/59967"}],"wp:featuredmedia":[{"embeddable":true,"href":"https:\/\/www.accuratereviews.com\/it\/wp-json\/wp\/v2\/media\/60186"}],"wp:attachment":[{"href":"https:\/\/www.accuratereviews.com\/it\/wp-json\/wp\/v2\/media?parent=60185"}],"wp:term":[{"taxonomy":"category","embeddable":true,"href":"https:\/\/www.accuratereviews.com\/it\/wp-json\/wp\/v2\/categories?post=60185"},{"taxonomy":"post_tag","embeddable":true,"href":"https:\/\/www.accuratereviews.com\/it\/wp-json\/wp\/v2\/tags?post=60185"},{"taxonomy":"features","embeddable":true,"href":"https:\/\/www.accuratereviews.com\/it\/wp-json\/wp\/v2\/features?post=60185"}],"curies":[{"name":"wp","href":"https:\/\/api.w.org\/{rel}","templated":true}]}}