{"id":60194,"date":"2022-08-01T11:10:33","date_gmt":"2022-08-01T11:10:33","guid":{"rendered":"https:\/\/www.accuratereviews.com\/?page_id=60194"},"modified":"2022-08-04T08:59:58","modified_gmt":"2022-08-04T08:59:58","slug":"liverez-recensione","status":"publish","type":"page","link":"https:\/\/www.accuratereviews.com\/it\/software-per-campeggi\/liverez-recensione\/","title":{"rendered":"LiveRez"},"content":{"rendered":"<p><strong>LiveRez<\/strong> \u00e8 un <strong>software gestionale per campeggi<\/strong>, case vacanze e strutture alberghiere che consente ai proprietari di offrire un&#8217;esperienza di viaggio positiva ai propri clienti. Infatti questo programma si occupa di tutto: dalle prenotazioni, alla gestione dei contatti, alla contabilit\u00e0, alle integrazioni all&#8217;assistenza tecnica. In questo modo avrai sempre tutto sotto controllo.<br \/>\nCon <strong>LiveRez<\/strong> puoi creare un sito web caratterizzato da un branding coerente e unico per la tua attivit\u00e0, in grado di convertire i lead in clienti.<\/p>\n<h2>LIVEREZ &#8211; TUTORIAL<\/h2>\n<div id=\"fluid-wrapper-counter-1\" class=\"g1-fluid-wrapper \" style=\"width:686px;\">\n<div style=\"padding-bottom:56.268221574344%;\"><iframe loading=\"lazy\" title=\"Vacation Rental Software - All in One Solution!\" width=\"686\" height=\"386\" src=\"https:\/\/www.youtube.com\/embed\/1EtZje9fPUg?list=PLlBr3YdWDYjR8LMsgiq6PtZbqiWKe19S7\" frameborder=\"0\" allow=\"accelerometer; autoplay; clipboard-write; encrypted-media; gyroscope; picture-in-picture\" allowfullscreen><\/iframe><\/div>\n<\/div>\n<h3>LIVEREZ &#8211; CARATTERISTICHE<\/h3>\n<ul>\n<li>API e integrazioni<\/li>\n<li>Gestione dei canali<\/li>\n<li>CRM e gestione dei contatti<\/li>\n<li>Firma elettronica<\/li>\n<li>Assistenza tecnica<\/li>\n<li>Formazione e istruzione continua<\/li>\n<li>Software di contabilit\u00e0 fiduciaria<\/li>\n<li>Design del sito web<\/li>\n<li>Integrazione iCal<\/li>\n<li>Implementazione<\/li>\n<li>Agenzie di viaggio online<\/li>\n<li>Gestione delle operazioni<\/li>\n<li>Sistema di gestione delle prenotazioni<\/li>\n<\/ul>\n<h4>LE RECENSIONI DEGLI UTENTI<\/h4>\n<div class=\"lmt__textarea_container\">\n<div id=\"targetHighlightTooltipPortal\">\n<p><strong>Matthew &#8220;Grandi persone, grande software&#8221;<\/strong><br \/>\nPRO: le persone dietro il software sono ci\u00f2 che lo rende cos\u00ec prezioso. Se abbiamo bisogno di aiuto per qualcosa, sono solo a una telefonata o a un&#8217;email di distanza. Mi rispondono sempre il giorno stesso. Adoro questo tipo di supporto.<br \/>\nCONTRO: le esigenze della nostra azienda cambiano in continuazione, stare al passo con questi cambiamenti \u00e8 difficile e a volte richiede pi\u00f9 tempo di quanto vorrei. So che gli sviluppatori del software stanno lavorando sodo per implementare i cambiamenti.<\/p>\n<p><strong>Brian: &#8220;Ci sentiamo partner di LiveRez&#8221;.<\/strong><br \/>\nCOMMENTI: con Live Rez \u00e8 sempre stato facile lavorare e con il nuovo team lo \u00e8 ancora di pi\u00f9.<br \/>\nPRO: la cosa che mi piace di pi\u00f9 del software \u00e8 il fatto che si tratta di una vera e propria partnership. Lavorano sempre con noi per apportare miglioramenti e nuove funzionalit\u00e0.<br \/>\nCONTRO: hanno attraversato un periodo difficile, non avrebbero mai comprato IQ, ma sembra che tutto sia tornato in carreggiata e stia andando bene.<\/p>\n<p><strong>Kimber &#8220;Solterra Vacation Rentals a Tucson, AZ naviga insieme a LiveRez&#8221;<\/strong><br \/>\nCOMMENTI: l&#8217;esperienza complessiva \u00e8 stata piacevole.<br \/>\nPRO: ci piace la facilit\u00e0 d&#8217;uso e le funzioni integrate.<br \/>\nCONTRO: non vediamo alcun contro. Utilizziamo con piacere il software da molti anni.<\/p>\n<\/div>\n<div class=\"lmt__formalitySwitch_feedback_container\"><\/div>\n<\/div>\n","protected":false},"excerpt":{"rendered":"<p>LiveRez \u00e8 un software gestionale per campeggi, case vacanze e strutture alberghiere che consente ai proprietari di offrire un&#8217;esperienza di viaggio positiva ai propri clienti. Infatti questo programma si occupa di tutto: dalle prenotazioni, alla gestione dei contatti, alla contabilit\u00e0, alle integrazioni all&#8217;assistenza tecnica. In questo modo avrai sempre tutto sotto controllo!<\/p>\n","protected":false},"author":17,"featured_media":60195,"parent":59967,"menu_order":0,"comment_status":"open","ping_status":"closed","template":"g1_template_page_review_new.php","meta":{"_acf_changed":false,"cwp_meta_box_check":"No","cwp_rev_product_name":"","cwp_rev_product_image":"","wppr_links":[],"cwp_rev_price":"","wppr_options":[],"wppr_pros":[],"wppr_cons":[],"_monsterinsights_skip_tracking":false,"_monsterinsights_sitenote_active":false,"_monsterinsights_sitenote_note":"","_monsterinsights_sitenote_category":0,"footnotes":""},"categories":[13062],"tags":[13067,13068,13066,13065,13119],"features":[],"class_list":{"0":"post-60194","1":"page","2":"type-page","3":"status-publish","4":"has-post-thumbnail","6":"category-software-campeggi-cat","7":"tag-app-per-campeggi","8":"tag-gestionale-per-campeggi","9":"tag-piattaforme-per-campeggi","10":"tag-programmi-per-campeggi","11":"tag-soluzioni-per-campeggi"},"wppr_data":{"cwp_meta_box_check":"No"},"acf":[],"yoast_head":"<!-- This site is optimized with the Yoast SEO plugin v27.4 - https:\/\/yoast.com\/product\/yoast-seo-wordpress\/ -->\n<title>LiveRez: recensione software gestionale campeggi - Accurate Reviews<\/title>\n<meta name=\"description\" content=\"LiveRez: recensione del potente software gestionale per campeggi, case vacanze e strutture alberghiere. Scopri di pi\u00f9.\" \/>\n<meta name=\"robots\" content=\"index, follow, max-snippet:-1, max-image-preview:large, max-video-preview:-1\" \/>\n<link rel=\"canonical\" href=\"https:\/\/www.accuratereviews.com\/it\/software-per-campeggi\/liverez-recensione\/\" \/>\n<meta property=\"og:locale\" content=\"it_IT\" \/>\n<meta property=\"og:type\" content=\"article\" \/>\n<meta property=\"og:title\" content=\"LiveRez: recensione software gestionale campeggi - Accurate Reviews\" \/>\n<meta property=\"og:description\" content=\"LiveRez: recensione del potente software gestionale per campeggi, case vacanze e strutture alberghiere. Scopri di pi\u00f9.\" \/>\n<meta property=\"og:url\" content=\"https:\/\/www.accuratereviews.com\/it\/software-per-campeggi\/liverez-recensione\/\" \/>\n<meta property=\"og:site_name\" content=\"Accurate Reviews\" \/>\n<meta property=\"article:modified_time\" content=\"2022-08-04T08:59:58+00:00\" \/>\n<meta property=\"og:image\" content=\"https:\/\/www.accuratereviews.com\/wp-content\/uploads\/2022\/08\/Unknown.png\" \/>\n\t<meta property=\"og:image:width\" content=\"1118\" \/>\n\t<meta property=\"og:image:height\" content=\"200\" \/>\n\t<meta property=\"og:image:type\" content=\"image\/png\" \/>\n<meta name=\"twitter:card\" content=\"summary_large_image\" \/>\n<meta name=\"twitter:label1\" content=\"Tempo di lettura stimato\" \/>\n\t<meta name=\"twitter:data1\" content=\"2 minuti\" \/>\n<script type=\"application\/ld+json\" class=\"yoast-schema-graph\">{\"@context\":\"https:\\\/\\\/schema.org\",\"@graph\":[{\"@type\":\"WebPage\",\"@id\":\"https:\\\/\\\/www.accuratereviews.com\\\/it\\\/software-per-campeggi\\\/liverez-recensione\\\/\",\"url\":\"https:\\\/\\\/www.accuratereviews.com\\\/it\\\/software-per-campeggi\\\/liverez-recensione\\\/\",\"name\":\"LiveRez: recensione software gestionale campeggi - Accurate Reviews\",\"isPartOf\":{\"@id\":\"https:\\\/\\\/www.accuratereviews.com\\\/it\\\/#website\"},\"primaryImageOfPage\":{\"@id\":\"https:\\\/\\\/www.accuratereviews.com\\\/it\\\/software-per-campeggi\\\/liverez-recensione\\\/#primaryimage\"},\"image\":{\"@id\":\"https:\\\/\\\/www.accuratereviews.com\\\/it\\\/software-per-campeggi\\\/liverez-recensione\\\/#primaryimage\"},\"thumbnailUrl\":\"https:\\\/\\\/www.accuratereviews.com\\\/wp-content\\\/uploads\\\/2022\\\/08\\\/Unknown.png\",\"datePublished\":\"2022-08-01T11:10:33+00:00\",\"dateModified\":\"2022-08-04T08:59:58+00:00\",\"description\":\"LiveRez: recensione del potente software gestionale per campeggi, case vacanze e strutture alberghiere. Scopri di pi\u00f9.\",\"breadcrumb\":{\"@id\":\"https:\\\/\\\/www.accuratereviews.com\\\/it\\\/software-per-campeggi\\\/liverez-recensione\\\/#breadcrumb\"},\"inLanguage\":\"it-IT\",\"potentialAction\":[{\"@type\":\"ReadAction\",\"target\":[\"https:\\\/\\\/www.accuratereviews.com\\\/it\\\/software-per-campeggi\\\/liverez-recensione\\\/\"]}]},{\"@type\":\"ImageObject\",\"inLanguage\":\"it-IT\",\"@id\":\"https:\\\/\\\/www.accuratereviews.com\\\/it\\\/software-per-campeggi\\\/liverez-recensione\\\/#primaryimage\",\"url\":\"https:\\\/\\\/www.accuratereviews.com\\\/wp-content\\\/uploads\\\/2022\\\/08\\\/Unknown.png\",\"contentUrl\":\"https:\\\/\\\/www.accuratereviews.com\\\/wp-content\\\/uploads\\\/2022\\\/08\\\/Unknown.png\",\"width\":1118,\"height\":200},{\"@type\":\"BreadcrumbList\",\"@id\":\"https:\\\/\\\/www.accuratereviews.com\\\/it\\\/software-per-campeggi\\\/liverez-recensione\\\/#breadcrumb\",\"itemListElement\":[{\"@type\":\"ListItem\",\"position\":1,\"name\":\"Home\",\"item\":\"https:\\\/\\\/www.accuratereviews.com\\\/it\\\/\"},{\"@type\":\"ListItem\",\"position\":2,\"name\":\"Software per campeggi\",\"item\":\"https:\\\/\\\/www.accuratereviews.com\\\/it\\\/software-per-campeggi\\\/\"},{\"@type\":\"ListItem\",\"position\":3,\"name\":\"LiveRez\"}]},{\"@type\":\"WebSite\",\"@id\":\"https:\\\/\\\/www.accuratereviews.com\\\/it\\\/#website\",\"url\":\"https:\\\/\\\/www.accuratereviews.com\\\/it\\\/\",\"name\":\"Accurate Reviews\",\"description\":\"\",\"potentialAction\":[{\"@type\":\"SearchAction\",\"target\":{\"@type\":\"EntryPoint\",\"urlTemplate\":\"https:\\\/\\\/www.accuratereviews.com\\\/it\\\/?s={search_term_string}\"},\"query-input\":{\"@type\":\"PropertyValueSpecification\",\"valueRequired\":true,\"valueName\":\"search_term_string\"}}],\"inLanguage\":\"it-IT\"}]}<\/script>\n<!-- \/ Yoast SEO plugin. -->","yoast_head_json":{"title":"LiveRez: recensione software gestionale campeggi - Accurate Reviews","description":"LiveRez: recensione del potente software gestionale per campeggi, case vacanze e strutture alberghiere. Scopri di pi\u00f9.","robots":{"index":"index","follow":"follow","max-snippet":"max-snippet:-1","max-image-preview":"max-image-preview:large","max-video-preview":"max-video-preview:-1"},"canonical":"https:\/\/www.accuratereviews.com\/it\/software-per-campeggi\/liverez-recensione\/","og_locale":"it_IT","og_type":"article","og_title":"LiveRez: recensione software gestionale campeggi - Accurate Reviews","og_description":"LiveRez: recensione del potente software gestionale per campeggi, case vacanze e strutture alberghiere. Scopri di pi\u00f9.","og_url":"https:\/\/www.accuratereviews.com\/it\/software-per-campeggi\/liverez-recensione\/","og_site_name":"Accurate Reviews","article_modified_time":"2022-08-04T08:59:58+00:00","og_image":[{"width":1118,"height":200,"url":"https:\/\/www.accuratereviews.com\/wp-content\/uploads\/2022\/08\/Unknown.png","type":"image\/png"}],"twitter_card":"summary_large_image","twitter_misc":{"Tempo di lettura stimato":"2 minuti"},"schema":{"@context":"https:\/\/schema.org","@graph":[{"@type":"WebPage","@id":"https:\/\/www.accuratereviews.com\/it\/software-per-campeggi\/liverez-recensione\/","url":"https:\/\/www.accuratereviews.com\/it\/software-per-campeggi\/liverez-recensione\/","name":"LiveRez: recensione software gestionale campeggi - Accurate Reviews","isPartOf":{"@id":"https:\/\/www.accuratereviews.com\/it\/#website"},"primaryImageOfPage":{"@id":"https:\/\/www.accuratereviews.com\/it\/software-per-campeggi\/liverez-recensione\/#primaryimage"},"image":{"@id":"https:\/\/www.accuratereviews.com\/it\/software-per-campeggi\/liverez-recensione\/#primaryimage"},"thumbnailUrl":"https:\/\/www.accuratereviews.com\/wp-content\/uploads\/2022\/08\/Unknown.png","datePublished":"2022-08-01T11:10:33+00:00","dateModified":"2022-08-04T08:59:58+00:00","description":"LiveRez: recensione del potente software gestionale per campeggi, case vacanze e strutture alberghiere. Scopri di pi\u00f9.","breadcrumb":{"@id":"https:\/\/www.accuratereviews.com\/it\/software-per-campeggi\/liverez-recensione\/#breadcrumb"},"inLanguage":"it-IT","potentialAction":[{"@type":"ReadAction","target":["https:\/\/www.accuratereviews.com\/it\/software-per-campeggi\/liverez-recensione\/"]}]},{"@type":"ImageObject","inLanguage":"it-IT","@id":"https:\/\/www.accuratereviews.com\/it\/software-per-campeggi\/liverez-recensione\/#primaryimage","url":"https:\/\/www.accuratereviews.com\/wp-content\/uploads\/2022\/08\/Unknown.png","contentUrl":"https:\/\/www.accuratereviews.com\/wp-content\/uploads\/2022\/08\/Unknown.png","width":1118,"height":200},{"@type":"BreadcrumbList","@id":"https:\/\/www.accuratereviews.com\/it\/software-per-campeggi\/liverez-recensione\/#breadcrumb","itemListElement":[{"@type":"ListItem","position":1,"name":"Home","item":"https:\/\/www.accuratereviews.com\/it\/"},{"@type":"ListItem","position":2,"name":"Software per campeggi","item":"https:\/\/www.accuratereviews.com\/it\/software-per-campeggi\/"},{"@type":"ListItem","position":3,"name":"LiveRez"}]},{"@type":"WebSite","@id":"https:\/\/www.accuratereviews.com\/it\/#website","url":"https:\/\/www.accuratereviews.com\/it\/","name":"Accurate Reviews","description":"","potentialAction":[{"@type":"SearchAction","target":{"@type":"EntryPoint","urlTemplate":"https:\/\/www.accuratereviews.com\/it\/?s={search_term_string}"},"query-input":{"@type":"PropertyValueSpecification","valueRequired":true,"valueName":"search_term_string"}}],"inLanguage":"it-IT"}]}},"_links":{"self":[{"href":"https:\/\/www.accuratereviews.com\/it\/wp-json\/wp\/v2\/pages\/60194","targetHints":{"allow":["GET"]}}],"collection":[{"href":"https:\/\/www.accuratereviews.com\/it\/wp-json\/wp\/v2\/pages"}],"about":[{"href":"https:\/\/www.accuratereviews.com\/it\/wp-json\/wp\/v2\/types\/page"}],"author":[{"embeddable":true,"href":"https:\/\/www.accuratereviews.com\/it\/wp-json\/wp\/v2\/users\/17"}],"replies":[{"embeddable":true,"href":"https:\/\/www.accuratereviews.com\/it\/wp-json\/wp\/v2\/comments?post=60194"}],"version-history":[{"count":7,"href":"https:\/\/www.accuratereviews.com\/it\/wp-json\/wp\/v2\/pages\/60194\/revisions"}],"predecessor-version":[{"id":60328,"href":"https:\/\/www.accuratereviews.com\/it\/wp-json\/wp\/v2\/pages\/60194\/revisions\/60328"}],"up":[{"embeddable":true,"href":"https:\/\/www.accuratereviews.com\/it\/wp-json\/wp\/v2\/pages\/59967"}],"wp:featuredmedia":[{"embeddable":true,"href":"https:\/\/www.accuratereviews.com\/it\/wp-json\/wp\/v2\/media\/60195"}],"wp:attachment":[{"href":"https:\/\/www.accuratereviews.com\/it\/wp-json\/wp\/v2\/media?parent=60194"}],"wp:term":[{"taxonomy":"category","embeddable":true,"href":"https:\/\/www.accuratereviews.com\/it\/wp-json\/wp\/v2\/categories?post=60194"},{"taxonomy":"post_tag","embeddable":true,"href":"https:\/\/www.accuratereviews.com\/it\/wp-json\/wp\/v2\/tags?post=60194"},{"taxonomy":"features","embeddable":true,"href":"https:\/\/www.accuratereviews.com\/it\/wp-json\/wp\/v2\/features?post=60194"}],"curies":[{"name":"wp","href":"https:\/\/api.w.org\/{rel}","templated":true}]}}