{"id":6020,"date":"2016-10-25T10:23:27","date_gmt":"2016-10-25T10:23:27","guid":{"rendered":"http:\/\/www.accuratereviews.com\/it\/client-di-posta-i-migliori-software-lista\/nylas-n1\/"},"modified":"2021-04-16T20:46:06","modified_gmt":"2021-04-16T20:46:06","slug":"nylas-n1","status":"publish","type":"page","link":"https:\/\/www.accuratereviews.com\/it\/client-di-posta\/nylas-n1\/","title":{"rendered":"Nylas N1"},"content":{"rendered":"<div id=\"attachment_4833\" style=\"width: 1146px\" class=\"wp-caption alignright\"><img loading=\"lazy\" decoding=\"async\" aria-describedby=\"caption-attachment-4833\" class=\"size-full wp-image-4833\" src=\"http:\/\/www.accuratereviews.com\/wp-content\/uploads\/2016\/06\/nylasn1.png\" alt=\"Yes, maybe its interface is very classic: but it's done with taste and cleanness.\" width=\"1136\" height=\"823\" srcset=\"https:\/\/www.accuratereviews.com\/wp-content\/uploads\/2016\/06\/nylasn1.png 1136w, https:\/\/www.accuratereviews.com\/wp-content\/uploads\/2016\/06\/nylasn1-300x217.png 300w, https:\/\/www.accuratereviews.com\/wp-content\/uploads\/2016\/06\/nylasn1-768x556.png 768w, https:\/\/www.accuratereviews.com\/wp-content\/uploads\/2016\/06\/nylasn1-1024x742.png 1024w, https:\/\/www.accuratereviews.com\/wp-content\/uploads\/2016\/06\/nylasn1-173x125.png 173w, https:\/\/www.accuratereviews.com\/wp-content\/uploads\/2016\/06\/nylasn1-50x36.png 50w, https:\/\/www.accuratereviews.com\/wp-content\/uploads\/2016\/06\/nylasn1-968x701.png 968w, https:\/\/www.accuratereviews.com\/wp-content\/uploads\/2016\/06\/nylasn1-636x461.png 636w, https:\/\/www.accuratereviews.com\/wp-content\/uploads\/2016\/06\/nylasn1-320x232.png 320w, https:\/\/www.accuratereviews.com\/wp-content\/uploads\/2016\/06\/nylasn1-239x173.png 239w\" sizes=\"auto, (max-width: 1136px) 100vw, 1136px\" \/><p id=\"caption-attachment-4833\" class=\"wp-caption-text\">S\u00ec, forse la sua interfaccia ha un gusto classico: ma \u00e8 semplice, chiara, fatta bene.<\/p><\/div>\n<p><strong>Nylas N1 \u00e8 un client di posta elettronica gratuito per macOS<\/strong>. Dotato di numerose funzionalit\u00e0 dedicate alla produttivit\u00e0, diventa una soluzione ideale nel caso in cui si debbano gestire attivit\u00e0 e to-do insieme alle classiche comunicazioni via posta elettronica. <strong>Gli sviluppatori di Nylas N1 sostengono sia possibile fare a meno degli add-on per broser e concentrare tutte le attivit\u00e0 in questo client di posta<\/strong>.<\/p>\n<p>L\u2019interfaccia del client non \u00e8 disponibile in lingua italiana. Per una recensione di Nylas N1 pi\u00f9 dettagliata <a href=\"https:\/\/www.accuratereviews.com\/email-client\/nylas-n1\/\" title=\"vi rimandiamo a quella inglese\">vi rimandiamo a quella inglese<\/a>.<\/p>\n","protected":false},"excerpt":{"rendered":"<p>Nylas N1 \u00e8 un client di posta elettronica gratuito per Mac OS X. Dotato di numerose funzionalit\u00e0 dedicate alla produttivit\u00e0, diventa una soluzione ideale nel caso in cui si debbano gestire attivit\u00e0 e to-do insieme alle classiche comunicazioni via posta elettronica.<\/p>\n","protected":false},"author":16,"featured_media":0,"parent":5913,"menu_order":1,"comment_status":"closed","ping_status":"closed","template":"g1_template_page_review_new.php","meta":{"_acf_changed":false,"cwp_meta_box_check":"Yes","cwp_rev_product_name":"","cwp_rev_product_image":"","wppr_links":[],"cwp_rev_price":"","wppr_options":[],"wppr_pros":[],"wppr_cons":[],"_monsterinsights_skip_tracking":false,"_monsterinsights_sitenote_active":false,"_monsterinsights_sitenote_note":"","_monsterinsights_sitenote_category":0,"footnotes":""},"categories":[119,5676],"tags":[],"features":[],"class_list":{"0":"post-6020","1":"page","2":"type-page","3":"status-publish","5":"category-i-migliori-client-di-posta","6":"category-client-di-posta-per-linux-categoria"},"wppr_data":{"cwp_meta_box_check":"Yes","cwp_rev_product_name":"","cwp_rev_product_image":"","cwp_image_link":"image","cwp_rev_price":"","wppr_rating":"0.00"},"acf":[],"yoast_head":"<!-- This site is optimized with the Yoast SEO plugin v27.4 - https:\/\/yoast.com\/product\/yoast-seo-wordpress\/ -->\n<title>Nylas N1 recensione miglior client di posta per Mac | Accurate Reviews<\/title>\n<meta name=\"description\" content=\"Nylas N1 \u00e8 un client di posta elettronica gratuito per Mac OS X, dotato di numerose funzionalit\u00e0 dedicate alla produttivit\u00e0.\" \/>\n<meta name=\"robots\" content=\"index, follow, max-snippet:-1, max-image-preview:large, max-video-preview:-1\" \/>\n<link rel=\"canonical\" href=\"https:\/\/www.accuratereviews.com\/it\/client-di-posta\/nylas-n1\/\" \/>\n<meta property=\"og:locale\" content=\"it_IT\" \/>\n<meta property=\"og:type\" content=\"article\" \/>\n<meta property=\"og:title\" content=\"Nylas N1 recensione miglior client di posta per Mac | Accurate Reviews\" \/>\n<meta property=\"og:description\" content=\"Nylas N1 \u00e8 un client di posta elettronica gratuito per Mac OS X, dotato di numerose funzionalit\u00e0 dedicate alla produttivit\u00e0.\" \/>\n<meta property=\"og:url\" content=\"https:\/\/www.accuratereviews.com\/it\/client-di-posta\/nylas-n1\/\" \/>\n<meta property=\"og:site_name\" content=\"Accurate Reviews\" \/>\n<meta property=\"article:modified_time\" content=\"2021-04-16T20:46:06+00:00\" \/>\n<meta property=\"og:image\" content=\"http:\/\/www.accuratereviews.com\/wp-content\/uploads\/2016\/06\/nylasn1.png\" \/>\n<meta name=\"twitter:card\" content=\"summary_large_image\" \/>\n<meta name=\"twitter:label1\" content=\"Tempo di lettura stimato\" \/>\n\t<meta name=\"twitter:data1\" content=\"1 minuto\" \/>\n<script type=\"application\/ld+json\" class=\"yoast-schema-graph\">{\"@context\":\"https:\\\/\\\/schema.org\",\"@graph\":[{\"@type\":\"WebPage\",\"@id\":\"https:\\\/\\\/www.accuratereviews.com\\\/it\\\/client-di-posta\\\/nylas-n1\\\/\",\"url\":\"https:\\\/\\\/www.accuratereviews.com\\\/it\\\/client-di-posta\\\/nylas-n1\\\/\",\"name\":\"Nylas N1 recensione miglior client di posta per Mac | Accurate Reviews\",\"isPartOf\":{\"@id\":\"https:\\\/\\\/www.accuratereviews.com\\\/it\\\/#website\"},\"primaryImageOfPage\":{\"@id\":\"https:\\\/\\\/www.accuratereviews.com\\\/it\\\/client-di-posta\\\/nylas-n1\\\/#primaryimage\"},\"image\":{\"@id\":\"https:\\\/\\\/www.accuratereviews.com\\\/it\\\/client-di-posta\\\/nylas-n1\\\/#primaryimage\"},\"thumbnailUrl\":\"http:\\\/\\\/www.accuratereviews.com\\\/wp-content\\\/uploads\\\/2016\\\/06\\\/nylasn1.png\",\"datePublished\":\"2016-10-25T10:23:27+00:00\",\"dateModified\":\"2021-04-16T20:46:06+00:00\",\"description\":\"Nylas N1 \u00e8 un client di posta elettronica gratuito per Mac OS X, dotato di numerose funzionalit\u00e0 dedicate alla produttivit\u00e0.\",\"breadcrumb\":{\"@id\":\"https:\\\/\\\/www.accuratereviews.com\\\/it\\\/client-di-posta\\\/nylas-n1\\\/#breadcrumb\"},\"inLanguage\":\"it-IT\",\"potentialAction\":[{\"@type\":\"ReadAction\",\"target\":[\"https:\\\/\\\/www.accuratereviews.com\\\/it\\\/client-di-posta\\\/nylas-n1\\\/\"]}]},{\"@type\":\"ImageObject\",\"inLanguage\":\"it-IT\",\"@id\":\"https:\\\/\\\/www.accuratereviews.com\\\/it\\\/client-di-posta\\\/nylas-n1\\\/#primaryimage\",\"url\":\"http:\\\/\\\/www.accuratereviews.com\\\/wp-content\\\/uploads\\\/2016\\\/06\\\/nylasn1.png\",\"contentUrl\":\"http:\\\/\\\/www.accuratereviews.com\\\/wp-content\\\/uploads\\\/2016\\\/06\\\/nylasn1.png\"},{\"@type\":\"BreadcrumbList\",\"@id\":\"https:\\\/\\\/www.accuratereviews.com\\\/it\\\/client-di-posta\\\/nylas-n1\\\/#breadcrumb\",\"itemListElement\":[{\"@type\":\"ListItem\",\"position\":1,\"name\":\"Home\",\"item\":\"https:\\\/\\\/www.accuratereviews.com\\\/it\\\/\"},{\"@type\":\"ListItem\",\"position\":2,\"name\":\"Client di posta\",\"item\":\"https:\\\/\\\/www.accuratereviews.com\\\/it\\\/client-di-posta\\\/\"},{\"@type\":\"ListItem\",\"position\":3,\"name\":\"Nylas N1\"}]},{\"@type\":\"WebSite\",\"@id\":\"https:\\\/\\\/www.accuratereviews.com\\\/it\\\/#website\",\"url\":\"https:\\\/\\\/www.accuratereviews.com\\\/it\\\/\",\"name\":\"Accurate Reviews\",\"description\":\"\",\"potentialAction\":[{\"@type\":\"SearchAction\",\"target\":{\"@type\":\"EntryPoint\",\"urlTemplate\":\"https:\\\/\\\/www.accuratereviews.com\\\/it\\\/?s={search_term_string}\"},\"query-input\":{\"@type\":\"PropertyValueSpecification\",\"valueRequired\":true,\"valueName\":\"search_term_string\"}}],\"inLanguage\":\"it-IT\"}]}<\/script>\n<!-- \/ Yoast SEO plugin. -->","yoast_head_json":{"title":"Nylas N1 recensione miglior client di posta per Mac | Accurate Reviews","description":"Nylas N1 \u00e8 un client di posta elettronica gratuito per Mac OS X, dotato di numerose funzionalit\u00e0 dedicate alla produttivit\u00e0.","robots":{"index":"index","follow":"follow","max-snippet":"max-snippet:-1","max-image-preview":"max-image-preview:large","max-video-preview":"max-video-preview:-1"},"canonical":"https:\/\/www.accuratereviews.com\/it\/client-di-posta\/nylas-n1\/","og_locale":"it_IT","og_type":"article","og_title":"Nylas N1 recensione miglior client di posta per Mac | Accurate Reviews","og_description":"Nylas N1 \u00e8 un client di posta elettronica gratuito per Mac OS X, dotato di numerose funzionalit\u00e0 dedicate alla produttivit\u00e0.","og_url":"https:\/\/www.accuratereviews.com\/it\/client-di-posta\/nylas-n1\/","og_site_name":"Accurate Reviews","article_modified_time":"2021-04-16T20:46:06+00:00","og_image":[{"url":"http:\/\/www.accuratereviews.com\/wp-content\/uploads\/2016\/06\/nylasn1.png","type":"","width":"","height":""}],"twitter_card":"summary_large_image","twitter_misc":{"Tempo di lettura stimato":"1 minuto"},"schema":{"@context":"https:\/\/schema.org","@graph":[{"@type":"WebPage","@id":"https:\/\/www.accuratereviews.com\/it\/client-di-posta\/nylas-n1\/","url":"https:\/\/www.accuratereviews.com\/it\/client-di-posta\/nylas-n1\/","name":"Nylas N1 recensione miglior client di posta per Mac | Accurate Reviews","isPartOf":{"@id":"https:\/\/www.accuratereviews.com\/it\/#website"},"primaryImageOfPage":{"@id":"https:\/\/www.accuratereviews.com\/it\/client-di-posta\/nylas-n1\/#primaryimage"},"image":{"@id":"https:\/\/www.accuratereviews.com\/it\/client-di-posta\/nylas-n1\/#primaryimage"},"thumbnailUrl":"http:\/\/www.accuratereviews.com\/wp-content\/uploads\/2016\/06\/nylasn1.png","datePublished":"2016-10-25T10:23:27+00:00","dateModified":"2021-04-16T20:46:06+00:00","description":"Nylas N1 \u00e8 un client di posta elettronica gratuito per Mac OS X, dotato di numerose funzionalit\u00e0 dedicate alla produttivit\u00e0.","breadcrumb":{"@id":"https:\/\/www.accuratereviews.com\/it\/client-di-posta\/nylas-n1\/#breadcrumb"},"inLanguage":"it-IT","potentialAction":[{"@type":"ReadAction","target":["https:\/\/www.accuratereviews.com\/it\/client-di-posta\/nylas-n1\/"]}]},{"@type":"ImageObject","inLanguage":"it-IT","@id":"https:\/\/www.accuratereviews.com\/it\/client-di-posta\/nylas-n1\/#primaryimage","url":"http:\/\/www.accuratereviews.com\/wp-content\/uploads\/2016\/06\/nylasn1.png","contentUrl":"http:\/\/www.accuratereviews.com\/wp-content\/uploads\/2016\/06\/nylasn1.png"},{"@type":"BreadcrumbList","@id":"https:\/\/www.accuratereviews.com\/it\/client-di-posta\/nylas-n1\/#breadcrumb","itemListElement":[{"@type":"ListItem","position":1,"name":"Home","item":"https:\/\/www.accuratereviews.com\/it\/"},{"@type":"ListItem","position":2,"name":"Client di posta","item":"https:\/\/www.accuratereviews.com\/it\/client-di-posta\/"},{"@type":"ListItem","position":3,"name":"Nylas N1"}]},{"@type":"WebSite","@id":"https:\/\/www.accuratereviews.com\/it\/#website","url":"https:\/\/www.accuratereviews.com\/it\/","name":"Accurate Reviews","description":"","potentialAction":[{"@type":"SearchAction","target":{"@type":"EntryPoint","urlTemplate":"https:\/\/www.accuratereviews.com\/it\/?s={search_term_string}"},"query-input":{"@type":"PropertyValueSpecification","valueRequired":true,"valueName":"search_term_string"}}],"inLanguage":"it-IT"}]}},"_links":{"self":[{"href":"https:\/\/www.accuratereviews.com\/it\/wp-json\/wp\/v2\/pages\/6020","targetHints":{"allow":["GET"]}}],"collection":[{"href":"https:\/\/www.accuratereviews.com\/it\/wp-json\/wp\/v2\/pages"}],"about":[{"href":"https:\/\/www.accuratereviews.com\/it\/wp-json\/wp\/v2\/types\/page"}],"author":[{"embeddable":true,"href":"https:\/\/www.accuratereviews.com\/it\/wp-json\/wp\/v2\/users\/16"}],"replies":[{"embeddable":true,"href":"https:\/\/www.accuratereviews.com\/it\/wp-json\/wp\/v2\/comments?post=6020"}],"version-history":[{"count":9,"href":"https:\/\/www.accuratereviews.com\/it\/wp-json\/wp\/v2\/pages\/6020\/revisions"}],"predecessor-version":[{"id":40225,"href":"https:\/\/www.accuratereviews.com\/it\/wp-json\/wp\/v2\/pages\/6020\/revisions\/40225"}],"up":[{"embeddable":true,"href":"https:\/\/www.accuratereviews.com\/it\/wp-json\/wp\/v2\/pages\/5913"}],"wp:attachment":[{"href":"https:\/\/www.accuratereviews.com\/it\/wp-json\/wp\/v2\/media?parent=6020"}],"wp:term":[{"taxonomy":"category","embeddable":true,"href":"https:\/\/www.accuratereviews.com\/it\/wp-json\/wp\/v2\/categories?post=6020"},{"taxonomy":"post_tag","embeddable":true,"href":"https:\/\/www.accuratereviews.com\/it\/wp-json\/wp\/v2\/tags?post=6020"},{"taxonomy":"features","embeddable":true,"href":"https:\/\/www.accuratereviews.com\/it\/wp-json\/wp\/v2\/features?post=6020"}],"curies":[{"name":"wp","href":"https:\/\/api.w.org\/{rel}","templated":true}]}}