{"id":60223,"date":"2022-08-02T11:16:00","date_gmt":"2022-08-02T11:16:00","guid":{"rendered":"https:\/\/www.accuratereviews.com\/?page_id=60223"},"modified":"2022-08-02T11:16:00","modified_gmt":"2022-08-02T11:16:00","slug":"campspot-recensione","status":"publish","type":"page","link":"https:\/\/www.accuratereviews.com\/it\/software-per-campeggi\/campspot-recensione\/","title":{"rendered":"Campspot"},"content":{"rendered":"<p><strong>Campspot<\/strong> \u00e8 una piattaforma online che racchiude i<strong> migliori campeggi<\/strong> disponibili nel nord America: qualunque tipo di soggiorno tu scelga, che sia un campeggio piccolo, grande, una piazzola o il pi\u00f9 affascinante glamping, lo troverai. Si tratta di un vero e proprio marketplace funzionale per chi cerca un posto confortevole in cui andare in vacanza o per chi gestisce un campeggio e vuole un software che ottimizzi e automatizzi tutte le attivit\u00e0 manuali.<br \/>\nVuoi iscrivere il tuo campeggio a <strong>Campspot<\/strong>? Ti baster\u00e0 inserire i tuoi dati, fornendo le informazioni principali della tua struttura alberghiera e dopo pochi giorni la tua inserzione sar\u00e0 attiva e inizierai a ricevere le nuove prenotazioni.<\/p>\n<h2>CAMPSPOT &#8211; TUTORIAL<\/h2>\n<div id=\"fluid-wrapper-counter-1\" class=\"g1-fluid-wrapper \" style=\"width:686px;\">\n<div style=\"padding-bottom:56.268221574344%;\"><iframe loading=\"lazy\" title=\"Campspot: Campground Reservation Software for a Smarter Age\" width=\"686\" height=\"386\" src=\"https:\/\/www.youtube.com\/embed\/XO_D6r3g6v8?feature=oembed&amp;wmode=transparent&amp;autohide=1&amp;autoplay=0&amp;disablekb=0&amp;fs=1&amp;loop=0&amp;enablejsapi=1&amp;rel=0&amp;controls=2&amp;showinfo=0&amp;wmode=transparent&amp;autohide=2&amp;autoplay=0&amp;disablekb=0&amp;fs=1&amp;loop=0&amp;enablejsapi=1&amp;rel=0&amp;controls=2&amp;showinfo=1\" frameborder=\"0\" allow=\"accelerometer; autoplay; clipboard-write; encrypted-media; gyroscope; picture-in-picture\" allowfullscreen><\/iframe><\/div>\n<\/div>\n<h3>CAMPSPOT &#8211; CARATTERISTICHE<\/h3>\n<ul>\n<li><strong>Attira facilmente nuovi campeggiatori<\/strong>: attingi a una nuova generazione di clienti che preferiscono cercare e prenotare online<\/li>\n<li><strong>Nessun costo per iniziare<\/strong>: paga solo una piccola percentuale quando una prenotazione viene effettuata. Non c&#8217;\u00e8 alcun costo per inserire il tuo inventario<\/li>\n<li><strong>Entrate aggiuntive senza sforzo<\/strong>: il marketplace incentrato sui campeggiatori promuove il tuo campeggio e offre la migliore esperienza di prenotazione<\/li>\n<li>P<strong>renotazione immediata<\/strong>: non \u00e8 necessario chiamare il campeggio o aspettare che la prenotazione venga accettata. Si integra direttamente con i sistemi di prenotazione dei campeggi per confermare le prenotazioni all&#8217;istante<\/li>\n<li><strong>Nessuna quota di iscrizione<\/strong>: prenota istantaneamente tutti i campeggi elencati sulla app . Non \u00e8 richiesta alcuna quota di iscrizione. L&#8217;accesso a tutti i campeggi \u00e8 completamente gratuito e aperto al pubblico.<\/li>\n<\/ul>\n<h4>LE RECENSIONI DEGLI UTENTI<\/h4>\n<p><strong>Jennifer &#8220;Software di prenotazione fantastico&#8221;<\/strong><br \/>\nPRO: il prodotto \u00e8 stato progettato da persone che capiscono davvero le prenotazioni dei campeggi. Ci piace il supporto. Sono sempre presenti quando ne abbiamo bisogno. Ci piace che offrano tutti i tipi di report necessari per la nostra attivit\u00e0. Ci piace che chiedano la nostra opinione e le nostre idee. Molte delle quali sono state implementate negli aggiornamenti che vengono effettuati di frequente. Ci piace la facilit\u00e0 con cui i nostri clienti possono effettuare una prenotazione in qualsiasi momento, 24\/7\/365. Adoro Campspot e lo consiglio vivamente a tutti i proprietari di campeggi.<br \/>\nCONTRO: hmmmm, non mi viene in mente nulla. Adoriamo Campspot.<\/p>\n<p><strong>Jon &#8220;Molto soddisfatto di questo software&#8221;<\/strong><br \/>\nPRO: le tariffe di blocco del campeggio sono un ottimo generatore di reddito! Possiamo usarlo da qualsiasi luogo, anche dal cellulare. Le prenotazioni online pagano l&#8217;intero pacchetto!<br \/>\nCONTRO: a volte vogliamo provare dei report che non sono (ancora) disponibili, tuttavia, vediamo che hanno accolto il nostro suggerimento e hanno realizzato un report per mostrare ci\u00f2 che volevamo vedere.<\/p>\n<p><strong>Mitch &#8220;Provatelo! \u00c8 fantastico&#8221;.<\/strong><br \/>\nPRO: la transizione tra i sistemi \u00e8 avvenuta senza problemi. Campspot ha fatto tutto il lavoro! E l&#8217;ha fatto molto velocemente. La caratteristica migliore per noi \u00e8 la prenotazione online. Abbiamo triplicato il numero di prenotazioni online grazie a campspot! Anche il POS gratuito \u00e8 fantastico! La formazione dei nuovi dipendenti \u00e8 pi\u00f9 facile che mai. La configurazione \u00e8 stata facile e molto personalizzabile!<br \/>\nCONTRO: come gestione, non c&#8217;\u00e8 nulla che non mi piaccia del sistema. Quest&#8217;anno abbiamo guadagnato pi\u00f9 soldi che mai e una parte importante di questo \u00e8 stata il campspot. Meno persone che rispondono alle telefonate perch\u00e9 tutti hanno prenotato online, ci ha fatto risparmiare molto tempo e denaro.<\/p>\n","protected":false},"excerpt":{"rendered":"<p>Campspot \u00e8 una piattaforma online che racchiude i migliori campeggi disponibili nel nord America: qualunque tipo di soggiorno tu scelga, che sia un campeggio piccolo, grande, una piazzola o il pi\u00f9 affascinante glamping, lo troverai. Si tratta di un vero e proprio marketplace funzionale per chi cerca un posto confortevole in cui andare in vacanza o per chi gestisce un campeggio e vuole un software che ottimizzi e automatizzi tutte le attivit\u00e0 manuali.<\/p>\n","protected":false},"author":17,"featured_media":60229,"parent":59967,"menu_order":0,"comment_status":"open","ping_status":"closed","template":"g1_template_page_review_new.php","meta":{"_acf_changed":false,"cwp_meta_box_check":"No","cwp_rev_product_name":"","cwp_rev_product_image":"","wppr_links":[],"cwp_rev_price":"","wppr_options":[],"wppr_pros":[],"wppr_cons":[],"_monsterinsights_skip_tracking":false,"_monsterinsights_sitenote_active":false,"_monsterinsights_sitenote_note":"","_monsterinsights_sitenote_category":0,"footnotes":""},"categories":[13062],"tags":[13067,13084,13065,13064,13119],"features":[],"class_list":{"0":"post-60223","1":"page","2":"type-page","3":"status-publish","4":"has-post-thumbnail","6":"category-software-campeggi-cat","7":"tag-app-per-campeggi","8":"tag-piattaforma-per-campeggi","9":"tag-programmi-per-campeggi","10":"tag-software-per-campeggi","11":"tag-soluzioni-per-campeggi"},"wppr_data":{"cwp_meta_box_check":"No"},"acf":[],"yoast_head":"<!-- This site is optimized with the Yoast SEO plugin v27.4 - https:\/\/yoast.com\/product\/yoast-seo-wordpress\/ -->\n<title>Campspot: recensione software campeggi - Accurate Reviews<\/title>\n<meta name=\"description\" content=\"Campspot; recensione della piattaforma online che racchiude i migliori campeggi disponibili nel nord America.\" \/>\n<meta name=\"robots\" content=\"index, follow, max-snippet:-1, max-image-preview:large, max-video-preview:-1\" \/>\n<link rel=\"canonical\" href=\"https:\/\/www.accuratereviews.com\/it\/software-per-campeggi\/campspot-recensione\/\" \/>\n<meta property=\"og:locale\" content=\"it_IT\" \/>\n<meta property=\"og:type\" content=\"article\" \/>\n<meta property=\"og:title\" content=\"Campspot: recensione software campeggi - Accurate Reviews\" \/>\n<meta property=\"og:description\" content=\"Campspot; recensione della piattaforma online che racchiude i migliori campeggi disponibili nel nord America.\" \/>\n<meta property=\"og:url\" content=\"https:\/\/www.accuratereviews.com\/it\/software-per-campeggi\/campspot-recensione\/\" \/>\n<meta property=\"og:site_name\" content=\"Accurate Reviews\" \/>\n<meta property=\"og:image\" content=\"https:\/\/www.accuratereviews.com\/wp-content\/uploads\/2022\/08\/Unknown-2.png\" \/>\n\t<meta property=\"og:image:width\" content=\"333\" \/>\n\t<meta property=\"og:image:height\" content=\"200\" \/>\n\t<meta property=\"og:image:type\" content=\"image\/png\" \/>\n<meta name=\"twitter:card\" content=\"summary_large_image\" \/>\n<meta name=\"twitter:label1\" content=\"Tempo di lettura stimato\" \/>\n\t<meta name=\"twitter:data1\" content=\"3 minuti\" \/>\n<script type=\"application\/ld+json\" class=\"yoast-schema-graph\">{\"@context\":\"https:\\\/\\\/schema.org\",\"@graph\":[{\"@type\":\"WebPage\",\"@id\":\"https:\\\/\\\/www.accuratereviews.com\\\/it\\\/software-per-campeggi\\\/campspot-recensione\\\/\",\"url\":\"https:\\\/\\\/www.accuratereviews.com\\\/it\\\/software-per-campeggi\\\/campspot-recensione\\\/\",\"name\":\"Campspot: recensione software campeggi - Accurate Reviews\",\"isPartOf\":{\"@id\":\"https:\\\/\\\/www.accuratereviews.com\\\/it\\\/#website\"},\"primaryImageOfPage\":{\"@id\":\"https:\\\/\\\/www.accuratereviews.com\\\/it\\\/software-per-campeggi\\\/campspot-recensione\\\/#primaryimage\"},\"image\":{\"@id\":\"https:\\\/\\\/www.accuratereviews.com\\\/it\\\/software-per-campeggi\\\/campspot-recensione\\\/#primaryimage\"},\"thumbnailUrl\":\"https:\\\/\\\/www.accuratereviews.com\\\/wp-content\\\/uploads\\\/2022\\\/08\\\/Unknown-2.png\",\"datePublished\":\"2022-08-02T11:16:00+00:00\",\"description\":\"Campspot; recensione della piattaforma online che racchiude i migliori campeggi disponibili nel nord America.\",\"breadcrumb\":{\"@id\":\"https:\\\/\\\/www.accuratereviews.com\\\/it\\\/software-per-campeggi\\\/campspot-recensione\\\/#breadcrumb\"},\"inLanguage\":\"it-IT\",\"potentialAction\":[{\"@type\":\"ReadAction\",\"target\":[\"https:\\\/\\\/www.accuratereviews.com\\\/it\\\/software-per-campeggi\\\/campspot-recensione\\\/\"]}]},{\"@type\":\"ImageObject\",\"inLanguage\":\"it-IT\",\"@id\":\"https:\\\/\\\/www.accuratereviews.com\\\/it\\\/software-per-campeggi\\\/campspot-recensione\\\/#primaryimage\",\"url\":\"https:\\\/\\\/www.accuratereviews.com\\\/wp-content\\\/uploads\\\/2022\\\/08\\\/Unknown-2.png\",\"contentUrl\":\"https:\\\/\\\/www.accuratereviews.com\\\/wp-content\\\/uploads\\\/2022\\\/08\\\/Unknown-2.png\",\"width\":333,\"height\":200},{\"@type\":\"BreadcrumbList\",\"@id\":\"https:\\\/\\\/www.accuratereviews.com\\\/it\\\/software-per-campeggi\\\/campspot-recensione\\\/#breadcrumb\",\"itemListElement\":[{\"@type\":\"ListItem\",\"position\":1,\"name\":\"Home\",\"item\":\"https:\\\/\\\/www.accuratereviews.com\\\/it\\\/\"},{\"@type\":\"ListItem\",\"position\":2,\"name\":\"Software per campeggi\",\"item\":\"https:\\\/\\\/www.accuratereviews.com\\\/it\\\/software-per-campeggi\\\/\"},{\"@type\":\"ListItem\",\"position\":3,\"name\":\"Campspot\"}]},{\"@type\":\"WebSite\",\"@id\":\"https:\\\/\\\/www.accuratereviews.com\\\/it\\\/#website\",\"url\":\"https:\\\/\\\/www.accuratereviews.com\\\/it\\\/\",\"name\":\"Accurate Reviews\",\"description\":\"\",\"potentialAction\":[{\"@type\":\"SearchAction\",\"target\":{\"@type\":\"EntryPoint\",\"urlTemplate\":\"https:\\\/\\\/www.accuratereviews.com\\\/it\\\/?s={search_term_string}\"},\"query-input\":{\"@type\":\"PropertyValueSpecification\",\"valueRequired\":true,\"valueName\":\"search_term_string\"}}],\"inLanguage\":\"it-IT\"}]}<\/script>\n<!-- \/ Yoast SEO plugin. -->","yoast_head_json":{"title":"Campspot: recensione software campeggi - Accurate Reviews","description":"Campspot; recensione della piattaforma online che racchiude i migliori campeggi disponibili nel nord America.","robots":{"index":"index","follow":"follow","max-snippet":"max-snippet:-1","max-image-preview":"max-image-preview:large","max-video-preview":"max-video-preview:-1"},"canonical":"https:\/\/www.accuratereviews.com\/it\/software-per-campeggi\/campspot-recensione\/","og_locale":"it_IT","og_type":"article","og_title":"Campspot: recensione software campeggi - Accurate Reviews","og_description":"Campspot; recensione della piattaforma online che racchiude i migliori campeggi disponibili nel nord America.","og_url":"https:\/\/www.accuratereviews.com\/it\/software-per-campeggi\/campspot-recensione\/","og_site_name":"Accurate Reviews","og_image":[{"width":333,"height":200,"url":"https:\/\/www.accuratereviews.com\/wp-content\/uploads\/2022\/08\/Unknown-2.png","type":"image\/png"}],"twitter_card":"summary_large_image","twitter_misc":{"Tempo di lettura stimato":"3 minuti"},"schema":{"@context":"https:\/\/schema.org","@graph":[{"@type":"WebPage","@id":"https:\/\/www.accuratereviews.com\/it\/software-per-campeggi\/campspot-recensione\/","url":"https:\/\/www.accuratereviews.com\/it\/software-per-campeggi\/campspot-recensione\/","name":"Campspot: recensione software campeggi - Accurate Reviews","isPartOf":{"@id":"https:\/\/www.accuratereviews.com\/it\/#website"},"primaryImageOfPage":{"@id":"https:\/\/www.accuratereviews.com\/it\/software-per-campeggi\/campspot-recensione\/#primaryimage"},"image":{"@id":"https:\/\/www.accuratereviews.com\/it\/software-per-campeggi\/campspot-recensione\/#primaryimage"},"thumbnailUrl":"https:\/\/www.accuratereviews.com\/wp-content\/uploads\/2022\/08\/Unknown-2.png","datePublished":"2022-08-02T11:16:00+00:00","description":"Campspot; recensione della piattaforma online che racchiude i migliori campeggi disponibili nel nord America.","breadcrumb":{"@id":"https:\/\/www.accuratereviews.com\/it\/software-per-campeggi\/campspot-recensione\/#breadcrumb"},"inLanguage":"it-IT","potentialAction":[{"@type":"ReadAction","target":["https:\/\/www.accuratereviews.com\/it\/software-per-campeggi\/campspot-recensione\/"]}]},{"@type":"ImageObject","inLanguage":"it-IT","@id":"https:\/\/www.accuratereviews.com\/it\/software-per-campeggi\/campspot-recensione\/#primaryimage","url":"https:\/\/www.accuratereviews.com\/wp-content\/uploads\/2022\/08\/Unknown-2.png","contentUrl":"https:\/\/www.accuratereviews.com\/wp-content\/uploads\/2022\/08\/Unknown-2.png","width":333,"height":200},{"@type":"BreadcrumbList","@id":"https:\/\/www.accuratereviews.com\/it\/software-per-campeggi\/campspot-recensione\/#breadcrumb","itemListElement":[{"@type":"ListItem","position":1,"name":"Home","item":"https:\/\/www.accuratereviews.com\/it\/"},{"@type":"ListItem","position":2,"name":"Software per campeggi","item":"https:\/\/www.accuratereviews.com\/it\/software-per-campeggi\/"},{"@type":"ListItem","position":3,"name":"Campspot"}]},{"@type":"WebSite","@id":"https:\/\/www.accuratereviews.com\/it\/#website","url":"https:\/\/www.accuratereviews.com\/it\/","name":"Accurate Reviews","description":"","potentialAction":[{"@type":"SearchAction","target":{"@type":"EntryPoint","urlTemplate":"https:\/\/www.accuratereviews.com\/it\/?s={search_term_string}"},"query-input":{"@type":"PropertyValueSpecification","valueRequired":true,"valueName":"search_term_string"}}],"inLanguage":"it-IT"}]}},"_links":{"self":[{"href":"https:\/\/www.accuratereviews.com\/it\/wp-json\/wp\/v2\/pages\/60223","targetHints":{"allow":["GET"]}}],"collection":[{"href":"https:\/\/www.accuratereviews.com\/it\/wp-json\/wp\/v2\/pages"}],"about":[{"href":"https:\/\/www.accuratereviews.com\/it\/wp-json\/wp\/v2\/types\/page"}],"author":[{"embeddable":true,"href":"https:\/\/www.accuratereviews.com\/it\/wp-json\/wp\/v2\/users\/17"}],"replies":[{"embeddable":true,"href":"https:\/\/www.accuratereviews.com\/it\/wp-json\/wp\/v2\/comments?post=60223"}],"version-history":[{"count":4,"href":"https:\/\/www.accuratereviews.com\/it\/wp-json\/wp\/v2\/pages\/60223\/revisions"}],"predecessor-version":[{"id":60264,"href":"https:\/\/www.accuratereviews.com\/it\/wp-json\/wp\/v2\/pages\/60223\/revisions\/60264"}],"up":[{"embeddable":true,"href":"https:\/\/www.accuratereviews.com\/it\/wp-json\/wp\/v2\/pages\/59967"}],"wp:featuredmedia":[{"embeddable":true,"href":"https:\/\/www.accuratereviews.com\/it\/wp-json\/wp\/v2\/media\/60229"}],"wp:attachment":[{"href":"https:\/\/www.accuratereviews.com\/it\/wp-json\/wp\/v2\/media?parent=60223"}],"wp:term":[{"taxonomy":"category","embeddable":true,"href":"https:\/\/www.accuratereviews.com\/it\/wp-json\/wp\/v2\/categories?post=60223"},{"taxonomy":"post_tag","embeddable":true,"href":"https:\/\/www.accuratereviews.com\/it\/wp-json\/wp\/v2\/tags?post=60223"},{"taxonomy":"features","embeddable":true,"href":"https:\/\/www.accuratereviews.com\/it\/wp-json\/wp\/v2\/features?post=60223"}],"curies":[{"name":"wp","href":"https:\/\/api.w.org\/{rel}","templated":true}]}}