{"id":60237,"date":"2022-08-02T11:09:35","date_gmt":"2022-08-02T11:09:35","guid":{"rendered":"https:\/\/www.accuratereviews.com\/?page_id=60237"},"modified":"2022-08-02T11:09:35","modified_gmt":"2022-08-02T11:09:35","slug":"campmanager-recensione","status":"publish","type":"page","link":"https:\/\/www.accuratereviews.com\/it\/software-per-campeggi\/campmanager-recensione\/","title":{"rendered":"CampManager"},"content":{"rendered":"<p><strong>CampManager<\/strong> \u00e8 un <strong>sistema di gestione di parcheggi<\/strong> per <strong>roulotte e campeggi<\/strong> basato su <strong>cloud<\/strong> che offre ai clienti un&#8217;interfaccia di prenotazione online 24 ore su 24, 7 giorni su 7. La piattaforma include strumenti per la gestione di mappe del sito, proprietari, stock, disponibilit\u00e0, attivit\u00e0, fatturazione, record clienti, prenotazioni, sconti, recensioni dei clienti e altro ancora. Consente agli ospiti di prenotare i loro soggiorni online, con controlli di disponibilit\u00e0 in tempo reale e calcolo automatico dei prezzi. I clienti possono essere autorizzati a selezionare la propria unit\u00e0 o piazzola, oppure la soluzione pu\u00f2 assegnare il posto pi\u00f9 appropriato. L&#8217;elaborazione dei pagamenti online consente la raccolta di saldi festivi e pagamenti di fatture da carte di debito e di credito. Le prenotazioni possono essere effettuate anche attraverso una vasta gamma di canali di distribuzione, tra cui Booking.com, Airbnb, TripAdvisor, HomeAway, Campstead, Pitchup e altri.<\/p>\n<h2>CAMPMANAGER &#8211; TUTORIAL<\/h2>\n<p>Ecco una panoramica di questo <strong>software per campeggi:<\/strong><\/p>\n<div id=\"fluid-wrapper-counter-1\" class=\"g1-fluid-wrapper \" style=\"width:686px;\">\n<div style=\"padding-bottom:56.268221574344%;\"><iframe loading=\"lazy\" title=\"CampManager Customer Testimonial - Skelwith Fold Caravan Park, Lake District\" width=\"686\" height=\"386\" src=\"https:\/\/www.youtube.com\/embed\/W-0cuqLWvY4?feature=oembed&amp;wmode=transparent&amp;autohide=1&amp;autoplay=0&amp;disablekb=0&amp;fs=1&amp;loop=0&amp;enablejsapi=1&amp;rel=0&amp;controls=2&amp;showinfo=0&amp;wmode=transparent&amp;autohide=2&amp;autoplay=0&amp;disablekb=0&amp;fs=1&amp;loop=0&amp;enablejsapi=1&amp;rel=0&amp;controls=2&amp;showinfo=1\" frameborder=\"0\" allow=\"accelerometer; autoplay; clipboard-write; encrypted-media; gyroscope; picture-in-picture\" allowfullscreen><\/iframe><\/div>\n<\/div>\n<p>&nbsp;<\/p>\n<h3>CAMPMANAGER &#8211; CARATTERISTICHE<\/h3>\n<ul>\n<li>Organizza e gestisci i dettagli dei proprietari e le informazioni sull&#8217;unit\u00e0 in modo rapido e semplice da un unico sistema centrale<\/li>\n<li>Crea fatture in modo rapido e semplice che possono essere inviate tramite email direttamente ai clienti<\/li>\n<li>La fatturazione batch automatizzata ti consente di creare tariffe per il sito in pochi minuti. Le letture di elettricit\u00e0, gas e altri oneri vengono calcolati e aggiunti alle fatture<\/li>\n<li>I clienti possono visualizzare il proprio account e pagare le fatture online<\/li>\n<li>Mantenere i dettagli delle unit\u00e0 di scorta nuove e usate<\/li>\n<li>Visualizza le unit\u00e0 in vendita direttamente sul tuo sito web con immagini, caratteristiche e descrizioni<\/li>\n<li>Assegna facilmente un&#8217;unit\u00e0 a un nuovo proprietario e crea una fattura quando viene venduta<\/li>\n<li>Guarda a colpo d&#8217;occhio dalla mappa interattiva del sito chi ha pagamenti in sospeso e scaduti<\/li>\n<li>Semplice e facile da imparare e utilizzare per il personale<\/li>\n<li>Utilizzare su qualsiasi dispositivo, da qualsiasi luogo<\/li>\n<li>Sistema basato su cloud e opera in tempo reale<\/li>\n<li>Processo di prenotazione semplice, logico ed efficiente<\/li>\n<li>Le prenotazioni vengono automaticamente ottimizzate e posizionate una dopo l&#8217;altra, riducendo le notti sprecate<\/li>\n<li>Visualizza arrivi, partenze e clienti giornalieri in loco<\/li>\n<li>Disponibilit\u00e0, prezzi e sconti calcolati istantaneamente e accuratamente in base a criteri di ricerca<\/li>\n<li>Conferme e allegati email inviati automaticamente<\/li>\n<li>Raccogli il pagamento per intero e in anticipo, riducendo le mancate presentazioni e migliorando il flusso di cassa.<\/li>\n<\/ul>\n<h4>LE RECENSIONI DEGLI UTENTI<\/h4>\n<p class=\"fw-bold mb-2\"><strong>Philip&#8221;Parco Vacanze Barrhill&#8221;<\/strong><\/p>\n<p><span class=\"fw-bold\"><strong>Commenti<\/strong>: <\/span>Ottimo con cui lavorare. Se qualcosa deve essere aggiornato o modificato, \u00e8 sempre fatto immediatamente senza problemi.<\/p>\n<p class=\"fw-bold mb-2\"><strong>Pro<\/strong>:\u00a0Nel complesso penso che questo sia un ottimo prodotto. Completa tutte le prenotazioni, denaro in banca e NESSUNA doppia prenotazione. Non sarebbe senza di esso ora.<\/p>\n<p class=\"fw-bold mb-2\"><strong>Contro<\/strong>: Una cosa che vorrei vedere sulla mia pagina di prenotazione \u00e8 una vista del mese di calendario in modo che le persone possano vedere a colpo d&#8217;occhio se le date sono disponibili, invece di inserire le singole date.<\/p>\n<p class=\"fw-bold mb-2\"><strong>Kirsten&#8221;Sistema efficiente con un servizio utile.&#8221;<\/strong><\/p>\n<p><span class=\"fw-bold\"><strong>Commenti<\/strong>: <\/span>Molto positivo, il personale \u00e8 sempre disponibile.<\/p>\n<p class=\"fw-bold mb-2\"><strong>Pro<\/strong>:\u00a0Il software \u00e8 affidabile e facile da usare. Il team di supporto \u00e8 sempre eccellente. Riceviamo costantemente feedback positivi sulla facilit\u00e0 d&#8217;uso dai nostri clienti. Abbiamo scoperto che stiamo ricevendo un numero crescente di prenotazioni online, il che significa che non siamo costantemente al telefono con i clienti a tutte le ore.<\/p>\n<p class=\"fw-bold mb-2\"><strong>Contro<\/strong>:\u00a0Le prenotazioni di gruppo non sono cos\u00ec facili e sarebbe bello avere una struttura per collegare le prenotazioni. Abbiamo molti gruppi familiari che soggiornano, ognuno con criteri diversi, e sarebbe utile avere un modo per prenotarli in modo pi\u00f9 semplice.<\/p>\n<p class=\"fw-bold mb-2\"><strong>Ed&#8221;Servizio Clienti secondo a nessuno!&#8221;<\/strong><\/p>\n<p><span class=\"fw-bold\"><strong>Commenti<\/strong>: <\/span>L&#8217;intera esperienza, dal momento in cui abbiamo messo gli occhi su Niall per la prima volta al Glamping, ha migliorato la nostra intera gestione aziendale senza fine. \u00c8 quasi un piacere svegliarsi la mattina! Anche se l&#8217;esperienza non \u00e8 sempre stata semplice, in termini di presa di coscienza del nuovo sistema, ora \u00e8 brillante e sono cos\u00ec felice che abbiamo fatto il passaggio. Non riesco a dimenticare quanto siano immancabilmente pazienti i ragazzi&#8230; hanno bisogno di un aumento di stipendio!<\/p>\n<p class=\"fw-bold mb-2\"><strong>Pro<\/strong>:\u00a0La facilit\u00e0 d&#8217;uso&#8230; enormemente aiutata dal personale adorabile che \u00e8 sempre cos\u00ec disponibile, allegro e paziente! Adoriamo Campmanager!<\/p>\n<p class=\"fw-bold mb-2\"><strong>Contro<\/strong>: Non essere in grado di effettuare un rimborso diretto a un cliente<\/p>\n","protected":false},"excerpt":{"rendered":"<p>CampManager \u00e8 un sistema di gestione di parcheggi per roulotte e campeggi basato su cloud che offre ai clienti un&#8217;interfaccia di prenotazione online 24 ore su 24, 7 giorni su 7. La piattaforma include strumenti per la gestione di mappe del sito, proprietari, stock, disponibilit\u00e0, attivit\u00e0, fatturazione, record clienti, prenotazioni, sconti, recensioni dei clienti e altro ancora<\/p>\n","protected":false},"author":16,"featured_media":60238,"parent":59967,"menu_order":0,"comment_status":"open","ping_status":"closed","template":"g1_template_page_review_new.php","meta":{"_acf_changed":false,"cwp_meta_box_check":"No","cwp_rev_product_name":"","cwp_rev_product_image":"","wppr_links":[],"cwp_rev_price":"","wppr_options":[],"wppr_pros":[],"wppr_cons":[],"_monsterinsights_skip_tracking":false,"_monsterinsights_sitenote_active":false,"_monsterinsights_sitenote_note":"","_monsterinsights_sitenote_category":0,"footnotes":""},"categories":[13062],"tags":[13123,13127,13126,13125,13124],"features":[],"class_list":{"0":"post-60237","1":"page","2":"type-page","3":"status-publish","4":"has-post-thumbnail","6":"category-software-campeggi-cat","7":"tag-campmanager","8":"tag-piattaforma-di-campeggio","9":"tag-programma-di-campeggio","10":"tag-software-di-campeggio","11":"tag-soluzione-di-campeggio"},"wppr_data":{"cwp_meta_box_check":"No"},"acf":[],"yoast_head":"<!-- This site is optimized with the Yoast SEO plugin v27.4 - https:\/\/yoast.com\/product\/yoast-seo-wordpress\/ -->\n<title>CampManager: recensione software per campeggi - Accurate Reviews<\/title>\n<meta name=\"description\" content=\"CampManager: recensione sistema di gestione di parcheggi per campeggi basato su cloud che offre un&#039;interfaccia di prenotazione online 24 ore su 24.\" \/>\n<meta name=\"robots\" content=\"index, follow, max-snippet:-1, max-image-preview:large, max-video-preview:-1\" \/>\n<link rel=\"canonical\" href=\"https:\/\/www.accuratereviews.com\/it\/software-per-campeggi\/campmanager-recensione\/\" \/>\n<meta property=\"og:locale\" content=\"it_IT\" \/>\n<meta property=\"og:type\" content=\"article\" \/>\n<meta property=\"og:title\" content=\"CampManager: recensione software per campeggi - Accurate Reviews\" \/>\n<meta property=\"og:description\" content=\"CampManager: recensione sistema di gestione di parcheggi per campeggi basato su cloud che offre un&#039;interfaccia di prenotazione online 24 ore su 24.\" \/>\n<meta property=\"og:url\" content=\"https:\/\/www.accuratereviews.com\/it\/software-per-campeggi\/campmanager-recensione\/\" \/>\n<meta property=\"og:site_name\" content=\"Accurate Reviews\" \/>\n<meta property=\"og:image\" content=\"https:\/\/www.accuratereviews.com\/wp-content\/uploads\/2022\/08\/CampManager-Logo.png\" \/>\n\t<meta property=\"og:image:width\" content=\"3423\" \/>\n\t<meta property=\"og:image:height\" content=\"900\" \/>\n\t<meta property=\"og:image:type\" content=\"image\/png\" \/>\n<meta name=\"twitter:card\" content=\"summary_large_image\" \/>\n<meta name=\"twitter:label1\" content=\"Tempo di lettura stimato\" \/>\n\t<meta name=\"twitter:data1\" content=\"4 minuti\" \/>\n<script type=\"application\/ld+json\" class=\"yoast-schema-graph\">{\"@context\":\"https:\\\/\\\/schema.org\",\"@graph\":[{\"@type\":\"WebPage\",\"@id\":\"https:\\\/\\\/www.accuratereviews.com\\\/it\\\/software-per-campeggi\\\/campmanager-recensione\\\/\",\"url\":\"https:\\\/\\\/www.accuratereviews.com\\\/it\\\/software-per-campeggi\\\/campmanager-recensione\\\/\",\"name\":\"CampManager: recensione software per campeggi - Accurate Reviews\",\"isPartOf\":{\"@id\":\"https:\\\/\\\/www.accuratereviews.com\\\/it\\\/#website\"},\"primaryImageOfPage\":{\"@id\":\"https:\\\/\\\/www.accuratereviews.com\\\/it\\\/software-per-campeggi\\\/campmanager-recensione\\\/#primaryimage\"},\"image\":{\"@id\":\"https:\\\/\\\/www.accuratereviews.com\\\/it\\\/software-per-campeggi\\\/campmanager-recensione\\\/#primaryimage\"},\"thumbnailUrl\":\"https:\\\/\\\/www.accuratereviews.com\\\/wp-content\\\/uploads\\\/2022\\\/08\\\/CampManager-Logo.png\",\"datePublished\":\"2022-08-02T11:09:35+00:00\",\"description\":\"CampManager: recensione sistema di gestione di parcheggi per campeggi basato su cloud che offre un'interfaccia di prenotazione online 24 ore su 24.\",\"breadcrumb\":{\"@id\":\"https:\\\/\\\/www.accuratereviews.com\\\/it\\\/software-per-campeggi\\\/campmanager-recensione\\\/#breadcrumb\"},\"inLanguage\":\"it-IT\",\"potentialAction\":[{\"@type\":\"ReadAction\",\"target\":[\"https:\\\/\\\/www.accuratereviews.com\\\/it\\\/software-per-campeggi\\\/campmanager-recensione\\\/\"]}]},{\"@type\":\"ImageObject\",\"inLanguage\":\"it-IT\",\"@id\":\"https:\\\/\\\/www.accuratereviews.com\\\/it\\\/software-per-campeggi\\\/campmanager-recensione\\\/#primaryimage\",\"url\":\"https:\\\/\\\/www.accuratereviews.com\\\/wp-content\\\/uploads\\\/2022\\\/08\\\/CampManager-Logo.png\",\"contentUrl\":\"https:\\\/\\\/www.accuratereviews.com\\\/wp-content\\\/uploads\\\/2022\\\/08\\\/CampManager-Logo.png\",\"width\":3423,\"height\":900},{\"@type\":\"BreadcrumbList\",\"@id\":\"https:\\\/\\\/www.accuratereviews.com\\\/it\\\/software-per-campeggi\\\/campmanager-recensione\\\/#breadcrumb\",\"itemListElement\":[{\"@type\":\"ListItem\",\"position\":1,\"name\":\"Home\",\"item\":\"https:\\\/\\\/www.accuratereviews.com\\\/it\\\/\"},{\"@type\":\"ListItem\",\"position\":2,\"name\":\"Software per campeggi\",\"item\":\"https:\\\/\\\/www.accuratereviews.com\\\/it\\\/software-per-campeggi\\\/\"},{\"@type\":\"ListItem\",\"position\":3,\"name\":\"CampManager\"}]},{\"@type\":\"WebSite\",\"@id\":\"https:\\\/\\\/www.accuratereviews.com\\\/it\\\/#website\",\"url\":\"https:\\\/\\\/www.accuratereviews.com\\\/it\\\/\",\"name\":\"Accurate Reviews\",\"description\":\"\",\"potentialAction\":[{\"@type\":\"SearchAction\",\"target\":{\"@type\":\"EntryPoint\",\"urlTemplate\":\"https:\\\/\\\/www.accuratereviews.com\\\/it\\\/?s={search_term_string}\"},\"query-input\":{\"@type\":\"PropertyValueSpecification\",\"valueRequired\":true,\"valueName\":\"search_term_string\"}}],\"inLanguage\":\"it-IT\"}]}<\/script>\n<!-- \/ Yoast SEO plugin. -->","yoast_head_json":{"title":"CampManager: recensione software per campeggi - Accurate Reviews","description":"CampManager: recensione sistema di gestione di parcheggi per campeggi basato su cloud che offre un'interfaccia di prenotazione online 24 ore su 24.","robots":{"index":"index","follow":"follow","max-snippet":"max-snippet:-1","max-image-preview":"max-image-preview:large","max-video-preview":"max-video-preview:-1"},"canonical":"https:\/\/www.accuratereviews.com\/it\/software-per-campeggi\/campmanager-recensione\/","og_locale":"it_IT","og_type":"article","og_title":"CampManager: recensione software per campeggi - Accurate Reviews","og_description":"CampManager: recensione sistema di gestione di parcheggi per campeggi basato su cloud che offre un'interfaccia di prenotazione online 24 ore su 24.","og_url":"https:\/\/www.accuratereviews.com\/it\/software-per-campeggi\/campmanager-recensione\/","og_site_name":"Accurate Reviews","og_image":[{"width":3423,"height":900,"url":"https:\/\/www.accuratereviews.com\/wp-content\/uploads\/2022\/08\/CampManager-Logo.png","type":"image\/png"}],"twitter_card":"summary_large_image","twitter_misc":{"Tempo di lettura stimato":"4 minuti"},"schema":{"@context":"https:\/\/schema.org","@graph":[{"@type":"WebPage","@id":"https:\/\/www.accuratereviews.com\/it\/software-per-campeggi\/campmanager-recensione\/","url":"https:\/\/www.accuratereviews.com\/it\/software-per-campeggi\/campmanager-recensione\/","name":"CampManager: recensione software per campeggi - Accurate Reviews","isPartOf":{"@id":"https:\/\/www.accuratereviews.com\/it\/#website"},"primaryImageOfPage":{"@id":"https:\/\/www.accuratereviews.com\/it\/software-per-campeggi\/campmanager-recensione\/#primaryimage"},"image":{"@id":"https:\/\/www.accuratereviews.com\/it\/software-per-campeggi\/campmanager-recensione\/#primaryimage"},"thumbnailUrl":"https:\/\/www.accuratereviews.com\/wp-content\/uploads\/2022\/08\/CampManager-Logo.png","datePublished":"2022-08-02T11:09:35+00:00","description":"CampManager: recensione sistema di gestione di parcheggi per campeggi basato su cloud che offre un'interfaccia di prenotazione online 24 ore su 24.","breadcrumb":{"@id":"https:\/\/www.accuratereviews.com\/it\/software-per-campeggi\/campmanager-recensione\/#breadcrumb"},"inLanguage":"it-IT","potentialAction":[{"@type":"ReadAction","target":["https:\/\/www.accuratereviews.com\/it\/software-per-campeggi\/campmanager-recensione\/"]}]},{"@type":"ImageObject","inLanguage":"it-IT","@id":"https:\/\/www.accuratereviews.com\/it\/software-per-campeggi\/campmanager-recensione\/#primaryimage","url":"https:\/\/www.accuratereviews.com\/wp-content\/uploads\/2022\/08\/CampManager-Logo.png","contentUrl":"https:\/\/www.accuratereviews.com\/wp-content\/uploads\/2022\/08\/CampManager-Logo.png","width":3423,"height":900},{"@type":"BreadcrumbList","@id":"https:\/\/www.accuratereviews.com\/it\/software-per-campeggi\/campmanager-recensione\/#breadcrumb","itemListElement":[{"@type":"ListItem","position":1,"name":"Home","item":"https:\/\/www.accuratereviews.com\/it\/"},{"@type":"ListItem","position":2,"name":"Software per campeggi","item":"https:\/\/www.accuratereviews.com\/it\/software-per-campeggi\/"},{"@type":"ListItem","position":3,"name":"CampManager"}]},{"@type":"WebSite","@id":"https:\/\/www.accuratereviews.com\/it\/#website","url":"https:\/\/www.accuratereviews.com\/it\/","name":"Accurate Reviews","description":"","potentialAction":[{"@type":"SearchAction","target":{"@type":"EntryPoint","urlTemplate":"https:\/\/www.accuratereviews.com\/it\/?s={search_term_string}"},"query-input":{"@type":"PropertyValueSpecification","valueRequired":true,"valueName":"search_term_string"}}],"inLanguage":"it-IT"}]}},"_links":{"self":[{"href":"https:\/\/www.accuratereviews.com\/it\/wp-json\/wp\/v2\/pages\/60237","targetHints":{"allow":["GET"]}}],"collection":[{"href":"https:\/\/www.accuratereviews.com\/it\/wp-json\/wp\/v2\/pages"}],"about":[{"href":"https:\/\/www.accuratereviews.com\/it\/wp-json\/wp\/v2\/types\/page"}],"author":[{"embeddable":true,"href":"https:\/\/www.accuratereviews.com\/it\/wp-json\/wp\/v2\/users\/16"}],"replies":[{"embeddable":true,"href":"https:\/\/www.accuratereviews.com\/it\/wp-json\/wp\/v2\/comments?post=60237"}],"version-history":[{"count":8,"href":"https:\/\/www.accuratereviews.com\/it\/wp-json\/wp\/v2\/pages\/60237\/revisions"}],"predecessor-version":[{"id":60262,"href":"https:\/\/www.accuratereviews.com\/it\/wp-json\/wp\/v2\/pages\/60237\/revisions\/60262"}],"up":[{"embeddable":true,"href":"https:\/\/www.accuratereviews.com\/it\/wp-json\/wp\/v2\/pages\/59967"}],"wp:featuredmedia":[{"embeddable":true,"href":"https:\/\/www.accuratereviews.com\/it\/wp-json\/wp\/v2\/media\/60238"}],"wp:attachment":[{"href":"https:\/\/www.accuratereviews.com\/it\/wp-json\/wp\/v2\/media?parent=60237"}],"wp:term":[{"taxonomy":"category","embeddable":true,"href":"https:\/\/www.accuratereviews.com\/it\/wp-json\/wp\/v2\/categories?post=60237"},{"taxonomy":"post_tag","embeddable":true,"href":"https:\/\/www.accuratereviews.com\/it\/wp-json\/wp\/v2\/tags?post=60237"},{"taxonomy":"features","embeddable":true,"href":"https:\/\/www.accuratereviews.com\/it\/wp-json\/wp\/v2\/features?post=60237"}],"curies":[{"name":"wp","href":"https:\/\/api.w.org\/{rel}","templated":true}]}}