{"id":60244,"date":"2022-08-02T11:07:10","date_gmt":"2022-08-02T11:07:10","guid":{"rendered":"https:\/\/www.accuratereviews.com\/?page_id=60244"},"modified":"2022-08-02T11:07:10","modified_gmt":"2022-08-02T11:07:10","slug":"newbook-recensione","status":"publish","type":"page","link":"https:\/\/www.accuratereviews.com\/it\/software-per-campeggi\/newbook-recensione\/","title":{"rendered":"NewBook"},"content":{"rendered":"<p><strong>NewBook<\/strong> \u200b\u200b\u00e8 una <strong>soluzione di gestione della propriet\u00e0,<\/strong> channel manager e motore di prenotazione universale progettata per affitti di propriet\u00e0 di ogni tipo, inclusi hotel, resort, appartamenti, villaggi e porti turistici. Le aziende con questo programma possono gestire prenotazioni e cancellazioni, integrate con la tecnologia alberghiera esistente leader mondiale su PMS, CRS, RMS e fornitori di servizi di pagamento, monitorare i dati in tempo reale, oltre a promuovere ulteriori opportunit\u00e0 di guadagno.\u00a0Le funzionalit\u00e0 di gestione della propriet\u00e0 di <strong>NewBook<\/strong> \u200b\u200bconsentono alle aziende di gestire alloggi e appuntamenti, nonch\u00e9 di fornire un&#8217;assicurazione per l&#8217;annullamento e piani di pagamento direttamente tramite il loro sito web.<\/p>\n<h2>NEWBOOK &#8211; TUTORIAL<\/h2>\n<p>Semplifica e automatizza la tua strategia di guadagno utilizzando il prezzo dinamico di questo software per campeggi:<\/p>\n<div id=\"fluid-wrapper-counter-1\" class=\"g1-fluid-wrapper \" style=\"width:686px;\">\n<div style=\"padding-bottom:56.268221574344%;\"><iframe loading=\"lazy\" title=\"Boost your revenue with Dynamic Pricing\" width=\"686\" height=\"386\" src=\"https:\/\/www.youtube.com\/embed\/69EyL-QjoiQ?feature=oembed&amp;wmode=transparent&amp;autohide=1&amp;autoplay=0&amp;disablekb=0&amp;fs=1&amp;loop=0&amp;enablejsapi=1&amp;rel=0&amp;controls=2&amp;showinfo=0&amp;wmode=transparent&amp;autohide=2&amp;autoplay=0&amp;disablekb=0&amp;fs=1&amp;loop=0&amp;enablejsapi=1&amp;rel=0&amp;controls=2&amp;showinfo=1\" frameborder=\"0\" allow=\"accelerometer; autoplay; clipboard-write; encrypted-media; gyroscope; picture-in-picture\" allowfullscreen><\/iframe><\/div>\n<\/div>\n<h3>NEWBOOK &#8211; CARATTERISTICHE<\/h3>\n<ul>\n<li><strong>Grafico delle prenotazioni<\/strong>: controlla e gestisci le tue prenotazioni con facilit\u00e0. La tabella delle prenotazioni ti consente di effettuare nuove prenotazioni, spostarle o cancellarle<\/li>\n<li><strong>Riepilogo giornaliero<\/strong>: tieni informato il tuo personale visualizzando a colpo d&#8217;occhio le tue informazioni quotidiane. Puoi personalizzare il tuo riepilogo giornaliero per mostrare le informazioni di cui hai bisogno<\/li>\n<li><strong>Gestione delle pulizie<\/strong>: gestisci e supervisiona le attivit\u00e0 quotidiane di pulizia e manutenzione della tua propriet\u00e0 e mantieni il tuo team in linea con le attivit\u00e0 e le liste di controllo<\/li>\n<li><strong>Comunicazione automatizzata<\/strong>: riduci l&#8217;amministrazione con le funzionalit\u00e0 automatizzate. Invia agli ospiti email prima e dopo il soggiorno per migliorare la loro esperienza senza muovere un dito<\/li>\n<li><strong>Reportistica programmata<\/strong>: prendi decisioni aziendali informate con report e approfondimenti inviati direttamente nella tua casella di posta<\/li>\n<li><strong>Strumenti di marketing<\/strong>: invia campagne di marketing via email e sms e ricevi informazioni dettagliate sulle prestazioni per acquisirne sempre di pi\u00f9<\/li>\n<li><strong>Fatturazione &amp; Pagamenti:<\/strong> gestisci tutte le tue fatture e pagamenti all&#8217;interno di NewBook. Una volta effettuato il pagamento, viene automaticamente salvato nel profilo dell&#8217;ospite<\/li>\n<li><strong>Gestione delle entrate e delle tariffe<\/strong>:\u00a0configura facilmente le tue tariffe all&#8217;interno della soluzione \u200b\u200be adotta prezzi dinamici per aumentare le entrate.<\/li>\n<\/ul>\n<h4>LE RECENSIONI DEGLI UTENTI<\/h4>\n<p class=\"fw-bold mb-2\"><strong>Janelle &#8220;Recensione 2022&#8221;<\/strong><\/p>\n<p class=\"fw-bold mb-2\"><strong>Pro<\/strong>:\u00a0NewBook \u00e8 piacevole da usare poich\u00e9 il team di supporto \u00e8 sempre pronto ad aiutare e la base di conoscenza e il wiki di supporto sono a portata di mano per le risposte. Il sistema di prenotazione \u00e8 facile da usare e da insegnare, la facilit\u00e0 di modifica delle tariffe e la contabilit\u00e0 \u00e8 molto importante per i rapporti. Newbook ha molte altre caratteristiche.<\/p>\n<p class=\"fw-bold mb-2\"><strong>Contro<\/strong>:\u00a0Abbiamo avuto problemi con l&#8217;integrazione dal nostro software precedente, ma questo \u00e8 stato un male minore.<\/p>\n<p class=\"fw-bold mb-2\"><strong>Carolyn&#8221;Affitti per le vacanze&#8221;<\/strong><\/p>\n<p><span class=\"fw-bold\"><strong>Commenti<\/strong>: <\/span>Sono entusiasta di lavorare su strategie di marketing e feedback dei clienti tramite la piattaforma.<\/p>\n<p class=\"fw-bold mb-2\"><strong>Pro<\/strong>:\u00a0Newbook ha una quantit\u00e0 impressionante di funzionalit\u00e0. \u00c8 piuttosto eccitante sapere che puoi fare cos\u00ec tanto su questa piattaforma.<\/p>\n<p class=\"fw-bold mb-2\"><strong>Contro<\/strong>:\u00a0Il caricamento delle propriet\u00e0 richiede molto tempo. Sarebbe bello saperne di pi\u00f9 su questo e su come possiamo ridurre il tempo necessario.<\/p>\n<div class=\"ps-4 my-4 py-3 border-start border-fog text-ash i18n-translation_vendor_container\" data-translation-id=\"2600385\" data-translation-vendor-target=\"original\" data-translation-callback=\"asyncReviewLoaded\">\n<p class=\"fw-bold mb-2\"><strong>Heidi&#8221;Prodotto fantastico&#8221;<\/strong><\/p>\n<p><span class=\"fw-bold\"><strong>Commenti<\/strong>: <\/span>L&#8217;implementazione di Newbook ha aiutato con la nostra gestione del tempo, i processi e le vendite.<\/p>\n<p class=\"fw-bold mb-2\"><strong>Pro<\/strong>:\u00a0Facile da usare, conveniente e il personale di Newbook \u00e8 estremamente cordiale, disponibile ed esperto.<\/p>\n<p class=\"fw-bold mb-2\"><strong>Contro<\/strong>:\u00a0Dato che non siamo stati con Newbook per molto tempo, non c&#8217;\u00e8 nulla che mi venga in mente in questo momento.<\/p>\n<\/div>\n","protected":false},"excerpt":{"rendered":"<p>NewBook \u200b\u200b\u00e8 una soluzione di gestione della propriet\u00e0, channel manager e motore di prenotazione universale progettata per affitti di propriet\u00e0 di ogni tipo, inclusi hotel, resort, appartamenti, villaggi e porti turistici. Le aziende con questo programma possono gestire prenotazioni e cancellazioni, integrate con la tecnologia alberghiera esistente leader mondiale su PMS, CRS, RMS e fornitori di servizi di pagamento, monitorare i dati in tempo reale, oltre a promuovere ulteriori opportunit\u00e0 di guadagno.<\/p>\n","protected":false},"author":16,"featured_media":60245,"parent":59967,"menu_order":0,"comment_status":"open","ping_status":"closed","template":"g1_template_page_review_new.php","meta":{"_acf_changed":false,"cwp_meta_box_check":"No","cwp_rev_product_name":"","cwp_rev_product_image":"","wppr_links":[],"cwp_rev_price":"","wppr_options":[],"wppr_pros":[],"wppr_cons":[],"_monsterinsights_skip_tracking":false,"_monsterinsights_sitenote_active":false,"_monsterinsights_sitenote_note":"","_monsterinsights_sitenote_category":0,"footnotes":""},"categories":[13062],"tags":[13122,13084,13083,13064,13082],"features":[],"class_list":{"0":"post-60244","1":"page","2":"type-page","3":"status-publish","4":"has-post-thumbnail","6":"category-software-campeggi-cat","7":"tag-newbook","8":"tag-piattaforma-per-campeggi","9":"tag-programma-per-campeggi","10":"tag-software-per-campeggi","11":"tag-soluzione-per-campeggi"},"wppr_data":{"cwp_meta_box_check":"No"},"acf":[],"yoast_head":"<!-- This site is optimized with the Yoast SEO plugin v27.4 - https:\/\/yoast.com\/product\/yoast-seo-wordpress\/ -->\n<title>NewBook: recensione software per campeggio - Accurate Reviews<\/title>\n<meta name=\"description\" content=\"NewBook: recensione soluzione di gestione della propriet\u00e0, channel manager e motore di prenotazione progettata per affitti di propriet\u00e0.\" \/>\n<meta name=\"robots\" content=\"index, follow, max-snippet:-1, max-image-preview:large, max-video-preview:-1\" \/>\n<link rel=\"canonical\" href=\"https:\/\/www.accuratereviews.com\/it\/software-per-campeggi\/newbook-recensione\/\" \/>\n<meta property=\"og:locale\" content=\"it_IT\" \/>\n<meta property=\"og:type\" content=\"article\" \/>\n<meta property=\"og:title\" content=\"NewBook: recensione software per campeggio - Accurate Reviews\" \/>\n<meta property=\"og:description\" content=\"NewBook: recensione soluzione di gestione della propriet\u00e0, channel manager e motore di prenotazione progettata per affitti di propriet\u00e0.\" \/>\n<meta property=\"og:url\" content=\"https:\/\/www.accuratereviews.com\/it\/software-per-campeggi\/newbook-recensione\/\" \/>\n<meta property=\"og:site_name\" content=\"Accurate Reviews\" \/>\n<meta property=\"og:image\" content=\"https:\/\/www.accuratereviews.com\/wp-content\/uploads\/2022\/08\/NewBook.png\" \/>\n\t<meta property=\"og:image:width\" content=\"960\" \/>\n\t<meta property=\"og:image:height\" content=\"400\" \/>\n\t<meta property=\"og:image:type\" content=\"image\/png\" \/>\n<meta name=\"twitter:card\" content=\"summary_large_image\" \/>\n<meta name=\"twitter:label1\" content=\"Tempo di lettura stimato\" \/>\n\t<meta name=\"twitter:data1\" content=\"3 minuti\" \/>\n<script type=\"application\/ld+json\" class=\"yoast-schema-graph\">{\"@context\":\"https:\\\/\\\/schema.org\",\"@graph\":[{\"@type\":\"WebPage\",\"@id\":\"https:\\\/\\\/www.accuratereviews.com\\\/it\\\/software-per-campeggi\\\/newbook-recensione\\\/\",\"url\":\"https:\\\/\\\/www.accuratereviews.com\\\/it\\\/software-per-campeggi\\\/newbook-recensione\\\/\",\"name\":\"NewBook: recensione software per campeggio - Accurate Reviews\",\"isPartOf\":{\"@id\":\"https:\\\/\\\/www.accuratereviews.com\\\/it\\\/#website\"},\"primaryImageOfPage\":{\"@id\":\"https:\\\/\\\/www.accuratereviews.com\\\/it\\\/software-per-campeggi\\\/newbook-recensione\\\/#primaryimage\"},\"image\":{\"@id\":\"https:\\\/\\\/www.accuratereviews.com\\\/it\\\/software-per-campeggi\\\/newbook-recensione\\\/#primaryimage\"},\"thumbnailUrl\":\"https:\\\/\\\/www.accuratereviews.com\\\/wp-content\\\/uploads\\\/2022\\\/08\\\/NewBook.png\",\"datePublished\":\"2022-08-02T11:07:10+00:00\",\"description\":\"NewBook: recensione soluzione di gestione della propriet\u00e0, channel manager e motore di prenotazione progettata per affitti di propriet\u00e0.\",\"breadcrumb\":{\"@id\":\"https:\\\/\\\/www.accuratereviews.com\\\/it\\\/software-per-campeggi\\\/newbook-recensione\\\/#breadcrumb\"},\"inLanguage\":\"it-IT\",\"potentialAction\":[{\"@type\":\"ReadAction\",\"target\":[\"https:\\\/\\\/www.accuratereviews.com\\\/it\\\/software-per-campeggi\\\/newbook-recensione\\\/\"]}]},{\"@type\":\"ImageObject\",\"inLanguage\":\"it-IT\",\"@id\":\"https:\\\/\\\/www.accuratereviews.com\\\/it\\\/software-per-campeggi\\\/newbook-recensione\\\/#primaryimage\",\"url\":\"https:\\\/\\\/www.accuratereviews.com\\\/wp-content\\\/uploads\\\/2022\\\/08\\\/NewBook.png\",\"contentUrl\":\"https:\\\/\\\/www.accuratereviews.com\\\/wp-content\\\/uploads\\\/2022\\\/08\\\/NewBook.png\",\"width\":960,\"height\":400},{\"@type\":\"BreadcrumbList\",\"@id\":\"https:\\\/\\\/www.accuratereviews.com\\\/it\\\/software-per-campeggi\\\/newbook-recensione\\\/#breadcrumb\",\"itemListElement\":[{\"@type\":\"ListItem\",\"position\":1,\"name\":\"Home\",\"item\":\"https:\\\/\\\/www.accuratereviews.com\\\/it\\\/\"},{\"@type\":\"ListItem\",\"position\":2,\"name\":\"Software per campeggi\",\"item\":\"https:\\\/\\\/www.accuratereviews.com\\\/it\\\/software-per-campeggi\\\/\"},{\"@type\":\"ListItem\",\"position\":3,\"name\":\"NewBook\"}]},{\"@type\":\"WebSite\",\"@id\":\"https:\\\/\\\/www.accuratereviews.com\\\/it\\\/#website\",\"url\":\"https:\\\/\\\/www.accuratereviews.com\\\/it\\\/\",\"name\":\"Accurate Reviews\",\"description\":\"\",\"potentialAction\":[{\"@type\":\"SearchAction\",\"target\":{\"@type\":\"EntryPoint\",\"urlTemplate\":\"https:\\\/\\\/www.accuratereviews.com\\\/it\\\/?s={search_term_string}\"},\"query-input\":{\"@type\":\"PropertyValueSpecification\",\"valueRequired\":true,\"valueName\":\"search_term_string\"}}],\"inLanguage\":\"it-IT\"}]}<\/script>\n<!-- \/ Yoast SEO plugin. -->","yoast_head_json":{"title":"NewBook: recensione software per campeggio - Accurate Reviews","description":"NewBook: recensione soluzione di gestione della propriet\u00e0, channel manager e motore di prenotazione progettata per affitti di propriet\u00e0.","robots":{"index":"index","follow":"follow","max-snippet":"max-snippet:-1","max-image-preview":"max-image-preview:large","max-video-preview":"max-video-preview:-1"},"canonical":"https:\/\/www.accuratereviews.com\/it\/software-per-campeggi\/newbook-recensione\/","og_locale":"it_IT","og_type":"article","og_title":"NewBook: recensione software per campeggio - Accurate Reviews","og_description":"NewBook: recensione soluzione di gestione della propriet\u00e0, channel manager e motore di prenotazione progettata per affitti di propriet\u00e0.","og_url":"https:\/\/www.accuratereviews.com\/it\/software-per-campeggi\/newbook-recensione\/","og_site_name":"Accurate Reviews","og_image":[{"width":960,"height":400,"url":"https:\/\/www.accuratereviews.com\/wp-content\/uploads\/2022\/08\/NewBook.png","type":"image\/png"}],"twitter_card":"summary_large_image","twitter_misc":{"Tempo di lettura stimato":"3 minuti"},"schema":{"@context":"https:\/\/schema.org","@graph":[{"@type":"WebPage","@id":"https:\/\/www.accuratereviews.com\/it\/software-per-campeggi\/newbook-recensione\/","url":"https:\/\/www.accuratereviews.com\/it\/software-per-campeggi\/newbook-recensione\/","name":"NewBook: recensione software per campeggio - Accurate Reviews","isPartOf":{"@id":"https:\/\/www.accuratereviews.com\/it\/#website"},"primaryImageOfPage":{"@id":"https:\/\/www.accuratereviews.com\/it\/software-per-campeggi\/newbook-recensione\/#primaryimage"},"image":{"@id":"https:\/\/www.accuratereviews.com\/it\/software-per-campeggi\/newbook-recensione\/#primaryimage"},"thumbnailUrl":"https:\/\/www.accuratereviews.com\/wp-content\/uploads\/2022\/08\/NewBook.png","datePublished":"2022-08-02T11:07:10+00:00","description":"NewBook: recensione soluzione di gestione della propriet\u00e0, channel manager e motore di prenotazione progettata per affitti di propriet\u00e0.","breadcrumb":{"@id":"https:\/\/www.accuratereviews.com\/it\/software-per-campeggi\/newbook-recensione\/#breadcrumb"},"inLanguage":"it-IT","potentialAction":[{"@type":"ReadAction","target":["https:\/\/www.accuratereviews.com\/it\/software-per-campeggi\/newbook-recensione\/"]}]},{"@type":"ImageObject","inLanguage":"it-IT","@id":"https:\/\/www.accuratereviews.com\/it\/software-per-campeggi\/newbook-recensione\/#primaryimage","url":"https:\/\/www.accuratereviews.com\/wp-content\/uploads\/2022\/08\/NewBook.png","contentUrl":"https:\/\/www.accuratereviews.com\/wp-content\/uploads\/2022\/08\/NewBook.png","width":960,"height":400},{"@type":"BreadcrumbList","@id":"https:\/\/www.accuratereviews.com\/it\/software-per-campeggi\/newbook-recensione\/#breadcrumb","itemListElement":[{"@type":"ListItem","position":1,"name":"Home","item":"https:\/\/www.accuratereviews.com\/it\/"},{"@type":"ListItem","position":2,"name":"Software per campeggi","item":"https:\/\/www.accuratereviews.com\/it\/software-per-campeggi\/"},{"@type":"ListItem","position":3,"name":"NewBook"}]},{"@type":"WebSite","@id":"https:\/\/www.accuratereviews.com\/it\/#website","url":"https:\/\/www.accuratereviews.com\/it\/","name":"Accurate Reviews","description":"","potentialAction":[{"@type":"SearchAction","target":{"@type":"EntryPoint","urlTemplate":"https:\/\/www.accuratereviews.com\/it\/?s={search_term_string}"},"query-input":{"@type":"PropertyValueSpecification","valueRequired":true,"valueName":"search_term_string"}}],"inLanguage":"it-IT"}]}},"_links":{"self":[{"href":"https:\/\/www.accuratereviews.com\/it\/wp-json\/wp\/v2\/pages\/60244","targetHints":{"allow":["GET"]}}],"collection":[{"href":"https:\/\/www.accuratereviews.com\/it\/wp-json\/wp\/v2\/pages"}],"about":[{"href":"https:\/\/www.accuratereviews.com\/it\/wp-json\/wp\/v2\/types\/page"}],"author":[{"embeddable":true,"href":"https:\/\/www.accuratereviews.com\/it\/wp-json\/wp\/v2\/users\/16"}],"replies":[{"embeddable":true,"href":"https:\/\/www.accuratereviews.com\/it\/wp-json\/wp\/v2\/comments?post=60244"}],"version-history":[{"count":5,"href":"https:\/\/www.accuratereviews.com\/it\/wp-json\/wp\/v2\/pages\/60244\/revisions"}],"predecessor-version":[{"id":60260,"href":"https:\/\/www.accuratereviews.com\/it\/wp-json\/wp\/v2\/pages\/60244\/revisions\/60260"}],"up":[{"embeddable":true,"href":"https:\/\/www.accuratereviews.com\/it\/wp-json\/wp\/v2\/pages\/59967"}],"wp:featuredmedia":[{"embeddable":true,"href":"https:\/\/www.accuratereviews.com\/it\/wp-json\/wp\/v2\/media\/60245"}],"wp:attachment":[{"href":"https:\/\/www.accuratereviews.com\/it\/wp-json\/wp\/v2\/media?parent=60244"}],"wp:term":[{"taxonomy":"category","embeddable":true,"href":"https:\/\/www.accuratereviews.com\/it\/wp-json\/wp\/v2\/categories?post=60244"},{"taxonomy":"post_tag","embeddable":true,"href":"https:\/\/www.accuratereviews.com\/it\/wp-json\/wp\/v2\/tags?post=60244"},{"taxonomy":"features","embeddable":true,"href":"https:\/\/www.accuratereviews.com\/it\/wp-json\/wp\/v2\/features?post=60244"}],"curies":[{"name":"wp","href":"https:\/\/api.w.org\/{rel}","templated":true}]}}