{"id":60265,"date":"2022-08-03T10:36:54","date_gmt":"2022-08-03T10:36:54","guid":{"rendered":"https:\/\/www.accuratereviews.com\/?page_id=60265"},"modified":"2022-08-03T10:36:54","modified_gmt":"2022-08-03T10:36:54","slug":"firefly-reservations-recensione","status":"publish","type":"page","link":"https:\/\/www.accuratereviews.com\/it\/software-per-campeggi\/firefly-reservations-recensione\/","title":{"rendered":"Firefly Reservations"},"content":{"rendered":"<p><strong>Firefly Reservations<\/strong> \u00e8 una <strong>soluzione di gestione delle prenotazioni<\/strong> basata su <strong>cloud<\/strong> progettata per parcheggi per camper e campeggi. Il software consente ai clienti di effettuare e pagare le prenotazioni online e consente agli utenti di automatizzare una serie di attivit\u00e0 come l&#8217;invio di email e la raccolta di pagamenti per prenotazioni e utenze.\u00a0Gli utenti possono creare mappe interattive del proprio campeggio o parcheggio per camper per visualizzare la disponibilit\u00e0 dell&#8217;unit\u00e0. I clienti possono selezionare la zona scelta ed effettuare prenotazioni online attraverso il portale di prenotazione personalizzato, a cui \u00e8 possibile collegarsi tramite un pulsante incorporato nei siti web esistenti. Le email automatizzate consentono agli utenti di comunicare conferme, informazioni sulla prenotazione, promemoria di pagamento e altri avvisi importanti con i clienti attraverso modelli personalizzabili.<\/p>\n<h2>FIREFLY RESERVATIONS &#8211; TUTORIAL<\/h2>\n<p>Ecco una panoramica di questo <strong>software per campeggi<\/strong>:<\/p>\n<div id=\"fluid-wrapper-counter-1\" class=\"g1-fluid-wrapper \" style=\"width:686px;\">\n<div style=\"padding-bottom:56.268221574344%;\"><iframe loading=\"lazy\" title=\"Getting Started with Firefly\" width=\"686\" height=\"386\" src=\"https:\/\/www.youtube.com\/embed\/r1hYWIZOZz4?feature=oembed&amp;wmode=transparent&amp;autohide=1&amp;autoplay=0&amp;disablekb=0&amp;fs=1&amp;loop=0&amp;enablejsapi=1&amp;rel=0&amp;controls=2&amp;showinfo=0&amp;wmode=transparent&amp;autohide=2&amp;autoplay=0&amp;disablekb=0&amp;fs=1&amp;loop=0&amp;enablejsapi=1&amp;rel=0&amp;controls=2&amp;showinfo=1\" frameborder=\"0\" allow=\"accelerometer; autoplay; clipboard-write; encrypted-media; gyroscope; picture-in-picture\" allowfullscreen><\/iframe><\/div>\n<\/div>\n<h3>FIREFLY RESERVATIONS &#8211; CARATTERISTICHE<\/h3>\n<ul>\n<li><strong>Prenotazioni online<\/strong>: aumenta le tue prenotazioni accettando prenotazioni 24\/7\/365. I potenziali ospiti possono visualizzare la disponibilit\u00e0 in tempo reale a qualsiasi ora del giorno e della notte<\/li>\n<li><strong>Mappa interattiva<\/strong>: con il semplice editor di mappe interattivo, carica un&#8217;immagine della mappa e segna dove si trova ciascuna unit\u00e0 sulla mappa. L&#8217;immagine della tua mappa pu\u00f2 essere una mappa personalizzata o anche solo un&#8217;immagine satellitare dall&#8217;alto<\/li>\n<li><strong>Prenotazioni in corso<\/strong>: la struttura ha ospiti permanenti o semipermanenti che pagano mensilmente? Il programma supporta nativamente le prenotazioni senza data di fine in modo che i tuoi ospiti possano rimanere fino a quando non decidono di partire. Con l&#8217;elaborazione automatizzata dei pagamenti, la gestione dei tuoi ospiti a lungo termine non potrebbe essere pi\u00f9 semplice<\/li>\n<li><strong>Pagamenti ricorrenti automatici<\/strong>: puoi impostare tutti gli addebiti ricorrenti che desideri, con la possibilit\u00e0 di elaborare automaticamente i pagamenti e inviare email di pagamento imminenti<\/li>\n<li><strong>Componenti aggiuntivi:<\/strong> aumenta le entrate del tuo campeggio con componenti aggiuntivi, sia che si tratti di un noleggio di golf cart, di una vendita di pacchetti di legna da ardere o di un altro costo come un costo aggiuntivo per il veicolo. Gli ospiti possono selezionare un elemento sul portale di prenotazione quando effettuano la prenotazione oppure puoi aggiungerlo manualmente dal back-end<\/li>\n<li><strong>Punto vendita<\/strong>: utilizza il registro del punto vendita (POS) per elaborare rapidamente le transazioni nel negozio del tuo campeggio<\/li>\n<li><strong>Invia email di massa agli ospiti<\/strong>: che tu stia riscontrando un&#8217;interruzione dell&#8217;acqua o desideri semplicemente avvisare gli ospiti di un evento imminente potrai inviare email di massa.<\/li>\n<\/ul>\n<h4>LE RECENSIONI DEGLI UTENTI<\/h4>\n<p class=\"fw-bold mb-2\"><strong>Taylor&#8221;Ottimo servizio clienti&#8221;<\/strong><\/p>\n<p class=\"fw-bold mb-2\"><strong>Pro<\/strong>:\u00a0La cosa migliore di questo software \u00e8 il servizio clienti dietro di esso. Se mai abbiamo domande, sono solo una telefonata di distanza. Stanno aggiornando costantemente il software per soddisfare le nostre esigenze come campeggio stagionale. Funzionalit\u00e0, facilit\u00e0 di accesso e layout generale del software sono eccezionali.<\/p>\n<p class=\"fw-bold mb-2\"><strong>Contro<\/strong>:\u00a0Desidero ulteriore aiuto nelle fasi iniziali di configurazione\/per iniziare.<\/p>\n<p class=\"fw-bold mb-2\"><strong>Cole&#8221;Software di prenotazione di livello successivo che ha potenza e prezzo accessibili.&#8221;<\/strong><\/p>\n<p class=\"fw-bold mb-2\"><strong>Pro<\/strong>:\u00a0Finora ci piacciono tutte le funzionalit\u00e0, ma ci\u00f2 che ci piace di pi\u00f9 \u00e8 che abbiamo ottimizzato alcune cose con Firefly. Ad esempio, tutta la nostra elaborazione della carta di credito pu\u00f2 essere eseguita all&#8217;interno di Firefly per le prenotazioni e il nostro negozio del campeggio. Firefly ha un portale per gli ospiti molto intuitivo e persino un&#8217;opzione chiosco, quindi non dobbiamo essere sempre in ufficio quando qualcuno viene a fare il check-in.<\/p>\n<p class=\"fw-bold mb-2\"><strong>Contro<\/strong>:\u00a0Ci sono alcune soluzioni come abbiamo alcuni tipi di noleggio in cui non vogliamo che gli ospiti prenotino il giorno stesso e ci sono altri tipi di noleggio in cui andrebbe bene. Firefly non ha ancora questa funzionalit\u00e0.<\/p>\n<p class=\"fw-bold mb-2\"><strong>Addie&#8221;Pi\u00f9 facile, utile&#8221;<\/strong><\/p>\n<p><span class=\"fw-bold\"><strong>Commenti<\/strong>: <\/span>Solo il lavoro di prenotazione che prende da solo, mi ha tolto molto dalle mani e mi ha restituito il tempo per concentrarmi sul mio lavoro. Sono il direttore di una biblioteca e il nostro campeggio \u00e8 proprio accanto. Parte dei miei doveri consistono nell&#8217;eseguirlo. Ricever\u00f2 comunque le telefonate ma ci vuole met\u00e0 del tempo per effettuare le prenotazioni e inviare una fattura per il pagamento.<\/p>\n<p class=\"fw-bold mb-2\"><strong>Pro<\/strong>:\u00a0Tutte le funzionalit\u00e0 sono utili per eliminare la pianificazione manuale dalle tue mani. Non possiamo essere sempre al telefono o sul posto, quindi questo rende facile per le persone navigare da sole.<\/p>\n<p class=\"fw-bold mb-2\"><strong>Contro<\/strong>:\u00a0Niente di questo software \u00e8 difficile. Devi prenderti la responsabilit\u00e0 di imparare cosa \u00e8 disponibile. Tutto ci\u00f2 che non capisci, il servizio clienti \u00e8 sempre l\u00ec per aiutarti a guidarlo.<\/p>\n","protected":false},"excerpt":{"rendered":"<p>Firefly Reservations \u00e8 una soluzione di gestione delle prenotazioni basata su cloud progettata per parcheggi per camper e campeggi. Il software consente ai clienti di effettuare e pagare le prenotazioni online e consente agli utenti di automatizzare una serie di attivit\u00e0 come l&#8217;invio di email e la raccolta di pagamenti per prenotazioni e utenze.<\/p>\n","protected":false},"author":16,"featured_media":60266,"parent":59967,"menu_order":0,"comment_status":"open","ping_status":"closed","template":"g1_template_page_review_new.php","meta":{"_acf_changed":false,"cwp_meta_box_check":"No","cwp_rev_product_name":"","cwp_rev_product_image":"","wppr_links":[],"cwp_rev_price":"","wppr_options":[],"wppr_pros":[],"wppr_cons":[],"_monsterinsights_skip_tracking":false,"_monsterinsights_sitenote_active":false,"_monsterinsights_sitenote_note":"","_monsterinsights_sitenote_category":0,"footnotes":""},"categories":[13062],"tags":[13129,13084,13083,13064,13082],"features":[],"class_list":{"0":"post-60265","1":"page","2":"type-page","3":"status-publish","4":"has-post-thumbnail","6":"category-software-campeggi-cat","7":"tag-firefly-reservations","8":"tag-piattaforma-per-campeggi","9":"tag-programma-per-campeggi","10":"tag-software-per-campeggi","11":"tag-soluzione-per-campeggi"},"wppr_data":{"cwp_meta_box_check":"No"},"acf":[],"yoast_head":"<!-- This site is optimized with the Yoast SEO plugin v27.4 - https:\/\/yoast.com\/product\/yoast-seo-wordpress\/ -->\n<title>Firefly Reservations: recensione software per campeggi Accurate Reviews<\/title>\n<meta name=\"description\" content=\"Firefly Reservations: recensione soluzione di gestione delle prenotazioni basata su cloud progettata per parcheggi per camper e campeggi.\" \/>\n<meta name=\"robots\" content=\"index, follow, max-snippet:-1, max-image-preview:large, max-video-preview:-1\" \/>\n<link rel=\"canonical\" href=\"https:\/\/www.accuratereviews.com\/it\/software-per-campeggi\/firefly-reservations-recensione\/\" \/>\n<meta property=\"og:locale\" content=\"it_IT\" \/>\n<meta property=\"og:type\" content=\"article\" \/>\n<meta property=\"og:title\" content=\"Firefly Reservations: recensione software per campeggi Accurate Reviews\" \/>\n<meta property=\"og:description\" content=\"Firefly Reservations: recensione soluzione di gestione delle prenotazioni basata su cloud progettata per parcheggi per camper e campeggi.\" \/>\n<meta property=\"og:url\" content=\"https:\/\/www.accuratereviews.com\/it\/software-per-campeggi\/firefly-reservations-recensione\/\" \/>\n<meta property=\"og:site_name\" content=\"Accurate Reviews\" \/>\n<meta property=\"og:image\" content=\"https:\/\/www.accuratereviews.com\/wp-content\/uploads\/2022\/08\/Firefly-Reservations.png\" \/>\n\t<meta property=\"og:image:width\" content=\"213\" \/>\n\t<meta property=\"og:image:height\" content=\"213\" \/>\n\t<meta property=\"og:image:type\" content=\"image\/png\" \/>\n<meta name=\"twitter:card\" content=\"summary_large_image\" \/>\n<meta name=\"twitter:label1\" content=\"Tempo di lettura stimato\" \/>\n\t<meta name=\"twitter:data1\" content=\"4 minuti\" \/>\n<script type=\"application\/ld+json\" class=\"yoast-schema-graph\">{\"@context\":\"https:\\\/\\\/schema.org\",\"@graph\":[{\"@type\":\"WebPage\",\"@id\":\"https:\\\/\\\/www.accuratereviews.com\\\/it\\\/software-per-campeggi\\\/firefly-reservations-recensione\\\/\",\"url\":\"https:\\\/\\\/www.accuratereviews.com\\\/it\\\/software-per-campeggi\\\/firefly-reservations-recensione\\\/\",\"name\":\"Firefly Reservations: recensione software per campeggi Accurate Reviews\",\"isPartOf\":{\"@id\":\"https:\\\/\\\/www.accuratereviews.com\\\/it\\\/#website\"},\"primaryImageOfPage\":{\"@id\":\"https:\\\/\\\/www.accuratereviews.com\\\/it\\\/software-per-campeggi\\\/firefly-reservations-recensione\\\/#primaryimage\"},\"image\":{\"@id\":\"https:\\\/\\\/www.accuratereviews.com\\\/it\\\/software-per-campeggi\\\/firefly-reservations-recensione\\\/#primaryimage\"},\"thumbnailUrl\":\"https:\\\/\\\/www.accuratereviews.com\\\/wp-content\\\/uploads\\\/2022\\\/08\\\/Firefly-Reservations.png\",\"datePublished\":\"2022-08-03T10:36:54+00:00\",\"description\":\"Firefly Reservations: recensione soluzione di gestione delle prenotazioni basata su cloud progettata per parcheggi per camper e campeggi.\",\"breadcrumb\":{\"@id\":\"https:\\\/\\\/www.accuratereviews.com\\\/it\\\/software-per-campeggi\\\/firefly-reservations-recensione\\\/#breadcrumb\"},\"inLanguage\":\"it-IT\",\"potentialAction\":[{\"@type\":\"ReadAction\",\"target\":[\"https:\\\/\\\/www.accuratereviews.com\\\/it\\\/software-per-campeggi\\\/firefly-reservations-recensione\\\/\"]}]},{\"@type\":\"ImageObject\",\"inLanguage\":\"it-IT\",\"@id\":\"https:\\\/\\\/www.accuratereviews.com\\\/it\\\/software-per-campeggi\\\/firefly-reservations-recensione\\\/#primaryimage\",\"url\":\"https:\\\/\\\/www.accuratereviews.com\\\/wp-content\\\/uploads\\\/2022\\\/08\\\/Firefly-Reservations.png\",\"contentUrl\":\"https:\\\/\\\/www.accuratereviews.com\\\/wp-content\\\/uploads\\\/2022\\\/08\\\/Firefly-Reservations.png\",\"width\":213,\"height\":213},{\"@type\":\"BreadcrumbList\",\"@id\":\"https:\\\/\\\/www.accuratereviews.com\\\/it\\\/software-per-campeggi\\\/firefly-reservations-recensione\\\/#breadcrumb\",\"itemListElement\":[{\"@type\":\"ListItem\",\"position\":1,\"name\":\"Home\",\"item\":\"https:\\\/\\\/www.accuratereviews.com\\\/it\\\/\"},{\"@type\":\"ListItem\",\"position\":2,\"name\":\"Software per campeggi\",\"item\":\"https:\\\/\\\/www.accuratereviews.com\\\/it\\\/software-per-campeggi\\\/\"},{\"@type\":\"ListItem\",\"position\":3,\"name\":\"Firefly Reservations\"}]},{\"@type\":\"WebSite\",\"@id\":\"https:\\\/\\\/www.accuratereviews.com\\\/it\\\/#website\",\"url\":\"https:\\\/\\\/www.accuratereviews.com\\\/it\\\/\",\"name\":\"Accurate Reviews\",\"description\":\"\",\"potentialAction\":[{\"@type\":\"SearchAction\",\"target\":{\"@type\":\"EntryPoint\",\"urlTemplate\":\"https:\\\/\\\/www.accuratereviews.com\\\/it\\\/?s={search_term_string}\"},\"query-input\":{\"@type\":\"PropertyValueSpecification\",\"valueRequired\":true,\"valueName\":\"search_term_string\"}}],\"inLanguage\":\"it-IT\"}]}<\/script>\n<!-- \/ Yoast SEO plugin. -->","yoast_head_json":{"title":"Firefly Reservations: recensione software per campeggi Accurate Reviews","description":"Firefly Reservations: recensione soluzione di gestione delle prenotazioni basata su cloud progettata per parcheggi per camper e campeggi.","robots":{"index":"index","follow":"follow","max-snippet":"max-snippet:-1","max-image-preview":"max-image-preview:large","max-video-preview":"max-video-preview:-1"},"canonical":"https:\/\/www.accuratereviews.com\/it\/software-per-campeggi\/firefly-reservations-recensione\/","og_locale":"it_IT","og_type":"article","og_title":"Firefly Reservations: recensione software per campeggi Accurate Reviews","og_description":"Firefly Reservations: recensione soluzione di gestione delle prenotazioni basata su cloud progettata per parcheggi per camper e campeggi.","og_url":"https:\/\/www.accuratereviews.com\/it\/software-per-campeggi\/firefly-reservations-recensione\/","og_site_name":"Accurate Reviews","og_image":[{"width":213,"height":213,"url":"https:\/\/www.accuratereviews.com\/wp-content\/uploads\/2022\/08\/Firefly-Reservations.png","type":"image\/png"}],"twitter_card":"summary_large_image","twitter_misc":{"Tempo di lettura stimato":"4 minuti"},"schema":{"@context":"https:\/\/schema.org","@graph":[{"@type":"WebPage","@id":"https:\/\/www.accuratereviews.com\/it\/software-per-campeggi\/firefly-reservations-recensione\/","url":"https:\/\/www.accuratereviews.com\/it\/software-per-campeggi\/firefly-reservations-recensione\/","name":"Firefly Reservations: recensione software per campeggi Accurate Reviews","isPartOf":{"@id":"https:\/\/www.accuratereviews.com\/it\/#website"},"primaryImageOfPage":{"@id":"https:\/\/www.accuratereviews.com\/it\/software-per-campeggi\/firefly-reservations-recensione\/#primaryimage"},"image":{"@id":"https:\/\/www.accuratereviews.com\/it\/software-per-campeggi\/firefly-reservations-recensione\/#primaryimage"},"thumbnailUrl":"https:\/\/www.accuratereviews.com\/wp-content\/uploads\/2022\/08\/Firefly-Reservations.png","datePublished":"2022-08-03T10:36:54+00:00","description":"Firefly Reservations: recensione soluzione di gestione delle prenotazioni basata su cloud progettata per parcheggi per camper e campeggi.","breadcrumb":{"@id":"https:\/\/www.accuratereviews.com\/it\/software-per-campeggi\/firefly-reservations-recensione\/#breadcrumb"},"inLanguage":"it-IT","potentialAction":[{"@type":"ReadAction","target":["https:\/\/www.accuratereviews.com\/it\/software-per-campeggi\/firefly-reservations-recensione\/"]}]},{"@type":"ImageObject","inLanguage":"it-IT","@id":"https:\/\/www.accuratereviews.com\/it\/software-per-campeggi\/firefly-reservations-recensione\/#primaryimage","url":"https:\/\/www.accuratereviews.com\/wp-content\/uploads\/2022\/08\/Firefly-Reservations.png","contentUrl":"https:\/\/www.accuratereviews.com\/wp-content\/uploads\/2022\/08\/Firefly-Reservations.png","width":213,"height":213},{"@type":"BreadcrumbList","@id":"https:\/\/www.accuratereviews.com\/it\/software-per-campeggi\/firefly-reservations-recensione\/#breadcrumb","itemListElement":[{"@type":"ListItem","position":1,"name":"Home","item":"https:\/\/www.accuratereviews.com\/it\/"},{"@type":"ListItem","position":2,"name":"Software per campeggi","item":"https:\/\/www.accuratereviews.com\/it\/software-per-campeggi\/"},{"@type":"ListItem","position":3,"name":"Firefly Reservations"}]},{"@type":"WebSite","@id":"https:\/\/www.accuratereviews.com\/it\/#website","url":"https:\/\/www.accuratereviews.com\/it\/","name":"Accurate Reviews","description":"","potentialAction":[{"@type":"SearchAction","target":{"@type":"EntryPoint","urlTemplate":"https:\/\/www.accuratereviews.com\/it\/?s={search_term_string}"},"query-input":{"@type":"PropertyValueSpecification","valueRequired":true,"valueName":"search_term_string"}}],"inLanguage":"it-IT"}]}},"_links":{"self":[{"href":"https:\/\/www.accuratereviews.com\/it\/wp-json\/wp\/v2\/pages\/60265","targetHints":{"allow":["GET"]}}],"collection":[{"href":"https:\/\/www.accuratereviews.com\/it\/wp-json\/wp\/v2\/pages"}],"about":[{"href":"https:\/\/www.accuratereviews.com\/it\/wp-json\/wp\/v2\/types\/page"}],"author":[{"embeddable":true,"href":"https:\/\/www.accuratereviews.com\/it\/wp-json\/wp\/v2\/users\/16"}],"replies":[{"embeddable":true,"href":"https:\/\/www.accuratereviews.com\/it\/wp-json\/wp\/v2\/comments?post=60265"}],"version-history":[{"count":7,"href":"https:\/\/www.accuratereviews.com\/it\/wp-json\/wp\/v2\/pages\/60265\/revisions"}],"predecessor-version":[{"id":60290,"href":"https:\/\/www.accuratereviews.com\/it\/wp-json\/wp\/v2\/pages\/60265\/revisions\/60290"}],"up":[{"embeddable":true,"href":"https:\/\/www.accuratereviews.com\/it\/wp-json\/wp\/v2\/pages\/59967"}],"wp:featuredmedia":[{"embeddable":true,"href":"https:\/\/www.accuratereviews.com\/it\/wp-json\/wp\/v2\/media\/60266"}],"wp:attachment":[{"href":"https:\/\/www.accuratereviews.com\/it\/wp-json\/wp\/v2\/media?parent=60265"}],"wp:term":[{"taxonomy":"category","embeddable":true,"href":"https:\/\/www.accuratereviews.com\/it\/wp-json\/wp\/v2\/categories?post=60265"},{"taxonomy":"post_tag","embeddable":true,"href":"https:\/\/www.accuratereviews.com\/it\/wp-json\/wp\/v2\/tags?post=60265"},{"taxonomy":"features","embeddable":true,"href":"https:\/\/www.accuratereviews.com\/it\/wp-json\/wp\/v2\/features?post=60265"}],"curies":[{"name":"wp","href":"https:\/\/api.w.org\/{rel}","templated":true}]}}