{"id":6028,"date":"2016-06-17T14:14:35","date_gmt":"2016-06-17T14:14:35","guid":{"rendered":"http:\/\/www.accuratereviews.com\/it\/client-di-posta-i-migliori-software-lista\/em-client\/"},"modified":"2021-04-18T17:26:04","modified_gmt":"2021-04-18T17:26:04","slug":"em-client","status":"publish","type":"page","link":"https:\/\/www.accuratereviews.com\/it\/client-di-posta\/em-client\/","title":{"rendered":"eM Client"},"content":{"rendered":"<p><a href=\"http:\/\/www.accuratereviews.com\/wp-content\/uploads\/2016\/06\/eM-Client.png\"><img loading=\"lazy\" decoding=\"async\" class=\"aligncenter size-large wp-image-4901\" src=\"http:\/\/www.accuratereviews.com\/wp-content\/uploads\/2016\/06\/eM-Client-1024x795.png\" alt=\"eM Client\" width=\"686\" height=\"533\" srcset=\"https:\/\/www.accuratereviews.com\/wp-content\/uploads\/2016\/06\/eM-Client-1024x795.png 1024w, https:\/\/www.accuratereviews.com\/wp-content\/uploads\/2016\/06\/eM-Client-300x233.png 300w, https:\/\/www.accuratereviews.com\/wp-content\/uploads\/2016\/06\/eM-Client-768x596.png 768w, https:\/\/www.accuratereviews.com\/wp-content\/uploads\/2016\/06\/eM-Client-161x125.png 161w, https:\/\/www.accuratereviews.com\/wp-content\/uploads\/2016\/06\/eM-Client-50x39.png 50w, https:\/\/www.accuratereviews.com\/wp-content\/uploads\/2016\/06\/eM-Client-968x752.png 968w, https:\/\/www.accuratereviews.com\/wp-content\/uploads\/2016\/06\/eM-Client-636x494.png 636w, https:\/\/www.accuratereviews.com\/wp-content\/uploads\/2016\/06\/eM-Client-320x249.png 320w, https:\/\/www.accuratereviews.com\/wp-content\/uploads\/2016\/06\/eM-Client-239x186.png 239w, https:\/\/www.accuratereviews.com\/wp-content\/uploads\/2016\/06\/eM-Client.png 1280w\" sizes=\"auto, (max-width: 686px) 100vw, 686px\" \/><\/a><\/p>\n<p><strong>eM Client \u00e8 uno dei client di posta alternativi per Windows pi\u00f9 interessanti<\/strong>.\u00a0 Sul mercato da una decina di anni, eM Client sfrutta un lungo periodo di sviluppo per offrire funzionalit\u00e0 avanzate e una migliore integrazione con i prodotti Microsoft grazie al supporto AirSync. Grazie a un\u2019interfaccia semplice e personalizzabile, <strong>il software \u00e8 consigliabile anche agli utenti pi\u00f9 insperti<\/strong>: per settare un nuovo account, il calendario e la chat sar\u00e0 sufficiente inserire IMAP, SMTP le credenziali. Sono supportati tutti i pi\u00f9 noti provider di posta elettronica. <strong>Non \u00e8 ancora disponibile eM Client in italiano<\/strong>. Per maggiori dettagli vi rimandiamo alla <a href=\"https:\/\/www.accuratereviews.com\/email-client\/em-client\/\" title=\"recensione di eM Client in lingua inglese\">recensione di eM Client in lingua inglese<\/a>. Il programma eM Client \u00e8 disponibile anche Mac.<\/p>\n","protected":false},"excerpt":{"rendered":"<p>eM Client \u00e8 uno dei client di posta alternativi per Windows pi\u00f9 interessanti. Sul mercato da una decina di anni, eM Client sfrutta un lungo periodo di sviluppo per offrire funzionalit\u00e0 avanzate e una migliore integrazione con i prodotti Microsoft grazie al supporto AirSync.<\/p>\n","protected":false},"author":16,"featured_media":0,"parent":5913,"menu_order":6,"comment_status":"open","ping_status":"closed","template":"g1_template_page_review_new.php","meta":{"_acf_changed":false,"cwp_meta_box_check":"Yes","cwp_rev_product_name":"","cwp_rev_product_image":"","wppr_links":[],"cwp_rev_price":"","wppr_options":[],"wppr_pros":[],"wppr_cons":[],"_monsterinsights_skip_tracking":false,"_monsterinsights_sitenote_active":false,"_monsterinsights_sitenote_note":"","_monsterinsights_sitenote_category":0,"footnotes":""},"categories":[119,5675,5677],"tags":[],"features":[],"class_list":{"0":"post-6028","1":"page","2":"type-page","3":"status-publish","5":"category-i-migliori-client-di-posta","6":"category-client-di-posta-per-mac-categoria","7":"category-client-di-posta-per-windows-categoria"},"wppr_data":{"cwp_meta_box_check":"Yes","cwp_rev_product_name":"","cwp_rev_product_image":"","cwp_image_link":"image","cwp_rev_price":"","wppr_rating":"0.00"},"acf":[],"yoast_head":"<!-- This site is optimized with the Yoast SEO plugin v27.4 - https:\/\/yoast.com\/product\/yoast-seo-wordpress\/ -->\n<title>eMC Client recensione miglior client di posta | Accurate Reviews<\/title>\n<meta name=\"description\" content=\"eM Client \u00e8 uno dei client di posta alternativi per Windows pi\u00f9 interessanti. eM Client offre una migliore integrazione con Microsoft grazie ad AirSync\" \/>\n<meta name=\"robots\" content=\"index, follow, max-snippet:-1, max-image-preview:large, max-video-preview:-1\" \/>\n<link rel=\"canonical\" href=\"https:\/\/www.accuratereviews.com\/it\/client-di-posta\/em-client\/\" \/>\n<meta property=\"og:locale\" content=\"it_IT\" \/>\n<meta property=\"og:type\" content=\"article\" \/>\n<meta property=\"og:title\" content=\"eMC Client recensione miglior client di posta | Accurate Reviews\" \/>\n<meta property=\"og:description\" content=\"eM Client \u00e8 uno dei client di posta alternativi per Windows pi\u00f9 interessanti. eM Client offre una migliore integrazione con Microsoft grazie ad AirSync\" \/>\n<meta property=\"og:url\" content=\"https:\/\/www.accuratereviews.com\/it\/client-di-posta\/em-client\/\" \/>\n<meta property=\"og:site_name\" content=\"Accurate Reviews\" \/>\n<meta property=\"article:modified_time\" content=\"2021-04-18T17:26:04+00:00\" \/>\n<meta property=\"og:image\" content=\"http:\/\/www.accuratereviews.com\/wp-content\/uploads\/2016\/06\/eM-Client-1024x795.png\" \/>\n<meta name=\"twitter:card\" content=\"summary_large_image\" \/>\n<meta name=\"twitter:label1\" content=\"Tempo di lettura stimato\" \/>\n\t<meta name=\"twitter:data1\" content=\"1 minuto\" \/>\n<script type=\"application\/ld+json\" class=\"yoast-schema-graph\">{\"@context\":\"https:\\\/\\\/schema.org\",\"@graph\":[{\"@type\":\"WebPage\",\"@id\":\"https:\\\/\\\/www.accuratereviews.com\\\/it\\\/client-di-posta\\\/em-client\\\/\",\"url\":\"https:\\\/\\\/www.accuratereviews.com\\\/it\\\/client-di-posta\\\/em-client\\\/\",\"name\":\"eMC Client recensione miglior client di posta | Accurate Reviews\",\"isPartOf\":{\"@id\":\"https:\\\/\\\/www.accuratereviews.com\\\/it\\\/#website\"},\"primaryImageOfPage\":{\"@id\":\"https:\\\/\\\/www.accuratereviews.com\\\/it\\\/client-di-posta\\\/em-client\\\/#primaryimage\"},\"image\":{\"@id\":\"https:\\\/\\\/www.accuratereviews.com\\\/it\\\/client-di-posta\\\/em-client\\\/#primaryimage\"},\"thumbnailUrl\":\"http:\\\/\\\/www.accuratereviews.com\\\/wp-content\\\/uploads\\\/2016\\\/06\\\/eM-Client-1024x795.png\",\"datePublished\":\"2016-06-17T14:14:35+00:00\",\"dateModified\":\"2021-04-18T17:26:04+00:00\",\"description\":\"eM Client \u00e8 uno dei client di posta alternativi per Windows pi\u00f9 interessanti. eM Client offre una migliore integrazione con Microsoft grazie ad AirSync\",\"breadcrumb\":{\"@id\":\"https:\\\/\\\/www.accuratereviews.com\\\/it\\\/client-di-posta\\\/em-client\\\/#breadcrumb\"},\"inLanguage\":\"it-IT\",\"potentialAction\":[{\"@type\":\"ReadAction\",\"target\":[\"https:\\\/\\\/www.accuratereviews.com\\\/it\\\/client-di-posta\\\/em-client\\\/\"]}]},{\"@type\":\"ImageObject\",\"inLanguage\":\"it-IT\",\"@id\":\"https:\\\/\\\/www.accuratereviews.com\\\/it\\\/client-di-posta\\\/em-client\\\/#primaryimage\",\"url\":\"http:\\\/\\\/www.accuratereviews.com\\\/wp-content\\\/uploads\\\/2016\\\/06\\\/eM-Client-1024x795.png\",\"contentUrl\":\"http:\\\/\\\/www.accuratereviews.com\\\/wp-content\\\/uploads\\\/2016\\\/06\\\/eM-Client-1024x795.png\"},{\"@type\":\"BreadcrumbList\",\"@id\":\"https:\\\/\\\/www.accuratereviews.com\\\/it\\\/client-di-posta\\\/em-client\\\/#breadcrumb\",\"itemListElement\":[{\"@type\":\"ListItem\",\"position\":1,\"name\":\"Home\",\"item\":\"https:\\\/\\\/www.accuratereviews.com\\\/it\\\/\"},{\"@type\":\"ListItem\",\"position\":2,\"name\":\"Client di posta\",\"item\":\"https:\\\/\\\/www.accuratereviews.com\\\/it\\\/client-di-posta\\\/\"},{\"@type\":\"ListItem\",\"position\":3,\"name\":\"eM Client\"}]},{\"@type\":\"WebSite\",\"@id\":\"https:\\\/\\\/www.accuratereviews.com\\\/it\\\/#website\",\"url\":\"https:\\\/\\\/www.accuratereviews.com\\\/it\\\/\",\"name\":\"Accurate Reviews\",\"description\":\"\",\"potentialAction\":[{\"@type\":\"SearchAction\",\"target\":{\"@type\":\"EntryPoint\",\"urlTemplate\":\"https:\\\/\\\/www.accuratereviews.com\\\/it\\\/?s={search_term_string}\"},\"query-input\":{\"@type\":\"PropertyValueSpecification\",\"valueRequired\":true,\"valueName\":\"search_term_string\"}}],\"inLanguage\":\"it-IT\"}]}<\/script>\n<!-- \/ Yoast SEO plugin. -->","yoast_head_json":{"title":"eMC Client recensione miglior client di posta | Accurate Reviews","description":"eM Client \u00e8 uno dei client di posta alternativi per Windows pi\u00f9 interessanti. eM Client offre una migliore integrazione con Microsoft grazie ad AirSync","robots":{"index":"index","follow":"follow","max-snippet":"max-snippet:-1","max-image-preview":"max-image-preview:large","max-video-preview":"max-video-preview:-1"},"canonical":"https:\/\/www.accuratereviews.com\/it\/client-di-posta\/em-client\/","og_locale":"it_IT","og_type":"article","og_title":"eMC Client recensione miglior client di posta | Accurate Reviews","og_description":"eM Client \u00e8 uno dei client di posta alternativi per Windows pi\u00f9 interessanti. eM Client offre una migliore integrazione con Microsoft grazie ad AirSync","og_url":"https:\/\/www.accuratereviews.com\/it\/client-di-posta\/em-client\/","og_site_name":"Accurate Reviews","article_modified_time":"2021-04-18T17:26:04+00:00","og_image":[{"url":"http:\/\/www.accuratereviews.com\/wp-content\/uploads\/2016\/06\/eM-Client-1024x795.png","type":"","width":"","height":""}],"twitter_card":"summary_large_image","twitter_misc":{"Tempo di lettura stimato":"1 minuto"},"schema":{"@context":"https:\/\/schema.org","@graph":[{"@type":"WebPage","@id":"https:\/\/www.accuratereviews.com\/it\/client-di-posta\/em-client\/","url":"https:\/\/www.accuratereviews.com\/it\/client-di-posta\/em-client\/","name":"eMC Client recensione miglior client di posta | Accurate Reviews","isPartOf":{"@id":"https:\/\/www.accuratereviews.com\/it\/#website"},"primaryImageOfPage":{"@id":"https:\/\/www.accuratereviews.com\/it\/client-di-posta\/em-client\/#primaryimage"},"image":{"@id":"https:\/\/www.accuratereviews.com\/it\/client-di-posta\/em-client\/#primaryimage"},"thumbnailUrl":"http:\/\/www.accuratereviews.com\/wp-content\/uploads\/2016\/06\/eM-Client-1024x795.png","datePublished":"2016-06-17T14:14:35+00:00","dateModified":"2021-04-18T17:26:04+00:00","description":"eM Client \u00e8 uno dei client di posta alternativi per Windows pi\u00f9 interessanti. eM Client offre una migliore integrazione con Microsoft grazie ad AirSync","breadcrumb":{"@id":"https:\/\/www.accuratereviews.com\/it\/client-di-posta\/em-client\/#breadcrumb"},"inLanguage":"it-IT","potentialAction":[{"@type":"ReadAction","target":["https:\/\/www.accuratereviews.com\/it\/client-di-posta\/em-client\/"]}]},{"@type":"ImageObject","inLanguage":"it-IT","@id":"https:\/\/www.accuratereviews.com\/it\/client-di-posta\/em-client\/#primaryimage","url":"http:\/\/www.accuratereviews.com\/wp-content\/uploads\/2016\/06\/eM-Client-1024x795.png","contentUrl":"http:\/\/www.accuratereviews.com\/wp-content\/uploads\/2016\/06\/eM-Client-1024x795.png"},{"@type":"BreadcrumbList","@id":"https:\/\/www.accuratereviews.com\/it\/client-di-posta\/em-client\/#breadcrumb","itemListElement":[{"@type":"ListItem","position":1,"name":"Home","item":"https:\/\/www.accuratereviews.com\/it\/"},{"@type":"ListItem","position":2,"name":"Client di posta","item":"https:\/\/www.accuratereviews.com\/it\/client-di-posta\/"},{"@type":"ListItem","position":3,"name":"eM Client"}]},{"@type":"WebSite","@id":"https:\/\/www.accuratereviews.com\/it\/#website","url":"https:\/\/www.accuratereviews.com\/it\/","name":"Accurate Reviews","description":"","potentialAction":[{"@type":"SearchAction","target":{"@type":"EntryPoint","urlTemplate":"https:\/\/www.accuratereviews.com\/it\/?s={search_term_string}"},"query-input":{"@type":"PropertyValueSpecification","valueRequired":true,"valueName":"search_term_string"}}],"inLanguage":"it-IT"}]}},"_links":{"self":[{"href":"https:\/\/www.accuratereviews.com\/it\/wp-json\/wp\/v2\/pages\/6028","targetHints":{"allow":["GET"]}}],"collection":[{"href":"https:\/\/www.accuratereviews.com\/it\/wp-json\/wp\/v2\/pages"}],"about":[{"href":"https:\/\/www.accuratereviews.com\/it\/wp-json\/wp\/v2\/types\/page"}],"author":[{"embeddable":true,"href":"https:\/\/www.accuratereviews.com\/it\/wp-json\/wp\/v2\/users\/16"}],"replies":[{"embeddable":true,"href":"https:\/\/www.accuratereviews.com\/it\/wp-json\/wp\/v2\/comments?post=6028"}],"version-history":[{"count":7,"href":"https:\/\/www.accuratereviews.com\/it\/wp-json\/wp\/v2\/pages\/6028\/revisions"}],"predecessor-version":[{"id":40244,"href":"https:\/\/www.accuratereviews.com\/it\/wp-json\/wp\/v2\/pages\/6028\/revisions\/40244"}],"up":[{"embeddable":true,"href":"https:\/\/www.accuratereviews.com\/it\/wp-json\/wp\/v2\/pages\/5913"}],"wp:attachment":[{"href":"https:\/\/www.accuratereviews.com\/it\/wp-json\/wp\/v2\/media?parent=6028"}],"wp:term":[{"taxonomy":"category","embeddable":true,"href":"https:\/\/www.accuratereviews.com\/it\/wp-json\/wp\/v2\/categories?post=6028"},{"taxonomy":"post_tag","embeddable":true,"href":"https:\/\/www.accuratereviews.com\/it\/wp-json\/wp\/v2\/tags?post=6028"},{"taxonomy":"features","embeddable":true,"href":"https:\/\/www.accuratereviews.com\/it\/wp-json\/wp\/v2\/features?post=6028"}],"curies":[{"name":"wp","href":"https:\/\/api.w.org\/{rel}","templated":true}]}}