{"id":60299,"date":"2022-08-04T10:45:32","date_gmt":"2022-08-04T10:45:32","guid":{"rendered":"https:\/\/www.accuratereviews.com\/?page_id=60299"},"modified":"2022-08-04T10:45:32","modified_gmt":"2022-08-04T10:45:32","slug":"sportsman-web-recensione","status":"publish","type":"page","link":"https:\/\/www.accuratereviews.com\/it\/software-per-campeggi\/sportsman-web-recensione\/","title":{"rendered":"Sportsman Web"},"content":{"rendered":"<p><strong>Sportsman<\/strong>\u00a0<strong>Web<\/strong>\u00a0\u00e8 una <strong>soluzione per campeggi<\/strong> basato su <strong>cloud<\/strong> con funzionalit\u00e0 aggiornate e un&#8217;interfaccia intuitiva, rendendo semplice come non mai la gestione delle attivit\u00e0 e delle registrazioni delle strutture online. Reporting, cronometraggio, controllo dell&#8217;inventario, punto vendita e persino un nuovo modulo da golf sono ora disponibili e accessibili su qualsiasi dispositivo.\u00a0Crea, definisci e organizza facilmente le tue attivit\u00e0 in programmi e categorie, inclusi sport giovanili, lezioni di nuoto, sessioni di campeggio e altro ancora. Aggiungi domande di registrazione personalizzate, imposta liste di attesa, includi esenzioni personalizzate, verifica l&#8217;et\u00e0 e segnala tutte le tue attivit\u00e0.\u00a0Configura il geofencing per i requisiti residenti e non residenti. Elabora facilmente i pagamenti ricorrenti dell&#8217;abbonamento. Cattura le foto dei membri per le convalide dell&#8217;ammissione e imposta gli scopi e le restrizioni di ammissione.<\/p>\n<h2>SPORTSMAN WEB &#8211; TUTORIAL<\/h2>\n<p>&nbsp;<\/p>\n<div id=\"fluid-wrapper-counter-1\" class=\"g1-fluid-wrapper \" style=\"width:686px;\">\n<div style=\"padding-bottom:56.268221574344%;\"><iframe loading=\"lazy\" title=\"Introduction to Sportsman Web\" width=\"686\" height=\"386\" src=\"https:\/\/www.youtube.com\/embed\/hqFCvD-TMzQ?feature=oembed&amp;wmode=transparent&amp;autohide=1&amp;autoplay=0&amp;disablekb=0&amp;fs=1&amp;loop=0&amp;enablejsapi=1&amp;rel=0&amp;controls=2&amp;showinfo=0&amp;wmode=transparent&amp;autohide=2&amp;autoplay=0&amp;disablekb=0&amp;fs=1&amp;loop=0&amp;enablejsapi=1&amp;rel=0&amp;controls=2&amp;showinfo=1\" frameborder=\"0\" allow=\"accelerometer; autoplay; clipboard-write; encrypted-media; gyroscope; picture-in-picture\" allowfullscreen><\/iframe><\/div>\n<\/div>\n<h3>SPORTSMAN WEB &#8211; CARATTERISTICHE<\/h3>\n<ul>\n<li><strong>Registrazione attivit\u00e0<\/strong>: crea, definisci e organizza facilmente le tue attivit\u00e0 in programmi e categorie, inclusi sport giovanili, lezioni di nuoto, sessioni di campeggio e altro ancora. Aggiungi domande di registrazione personalizzate, imposta liste di attesa, includi esenzioni personalizzate, verifica le et\u00e0 e segnala tutte le tue attivit\u00e0<\/li>\n<li><strong>Prenotazione struttura<\/strong>: definisci e organizza le tue strutture per la prenotazione di persona e online. Imposta domande personalizzate, associa tariffe basate sulle domande e includi esenzioni specifiche per la struttura. Aggiungi i dettagli della struttura e le immagini sul tuo sito Web ActivityReg<\/li>\n<li><strong>Gestione degli abbonamenti<\/strong>: crea e gestisci pi\u00f9 tipi di abbonamento. Configura il geofencing per i requisiti residenti e non residenti. Elabora facilmente i pagamenti ricorrenti dell&#8217;abbonamento. Cattura le foto dei membri per le convalide dell&#8217;ammissione e imposta gli scopi e le restrizioni di ammissione<\/li>\n<li><strong>Registrazione online<\/strong>: personalizza il tuo sito web patron ActivityReg per registrazioni, prenotazioni e pagamenti convenienti su pc, tablet o telefono. I membri della community potranno vedere cosa sta succedendo e registrarsi rapidamente per partecipare. I clienti possono anche accedere e possono tenere traccia delle loro attivit\u00e0 e gestire le informazioni sulla loro famiglia<\/li>\n<li><strong>Basato su cloud:<\/strong> smetti di preoccuparti di mantenere il tuo server e proteggere i tuoi dati. Il programma include backup automatici, sicurezza e affidabilit\u00e0<\/li>\n<li><strong>Monitoraggio delle presenze<\/strong>: automatizza facilmente l&#8217;ammissione alle lezioni con la scansione della chiave magnetica. Tieni traccia e segnala le presenze per motivi di sicurezza e fatturazione. Gli istruttori possono correggere gli elenchi e consentire l&#8217;ammissione<\/li>\n<li><strong>Punto vendita<\/strong>: crea pulsanti e schermate del registratore di cassa divertenti ed efficienti che consentano pagamenti rapidi. Elabora pagamenti in contanti, carta di credito e credito sul conto. Chiusura automatica delle casse giornaliere e riconciliazione e reportistica semplici per tipo di transazione e codice GL<\/li>\n<li><strong>Controllo dell&#8217;inventario<\/strong>: monitora e traccia le tue merci inclusi posizione, colore, dimensioni e prezzo. Gestisci gli sconti, imposta avvisi di riordino e comprendi i ricavi prodotti<\/li>\n<li><strong>Comunicazione<\/strong>: email e\/o sms dai rapporti dei partecipanti per comunicare istantaneamente i cambiamenti di attivit\u00e0 e altre informazioni tempestive<\/li>\n<li><strong>Gestione del golf<\/strong>: crea facilmente tee time e controlla le iscrizioni interne e online. Aggiungi rapidamente e facilmente i costi di noleggio del carrello da golf e dell&#8217;attrezzatura prima che la vendita sia finalizzata. Gestisci gli abbonamenti e i privilegi del golf<\/li>\n<li><strong>Affitti<\/strong>: tieni traccia e gestisci facilmente i noleggi inclusi armadietti, kit, attrezzature, ecc. Noleggio a ore o in qualsiasi fascia oraria. Imposta la fatturazione ricorrente per gli armadietti e trova potenti rapporti sull&#8217;attivit\u00e0 di noleggio e sulla disponibilit\u00e0.<\/li>\n<\/ul>\n<h4>LE RECENSIONI DEGLI UTENTI<\/h4>\n<p class=\"fw-bold mb-2\"><strong>Thad&#8221;Buon prodotto&#8221;<\/strong><\/p>\n<p><span class=\"fw-bold\"><strong>Commenti<\/strong>: <\/span>Siamo soddisfatti di Sportsman WEB<\/p>\n<p class=\"fw-bold mb-2\"><strong>Pro<\/strong>:\u00a0Sportsman \u00e8 semplice ed essenziale da usare mentre soddisfa le nostre esigenze.<\/p>\n<p class=\"fw-bold mb-2\"><strong>Contro<\/strong>:\u00a0Qualche intoppo nel modulo di programmazione.<\/p>\n<p class=\"fw-bold mb-2\"><strong>Christopher&#8221;SportsMan \u00e8 stata una manna dal cielo per le nostre operazioni complesse.&#8221;<\/strong><\/p>\n<p><span class=\"fw-bold\"><strong>Commenti<\/strong>: <\/span>Da quando siamo passati a SportsMan, abbiamo finalmente un&#8217;opzione online praticabile per i nostri clienti per la registrazione ai nostri programmi.<\/p>\n<p class=\"fw-bold mb-2\"><strong>Pro<\/strong>:\u00a0La facilit\u00e0 d&#8217;uso complessiva di SportsMan e SportsMan Web ha reso il nostro lavoro molto pi\u00f9 efficiente. La dashboard personalizzabile \u00e8 di prim&#8217;ordine in quanto fornisce informazioni in tempo reale sulle nostre operazioni quotidiane.<\/p>\n<p class=\"fw-bold mb-2\"><strong>Contro<\/strong>:\u00a0Al momento della stesura di questo articolo non ci sono stati svantaggi evidenti per il prodotto.<\/p>\n<p class=\"fw-bold mb-2\"><strong>Susan&#8221;Il software \u00e8 facile da usare e il team di supporto \u00e8 esemplare&#8221;<\/strong><\/p>\n<p><span class=\"fw-bold\"><strong>Commenti<\/strong>: <\/span>Abbiamo un posto per tutte le iscrizioni, le attivit\u00e0, le prenotazioni delle strutture, le tariffe e gli eventi speciali. \u00c8 stato un aiuto straordinario durante gli ultimi 2 anni e mezzo di bisogni mutevoli e nuove pratiche. Il team di sviluppo \u00e8 stato in grado di aggiungere cos\u00ec tante nuove funzionalit\u00e0 per tutte le nuove esigenze che non erano mai state necessarie prima della pandemia.<\/p>\n<p class=\"fw-bold mb-2\"><strong>Pro<\/strong>:\u00a0La versione Web \u00e8 molto intuitiva e facile da usare. Le selezioni per definire tutte le nostre esigenze sono chiare, ampie e facili da scegliere. La cosa migliore di Sportsman \u00e8 il loro team di supporto e sviluppo.<\/p>\n<p class=\"fw-bold mb-2\"><strong>Contro<\/strong>:\u00a0Non riesco davvero a pensare a niente che non mi piace.<\/p>\n","protected":false},"excerpt":{"rendered":"<p>Sportsman\u00a0Web\u00a0\u00e8 una soluzione per campeggi basato su cloud con funzionalit\u00e0 aggiornate e un&#8217;interfaccia intuitiva, rendendo semplice come non mai la gestione delle attivit\u00e0 e delle registrazioni delle strutture online. Reporting, cronometraggio, controllo dell&#8217;inventario, punto vendita e persino un nuovo modulo da golf sono ora disponibili e accessibili su qualsiasi dispositivo.<\/p>\n","protected":false},"author":16,"featured_media":60336,"parent":59967,"menu_order":0,"comment_status":"open","ping_status":"closed","template":"g1_template_page_review_new.php","meta":{"_acf_changed":false,"cwp_meta_box_check":"No","cwp_rev_product_name":"","cwp_rev_product_image":"","wppr_links":[],"cwp_rev_price":"","wppr_options":[],"wppr_pros":[],"wppr_cons":[],"_monsterinsights_skip_tracking":false,"_monsterinsights_sitenote_active":false,"_monsterinsights_sitenote_note":"","_monsterinsights_sitenote_category":0,"footnotes":""},"categories":[13062],"tags":[13084,13083,13064,13082,13140],"features":[],"class_list":{"0":"post-60299","1":"page","2":"type-page","3":"status-publish","4":"has-post-thumbnail","6":"category-software-campeggi-cat","7":"tag-piattaforma-per-campeggi","8":"tag-programma-per-campeggi","9":"tag-software-per-campeggi","10":"tag-soluzione-per-campeggi","11":"tag-sportsman-web"},"wppr_data":{"cwp_meta_box_check":"No"},"acf":[],"yoast_head":"<!-- This site is optimized with the Yoast SEO plugin v27.4 - https:\/\/yoast.com\/product\/yoast-seo-wordpress\/ -->\n<title>Sportsman\u00a0Web: recensione software per campeggi - Accurate Reviews<\/title>\n<meta name=\"description\" content=\"Sportsman\u00a0Web: recensione\u00a0soluzione per campeggi basato su cloud con funzionalit\u00e0 aggiornate e un&#039;interfaccia intuitiva.\" \/>\n<meta name=\"robots\" content=\"index, follow, max-snippet:-1, max-image-preview:large, max-video-preview:-1\" \/>\n<link rel=\"canonical\" href=\"https:\/\/www.accuratereviews.com\/it\/software-per-campeggi\/sportsman-web-recensione\/\" \/>\n<meta property=\"og:locale\" content=\"it_IT\" \/>\n<meta property=\"og:type\" content=\"article\" \/>\n<meta property=\"og:title\" content=\"Sportsman\u00a0Web: recensione software per campeggi - Accurate Reviews\" \/>\n<meta property=\"og:description\" content=\"Sportsman\u00a0Web: recensione\u00a0soluzione per campeggi basato su cloud con funzionalit\u00e0 aggiornate e un&#039;interfaccia intuitiva.\" \/>\n<meta property=\"og:url\" content=\"https:\/\/www.accuratereviews.com\/it\/software-per-campeggi\/sportsman-web-recensione\/\" \/>\n<meta property=\"og:site_name\" content=\"Accurate Reviews\" \/>\n<meta property=\"og:image\" content=\"https:\/\/www.accuratereviews.com\/wp-content\/uploads\/2022\/08\/Sportsman-Web.webp\" \/>\n\t<meta property=\"og:image:width\" content=\"270\" \/>\n\t<meta property=\"og:image:height\" content=\"248\" \/>\n\t<meta property=\"og:image:type\" content=\"image\/webp\" \/>\n<meta name=\"twitter:card\" content=\"summary_large_image\" \/>\n<meta name=\"twitter:label1\" content=\"Tempo di lettura stimato\" \/>\n\t<meta name=\"twitter:data1\" content=\"5 minuti\" \/>\n<script type=\"application\/ld+json\" class=\"yoast-schema-graph\">{\"@context\":\"https:\\\/\\\/schema.org\",\"@graph\":[{\"@type\":\"WebPage\",\"@id\":\"https:\\\/\\\/www.accuratereviews.com\\\/it\\\/software-per-campeggi\\\/sportsman-web-recensione\\\/\",\"url\":\"https:\\\/\\\/www.accuratereviews.com\\\/it\\\/software-per-campeggi\\\/sportsman-web-recensione\\\/\",\"name\":\"Sportsman\u00a0Web: recensione software per campeggi - Accurate Reviews\",\"isPartOf\":{\"@id\":\"https:\\\/\\\/www.accuratereviews.com\\\/it\\\/#website\"},\"primaryImageOfPage\":{\"@id\":\"https:\\\/\\\/www.accuratereviews.com\\\/it\\\/software-per-campeggi\\\/sportsman-web-recensione\\\/#primaryimage\"},\"image\":{\"@id\":\"https:\\\/\\\/www.accuratereviews.com\\\/it\\\/software-per-campeggi\\\/sportsman-web-recensione\\\/#primaryimage\"},\"thumbnailUrl\":\"https:\\\/\\\/www.accuratereviews.com\\\/wp-content\\\/uploads\\\/2022\\\/08\\\/Sportsman-Web.webp\",\"datePublished\":\"2022-08-04T10:45:32+00:00\",\"description\":\"Sportsman\u00a0Web: recensione\u00a0soluzione per campeggi basato su cloud con funzionalit\u00e0 aggiornate e un'interfaccia intuitiva.\",\"breadcrumb\":{\"@id\":\"https:\\\/\\\/www.accuratereviews.com\\\/it\\\/software-per-campeggi\\\/sportsman-web-recensione\\\/#breadcrumb\"},\"inLanguage\":\"it-IT\",\"potentialAction\":[{\"@type\":\"ReadAction\",\"target\":[\"https:\\\/\\\/www.accuratereviews.com\\\/it\\\/software-per-campeggi\\\/sportsman-web-recensione\\\/\"]}]},{\"@type\":\"ImageObject\",\"inLanguage\":\"it-IT\",\"@id\":\"https:\\\/\\\/www.accuratereviews.com\\\/it\\\/software-per-campeggi\\\/sportsman-web-recensione\\\/#primaryimage\",\"url\":\"https:\\\/\\\/www.accuratereviews.com\\\/wp-content\\\/uploads\\\/2022\\\/08\\\/Sportsman-Web.webp\",\"contentUrl\":\"https:\\\/\\\/www.accuratereviews.com\\\/wp-content\\\/uploads\\\/2022\\\/08\\\/Sportsman-Web.webp\",\"width\":270,\"height\":248},{\"@type\":\"BreadcrumbList\",\"@id\":\"https:\\\/\\\/www.accuratereviews.com\\\/it\\\/software-per-campeggi\\\/sportsman-web-recensione\\\/#breadcrumb\",\"itemListElement\":[{\"@type\":\"ListItem\",\"position\":1,\"name\":\"Home\",\"item\":\"https:\\\/\\\/www.accuratereviews.com\\\/it\\\/\"},{\"@type\":\"ListItem\",\"position\":2,\"name\":\"Software per campeggi\",\"item\":\"https:\\\/\\\/www.accuratereviews.com\\\/it\\\/software-per-campeggi\\\/\"},{\"@type\":\"ListItem\",\"position\":3,\"name\":\"Sportsman Web\"}]},{\"@type\":\"WebSite\",\"@id\":\"https:\\\/\\\/www.accuratereviews.com\\\/it\\\/#website\",\"url\":\"https:\\\/\\\/www.accuratereviews.com\\\/it\\\/\",\"name\":\"Accurate Reviews\",\"description\":\"\",\"potentialAction\":[{\"@type\":\"SearchAction\",\"target\":{\"@type\":\"EntryPoint\",\"urlTemplate\":\"https:\\\/\\\/www.accuratereviews.com\\\/it\\\/?s={search_term_string}\"},\"query-input\":{\"@type\":\"PropertyValueSpecification\",\"valueRequired\":true,\"valueName\":\"search_term_string\"}}],\"inLanguage\":\"it-IT\"}]}<\/script>\n<!-- \/ Yoast SEO plugin. -->","yoast_head_json":{"title":"Sportsman\u00a0Web: recensione software per campeggi - Accurate Reviews","description":"Sportsman\u00a0Web: recensione\u00a0soluzione per campeggi basato su cloud con funzionalit\u00e0 aggiornate e un'interfaccia intuitiva.","robots":{"index":"index","follow":"follow","max-snippet":"max-snippet:-1","max-image-preview":"max-image-preview:large","max-video-preview":"max-video-preview:-1"},"canonical":"https:\/\/www.accuratereviews.com\/it\/software-per-campeggi\/sportsman-web-recensione\/","og_locale":"it_IT","og_type":"article","og_title":"Sportsman\u00a0Web: recensione software per campeggi - Accurate Reviews","og_description":"Sportsman\u00a0Web: recensione\u00a0soluzione per campeggi basato su cloud con funzionalit\u00e0 aggiornate e un'interfaccia intuitiva.","og_url":"https:\/\/www.accuratereviews.com\/it\/software-per-campeggi\/sportsman-web-recensione\/","og_site_name":"Accurate Reviews","og_image":[{"width":270,"height":248,"url":"https:\/\/www.accuratereviews.com\/wp-content\/uploads\/2022\/08\/Sportsman-Web.webp","type":"image\/webp"}],"twitter_card":"summary_large_image","twitter_misc":{"Tempo di lettura stimato":"5 minuti"},"schema":{"@context":"https:\/\/schema.org","@graph":[{"@type":"WebPage","@id":"https:\/\/www.accuratereviews.com\/it\/software-per-campeggi\/sportsman-web-recensione\/","url":"https:\/\/www.accuratereviews.com\/it\/software-per-campeggi\/sportsman-web-recensione\/","name":"Sportsman\u00a0Web: recensione software per campeggi - Accurate Reviews","isPartOf":{"@id":"https:\/\/www.accuratereviews.com\/it\/#website"},"primaryImageOfPage":{"@id":"https:\/\/www.accuratereviews.com\/it\/software-per-campeggi\/sportsman-web-recensione\/#primaryimage"},"image":{"@id":"https:\/\/www.accuratereviews.com\/it\/software-per-campeggi\/sportsman-web-recensione\/#primaryimage"},"thumbnailUrl":"https:\/\/www.accuratereviews.com\/wp-content\/uploads\/2022\/08\/Sportsman-Web.webp","datePublished":"2022-08-04T10:45:32+00:00","description":"Sportsman\u00a0Web: recensione\u00a0soluzione per campeggi basato su cloud con funzionalit\u00e0 aggiornate e un'interfaccia intuitiva.","breadcrumb":{"@id":"https:\/\/www.accuratereviews.com\/it\/software-per-campeggi\/sportsman-web-recensione\/#breadcrumb"},"inLanguage":"it-IT","potentialAction":[{"@type":"ReadAction","target":["https:\/\/www.accuratereviews.com\/it\/software-per-campeggi\/sportsman-web-recensione\/"]}]},{"@type":"ImageObject","inLanguage":"it-IT","@id":"https:\/\/www.accuratereviews.com\/it\/software-per-campeggi\/sportsman-web-recensione\/#primaryimage","url":"https:\/\/www.accuratereviews.com\/wp-content\/uploads\/2022\/08\/Sportsman-Web.webp","contentUrl":"https:\/\/www.accuratereviews.com\/wp-content\/uploads\/2022\/08\/Sportsman-Web.webp","width":270,"height":248},{"@type":"BreadcrumbList","@id":"https:\/\/www.accuratereviews.com\/it\/software-per-campeggi\/sportsman-web-recensione\/#breadcrumb","itemListElement":[{"@type":"ListItem","position":1,"name":"Home","item":"https:\/\/www.accuratereviews.com\/it\/"},{"@type":"ListItem","position":2,"name":"Software per campeggi","item":"https:\/\/www.accuratereviews.com\/it\/software-per-campeggi\/"},{"@type":"ListItem","position":3,"name":"Sportsman Web"}]},{"@type":"WebSite","@id":"https:\/\/www.accuratereviews.com\/it\/#website","url":"https:\/\/www.accuratereviews.com\/it\/","name":"Accurate Reviews","description":"","potentialAction":[{"@type":"SearchAction","target":{"@type":"EntryPoint","urlTemplate":"https:\/\/www.accuratereviews.com\/it\/?s={search_term_string}"},"query-input":{"@type":"PropertyValueSpecification","valueRequired":true,"valueName":"search_term_string"}}],"inLanguage":"it-IT"}]}},"_links":{"self":[{"href":"https:\/\/www.accuratereviews.com\/it\/wp-json\/wp\/v2\/pages\/60299","targetHints":{"allow":["GET"]}}],"collection":[{"href":"https:\/\/www.accuratereviews.com\/it\/wp-json\/wp\/v2\/pages"}],"about":[{"href":"https:\/\/www.accuratereviews.com\/it\/wp-json\/wp\/v2\/types\/page"}],"author":[{"embeddable":true,"href":"https:\/\/www.accuratereviews.com\/it\/wp-json\/wp\/v2\/users\/16"}],"replies":[{"embeddable":true,"href":"https:\/\/www.accuratereviews.com\/it\/wp-json\/wp\/v2\/comments?post=60299"}],"version-history":[{"count":7,"href":"https:\/\/www.accuratereviews.com\/it\/wp-json\/wp\/v2\/pages\/60299\/revisions"}],"predecessor-version":[{"id":60347,"href":"https:\/\/www.accuratereviews.com\/it\/wp-json\/wp\/v2\/pages\/60299\/revisions\/60347"}],"up":[{"embeddable":true,"href":"https:\/\/www.accuratereviews.com\/it\/wp-json\/wp\/v2\/pages\/59967"}],"wp:featuredmedia":[{"embeddable":true,"href":"https:\/\/www.accuratereviews.com\/it\/wp-json\/wp\/v2\/media\/60336"}],"wp:attachment":[{"href":"https:\/\/www.accuratereviews.com\/it\/wp-json\/wp\/v2\/media?parent=60299"}],"wp:term":[{"taxonomy":"category","embeddable":true,"href":"https:\/\/www.accuratereviews.com\/it\/wp-json\/wp\/v2\/categories?post=60299"},{"taxonomy":"post_tag","embeddable":true,"href":"https:\/\/www.accuratereviews.com\/it\/wp-json\/wp\/v2\/tags?post=60299"},{"taxonomy":"features","embeddable":true,"href":"https:\/\/www.accuratereviews.com\/it\/wp-json\/wp\/v2\/features?post=60299"}],"curies":[{"name":"wp","href":"https:\/\/api.w.org\/{rel}","templated":true}]}}