{"id":60350,"date":"2022-08-04T14:25:07","date_gmt":"2022-08-04T14:25:07","guid":{"rendered":"https:\/\/www.accuratereviews.com\/?page_id=60350"},"modified":"2022-08-08T12:50:31","modified_gmt":"2022-08-08T12:50:31","slug":"camplife-recensione","status":"publish","type":"page","link":"https:\/\/www.accuratereviews.com\/it\/software-per-campeggi\/camplife-recensione\/","title":{"rendered":"CampLife"},"content":{"rendered":"<p><strong>CampLife<\/strong> \u00e8 un <strong>software per gestire campeggi<\/strong>, resort all&#8217;aperto di qualsiasi tipo e attivit\u00e0 alberghiere che permette ai proprietari di migliorare il servizio offerto ai clienti. Infatti si tratta di una piattaforma online che ottimizza i tempi e i costi di gestione grazie all&#8217;automazione delle prenotazioni, delle comunicazioni, dei report, dei pagamenti e di molto altro ancora.<br \/>\nQuesto programma gestionale serve centinaia di parchi e campeggi in tutto il Nord America e permette agli utenti che vi accedono di scegliere la sistemazione in base alle proprie esigenze, il tutto in pochi clic.<\/p>\n<h2>CAMPLIFE &#8211; TUTORIAL<\/h2>\n<div id=\"fluid-wrapper-counter-1\" class=\"g1-fluid-wrapper \" style=\"width:686px;\">\n<div style=\"padding-bottom:56.268221574344%;\"><iframe loading=\"lazy\" title=\"Send Texts to all Your Guests with CampLife Reservation Software\" width=\"686\" height=\"386\" src=\"https:\/\/www.youtube.com\/embed\/fHZWurkfzo0?feature=oembed&amp;wmode=transparent&amp;autohide=1&amp;autoplay=0&amp;disablekb=0&amp;fs=1&amp;loop=0&amp;enablejsapi=1&amp;rel=0&amp;controls=2&amp;showinfo=0&amp;wmode=transparent&amp;autohide=2&amp;autoplay=0&amp;disablekb=0&amp;fs=1&amp;loop=0&amp;enablejsapi=1&amp;rel=0&amp;controls=2&amp;showinfo=1\" frameborder=\"0\" allow=\"accelerometer; autoplay; clipboard-write; encrypted-media; gyroscope; picture-in-picture\" allowfullscreen><\/iframe><\/div>\n<\/div>\n<h3>CAMPLIFE &#8211; CARATTERISTICHE<\/h3>\n<ul>\n<li><strong>Punto vendita<\/strong>: mantieni le operazioni efficienti e la contabilit\u00e0 in ordine. Organizza e vendi quanti o pochi articoli vuoi! Monitora il costo della merce venduta, l&#8217;inventario degli articoli, i punti di riordino e le fatture, ed esporta i rapporti in Quickbooks<\/li>\n<li><strong>Raccogliere firme digitali<\/strong>: puoi creare, gestire e accedere in modo sicuro a documenti legali firmati elettronicamente, 24 ore su 24, 7 giorni su 7. Gli ospiti possono visualizzare e firmare i moduli sui propri dispositivi<\/li>\n<li><strong>Mappe interattive dei campeggi<\/strong>: effettua le prenotazioni dalla mappa del vostro parco, invece di armeggiare con una griglia<\/li>\n<li><strong>Immagini e video del sito<\/strong>: gli ospiti si preoccupano di ci\u00f2 che li circonda; \u00e8 per questo che vanno in campeggio! Mostra la tua struttura con una galleria di immagini e video<\/li>\n<li><strong>Utenti illimitati<\/strong>: non dovresti pagare un extra per permettere al tuo personale di utilizzare il vostro software, quindi non verr\u00e0 mai addebitato un costo per utente<\/li>\n<li><strong>Check-in mobile<\/strong>: gli ospiti possono effettuare l&#8217;auto-check-in sul proprio dispositivo e seguire le indicazioni per il loro sito<\/li>\n<li><strong>Pagamento online<\/strong>: con regole di deposito personalizzabili e un&#8217;elaborazione sicura dei pagamenti, mantieni il controllo sui pagamenti e gli ospiti possono rilassarsi sapendo che le loro informazioni personali sono protette<\/li>\n<li><strong>Elaborazione flessibile dei pagamenti<\/strong>: rendi i pagamenti facili per tutti. Con CampLife puoi accettare qualsiasi combinazione di carte di credito Visa, Mastercard, Amex, Discover, assegni o contanti per le transazioni online e per quelle telefoniche\/di ingresso<\/li>\n<li><strong>Chiosco<\/strong>: consente agli ospiti di effettuare prenotazioni, pagare e registrarsi senza bisogno di assistenza da parte del personale.<\/li>\n<\/ul>\n<h4>LE RECENSIONI DEGLI UTENTI<\/h4>\n<p><strong>Erika &#8220;Utile e facile da usare&#8221;<\/strong><br \/>\nPRO: questo prodotto \u00e8 facile da usare e ancora pi\u00f9 facile da correggere qualsiasi errore che si fa<br \/>\nCONTRO: non mi piace il fatto che alcune cose siano facili da cambiare e possano davvero incasinare la pagina, ma alcune semplici operazioni richiedono di chiamare l&#8217;assistenza.<\/p>\n<p><strong>Terry &#8220;Il supporto di Camplife \u00e8 al top!&#8221;<\/strong><br \/>\nCOMMENTI: l&#8217;intero staff di supporto \u00e8 molto amichevole, molto professionale e molto competente quando si tratta di assistere le aziende con il supporto tecnico.<br \/>\nPRO: il prodotto \u00e8 molto facile da usare. Camplife offre diverse opzioni per muoversi all&#8217;interno del sito. \u00c8 possibile scegliere tra una griglia e una mappa.<br \/>\nCONTRO: non credo che cambierei nulla. Camplife ha tutto ci\u00f2 di cui abbiamo bisogno per completare con facilit\u00e0 le attivit\u00e0 quotidiane, settimanali, mensili e stagionali.<\/p>\n<p><strong>Cristopher &#8220;L&#8217;esperienza di Camplife&#8221;<\/strong><br \/>\nPRO: la disponibilit\u00e0 e la qualit\u00e0 del team di assistenza clienti<br \/>\nCONTRO: la tempistica del programma di aggiornamento automatico<\/p>\n","protected":false},"excerpt":{"rendered":"<p>CampLife \u00e8 un software per gestire campeggi, resort all&#8217;aperto di qualsiasi tipo e attivit\u00e0 alberghiere che permette ai proprietari di migliorare il servizio offerto ai clienti. Infatti si tratta di una piattaforma online che ottimizza i tempi e i costi di gestione grazie all&#8217;automazione delle prenotazioni, delle comunicazioni, dei report, dei pagamenti e di molto altro ancora.<\/p>\n","protected":false},"author":17,"featured_media":60351,"parent":59967,"menu_order":0,"comment_status":"open","ping_status":"closed","template":"g1_template_page_review_new.php","meta":{"_acf_changed":false,"cwp_meta_box_check":"No","cwp_rev_product_name":"","cwp_rev_product_image":"","wppr_links":[],"cwp_rev_price":"","wppr_options":[],"wppr_pros":[],"wppr_cons":[],"_monsterinsights_skip_tracking":false,"_monsterinsights_sitenote_active":false,"_monsterinsights_sitenote_note":"","_monsterinsights_sitenote_category":0,"footnotes":""},"categories":[13062],"tags":[13067,13068,13084,13126,13124,13082],"features":[],"class_list":{"0":"post-60350","1":"page","2":"type-page","3":"status-publish","4":"has-post-thumbnail","6":"category-software-campeggi-cat","7":"tag-app-per-campeggi","8":"tag-gestionale-per-campeggi","9":"tag-piattaforma-per-campeggi","10":"tag-programma-di-campeggio","11":"tag-soluzione-di-campeggio","12":"tag-soluzione-per-campeggi"},"wppr_data":{"cwp_meta_box_check":"No"},"acf":[],"yoast_head":"<!-- This site is optimized with the Yoast SEO plugin v27.4 - https:\/\/yoast.com\/product\/yoast-seo-wordpress\/ -->\n<title>CampLife: recensione software campeggi - Accurate Reviews<\/title>\n<meta name=\"description\" content=\"CampLife: recensione del oftware per gestire campeggi, resort all&#039;aperto di qualsiasi tipo e attivit\u00e0 alberghiere.\" \/>\n<meta name=\"robots\" content=\"index, follow, max-snippet:-1, max-image-preview:large, max-video-preview:-1\" \/>\n<link rel=\"canonical\" href=\"https:\/\/www.accuratereviews.com\/it\/software-per-campeggi\/camplife-recensione\/\" \/>\n<meta property=\"og:locale\" content=\"it_IT\" \/>\n<meta property=\"og:type\" content=\"article\" \/>\n<meta property=\"og:title\" content=\"CampLife: recensione software campeggi - Accurate Reviews\" \/>\n<meta property=\"og:description\" content=\"CampLife: recensione del oftware per gestire campeggi, resort all&#039;aperto di qualsiasi tipo e attivit\u00e0 alberghiere.\" \/>\n<meta property=\"og:url\" content=\"https:\/\/www.accuratereviews.com\/it\/software-per-campeggi\/camplife-recensione\/\" \/>\n<meta property=\"og:site_name\" content=\"Accurate Reviews\" \/>\n<meta property=\"article:modified_time\" content=\"2022-08-08T12:50:31+00:00\" \/>\n<meta property=\"og:image\" content=\"https:\/\/www.accuratereviews.com\/wp-content\/uploads\/2022\/08\/supplier-camplife-logo.png\" \/>\n\t<meta property=\"og:image:width\" content=\"360\" \/>\n\t<meta property=\"og:image:height\" content=\"278\" \/>\n\t<meta property=\"og:image:type\" content=\"image\/png\" \/>\n<meta name=\"twitter:card\" content=\"summary_large_image\" \/>\n<meta name=\"twitter:label1\" content=\"Tempo di lettura stimato\" \/>\n\t<meta name=\"twitter:data1\" content=\"3 minuti\" \/>\n<script type=\"application\/ld+json\" class=\"yoast-schema-graph\">{\"@context\":\"https:\\\/\\\/schema.org\",\"@graph\":[{\"@type\":\"WebPage\",\"@id\":\"https:\\\/\\\/www.accuratereviews.com\\\/it\\\/software-per-campeggi\\\/camplife-recensione\\\/\",\"url\":\"https:\\\/\\\/www.accuratereviews.com\\\/it\\\/software-per-campeggi\\\/camplife-recensione\\\/\",\"name\":\"CampLife: recensione software campeggi - Accurate Reviews\",\"isPartOf\":{\"@id\":\"https:\\\/\\\/www.accuratereviews.com\\\/it\\\/#website\"},\"primaryImageOfPage\":{\"@id\":\"https:\\\/\\\/www.accuratereviews.com\\\/it\\\/software-per-campeggi\\\/camplife-recensione\\\/#primaryimage\"},\"image\":{\"@id\":\"https:\\\/\\\/www.accuratereviews.com\\\/it\\\/software-per-campeggi\\\/camplife-recensione\\\/#primaryimage\"},\"thumbnailUrl\":\"https:\\\/\\\/www.accuratereviews.com\\\/wp-content\\\/uploads\\\/2022\\\/08\\\/supplier-camplife-logo.png\",\"datePublished\":\"2022-08-04T14:25:07+00:00\",\"dateModified\":\"2022-08-08T12:50:31+00:00\",\"description\":\"CampLife: recensione del oftware per gestire campeggi, resort all'aperto di qualsiasi tipo e attivit\u00e0 alberghiere.\",\"breadcrumb\":{\"@id\":\"https:\\\/\\\/www.accuratereviews.com\\\/it\\\/software-per-campeggi\\\/camplife-recensione\\\/#breadcrumb\"},\"inLanguage\":\"it-IT\",\"potentialAction\":[{\"@type\":\"ReadAction\",\"target\":[\"https:\\\/\\\/www.accuratereviews.com\\\/it\\\/software-per-campeggi\\\/camplife-recensione\\\/\"]}]},{\"@type\":\"ImageObject\",\"inLanguage\":\"it-IT\",\"@id\":\"https:\\\/\\\/www.accuratereviews.com\\\/it\\\/software-per-campeggi\\\/camplife-recensione\\\/#primaryimage\",\"url\":\"https:\\\/\\\/www.accuratereviews.com\\\/wp-content\\\/uploads\\\/2022\\\/08\\\/supplier-camplife-logo.png\",\"contentUrl\":\"https:\\\/\\\/www.accuratereviews.com\\\/wp-content\\\/uploads\\\/2022\\\/08\\\/supplier-camplife-logo.png\",\"width\":360,\"height\":278},{\"@type\":\"BreadcrumbList\",\"@id\":\"https:\\\/\\\/www.accuratereviews.com\\\/it\\\/software-per-campeggi\\\/camplife-recensione\\\/#breadcrumb\",\"itemListElement\":[{\"@type\":\"ListItem\",\"position\":1,\"name\":\"Home\",\"item\":\"https:\\\/\\\/www.accuratereviews.com\\\/it\\\/\"},{\"@type\":\"ListItem\",\"position\":2,\"name\":\"Software per campeggi\",\"item\":\"https:\\\/\\\/www.accuratereviews.com\\\/it\\\/software-per-campeggi\\\/\"},{\"@type\":\"ListItem\",\"position\":3,\"name\":\"CampLife\"}]},{\"@type\":\"WebSite\",\"@id\":\"https:\\\/\\\/www.accuratereviews.com\\\/it\\\/#website\",\"url\":\"https:\\\/\\\/www.accuratereviews.com\\\/it\\\/\",\"name\":\"Accurate Reviews\",\"description\":\"\",\"potentialAction\":[{\"@type\":\"SearchAction\",\"target\":{\"@type\":\"EntryPoint\",\"urlTemplate\":\"https:\\\/\\\/www.accuratereviews.com\\\/it\\\/?s={search_term_string}\"},\"query-input\":{\"@type\":\"PropertyValueSpecification\",\"valueRequired\":true,\"valueName\":\"search_term_string\"}}],\"inLanguage\":\"it-IT\"}]}<\/script>\n<!-- \/ Yoast SEO plugin. -->","yoast_head_json":{"title":"CampLife: recensione software campeggi - Accurate Reviews","description":"CampLife: recensione del oftware per gestire campeggi, resort all'aperto di qualsiasi tipo e attivit\u00e0 alberghiere.","robots":{"index":"index","follow":"follow","max-snippet":"max-snippet:-1","max-image-preview":"max-image-preview:large","max-video-preview":"max-video-preview:-1"},"canonical":"https:\/\/www.accuratereviews.com\/it\/software-per-campeggi\/camplife-recensione\/","og_locale":"it_IT","og_type":"article","og_title":"CampLife: recensione software campeggi - Accurate Reviews","og_description":"CampLife: recensione del oftware per gestire campeggi, resort all'aperto di qualsiasi tipo e attivit\u00e0 alberghiere.","og_url":"https:\/\/www.accuratereviews.com\/it\/software-per-campeggi\/camplife-recensione\/","og_site_name":"Accurate Reviews","article_modified_time":"2022-08-08T12:50:31+00:00","og_image":[{"width":360,"height":278,"url":"https:\/\/www.accuratereviews.com\/wp-content\/uploads\/2022\/08\/supplier-camplife-logo.png","type":"image\/png"}],"twitter_card":"summary_large_image","twitter_misc":{"Tempo di lettura stimato":"3 minuti"},"schema":{"@context":"https:\/\/schema.org","@graph":[{"@type":"WebPage","@id":"https:\/\/www.accuratereviews.com\/it\/software-per-campeggi\/camplife-recensione\/","url":"https:\/\/www.accuratereviews.com\/it\/software-per-campeggi\/camplife-recensione\/","name":"CampLife: recensione software campeggi - Accurate Reviews","isPartOf":{"@id":"https:\/\/www.accuratereviews.com\/it\/#website"},"primaryImageOfPage":{"@id":"https:\/\/www.accuratereviews.com\/it\/software-per-campeggi\/camplife-recensione\/#primaryimage"},"image":{"@id":"https:\/\/www.accuratereviews.com\/it\/software-per-campeggi\/camplife-recensione\/#primaryimage"},"thumbnailUrl":"https:\/\/www.accuratereviews.com\/wp-content\/uploads\/2022\/08\/supplier-camplife-logo.png","datePublished":"2022-08-04T14:25:07+00:00","dateModified":"2022-08-08T12:50:31+00:00","description":"CampLife: recensione del oftware per gestire campeggi, resort all'aperto di qualsiasi tipo e attivit\u00e0 alberghiere.","breadcrumb":{"@id":"https:\/\/www.accuratereviews.com\/it\/software-per-campeggi\/camplife-recensione\/#breadcrumb"},"inLanguage":"it-IT","potentialAction":[{"@type":"ReadAction","target":["https:\/\/www.accuratereviews.com\/it\/software-per-campeggi\/camplife-recensione\/"]}]},{"@type":"ImageObject","inLanguage":"it-IT","@id":"https:\/\/www.accuratereviews.com\/it\/software-per-campeggi\/camplife-recensione\/#primaryimage","url":"https:\/\/www.accuratereviews.com\/wp-content\/uploads\/2022\/08\/supplier-camplife-logo.png","contentUrl":"https:\/\/www.accuratereviews.com\/wp-content\/uploads\/2022\/08\/supplier-camplife-logo.png","width":360,"height":278},{"@type":"BreadcrumbList","@id":"https:\/\/www.accuratereviews.com\/it\/software-per-campeggi\/camplife-recensione\/#breadcrumb","itemListElement":[{"@type":"ListItem","position":1,"name":"Home","item":"https:\/\/www.accuratereviews.com\/it\/"},{"@type":"ListItem","position":2,"name":"Software per campeggi","item":"https:\/\/www.accuratereviews.com\/it\/software-per-campeggi\/"},{"@type":"ListItem","position":3,"name":"CampLife"}]},{"@type":"WebSite","@id":"https:\/\/www.accuratereviews.com\/it\/#website","url":"https:\/\/www.accuratereviews.com\/it\/","name":"Accurate Reviews","description":"","potentialAction":[{"@type":"SearchAction","target":{"@type":"EntryPoint","urlTemplate":"https:\/\/www.accuratereviews.com\/it\/?s={search_term_string}"},"query-input":{"@type":"PropertyValueSpecification","valueRequired":true,"valueName":"search_term_string"}}],"inLanguage":"it-IT"}]}},"_links":{"self":[{"href":"https:\/\/www.accuratereviews.com\/it\/wp-json\/wp\/v2\/pages\/60350","targetHints":{"allow":["GET"]}}],"collection":[{"href":"https:\/\/www.accuratereviews.com\/it\/wp-json\/wp\/v2\/pages"}],"about":[{"href":"https:\/\/www.accuratereviews.com\/it\/wp-json\/wp\/v2\/types\/page"}],"author":[{"embeddable":true,"href":"https:\/\/www.accuratereviews.com\/it\/wp-json\/wp\/v2\/users\/17"}],"replies":[{"embeddable":true,"href":"https:\/\/www.accuratereviews.com\/it\/wp-json\/wp\/v2\/comments?post=60350"}],"version-history":[{"count":7,"href":"https:\/\/www.accuratereviews.com\/it\/wp-json\/wp\/v2\/pages\/60350\/revisions"}],"predecessor-version":[{"id":60447,"href":"https:\/\/www.accuratereviews.com\/it\/wp-json\/wp\/v2\/pages\/60350\/revisions\/60447"}],"up":[{"embeddable":true,"href":"https:\/\/www.accuratereviews.com\/it\/wp-json\/wp\/v2\/pages\/59967"}],"wp:featuredmedia":[{"embeddable":true,"href":"https:\/\/www.accuratereviews.com\/it\/wp-json\/wp\/v2\/media\/60351"}],"wp:attachment":[{"href":"https:\/\/www.accuratereviews.com\/it\/wp-json\/wp\/v2\/media?parent=60350"}],"wp:term":[{"taxonomy":"category","embeddable":true,"href":"https:\/\/www.accuratereviews.com\/it\/wp-json\/wp\/v2\/categories?post=60350"},{"taxonomy":"post_tag","embeddable":true,"href":"https:\/\/www.accuratereviews.com\/it\/wp-json\/wp\/v2\/tags?post=60350"},{"taxonomy":"features","embeddable":true,"href":"https:\/\/www.accuratereviews.com\/it\/wp-json\/wp\/v2\/features?post=60350"}],"curies":[{"name":"wp","href":"https:\/\/api.w.org\/{rel}","templated":true}]}}