{"id":60371,"date":"2022-08-05T09:38:15","date_gmt":"2022-08-05T09:38:15","guid":{"rendered":"https:\/\/www.accuratereviews.com\/?page_id=60371"},"modified":"2022-08-05T09:38:15","modified_gmt":"2022-08-05T09:38:15","slug":"open-campground-recensione","status":"publish","type":"page","link":"https:\/\/www.accuratereviews.com\/it\/software-per-campeggi\/open-campground-recensione\/","title":{"rendered":"Open Campground"},"content":{"rendered":"<p><strong>Open Campground<\/strong> \u00e8 un <strong>software gestionale per campeggi<\/strong> che offre un sistema di prenotazione online semplice e intuitivo, accessibile sia dal computer che dai dispositivi mobile. Si tratta di una programma open source e gratuito sviluppato con l&#8217;obiettivo di supportare i proprietari di campeggi e di piazzole adibite a campeggio.<br \/>\nAutomatizzando tutta una serie di attivit\u00e0 manuali, <strong>Open Campground<\/strong> \u00e8 in grado di farvi risparmiare tempo e denaro, raggiungendo comunque ottimi risultati e aumentando i profitti.<\/p>\n<h2>OPEN CAMPGROUND &#8211; IMMAGINE<\/h2>\n<p><a href=\"https:\/\/www.accuratereviews.com\/wp-content\/uploads\/2022\/08\/res_list.png\"><img loading=\"lazy\" decoding=\"async\" class=\"alignnone size-full wp-image-60382\" src=\"https:\/\/www.accuratereviews.com\/wp-content\/uploads\/2022\/08\/res_list.png\" alt=\"\" width=\"1113\" height=\"503\" srcset=\"https:\/\/www.accuratereviews.com\/wp-content\/uploads\/2022\/08\/res_list.png 1113w, https:\/\/www.accuratereviews.com\/wp-content\/uploads\/2022\/08\/res_list-300x136.png 300w, https:\/\/www.accuratereviews.com\/wp-content\/uploads\/2022\/08\/res_list-1024x463.png 1024w, https:\/\/www.accuratereviews.com\/wp-content\/uploads\/2022\/08\/res_list-768x347.png 768w, https:\/\/www.accuratereviews.com\/wp-content\/uploads\/2022\/08\/res_list-260x118.png 260w, https:\/\/www.accuratereviews.com\/wp-content\/uploads\/2022\/08\/res_list-50x23.png 50w, https:\/\/www.accuratereviews.com\/wp-content\/uploads\/2022\/08\/res_list-968x437.png 968w, https:\/\/www.accuratereviews.com\/wp-content\/uploads\/2022\/08\/res_list-636x287.png 636w, https:\/\/www.accuratereviews.com\/wp-content\/uploads\/2022\/08\/res_list-320x145.png 320w, https:\/\/www.accuratereviews.com\/wp-content\/uploads\/2022\/08\/res_list-239x108.png 239w\" sizes=\"auto, (max-width: 1113px) 100vw, 1113px\" \/><\/a><\/p>\n<h3>OPEN CAMPGROUND &#8211; CARATTERISTICHE<\/h3>\n<ul>\n<li>Creazione e definizione delle tariffe<\/li>\n<li>Creazione e definizione dei tipi di spazi a cui si applicano le tariffe<\/li>\n<li>Creazione e definizione degli spazi dei vari tipi. Ogni spazio avr\u00e0 un tipo, una tariffa e un nome (che potrebbe essere un numero)<\/li>\n<li>Creazione di prenotazioni con data di inizio e fine<\/li>\n<li>Calcolo e visualizzazione dei costi della prenotazione, comprese le tasse<\/li>\n<li>Visualizzazione di un elenco di prenotazioni e di un elenco di camper presenti nel parco. Dall&#8217;elenco delle prenotazioni \u00e8 possibile annullare, modificare o effettuare il check-in, mentre dall&#8217;elenco delle strutture presenti nel parco \u00e8 possibile effettuare il check-out o la modifica<\/li>\n<li>Creazione di prenotazioni di gruppo associate a un singolo campeggiatore che \u00e8 il capobanda del gruppo<\/li>\n<li>Una serie di rapporti di base, come Arrivi programmati e Partenze programmate<\/li>\n<li>Possibilit\u00e0 di prenotazione remota con pagamenti per la prenotazione<\/li>\n<li>Possibilit\u00e0 di generare e inviare email di conferma.<\/li>\n<\/ul>\n<h4>LE RECENSIONI DEGLI UTENTI<\/h4>\n<p><strong>Sherry &#8220;OPEN CAMPGROUND&#8230; \u00e8 il migliore per i piccoli campeggi&#8221;.<\/strong><br \/>\nPRO: 1. Facilit\u00e0 di inserimento dei dati 2. Facilit\u00e0 di impostazione delle tariffe, ecc. 3. Facilit\u00e0 di regolazione per adattarlo alle mie esigenze 4. Risposte rapide quando ho una domanda. 5. Adoro usare CardConnect per l&#8217;elaborazione delle mie carte di credito.<br \/>\nCONTRO: non ho nessun contro per quanto riguarda Open Campground, ora dopo tre anni l&#8217;ho completamente capito e funziona per me in modo efficiente.<\/p>\n<p><strong>Lynette &#8220;Prodotto eccezionale!<\/strong><br \/>\nPRO: molto economico, facile da configurare, facile da usare e ottimo per lavorare!<br \/>\nCONTRO: non c&#8217;\u00e8 nulla di questo prodotto che non mi piaccia.<\/p>\n<p><strong>David &#8220;Gestione prenotazioni campeggi&#8221;<\/strong><br \/>\nCOMMENTI: ora sono in grado di generare i rapporti che volevo e di cui avevo bisogno e ho un database nel cloud per i miei campeggiatori. Questo rende le prenotazioni ripetute molto pi\u00f9 facili da fare!<br \/>\nPRO: \u00e8 il prodotto perfetto per i campeggi che desiderano un software di prenotazione semplice ma efficace. \u00c8 facile da imparare e da usare. Anche il prezzo \u00e8 accessibile, a differenza della maggior parte dei pacchetti software che richiedono una tassa pi\u00f9 una percentuale sull&#8217;affitto del sito.<br \/>\nCONTRO: sto ancora imparando, ma nel complesso sono molto soddisfatto.<\/p>\n","protected":false},"excerpt":{"rendered":"<p>Open Campground \u00e8 un software gestionale per campeggi che offre un sistema di prenotazione online semplice e intuitivo, accessibile sia dal computer che dai dispositivi mobile. Si tratta di una programma open source e gratuito sviluppato con l&#8217;obiettivo di supportare i proprietari di campeggi e di piazzole adibite a campeggio.<\/p>\n","protected":false},"author":17,"featured_media":60377,"parent":59967,"menu_order":0,"comment_status":"open","ping_status":"closed","template":"g1_template_page_review_new.php","meta":{"_acf_changed":false,"cwp_meta_box_check":"No","cwp_rev_product_name":"","cwp_rev_product_image":"","wppr_links":[],"cwp_rev_price":"","wppr_options":[],"wppr_pros":[],"wppr_cons":[],"_monsterinsights_skip_tracking":false,"_monsterinsights_sitenote_active":false,"_monsterinsights_sitenote_note":"","_monsterinsights_sitenote_category":0,"footnotes":""},"categories":[13062],"tags":[13067,13127,13126,13064,13082],"features":[],"class_list":{"0":"post-60371","1":"page","2":"type-page","3":"status-publish","4":"has-post-thumbnail","6":"category-software-campeggi-cat","7":"tag-app-per-campeggi","8":"tag-piattaforma-di-campeggio","9":"tag-programma-di-campeggio","10":"tag-software-per-campeggi","11":"tag-soluzione-per-campeggi"},"wppr_data":{"cwp_meta_box_check":"No"},"acf":[],"yoast_head":"<!-- This site is optimized with the Yoast SEO plugin v27.4 - https:\/\/yoast.com\/product\/yoast-seo-wordpress\/ -->\n<title>Open Campground: recensione software campeggi - Accurate Reviews<\/title>\n<meta name=\"description\" content=\"Open Campground: recensione del software gestionale per campeggi che offre un sistema di prenotazione online semplice e intuitivo.\" \/>\n<meta name=\"robots\" content=\"index, follow, max-snippet:-1, max-image-preview:large, max-video-preview:-1\" \/>\n<link rel=\"canonical\" href=\"https:\/\/www.accuratereviews.com\/it\/software-per-campeggi\/open-campground-recensione\/\" \/>\n<meta property=\"og:locale\" content=\"it_IT\" \/>\n<meta property=\"og:type\" content=\"article\" \/>\n<meta property=\"og:title\" content=\"Open Campground: recensione software campeggi - Accurate Reviews\" \/>\n<meta property=\"og:description\" content=\"Open Campground: recensione del software gestionale per campeggi che offre un sistema di prenotazione online semplice e intuitivo.\" \/>\n<meta property=\"og:url\" content=\"https:\/\/www.accuratereviews.com\/it\/software-per-campeggi\/open-campground-recensione\/\" \/>\n<meta property=\"og:site_name\" content=\"Accurate Reviews\" \/>\n<meta property=\"og:image\" content=\"https:\/\/www.accuratereviews.com\/wp-content\/uploads\/2022\/08\/OC_logo.2-1.png\" \/>\n\t<meta property=\"og:image:width\" content=\"721\" \/>\n\t<meta property=\"og:image:height\" content=\"200\" \/>\n\t<meta property=\"og:image:type\" content=\"image\/png\" \/>\n<meta name=\"twitter:card\" content=\"summary_large_image\" \/>\n<meta name=\"twitter:label1\" content=\"Tempo di lettura stimato\" \/>\n\t<meta name=\"twitter:data1\" content=\"3 minuti\" \/>\n<script type=\"application\/ld+json\" class=\"yoast-schema-graph\">{\"@context\":\"https:\\\/\\\/schema.org\",\"@graph\":[{\"@type\":\"WebPage\",\"@id\":\"https:\\\/\\\/www.accuratereviews.com\\\/it\\\/software-per-campeggi\\\/open-campground-recensione\\\/\",\"url\":\"https:\\\/\\\/www.accuratereviews.com\\\/it\\\/software-per-campeggi\\\/open-campground-recensione\\\/\",\"name\":\"Open Campground: recensione software campeggi - Accurate Reviews\",\"isPartOf\":{\"@id\":\"https:\\\/\\\/www.accuratereviews.com\\\/it\\\/#website\"},\"primaryImageOfPage\":{\"@id\":\"https:\\\/\\\/www.accuratereviews.com\\\/it\\\/software-per-campeggi\\\/open-campground-recensione\\\/#primaryimage\"},\"image\":{\"@id\":\"https:\\\/\\\/www.accuratereviews.com\\\/it\\\/software-per-campeggi\\\/open-campground-recensione\\\/#primaryimage\"},\"thumbnailUrl\":\"https:\\\/\\\/www.accuratereviews.com\\\/wp-content\\\/uploads\\\/2022\\\/08\\\/OC_logo.2-1.png\",\"datePublished\":\"2022-08-05T09:38:15+00:00\",\"description\":\"Open Campground: recensione del software gestionale per campeggi che offre un sistema di prenotazione online semplice e intuitivo.\",\"breadcrumb\":{\"@id\":\"https:\\\/\\\/www.accuratereviews.com\\\/it\\\/software-per-campeggi\\\/open-campground-recensione\\\/#breadcrumb\"},\"inLanguage\":\"it-IT\",\"potentialAction\":[{\"@type\":\"ReadAction\",\"target\":[\"https:\\\/\\\/www.accuratereviews.com\\\/it\\\/software-per-campeggi\\\/open-campground-recensione\\\/\"]}]},{\"@type\":\"ImageObject\",\"inLanguage\":\"it-IT\",\"@id\":\"https:\\\/\\\/www.accuratereviews.com\\\/it\\\/software-per-campeggi\\\/open-campground-recensione\\\/#primaryimage\",\"url\":\"https:\\\/\\\/www.accuratereviews.com\\\/wp-content\\\/uploads\\\/2022\\\/08\\\/OC_logo.2-1.png\",\"contentUrl\":\"https:\\\/\\\/www.accuratereviews.com\\\/wp-content\\\/uploads\\\/2022\\\/08\\\/OC_logo.2-1.png\",\"width\":721,\"height\":200},{\"@type\":\"BreadcrumbList\",\"@id\":\"https:\\\/\\\/www.accuratereviews.com\\\/it\\\/software-per-campeggi\\\/open-campground-recensione\\\/#breadcrumb\",\"itemListElement\":[{\"@type\":\"ListItem\",\"position\":1,\"name\":\"Home\",\"item\":\"https:\\\/\\\/www.accuratereviews.com\\\/it\\\/\"},{\"@type\":\"ListItem\",\"position\":2,\"name\":\"Software per campeggi\",\"item\":\"https:\\\/\\\/www.accuratereviews.com\\\/it\\\/software-per-campeggi\\\/\"},{\"@type\":\"ListItem\",\"position\":3,\"name\":\"Open Campground\"}]},{\"@type\":\"WebSite\",\"@id\":\"https:\\\/\\\/www.accuratereviews.com\\\/it\\\/#website\",\"url\":\"https:\\\/\\\/www.accuratereviews.com\\\/it\\\/\",\"name\":\"Accurate Reviews\",\"description\":\"\",\"potentialAction\":[{\"@type\":\"SearchAction\",\"target\":{\"@type\":\"EntryPoint\",\"urlTemplate\":\"https:\\\/\\\/www.accuratereviews.com\\\/it\\\/?s={search_term_string}\"},\"query-input\":{\"@type\":\"PropertyValueSpecification\",\"valueRequired\":true,\"valueName\":\"search_term_string\"}}],\"inLanguage\":\"it-IT\"}]}<\/script>\n<!-- \/ Yoast SEO plugin. -->","yoast_head_json":{"title":"Open Campground: recensione software campeggi - Accurate Reviews","description":"Open Campground: recensione del software gestionale per campeggi che offre un sistema di prenotazione online semplice e intuitivo.","robots":{"index":"index","follow":"follow","max-snippet":"max-snippet:-1","max-image-preview":"max-image-preview:large","max-video-preview":"max-video-preview:-1"},"canonical":"https:\/\/www.accuratereviews.com\/it\/software-per-campeggi\/open-campground-recensione\/","og_locale":"it_IT","og_type":"article","og_title":"Open Campground: recensione software campeggi - Accurate Reviews","og_description":"Open Campground: recensione del software gestionale per campeggi che offre un sistema di prenotazione online semplice e intuitivo.","og_url":"https:\/\/www.accuratereviews.com\/it\/software-per-campeggi\/open-campground-recensione\/","og_site_name":"Accurate Reviews","og_image":[{"width":721,"height":200,"url":"https:\/\/www.accuratereviews.com\/wp-content\/uploads\/2022\/08\/OC_logo.2-1.png","type":"image\/png"}],"twitter_card":"summary_large_image","twitter_misc":{"Tempo di lettura stimato":"3 minuti"},"schema":{"@context":"https:\/\/schema.org","@graph":[{"@type":"WebPage","@id":"https:\/\/www.accuratereviews.com\/it\/software-per-campeggi\/open-campground-recensione\/","url":"https:\/\/www.accuratereviews.com\/it\/software-per-campeggi\/open-campground-recensione\/","name":"Open Campground: recensione software campeggi - Accurate Reviews","isPartOf":{"@id":"https:\/\/www.accuratereviews.com\/it\/#website"},"primaryImageOfPage":{"@id":"https:\/\/www.accuratereviews.com\/it\/software-per-campeggi\/open-campground-recensione\/#primaryimage"},"image":{"@id":"https:\/\/www.accuratereviews.com\/it\/software-per-campeggi\/open-campground-recensione\/#primaryimage"},"thumbnailUrl":"https:\/\/www.accuratereviews.com\/wp-content\/uploads\/2022\/08\/OC_logo.2-1.png","datePublished":"2022-08-05T09:38:15+00:00","description":"Open Campground: recensione del software gestionale per campeggi che offre un sistema di prenotazione online semplice e intuitivo.","breadcrumb":{"@id":"https:\/\/www.accuratereviews.com\/it\/software-per-campeggi\/open-campground-recensione\/#breadcrumb"},"inLanguage":"it-IT","potentialAction":[{"@type":"ReadAction","target":["https:\/\/www.accuratereviews.com\/it\/software-per-campeggi\/open-campground-recensione\/"]}]},{"@type":"ImageObject","inLanguage":"it-IT","@id":"https:\/\/www.accuratereviews.com\/it\/software-per-campeggi\/open-campground-recensione\/#primaryimage","url":"https:\/\/www.accuratereviews.com\/wp-content\/uploads\/2022\/08\/OC_logo.2-1.png","contentUrl":"https:\/\/www.accuratereviews.com\/wp-content\/uploads\/2022\/08\/OC_logo.2-1.png","width":721,"height":200},{"@type":"BreadcrumbList","@id":"https:\/\/www.accuratereviews.com\/it\/software-per-campeggi\/open-campground-recensione\/#breadcrumb","itemListElement":[{"@type":"ListItem","position":1,"name":"Home","item":"https:\/\/www.accuratereviews.com\/it\/"},{"@type":"ListItem","position":2,"name":"Software per campeggi","item":"https:\/\/www.accuratereviews.com\/it\/software-per-campeggi\/"},{"@type":"ListItem","position":3,"name":"Open Campground"}]},{"@type":"WebSite","@id":"https:\/\/www.accuratereviews.com\/it\/#website","url":"https:\/\/www.accuratereviews.com\/it\/","name":"Accurate Reviews","description":"","potentialAction":[{"@type":"SearchAction","target":{"@type":"EntryPoint","urlTemplate":"https:\/\/www.accuratereviews.com\/it\/?s={search_term_string}"},"query-input":{"@type":"PropertyValueSpecification","valueRequired":true,"valueName":"search_term_string"}}],"inLanguage":"it-IT"}]}},"_links":{"self":[{"href":"https:\/\/www.accuratereviews.com\/it\/wp-json\/wp\/v2\/pages\/60371","targetHints":{"allow":["GET"]}}],"collection":[{"href":"https:\/\/www.accuratereviews.com\/it\/wp-json\/wp\/v2\/pages"}],"about":[{"href":"https:\/\/www.accuratereviews.com\/it\/wp-json\/wp\/v2\/types\/page"}],"author":[{"embeddable":true,"href":"https:\/\/www.accuratereviews.com\/it\/wp-json\/wp\/v2\/users\/17"}],"replies":[{"embeddable":true,"href":"https:\/\/www.accuratereviews.com\/it\/wp-json\/wp\/v2\/comments?post=60371"}],"version-history":[{"count":3,"href":"https:\/\/www.accuratereviews.com\/it\/wp-json\/wp\/v2\/pages\/60371\/revisions"}],"predecessor-version":[{"id":60389,"href":"https:\/\/www.accuratereviews.com\/it\/wp-json\/wp\/v2\/pages\/60371\/revisions\/60389"}],"up":[{"embeddable":true,"href":"https:\/\/www.accuratereviews.com\/it\/wp-json\/wp\/v2\/pages\/59967"}],"wp:featuredmedia":[{"embeddable":true,"href":"https:\/\/www.accuratereviews.com\/it\/wp-json\/wp\/v2\/media\/60377"}],"wp:attachment":[{"href":"https:\/\/www.accuratereviews.com\/it\/wp-json\/wp\/v2\/media?parent=60371"}],"wp:term":[{"taxonomy":"category","embeddable":true,"href":"https:\/\/www.accuratereviews.com\/it\/wp-json\/wp\/v2\/categories?post=60371"},{"taxonomy":"post_tag","embeddable":true,"href":"https:\/\/www.accuratereviews.com\/it\/wp-json\/wp\/v2\/tags?post=60371"},{"taxonomy":"features","embeddable":true,"href":"https:\/\/www.accuratereviews.com\/it\/wp-json\/wp\/v2\/features?post=60371"}],"curies":[{"name":"wp","href":"https:\/\/api.w.org\/{rel}","templated":true}]}}