{"id":60397,"date":"2022-08-08T10:11:46","date_gmt":"2022-08-08T10:11:46","guid":{"rendered":"https:\/\/www.accuratereviews.com\/?page_id=60397"},"modified":"2022-08-08T10:11:46","modified_gmt":"2022-08-08T10:11:46","slug":"guest-tracker-recensione","status":"publish","type":"page","link":"https:\/\/www.accuratereviews.com\/it\/software-per-campeggi\/guest-tracker-recensione\/","title":{"rendered":"Guest Tracker"},"content":{"rendered":"<p><strong>Guest Tracker<\/strong> \u00e8 un <strong>software di gestione dei campeggi<\/strong> progettato per aiutare le aziende a gestire le prenotazioni online di alberghi, parchi per camper, porti turistici e altro ancora. Consente alle organizzazioni di creare pacchetti campeggio, inviare preventivi ai clienti e modificare i prezzi dei pacchetti in base alle tariffe stagionali. Il programma permette agli ospiti di prenotare cabine, piazzole per camper, scivoli del porto turistico o campeggi tramite applicazioni mobili o web, visualizzare la disponibilit\u00e0 degli alloggi e prenotare slot per varie attivit\u00e0 come canottaggio, gite di un giorno, pesca, caccia, escursioni nella natura, eventi sportivi molto altro. Fornisce una serie di funzionalit\u00e0 tra cui sincronizzazione dei dati, monitoraggio delle attivit\u00e0, notifiche, previsione delle entrate e reportistica. L&#8217;applicazione consente inoltre ai dipendenti di accettare pagamenti attraverso vari metodi, tra cui l&#8217;elaborazione di carte di debito o di credito e bonifici.<\/p>\n<h2>GUEST TRACKER &#8211; TUTORIAL<\/h2>\n<p>Diamo una rapida occhiata a cosa puoi fare con questo <strong>software per campeggi<\/strong>:<\/p>\n<div id=\"fluid-wrapper-counter-1\" class=\"g1-fluid-wrapper \" style=\"width:686px;\">\n<div style=\"padding-bottom:56.268221574344%;\"><iframe loading=\"lazy\" title=\"Guest Tracker Campground &amp; Lodging Software\" width=\"686\" height=\"386\" src=\"https:\/\/www.youtube.com\/embed\/RRGkizoefLo?feature=oembed&amp;wmode=transparent&amp;autohide=1&amp;autoplay=0&amp;disablekb=0&amp;fs=1&amp;loop=0&amp;enablejsapi=1&amp;rel=0&amp;controls=2&amp;showinfo=0&amp;wmode=transparent&amp;autohide=2&amp;autoplay=0&amp;disablekb=0&amp;fs=1&amp;loop=0&amp;enablejsapi=1&amp;rel=0&amp;controls=2&amp;showinfo=1\" frameborder=\"0\" allow=\"accelerometer; autoplay; clipboard-write; encrypted-media; gyroscope; picture-in-picture\" allowfullscreen><\/iframe><\/div>\n<\/div>\n<h3>GUEST TRACKER &#8211; CARATTERISTICHE<\/h3>\n<ul>\n<li><strong>Prenotazione e tabella delle attivit\u00e0<\/strong>: la tabella delle prenotazioni consente ai tuoi ospiti di prenotare i servizi che la struttura offre. Inoltre, puoi personalizzare e ordinare la tabella delle prenotazioni per la configurazione del tuo campeggio, parco, lodge o marina. Monitora e gestisci il noleggio di barche, le gite di un giorno, la pesca e la caccia, le escursioni nella natura, gli eventi sportivi o qualsiasi altra attivit\u00e0 che offri attraverso la tabella delle attivit\u00e0<\/li>\n<li><strong>Schermate del grafico di prenotazione delle attivit\u00e0<\/strong>: migliora il tuo sito web e offri ai tuoi ospiti il motore di prenotazione. Innanzitutto, gli ospiti possono visualizzare la disponibilit\u00e0 per alloggi, cabine, campeggi e posizioni di parcheggi per camper. Successivamente, puoi fornire una disponibilit\u00e0 accurata con le date di arrivo e partenza selezionate di un ospite. Infine, la disponibilit\u00e0 online e i livelli di inventario si sincronizzano automaticamente con il tuo motore di prenotazione in tempo reale.<\/li>\n<li><strong>Soluzione per l&#8217;elaborazione dei pagamenti<\/strong>: accetta depositi per telefono, autorizza le carte di credito prima dell&#8217;arrivo o accetta il pagamento al momento del check-in\/registrazione al campo con la soluzione completa di pagamento con carta di credito. Elabora pagamenti e rimborsi prima, durante o dopo il soggiorno del tuo ospite.<\/li>\n<li><strong>Software di prenotazione per agenti di viaggio online (OTA).<\/strong>: il sistema di prenotazione dei campeggi sincronizza la tua disponibilit\u00e0 ai canali pubblicitari pi\u00f9 popolari, inclusi VRBO, HomeAway, Air B&amp;B, Expedia e Booking.com. Man mano che fornisci a questi agenti di viaggio online un inventario aggiornato, saranno in grado di promuovere con successo le tue camere, cabine, campeggi e parcheggi per camper. Decidi tu con quali OTA lavorare.<\/li>\n<li><strong>Punto vendita<\/strong>: il software POS (Point of Sale) \u00e8 un sistema completo con supporto touch screen opzionale. Con il software POS puoi gestire la stampa delle ricevute, i livelli di inventario e gli articoli in vendita. Una configurazione multi-menu consente di coordinare le vendite di cibo e bevande, negozi di articoli da regalo, pesce ed esche, forniture, ghiaccio e articoli vari. Inoltre, le funzionalit\u00e0 POS sono perfette per i requisiti di monitoraggio delle vendite di parchi statali o provinciali.<\/li>\n<\/ul>\n<h4>LE RECENSIONI DEGLI UTENTI<\/h4>\n<p class=\"fw-bold mb-2\"><strong>Melissa&#8221;Frank e il suo team sono stati molto reattivi e sempre pronti ad aiutare quando richiesto&#8221;<\/strong><\/p>\n<p><strong>Pro<\/strong>:\u00a0Il sistema \u00e8 molto facile da usare. Adoriamo il grafico unitario e i molti modi per ordinare le informazioni.<\/p>\n<p><strong>Contro<\/strong>:\u00a0Mancanza di poter effettuare le fatture mensili il 28-29-30 e il 31. I rapporti devono essere esportati in Excel<\/p>\n<p class=\"fw-bold mb-2\"><strong>Trena:&#8221;sono sempre stati molto utili e hanno risolto immediatamente qualsiasi problema&#8221;<\/strong><\/p>\n<p class=\"fw-bold mb-2\"><strong>Pro<\/strong>:\u00a0\u00e8 molto facile da usare per qualsiasi fascia di et\u00e0, dalle generazioni pi\u00f9 giovani a quelle pi\u00f9 anziane&#8230; il loro supporto \u00e8 molto veloce ed efficiente<\/p>\n<p class=\"fw-bold mb-2\"><strong>Contro<\/strong>:\u00a0manca di una certa flessibilit\u00e0 nel sistema pos per il ristorante, come il trasferimento dei biglietti da un server all&#8217;altro<\/p>\n<p class=\"fw-bold mb-2\"><strong>Patrick&#8221;Localizzatore degli ospiti&#8221;<\/strong><\/p>\n<p class=\"fw-bold mb-2\"><strong>Pro<\/strong>:\u00a0Per un software basato su cloud, \u00e8 molto veloce e reattivo. Mai avuto problemi con l&#8217;elaborazione o la sincronizzazione della carta di credito. Il software \u00e8 solido.<\/p>\n<p class=\"fw-bold mb-2\"><strong>Contro<\/strong>:\u00a0L&#8217;interfaccia utente pu\u00f2 essere un po&#8217; difficile da navigare. Ci sono molte opzioni e il software non pu\u00f2 essere personalizzato per rimuovere le opzioni inutilizzate. All&#8217;inizio \u00e8 difficile da imparare, ma alla fine ci si abitua. La creazione di prenotazioni pu\u00f2 creare confusione.<\/p>\n","protected":false},"excerpt":{"rendered":"<p>Guest Tracker \u00e8 un software di gestione dei campeggi progettato per aiutare le aziende a gestire le prenotazioni online di alberghi, parchi per camper, porti turistici e altro ancora. Consente alle organizzazioni di creare pacchetti campeggio, inviare preventivi ai clienti e modificare i prezzi dei pacchetti in base alle tariffe stagionali.<\/p>\n","protected":false},"author":16,"featured_media":60406,"parent":59967,"menu_order":0,"comment_status":"open","ping_status":"closed","template":"g1_template_page_review_new.php","meta":{"_acf_changed":false,"cwp_meta_box_check":"No","cwp_rev_product_name":"","cwp_rev_product_image":"","wppr_links":[],"cwp_rev_price":"","wppr_options":[],"wppr_pros":[],"wppr_cons":[],"_monsterinsights_skip_tracking":false,"_monsterinsights_sitenote_active":false,"_monsterinsights_sitenote_note":"","_monsterinsights_sitenote_category":0,"footnotes":""},"categories":[13062],"tags":[13144,13084,13083,13064,13082],"features":[],"class_list":{"0":"post-60397","1":"page","2":"type-page","3":"status-publish","4":"has-post-thumbnail","6":"category-software-campeggi-cat","7":"tag-guest-tracker","8":"tag-piattaforma-per-campeggi","9":"tag-programma-per-campeggi","10":"tag-software-per-campeggi","11":"tag-soluzione-per-campeggi"},"wppr_data":{"cwp_meta_box_check":"No"},"acf":[],"yoast_head":"<!-- This site is optimized with the Yoast SEO plugin v27.4 - https:\/\/yoast.com\/product\/yoast-seo-wordpress\/ -->\n<title>Guest Tracker: recensione software per campeggi - Accurate Reviews<\/title>\n<meta name=\"description\" content=\"Guest Tracker: recensione software di gestione dei campeggi progettato per aiutare le aziende a gestire le prenotazioni online\" \/>\n<meta name=\"robots\" content=\"index, follow, max-snippet:-1, max-image-preview:large, max-video-preview:-1\" \/>\n<link rel=\"canonical\" href=\"https:\/\/www.accuratereviews.com\/it\/software-per-campeggi\/guest-tracker-recensione\/\" \/>\n<meta property=\"og:locale\" content=\"it_IT\" \/>\n<meta property=\"og:type\" content=\"article\" \/>\n<meta property=\"og:title\" content=\"Guest Tracker: recensione software per campeggi - Accurate Reviews\" \/>\n<meta property=\"og:description\" content=\"Guest Tracker: recensione software di gestione dei campeggi progettato per aiutare le aziende a gestire le prenotazioni online\" \/>\n<meta property=\"og:url\" content=\"https:\/\/www.accuratereviews.com\/it\/software-per-campeggi\/guest-tracker-recensione\/\" \/>\n<meta property=\"og:site_name\" content=\"Accurate Reviews\" \/>\n<meta property=\"og:image\" content=\"https:\/\/www.accuratereviews.com\/wp-content\/uploads\/2022\/08\/Schermata-2022-08-08-alle-09.45.44.png\" \/>\n\t<meta property=\"og:image:width\" content=\"722\" \/>\n\t<meta property=\"og:image:height\" content=\"376\" \/>\n\t<meta property=\"og:image:type\" content=\"image\/png\" \/>\n<meta name=\"twitter:card\" content=\"summary_large_image\" \/>\n<meta name=\"twitter:label1\" content=\"Tempo di lettura stimato\" \/>\n\t<meta name=\"twitter:data1\" content=\"4 minuti\" \/>\n<script type=\"application\/ld+json\" class=\"yoast-schema-graph\">{\"@context\":\"https:\\\/\\\/schema.org\",\"@graph\":[{\"@type\":\"WebPage\",\"@id\":\"https:\\\/\\\/www.accuratereviews.com\\\/it\\\/software-per-campeggi\\\/guest-tracker-recensione\\\/\",\"url\":\"https:\\\/\\\/www.accuratereviews.com\\\/it\\\/software-per-campeggi\\\/guest-tracker-recensione\\\/\",\"name\":\"Guest Tracker: recensione software per campeggi - Accurate Reviews\",\"isPartOf\":{\"@id\":\"https:\\\/\\\/www.accuratereviews.com\\\/it\\\/#website\"},\"primaryImageOfPage\":{\"@id\":\"https:\\\/\\\/www.accuratereviews.com\\\/it\\\/software-per-campeggi\\\/guest-tracker-recensione\\\/#primaryimage\"},\"image\":{\"@id\":\"https:\\\/\\\/www.accuratereviews.com\\\/it\\\/software-per-campeggi\\\/guest-tracker-recensione\\\/#primaryimage\"},\"thumbnailUrl\":\"https:\\\/\\\/www.accuratereviews.com\\\/wp-content\\\/uploads\\\/2022\\\/08\\\/Schermata-2022-08-08-alle-09.45.44.png\",\"datePublished\":\"2022-08-08T10:11:46+00:00\",\"description\":\"Guest Tracker: recensione software di gestione dei campeggi progettato per aiutare le aziende a gestire le prenotazioni online\",\"breadcrumb\":{\"@id\":\"https:\\\/\\\/www.accuratereviews.com\\\/it\\\/software-per-campeggi\\\/guest-tracker-recensione\\\/#breadcrumb\"},\"inLanguage\":\"it-IT\",\"potentialAction\":[{\"@type\":\"ReadAction\",\"target\":[\"https:\\\/\\\/www.accuratereviews.com\\\/it\\\/software-per-campeggi\\\/guest-tracker-recensione\\\/\"]}]},{\"@type\":\"ImageObject\",\"inLanguage\":\"it-IT\",\"@id\":\"https:\\\/\\\/www.accuratereviews.com\\\/it\\\/software-per-campeggi\\\/guest-tracker-recensione\\\/#primaryimage\",\"url\":\"https:\\\/\\\/www.accuratereviews.com\\\/wp-content\\\/uploads\\\/2022\\\/08\\\/Schermata-2022-08-08-alle-09.45.44.png\",\"contentUrl\":\"https:\\\/\\\/www.accuratereviews.com\\\/wp-content\\\/uploads\\\/2022\\\/08\\\/Schermata-2022-08-08-alle-09.45.44.png\",\"width\":722,\"height\":376},{\"@type\":\"BreadcrumbList\",\"@id\":\"https:\\\/\\\/www.accuratereviews.com\\\/it\\\/software-per-campeggi\\\/guest-tracker-recensione\\\/#breadcrumb\",\"itemListElement\":[{\"@type\":\"ListItem\",\"position\":1,\"name\":\"Home\",\"item\":\"https:\\\/\\\/www.accuratereviews.com\\\/it\\\/\"},{\"@type\":\"ListItem\",\"position\":2,\"name\":\"Software per campeggi\",\"item\":\"https:\\\/\\\/www.accuratereviews.com\\\/it\\\/software-per-campeggi\\\/\"},{\"@type\":\"ListItem\",\"position\":3,\"name\":\"Guest Tracker\"}]},{\"@type\":\"WebSite\",\"@id\":\"https:\\\/\\\/www.accuratereviews.com\\\/it\\\/#website\",\"url\":\"https:\\\/\\\/www.accuratereviews.com\\\/it\\\/\",\"name\":\"Accurate Reviews\",\"description\":\"\",\"potentialAction\":[{\"@type\":\"SearchAction\",\"target\":{\"@type\":\"EntryPoint\",\"urlTemplate\":\"https:\\\/\\\/www.accuratereviews.com\\\/it\\\/?s={search_term_string}\"},\"query-input\":{\"@type\":\"PropertyValueSpecification\",\"valueRequired\":true,\"valueName\":\"search_term_string\"}}],\"inLanguage\":\"it-IT\"}]}<\/script>\n<!-- \/ Yoast SEO plugin. -->","yoast_head_json":{"title":"Guest Tracker: recensione software per campeggi - Accurate Reviews","description":"Guest Tracker: recensione software di gestione dei campeggi progettato per aiutare le aziende a gestire le prenotazioni online","robots":{"index":"index","follow":"follow","max-snippet":"max-snippet:-1","max-image-preview":"max-image-preview:large","max-video-preview":"max-video-preview:-1"},"canonical":"https:\/\/www.accuratereviews.com\/it\/software-per-campeggi\/guest-tracker-recensione\/","og_locale":"it_IT","og_type":"article","og_title":"Guest Tracker: recensione software per campeggi - Accurate Reviews","og_description":"Guest Tracker: recensione software di gestione dei campeggi progettato per aiutare le aziende a gestire le prenotazioni online","og_url":"https:\/\/www.accuratereviews.com\/it\/software-per-campeggi\/guest-tracker-recensione\/","og_site_name":"Accurate Reviews","og_image":[{"width":722,"height":376,"url":"https:\/\/www.accuratereviews.com\/wp-content\/uploads\/2022\/08\/Schermata-2022-08-08-alle-09.45.44.png","type":"image\/png"}],"twitter_card":"summary_large_image","twitter_misc":{"Tempo di lettura stimato":"4 minuti"},"schema":{"@context":"https:\/\/schema.org","@graph":[{"@type":"WebPage","@id":"https:\/\/www.accuratereviews.com\/it\/software-per-campeggi\/guest-tracker-recensione\/","url":"https:\/\/www.accuratereviews.com\/it\/software-per-campeggi\/guest-tracker-recensione\/","name":"Guest Tracker: recensione software per campeggi - Accurate Reviews","isPartOf":{"@id":"https:\/\/www.accuratereviews.com\/it\/#website"},"primaryImageOfPage":{"@id":"https:\/\/www.accuratereviews.com\/it\/software-per-campeggi\/guest-tracker-recensione\/#primaryimage"},"image":{"@id":"https:\/\/www.accuratereviews.com\/it\/software-per-campeggi\/guest-tracker-recensione\/#primaryimage"},"thumbnailUrl":"https:\/\/www.accuratereviews.com\/wp-content\/uploads\/2022\/08\/Schermata-2022-08-08-alle-09.45.44.png","datePublished":"2022-08-08T10:11:46+00:00","description":"Guest Tracker: recensione software di gestione dei campeggi progettato per aiutare le aziende a gestire le prenotazioni online","breadcrumb":{"@id":"https:\/\/www.accuratereviews.com\/it\/software-per-campeggi\/guest-tracker-recensione\/#breadcrumb"},"inLanguage":"it-IT","potentialAction":[{"@type":"ReadAction","target":["https:\/\/www.accuratereviews.com\/it\/software-per-campeggi\/guest-tracker-recensione\/"]}]},{"@type":"ImageObject","inLanguage":"it-IT","@id":"https:\/\/www.accuratereviews.com\/it\/software-per-campeggi\/guest-tracker-recensione\/#primaryimage","url":"https:\/\/www.accuratereviews.com\/wp-content\/uploads\/2022\/08\/Schermata-2022-08-08-alle-09.45.44.png","contentUrl":"https:\/\/www.accuratereviews.com\/wp-content\/uploads\/2022\/08\/Schermata-2022-08-08-alle-09.45.44.png","width":722,"height":376},{"@type":"BreadcrumbList","@id":"https:\/\/www.accuratereviews.com\/it\/software-per-campeggi\/guest-tracker-recensione\/#breadcrumb","itemListElement":[{"@type":"ListItem","position":1,"name":"Home","item":"https:\/\/www.accuratereviews.com\/it\/"},{"@type":"ListItem","position":2,"name":"Software per campeggi","item":"https:\/\/www.accuratereviews.com\/it\/software-per-campeggi\/"},{"@type":"ListItem","position":3,"name":"Guest Tracker"}]},{"@type":"WebSite","@id":"https:\/\/www.accuratereviews.com\/it\/#website","url":"https:\/\/www.accuratereviews.com\/it\/","name":"Accurate Reviews","description":"","potentialAction":[{"@type":"SearchAction","target":{"@type":"EntryPoint","urlTemplate":"https:\/\/www.accuratereviews.com\/it\/?s={search_term_string}"},"query-input":{"@type":"PropertyValueSpecification","valueRequired":true,"valueName":"search_term_string"}}],"inLanguage":"it-IT"}]}},"_links":{"self":[{"href":"https:\/\/www.accuratereviews.com\/it\/wp-json\/wp\/v2\/pages\/60397","targetHints":{"allow":["GET"]}}],"collection":[{"href":"https:\/\/www.accuratereviews.com\/it\/wp-json\/wp\/v2\/pages"}],"about":[{"href":"https:\/\/www.accuratereviews.com\/it\/wp-json\/wp\/v2\/types\/page"}],"author":[{"embeddable":true,"href":"https:\/\/www.accuratereviews.com\/it\/wp-json\/wp\/v2\/users\/16"}],"replies":[{"embeddable":true,"href":"https:\/\/www.accuratereviews.com\/it\/wp-json\/wp\/v2\/comments?post=60397"}],"version-history":[{"count":8,"href":"https:\/\/www.accuratereviews.com\/it\/wp-json\/wp\/v2\/pages\/60397\/revisions"}],"predecessor-version":[{"id":60422,"href":"https:\/\/www.accuratereviews.com\/it\/wp-json\/wp\/v2\/pages\/60397\/revisions\/60422"}],"up":[{"embeddable":true,"href":"https:\/\/www.accuratereviews.com\/it\/wp-json\/wp\/v2\/pages\/59967"}],"wp:featuredmedia":[{"embeddable":true,"href":"https:\/\/www.accuratereviews.com\/it\/wp-json\/wp\/v2\/media\/60406"}],"wp:attachment":[{"href":"https:\/\/www.accuratereviews.com\/it\/wp-json\/wp\/v2\/media?parent=60397"}],"wp:term":[{"taxonomy":"category","embeddable":true,"href":"https:\/\/www.accuratereviews.com\/it\/wp-json\/wp\/v2\/categories?post=60397"},{"taxonomy":"post_tag","embeddable":true,"href":"https:\/\/www.accuratereviews.com\/it\/wp-json\/wp\/v2\/tags?post=60397"},{"taxonomy":"features","embeddable":true,"href":"https:\/\/www.accuratereviews.com\/it\/wp-json\/wp\/v2\/features?post=60397"}],"curies":[{"name":"wp","href":"https:\/\/api.w.org\/{rel}","templated":true}]}}