{"id":60399,"date":"2022-08-08T10:14:37","date_gmt":"2022-08-08T10:14:37","guid":{"rendered":"https:\/\/www.accuratereviews.com\/?page_id=60399"},"modified":"2022-08-08T10:14:37","modified_gmt":"2022-08-08T10:14:37","slug":"campworks-recensione","status":"publish","type":"page","link":"https:\/\/www.accuratereviews.com\/it\/software-per-campeggi\/campworks-recensione\/","title":{"rendered":"CampWorks"},"content":{"rendered":"<p><strong>CampWorks<\/strong> \u00e8 un <strong>software di gestione del campeggio<\/strong> basato sul web e in sede, che aiuta a organizzare i parcheggi per camper, i campeggi, i resort e i porti turistici a gestire prenotazioni, visitatori, pagamenti e punti vendita (POS) su una piattaforma unificata.\u00a0L&#8217;applicazione consente agli organizzatori di creare e modificare le prenotazioni, impostare mappe per visualizzare gli spazi e definire lo stato degli ospiti sulla sua interfaccia drag-and-drop. I campeggi possono creare prezzi personalizzati su base giornaliera, settimanale o mensile e regolare le tariffe per gruppi, strutture o periodi specifici. Con il modulo di gestione degli ospiti, i supervisori archiviano i dettagli sui veicoli, i programmi di sconto e la cronologia dei visitatori. Offre inoltre una serie di altre funzionalit\u00e0 come la gestione delle pulizie, l&#8217;accesso remoto, il monitoraggio dell&#8217;inventario, la notifica email, il monitoraggio delle transazioni, la visualizzazione dei dati, le prenotazioni di gruppo e altro ancora.<\/p>\n<h2>CAMPWORKS &#8211; TUTORIAL<\/h2>\n<div id=\"fluid-wrapper-counter-1\" class=\"g1-fluid-wrapper \" style=\"width:686px;\">\n<div style=\"padding-bottom:56.268221574344%;\"><iframe loading=\"lazy\" title=\"CampWorks 3 Overview\" width=\"686\" height=\"386\" src=\"https:\/\/www.youtube.com\/embed\/mr_M4D9vO5k?feature=oembed&amp;wmode=transparent&amp;autohide=1&amp;autoplay=0&amp;disablekb=0&amp;fs=1&amp;loop=0&amp;enablejsapi=1&amp;rel=0&amp;controls=2&amp;showinfo=0&amp;wmode=transparent&amp;autohide=2&amp;autoplay=0&amp;disablekb=0&amp;fs=1&amp;loop=0&amp;enablejsapi=1&amp;rel=0&amp;controls=2&amp;showinfo=1\" frameborder=\"0\" allow=\"accelerometer; autoplay; clipboard-write; encrypted-media; gyroscope; picture-in-picture\" allowfullscreen><\/iframe><\/div>\n<\/div>\n<h3>CAMPWORKS &#8211; CARATTERISTICHE<\/h3>\n<ul>\n<li><strong>Potente e facile da usare<\/strong>: singoli, gruppi, giornalieri, settimanali, mensili, stagionali sarai sempre coperto. Accetta e gestisci le prenotazioni utilizzando gli elenchi rapidi, griglia di prenotazione, mappe, rapporti, ecc. Invia lettere di moduli personalizzati, conferma le prenotazioni e accetta pagamenti<\/li>\n<li><strong>Gestione completa degli ospiti:<\/strong> tieni traccia dei dettagli sui tuoi ospiti per la massima soddisfazione del cliente e per invogliarli a tornare per visite ripetute. Tieni appunti, cronologia soggiorni, carte di pagamento, programmi di sconto, crea liste ospiti per la gestione dei contatti. L&#8217;email integrata ti mantiene in contatto facile<\/li>\n<li><strong>Prenotazioni online in tempo reale<\/strong>: prendi le prenotazioni direttamente attraverso il tuo sito web senza preoccuparti della doppia prenotazione. Gli ospiti vedono la disponibilit\u00e0 in tempo reale, inseriscono informazioni e pagamenti. Flessibile per supportare la selezione del sito, l&#8217;impostazione del tipo di rig e il testo personalizzato e altre impostazioni<\/li>\n<li><strong>Fatturazione mensile<\/strong>: il sistema di fatturazione mensile terr\u00e0 traccia di vari addebiti mensili, contatore, telefono, fatturazione via cavo e canone. Stampa o invia tramite email gli estratti conto mensili ai tuoi ospiti. Imposta i conti di addebito per le attivit\u00e0 locali (es: propano, vendita di gas, ecc.) e fattura mensilmente<\/li>\n<li><strong>Reportistica dettagliata sulla gestione<\/strong>: prendi decisioni di gestione migliori e aumenta le entrate e i profitti utilizzando i report dettagliati. Reportistica e rappresentazione grafica flessibile e professionale di prenotazioni, dati finanziari, utilizzo, produttivit\u00e0, inventario, disponibilit\u00e0, ecc&#8230;<\/li>\n<li><strong>Punto vendita integrato (POS)<\/strong>: il modulo opzionale per il punto vendita offre un&#8217;esperienza di pagamento professionale al tuo negozio per la gestione completa delle vendite, dell&#8217;inventario e delle casse. Il POS \u00e8 completamente integrato per il reporting combinato e l&#8217;addebito degli articoli del negozio alle prenotazioni<\/li>\n<li><strong>Sicurezza\/Backup dei dati<\/strong>: il programma ha integrato il backup dei tuoi dati sia localmente che opzionalmente sul server sicuro (cloud), quindi non devi mai preoccuparti di perdere i tuoi dati. Puoi scaricare facilmente una copia offline quando desideri eseguire report o eseguire analisi fuori dall&#8217;ufficio<\/li>\n<li><strong>Supporto<\/strong>: servizio clienti disponibile tramite chiamate e email 7 giorni su 7.<\/li>\n<\/ul>\n<h4>LE RECENSIONI DEGLI UTENTI<\/h4>\n<p class=\"fw-bold mb-2\"><strong>Anthony&#8221;Tutto intorno Eccellente!&#8221;<\/strong><\/p>\n<p><span class=\"fw-bold\"><strong>Commenti<\/strong>: <\/span>Soluzione veloce ed economica per gestire tutta la nostra gestione delle prenotazioni!<\/p>\n<p class=\"fw-bold mb-2\"><strong>Pro<\/strong>:\u00a0In grado di fare TUTTO ci\u00f2 di cui abbiamo bisogno, quando ne abbiamo bisogno! Ci sono state un paio di volte in cui abbiamo pensato che mancasse una funzione, ma dopo aver contattato l&#8217;assistenza ci siamo resi conto che il problema era solo una curva di apprendimento da parte nostra.<\/p>\n<p class=\"fw-bold mb-2\"><strong>Contro<\/strong>:\u00a0Vorrei che ci fosse un&#8217;app in modo da poter accedere al sistema da remoto, ma credo che potrebbe esserci qualcosa in arrivo nel prossimo futuro.<\/p>\n<p class=\"fw-bold mb-2\"><strong>Cortnee&#8221;CampWorks ha tutto ci\u00f2 di cui ho bisogno per funzionare in modo efficiente!&#8221;<\/strong><\/p>\n<p><span class=\"fw-bold\"><strong>Commenti<\/strong>: <\/span>Ha tutto ci\u00f2 di cui ho bisogno per gestire il campeggio in modo efficiente senza costare troppo<\/p>\n<p class=\"fw-bold mb-2\"><strong>Pro<\/strong>:\u00a0Il sistema \u00e8 facile anche per chi ha una conoscenza minima del computer. Ti guida attraverso una prenotazione con facilit\u00e0. Ho controllato tutti i sistemi di prenotazione l\u00e0 fuori e per i soldi non c&#8217;\u00e8 un sistema operativo migliore. Sono molto veloci anche con il servizio clienti.<\/p>\n<p class=\"fw-bold mb-2\"><strong>Contro<\/strong>:\u00a0Alcuni problemi all&#8217;interno del sistema che sembrano verificarsi durante la generazione di un&#8217;e-mail. L&#8217;e-mail per il sistema sembra essere un po&#8217; pi\u00f9 vecchia.<\/p>\n<p class=\"fw-bold mb-2\"><strong>Bethanne&#8221;Adoro il programma, grande supporto, sempre aperto a nuove idee.&#8221;<\/strong><\/p>\n<p><span class=\"fw-bold\"><strong>Commenti<\/strong>: <\/span>Quando ho comprato il mio campeggio non c&#8217;era alcun sistema informatico. Ho dovuto cercarne uno rapidamente e inserire tutto entro pochi mesi. Con l&#8217;aiuto di Keith sono stato subito operativo. Da quando chiunque alleno non ha problemi ad imparare il programma, infatti ogni tanto mi insegnano un nuovo trucco.<\/p>\n<p class=\"fw-bold mb-2\"><strong>Pro<\/strong>:\u00a0Il programma \u00e8 molto intuitivo. Ci tiene organizzati con tutto a portata di mano. Ho appena iniziato a utilizzare il mio sistema POS ed \u00e8 stato molto facile da configurare. A breve sar\u00f2 impostato per le prenotazioni online. Sono sicuro che il personale di supporto lo render\u00e0 un gioco da ragazzi.<\/p>\n<p class=\"fw-bold mb-2\"><strong>Contro<\/strong>:\u00a0Vorrei poter impostare i rapporti pi\u00f9 in base alle mie esigenze individuali e magari vedere solo i rapporti che uso sempre.<\/p>\n","protected":false},"excerpt":{"rendered":"<p>CampWorks \u00e8 un software di gestione del campeggio basato sul web e in sede, che aiuta a organizzare i parcheggi per camper, i campeggi, i resort e i porti turistici a gestire prenotazioni, visitatori, pagamenti e punti vendita (POS) su una piattaforma unificata.\u00a0L&#8217;applicazione consente agli organizzatori di creare e modificare le prenotazioni, impostare mappe per visualizzare gli spazi e definire lo stato degli ospiti sulla sua interfaccia drag-and-drop.<\/p>\n","protected":false},"author":16,"featured_media":60400,"parent":59967,"menu_order":0,"comment_status":"open","ping_status":"closed","template":"g1_template_page_review_new.php","meta":{"_acf_changed":false,"cwp_meta_box_check":"No","cwp_rev_product_name":"","cwp_rev_product_image":"","wppr_links":[],"cwp_rev_price":"","wppr_options":[],"wppr_pros":[],"wppr_cons":[],"_monsterinsights_skip_tracking":false,"_monsterinsights_sitenote_active":false,"_monsterinsights_sitenote_note":"","_monsterinsights_sitenote_category":0,"footnotes":""},"categories":[13062],"tags":[13145,13084,13083,13064,13082],"features":[],"class_list":{"0":"post-60399","1":"page","2":"type-page","3":"status-publish","4":"has-post-thumbnail","6":"category-software-campeggi-cat","7":"tag-campworks","8":"tag-piattaforma-per-campeggi","9":"tag-programma-per-campeggi","10":"tag-software-per-campeggi","11":"tag-soluzione-per-campeggi"},"wppr_data":{"cwp_meta_box_check":"No"},"acf":[],"yoast_head":"<!-- This site is optimized with the Yoast SEO plugin v27.4 - https:\/\/yoast.com\/product\/yoast-seo-wordpress\/ -->\n<title>CampWorks: recensione software per campeggi - Accurate Reviews<\/title>\n<meta name=\"description\" content=\"CampWorks: recensione software di gestione del campeggio basato sul web e in sede, che organizza prenotazioni, visitatori e pagamenti.\" \/>\n<meta name=\"robots\" content=\"index, follow, max-snippet:-1, max-image-preview:large, max-video-preview:-1\" \/>\n<link rel=\"canonical\" href=\"https:\/\/www.accuratereviews.com\/it\/software-per-campeggi\/campworks-recensione\/\" \/>\n<meta property=\"og:locale\" content=\"it_IT\" \/>\n<meta property=\"og:type\" content=\"article\" \/>\n<meta property=\"og:title\" content=\"CampWorks: recensione software per campeggi - Accurate Reviews\" \/>\n<meta property=\"og:description\" content=\"CampWorks: recensione software di gestione del campeggio basato sul web e in sede, che organizza prenotazioni, visitatori e pagamenti.\" \/>\n<meta property=\"og:url\" content=\"https:\/\/www.accuratereviews.com\/it\/software-per-campeggi\/campworks-recensione\/\" \/>\n<meta property=\"og:site_name\" content=\"Accurate Reviews\" \/>\n<meta property=\"og:image\" content=\"https:\/\/www.accuratereviews.com\/wp-content\/uploads\/2022\/08\/campworks.png\" \/>\n\t<meta property=\"og:image:width\" content=\"600\" \/>\n\t<meta property=\"og:image:height\" content=\"315\" \/>\n\t<meta property=\"og:image:type\" content=\"image\/png\" \/>\n<meta name=\"twitter:card\" content=\"summary_large_image\" \/>\n<meta name=\"twitter:label1\" content=\"Tempo di lettura stimato\" \/>\n\t<meta name=\"twitter:data1\" content=\"5 minuti\" \/>\n<script type=\"application\/ld+json\" class=\"yoast-schema-graph\">{\"@context\":\"https:\\\/\\\/schema.org\",\"@graph\":[{\"@type\":\"WebPage\",\"@id\":\"https:\\\/\\\/www.accuratereviews.com\\\/it\\\/software-per-campeggi\\\/campworks-recensione\\\/\",\"url\":\"https:\\\/\\\/www.accuratereviews.com\\\/it\\\/software-per-campeggi\\\/campworks-recensione\\\/\",\"name\":\"CampWorks: recensione software per campeggi - Accurate Reviews\",\"isPartOf\":{\"@id\":\"https:\\\/\\\/www.accuratereviews.com\\\/it\\\/#website\"},\"primaryImageOfPage\":{\"@id\":\"https:\\\/\\\/www.accuratereviews.com\\\/it\\\/software-per-campeggi\\\/campworks-recensione\\\/#primaryimage\"},\"image\":{\"@id\":\"https:\\\/\\\/www.accuratereviews.com\\\/it\\\/software-per-campeggi\\\/campworks-recensione\\\/#primaryimage\"},\"thumbnailUrl\":\"https:\\\/\\\/www.accuratereviews.com\\\/wp-content\\\/uploads\\\/2022\\\/08\\\/campworks.png\",\"datePublished\":\"2022-08-08T10:14:37+00:00\",\"description\":\"CampWorks: recensione software di gestione del campeggio basato sul web e in sede, che organizza prenotazioni, visitatori e pagamenti.\",\"breadcrumb\":{\"@id\":\"https:\\\/\\\/www.accuratereviews.com\\\/it\\\/software-per-campeggi\\\/campworks-recensione\\\/#breadcrumb\"},\"inLanguage\":\"it-IT\",\"potentialAction\":[{\"@type\":\"ReadAction\",\"target\":[\"https:\\\/\\\/www.accuratereviews.com\\\/it\\\/software-per-campeggi\\\/campworks-recensione\\\/\"]}]},{\"@type\":\"ImageObject\",\"inLanguage\":\"it-IT\",\"@id\":\"https:\\\/\\\/www.accuratereviews.com\\\/it\\\/software-per-campeggi\\\/campworks-recensione\\\/#primaryimage\",\"url\":\"https:\\\/\\\/www.accuratereviews.com\\\/wp-content\\\/uploads\\\/2022\\\/08\\\/campworks.png\",\"contentUrl\":\"https:\\\/\\\/www.accuratereviews.com\\\/wp-content\\\/uploads\\\/2022\\\/08\\\/campworks.png\",\"width\":600,\"height\":315},{\"@type\":\"BreadcrumbList\",\"@id\":\"https:\\\/\\\/www.accuratereviews.com\\\/it\\\/software-per-campeggi\\\/campworks-recensione\\\/#breadcrumb\",\"itemListElement\":[{\"@type\":\"ListItem\",\"position\":1,\"name\":\"Home\",\"item\":\"https:\\\/\\\/www.accuratereviews.com\\\/it\\\/\"},{\"@type\":\"ListItem\",\"position\":2,\"name\":\"Software per campeggi\",\"item\":\"https:\\\/\\\/www.accuratereviews.com\\\/it\\\/software-per-campeggi\\\/\"},{\"@type\":\"ListItem\",\"position\":3,\"name\":\"CampWorks\"}]},{\"@type\":\"WebSite\",\"@id\":\"https:\\\/\\\/www.accuratereviews.com\\\/it\\\/#website\",\"url\":\"https:\\\/\\\/www.accuratereviews.com\\\/it\\\/\",\"name\":\"Accurate Reviews\",\"description\":\"\",\"potentialAction\":[{\"@type\":\"SearchAction\",\"target\":{\"@type\":\"EntryPoint\",\"urlTemplate\":\"https:\\\/\\\/www.accuratereviews.com\\\/it\\\/?s={search_term_string}\"},\"query-input\":{\"@type\":\"PropertyValueSpecification\",\"valueRequired\":true,\"valueName\":\"search_term_string\"}}],\"inLanguage\":\"it-IT\"}]}<\/script>\n<!-- \/ Yoast SEO plugin. -->","yoast_head_json":{"title":"CampWorks: recensione software per campeggi - Accurate Reviews","description":"CampWorks: recensione software di gestione del campeggio basato sul web e in sede, che organizza prenotazioni, visitatori e pagamenti.","robots":{"index":"index","follow":"follow","max-snippet":"max-snippet:-1","max-image-preview":"max-image-preview:large","max-video-preview":"max-video-preview:-1"},"canonical":"https:\/\/www.accuratereviews.com\/it\/software-per-campeggi\/campworks-recensione\/","og_locale":"it_IT","og_type":"article","og_title":"CampWorks: recensione software per campeggi - Accurate Reviews","og_description":"CampWorks: recensione software di gestione del campeggio basato sul web e in sede, che organizza prenotazioni, visitatori e pagamenti.","og_url":"https:\/\/www.accuratereviews.com\/it\/software-per-campeggi\/campworks-recensione\/","og_site_name":"Accurate Reviews","og_image":[{"width":600,"height":315,"url":"https:\/\/www.accuratereviews.com\/wp-content\/uploads\/2022\/08\/campworks.png","type":"image\/png"}],"twitter_card":"summary_large_image","twitter_misc":{"Tempo di lettura stimato":"5 minuti"},"schema":{"@context":"https:\/\/schema.org","@graph":[{"@type":"WebPage","@id":"https:\/\/www.accuratereviews.com\/it\/software-per-campeggi\/campworks-recensione\/","url":"https:\/\/www.accuratereviews.com\/it\/software-per-campeggi\/campworks-recensione\/","name":"CampWorks: recensione software per campeggi - Accurate Reviews","isPartOf":{"@id":"https:\/\/www.accuratereviews.com\/it\/#website"},"primaryImageOfPage":{"@id":"https:\/\/www.accuratereviews.com\/it\/software-per-campeggi\/campworks-recensione\/#primaryimage"},"image":{"@id":"https:\/\/www.accuratereviews.com\/it\/software-per-campeggi\/campworks-recensione\/#primaryimage"},"thumbnailUrl":"https:\/\/www.accuratereviews.com\/wp-content\/uploads\/2022\/08\/campworks.png","datePublished":"2022-08-08T10:14:37+00:00","description":"CampWorks: recensione software di gestione del campeggio basato sul web e in sede, che organizza prenotazioni, visitatori e pagamenti.","breadcrumb":{"@id":"https:\/\/www.accuratereviews.com\/it\/software-per-campeggi\/campworks-recensione\/#breadcrumb"},"inLanguage":"it-IT","potentialAction":[{"@type":"ReadAction","target":["https:\/\/www.accuratereviews.com\/it\/software-per-campeggi\/campworks-recensione\/"]}]},{"@type":"ImageObject","inLanguage":"it-IT","@id":"https:\/\/www.accuratereviews.com\/it\/software-per-campeggi\/campworks-recensione\/#primaryimage","url":"https:\/\/www.accuratereviews.com\/wp-content\/uploads\/2022\/08\/campworks.png","contentUrl":"https:\/\/www.accuratereviews.com\/wp-content\/uploads\/2022\/08\/campworks.png","width":600,"height":315},{"@type":"BreadcrumbList","@id":"https:\/\/www.accuratereviews.com\/it\/software-per-campeggi\/campworks-recensione\/#breadcrumb","itemListElement":[{"@type":"ListItem","position":1,"name":"Home","item":"https:\/\/www.accuratereviews.com\/it\/"},{"@type":"ListItem","position":2,"name":"Software per campeggi","item":"https:\/\/www.accuratereviews.com\/it\/software-per-campeggi\/"},{"@type":"ListItem","position":3,"name":"CampWorks"}]},{"@type":"WebSite","@id":"https:\/\/www.accuratereviews.com\/it\/#website","url":"https:\/\/www.accuratereviews.com\/it\/","name":"Accurate Reviews","description":"","potentialAction":[{"@type":"SearchAction","target":{"@type":"EntryPoint","urlTemplate":"https:\/\/www.accuratereviews.com\/it\/?s={search_term_string}"},"query-input":{"@type":"PropertyValueSpecification","valueRequired":true,"valueName":"search_term_string"}}],"inLanguage":"it-IT"}]}},"_links":{"self":[{"href":"https:\/\/www.accuratereviews.com\/it\/wp-json\/wp\/v2\/pages\/60399","targetHints":{"allow":["GET"]}}],"collection":[{"href":"https:\/\/www.accuratereviews.com\/it\/wp-json\/wp\/v2\/pages"}],"about":[{"href":"https:\/\/www.accuratereviews.com\/it\/wp-json\/wp\/v2\/types\/page"}],"author":[{"embeddable":true,"href":"https:\/\/www.accuratereviews.com\/it\/wp-json\/wp\/v2\/users\/16"}],"replies":[{"embeddable":true,"href":"https:\/\/www.accuratereviews.com\/it\/wp-json\/wp\/v2\/comments?post=60399"}],"version-history":[{"count":6,"href":"https:\/\/www.accuratereviews.com\/it\/wp-json\/wp\/v2\/pages\/60399\/revisions"}],"predecessor-version":[{"id":60424,"href":"https:\/\/www.accuratereviews.com\/it\/wp-json\/wp\/v2\/pages\/60399\/revisions\/60424"}],"up":[{"embeddable":true,"href":"https:\/\/www.accuratereviews.com\/it\/wp-json\/wp\/v2\/pages\/59967"}],"wp:featuredmedia":[{"embeddable":true,"href":"https:\/\/www.accuratereviews.com\/it\/wp-json\/wp\/v2\/media\/60400"}],"wp:attachment":[{"href":"https:\/\/www.accuratereviews.com\/it\/wp-json\/wp\/v2\/media?parent=60399"}],"wp:term":[{"taxonomy":"category","embeddable":true,"href":"https:\/\/www.accuratereviews.com\/it\/wp-json\/wp\/v2\/categories?post=60399"},{"taxonomy":"post_tag","embeddable":true,"href":"https:\/\/www.accuratereviews.com\/it\/wp-json\/wp\/v2\/tags?post=60399"},{"taxonomy":"features","embeddable":true,"href":"https:\/\/www.accuratereviews.com\/it\/wp-json\/wp\/v2\/features?post=60399"}],"curies":[{"name":"wp","href":"https:\/\/api.w.org\/{rel}","templated":true}]}}