{"id":60426,"date":"2022-08-08T12:47:19","date_gmt":"2022-08-08T12:47:19","guid":{"rendered":"https:\/\/www.accuratereviews.com\/?page_id=60426"},"modified":"2022-08-08T12:47:19","modified_gmt":"2022-08-08T12:47:19","slug":"good-sam-recensione","status":"publish","type":"page","link":"https:\/\/www.accuratereviews.com\/it\/software-per-campeggi\/good-sam-recensione\/","title":{"rendered":"Good Sam Campground Reservation System"},"content":{"rendered":"<p><strong>Good Sam Campground Reservation System\u00a0<\/strong>\u00e8 un <strong>software per campeggi<\/strong> che consente di gestire le prenotazioni, l&#8217;inventario, i dati di vendita, le fatture in modo semplice e veloce. Si tratta di un programma gestionale utile per automatizzare numerose attivit\u00e0 manuali che normalmente richiedono tempi lunghi e creano problemi operativi.<br \/>\nCon <strong>Good Sam<\/strong> puoi creare una mappa interattiva del tuo campeggio utilizzando una vista satellitare che permette agli ospiti, durante le prenotazioni online, di vedere la posizione e scoprire com&#8217;\u00e8 disposto il campeggio, i suoi servizi e molto altro ancora.<\/p>\n<h2><strong>GOOD SAM CAMPGROUND RESERVATION SYSTEM &#8211; DASHBOARD<\/strong><\/h2>\n<h2><a href=\"https:\/\/www.accuratereviews.com\/wp-content\/uploads\/2022\/08\/Image-Group-12.jpg\"><img loading=\"lazy\" decoding=\"async\" class=\"size-full wp-image-60427 aligncenter\" src=\"https:\/\/www.accuratereviews.com\/wp-content\/uploads\/2022\/08\/Image-Group-12.jpg\" alt=\"\" width=\"636\" height=\"460\" srcset=\"https:\/\/www.accuratereviews.com\/wp-content\/uploads\/2022\/08\/Image-Group-12.jpg 636w, https:\/\/www.accuratereviews.com\/wp-content\/uploads\/2022\/08\/Image-Group-12-300x217.jpg 300w, https:\/\/www.accuratereviews.com\/wp-content\/uploads\/2022\/08\/Image-Group-12-173x125.jpg 173w, https:\/\/www.accuratereviews.com\/wp-content\/uploads\/2022\/08\/Image-Group-12-50x36.jpg 50w, https:\/\/www.accuratereviews.com\/wp-content\/uploads\/2022\/08\/Image-Group-12-320x231.jpg 320w, https:\/\/www.accuratereviews.com\/wp-content\/uploads\/2022\/08\/Image-Group-12-239x173.jpg 239w\" sizes=\"auto, (max-width: 636px) 100vw, 636px\" \/><\/a><\/h2>\n<h3><strong>GOOD SAM CAMPGROUND RESERVATION SYSTEMS<\/strong>\u00a0&#8211; CARATTERISTICHE<\/h3>\n<ul>\n<li><strong>Regole di prenotazione flessibili<\/strong>: include orari di check-in e check-out personalizzabili, il numero di notti prenotabili online e le opzioni per la scelta del posto da parte degli ospiti<\/li>\n<li><strong>Pass per il parcheggio<\/strong>: per ogni prenotazione creiamo un pass automatico per il parcheggio che potrete stampare quando i vostri ospiti faranno il check-in nel vostro parco<\/li>\n<li><strong>Creazione di add-on per le prenotazioni online<\/strong>: rendete disponibili per l&#8217;acquisto articoli del campeggio come la legna da ardere o il noleggio durante il processo di prenotazione online<\/li>\n<li><strong>Calendario delle disponibilit\u00e0<\/strong>: quando un ospite non trova la sua prenotazione preferita a causa della disponibilit\u00e0, gli offriamo l&#8217;opzione successiva migliore. Questo calendario a scorrimento consente di trovare facilmente la prossima data disponibile<\/li>\n<li><strong>Report di gestione<\/strong>: oltre 20 rapporti personalizzabili che aiutano a monitorare le entrate giornaliere, settimanali e mensili<\/li>\n<li><strong>Report sui campeggiatori<\/strong>: rapporti in tempo reale che mostrano chi si \u00e8 registrato nel parco e chi se ne sta andando.<\/li>\n<\/ul>\n<h4>LE RECENSIONI DEGLI UTENTI<\/h4>\n<p><strong>Doug &#8220;Valore e supporto eccezionali&#8221;<\/strong><br \/>\nCOMMENTI: molto colpiti da Heath\/Andrew\/Charlotte e da tutto il loro supporto che ha permesso di importare il nostro attuale database di prenotazioni e di renderlo operativo in meno di 2 settimane!<br \/>\nPRO: il fatto che questo software consenta di effettuare prenotazioni al 100% senza contatto, con disponibilit\u00e0 del calendario e selezione del sito inclusi, transazioni con carta di credito conformi allo standard PCI, oltre a una pagina di destinazione dall&#8217;aspetto professionale. Siamo rimasti davvero impressionati. Il team di formazione e implementazione \u00e8 stato molto bravo a mostrare la facilit\u00e0 d&#8217;uso e gli effetti delle modifiche apportate al portale.<br \/>\nCONTRO: non c&#8217;\u00e8 molto da dire, se non che l&#8217;uso di mappe openstreet \u00e8 stato l&#8217;unico inconveniente, ma \u00e8 comunque molto carino.<\/p>\n<p><strong>Jim &#8220;Amiamo Good Sams&#8221;<\/strong><br \/>\nCOMMENTI: ottimo supporto, prodotto facile da usare<br \/>\nPRO: ci piace la facilit\u00e0 d&#8217;uso, l&#8217;aiuto immediato che riceviamo dall&#8217;azienda e la visibilit\u00e0 che d\u00e0 a questa struttura<br \/>\nCONTRO: ci piacerebbe vedere un&#8217;integrazione dei dati di noleggio in tutti e cinque i campeggi<\/p>\n<p><strong>Heather &#8220;Ottimo software&#8221;<\/strong><br \/>\nCOMMENTI: il software \u00e8 facile da usare e il team di assistenza \u00e8 rapido nel rispondere alle mie domande.<br \/>\nPRO: la semplicit\u00e0 di utilizzo. \u00c8 molto semplice da usare e ha tutte le funzioni necessarie per la prenotazione dei nostri siti.<br \/>\nCONTRO: ci vuole un po&#8217; di tempo per capirlo, ma una volta che l&#8217;hai capito \u00e8 tutto chiaro.<\/p>\n","protected":false},"excerpt":{"rendered":"<p>Good Sam Campground Reservation System\u00a0\u00e8 un software per campeggi che consente di gestire le prenotazioni, l&#8217;inventario, i dati di vendita, le fatture in modo semplice e veloce. Si tratta di un programma gestionale utile per automatizzare numerose attivit\u00e0 manuali che normalmente richiedono tempi lunghi e creano problemi operativi. Con Good Sam puoi creare una mappa [&hellip;]<\/p>\n","protected":false},"author":17,"featured_media":60432,"parent":59967,"menu_order":0,"comment_status":"open","ping_status":"closed","template":"g1_template_page_review_new.php","meta":{"_acf_changed":false,"cwp_meta_box_check":"No","cwp_rev_product_name":"","cwp_rev_product_image":"","wppr_links":[],"cwp_rev_price":"","wppr_options":[],"wppr_pros":[],"wppr_cons":[],"_monsterinsights_skip_tracking":false,"_monsterinsights_sitenote_active":false,"_monsterinsights_sitenote_note":"","_monsterinsights_sitenote_category":0,"footnotes":""},"categories":[13062],"tags":[13067,13068,13066,13083,13064,13119],"features":[],"class_list":{"0":"post-60426","1":"page","2":"type-page","3":"status-publish","4":"has-post-thumbnail","6":"category-software-campeggi-cat","7":"tag-app-per-campeggi","8":"tag-gestionale-per-campeggi","9":"tag-piattaforme-per-campeggi","10":"tag-programma-per-campeggi","11":"tag-software-per-campeggi","12":"tag-soluzioni-per-campeggi"},"wppr_data":{"cwp_meta_box_check":"No"},"acf":[],"yoast_head":"<!-- This site is optimized with the Yoast SEO plugin v27.4 - https:\/\/yoast.com\/product\/yoast-seo-wordpress\/ -->\n<title>Good Sam Campground Reservation System - Accurate Reviews<\/title>\n<meta name=\"description\" content=\"Good Sam Campground Reservation System: recensione del software per campeggi che consente di gestire le prenotazioni, l&#039;inventario e altro.\" \/>\n<meta name=\"robots\" content=\"index, follow, max-snippet:-1, max-image-preview:large, max-video-preview:-1\" \/>\n<link rel=\"canonical\" href=\"https:\/\/www.accuratereviews.com\/it\/software-per-campeggi\/good-sam-recensione\/\" \/>\n<meta property=\"og:locale\" content=\"it_IT\" \/>\n<meta property=\"og:type\" content=\"article\" \/>\n<meta property=\"og:title\" content=\"Good Sam Campground Reservation System - Accurate Reviews\" \/>\n<meta property=\"og:description\" content=\"Good Sam Campground Reservation System: recensione del software per campeggi che consente di gestire le prenotazioni, l&#039;inventario e altro.\" \/>\n<meta property=\"og:url\" content=\"https:\/\/www.accuratereviews.com\/it\/software-per-campeggi\/good-sam-recensione\/\" \/>\n<meta property=\"og:site_name\" content=\"Accurate Reviews\" \/>\n<meta property=\"og:image\" content=\"https:\/\/www.accuratereviews.com\/wp-content\/uploads\/2022\/08\/0aef3cf0-a3ba-4c5c-8f01-cf3be9fb4097.png.webp\" \/>\n\t<meta property=\"og:image:width\" content=\"721\" \/>\n\t<meta property=\"og:image:height\" content=\"624\" \/>\n\t<meta property=\"og:image:type\" content=\"image\/webp\" \/>\n<meta name=\"twitter:card\" content=\"summary_large_image\" \/>\n<meta name=\"twitter:label1\" content=\"Tempo di lettura stimato\" \/>\n\t<meta name=\"twitter:data1\" content=\"3 minuti\" \/>\n<script type=\"application\/ld+json\" class=\"yoast-schema-graph\">{\"@context\":\"https:\\\/\\\/schema.org\",\"@graph\":[{\"@type\":\"WebPage\",\"@id\":\"https:\\\/\\\/www.accuratereviews.com\\\/it\\\/software-per-campeggi\\\/good-sam-recensione\\\/\",\"url\":\"https:\\\/\\\/www.accuratereviews.com\\\/it\\\/software-per-campeggi\\\/good-sam-recensione\\\/\",\"name\":\"Good Sam Campground Reservation System - Accurate Reviews\",\"isPartOf\":{\"@id\":\"https:\\\/\\\/www.accuratereviews.com\\\/it\\\/#website\"},\"primaryImageOfPage\":{\"@id\":\"https:\\\/\\\/www.accuratereviews.com\\\/it\\\/software-per-campeggi\\\/good-sam-recensione\\\/#primaryimage\"},\"image\":{\"@id\":\"https:\\\/\\\/www.accuratereviews.com\\\/it\\\/software-per-campeggi\\\/good-sam-recensione\\\/#primaryimage\"},\"thumbnailUrl\":\"https:\\\/\\\/www.accuratereviews.com\\\/wp-content\\\/uploads\\\/2022\\\/08\\\/0aef3cf0-a3ba-4c5c-8f01-cf3be9fb4097.png.webp\",\"datePublished\":\"2022-08-08T12:47:19+00:00\",\"description\":\"Good Sam Campground Reservation System: recensione del software per campeggi che consente di gestire le prenotazioni, l'inventario e altro.\",\"breadcrumb\":{\"@id\":\"https:\\\/\\\/www.accuratereviews.com\\\/it\\\/software-per-campeggi\\\/good-sam-recensione\\\/#breadcrumb\"},\"inLanguage\":\"it-IT\",\"potentialAction\":[{\"@type\":\"ReadAction\",\"target\":[\"https:\\\/\\\/www.accuratereviews.com\\\/it\\\/software-per-campeggi\\\/good-sam-recensione\\\/\"]}]},{\"@type\":\"ImageObject\",\"inLanguage\":\"it-IT\",\"@id\":\"https:\\\/\\\/www.accuratereviews.com\\\/it\\\/software-per-campeggi\\\/good-sam-recensione\\\/#primaryimage\",\"url\":\"https:\\\/\\\/www.accuratereviews.com\\\/wp-content\\\/uploads\\\/2022\\\/08\\\/0aef3cf0-a3ba-4c5c-8f01-cf3be9fb4097.png.webp\",\"contentUrl\":\"https:\\\/\\\/www.accuratereviews.com\\\/wp-content\\\/uploads\\\/2022\\\/08\\\/0aef3cf0-a3ba-4c5c-8f01-cf3be9fb4097.png.webp\",\"width\":721,\"height\":624},{\"@type\":\"BreadcrumbList\",\"@id\":\"https:\\\/\\\/www.accuratereviews.com\\\/it\\\/software-per-campeggi\\\/good-sam-recensione\\\/#breadcrumb\",\"itemListElement\":[{\"@type\":\"ListItem\",\"position\":1,\"name\":\"Home\",\"item\":\"https:\\\/\\\/www.accuratereviews.com\\\/it\\\/\"},{\"@type\":\"ListItem\",\"position\":2,\"name\":\"Software per campeggi\",\"item\":\"https:\\\/\\\/www.accuratereviews.com\\\/it\\\/software-per-campeggi\\\/\"},{\"@type\":\"ListItem\",\"position\":3,\"name\":\"Good Sam Campground Reservation System\"}]},{\"@type\":\"WebSite\",\"@id\":\"https:\\\/\\\/www.accuratereviews.com\\\/it\\\/#website\",\"url\":\"https:\\\/\\\/www.accuratereviews.com\\\/it\\\/\",\"name\":\"Accurate Reviews\",\"description\":\"\",\"potentialAction\":[{\"@type\":\"SearchAction\",\"target\":{\"@type\":\"EntryPoint\",\"urlTemplate\":\"https:\\\/\\\/www.accuratereviews.com\\\/it\\\/?s={search_term_string}\"},\"query-input\":{\"@type\":\"PropertyValueSpecification\",\"valueRequired\":true,\"valueName\":\"search_term_string\"}}],\"inLanguage\":\"it-IT\"}]}<\/script>\n<!-- \/ Yoast SEO plugin. -->","yoast_head_json":{"title":"Good Sam Campground Reservation System - Accurate Reviews","description":"Good Sam Campground Reservation System: recensione del software per campeggi che consente di gestire le prenotazioni, l'inventario e altro.","robots":{"index":"index","follow":"follow","max-snippet":"max-snippet:-1","max-image-preview":"max-image-preview:large","max-video-preview":"max-video-preview:-1"},"canonical":"https:\/\/www.accuratereviews.com\/it\/software-per-campeggi\/good-sam-recensione\/","og_locale":"it_IT","og_type":"article","og_title":"Good Sam Campground Reservation System - Accurate Reviews","og_description":"Good Sam Campground Reservation System: recensione del software per campeggi che consente di gestire le prenotazioni, l'inventario e altro.","og_url":"https:\/\/www.accuratereviews.com\/it\/software-per-campeggi\/good-sam-recensione\/","og_site_name":"Accurate Reviews","og_image":[{"width":721,"height":624,"url":"https:\/\/www.accuratereviews.com\/wp-content\/uploads\/2022\/08\/0aef3cf0-a3ba-4c5c-8f01-cf3be9fb4097.png.webp","type":"image\/webp"}],"twitter_card":"summary_large_image","twitter_misc":{"Tempo di lettura stimato":"3 minuti"},"schema":{"@context":"https:\/\/schema.org","@graph":[{"@type":"WebPage","@id":"https:\/\/www.accuratereviews.com\/it\/software-per-campeggi\/good-sam-recensione\/","url":"https:\/\/www.accuratereviews.com\/it\/software-per-campeggi\/good-sam-recensione\/","name":"Good Sam Campground Reservation System - Accurate Reviews","isPartOf":{"@id":"https:\/\/www.accuratereviews.com\/it\/#website"},"primaryImageOfPage":{"@id":"https:\/\/www.accuratereviews.com\/it\/software-per-campeggi\/good-sam-recensione\/#primaryimage"},"image":{"@id":"https:\/\/www.accuratereviews.com\/it\/software-per-campeggi\/good-sam-recensione\/#primaryimage"},"thumbnailUrl":"https:\/\/www.accuratereviews.com\/wp-content\/uploads\/2022\/08\/0aef3cf0-a3ba-4c5c-8f01-cf3be9fb4097.png.webp","datePublished":"2022-08-08T12:47:19+00:00","description":"Good Sam Campground Reservation System: recensione del software per campeggi che consente di gestire le prenotazioni, l'inventario e altro.","breadcrumb":{"@id":"https:\/\/www.accuratereviews.com\/it\/software-per-campeggi\/good-sam-recensione\/#breadcrumb"},"inLanguage":"it-IT","potentialAction":[{"@type":"ReadAction","target":["https:\/\/www.accuratereviews.com\/it\/software-per-campeggi\/good-sam-recensione\/"]}]},{"@type":"ImageObject","inLanguage":"it-IT","@id":"https:\/\/www.accuratereviews.com\/it\/software-per-campeggi\/good-sam-recensione\/#primaryimage","url":"https:\/\/www.accuratereviews.com\/wp-content\/uploads\/2022\/08\/0aef3cf0-a3ba-4c5c-8f01-cf3be9fb4097.png.webp","contentUrl":"https:\/\/www.accuratereviews.com\/wp-content\/uploads\/2022\/08\/0aef3cf0-a3ba-4c5c-8f01-cf3be9fb4097.png.webp","width":721,"height":624},{"@type":"BreadcrumbList","@id":"https:\/\/www.accuratereviews.com\/it\/software-per-campeggi\/good-sam-recensione\/#breadcrumb","itemListElement":[{"@type":"ListItem","position":1,"name":"Home","item":"https:\/\/www.accuratereviews.com\/it\/"},{"@type":"ListItem","position":2,"name":"Software per campeggi","item":"https:\/\/www.accuratereviews.com\/it\/software-per-campeggi\/"},{"@type":"ListItem","position":3,"name":"Good Sam Campground Reservation System"}]},{"@type":"WebSite","@id":"https:\/\/www.accuratereviews.com\/it\/#website","url":"https:\/\/www.accuratereviews.com\/it\/","name":"Accurate Reviews","description":"","potentialAction":[{"@type":"SearchAction","target":{"@type":"EntryPoint","urlTemplate":"https:\/\/www.accuratereviews.com\/it\/?s={search_term_string}"},"query-input":{"@type":"PropertyValueSpecification","valueRequired":true,"valueName":"search_term_string"}}],"inLanguage":"it-IT"}]}},"_links":{"self":[{"href":"https:\/\/www.accuratereviews.com\/it\/wp-json\/wp\/v2\/pages\/60426","targetHints":{"allow":["GET"]}}],"collection":[{"href":"https:\/\/www.accuratereviews.com\/it\/wp-json\/wp\/v2\/pages"}],"about":[{"href":"https:\/\/www.accuratereviews.com\/it\/wp-json\/wp\/v2\/types\/page"}],"author":[{"embeddable":true,"href":"https:\/\/www.accuratereviews.com\/it\/wp-json\/wp\/v2\/users\/17"}],"replies":[{"embeddable":true,"href":"https:\/\/www.accuratereviews.com\/it\/wp-json\/wp\/v2\/comments?post=60426"}],"version-history":[{"count":6,"href":"https:\/\/www.accuratereviews.com\/it\/wp-json\/wp\/v2\/pages\/60426\/revisions"}],"predecessor-version":[{"id":60445,"href":"https:\/\/www.accuratereviews.com\/it\/wp-json\/wp\/v2\/pages\/60426\/revisions\/60445"}],"up":[{"embeddable":true,"href":"https:\/\/www.accuratereviews.com\/it\/wp-json\/wp\/v2\/pages\/59967"}],"wp:featuredmedia":[{"embeddable":true,"href":"https:\/\/www.accuratereviews.com\/it\/wp-json\/wp\/v2\/media\/60432"}],"wp:attachment":[{"href":"https:\/\/www.accuratereviews.com\/it\/wp-json\/wp\/v2\/media?parent=60426"}],"wp:term":[{"taxonomy":"category","embeddable":true,"href":"https:\/\/www.accuratereviews.com\/it\/wp-json\/wp\/v2\/categories?post=60426"},{"taxonomy":"post_tag","embeddable":true,"href":"https:\/\/www.accuratereviews.com\/it\/wp-json\/wp\/v2\/tags?post=60426"},{"taxonomy":"features","embeddable":true,"href":"https:\/\/www.accuratereviews.com\/it\/wp-json\/wp\/v2\/features?post=60426"}],"curies":[{"name":"wp","href":"https:\/\/api.w.org\/{rel}","templated":true}]}}