{"id":60451,"date":"2022-08-09T11:58:59","date_gmt":"2022-08-09T11:58:59","guid":{"rendered":"https:\/\/www.accuratereviews.com\/?page_id=60451"},"modified":"2022-08-09T11:58:59","modified_gmt":"2022-08-09T11:58:59","slug":"bonfire-campground-management-recensione","status":"publish","type":"page","link":"https:\/\/www.accuratereviews.com\/it\/software-per-campeggi\/bonfire-campground-management-recensione\/","title":{"rendered":"Bonfire Campground Management"},"content":{"rendered":"<p><strong>Bonfire<\/strong> \u00e8 una <strong>soluzione di prenotazione e gestione dei campeggi<\/strong> basata su <strong>cloud<\/strong>. La piattaforma \u00e8 accessibile tramite qualsiasi dispositivo abilitato a Internet e offre elaborazione dei pagamenti, gestione della disponibilit\u00e0, componenti aggiuntivi di servizi, controlli dinamici delle tariffe e altro ancora.\u00a0Le pagine di prenotazione personalizzabili di <strong>Bonfire<\/strong> consentono agli ospiti di filtrare le date, visualizzare la disponibilit\u00e0 e prenotare i loro soggiorni online. Gli utenti possono creare e gestire diverse tariffe notturne consentendo l&#8217;impostazione delle tariffe per i giorni feriali, i fine settimana e i giorni festivi. Il programma consente inoltre agli utenti di controllare la disponibilit\u00e0 tramite il calendario. I servizi possono essere aggiunti alle prenotazioni con un solo clic per gestire gli addebiti.<\/p>\n<h2>BONFIRE CAMPGROUND MANAGEMENT &#8211; TUTORIAL<\/h2>\n<div id=\"fluid-wrapper-counter-1\" class=\"g1-fluid-wrapper \" style=\"width:686px;\">\n<div style=\"padding-bottom:56.268221574344%;\"><iframe loading=\"lazy\" title=\"Bonfire Software - Simple Campground Management Software\" width=\"686\" height=\"386\" src=\"https:\/\/www.youtube.com\/embed\/VyF57ZW_wQM?feature=oembed&amp;wmode=transparent&amp;autohide=1&amp;autoplay=0&amp;disablekb=0&amp;fs=1&amp;loop=0&amp;enablejsapi=1&amp;rel=0&amp;controls=2&amp;showinfo=0&amp;wmode=transparent&amp;autohide=2&amp;autoplay=0&amp;disablekb=0&amp;fs=1&amp;loop=0&amp;enablejsapi=1&amp;rel=0&amp;controls=2&amp;showinfo=1\" frameborder=\"0\" allow=\"accelerometer; autoplay; clipboard-write; encrypted-media; gyroscope; picture-in-picture\" allowfullscreen><\/iframe><\/div>\n<\/div>\n<h3>BONFIRE CAMPGROUND MANAGEMENT &#8211; CARATTERISTICHE<\/h3>\n<ul>\n<li><strong>Calendario prenotazioni<\/strong>: consenti ai tuoi ospiti di selezionare facilmente il momento migliore per visitare la tua destinazione con una prenotazione online intuitiva e 24 ore su 24. Accedi a una vista di primo livello della griglia di prenotazione e delle informazioni necessarie per aumentare l&#8217;occupazione<\/li>\n<li><strong>Dashboard giornaliero<\/strong>: goditi dati e analisi in tempo reale per monitorare facilmente le tue operazioni, ovunque tu sia, da qualsiasi dispositivo. Dai un&#8217;occhiata diretta ai tuoi arrivi\/partenze, check-in e soggiorni fuori orario<\/li>\n<li><strong>Mappa interattiva<\/strong>: trasforma la tua mappa in un&#8217;immagine interattiva pulita e facile da navigare con una funzione di determinazione dei prezzi dinamica che ti consente di impostare tariffe di prenotazione e aliquote fiscali diverse per ogni tipo di sito, con la possibilit\u00e0 di personalizzare le tariffe per stagione, giorni feriali o festivi<\/li>\n<li><strong>Pagina prenotazione Online<\/strong>: non perdere una prenotazione perch\u00e9 un potenziale ospite ha chiamato fuori orario. Con una pagina di prenotazione dedicata perfettamente collegata al tuo sito web i clienti potranno prenotare da qualsiasi dispositivo: desktop, tablet o cellulare<\/li>\n<li><strong>Spese di lettura del contatore elettrico<\/strong>: il modulo di lettura dei contatori elettrici consente di aggiornare le letture e calcolare automaticamente gli addebiti in modo da poterli aggiungere a prenotazioni specifiche<\/li>\n<li><strong>Servizi e complementi:<\/strong> crea entrate aggiuntive e campeggiatori pi\u00f9 felici consentendo agli ospiti di aggiungere servizi (legna da ardere, bombole di propano, noleggio barche, ecc.) alle loro prenotazioni prima del loro soggiorno<\/li>\n<li><strong>Guestbook con storico delle prenotazioni<\/strong>: il guestbook contiene tutta la cronologia delle prenotazioni e le note in modo che tu possa essere preparato ad aiutare gli ospiti.<\/li>\n<\/ul>\n<h4>LE RECENSIONI DEGLI UTENTI<\/h4>\n<p class=\"fw-bold mb-2\"><strong>Joyce&#8221;Acquisto una tantum&#8221;<\/strong><\/p>\n<p><span class=\"fw-bold\"><strong>Commenti<\/strong>: <\/span>Nel complesso \u00e8 stato facile da configurare e apportare modifiche a piacimento. La mia unica lamentela \u00e8 che non funziona bene sul mio iPhone.\u00a0Ma \u00e8 un ottimo sistema che manterr\u00e0 organizzato il tuo campeggio.<\/p>\n<p class=\"fw-bold mb-2\"><strong>Pro<\/strong>:\u00a0Mi piace che sia stato un acquisto una tantum, non un canone mensile. Ne ho provati altri prima di ricevere una chiamata da Bonfires Head Honcho, team di supporto. Alcuni erano gratuiti per me, ma costosi per i miei clienti, quindi non volevano usarli. I miei clienti abituali adorano il sistema di prenotazione Bonfire. \u00c8 facile da usare e possono vedere se il loro sito preferito \u00e8 disponibile!<\/p>\n<p class=\"fw-bold mb-2\"><strong>Contro<\/strong>:\u00a0Ero arrabbiato per il fatto che Bonfire non funzionasse bene con i prodotti Apple. Questo \u00e8 stato un bel ostacolo nella mia attivit\u00e0. Quindi mi piacerebbe vedere che risolve. Ho fiducia che il team di supporto sia su di esso!<\/p>\n<p class=\"fw-bold mb-2\"><strong>Chesley&#8221;Bonfire\u00a0\u00e8 un salvavita&#8221;<\/strong><\/p>\n<p><span class=\"fw-bold\"><strong>Commenti<\/strong>: <\/span>Il fal\u00f2 \u00e8 fantastico. Il loro team \u00e8 fantastico e il software \u00e8 semplicissimo da usare. Il mio staff non \u00e8 il migliore con i computer e ci hanno aiutato a rimetterci in funzione, oltre a fornire una formazione che ha reso tutto liscio e senza interruzioni.<\/p>\n<p class=\"fw-bold mb-2\"><strong>Pro<\/strong>:\u00a0\u00c8 semplicissimo da usare e il loro servizio clienti \u00e8 fenomenale!<\/p>\n<p class=\"fw-bold mb-2\"><strong>Contro<\/strong>:\u00a0Vorrei che avessero un mercato, ma comprendo il motivo per cui non ne hanno uno.<\/p>\n<p class=\"fw-bold mb-2\"><strong>James&#8221;Buon software ma ha pi\u00f9 potenziale&#8221;<\/strong><\/p>\n<p><span class=\"fw-bold\"><strong>Commenti<\/strong>: <\/span>Questo software mi ha permesso di non dover portare una penna e un calendario multipagina. La memorizzazione delle informazioni sui clienti \u00e8 pi\u00f9 sicura con questo metodo<\/p>\n<p class=\"fw-bold mb-2\"><strong>Pro<\/strong>:\u00a0Mi piace come \u00e8 strutturato il calendario e la facilit\u00e0 di inserimento delle informazioni sui clienti<\/p>\n<p class=\"fw-bold mb-2\"><strong>Contro<\/strong>:\u00a0Non mi piace che debba essere costantemente aggiornato su un tablet o un dispositivo mobile. Vorrei anche che avesse una data di origine della prenotazione sulla prenotazione all&#8217;interno di Bonfire.<\/p>\n","protected":false},"excerpt":{"rendered":"<p>Bonfire \u00e8 una soluzione di prenotazione e gestione dei campeggi basata su cloud. La piattaforma \u00e8 accessibile tramite qualsiasi dispositivo abilitato a Internet e offre elaborazione dei pagamenti, gestione della disponibilit\u00e0, componenti aggiuntivi di servizi, controlli dinamici delle tariffe e altro ancora.\u00a0Le pagine di prenotazione personalizzabili di Bonfire consentono agli ospiti di filtrare le date, visualizzare la disponibilit\u00e0 e prenotare i loro soggiorni online.<\/p>\n","protected":false},"author":16,"featured_media":60452,"parent":59967,"menu_order":0,"comment_status":"open","ping_status":"closed","template":"g1_template_page_review_new.php","meta":{"_acf_changed":false,"cwp_meta_box_check":"No","cwp_rev_product_name":"","cwp_rev_product_image":"","wppr_links":[],"cwp_rev_price":"","wppr_options":[],"wppr_pros":[],"wppr_cons":[],"_monsterinsights_skip_tracking":false,"_monsterinsights_sitenote_active":false,"_monsterinsights_sitenote_note":"","_monsterinsights_sitenote_category":0,"footnotes":""},"categories":[13062],"tags":[13146,13084,13083,13064,13082],"features":[],"class_list":{"0":"post-60451","1":"page","2":"type-page","3":"status-publish","4":"has-post-thumbnail","6":"category-software-campeggi-cat","7":"tag-bonfire-campground-management","8":"tag-piattaforma-per-campeggi","9":"tag-programma-per-campeggi","10":"tag-software-per-campeggi","11":"tag-soluzione-per-campeggi"},"wppr_data":{"cwp_meta_box_check":"No"},"acf":[],"yoast_head":"<!-- This site is optimized with the Yoast SEO plugin v27.4 - https:\/\/yoast.com\/product\/yoast-seo-wordpress\/ -->\n<title>Bonfire Campground Management: recensione software per campeggi<\/title>\n<meta name=\"description\" content=\"Bonfire Campground Management: recensione soluzione di prenotazione e gestione dei campeggi basata su cloud.\" \/>\n<meta name=\"robots\" content=\"index, follow, max-snippet:-1, max-image-preview:large, max-video-preview:-1\" \/>\n<link rel=\"canonical\" href=\"https:\/\/www.accuratereviews.com\/it\/software-per-campeggi\/bonfire-campground-management-recensione\/\" \/>\n<meta property=\"og:locale\" content=\"it_IT\" \/>\n<meta property=\"og:type\" content=\"article\" \/>\n<meta property=\"og:title\" content=\"Bonfire Campground Management: recensione software per campeggi\" \/>\n<meta property=\"og:description\" content=\"Bonfire Campground Management: recensione soluzione di prenotazione e gestione dei campeggi basata su cloud.\" \/>\n<meta property=\"og:url\" content=\"https:\/\/www.accuratereviews.com\/it\/software-per-campeggi\/bonfire-campground-management-recensione\/\" \/>\n<meta property=\"og:site_name\" content=\"Accurate Reviews\" \/>\n<meta property=\"og:image\" content=\"https:\/\/www.accuratereviews.com\/wp-content\/uploads\/2022\/08\/Bonfire-Campground-Management-.webp\" \/>\n\t<meta property=\"og:image:width\" content=\"562\" \/>\n\t<meta property=\"og:image:height\" content=\"562\" \/>\n\t<meta property=\"og:image:type\" content=\"image\/webp\" \/>\n<meta name=\"twitter:card\" content=\"summary_large_image\" \/>\n<meta name=\"twitter:label1\" content=\"Tempo di lettura stimato\" \/>\n\t<meta name=\"twitter:data1\" content=\"4 minuti\" \/>\n<script type=\"application\/ld+json\" class=\"yoast-schema-graph\">{\"@context\":\"https:\\\/\\\/schema.org\",\"@graph\":[{\"@type\":\"WebPage\",\"@id\":\"https:\\\/\\\/www.accuratereviews.com\\\/it\\\/software-per-campeggi\\\/bonfire-campground-management-recensione\\\/\",\"url\":\"https:\\\/\\\/www.accuratereviews.com\\\/it\\\/software-per-campeggi\\\/bonfire-campground-management-recensione\\\/\",\"name\":\"Bonfire Campground Management: recensione software per campeggi\",\"isPartOf\":{\"@id\":\"https:\\\/\\\/www.accuratereviews.com\\\/it\\\/#website\"},\"primaryImageOfPage\":{\"@id\":\"https:\\\/\\\/www.accuratereviews.com\\\/it\\\/software-per-campeggi\\\/bonfire-campground-management-recensione\\\/#primaryimage\"},\"image\":{\"@id\":\"https:\\\/\\\/www.accuratereviews.com\\\/it\\\/software-per-campeggi\\\/bonfire-campground-management-recensione\\\/#primaryimage\"},\"thumbnailUrl\":\"https:\\\/\\\/www.accuratereviews.com\\\/wp-content\\\/uploads\\\/2022\\\/08\\\/Bonfire-Campground-Management-.webp\",\"datePublished\":\"2022-08-09T11:58:59+00:00\",\"description\":\"Bonfire Campground Management: recensione soluzione di prenotazione e gestione dei campeggi basata su cloud.\",\"breadcrumb\":{\"@id\":\"https:\\\/\\\/www.accuratereviews.com\\\/it\\\/software-per-campeggi\\\/bonfire-campground-management-recensione\\\/#breadcrumb\"},\"inLanguage\":\"it-IT\",\"potentialAction\":[{\"@type\":\"ReadAction\",\"target\":[\"https:\\\/\\\/www.accuratereviews.com\\\/it\\\/software-per-campeggi\\\/bonfire-campground-management-recensione\\\/\"]}]},{\"@type\":\"ImageObject\",\"inLanguage\":\"it-IT\",\"@id\":\"https:\\\/\\\/www.accuratereviews.com\\\/it\\\/software-per-campeggi\\\/bonfire-campground-management-recensione\\\/#primaryimage\",\"url\":\"https:\\\/\\\/www.accuratereviews.com\\\/wp-content\\\/uploads\\\/2022\\\/08\\\/Bonfire-Campground-Management-.webp\",\"contentUrl\":\"https:\\\/\\\/www.accuratereviews.com\\\/wp-content\\\/uploads\\\/2022\\\/08\\\/Bonfire-Campground-Management-.webp\",\"width\":562,\"height\":562},{\"@type\":\"BreadcrumbList\",\"@id\":\"https:\\\/\\\/www.accuratereviews.com\\\/it\\\/software-per-campeggi\\\/bonfire-campground-management-recensione\\\/#breadcrumb\",\"itemListElement\":[{\"@type\":\"ListItem\",\"position\":1,\"name\":\"Home\",\"item\":\"https:\\\/\\\/www.accuratereviews.com\\\/it\\\/\"},{\"@type\":\"ListItem\",\"position\":2,\"name\":\"Software per campeggi\",\"item\":\"https:\\\/\\\/www.accuratereviews.com\\\/it\\\/software-per-campeggi\\\/\"},{\"@type\":\"ListItem\",\"position\":3,\"name\":\"Bonfire Campground Management\"}]},{\"@type\":\"WebSite\",\"@id\":\"https:\\\/\\\/www.accuratereviews.com\\\/it\\\/#website\",\"url\":\"https:\\\/\\\/www.accuratereviews.com\\\/it\\\/\",\"name\":\"Accurate Reviews\",\"description\":\"\",\"potentialAction\":[{\"@type\":\"SearchAction\",\"target\":{\"@type\":\"EntryPoint\",\"urlTemplate\":\"https:\\\/\\\/www.accuratereviews.com\\\/it\\\/?s={search_term_string}\"},\"query-input\":{\"@type\":\"PropertyValueSpecification\",\"valueRequired\":true,\"valueName\":\"search_term_string\"}}],\"inLanguage\":\"it-IT\"}]}<\/script>\n<!-- \/ Yoast SEO plugin. -->","yoast_head_json":{"title":"Bonfire Campground Management: recensione software per campeggi","description":"Bonfire Campground Management: recensione soluzione di prenotazione e gestione dei campeggi basata su cloud.","robots":{"index":"index","follow":"follow","max-snippet":"max-snippet:-1","max-image-preview":"max-image-preview:large","max-video-preview":"max-video-preview:-1"},"canonical":"https:\/\/www.accuratereviews.com\/it\/software-per-campeggi\/bonfire-campground-management-recensione\/","og_locale":"it_IT","og_type":"article","og_title":"Bonfire Campground Management: recensione software per campeggi","og_description":"Bonfire Campground Management: recensione soluzione di prenotazione e gestione dei campeggi basata su cloud.","og_url":"https:\/\/www.accuratereviews.com\/it\/software-per-campeggi\/bonfire-campground-management-recensione\/","og_site_name":"Accurate Reviews","og_image":[{"width":562,"height":562,"url":"https:\/\/www.accuratereviews.com\/wp-content\/uploads\/2022\/08\/Bonfire-Campground-Management-.webp","type":"image\/webp"}],"twitter_card":"summary_large_image","twitter_misc":{"Tempo di lettura stimato":"4 minuti"},"schema":{"@context":"https:\/\/schema.org","@graph":[{"@type":"WebPage","@id":"https:\/\/www.accuratereviews.com\/it\/software-per-campeggi\/bonfire-campground-management-recensione\/","url":"https:\/\/www.accuratereviews.com\/it\/software-per-campeggi\/bonfire-campground-management-recensione\/","name":"Bonfire Campground Management: recensione software per campeggi","isPartOf":{"@id":"https:\/\/www.accuratereviews.com\/it\/#website"},"primaryImageOfPage":{"@id":"https:\/\/www.accuratereviews.com\/it\/software-per-campeggi\/bonfire-campground-management-recensione\/#primaryimage"},"image":{"@id":"https:\/\/www.accuratereviews.com\/it\/software-per-campeggi\/bonfire-campground-management-recensione\/#primaryimage"},"thumbnailUrl":"https:\/\/www.accuratereviews.com\/wp-content\/uploads\/2022\/08\/Bonfire-Campground-Management-.webp","datePublished":"2022-08-09T11:58:59+00:00","description":"Bonfire Campground Management: recensione soluzione di prenotazione e gestione dei campeggi basata su cloud.","breadcrumb":{"@id":"https:\/\/www.accuratereviews.com\/it\/software-per-campeggi\/bonfire-campground-management-recensione\/#breadcrumb"},"inLanguage":"it-IT","potentialAction":[{"@type":"ReadAction","target":["https:\/\/www.accuratereviews.com\/it\/software-per-campeggi\/bonfire-campground-management-recensione\/"]}]},{"@type":"ImageObject","inLanguage":"it-IT","@id":"https:\/\/www.accuratereviews.com\/it\/software-per-campeggi\/bonfire-campground-management-recensione\/#primaryimage","url":"https:\/\/www.accuratereviews.com\/wp-content\/uploads\/2022\/08\/Bonfire-Campground-Management-.webp","contentUrl":"https:\/\/www.accuratereviews.com\/wp-content\/uploads\/2022\/08\/Bonfire-Campground-Management-.webp","width":562,"height":562},{"@type":"BreadcrumbList","@id":"https:\/\/www.accuratereviews.com\/it\/software-per-campeggi\/bonfire-campground-management-recensione\/#breadcrumb","itemListElement":[{"@type":"ListItem","position":1,"name":"Home","item":"https:\/\/www.accuratereviews.com\/it\/"},{"@type":"ListItem","position":2,"name":"Software per campeggi","item":"https:\/\/www.accuratereviews.com\/it\/software-per-campeggi\/"},{"@type":"ListItem","position":3,"name":"Bonfire Campground Management"}]},{"@type":"WebSite","@id":"https:\/\/www.accuratereviews.com\/it\/#website","url":"https:\/\/www.accuratereviews.com\/it\/","name":"Accurate Reviews","description":"","potentialAction":[{"@type":"SearchAction","target":{"@type":"EntryPoint","urlTemplate":"https:\/\/www.accuratereviews.com\/it\/?s={search_term_string}"},"query-input":{"@type":"PropertyValueSpecification","valueRequired":true,"valueName":"search_term_string"}}],"inLanguage":"it-IT"}]}},"_links":{"self":[{"href":"https:\/\/www.accuratereviews.com\/it\/wp-json\/wp\/v2\/pages\/60451","targetHints":{"allow":["GET"]}}],"collection":[{"href":"https:\/\/www.accuratereviews.com\/it\/wp-json\/wp\/v2\/pages"}],"about":[{"href":"https:\/\/www.accuratereviews.com\/it\/wp-json\/wp\/v2\/types\/page"}],"author":[{"embeddable":true,"href":"https:\/\/www.accuratereviews.com\/it\/wp-json\/wp\/v2\/users\/16"}],"replies":[{"embeddable":true,"href":"https:\/\/www.accuratereviews.com\/it\/wp-json\/wp\/v2\/comments?post=60451"}],"version-history":[{"count":6,"href":"https:\/\/www.accuratereviews.com\/it\/wp-json\/wp\/v2\/pages\/60451\/revisions"}],"predecessor-version":[{"id":60535,"href":"https:\/\/www.accuratereviews.com\/it\/wp-json\/wp\/v2\/pages\/60451\/revisions\/60535"}],"up":[{"embeddable":true,"href":"https:\/\/www.accuratereviews.com\/it\/wp-json\/wp\/v2\/pages\/59967"}],"wp:featuredmedia":[{"embeddable":true,"href":"https:\/\/www.accuratereviews.com\/it\/wp-json\/wp\/v2\/media\/60452"}],"wp:attachment":[{"href":"https:\/\/www.accuratereviews.com\/it\/wp-json\/wp\/v2\/media?parent=60451"}],"wp:term":[{"taxonomy":"category","embeddable":true,"href":"https:\/\/www.accuratereviews.com\/it\/wp-json\/wp\/v2\/categories?post=60451"},{"taxonomy":"post_tag","embeddable":true,"href":"https:\/\/www.accuratereviews.com\/it\/wp-json\/wp\/v2\/tags?post=60451"},{"taxonomy":"features","embeddable":true,"href":"https:\/\/www.accuratereviews.com\/it\/wp-json\/wp\/v2\/features?post=60451"}],"curies":[{"name":"wp","href":"https:\/\/api.w.org\/{rel}","templated":true}]}}