{"id":60458,"date":"2022-08-09T11:57:47","date_gmt":"2022-08-09T11:57:47","guid":{"rendered":"https:\/\/www.accuratereviews.com\/?page_id=60458"},"modified":"2022-08-09T11:57:47","modified_gmt":"2022-08-09T11:57:47","slug":"cobalt-silver-recensione","status":"publish","type":"page","link":"https:\/\/www.accuratereviews.com\/it\/software-per-campeggi\/cobalt-silver-recensione\/","title":{"rendered":"Cobalt Silver"},"content":{"rendered":"<p><strong>Cobalt Silver<\/strong> \u00e8 una <strong>soluzione di gestione della propriet\u00e0<\/strong> basata su <strong>cloud<\/strong> adatta a proprietari e gestori di immobili in affitto di piccole e medie dimensioni. La soluzione fornisce funzionalit\u00e0 come prenotazione online, email marketing, comunicazione con i clienti e altro ancora. Il programma\u00a0aiuta le aziende a gestire pi\u00f9 propriet\u00e0 e tenere traccia dello stato di prenotazione per ciascuna propriet\u00e0. L&#8217;intuitivo calendario delle prenotazioni mostra la disponibilit\u00e0 in tempo reale per ogni struttura ad accettare nuove prenotazioni per gli slot liberi, eliminando la possibilit\u00e0 di doppia prenotazione per lo stesso slot. La soluzione fornisce modelli di siti web personalizzabili e un&#8217;interfaccia drag &amp; drop per consentire agli utenti di progettare siti web interattivi per la loro attivit\u00e0 di noleggio. I proprietari di immobili possono configurare opzioni di prezzo flessibili per il loro pacchetto turistico a seconda della domanda stagionale e dei servizi offerti nel pacchetto.<\/p>\n<h2>COBALT SILVER &#8211; TUTORIAL<\/h2>\n<div id=\"fluid-wrapper-counter-1\" class=\"g1-fluid-wrapper \" style=\"width:686px;\">\n<div style=\"padding-bottom:56.268221574344%;\"><iframe loading=\"lazy\" title=\"Cobalt Silver Demo\" width=\"686\" height=\"386\" src=\"https:\/\/www.youtube.com\/embed\/iRLWHw0w4ZA?feature=oembed&amp;wmode=transparent&amp;autohide=1&amp;autoplay=0&amp;disablekb=0&amp;fs=1&amp;loop=0&amp;enablejsapi=1&amp;rel=0&amp;controls=2&amp;showinfo=0&amp;wmode=transparent&amp;autohide=2&amp;autoplay=0&amp;disablekb=0&amp;fs=1&amp;loop=0&amp;enablejsapi=1&amp;rel=0&amp;controls=2&amp;showinfo=1\" frameborder=\"0\" allow=\"accelerometer; autoplay; clipboard-write; encrypted-media; gyroscope; picture-in-picture\" allowfullscreen><\/iframe><\/div>\n<\/div>\n<h3>COBALT SILVER &#8211; CARATTERISTICHE<\/h3>\n<ul>\n<li><strong>Rapporti sul noleggio di barche<\/strong>: il rapporto sull&#8217;andamento delle vendite diventer\u00e0 uno dei tuoi migliori amici e ti aiuter\u00e0 a identificare come viene venduto l&#8217;inventario rispetto allo stesso periodo di tempo degli anni passati. Puoi visualizzare per giorno\/notte, entrate e approfondire i singoli modelli di barche per vedere una ripartizione mese per mese<\/li>\n<li><strong>Regole di cancellazione automatica<\/strong>: il sistema \u00e8 in grado di applicare automaticamente pi\u00f9 regole di cancellazione in base alle politiche della tua operazione e calcola automaticamente la tariffa applicabile<\/li>\n<li><strong>Reportistica giornaliera sulle vendite<\/strong>: ogni articolo che affitti o vendi pu\u00f2 essere legato al proprio codice di contabilit\u00e0 generale (GL). Il Daily Sales Report riporter\u00e0 le entrate di ciascun codice GL e pu\u00f2 essere esportato e importato nel tuo sistema contabile preferito (JD Edwards, QuickBooks, ecc.)<\/li>\n<li><strong>Prenotazioni online<\/strong>: Il modulo di prenotazione online estrae il tuo vero inventario, quindi non devi preoccuparti di overbooking. Accetta le prenotazioni 24 ore su 24, 7 giorni su 7, 365 giorni l&#8217;anno e osserva il volume delle chiamate diminuire mentre le prenotazioni e le entrate aumentano<\/li>\n<li><strong>Modulo di pagamento integrato<\/strong>: il programma dispone di un modulo di pagamento integrato che permette di elaborare i pagamenti direttamente sulla fattura del cliente (o online se \u00e8 richiesto un pagamento per le prenotazioni). A differenza di altri sistemi di prenotazione, i pagamenti vanno direttamente sul tuo conto bancario e questo modulo \u00e8 incluso gratuitamente nel sistema<\/li>\n<li><strong>Prenotazioni facili<\/strong>: la tua mappa di prenotazione online consentir\u00e0 al cliente di selezionare pi\u00f9 campeggi, visualizzare le immagini e filtrare per il campeggio che soddisfa le sue esigenze specifiche (lunghezza dello spazio per camper, fognatura, elettrico, ecc.). Riduci il volume delle chiamate e aumenta i profitti accettando le prenotazioni 24x7x365.<\/li>\n<\/ul>\n<h4>LE RECENSIONI DEGLI UTENTI<\/h4>\n<p class=\"fw-bold mb-2\"><strong>Mike&#8221;Cobalt Silver \u00e8 stato un enorme successo per le nostre operazioni&#8221;<\/strong><\/p>\n<p><span class=\"fw-bold\"><strong>Commenti<\/strong>: <\/span>Dai requisiti dei parametri iniziali allo sviluppo finale, il team di Cobalt Silver \u00e8 stato meticoloso nell&#8217;attenzione ai dettagli durante lo sviluppo del nostro software di prenotazione.<\/p>\n<p class=\"fw-bold mb-2\"><strong>Pro<\/strong>:\u00a0Ergonomia, dettaglio delle funzioni, perfetta integrazione con il sito web, velocit\u00e0 di elaborazione, sicurezza.<\/p>\n<p class=\"fw-bold mb-2\"><strong>Contro<\/strong>:\u00a0I rapporti a volte sono distorti durante la conversione in Excel.<\/p>\n<p class=\"fw-bold mb-2\"><strong>Christopher &#8220;La scelta giusta per la tua attivit\u00e0&#8221;<\/strong><\/p>\n<p><span class=\"fw-bold\"><strong>Commenti<\/strong>: <\/span>Uso Cobalt Silver ogni giorno, cos\u00ec come tutta la mia squadra. Siamo tutti incredibilmente lieti di avere uno strumento cos\u00ec potente per la nostra attivit\u00e0.<\/p>\n<p class=\"fw-bold mb-2\"><strong>Pro<\/strong>:\u00a0Cobalt Silver \u00e8 un sistema molto robusto che mantiene un facile livello di utilizzo nonostante la grande quantit\u00e0 di funzionalit\u00e0. \u00c8 lineare quando necessario e opportunamente varia quando un&#8217;attivit\u00e0 richiede molte potenziali soluzioni.<\/p>\n<p class=\"fw-bold mb-2\"><strong>Contro<\/strong>:\u00a0Davvero non ho problemi di rilievo.<\/p>\n<p class=\"fw-bold mb-2\"><strong>Chrissy&#8221;Ottimo prodotto tutto compreso!&#8221;<\/strong><\/p>\n<p><span class=\"fw-bold\"><strong>Commenti<\/strong>: <\/span>Il sistema Cobalt Silver \u00e8 molto facile da usare e molto facile da imparare. La soluzione basata sul Web \u00e8 all-inclusive e soddisfa la maggior parte dei nostri requisiti come grande azienda in materia di prenotazioni, contabilit\u00e0 e report. Il team di assistenza clienti \u00e8 estremamente disponibile e lavora sodo per soddisfare le esigenze che abbiamo per le nostre 17 propriet\u00e0 create a Cobalt Silver. Il nostro sistema \u00e8 stato personalizzato per soddisfare le nostre esigenze con campeggio, noleggio di case galleggianti, noleggio di piccole imbarcazioni, cabine, motoslitte e rafting. Forniscono prenotazioni online reattive per tutte le nostre propriet\u00e0 specifiche per ogni determinato prodotto che trasportiamo.<\/p>\n<p class=\"fw-bold mb-2\"><strong>Pro<\/strong>:\u00a0Il sistema di Support Ticket \u00e8 ottimo, ricevo una copia del Support Ticket subito dopo averlo inviato in modo da avere una copia da seguire. Il team di Arzada invia quindi tutte le comunicazioni relative a quel biglietto all&#8217;interno dello stesso modulo in modo che tutte le modifiche e i completamenti siano insieme nello stesso biglietto. Aiuta a tenere traccia dei progressi e dei dettagli. In qualit\u00e0 di amministratore, mi piace anche avere il controllo per modificare la maggior parte del sistema per soddisfare le esigenze della nostra azienda. Se non ho la possibilit\u00e0 di modificare una certa parte del sistema, mando semplicemente un Support Ticket e il team di Arzada mi aiuta.<\/p>\n<p class=\"fw-bold mb-2\"><strong>Contro<\/strong>:\u00a0L&#8217;aggiornamento a una versione diversa \u00e8 stato un po&#8217; complicato, ma quando abbiamo iniziato con questo sistema avevamo una versione molto vecchia, inoltre avevamo molti database da aggiornare. Non credo che la prossima volta sar\u00e0 un grosso problema.<\/p>\n","protected":false},"excerpt":{"rendered":"<p>Cobalt Silver \u00e8 una soluzione di gestione della propriet\u00e0 basata su cloud adatta a proprietari e gestori di immobili in affitto di piccole e medie dimensioni. La soluzione fornisce funzionalit\u00e0 come prenotazione online, email marketing, comunicazione con i clienti e altro ancora. Il programma\u00a0aiuta le aziende a gestire pi\u00f9 propriet\u00e0 e tenere traccia dello stato di prenotazione per ciascuna propriet\u00e0.<\/p>\n","protected":false},"author":16,"featured_media":60459,"parent":59967,"menu_order":0,"comment_status":"open","ping_status":"closed","template":"g1_template_page_review_new.php","meta":{"_acf_changed":false,"cwp_meta_box_check":"No","cwp_rev_product_name":"","cwp_rev_product_image":"","wppr_links":[],"cwp_rev_price":"","wppr_options":[],"wppr_pros":[],"wppr_cons":[],"_monsterinsights_skip_tracking":false,"_monsterinsights_sitenote_active":false,"_monsterinsights_sitenote_note":"","_monsterinsights_sitenote_category":0,"footnotes":""},"categories":[13062],"tags":[13147,13084,13083,13064,13082],"features":[],"class_list":{"0":"post-60458","1":"page","2":"type-page","3":"status-publish","4":"has-post-thumbnail","6":"category-software-campeggi-cat","7":"tag-cobalt-silver","8":"tag-piattaforma-per-campeggi","9":"tag-programma-per-campeggi","10":"tag-software-per-campeggi","11":"tag-soluzione-per-campeggi"},"wppr_data":{"cwp_meta_box_check":"No"},"acf":[],"yoast_head":"<!-- This site is optimized with the Yoast SEO plugin v27.4 - https:\/\/yoast.com\/product\/yoast-seo-wordpress\/ -->\n<title>Cobalt Silver: recensione software per campeggi - Accurate Reviews<\/title>\n<meta name=\"description\" content=\"Cobalt Silver: recensione soluzione di gestione della propriet\u00e0 basata su cloud adatta a proprietari e gestori di immobili in affitto.\" \/>\n<meta name=\"robots\" content=\"index, follow, max-snippet:-1, max-image-preview:large, max-video-preview:-1\" \/>\n<link rel=\"canonical\" href=\"https:\/\/www.accuratereviews.com\/it\/software-per-campeggi\/cobalt-silver-recensione\/\" \/>\n<meta property=\"og:locale\" content=\"it_IT\" \/>\n<meta property=\"og:type\" content=\"article\" \/>\n<meta property=\"og:title\" content=\"Cobalt Silver: recensione software per campeggi - Accurate Reviews\" \/>\n<meta property=\"og:description\" content=\"Cobalt Silver: recensione soluzione di gestione della propriet\u00e0 basata su cloud adatta a proprietari e gestori di immobili in affitto.\" \/>\n<meta property=\"og:url\" content=\"https:\/\/www.accuratereviews.com\/it\/software-per-campeggi\/cobalt-silver-recensione\/\" \/>\n<meta property=\"og:site_name\" content=\"Accurate Reviews\" \/>\n<meta property=\"og:image\" content=\"https:\/\/www.accuratereviews.com\/wp-content\/uploads\/2022\/08\/Cobalt-Silver.webp\" \/>\n\t<meta property=\"og:image:width\" content=\"256\" \/>\n\t<meta property=\"og:image:height\" content=\"256\" \/>\n\t<meta property=\"og:image:type\" content=\"image\/webp\" \/>\n<meta name=\"twitter:card\" content=\"summary_large_image\" \/>\n<meta name=\"twitter:label1\" content=\"Tempo di lettura stimato\" \/>\n\t<meta name=\"twitter:data1\" content=\"5 minuti\" \/>\n<script type=\"application\/ld+json\" class=\"yoast-schema-graph\">{\"@context\":\"https:\\\/\\\/schema.org\",\"@graph\":[{\"@type\":\"WebPage\",\"@id\":\"https:\\\/\\\/www.accuratereviews.com\\\/it\\\/software-per-campeggi\\\/cobalt-silver-recensione\\\/\",\"url\":\"https:\\\/\\\/www.accuratereviews.com\\\/it\\\/software-per-campeggi\\\/cobalt-silver-recensione\\\/\",\"name\":\"Cobalt Silver: recensione software per campeggi - Accurate Reviews\",\"isPartOf\":{\"@id\":\"https:\\\/\\\/www.accuratereviews.com\\\/it\\\/#website\"},\"primaryImageOfPage\":{\"@id\":\"https:\\\/\\\/www.accuratereviews.com\\\/it\\\/software-per-campeggi\\\/cobalt-silver-recensione\\\/#primaryimage\"},\"image\":{\"@id\":\"https:\\\/\\\/www.accuratereviews.com\\\/it\\\/software-per-campeggi\\\/cobalt-silver-recensione\\\/#primaryimage\"},\"thumbnailUrl\":\"https:\\\/\\\/www.accuratereviews.com\\\/wp-content\\\/uploads\\\/2022\\\/08\\\/Cobalt-Silver.webp\",\"datePublished\":\"2022-08-09T11:57:47+00:00\",\"description\":\"Cobalt Silver: recensione soluzione di gestione della propriet\u00e0 basata su cloud adatta a proprietari e gestori di immobili in affitto.\",\"breadcrumb\":{\"@id\":\"https:\\\/\\\/www.accuratereviews.com\\\/it\\\/software-per-campeggi\\\/cobalt-silver-recensione\\\/#breadcrumb\"},\"inLanguage\":\"it-IT\",\"potentialAction\":[{\"@type\":\"ReadAction\",\"target\":[\"https:\\\/\\\/www.accuratereviews.com\\\/it\\\/software-per-campeggi\\\/cobalt-silver-recensione\\\/\"]}]},{\"@type\":\"ImageObject\",\"inLanguage\":\"it-IT\",\"@id\":\"https:\\\/\\\/www.accuratereviews.com\\\/it\\\/software-per-campeggi\\\/cobalt-silver-recensione\\\/#primaryimage\",\"url\":\"https:\\\/\\\/www.accuratereviews.com\\\/wp-content\\\/uploads\\\/2022\\\/08\\\/Cobalt-Silver.webp\",\"contentUrl\":\"https:\\\/\\\/www.accuratereviews.com\\\/wp-content\\\/uploads\\\/2022\\\/08\\\/Cobalt-Silver.webp\",\"width\":256,\"height\":256},{\"@type\":\"BreadcrumbList\",\"@id\":\"https:\\\/\\\/www.accuratereviews.com\\\/it\\\/software-per-campeggi\\\/cobalt-silver-recensione\\\/#breadcrumb\",\"itemListElement\":[{\"@type\":\"ListItem\",\"position\":1,\"name\":\"Home\",\"item\":\"https:\\\/\\\/www.accuratereviews.com\\\/it\\\/\"},{\"@type\":\"ListItem\",\"position\":2,\"name\":\"Software per campeggi\",\"item\":\"https:\\\/\\\/www.accuratereviews.com\\\/it\\\/software-per-campeggi\\\/\"},{\"@type\":\"ListItem\",\"position\":3,\"name\":\"Cobalt Silver\"}]},{\"@type\":\"WebSite\",\"@id\":\"https:\\\/\\\/www.accuratereviews.com\\\/it\\\/#website\",\"url\":\"https:\\\/\\\/www.accuratereviews.com\\\/it\\\/\",\"name\":\"Accurate Reviews\",\"description\":\"\",\"potentialAction\":[{\"@type\":\"SearchAction\",\"target\":{\"@type\":\"EntryPoint\",\"urlTemplate\":\"https:\\\/\\\/www.accuratereviews.com\\\/it\\\/?s={search_term_string}\"},\"query-input\":{\"@type\":\"PropertyValueSpecification\",\"valueRequired\":true,\"valueName\":\"search_term_string\"}}],\"inLanguage\":\"it-IT\"}]}<\/script>\n<!-- \/ Yoast SEO plugin. -->","yoast_head_json":{"title":"Cobalt Silver: recensione software per campeggi - Accurate Reviews","description":"Cobalt Silver: recensione soluzione di gestione della propriet\u00e0 basata su cloud adatta a proprietari e gestori di immobili in affitto.","robots":{"index":"index","follow":"follow","max-snippet":"max-snippet:-1","max-image-preview":"max-image-preview:large","max-video-preview":"max-video-preview:-1"},"canonical":"https:\/\/www.accuratereviews.com\/it\/software-per-campeggi\/cobalt-silver-recensione\/","og_locale":"it_IT","og_type":"article","og_title":"Cobalt Silver: recensione software per campeggi - Accurate Reviews","og_description":"Cobalt Silver: recensione soluzione di gestione della propriet\u00e0 basata su cloud adatta a proprietari e gestori di immobili in affitto.","og_url":"https:\/\/www.accuratereviews.com\/it\/software-per-campeggi\/cobalt-silver-recensione\/","og_site_name":"Accurate Reviews","og_image":[{"width":256,"height":256,"url":"https:\/\/www.accuratereviews.com\/wp-content\/uploads\/2022\/08\/Cobalt-Silver.webp","type":"image\/webp"}],"twitter_card":"summary_large_image","twitter_misc":{"Tempo di lettura stimato":"5 minuti"},"schema":{"@context":"https:\/\/schema.org","@graph":[{"@type":"WebPage","@id":"https:\/\/www.accuratereviews.com\/it\/software-per-campeggi\/cobalt-silver-recensione\/","url":"https:\/\/www.accuratereviews.com\/it\/software-per-campeggi\/cobalt-silver-recensione\/","name":"Cobalt Silver: recensione software per campeggi - Accurate Reviews","isPartOf":{"@id":"https:\/\/www.accuratereviews.com\/it\/#website"},"primaryImageOfPage":{"@id":"https:\/\/www.accuratereviews.com\/it\/software-per-campeggi\/cobalt-silver-recensione\/#primaryimage"},"image":{"@id":"https:\/\/www.accuratereviews.com\/it\/software-per-campeggi\/cobalt-silver-recensione\/#primaryimage"},"thumbnailUrl":"https:\/\/www.accuratereviews.com\/wp-content\/uploads\/2022\/08\/Cobalt-Silver.webp","datePublished":"2022-08-09T11:57:47+00:00","description":"Cobalt Silver: recensione soluzione di gestione della propriet\u00e0 basata su cloud adatta a proprietari e gestori di immobili in affitto.","breadcrumb":{"@id":"https:\/\/www.accuratereviews.com\/it\/software-per-campeggi\/cobalt-silver-recensione\/#breadcrumb"},"inLanguage":"it-IT","potentialAction":[{"@type":"ReadAction","target":["https:\/\/www.accuratereviews.com\/it\/software-per-campeggi\/cobalt-silver-recensione\/"]}]},{"@type":"ImageObject","inLanguage":"it-IT","@id":"https:\/\/www.accuratereviews.com\/it\/software-per-campeggi\/cobalt-silver-recensione\/#primaryimage","url":"https:\/\/www.accuratereviews.com\/wp-content\/uploads\/2022\/08\/Cobalt-Silver.webp","contentUrl":"https:\/\/www.accuratereviews.com\/wp-content\/uploads\/2022\/08\/Cobalt-Silver.webp","width":256,"height":256},{"@type":"BreadcrumbList","@id":"https:\/\/www.accuratereviews.com\/it\/software-per-campeggi\/cobalt-silver-recensione\/#breadcrumb","itemListElement":[{"@type":"ListItem","position":1,"name":"Home","item":"https:\/\/www.accuratereviews.com\/it\/"},{"@type":"ListItem","position":2,"name":"Software per campeggi","item":"https:\/\/www.accuratereviews.com\/it\/software-per-campeggi\/"},{"@type":"ListItem","position":3,"name":"Cobalt Silver"}]},{"@type":"WebSite","@id":"https:\/\/www.accuratereviews.com\/it\/#website","url":"https:\/\/www.accuratereviews.com\/it\/","name":"Accurate Reviews","description":"","potentialAction":[{"@type":"SearchAction","target":{"@type":"EntryPoint","urlTemplate":"https:\/\/www.accuratereviews.com\/it\/?s={search_term_string}"},"query-input":{"@type":"PropertyValueSpecification","valueRequired":true,"valueName":"search_term_string"}}],"inLanguage":"it-IT"}]}},"_links":{"self":[{"href":"https:\/\/www.accuratereviews.com\/it\/wp-json\/wp\/v2\/pages\/60458","targetHints":{"allow":["GET"]}}],"collection":[{"href":"https:\/\/www.accuratereviews.com\/it\/wp-json\/wp\/v2\/pages"}],"about":[{"href":"https:\/\/www.accuratereviews.com\/it\/wp-json\/wp\/v2\/types\/page"}],"author":[{"embeddable":true,"href":"https:\/\/www.accuratereviews.com\/it\/wp-json\/wp\/v2\/users\/16"}],"replies":[{"embeddable":true,"href":"https:\/\/www.accuratereviews.com\/it\/wp-json\/wp\/v2\/comments?post=60458"}],"version-history":[{"count":9,"href":"https:\/\/www.accuratereviews.com\/it\/wp-json\/wp\/v2\/pages\/60458\/revisions"}],"predecessor-version":[{"id":60533,"href":"https:\/\/www.accuratereviews.com\/it\/wp-json\/wp\/v2\/pages\/60458\/revisions\/60533"}],"up":[{"embeddable":true,"href":"https:\/\/www.accuratereviews.com\/it\/wp-json\/wp\/v2\/pages\/59967"}],"wp:featuredmedia":[{"embeddable":true,"href":"https:\/\/www.accuratereviews.com\/it\/wp-json\/wp\/v2\/media\/60459"}],"wp:attachment":[{"href":"https:\/\/www.accuratereviews.com\/it\/wp-json\/wp\/v2\/media?parent=60458"}],"wp:term":[{"taxonomy":"category","embeddable":true,"href":"https:\/\/www.accuratereviews.com\/it\/wp-json\/wp\/v2\/categories?post=60458"},{"taxonomy":"post_tag","embeddable":true,"href":"https:\/\/www.accuratereviews.com\/it\/wp-json\/wp\/v2\/tags?post=60458"},{"taxonomy":"features","embeddable":true,"href":"https:\/\/www.accuratereviews.com\/it\/wp-json\/wp\/v2\/features?post=60458"}],"curies":[{"name":"wp","href":"https:\/\/api.w.org\/{rel}","templated":true}]}}