{"id":60541,"date":"2022-08-10T12:21:06","date_gmt":"2022-08-10T12:21:06","guid":{"rendered":"https:\/\/www.accuratereviews.com\/?page_id=60541"},"modified":"2022-08-10T12:21:06","modified_gmt":"2022-08-10T12:21:06","slug":"hotelmanager-recensione","status":"publish","type":"page","link":"https:\/\/www.accuratereviews.com\/it\/software-per-campeggi\/hotelmanager-recensione\/","title":{"rendered":"HotelManager"},"content":{"rendered":"<p><strong>HotelManager<\/strong> \u00e8 un <strong>software di gestione delle strutture<\/strong> ricettive basato su cloud progettato per aiutare le aziende del settore dell&#8217;ospitalit\u00e0 a ottimizzare la disponibilit\u00e0 della loro struttura. La piattaforma consente ai team di modificare la disponibilit\u00e0 online, sia sul proprio sito web, sul motore di prenotazione, sia su vari canali online collegati.\u00a0Le caratteristiche principali di <strong>HotelManager<\/strong> includono business intelligence, gestione delle entrate e dei canali, comunicazioni con i clienti e notifiche personalizzate. Il sistema consente ai gestori di personalizzare l&#8217;incasso del pagamento delle prenotazioni dei clienti senza la necessit\u00e0 di dataphone fisici. Offre un&#8217;API, che facilita l&#8217;integrazione con applicazioni di terze parti per adattarsi completamente alla gestione di vari stabilimenti.<\/p>\n<h2>HOTELMANAGER &#8211; TUTORIAL<\/h2>\n<p>Diamo un rapido sguardo alle funzioni di questo<strong> software per campeggi:<\/strong><\/p>\n<div id=\"fluid-wrapper-counter-1\" class=\"g1-fluid-wrapper \" style=\"width:686px;\">\n<div style=\"padding-bottom:56.268221574344%;\"><iframe loading=\"lazy\" title=\"Precheckin HotelManager\" width=\"686\" height=\"386\" src=\"https:\/\/www.youtube.com\/embed\/4wHnJa_nrb4?feature=oembed&amp;wmode=transparent&amp;autohide=1&amp;autoplay=0&amp;disablekb=0&amp;fs=1&amp;loop=0&amp;enablejsapi=1&amp;rel=0&amp;controls=2&amp;showinfo=0&amp;wmode=transparent&amp;autohide=2&amp;autoplay=0&amp;disablekb=0&amp;fs=1&amp;loop=0&amp;enablejsapi=1&amp;rel=0&amp;controls=2&amp;showinfo=1\" frameborder=\"0\" allow=\"accelerometer; autoplay; clipboard-write; encrypted-media; gyroscope; picture-in-picture\" allowfullscreen><\/iframe><\/div>\n<\/div>\n<h3>HOTELMANAGER &#8211; CARATTERISTICHE<\/h3>\n<ul>\n<li><strong>Semplice<\/strong>: soluzione\u00a0semplice e intuitiva, quindi non hai bisogno di formazione<\/li>\n<li><strong>Flessibile<\/strong>: pensato per tutti, che tu sia un hotel, un ostello o un appartamento<\/li>\n<li><strong>Bidirezionale<\/strong>: aggiorna tariffe e disponibilit\u00e0 dal PMS. Download automatico delle prenotazioni da diversi portali<\/li>\n<li><strong>Integrato<\/strong>:\u00a0funziona con i migliori software gestionali per adattarsi alla gestione del tuo hotel<\/li>\n<li><strong>Funzionale<\/strong>: pratico e adatto alle tue esigenze. Sviluppato da albergatori e che sanno di cosa hai bisogno<\/li>\n<li><strong>Intelligenza aziendale<\/strong>: dashboard dinamico con le informazioni dei tuoi clienti. La Business Intelligence analizza i tuoi comportamenti e scopre i trend attraverso l&#8217;analisi delle metriche pi\u00f9 importanti<\/li>\n<li><strong>Gestione delle entrate<\/strong>: imposta regole automatiche per l&#8217;automazione dei processi di determinazione dei prezzi, fornitura scorte nei diversi canali, ecc. Analizza i pickup, le curve di domanda e lavora sulle tue previsioni<\/li>\n<li><strong>Comunicazioni<\/strong>: automatizziamo la comunicazione con i tuoi clienti. Scegli come e quando vuoi comunicare con loro e il nostro software si occuper\u00e0 del resto<\/li>\n<li><strong>Gestore del canale \/ Motore di prenotazione<\/strong>: per tua comodit\u00e0, Channel Manager si integra facilmente con i principali canali come Siteminder, Availpro, Roomcloud o Wubook<\/li>\n<li><strong>Notifiche personalizzate<\/strong>: crea e personalizza le tue notifiche per ottimizzare il tuo tempo di lavoro. Puoi anche ricevere notifiche automatiche create dal software stesso.<\/li>\n<\/ul>\n<h4>LE RECENSIONI DEGLI UTENTI<\/h4>\n<p class=\"fw-bold mb-2\"><strong>Mattia&#8221;Molto interessante per appartamenti turistici&#8221;<\/strong><\/p>\n<p><span class=\"fw-bold\"><strong>Commenti<\/strong>: <\/span>Molto bravo, cordiale e disponibile in qualsiasi momento.<\/p>\n<p class=\"fw-bold mb-2\"><strong>Pro<\/strong>:\u00a0La possibilit\u00e0 di effettuare il check-in con il solo tablet e in digitale senza la necessit\u00e0 di stampare carta.<\/p>\n<p class=\"fw-bold mb-2\"><strong>Contro<\/strong>:\u00a0Che non ha una versione mobile per visualizzare le ricerche in qualsiasi momento.<\/p>\n<p class=\"fw-bold mb-2\"><strong>REDU&#8221;BUON RAPPORTO QUALIT\u00c0 PREZZO&#8221;<\/strong><\/p>\n<p class=\"fw-bold mb-2\"><strong>Pro<\/strong>:\u00a0Quello che mi \u00e8 piaciuto di pi\u00f9 \u00e8 la facilit\u00e0 d&#8217;uso e il rapido adattamento<\/p>\n<p class=\"fw-bold mb-2\"><strong>Contro<\/strong>:\u00a0il minimo che mi piace \u00e8 che a volte il carattere sembra piccolo sul mio schermo, anche se non sono ancora sicuro se sia a causa del programma o del mio schermo (che devo scoprire).<\/p>\n<p class=\"fw-bold mb-2\"><strong>Xiomara&#8221;Software modulare e facile da usare&#8221;<\/strong><\/p>\n<p><span class=\"fw-bold\"><strong>Commenti<\/strong>: <\/span>L&#8217;esperienza \u00e8 molto buona, soprattutto nel supporto sia nella configurazione iniziale che tramite la chat che in qualsiasi momento ti fornisce supporto per ci\u00f2 di cui hai bisogno.<\/p>\n<p class=\"fw-bold mb-2\"><strong>Pro<\/strong>:\u00a0Ebbene, poterlo utilizzare con un solo giorno di allenamento \u00e8 molto intuitivo e abbiamo subito lavorato senza problemi.<\/p>\n<p class=\"fw-bold mb-2\"><strong>Contro<\/strong>:\u00a0Non hanno una versione mobile per il proprietario o il servizio clienti.<\/p>\n","protected":false},"excerpt":{"rendered":"<p>HotelManager \u00e8 un software di gestione delle strutture ricettive basato su cloud progettato per aiutare le aziende del settore dell&#8217;ospitalit\u00e0 a ottimizzare la disponibilit\u00e0 della loro struttura. La piattaforma consente ai team di modificare la disponibilit\u00e0 online, sia sul proprio sito web, sul motore di prenotazione, sia su vari canali online collegati.<\/p>\n","protected":false},"author":16,"featured_media":60542,"parent":59967,"menu_order":0,"comment_status":"open","ping_status":"closed","template":"g1_template_page_review_new.php","meta":{"_acf_changed":false,"cwp_meta_box_check":"No","cwp_rev_product_name":"","cwp_rev_product_image":"","wppr_links":[],"cwp_rev_price":"","wppr_options":[],"wppr_pros":[],"wppr_cons":[],"_monsterinsights_skip_tracking":false,"_monsterinsights_sitenote_active":false,"_monsterinsights_sitenote_note":"","_monsterinsights_sitenote_category":0,"footnotes":""},"categories":[13062],"tags":[13151,13084,13083,13064,13082],"features":[],"class_list":{"0":"post-60541","1":"page","2":"type-page","3":"status-publish","4":"has-post-thumbnail","6":"category-software-campeggi-cat","7":"tag-hotelmanager","8":"tag-piattaforma-per-campeggi","9":"tag-programma-per-campeggi","10":"tag-software-per-campeggi","11":"tag-soluzione-per-campeggi"},"wppr_data":{"cwp_meta_box_check":"No"},"acf":[],"yoast_head":"<!-- This site is optimized with the Yoast SEO plugin v27.4 - https:\/\/yoast.com\/product\/yoast-seo-wordpress\/ -->\n<title>HotelManager: recensione software per campeggi - Accurate Reviews<\/title>\n<meta name=\"description\" content=\"HotelManager: recensione software di gestione delle strutture ricettive basato su cloud progettato per aiutare le aziende del settore dell&#039;ospitalit\u00e0.\" \/>\n<meta name=\"robots\" content=\"index, follow, max-snippet:-1, max-image-preview:large, max-video-preview:-1\" \/>\n<link rel=\"canonical\" href=\"https:\/\/www.accuratereviews.com\/it\/software-per-campeggi\/hotelmanager-recensione\/\" \/>\n<meta property=\"og:locale\" content=\"it_IT\" \/>\n<meta property=\"og:type\" content=\"article\" \/>\n<meta property=\"og:title\" content=\"HotelManager: recensione software per campeggi - Accurate Reviews\" \/>\n<meta property=\"og:description\" content=\"HotelManager: recensione software di gestione delle strutture ricettive basato su cloud progettato per aiutare le aziende del settore dell&#039;ospitalit\u00e0.\" \/>\n<meta property=\"og:url\" content=\"https:\/\/www.accuratereviews.com\/it\/software-per-campeggi\/hotelmanager-recensione\/\" \/>\n<meta property=\"og:site_name\" content=\"Accurate Reviews\" \/>\n<meta property=\"og:image\" content=\"https:\/\/www.accuratereviews.com\/wp-content\/uploads\/2022\/08\/hotel-manager.jpeg\" \/>\n\t<meta property=\"og:image:width\" content=\"600\" \/>\n\t<meta property=\"og:image:height\" content=\"268\" \/>\n\t<meta property=\"og:image:type\" content=\"image\/jpeg\" \/>\n<meta name=\"twitter:card\" content=\"summary_large_image\" \/>\n<meta name=\"twitter:label1\" content=\"Tempo di lettura stimato\" \/>\n\t<meta name=\"twitter:data1\" content=\"3 minuti\" \/>\n<script type=\"application\/ld+json\" class=\"yoast-schema-graph\">{\"@context\":\"https:\\\/\\\/schema.org\",\"@graph\":[{\"@type\":\"WebPage\",\"@id\":\"https:\\\/\\\/www.accuratereviews.com\\\/it\\\/software-per-campeggi\\\/hotelmanager-recensione\\\/\",\"url\":\"https:\\\/\\\/www.accuratereviews.com\\\/it\\\/software-per-campeggi\\\/hotelmanager-recensione\\\/\",\"name\":\"HotelManager: recensione software per campeggi - Accurate Reviews\",\"isPartOf\":{\"@id\":\"https:\\\/\\\/www.accuratereviews.com\\\/it\\\/#website\"},\"primaryImageOfPage\":{\"@id\":\"https:\\\/\\\/www.accuratereviews.com\\\/it\\\/software-per-campeggi\\\/hotelmanager-recensione\\\/#primaryimage\"},\"image\":{\"@id\":\"https:\\\/\\\/www.accuratereviews.com\\\/it\\\/software-per-campeggi\\\/hotelmanager-recensione\\\/#primaryimage\"},\"thumbnailUrl\":\"https:\\\/\\\/www.accuratereviews.com\\\/wp-content\\\/uploads\\\/2022\\\/08\\\/hotel-manager.jpeg\",\"datePublished\":\"2022-08-10T12:21:06+00:00\",\"description\":\"HotelManager: recensione software di gestione delle strutture ricettive basato su cloud progettato per aiutare le aziende del settore dell'ospitalit\u00e0.\",\"breadcrumb\":{\"@id\":\"https:\\\/\\\/www.accuratereviews.com\\\/it\\\/software-per-campeggi\\\/hotelmanager-recensione\\\/#breadcrumb\"},\"inLanguage\":\"it-IT\",\"potentialAction\":[{\"@type\":\"ReadAction\",\"target\":[\"https:\\\/\\\/www.accuratereviews.com\\\/it\\\/software-per-campeggi\\\/hotelmanager-recensione\\\/\"]}]},{\"@type\":\"ImageObject\",\"inLanguage\":\"it-IT\",\"@id\":\"https:\\\/\\\/www.accuratereviews.com\\\/it\\\/software-per-campeggi\\\/hotelmanager-recensione\\\/#primaryimage\",\"url\":\"https:\\\/\\\/www.accuratereviews.com\\\/wp-content\\\/uploads\\\/2022\\\/08\\\/hotel-manager.jpeg\",\"contentUrl\":\"https:\\\/\\\/www.accuratereviews.com\\\/wp-content\\\/uploads\\\/2022\\\/08\\\/hotel-manager.jpeg\",\"width\":600,\"height\":268},{\"@type\":\"BreadcrumbList\",\"@id\":\"https:\\\/\\\/www.accuratereviews.com\\\/it\\\/software-per-campeggi\\\/hotelmanager-recensione\\\/#breadcrumb\",\"itemListElement\":[{\"@type\":\"ListItem\",\"position\":1,\"name\":\"Home\",\"item\":\"https:\\\/\\\/www.accuratereviews.com\\\/it\\\/\"},{\"@type\":\"ListItem\",\"position\":2,\"name\":\"Software per campeggi\",\"item\":\"https:\\\/\\\/www.accuratereviews.com\\\/it\\\/software-per-campeggi\\\/\"},{\"@type\":\"ListItem\",\"position\":3,\"name\":\"HotelManager\"}]},{\"@type\":\"WebSite\",\"@id\":\"https:\\\/\\\/www.accuratereviews.com\\\/it\\\/#website\",\"url\":\"https:\\\/\\\/www.accuratereviews.com\\\/it\\\/\",\"name\":\"Accurate Reviews\",\"description\":\"\",\"potentialAction\":[{\"@type\":\"SearchAction\",\"target\":{\"@type\":\"EntryPoint\",\"urlTemplate\":\"https:\\\/\\\/www.accuratereviews.com\\\/it\\\/?s={search_term_string}\"},\"query-input\":{\"@type\":\"PropertyValueSpecification\",\"valueRequired\":true,\"valueName\":\"search_term_string\"}}],\"inLanguage\":\"it-IT\"}]}<\/script>\n<!-- \/ Yoast SEO plugin. -->","yoast_head_json":{"title":"HotelManager: recensione software per campeggi - Accurate Reviews","description":"HotelManager: recensione software di gestione delle strutture ricettive basato su cloud progettato per aiutare le aziende del settore dell'ospitalit\u00e0.","robots":{"index":"index","follow":"follow","max-snippet":"max-snippet:-1","max-image-preview":"max-image-preview:large","max-video-preview":"max-video-preview:-1"},"canonical":"https:\/\/www.accuratereviews.com\/it\/software-per-campeggi\/hotelmanager-recensione\/","og_locale":"it_IT","og_type":"article","og_title":"HotelManager: recensione software per campeggi - Accurate Reviews","og_description":"HotelManager: recensione software di gestione delle strutture ricettive basato su cloud progettato per aiutare le aziende del settore dell'ospitalit\u00e0.","og_url":"https:\/\/www.accuratereviews.com\/it\/software-per-campeggi\/hotelmanager-recensione\/","og_site_name":"Accurate Reviews","og_image":[{"width":600,"height":268,"url":"https:\/\/www.accuratereviews.com\/wp-content\/uploads\/2022\/08\/hotel-manager.jpeg","type":"image\/jpeg"}],"twitter_card":"summary_large_image","twitter_misc":{"Tempo di lettura stimato":"3 minuti"},"schema":{"@context":"https:\/\/schema.org","@graph":[{"@type":"WebPage","@id":"https:\/\/www.accuratereviews.com\/it\/software-per-campeggi\/hotelmanager-recensione\/","url":"https:\/\/www.accuratereviews.com\/it\/software-per-campeggi\/hotelmanager-recensione\/","name":"HotelManager: recensione software per campeggi - Accurate Reviews","isPartOf":{"@id":"https:\/\/www.accuratereviews.com\/it\/#website"},"primaryImageOfPage":{"@id":"https:\/\/www.accuratereviews.com\/it\/software-per-campeggi\/hotelmanager-recensione\/#primaryimage"},"image":{"@id":"https:\/\/www.accuratereviews.com\/it\/software-per-campeggi\/hotelmanager-recensione\/#primaryimage"},"thumbnailUrl":"https:\/\/www.accuratereviews.com\/wp-content\/uploads\/2022\/08\/hotel-manager.jpeg","datePublished":"2022-08-10T12:21:06+00:00","description":"HotelManager: recensione software di gestione delle strutture ricettive basato su cloud progettato per aiutare le aziende del settore dell'ospitalit\u00e0.","breadcrumb":{"@id":"https:\/\/www.accuratereviews.com\/it\/software-per-campeggi\/hotelmanager-recensione\/#breadcrumb"},"inLanguage":"it-IT","potentialAction":[{"@type":"ReadAction","target":["https:\/\/www.accuratereviews.com\/it\/software-per-campeggi\/hotelmanager-recensione\/"]}]},{"@type":"ImageObject","inLanguage":"it-IT","@id":"https:\/\/www.accuratereviews.com\/it\/software-per-campeggi\/hotelmanager-recensione\/#primaryimage","url":"https:\/\/www.accuratereviews.com\/wp-content\/uploads\/2022\/08\/hotel-manager.jpeg","contentUrl":"https:\/\/www.accuratereviews.com\/wp-content\/uploads\/2022\/08\/hotel-manager.jpeg","width":600,"height":268},{"@type":"BreadcrumbList","@id":"https:\/\/www.accuratereviews.com\/it\/software-per-campeggi\/hotelmanager-recensione\/#breadcrumb","itemListElement":[{"@type":"ListItem","position":1,"name":"Home","item":"https:\/\/www.accuratereviews.com\/it\/"},{"@type":"ListItem","position":2,"name":"Software per campeggi","item":"https:\/\/www.accuratereviews.com\/it\/software-per-campeggi\/"},{"@type":"ListItem","position":3,"name":"HotelManager"}]},{"@type":"WebSite","@id":"https:\/\/www.accuratereviews.com\/it\/#website","url":"https:\/\/www.accuratereviews.com\/it\/","name":"Accurate Reviews","description":"","potentialAction":[{"@type":"SearchAction","target":{"@type":"EntryPoint","urlTemplate":"https:\/\/www.accuratereviews.com\/it\/?s={search_term_string}"},"query-input":{"@type":"PropertyValueSpecification","valueRequired":true,"valueName":"search_term_string"}}],"inLanguage":"it-IT"}]}},"_links":{"self":[{"href":"https:\/\/www.accuratereviews.com\/it\/wp-json\/wp\/v2\/pages\/60541","targetHints":{"allow":["GET"]}}],"collection":[{"href":"https:\/\/www.accuratereviews.com\/it\/wp-json\/wp\/v2\/pages"}],"about":[{"href":"https:\/\/www.accuratereviews.com\/it\/wp-json\/wp\/v2\/types\/page"}],"author":[{"embeddable":true,"href":"https:\/\/www.accuratereviews.com\/it\/wp-json\/wp\/v2\/users\/16"}],"replies":[{"embeddable":true,"href":"https:\/\/www.accuratereviews.com\/it\/wp-json\/wp\/v2\/comments?post=60541"}],"version-history":[{"count":7,"href":"https:\/\/www.accuratereviews.com\/it\/wp-json\/wp\/v2\/pages\/60541\/revisions"}],"predecessor-version":[{"id":60581,"href":"https:\/\/www.accuratereviews.com\/it\/wp-json\/wp\/v2\/pages\/60541\/revisions\/60581"}],"up":[{"embeddable":true,"href":"https:\/\/www.accuratereviews.com\/it\/wp-json\/wp\/v2\/pages\/59967"}],"wp:featuredmedia":[{"embeddable":true,"href":"https:\/\/www.accuratereviews.com\/it\/wp-json\/wp\/v2\/media\/60542"}],"wp:attachment":[{"href":"https:\/\/www.accuratereviews.com\/it\/wp-json\/wp\/v2\/media?parent=60541"}],"wp:term":[{"taxonomy":"category","embeddable":true,"href":"https:\/\/www.accuratereviews.com\/it\/wp-json\/wp\/v2\/categories?post=60541"},{"taxonomy":"post_tag","embeddable":true,"href":"https:\/\/www.accuratereviews.com\/it\/wp-json\/wp\/v2\/tags?post=60541"},{"taxonomy":"features","embeddable":true,"href":"https:\/\/www.accuratereviews.com\/it\/wp-json\/wp\/v2\/features?post=60541"}],"curies":[{"name":"wp","href":"https:\/\/api.w.org\/{rel}","templated":true}]}}