{"id":60637,"date":"2022-08-18T12:30:24","date_gmt":"2022-08-18T12:30:24","guid":{"rendered":"https:\/\/www.accuratereviews.com\/?page_id=60637"},"modified":"2023-04-14T07:25:29","modified_gmt":"2023-04-14T07:25:29","slug":"localclarity-recensione","status":"publish","type":"page","link":"https:\/\/www.accuratereviews.com\/it\/software-gestione-recensioni\/localclarity-recensione\/","title":{"rendered":"LocalClarity"},"content":{"rendered":"<p><strong>LocalClarity<\/strong> \u00e8 una <strong>soluzione di recensioni online<\/strong> e gestione della reputazione progettata per assistere aziende multi-sede, franchising e agenzie nel monitoraggio, nella risposta alle recensioni e nel miglioramento della loro reputazione online. La piattaforma aiuta anche gli utenti a ottenere informazioni dettagliate sui dati dei risultati di ricerca locali aggregati diversi da quelli di Google e di altre piattaforme social.\u00a0La tecnologia Review Inbox permette ai clienti di rispondere ai feedback dei clienti con modelli integrati di risposte salvate, flussi di lavoro per l&#8217;approvazione della risposta in base al marchio e gestione dei diritti di livello aziendale per distribuire il lavoro tra le sedi. I dati vengono aggregati quotidianamente nella dashboard multi-posizione, da cui gli utenti possono monitorare, gestire e rispondere alle proprie recensioni online.<\/p>\n<h2>LOCALCLARITY &#8211; TUTORIAL<\/h2>\n<p>Ecco come pu\u00f2 aiutarti questo<strong> software per gestire le recensioni<\/strong>:<\/p>\n<div id=\"fluid-wrapper-counter-1\" class=\"g1-fluid-wrapper \" style=\"width:686px;\">\n<div style=\"padding-bottom:56.268221574344%;\"><iframe loading=\"lazy\" title=\"LocalClarity, Helping Bob Manage His Google Local Reviews\" width=\"686\" height=\"386\" src=\"https:\/\/www.youtube.com\/embed\/JQGjHvJrBcY?feature=oembed&amp;wmode=transparent&amp;autohide=1&amp;autoplay=0&amp;disablekb=0&amp;fs=1&amp;loop=0&amp;enablejsapi=1&amp;rel=0&amp;controls=2&amp;showinfo=0&amp;wmode=transparent&amp;autohide=2&amp;autoplay=0&amp;disablekb=0&amp;fs=1&amp;loop=0&amp;enablejsapi=1&amp;rel=0&amp;controls=2&amp;showinfo=1\" frameborder=\"0\" allow=\"accelerometer; autoplay; clipboard-write; encrypted-media; gyroscope; picture-in-picture; web-share\" allowfullscreen><\/iframe><\/div>\n<\/div>\n<h3>LOCALCLARITY &#8211; CARATTERISTICHE<\/h3>\n<ul>\n<li><strong>Scalabile<\/strong>: gestione dei diritti utente di classe enterprise per supportare le aziende con decine di migliaia di sedi in tutto il mondo.<\/li>\n<li><strong>Dashboard chiara<\/strong>: accedi agli approfondimenti di Google My Business per tutte le tue sedi in un&#8217;unica dashboard con potenti raggruppamenti e filtri.<\/li>\n<li><strong>Approfondimenti sulle prestazioni<\/strong>: assicurati di capire esattamente cosa stanno facendo i tuoi clienti in Google prima che raggiungano le tue propriet\u00e0 web.<\/li>\n<li><strong>Suite di segnalazione<\/strong>: salva, condividi, distribuisci, scarica e pianifica i rapporti in tutti i set di dati e in tutte le posizioni.<\/li>\n<li><strong>Gestione delle revisioni<\/strong>: usa la Posta in arrivo delle recensioni per gestire facilmente le recensioni in tutte le tue sedi. Recensioni recuperate automaticamente ogni giorno.<\/li>\n<li><strong>Risposte dirette<\/strong>: rispondi alle recensioni con messaggi personalizzati o sfrutta le risposte salvate per fornire un approccio coerente.<\/li>\n<li><strong>Dati storici<\/strong>: accedi a fino a dieci anni di recensioni dei clienti per ogni localit\u00e0 e fino a 18 mesi di statistiche di ricerca locale.<\/li>\n<li><strong>Squadra di approfondimento<\/strong>: collabora direttamente con esperti di visibilit\u00e0 locali che forniscono recensioni di analisi video personalizzate delle tue prestazioni locali.<\/li>\n<li><strong>Biblioteca di ricerca<\/strong>: esplora la ricerca specifica del settore per convalidare il ROI della visibilit\u00e0 della ricerca locale di controllo della reputazione.<\/li>\n<li><strong>Integrazioni:<\/strong> crea integrazioni dalla soluzione all&#8217;assistenza clienti esistente e alle piattaforme di social media.<\/li>\n<\/ul>\n<h4>LE RECENSIONI DEGLI UTENTI<\/h4>\n<p class=\"fw-bold mb-2\"><strong>Pedro &#8220;Pi\u00f9 che un semplice programma, \u00e8 un ottimo partner commerciale, eccellente!&#8221;<br \/>\n<\/strong><strong>Pro<\/strong>:\u00a0Acquisiamo dati da pi\u00f9 partner commerciali locali. E grazie a questo eccellente partner di affari, ci ha aiutato molto e i nostri rapporti e file lo sono tutti raggruppati e messi insieme correttamente. Con chiarezza locale, siamo in grado di classificare i nostri partner locali e accelerare le valutazioni.<br \/>\n<strong>Contro<\/strong>:\u00a0Non ho davvero nulla da segnalare, ho solo elogi per questo strumento.<\/p>\n<p class=\"fw-bold mb-2\"><strong>Marianne &#8220;Gestione dei dati di posizione su larga scala&#8221;<br \/>\n<\/strong><span class=\"fw-bold\"><strong>Commenti<\/strong>: <\/span>Rapporti automatici sulla revisione della posizione e sul rendimento degli elenchi con visualizzazioni eccezionali.<br \/>\n<strong>Pro<\/strong>:\u00a0Adoro la facilit\u00e0 di visualizzare i dati tradizionalmente goffi di Google Business e la possibilit\u00e0 di taggare le posizioni in categorie di nostra scelta. Questo ha reso il mio processo di segnalazione molto pi\u00f9 semplice!<br \/>\n<strong>Contro<\/strong>:\u00a0I bug minori inizialmente sono stati tutti risolti rapidamente. Non ha riconosciuto una regione australiana, ma \u00e8 stato rettificato.<\/p>\n<p class=\"fw-bold mb-2\"><strong>Nick &#8220;Local Clarity \u00e8 un partner straordinario da avere.&#8221;<br \/>\n<\/strong><span class=\"fw-bold\"><strong>Commenti<\/strong>: <\/span>Stavamo cercando un partner solido e completo che offrisse un prodotto white label e Local Clarity offrisse una soluzione che sapevamo avrebbe aiutato i nostri clienti a offrire l&#8217;esperienza che i loro clienti e ospiti si aspettavano dal loro marchio. I nostri clienti gestiscono tutte le loro recensioni da tutte le bacheche di recensioni per tutte le loro sedi utilizzando un&#8217;unica &#8220;Posta in arrivo&#8221; e riducono i costi delle risorse interne. Gestire la loro reputazione online senza aggiungere costi sostanziali \u00e8 un enorme vantaggio.<br \/>\n<strong>Pro<\/strong>:\u00a0Siamo un partner white label con sede in Canada e devo dire che Local Clarity e il loro team sono fantastici da affrontare. Sono aperti all&#8217;aggiunta di funzionalit\u00e0, ascoltano eventuali dubbi, forniscono il supporto di cui hai bisogno e, soprattutto, ci aiutano a crescere.<br \/>\n<strong>Contro<\/strong>:\u00a0Niente. Ho passato mesi alla ricerca di un partner che avesse gli strumenti di cui avevamo bisogno per aiutare i nostri clienti a gestire le loro recensioni e la loro reputazione. Nessun altro provider potrebbe offrire ci\u00f2 che Local Clarity offriva.<\/p>\n","protected":false},"excerpt":{"rendered":"<p>LocalClarity \u00e8 una soluzione di recensioni online e gestione della reputazione progettata per assistere aziende multi-sede, franchising e agenzie nel monitoraggio, nella risposta alle recensioni e nel miglioramento della loro reputazione online. La piattaforma aiuta anche gli utenti a ottenere informazioni dettagliate sui dati dei risultati di ricerca locali aggregati in modi non disponibili da Google e da altre piattaforme social.<\/p>\n","protected":false},"author":16,"featured_media":60638,"parent":60645,"menu_order":0,"comment_status":"open","ping_status":"closed","template":"g1_template_page_review_new.php","meta":{"_acf_changed":false,"cwp_meta_box_check":"No","cwp_rev_product_name":"","cwp_rev_product_image":"","wppr_links":[],"cwp_rev_price":"","wppr_options":[],"wppr_pros":[],"wppr_cons":[],"_monsterinsights_skip_tracking":false,"_monsterinsights_sitenote_active":false,"_monsterinsights_sitenote_note":"","_monsterinsights_sitenote_category":0,"footnotes":""},"categories":[13158],"tags":[13159,13190,13195,13194,13185,13184],"features":[],"class_list":{"0":"post-60637","1":"page","2":"type-page","3":"status-publish","4":"has-post-thumbnail","6":"category-software-per-la-gestione-delle-recensioni","7":"tag-localclarity","8":"tag-piattaforma-per-gestire-recensioni","9":"tag-programma-per-gestire-recensione","10":"tag-recensione","11":"tag-software-per-gestire-recensioni","12":"tag-soluzione-per-gestire-recensioni"},"wppr_data":{"cwp_meta_box_check":"No"},"acf":[],"yoast_head":"<!-- This site is optimized with the Yoast SEO plugin v27.4 - https:\/\/yoast.com\/product\/yoast-seo-wordpress\/ -->\n<title>LocalClarity: recensione software per gestire recensioni Accurate Reviews<\/title>\n<meta name=\"description\" content=\"LocalClarity: recensione soluzione di recensioni online e gestione della reputazione per ottenere informazioni dettagliate sui dati.\" \/>\n<meta name=\"robots\" content=\"index, follow, max-snippet:-1, max-image-preview:large, max-video-preview:-1\" \/>\n<link rel=\"canonical\" href=\"https:\/\/www.accuratereviews.com\/it\/software-gestione-recensioni\/localclarity-recensione\/\" \/>\n<meta property=\"og:locale\" content=\"it_IT\" \/>\n<meta property=\"og:type\" content=\"article\" \/>\n<meta property=\"og:title\" content=\"LocalClarity: recensione software per gestire recensioni Accurate Reviews\" \/>\n<meta property=\"og:description\" content=\"LocalClarity: recensione soluzione di recensioni online e gestione della reputazione per ottenere informazioni dettagliate sui dati.\" \/>\n<meta property=\"og:url\" content=\"https:\/\/www.accuratereviews.com\/it\/software-gestione-recensioni\/localclarity-recensione\/\" \/>\n<meta property=\"og:site_name\" content=\"Accurate Reviews\" \/>\n<meta property=\"article:modified_time\" content=\"2023-04-14T07:25:29+00:00\" \/>\n<meta property=\"og:image\" content=\"https:\/\/www.accuratereviews.com\/wp-content\/uploads\/2022\/08\/localclarity.png\" \/>\n\t<meta property=\"og:image:width\" content=\"600\" \/>\n\t<meta property=\"og:image:height\" content=\"315\" \/>\n\t<meta property=\"og:image:type\" content=\"image\/png\" \/>\n<meta name=\"twitter:card\" content=\"summary_large_image\" \/>\n<meta name=\"twitter:label1\" content=\"Tempo di lettura stimato\" \/>\n\t<meta name=\"twitter:data1\" content=\"4 minuti\" \/>\n<script type=\"application\/ld+json\" class=\"yoast-schema-graph\">{\"@context\":\"https:\\\/\\\/schema.org\",\"@graph\":[{\"@type\":\"WebPage\",\"@id\":\"https:\\\/\\\/www.accuratereviews.com\\\/it\\\/software-gestione-recensioni\\\/localclarity-recensione\\\/\",\"url\":\"https:\\\/\\\/www.accuratereviews.com\\\/it\\\/software-gestione-recensioni\\\/localclarity-recensione\\\/\",\"name\":\"LocalClarity: recensione software per gestire recensioni Accurate Reviews\",\"isPartOf\":{\"@id\":\"https:\\\/\\\/www.accuratereviews.com\\\/it\\\/#website\"},\"primaryImageOfPage\":{\"@id\":\"https:\\\/\\\/www.accuratereviews.com\\\/it\\\/software-gestione-recensioni\\\/localclarity-recensione\\\/#primaryimage\"},\"image\":{\"@id\":\"https:\\\/\\\/www.accuratereviews.com\\\/it\\\/software-gestione-recensioni\\\/localclarity-recensione\\\/#primaryimage\"},\"thumbnailUrl\":\"https:\\\/\\\/www.accuratereviews.com\\\/wp-content\\\/uploads\\\/2022\\\/08\\\/localclarity.png\",\"datePublished\":\"2022-08-18T12:30:24+00:00\",\"dateModified\":\"2023-04-14T07:25:29+00:00\",\"description\":\"LocalClarity: recensione soluzione di recensioni online e gestione della reputazione per ottenere informazioni dettagliate sui dati.\",\"breadcrumb\":{\"@id\":\"https:\\\/\\\/www.accuratereviews.com\\\/it\\\/software-gestione-recensioni\\\/localclarity-recensione\\\/#breadcrumb\"},\"inLanguage\":\"it-IT\",\"potentialAction\":[{\"@type\":\"ReadAction\",\"target\":[\"https:\\\/\\\/www.accuratereviews.com\\\/it\\\/software-gestione-recensioni\\\/localclarity-recensione\\\/\"]}]},{\"@type\":\"ImageObject\",\"inLanguage\":\"it-IT\",\"@id\":\"https:\\\/\\\/www.accuratereviews.com\\\/it\\\/software-gestione-recensioni\\\/localclarity-recensione\\\/#primaryimage\",\"url\":\"https:\\\/\\\/www.accuratereviews.com\\\/wp-content\\\/uploads\\\/2022\\\/08\\\/localclarity.png\",\"contentUrl\":\"https:\\\/\\\/www.accuratereviews.com\\\/wp-content\\\/uploads\\\/2022\\\/08\\\/localclarity.png\",\"width\":600,\"height\":315},{\"@type\":\"BreadcrumbList\",\"@id\":\"https:\\\/\\\/www.accuratereviews.com\\\/it\\\/software-gestione-recensioni\\\/localclarity-recensione\\\/#breadcrumb\",\"itemListElement\":[{\"@type\":\"ListItem\",\"position\":1,\"name\":\"Home\",\"item\":\"https:\\\/\\\/www.accuratereviews.com\\\/it\\\/\"},{\"@type\":\"ListItem\",\"position\":2,\"name\":\"Software per la gestione delle recensioni\",\"item\":\"https:\\\/\\\/www.accuratereviews.com\\\/it\\\/software-gestione-recensioni\\\/\"},{\"@type\":\"ListItem\",\"position\":3,\"name\":\"LocalClarity\"}]},{\"@type\":\"WebSite\",\"@id\":\"https:\\\/\\\/www.accuratereviews.com\\\/it\\\/#website\",\"url\":\"https:\\\/\\\/www.accuratereviews.com\\\/it\\\/\",\"name\":\"Accurate Reviews\",\"description\":\"\",\"potentialAction\":[{\"@type\":\"SearchAction\",\"target\":{\"@type\":\"EntryPoint\",\"urlTemplate\":\"https:\\\/\\\/www.accuratereviews.com\\\/it\\\/?s={search_term_string}\"},\"query-input\":{\"@type\":\"PropertyValueSpecification\",\"valueRequired\":true,\"valueName\":\"search_term_string\"}}],\"inLanguage\":\"it-IT\"}]}<\/script>\n<!-- \/ Yoast SEO plugin. -->","yoast_head_json":{"title":"LocalClarity: recensione software per gestire recensioni Accurate Reviews","description":"LocalClarity: recensione soluzione di recensioni online e gestione della reputazione per ottenere informazioni dettagliate sui dati.","robots":{"index":"index","follow":"follow","max-snippet":"max-snippet:-1","max-image-preview":"max-image-preview:large","max-video-preview":"max-video-preview:-1"},"canonical":"https:\/\/www.accuratereviews.com\/it\/software-gestione-recensioni\/localclarity-recensione\/","og_locale":"it_IT","og_type":"article","og_title":"LocalClarity: recensione software per gestire recensioni Accurate Reviews","og_description":"LocalClarity: recensione soluzione di recensioni online e gestione della reputazione per ottenere informazioni dettagliate sui dati.","og_url":"https:\/\/www.accuratereviews.com\/it\/software-gestione-recensioni\/localclarity-recensione\/","og_site_name":"Accurate Reviews","article_modified_time":"2023-04-14T07:25:29+00:00","og_image":[{"width":600,"height":315,"url":"https:\/\/www.accuratereviews.com\/wp-content\/uploads\/2022\/08\/localclarity.png","type":"image\/png"}],"twitter_card":"summary_large_image","twitter_misc":{"Tempo di lettura stimato":"4 minuti"},"schema":{"@context":"https:\/\/schema.org","@graph":[{"@type":"WebPage","@id":"https:\/\/www.accuratereviews.com\/it\/software-gestione-recensioni\/localclarity-recensione\/","url":"https:\/\/www.accuratereviews.com\/it\/software-gestione-recensioni\/localclarity-recensione\/","name":"LocalClarity: recensione software per gestire recensioni Accurate Reviews","isPartOf":{"@id":"https:\/\/www.accuratereviews.com\/it\/#website"},"primaryImageOfPage":{"@id":"https:\/\/www.accuratereviews.com\/it\/software-gestione-recensioni\/localclarity-recensione\/#primaryimage"},"image":{"@id":"https:\/\/www.accuratereviews.com\/it\/software-gestione-recensioni\/localclarity-recensione\/#primaryimage"},"thumbnailUrl":"https:\/\/www.accuratereviews.com\/wp-content\/uploads\/2022\/08\/localclarity.png","datePublished":"2022-08-18T12:30:24+00:00","dateModified":"2023-04-14T07:25:29+00:00","description":"LocalClarity: recensione soluzione di recensioni online e gestione della reputazione per ottenere informazioni dettagliate sui dati.","breadcrumb":{"@id":"https:\/\/www.accuratereviews.com\/it\/software-gestione-recensioni\/localclarity-recensione\/#breadcrumb"},"inLanguage":"it-IT","potentialAction":[{"@type":"ReadAction","target":["https:\/\/www.accuratereviews.com\/it\/software-gestione-recensioni\/localclarity-recensione\/"]}]},{"@type":"ImageObject","inLanguage":"it-IT","@id":"https:\/\/www.accuratereviews.com\/it\/software-gestione-recensioni\/localclarity-recensione\/#primaryimage","url":"https:\/\/www.accuratereviews.com\/wp-content\/uploads\/2022\/08\/localclarity.png","contentUrl":"https:\/\/www.accuratereviews.com\/wp-content\/uploads\/2022\/08\/localclarity.png","width":600,"height":315},{"@type":"BreadcrumbList","@id":"https:\/\/www.accuratereviews.com\/it\/software-gestione-recensioni\/localclarity-recensione\/#breadcrumb","itemListElement":[{"@type":"ListItem","position":1,"name":"Home","item":"https:\/\/www.accuratereviews.com\/it\/"},{"@type":"ListItem","position":2,"name":"Software per la gestione delle recensioni","item":"https:\/\/www.accuratereviews.com\/it\/software-gestione-recensioni\/"},{"@type":"ListItem","position":3,"name":"LocalClarity"}]},{"@type":"WebSite","@id":"https:\/\/www.accuratereviews.com\/it\/#website","url":"https:\/\/www.accuratereviews.com\/it\/","name":"Accurate Reviews","description":"","potentialAction":[{"@type":"SearchAction","target":{"@type":"EntryPoint","urlTemplate":"https:\/\/www.accuratereviews.com\/it\/?s={search_term_string}"},"query-input":{"@type":"PropertyValueSpecification","valueRequired":true,"valueName":"search_term_string"}}],"inLanguage":"it-IT"}]}},"_links":{"self":[{"href":"https:\/\/www.accuratereviews.com\/it\/wp-json\/wp\/v2\/pages\/60637","targetHints":{"allow":["GET"]}}],"collection":[{"href":"https:\/\/www.accuratereviews.com\/it\/wp-json\/wp\/v2\/pages"}],"about":[{"href":"https:\/\/www.accuratereviews.com\/it\/wp-json\/wp\/v2\/types\/page"}],"author":[{"embeddable":true,"href":"https:\/\/www.accuratereviews.com\/it\/wp-json\/wp\/v2\/users\/16"}],"replies":[{"embeddable":true,"href":"https:\/\/www.accuratereviews.com\/it\/wp-json\/wp\/v2\/comments?post=60637"}],"version-history":[{"count":12,"href":"https:\/\/www.accuratereviews.com\/it\/wp-json\/wp\/v2\/pages\/60637\/revisions"}],"predecessor-version":[{"id":68821,"href":"https:\/\/www.accuratereviews.com\/it\/wp-json\/wp\/v2\/pages\/60637\/revisions\/68821"}],"up":[{"embeddable":true,"href":"https:\/\/www.accuratereviews.com\/it\/wp-json\/wp\/v2\/pages\/60645"}],"wp:featuredmedia":[{"embeddable":true,"href":"https:\/\/www.accuratereviews.com\/it\/wp-json\/wp\/v2\/media\/60638"}],"wp:attachment":[{"href":"https:\/\/www.accuratereviews.com\/it\/wp-json\/wp\/v2\/media?parent=60637"}],"wp:term":[{"taxonomy":"category","embeddable":true,"href":"https:\/\/www.accuratereviews.com\/it\/wp-json\/wp\/v2\/categories?post=60637"},{"taxonomy":"post_tag","embeddable":true,"href":"https:\/\/www.accuratereviews.com\/it\/wp-json\/wp\/v2\/tags?post=60637"},{"taxonomy":"features","embeddable":true,"href":"https:\/\/www.accuratereviews.com\/it\/wp-json\/wp\/v2\/features?post=60637"}],"curies":[{"name":"wp","href":"https:\/\/api.w.org\/{rel}","templated":true}]}}