{"id":60644,"date":"2022-08-17T16:52:50","date_gmt":"2022-08-17T16:52:50","guid":{"rendered":"https:\/\/www.accuratereviews.com\/?page_id=60644"},"modified":"2023-04-14T07:17:35","modified_gmt":"2023-04-14T07:17:35","slug":"reputation-studio-recensione","status":"publish","type":"page","link":"https:\/\/www.accuratereviews.com\/it\/software-gestione-recensioni\/reputation-studio-recensione\/","title":{"rendered":"Reputation Studio"},"content":{"rendered":"<p><strong>Reputation Studio<\/strong> \u00e8 una <strong>piattaforma di gestione delle recensioni<\/strong> progettata per aiutare le aziende a generare, rispondere, monitorare e analizzare le recensioni dei clienti su pi\u00f9 canali come mercati, siti web, social media e altro ancora. Gli agenti possono creare categorie che includono tag e parole chiave per attivare l&#8217;urgenza e utilizzare modelli personalizzabili per rispondere alle domande dei clienti. Il software\u00a0consente agli amministratori di assegnare ruoli, configurare le autorizzazioni di accesso per i membri del personale e tenere traccia degli indicatori chiave di prestazione (KPI), dei tempi di risposta e delle metriche di coinvolgimento dei clienti su una piattaforma unificata. I supervisori possono creare avvisi personalizzati per notificare agli agenti le recensioni pubblicate e impostare un processo di approvazione per i manager per garantire l&#8217;accuratezza delle risposte. Altre funzionalit\u00e0 includono la creazione di report, la visualizzazione dei dati, la codifica delle parole chiave e i sondaggi.<\/p>\n<h2>REPUTATION STUDIO &#8211; TUTORIAL<\/h2>\n<p>Questo software per gestire le recensioni consente di rispondere e analizzare il feedback dei clienti da Facebook, Amazon, Walmart, Target, Google My Business, Bazaarvoice, Yotpo, Trustpilot, App Store, Messaggi aziendali di Google, Commenti sugli annunci a pagamento FB\/Instagram e altro ancora!<\/p>\n<div id=\"fluid-wrapper-counter-1\" class=\"g1-fluid-wrapper \" style=\"width:686px;\">\n<div style=\"padding-bottom:56.268221574344%;\"><iframe loading=\"lazy\" title=\"Salesforce Demo Reputation Studio by 1440\" width=\"686\" height=\"386\" src=\"https:\/\/www.youtube.com\/embed\/hLfi2C4ielo?feature=oembed&amp;wmode=transparent&amp;autohide=1&amp;autoplay=0&amp;disablekb=0&amp;fs=1&amp;loop=0&amp;enablejsapi=1&amp;rel=0&amp;controls=2&amp;showinfo=0&amp;wmode=transparent&amp;autohide=2&amp;autoplay=0&amp;disablekb=0&amp;fs=1&amp;loop=0&amp;enablejsapi=1&amp;rel=0&amp;controls=2&amp;showinfo=1\" frameborder=\"0\" allow=\"accelerometer; autoplay; clipboard-write; encrypted-media; gyroscope; picture-in-picture; web-share\" allowfullscreen><\/iframe><\/div>\n<\/div>\n<h3>REPUTATION STUDIO &#8211; CARATTERISTICHE<\/h3>\n<ul>\n<li>Rispondi ai clienti su qualsiasi piattaforma da un unico spazio di lavoro, con risposte pubblicate quasi in tempo reale.<\/li>\n<li>Crea avvisi personalizzati che consentono agli agenti di ricevere una notifica non appena viene pubblicata una nuova recensione che soddisfa i criteri di filtro.<\/li>\n<li>Personalizza il tuo spazio di lavoro per visualizzare recensioni aggregate e domande e risposte in un modo che supporti il \u200b\u200btuo flusso di lavoro.<\/li>\n<li>Crea casi in Salesforce Service Cloud per recensioni negative, domande e parole chiave con tag. Imposta facilmente i processi di approvazione, assegna la priorit\u00e0 alle azioni e indirizza le revisioni ai team.<\/li>\n<li>Rendi la risposta rapida e coerente iniziando con i modelli e personalizzandoli in base a ogni recensione o domanda unica.<\/li>\n<li>Crea categorie di parole chiave e tag per attivare l&#8217;urgenza sui problemi pi\u00f9 importanti e dare priorit\u00e0 alle risposte.<\/li>\n<li>Assicurati che le risposte siano in linea con il marchio e accurate impostando un processo di approvazione per i manager.<\/li>\n<li>Assegna ruoli e concedi autorizzazioni utente come disattivare la possibilit\u00e0 di modificare o non consentire agli utenti di lavorare sullo stesso set di dati.<\/li>\n<li>Tieni facilmente traccia delle metriche di coinvolgimento dei clienti e dei tempi di risposta degli indicatori chiave di prestazione (KPI) per garantire che il tuo marchio raggiunga i Service Level Agreement (SLA).<\/li>\n<li>Sfrutta gli ID prodotto per mappare i contenuti dei clienti su tutti i canali.<\/li>\n<\/ul>\n<h4>LE RECENSIONI DEGLI UTENTI<\/h4>\n<p class=\"fw-bold mb-2\"><strong>Jake &#8220;Ottimo strumento, valore fantastico&#8221;<br \/>\n<\/strong><span class=\"fw-bold\"><strong>Commenti<\/strong>: <\/span>Reputation Studio (1440) \u00e8 stato fantastico con cui lavorare. Ascoltano davvero quando hai una nuova idea. Adoro lavorare con questa squadra!<br \/>\n<strong>Pro<\/strong>:\u00a0Onestamente il supporto man mano che le nostre esigenze si sono evolute \u00e8 stato fondamentale per il nostro successo. Grande squadra!<br \/>\n<strong>Contro<\/strong>:\u00a0Ogni volta che ci sono state carenze o cose da affrontare, il team \u00e8 stato veloce nel creare soluzioni. Nessuna lamentela o critica<\/p>\n<p class=\"fw-bold mb-2\"><strong>Naem &#8220;Recensione di Naem di Reputation Studio&#8221;<br \/>\n<\/strong><strong>Pro<\/strong>: la facilit\u00e0 d&#8217;uso \u00e8 ci\u00f2 che colpisce di pi\u00f9. Rep Studio si \u00e8 integrato molto bene con la nostra attuale configurazione in Salesforce. Reputation Studio ha consentito una connessione pi\u00f9 rapida e personale con i nostri consumatori.<br \/>\n<strong>Contro<\/strong>:\u00a0Non ci sono molte cose di cui lamentarsi a parte alcuni inconvenienti che di solito si verificano dopo la distribuzione degli aggiornamenti in Salesforce. Questi sono pochi e rari e di solito vengono catturati e risolti in un breve periodo di tempo.<\/p>\n<p class=\"fw-bold mb-2\"><strong>Jason &#8220;Recensioni e coinvolgimento di domande e risposte semplificate&#8221;<br \/>\n<\/strong><span class=\"fw-bold\"><strong>Commenti<\/strong>: <\/span>Sono stato molto soddisfatto dello strumento, cos\u00ec come della partnership con Rep Studio in generale. Il monitoraggio e il coinvolgimento delle recensioni \u00e8 un&#8217;area in cui continueremo a crescere a livello globale e Rep Studio ha dimostrato di essere la soluzione giusta per realizzare le nostre ambizioni.<br \/>\n<strong>Pro<\/strong>:\u00a0L&#8217;integrazione con il nostro strumento SFDC consente ai nostri agenti di muoversi senza problemi attraverso i contatti con i consumatori senza perdere di vista le linee guida di conformit\u00e0 appropriate. Reputation Studio ha inoltre dimostrato di essere flessibile nel riuscire a soddisfare le nostre esigenze con un servizio di supporto molto attento.<br \/>\n<strong>Contro<\/strong>:\u00a0A volte, Salesforce pu\u00f2 caricare un po&#8217; lentamente, ed \u00e8 qui che vive Reputation Studio.<\/p>\n","protected":false},"excerpt":{"rendered":"<p>Reputation Studio \u00e8 una piattaforma di gestione delle recensioni progettata per aiutare le aziende a generare, rispondere, monitorare e analizzare le recensioni dei clienti su pi\u00f9 canali come mercati, siti web, social media e altro ancora. Gli agenti possono creare categorie che includono tag e parole chiave per attivare l&#8217;urgenza e utilizzare modelli personalizzabili per rispondere alle domande dei clienti.<\/p>\n","protected":false},"author":16,"featured_media":60646,"parent":60645,"menu_order":0,"comment_status":"open","ping_status":"closed","template":"g1_template_page_review_new.php","meta":{"_acf_changed":false,"cwp_meta_box_check":"No","cwp_rev_product_name":"","cwp_rev_product_image":"","wppr_links":[],"cwp_rev_price":"","wppr_options":[],"wppr_pros":[],"wppr_cons":[],"_monsterinsights_skip_tracking":false,"_monsterinsights_sitenote_active":false,"_monsterinsights_sitenote_note":"","_monsterinsights_sitenote_category":0,"footnotes":""},"categories":[13158],"tags":[13186,13187,13183,13182,13185,13184],"features":[],"class_list":{"0":"post-60644","1":"page","2":"type-page","3":"status-publish","4":"has-post-thumbnail","6":"category-software-per-la-gestione-delle-recensioni","7":"tag-piattaforma-per-gestione-delle-recensioni","8":"tag-programma-per-gestione-delle-recensioni","9":"tag-recensioni","10":"tag-reputation-studio","11":"tag-software-per-gestire-recensioni","12":"tag-soluzione-per-gestire-recensioni"},"wppr_data":{"cwp_meta_box_check":"No"},"acf":[],"yoast_head":"<!-- This site is optimized with the Yoast SEO plugin v27.4 - https:\/\/yoast.com\/product\/yoast-seo-wordpress\/ -->\n<title>Reputation Studio: software gestione recensioni - AR<\/title>\n<meta name=\"description\" content=\"Reputation Studio: piattaforma di gestione delle recensioni progettata per aiutare le aziende a generare e rispondere alle recensioni.\" \/>\n<meta name=\"robots\" content=\"index, follow, max-snippet:-1, max-image-preview:large, max-video-preview:-1\" \/>\n<link rel=\"canonical\" href=\"https:\/\/www.accuratereviews.com\/it\/software-gestione-recensioni\/reputation-studio-recensione\/\" \/>\n<meta property=\"og:locale\" content=\"it_IT\" \/>\n<meta property=\"og:type\" content=\"article\" \/>\n<meta property=\"og:title\" content=\"Reputation Studio: software gestione recensioni - AR\" \/>\n<meta property=\"og:description\" content=\"Reputation Studio: piattaforma di gestione delle recensioni progettata per aiutare le aziende a generare e rispondere alle recensioni.\" \/>\n<meta property=\"og:url\" content=\"https:\/\/www.accuratereviews.com\/it\/software-gestione-recensioni\/reputation-studio-recensione\/\" \/>\n<meta property=\"og:site_name\" content=\"Accurate Reviews\" \/>\n<meta property=\"article:modified_time\" content=\"2023-04-14T07:17:35+00:00\" \/>\n<meta property=\"og:image\" content=\"https:\/\/www.accuratereviews.com\/wp-content\/uploads\/2022\/08\/Reputation-Studio.webp\" \/>\n\t<meta property=\"og:image:width\" content=\"270\" \/>\n\t<meta property=\"og:image:height\" content=\"270\" \/>\n\t<meta property=\"og:image:type\" content=\"image\/webp\" \/>\n<meta name=\"twitter:card\" content=\"summary_large_image\" \/>\n<meta name=\"twitter:label1\" content=\"Tempo di lettura stimato\" \/>\n\t<meta name=\"twitter:data1\" content=\"4 minuti\" \/>\n<script type=\"application\/ld+json\" class=\"yoast-schema-graph\">{\"@context\":\"https:\\\/\\\/schema.org\",\"@graph\":[{\"@type\":\"WebPage\",\"@id\":\"https:\\\/\\\/www.accuratereviews.com\\\/it\\\/software-gestione-recensioni\\\/reputation-studio-recensione\\\/\",\"url\":\"https:\\\/\\\/www.accuratereviews.com\\\/it\\\/software-gestione-recensioni\\\/reputation-studio-recensione\\\/\",\"name\":\"Reputation Studio: software gestione recensioni - AR\",\"isPartOf\":{\"@id\":\"https:\\\/\\\/www.accuratereviews.com\\\/it\\\/#website\"},\"primaryImageOfPage\":{\"@id\":\"https:\\\/\\\/www.accuratereviews.com\\\/it\\\/software-gestione-recensioni\\\/reputation-studio-recensione\\\/#primaryimage\"},\"image\":{\"@id\":\"https:\\\/\\\/www.accuratereviews.com\\\/it\\\/software-gestione-recensioni\\\/reputation-studio-recensione\\\/#primaryimage\"},\"thumbnailUrl\":\"https:\\\/\\\/www.accuratereviews.com\\\/wp-content\\\/uploads\\\/2022\\\/08\\\/Reputation-Studio.webp\",\"datePublished\":\"2022-08-17T16:52:50+00:00\",\"dateModified\":\"2023-04-14T07:17:35+00:00\",\"description\":\"Reputation Studio: piattaforma di gestione delle recensioni progettata per aiutare le aziende a generare e rispondere alle recensioni.\",\"breadcrumb\":{\"@id\":\"https:\\\/\\\/www.accuratereviews.com\\\/it\\\/software-gestione-recensioni\\\/reputation-studio-recensione\\\/#breadcrumb\"},\"inLanguage\":\"it-IT\",\"potentialAction\":[{\"@type\":\"ReadAction\",\"target\":[\"https:\\\/\\\/www.accuratereviews.com\\\/it\\\/software-gestione-recensioni\\\/reputation-studio-recensione\\\/\"]}]},{\"@type\":\"ImageObject\",\"inLanguage\":\"it-IT\",\"@id\":\"https:\\\/\\\/www.accuratereviews.com\\\/it\\\/software-gestione-recensioni\\\/reputation-studio-recensione\\\/#primaryimage\",\"url\":\"https:\\\/\\\/www.accuratereviews.com\\\/wp-content\\\/uploads\\\/2022\\\/08\\\/Reputation-Studio.webp\",\"contentUrl\":\"https:\\\/\\\/www.accuratereviews.com\\\/wp-content\\\/uploads\\\/2022\\\/08\\\/Reputation-Studio.webp\",\"width\":270,\"height\":270},{\"@type\":\"BreadcrumbList\",\"@id\":\"https:\\\/\\\/www.accuratereviews.com\\\/it\\\/software-gestione-recensioni\\\/reputation-studio-recensione\\\/#breadcrumb\",\"itemListElement\":[{\"@type\":\"ListItem\",\"position\":1,\"name\":\"Home\",\"item\":\"https:\\\/\\\/www.accuratereviews.com\\\/it\\\/\"},{\"@type\":\"ListItem\",\"position\":2,\"name\":\"Software per la gestione delle recensioni\",\"item\":\"https:\\\/\\\/www.accuratereviews.com\\\/it\\\/software-gestione-recensioni\\\/\"},{\"@type\":\"ListItem\",\"position\":3,\"name\":\"Reputation Studio\"}]},{\"@type\":\"WebSite\",\"@id\":\"https:\\\/\\\/www.accuratereviews.com\\\/it\\\/#website\",\"url\":\"https:\\\/\\\/www.accuratereviews.com\\\/it\\\/\",\"name\":\"Accurate Reviews\",\"description\":\"\",\"potentialAction\":[{\"@type\":\"SearchAction\",\"target\":{\"@type\":\"EntryPoint\",\"urlTemplate\":\"https:\\\/\\\/www.accuratereviews.com\\\/it\\\/?s={search_term_string}\"},\"query-input\":{\"@type\":\"PropertyValueSpecification\",\"valueRequired\":true,\"valueName\":\"search_term_string\"}}],\"inLanguage\":\"it-IT\"}]}<\/script>\n<!-- \/ Yoast SEO plugin. -->","yoast_head_json":{"title":"Reputation Studio: software gestione recensioni - AR","description":"Reputation Studio: piattaforma di gestione delle recensioni progettata per aiutare le aziende a generare e rispondere alle recensioni.","robots":{"index":"index","follow":"follow","max-snippet":"max-snippet:-1","max-image-preview":"max-image-preview:large","max-video-preview":"max-video-preview:-1"},"canonical":"https:\/\/www.accuratereviews.com\/it\/software-gestione-recensioni\/reputation-studio-recensione\/","og_locale":"it_IT","og_type":"article","og_title":"Reputation Studio: software gestione recensioni - AR","og_description":"Reputation Studio: piattaforma di gestione delle recensioni progettata per aiutare le aziende a generare e rispondere alle recensioni.","og_url":"https:\/\/www.accuratereviews.com\/it\/software-gestione-recensioni\/reputation-studio-recensione\/","og_site_name":"Accurate Reviews","article_modified_time":"2023-04-14T07:17:35+00:00","og_image":[{"width":270,"height":270,"url":"https:\/\/www.accuratereviews.com\/wp-content\/uploads\/2022\/08\/Reputation-Studio.webp","type":"image\/webp"}],"twitter_card":"summary_large_image","twitter_misc":{"Tempo di lettura stimato":"4 minuti"},"schema":{"@context":"https:\/\/schema.org","@graph":[{"@type":"WebPage","@id":"https:\/\/www.accuratereviews.com\/it\/software-gestione-recensioni\/reputation-studio-recensione\/","url":"https:\/\/www.accuratereviews.com\/it\/software-gestione-recensioni\/reputation-studio-recensione\/","name":"Reputation Studio: software gestione recensioni - AR","isPartOf":{"@id":"https:\/\/www.accuratereviews.com\/it\/#website"},"primaryImageOfPage":{"@id":"https:\/\/www.accuratereviews.com\/it\/software-gestione-recensioni\/reputation-studio-recensione\/#primaryimage"},"image":{"@id":"https:\/\/www.accuratereviews.com\/it\/software-gestione-recensioni\/reputation-studio-recensione\/#primaryimage"},"thumbnailUrl":"https:\/\/www.accuratereviews.com\/wp-content\/uploads\/2022\/08\/Reputation-Studio.webp","datePublished":"2022-08-17T16:52:50+00:00","dateModified":"2023-04-14T07:17:35+00:00","description":"Reputation Studio: piattaforma di gestione delle recensioni progettata per aiutare le aziende a generare e rispondere alle recensioni.","breadcrumb":{"@id":"https:\/\/www.accuratereviews.com\/it\/software-gestione-recensioni\/reputation-studio-recensione\/#breadcrumb"},"inLanguage":"it-IT","potentialAction":[{"@type":"ReadAction","target":["https:\/\/www.accuratereviews.com\/it\/software-gestione-recensioni\/reputation-studio-recensione\/"]}]},{"@type":"ImageObject","inLanguage":"it-IT","@id":"https:\/\/www.accuratereviews.com\/it\/software-gestione-recensioni\/reputation-studio-recensione\/#primaryimage","url":"https:\/\/www.accuratereviews.com\/wp-content\/uploads\/2022\/08\/Reputation-Studio.webp","contentUrl":"https:\/\/www.accuratereviews.com\/wp-content\/uploads\/2022\/08\/Reputation-Studio.webp","width":270,"height":270},{"@type":"BreadcrumbList","@id":"https:\/\/www.accuratereviews.com\/it\/software-gestione-recensioni\/reputation-studio-recensione\/#breadcrumb","itemListElement":[{"@type":"ListItem","position":1,"name":"Home","item":"https:\/\/www.accuratereviews.com\/it\/"},{"@type":"ListItem","position":2,"name":"Software per la gestione delle recensioni","item":"https:\/\/www.accuratereviews.com\/it\/software-gestione-recensioni\/"},{"@type":"ListItem","position":3,"name":"Reputation Studio"}]},{"@type":"WebSite","@id":"https:\/\/www.accuratereviews.com\/it\/#website","url":"https:\/\/www.accuratereviews.com\/it\/","name":"Accurate Reviews","description":"","potentialAction":[{"@type":"SearchAction","target":{"@type":"EntryPoint","urlTemplate":"https:\/\/www.accuratereviews.com\/it\/?s={search_term_string}"},"query-input":{"@type":"PropertyValueSpecification","valueRequired":true,"valueName":"search_term_string"}}],"inLanguage":"it-IT"}]}},"_links":{"self":[{"href":"https:\/\/www.accuratereviews.com\/it\/wp-json\/wp\/v2\/pages\/60644","targetHints":{"allow":["GET"]}}],"collection":[{"href":"https:\/\/www.accuratereviews.com\/it\/wp-json\/wp\/v2\/pages"}],"about":[{"href":"https:\/\/www.accuratereviews.com\/it\/wp-json\/wp\/v2\/types\/page"}],"author":[{"embeddable":true,"href":"https:\/\/www.accuratereviews.com\/it\/wp-json\/wp\/v2\/users\/16"}],"replies":[{"embeddable":true,"href":"https:\/\/www.accuratereviews.com\/it\/wp-json\/wp\/v2\/comments?post=60644"}],"version-history":[{"count":10,"href":"https:\/\/www.accuratereviews.com\/it\/wp-json\/wp\/v2\/pages\/60644\/revisions"}],"predecessor-version":[{"id":68819,"href":"https:\/\/www.accuratereviews.com\/it\/wp-json\/wp\/v2\/pages\/60644\/revisions\/68819"}],"up":[{"embeddable":true,"href":"https:\/\/www.accuratereviews.com\/it\/wp-json\/wp\/v2\/pages\/60645"}],"wp:featuredmedia":[{"embeddable":true,"href":"https:\/\/www.accuratereviews.com\/it\/wp-json\/wp\/v2\/media\/60646"}],"wp:attachment":[{"href":"https:\/\/www.accuratereviews.com\/it\/wp-json\/wp\/v2\/media?parent=60644"}],"wp:term":[{"taxonomy":"category","embeddable":true,"href":"https:\/\/www.accuratereviews.com\/it\/wp-json\/wp\/v2\/categories?post=60644"},{"taxonomy":"post_tag","embeddable":true,"href":"https:\/\/www.accuratereviews.com\/it\/wp-json\/wp\/v2\/tags?post=60644"},{"taxonomy":"features","embeddable":true,"href":"https:\/\/www.accuratereviews.com\/it\/wp-json\/wp\/v2\/features?post=60644"}],"curies":[{"name":"wp","href":"https:\/\/api.w.org\/{rel}","templated":true}]}}