{"id":60761,"date":"2022-08-22T11:01:38","date_gmt":"2022-08-22T11:01:38","guid":{"rendered":"https:\/\/www.accuratereviews.com\/?page_id=60761"},"modified":"2024-01-29T21:23:42","modified_gmt":"2024-01-29T21:23:42","slug":"retailtune-recensione","status":"publish","type":"page","link":"https:\/\/www.accuratereviews.com\/it\/software-gestione-recensioni\/retailtune-recensione\/","title":{"rendered":"RetailTune"},"content":{"rendered":"<p><strong>RetailTune<\/strong> \u00e8 un <strong>software di analisi di marketing<\/strong> e gestione SEO che aiuta le aziende a gestire le informazioni sui negozi su pi\u00f9 piattaforme, come Google My Business, Pagine locali di Facebook, Google Maps e altre applicazioni di localizzazione di negozi. Consente ai membri del personale di creare, eseguire e monitorare campagne di marketing localizzate personalizzate. Permette\u00a0ai membri del team di utilizzare il sistema di dialogo integrato per stabilire una comunicazione bidirezionale e risolvere i problemi in pi\u00f9 negozi locali. Consente ai membri del personale di creare elenchi di attivit\u00e0 commerciali personalizzati con dettagli, come il nome del negozio, la posizione e la descrizione. Il repository multimediale da la possibilit\u00e0 ai dipendenti di raccogliere e distribuire foto di clienti locali su piattaforme di social media, ottimizzando il coinvolgimento e la sensibilizzazione complessivi dei clienti.<\/p>\n<h2>RETAILTUNE &#8211; TUTORIAL<\/h2>\n<div id=\"fluid-wrapper-counter-1\" class=\"g1-fluid-wrapper \" style=\"width:686px;\">\n<div style=\"padding-bottom:56.268221574344%;\"><iframe loading=\"lazy\" title=\"Intervista Claudio Agazzi Touchpoint Days Engagement\" width=\"686\" height=\"386\" src=\"https:\/\/www.youtube.com\/embed\/RSubqOpf6sU?feature=oembed&amp;wmode=transparent&amp;autohide=1&amp;autoplay=0&amp;disablekb=0&amp;fs=1&amp;loop=0&amp;enablejsapi=1&amp;rel=0&amp;controls=2&amp;showinfo=0&amp;wmode=transparent&amp;autohide=2&amp;autoplay=0&amp;disablekb=0&amp;fs=1&amp;loop=0&amp;enablejsapi=1&amp;rel=0&amp;controls=2&amp;showinfo=1\" frameborder=\"0\" allow=\"accelerometer; autoplay; clipboard-write; encrypted-media; gyroscope; picture-in-picture; web-share\" allowfullscreen><\/iframe><\/div>\n<\/div>\n<h2>RETAILTUNE &#8211; CARATTERISTICHE<\/h2>\n<ul>\n<li>Grazie alla tecnologia proprietaria, il programma \u00e8 in grado di geolocalizzare l\u2019utente, mostrandogli i punti vendita pi\u00f9 vicini alla sua posizione. Lo strumento notifica all\u2019utente la disponibilit\u00e0 del prodotto desiderato nel negozio a lui pi\u00f9 vicino, proponendo cos\u00ec numerosi servizi di Loyalty &amp; Care costruiti su misura<\/li>\n<li>Gestisci in maniera centralizzata e unitaria le informazioni dei punti vendita delle catene su Google My Business, strumento principale attraverso il quale gli utenti sono soliti interagire per prima di recarsi in negozio<\/li>\n<li>La soluzione \u00e8 in grado di fornire al cliente una serie di Analytics a supporto del Buying per migliorare le performance degli store.<br \/>\nIn particolare, vengono forniti dati relativi alla distribuzione dello stock del negozio sulla base del gusto locale degli utenti in una determinata area geografica<\/li>\n<li>Il programma permette di conoscere i gusti dei consumatori locali dando la possibilit\u00e0 di creare feed di prodotto per la comunicazione.<br \/>\nE non solo, la tecnologia permette di conoscere la consideration di ciascun punto vendita. Il programmatic diventa quindi molto preciso: da un lato \u00e8 possibile massimizzare il budget dell\u2019investimento sui negozi maggiormente in difficolt\u00e0, dall\u2019altro si offre al pubblico il prodotto effettivamente pi\u00f9 rispondente ai gusti locali.<\/li>\n<\/ul>\n<h4>LE RECENSIONI DEGLI UTENTI<\/h4>\n<p class=\"fw-bold mb-2\"><strong>Francesca&#8221;Una piattaforma tante soluzioni&#8221;<br \/>\n<\/strong><span class=\"fw-bold\"><strong>Commenti<\/strong>: <\/span>Una lingua comune tra digital, marketing e punti vendita fisici.<br \/>\n<strong>Pro<\/strong>: Ad oggi in azienda \u00e8 il miglior esempio di integrazione tra mondo fisico e digitale.<br \/>\n<strong>Contro<\/strong>:\u00a0Alcuni concetti non sono immediati ma il supporto \u00e8 costante e molto professionale.<\/p>\n<p class=\"fw-bold mb-2\"><strong>Angela&#8221;Non un fornitore, ma un partner&#8221;<br \/>\n<\/strong><span class=\"fw-bold\"><strong>Commenti<\/strong>: <\/span>Dietro ogni software ci sono persone, professionalit\u00e0, competenze. E per quelle persone che mi sento di consigliare i servizi di marketing locale che Retailtune offre in approccio omnicanale e drive to store.<br \/>\n<strong>Pro<\/strong>: La user experience e la sua facilit\u00e0 di utilizzo<br \/>\n<strong>Contro<\/strong>:\u00a0Abbiamo richiesto viste aggregate, legate al nostro modello di business<\/p>\n<p class=\"fw-bold mb-2\"><strong>Mauro&#8221;Retail Tune&#8221;<br \/>\n<\/strong><strong>Pro<\/strong>: Interfaccia utente e semplicit\u00e0 di utilizzo, presenza di molte funzionalit\u00e0 integrate e velocit\u00e0 nella procedura di aggiornamento dei contenuti<br \/>\n<strong>Contro<\/strong>:\u00a0Qualche possibile limitazione nella gestione dei diversi livelli di accesso alla piattaforma (HQ, Area Manager, Store Manager)<\/p>\n","protected":false},"excerpt":{"rendered":"<p>RetailTune \u00e8 un software di analisi di marketing e gestione SEO che aiuta le aziende a gestire le informazioni sui negozi su pi\u00f9 piattaforme, come Google My Business, Pagine locali di Facebook, Google Maps e altre applicazioni di localizzazione di negozi. Consente ai membri del personale di creare, eseguire e monitorare campagne di marketing localizzate personalizzate.<\/p>\n","protected":false},"author":16,"featured_media":60763,"parent":60645,"menu_order":0,"comment_status":"open","ping_status":"closed","template":"g1_template_page_review_new.php","meta":{"_acf_changed":false,"cwp_meta_box_check":"No","cwp_rev_product_name":"","cwp_rev_product_image":"","wppr_links":[],"cwp_rev_price":"","wppr_options":[],"wppr_pros":[],"wppr_cons":[],"_monsterinsights_skip_tracking":false,"_monsterinsights_sitenote_active":false,"_monsterinsights_sitenote_note":"","_monsterinsights_sitenote_category":0,"footnotes":""},"categories":[13158],"tags":[13212,13209,13183,13211,13206,13207],"features":[],"class_list":{"0":"post-60761","1":"page","2":"type-page","3":"status-publish","4":"has-post-thumbnail","6":"category-software-per-la-gestione-delle-recensioni","7":"tag-piattaforma-gestione-recensioni","8":"tag-programma-gestione-recensioni","9":"tag-recensioni","10":"tag-retailtune","11":"tag-software-gestione-recensioni","12":"tag-soluzione-gestione-recensioni"},"wppr_data":{"cwp_meta_box_check":"No"},"acf":[],"yoast_head":"<!-- This site is optimized with the Yoast SEO plugin v27.4 - https:\/\/yoast.com\/product\/yoast-seo-wordpress\/ -->\n<title>RetailTune: recensione software gestione recensioni - Accurate Reviews<\/title>\n<meta name=\"description\" content=\"RetailTune: recensione software di analisi di marketing e gestione SEO che aiuta le aziende a gestire le informazioni sui negozi\" \/>\n<meta name=\"robots\" content=\"index, follow, max-snippet:-1, max-image-preview:large, max-video-preview:-1\" \/>\n<link rel=\"canonical\" href=\"https:\/\/www.accuratereviews.com\/it\/software-gestione-recensioni\/retailtune-recensione\/\" \/>\n<meta property=\"og:locale\" content=\"it_IT\" \/>\n<meta property=\"og:type\" content=\"article\" \/>\n<meta property=\"og:title\" content=\"RetailTune: recensione software gestione recensioni - Accurate Reviews\" \/>\n<meta property=\"og:description\" content=\"RetailTune: recensione software di analisi di marketing e gestione SEO che aiuta le aziende a gestire le informazioni sui negozi\" \/>\n<meta property=\"og:url\" content=\"https:\/\/www.accuratereviews.com\/it\/software-gestione-recensioni\/retailtune-recensione\/\" \/>\n<meta property=\"og:site_name\" content=\"Accurate Reviews\" \/>\n<meta property=\"article:modified_time\" content=\"2024-01-29T21:23:42+00:00\" \/>\n<meta property=\"og:image\" content=\"https:\/\/www.accuratereviews.com\/wp-content\/uploads\/2022\/08\/RetailTune.jpeg\" \/>\n\t<meta property=\"og:image:width\" content=\"200\" \/>\n\t<meta property=\"og:image:height\" content=\"200\" \/>\n\t<meta property=\"og:image:type\" content=\"image\/jpeg\" \/>\n<meta name=\"twitter:card\" content=\"summary_large_image\" \/>\n<meta name=\"twitter:label1\" content=\"Tempo di lettura stimato\" \/>\n\t<meta name=\"twitter:data1\" content=\"3 minuti\" \/>\n<script type=\"application\/ld+json\" class=\"yoast-schema-graph\">{\"@context\":\"https:\\\/\\\/schema.org\",\"@graph\":[{\"@type\":\"WebPage\",\"@id\":\"https:\\\/\\\/www.accuratereviews.com\\\/it\\\/software-gestione-recensioni\\\/retailtune-recensione\\\/\",\"url\":\"https:\\\/\\\/www.accuratereviews.com\\\/it\\\/software-gestione-recensioni\\\/retailtune-recensione\\\/\",\"name\":\"RetailTune: recensione software gestione recensioni - Accurate Reviews\",\"isPartOf\":{\"@id\":\"https:\\\/\\\/www.accuratereviews.com\\\/it\\\/#website\"},\"primaryImageOfPage\":{\"@id\":\"https:\\\/\\\/www.accuratereviews.com\\\/it\\\/software-gestione-recensioni\\\/retailtune-recensione\\\/#primaryimage\"},\"image\":{\"@id\":\"https:\\\/\\\/www.accuratereviews.com\\\/it\\\/software-gestione-recensioni\\\/retailtune-recensione\\\/#primaryimage\"},\"thumbnailUrl\":\"https:\\\/\\\/www.accuratereviews.com\\\/wp-content\\\/uploads\\\/2022\\\/08\\\/RetailTune.jpeg\",\"datePublished\":\"2022-08-22T11:01:38+00:00\",\"dateModified\":\"2024-01-29T21:23:42+00:00\",\"description\":\"RetailTune: recensione software di analisi di marketing e gestione SEO che aiuta le aziende a gestire le informazioni sui negozi\",\"breadcrumb\":{\"@id\":\"https:\\\/\\\/www.accuratereviews.com\\\/it\\\/software-gestione-recensioni\\\/retailtune-recensione\\\/#breadcrumb\"},\"inLanguage\":\"it-IT\",\"potentialAction\":[{\"@type\":\"ReadAction\",\"target\":[\"https:\\\/\\\/www.accuratereviews.com\\\/it\\\/software-gestione-recensioni\\\/retailtune-recensione\\\/\"]}]},{\"@type\":\"ImageObject\",\"inLanguage\":\"it-IT\",\"@id\":\"https:\\\/\\\/www.accuratereviews.com\\\/it\\\/software-gestione-recensioni\\\/retailtune-recensione\\\/#primaryimage\",\"url\":\"https:\\\/\\\/www.accuratereviews.com\\\/wp-content\\\/uploads\\\/2022\\\/08\\\/RetailTune.jpeg\",\"contentUrl\":\"https:\\\/\\\/www.accuratereviews.com\\\/wp-content\\\/uploads\\\/2022\\\/08\\\/RetailTune.jpeg\",\"width\":200,\"height\":200},{\"@type\":\"BreadcrumbList\",\"@id\":\"https:\\\/\\\/www.accuratereviews.com\\\/it\\\/software-gestione-recensioni\\\/retailtune-recensione\\\/#breadcrumb\",\"itemListElement\":[{\"@type\":\"ListItem\",\"position\":1,\"name\":\"Home\",\"item\":\"https:\\\/\\\/www.accuratereviews.com\\\/it\\\/\"},{\"@type\":\"ListItem\",\"position\":2,\"name\":\"Software per la gestione delle recensioni\",\"item\":\"https:\\\/\\\/www.accuratereviews.com\\\/it\\\/software-gestione-recensioni\\\/\"},{\"@type\":\"ListItem\",\"position\":3,\"name\":\"RetailTune\"}]},{\"@type\":\"WebSite\",\"@id\":\"https:\\\/\\\/www.accuratereviews.com\\\/it\\\/#website\",\"url\":\"https:\\\/\\\/www.accuratereviews.com\\\/it\\\/\",\"name\":\"Accurate Reviews\",\"description\":\"\",\"potentialAction\":[{\"@type\":\"SearchAction\",\"target\":{\"@type\":\"EntryPoint\",\"urlTemplate\":\"https:\\\/\\\/www.accuratereviews.com\\\/it\\\/?s={search_term_string}\"},\"query-input\":{\"@type\":\"PropertyValueSpecification\",\"valueRequired\":true,\"valueName\":\"search_term_string\"}}],\"inLanguage\":\"it-IT\"}]}<\/script>\n<!-- \/ Yoast SEO plugin. -->","yoast_head_json":{"title":"RetailTune: recensione software gestione recensioni - Accurate Reviews","description":"RetailTune: recensione software di analisi di marketing e gestione SEO che aiuta le aziende a gestire le informazioni sui negozi","robots":{"index":"index","follow":"follow","max-snippet":"max-snippet:-1","max-image-preview":"max-image-preview:large","max-video-preview":"max-video-preview:-1"},"canonical":"https:\/\/www.accuratereviews.com\/it\/software-gestione-recensioni\/retailtune-recensione\/","og_locale":"it_IT","og_type":"article","og_title":"RetailTune: recensione software gestione recensioni - Accurate Reviews","og_description":"RetailTune: recensione software di analisi di marketing e gestione SEO che aiuta le aziende a gestire le informazioni sui negozi","og_url":"https:\/\/www.accuratereviews.com\/it\/software-gestione-recensioni\/retailtune-recensione\/","og_site_name":"Accurate Reviews","article_modified_time":"2024-01-29T21:23:42+00:00","og_image":[{"width":200,"height":200,"url":"https:\/\/www.accuratereviews.com\/wp-content\/uploads\/2022\/08\/RetailTune.jpeg","type":"image\/jpeg"}],"twitter_card":"summary_large_image","twitter_misc":{"Tempo di lettura stimato":"3 minuti"},"schema":{"@context":"https:\/\/schema.org","@graph":[{"@type":"WebPage","@id":"https:\/\/www.accuratereviews.com\/it\/software-gestione-recensioni\/retailtune-recensione\/","url":"https:\/\/www.accuratereviews.com\/it\/software-gestione-recensioni\/retailtune-recensione\/","name":"RetailTune: recensione software gestione recensioni - Accurate Reviews","isPartOf":{"@id":"https:\/\/www.accuratereviews.com\/it\/#website"},"primaryImageOfPage":{"@id":"https:\/\/www.accuratereviews.com\/it\/software-gestione-recensioni\/retailtune-recensione\/#primaryimage"},"image":{"@id":"https:\/\/www.accuratereviews.com\/it\/software-gestione-recensioni\/retailtune-recensione\/#primaryimage"},"thumbnailUrl":"https:\/\/www.accuratereviews.com\/wp-content\/uploads\/2022\/08\/RetailTune.jpeg","datePublished":"2022-08-22T11:01:38+00:00","dateModified":"2024-01-29T21:23:42+00:00","description":"RetailTune: recensione software di analisi di marketing e gestione SEO che aiuta le aziende a gestire le informazioni sui negozi","breadcrumb":{"@id":"https:\/\/www.accuratereviews.com\/it\/software-gestione-recensioni\/retailtune-recensione\/#breadcrumb"},"inLanguage":"it-IT","potentialAction":[{"@type":"ReadAction","target":["https:\/\/www.accuratereviews.com\/it\/software-gestione-recensioni\/retailtune-recensione\/"]}]},{"@type":"ImageObject","inLanguage":"it-IT","@id":"https:\/\/www.accuratereviews.com\/it\/software-gestione-recensioni\/retailtune-recensione\/#primaryimage","url":"https:\/\/www.accuratereviews.com\/wp-content\/uploads\/2022\/08\/RetailTune.jpeg","contentUrl":"https:\/\/www.accuratereviews.com\/wp-content\/uploads\/2022\/08\/RetailTune.jpeg","width":200,"height":200},{"@type":"BreadcrumbList","@id":"https:\/\/www.accuratereviews.com\/it\/software-gestione-recensioni\/retailtune-recensione\/#breadcrumb","itemListElement":[{"@type":"ListItem","position":1,"name":"Home","item":"https:\/\/www.accuratereviews.com\/it\/"},{"@type":"ListItem","position":2,"name":"Software per la gestione delle recensioni","item":"https:\/\/www.accuratereviews.com\/it\/software-gestione-recensioni\/"},{"@type":"ListItem","position":3,"name":"RetailTune"}]},{"@type":"WebSite","@id":"https:\/\/www.accuratereviews.com\/it\/#website","url":"https:\/\/www.accuratereviews.com\/it\/","name":"Accurate Reviews","description":"","potentialAction":[{"@type":"SearchAction","target":{"@type":"EntryPoint","urlTemplate":"https:\/\/www.accuratereviews.com\/it\/?s={search_term_string}"},"query-input":{"@type":"PropertyValueSpecification","valueRequired":true,"valueName":"search_term_string"}}],"inLanguage":"it-IT"}]}},"_links":{"self":[{"href":"https:\/\/www.accuratereviews.com\/it\/wp-json\/wp\/v2\/pages\/60761","targetHints":{"allow":["GET"]}}],"collection":[{"href":"https:\/\/www.accuratereviews.com\/it\/wp-json\/wp\/v2\/pages"}],"about":[{"href":"https:\/\/www.accuratereviews.com\/it\/wp-json\/wp\/v2\/types\/page"}],"author":[{"embeddable":true,"href":"https:\/\/www.accuratereviews.com\/it\/wp-json\/wp\/v2\/users\/16"}],"replies":[{"embeddable":true,"href":"https:\/\/www.accuratereviews.com\/it\/wp-json\/wp\/v2\/comments?post=60761"}],"version-history":[{"count":7,"href":"https:\/\/www.accuratereviews.com\/it\/wp-json\/wp\/v2\/pages\/60761\/revisions"}],"predecessor-version":[{"id":74181,"href":"https:\/\/www.accuratereviews.com\/it\/wp-json\/wp\/v2\/pages\/60761\/revisions\/74181"}],"up":[{"embeddable":true,"href":"https:\/\/www.accuratereviews.com\/it\/wp-json\/wp\/v2\/pages\/60645"}],"wp:featuredmedia":[{"embeddable":true,"href":"https:\/\/www.accuratereviews.com\/it\/wp-json\/wp\/v2\/media\/60763"}],"wp:attachment":[{"href":"https:\/\/www.accuratereviews.com\/it\/wp-json\/wp\/v2\/media?parent=60761"}],"wp:term":[{"taxonomy":"category","embeddable":true,"href":"https:\/\/www.accuratereviews.com\/it\/wp-json\/wp\/v2\/categories?post=60761"},{"taxonomy":"post_tag","embeddable":true,"href":"https:\/\/www.accuratereviews.com\/it\/wp-json\/wp\/v2\/tags?post=60761"},{"taxonomy":"features","embeddable":true,"href":"https:\/\/www.accuratereviews.com\/it\/wp-json\/wp\/v2\/features?post=60761"}],"curies":[{"name":"wp","href":"https:\/\/api.w.org\/{rel}","templated":true}]}}