{"id":60769,"date":"2022-08-22T11:02:34","date_gmt":"2022-08-22T11:02:34","guid":{"rendered":"https:\/\/www.accuratereviews.com\/?page_id=60769"},"modified":"2023-04-14T07:39:27","modified_gmt":"2023-04-14T07:39:27","slug":"justlikeapi-recensione","status":"publish","type":"page","link":"https:\/\/www.accuratereviews.com\/it\/software-gestione-recensioni\/justlikeapi-recensione\/","title":{"rendered":"justLikeAPI"},"content":{"rendered":"<p><strong>JustLikeAPI<\/strong> \u00e8 un <strong>servizio unico per lo scraping di recensioni<\/strong> e altri dati relativi alle recensioni da alcuni dei siti web pi\u00f9 complicati. I suoi utenti possono risparmiare un sacco di tempo e denaro non dovendo gestire dozzine di siti web di recensioni diversi. \u00c8 uno strumento leggero e facile da usare per i professionisti della gestione della reputazione e gli analisti di dati da utilizzare come metodo per aggregare grandi quantit\u00e0 di dati relativi alle recensioni per persone e organizzazioni.<br \/>\nAttualmente supporta siti Web come TrustPilot, OpenTable, Realself, The Knot, The Real Yellow Pages, Glassdoor, TripAdvisor, Zomato, Google, WeddingWire, Zillow, HomeAdvisor, Vitals, ProductReview, Facebook, Indeed, Yelp, Houzz e altri.<\/p>\n<h2>JUSTLIKEAPI &#8211; TUTORIAL<\/h2>\n<div id=\"fluid-wrapper-counter-1\" class=\"g1-fluid-wrapper \" style=\"width:686px;\">\n<div style=\"padding-bottom:56.268221574344%;\"><iframe loading=\"lazy\" title=\"justLikeAPI\" width=\"686\" height=\"386\" src=\"https:\/\/www.youtube.com\/embed\/4S-yCT0MukE?feature=oembed&amp;wmode=transparent&amp;autohide=1&amp;autoplay=0&amp;disablekb=0&amp;fs=1&amp;loop=0&amp;enablejsapi=1&amp;rel=0&amp;controls=2&amp;showinfo=0&amp;wmode=transparent&amp;autohide=2&amp;autoplay=0&amp;disablekb=0&amp;fs=1&amp;loop=0&amp;enablejsapi=1&amp;rel=0&amp;controls=2&amp;showinfo=1\" frameborder=\"0\" allow=\"accelerometer; autoplay; clipboard-write; encrypted-media; gyroscope; picture-in-picture; web-share\" allowfullscreen><\/iframe><\/div>\n<\/div>\n<h3>JUSTLIKEAPI &#8211; CARATTERISTICHE<\/h3>\n<ul>\n<li>Ottenere dati in modo simile a un&#8217;API da siti web<\/li>\n<li>Scraping dei dati da siti web\/piattaforme social che utilizzano forti difese anti-bot<\/li>\n<li>Oltre 40 piattaforme coperte, puoi richiedere integrazioni con altre<\/li>\n<li>Rilevamento automatico degli errori di scraping e adattamento continuo alle modifiche del sito web<\/li>\n<li>Capacit\u00e0 di lavorare su siti web che richiedono il login: Facebook, LinkedIn, ecc&#8230;<\/li>\n<li>Il programma si adatta a ogni dimensione dell&#8217;azienda<\/li>\n<li>120 professionisti dello scraping che gestiscono attivit\u00e0 di filtraggio dai siti web pi\u00f9 complessi del mondo<\/li>\n<li>L&#8217;analisi delle recensioni con punteggi bassi pu\u00f2 aiutare a individuare i miglioramenti del prodotto<\/li>\n<\/ul>\n<h4>LE RECENSIONI DEGLI UTENTI<\/h4>\n<p class=\"fw-bold mb-2\"><strong>Siddhartha &#8220;Ottima esperienza e di grande valore&#8221;<\/strong><\/p>\n<p><span class=\"fw-bold\"><strong>Commenti<\/strong>: <\/span>Il servizio clienti \u00e8 extra ordinario. Non un singolo problema viene lasciato incustodito. Il team \u00e8 anche estremamente utile per le persone che cercano di portare un prodotto sul mercato condividendo le proprie conoscenze ed esperienze.<\/p>\n<p class=\"fw-bold mb-2\"><strong>Pro<\/strong>:\u00a0La facilit\u00e0 di utilizzo dell&#8217;API per ottenere informazioni di alta qualit\u00e0 \u00e8 la parte migliore. La gamma di fonti coperte e anche la capacit\u00e0 di fare richieste personalizzate. Tuttavia, la parte migliore \u00e8 se il servizio clienti guida l&#8217;utente lungo il percorso per rendere il proprio prodotto di successo.<\/p>\n<p class=\"fw-bold mb-2\"><strong>Contro<\/strong>:\u00a0Le prestazioni sono buone ma possono essere ulteriormente migliorate. Il team ha gi\u00e0 apportato miglioramenti incrementali alle prestazioni mentre stavamo lavorando.<\/p>\n<p><strong>JohonD. &#8220;esperienza justLikeAPI&#8221;<br \/>\n<\/strong><span class=\"fw-bold\"><strong>Commenti<\/strong>: <\/span>L&#8217;esperienza complessiva \u00e8 stata buona, ho recuperato alcune recensioni da piattaforme diverse.<br \/>\n<strong>Pro<\/strong>:\u00a01. Facile da usare e da registrare 2. Forniscono API di riposo per ottenere recensioni da molte piattaforme 3. Ho usato google e zomato review 4. Periodo di prova di 15 giorni da utilizzare e testare<br \/>\n<strong>Contro<\/strong>:\u00a01. Dovrebbero aggiungere una guida adeguata, come blog e video per gli utenti per la prima volta 2. Aggiungi alcuni campioni di richiesta.<\/p>\n","protected":false},"excerpt":{"rendered":"<p>JustLikeAPI \u00e8 un servizio unico per lo scraping di recensioni e altri dati relativi alle recensioni da alcuni dei siti web pi\u00f9 complicati. I suoi utenti possono risparmiare un sacco di tempo e denaro non dovendo gestire dozzine di siti web di recensioni diversi. \u00c8 uno strumento leggero e facile da usare per i professionisti della gestione della reputazione e gli analisti di dati da utilizzare come metodo per aggregare grandi quantit\u00e0 di dati relativi alle recensioni per persone e organizzazioni.<\/p>\n","protected":false},"author":16,"featured_media":60771,"parent":60645,"menu_order":0,"comment_status":"open","ping_status":"closed","template":"g1_template_page_review_new.php","meta":{"_acf_changed":false,"cwp_meta_box_check":"No","cwp_rev_product_name":"","cwp_rev_product_image":"","wppr_links":[],"cwp_rev_price":"","wppr_options":[],"wppr_pros":[],"wppr_cons":[],"_monsterinsights_skip_tracking":false,"_monsterinsights_sitenote_active":false,"_monsterinsights_sitenote_note":"","_monsterinsights_sitenote_category":0,"footnotes":""},"categories":[13158],"tags":[13205,13210,13209,13194,13206,13207],"features":[],"class_list":{"0":"post-60769","1":"page","2":"type-page","3":"status-publish","4":"has-post-thumbnail","6":"category-software-per-la-gestione-delle-recensioni","7":"tag-justlikeapi","8":"tag-piattaforma-gestione-recensione","9":"tag-programma-gestione-recensioni","10":"tag-recensione","11":"tag-software-gestione-recensioni","12":"tag-soluzione-gestione-recensioni"},"wppr_data":{"cwp_meta_box_check":"No"},"acf":[],"yoast_head":"<!-- This site is optimized with the Yoast SEO plugin v27.4 - https:\/\/yoast.com\/product\/yoast-seo-wordpress\/ -->\n<title>JustLikeAPI: recensione software gestione recensioni - Accurate Reviews<\/title>\n<meta name=\"description\" content=\"JustLikeAPI: recensione servizio per lo scraping di recensioni e altri dati relativi alle recensioni da alcuni dei siti web pi\u00f9 complicati.\" \/>\n<meta name=\"robots\" content=\"index, follow, max-snippet:-1, max-image-preview:large, max-video-preview:-1\" \/>\n<link rel=\"canonical\" href=\"https:\/\/www.accuratereviews.com\/it\/software-gestione-recensioni\/justlikeapi-recensione\/\" \/>\n<meta property=\"og:locale\" content=\"it_IT\" \/>\n<meta property=\"og:type\" content=\"article\" \/>\n<meta property=\"og:title\" content=\"JustLikeAPI: recensione software gestione recensioni - Accurate Reviews\" \/>\n<meta property=\"og:description\" content=\"JustLikeAPI: recensione servizio per lo scraping di recensioni e altri dati relativi alle recensioni da alcuni dei siti web pi\u00f9 complicati.\" \/>\n<meta property=\"og:url\" content=\"https:\/\/www.accuratereviews.com\/it\/software-gestione-recensioni\/justlikeapi-recensione\/\" \/>\n<meta property=\"og:site_name\" content=\"Accurate Reviews\" \/>\n<meta property=\"article:modified_time\" content=\"2023-04-14T07:39:27+00:00\" \/>\n<meta property=\"og:image\" content=\"https:\/\/www.accuratereviews.com\/wp-content\/uploads\/2022\/08\/justLikeAPI.webp\" \/>\n\t<meta property=\"og:image:width\" content=\"300\" \/>\n\t<meta property=\"og:image:height\" content=\"300\" \/>\n\t<meta property=\"og:image:type\" content=\"image\/webp\" \/>\n<meta name=\"twitter:card\" content=\"summary_large_image\" \/>\n<meta name=\"twitter:label1\" content=\"Tempo di lettura stimato\" \/>\n\t<meta name=\"twitter:data1\" content=\"3 minuti\" \/>\n<script type=\"application\/ld+json\" class=\"yoast-schema-graph\">{\"@context\":\"https:\\\/\\\/schema.org\",\"@graph\":[{\"@type\":\"WebPage\",\"@id\":\"https:\\\/\\\/www.accuratereviews.com\\\/it\\\/software-gestione-recensioni\\\/justlikeapi-recensione\\\/\",\"url\":\"https:\\\/\\\/www.accuratereviews.com\\\/it\\\/software-gestione-recensioni\\\/justlikeapi-recensione\\\/\",\"name\":\"JustLikeAPI: recensione software gestione recensioni - Accurate Reviews\",\"isPartOf\":{\"@id\":\"https:\\\/\\\/www.accuratereviews.com\\\/it\\\/#website\"},\"primaryImageOfPage\":{\"@id\":\"https:\\\/\\\/www.accuratereviews.com\\\/it\\\/software-gestione-recensioni\\\/justlikeapi-recensione\\\/#primaryimage\"},\"image\":{\"@id\":\"https:\\\/\\\/www.accuratereviews.com\\\/it\\\/software-gestione-recensioni\\\/justlikeapi-recensione\\\/#primaryimage\"},\"thumbnailUrl\":\"https:\\\/\\\/www.accuratereviews.com\\\/wp-content\\\/uploads\\\/2022\\\/08\\\/justLikeAPI.webp\",\"datePublished\":\"2022-08-22T11:02:34+00:00\",\"dateModified\":\"2023-04-14T07:39:27+00:00\",\"description\":\"JustLikeAPI: recensione servizio per lo scraping di recensioni e altri dati relativi alle recensioni da alcuni dei siti web pi\u00f9 complicati.\",\"breadcrumb\":{\"@id\":\"https:\\\/\\\/www.accuratereviews.com\\\/it\\\/software-gestione-recensioni\\\/justlikeapi-recensione\\\/#breadcrumb\"},\"inLanguage\":\"it-IT\",\"potentialAction\":[{\"@type\":\"ReadAction\",\"target\":[\"https:\\\/\\\/www.accuratereviews.com\\\/it\\\/software-gestione-recensioni\\\/justlikeapi-recensione\\\/\"]}]},{\"@type\":\"ImageObject\",\"inLanguage\":\"it-IT\",\"@id\":\"https:\\\/\\\/www.accuratereviews.com\\\/it\\\/software-gestione-recensioni\\\/justlikeapi-recensione\\\/#primaryimage\",\"url\":\"https:\\\/\\\/www.accuratereviews.com\\\/wp-content\\\/uploads\\\/2022\\\/08\\\/justLikeAPI.webp\",\"contentUrl\":\"https:\\\/\\\/www.accuratereviews.com\\\/wp-content\\\/uploads\\\/2022\\\/08\\\/justLikeAPI.webp\",\"width\":300,\"height\":300},{\"@type\":\"BreadcrumbList\",\"@id\":\"https:\\\/\\\/www.accuratereviews.com\\\/it\\\/software-gestione-recensioni\\\/justlikeapi-recensione\\\/#breadcrumb\",\"itemListElement\":[{\"@type\":\"ListItem\",\"position\":1,\"name\":\"Home\",\"item\":\"https:\\\/\\\/www.accuratereviews.com\\\/it\\\/\"},{\"@type\":\"ListItem\",\"position\":2,\"name\":\"Software per la gestione delle recensioni\",\"item\":\"https:\\\/\\\/www.accuratereviews.com\\\/it\\\/software-gestione-recensioni\\\/\"},{\"@type\":\"ListItem\",\"position\":3,\"name\":\"justLikeAPI\"}]},{\"@type\":\"WebSite\",\"@id\":\"https:\\\/\\\/www.accuratereviews.com\\\/it\\\/#website\",\"url\":\"https:\\\/\\\/www.accuratereviews.com\\\/it\\\/\",\"name\":\"Accurate Reviews\",\"description\":\"\",\"potentialAction\":[{\"@type\":\"SearchAction\",\"target\":{\"@type\":\"EntryPoint\",\"urlTemplate\":\"https:\\\/\\\/www.accuratereviews.com\\\/it\\\/?s={search_term_string}\"},\"query-input\":{\"@type\":\"PropertyValueSpecification\",\"valueRequired\":true,\"valueName\":\"search_term_string\"}}],\"inLanguage\":\"it-IT\"}]}<\/script>\n<!-- \/ Yoast SEO plugin. -->","yoast_head_json":{"title":"JustLikeAPI: recensione software gestione recensioni - Accurate Reviews","description":"JustLikeAPI: recensione servizio per lo scraping di recensioni e altri dati relativi alle recensioni da alcuni dei siti web pi\u00f9 complicati.","robots":{"index":"index","follow":"follow","max-snippet":"max-snippet:-1","max-image-preview":"max-image-preview:large","max-video-preview":"max-video-preview:-1"},"canonical":"https:\/\/www.accuratereviews.com\/it\/software-gestione-recensioni\/justlikeapi-recensione\/","og_locale":"it_IT","og_type":"article","og_title":"JustLikeAPI: recensione software gestione recensioni - Accurate Reviews","og_description":"JustLikeAPI: recensione servizio per lo scraping di recensioni e altri dati relativi alle recensioni da alcuni dei siti web pi\u00f9 complicati.","og_url":"https:\/\/www.accuratereviews.com\/it\/software-gestione-recensioni\/justlikeapi-recensione\/","og_site_name":"Accurate Reviews","article_modified_time":"2023-04-14T07:39:27+00:00","og_image":[{"width":300,"height":300,"url":"https:\/\/www.accuratereviews.com\/wp-content\/uploads\/2022\/08\/justLikeAPI.webp","type":"image\/webp"}],"twitter_card":"summary_large_image","twitter_misc":{"Tempo di lettura stimato":"3 minuti"},"schema":{"@context":"https:\/\/schema.org","@graph":[{"@type":"WebPage","@id":"https:\/\/www.accuratereviews.com\/it\/software-gestione-recensioni\/justlikeapi-recensione\/","url":"https:\/\/www.accuratereviews.com\/it\/software-gestione-recensioni\/justlikeapi-recensione\/","name":"JustLikeAPI: recensione software gestione recensioni - Accurate Reviews","isPartOf":{"@id":"https:\/\/www.accuratereviews.com\/it\/#website"},"primaryImageOfPage":{"@id":"https:\/\/www.accuratereviews.com\/it\/software-gestione-recensioni\/justlikeapi-recensione\/#primaryimage"},"image":{"@id":"https:\/\/www.accuratereviews.com\/it\/software-gestione-recensioni\/justlikeapi-recensione\/#primaryimage"},"thumbnailUrl":"https:\/\/www.accuratereviews.com\/wp-content\/uploads\/2022\/08\/justLikeAPI.webp","datePublished":"2022-08-22T11:02:34+00:00","dateModified":"2023-04-14T07:39:27+00:00","description":"JustLikeAPI: recensione servizio per lo scraping di recensioni e altri dati relativi alle recensioni da alcuni dei siti web pi\u00f9 complicati.","breadcrumb":{"@id":"https:\/\/www.accuratereviews.com\/it\/software-gestione-recensioni\/justlikeapi-recensione\/#breadcrumb"},"inLanguage":"it-IT","potentialAction":[{"@type":"ReadAction","target":["https:\/\/www.accuratereviews.com\/it\/software-gestione-recensioni\/justlikeapi-recensione\/"]}]},{"@type":"ImageObject","inLanguage":"it-IT","@id":"https:\/\/www.accuratereviews.com\/it\/software-gestione-recensioni\/justlikeapi-recensione\/#primaryimage","url":"https:\/\/www.accuratereviews.com\/wp-content\/uploads\/2022\/08\/justLikeAPI.webp","contentUrl":"https:\/\/www.accuratereviews.com\/wp-content\/uploads\/2022\/08\/justLikeAPI.webp","width":300,"height":300},{"@type":"BreadcrumbList","@id":"https:\/\/www.accuratereviews.com\/it\/software-gestione-recensioni\/justlikeapi-recensione\/#breadcrumb","itemListElement":[{"@type":"ListItem","position":1,"name":"Home","item":"https:\/\/www.accuratereviews.com\/it\/"},{"@type":"ListItem","position":2,"name":"Software per la gestione delle recensioni","item":"https:\/\/www.accuratereviews.com\/it\/software-gestione-recensioni\/"},{"@type":"ListItem","position":3,"name":"justLikeAPI"}]},{"@type":"WebSite","@id":"https:\/\/www.accuratereviews.com\/it\/#website","url":"https:\/\/www.accuratereviews.com\/it\/","name":"Accurate Reviews","description":"","potentialAction":[{"@type":"SearchAction","target":{"@type":"EntryPoint","urlTemplate":"https:\/\/www.accuratereviews.com\/it\/?s={search_term_string}"},"query-input":{"@type":"PropertyValueSpecification","valueRequired":true,"valueName":"search_term_string"}}],"inLanguage":"it-IT"}]}},"_links":{"self":[{"href":"https:\/\/www.accuratereviews.com\/it\/wp-json\/wp\/v2\/pages\/60769","targetHints":{"allow":["GET"]}}],"collection":[{"href":"https:\/\/www.accuratereviews.com\/it\/wp-json\/wp\/v2\/pages"}],"about":[{"href":"https:\/\/www.accuratereviews.com\/it\/wp-json\/wp\/v2\/types\/page"}],"author":[{"embeddable":true,"href":"https:\/\/www.accuratereviews.com\/it\/wp-json\/wp\/v2\/users\/16"}],"replies":[{"embeddable":true,"href":"https:\/\/www.accuratereviews.com\/it\/wp-json\/wp\/v2\/comments?post=60769"}],"version-history":[{"count":8,"href":"https:\/\/www.accuratereviews.com\/it\/wp-json\/wp\/v2\/pages\/60769\/revisions"}],"predecessor-version":[{"id":68825,"href":"https:\/\/www.accuratereviews.com\/it\/wp-json\/wp\/v2\/pages\/60769\/revisions\/68825"}],"up":[{"embeddable":true,"href":"https:\/\/www.accuratereviews.com\/it\/wp-json\/wp\/v2\/pages\/60645"}],"wp:featuredmedia":[{"embeddable":true,"href":"https:\/\/www.accuratereviews.com\/it\/wp-json\/wp\/v2\/media\/60771"}],"wp:attachment":[{"href":"https:\/\/www.accuratereviews.com\/it\/wp-json\/wp\/v2\/media?parent=60769"}],"wp:term":[{"taxonomy":"category","embeddable":true,"href":"https:\/\/www.accuratereviews.com\/it\/wp-json\/wp\/v2\/categories?post=60769"},{"taxonomy":"post_tag","embeddable":true,"href":"https:\/\/www.accuratereviews.com\/it\/wp-json\/wp\/v2\/tags?post=60769"},{"taxonomy":"features","embeddable":true,"href":"https:\/\/www.accuratereviews.com\/it\/wp-json\/wp\/v2\/features?post=60769"}],"curies":[{"name":"wp","href":"https:\/\/api.w.org\/{rel}","templated":true}]}}