{"id":60866,"date":"2022-08-24T12:01:19","date_gmt":"2022-08-24T12:01:19","guid":{"rendered":"https:\/\/www.accuratereviews.com\/?page_id=60866"},"modified":"2024-01-29T21:41:33","modified_gmt":"2024-01-29T21:41:33","slug":"soci-recensione","status":"publish","type":"page","link":"https:\/\/www.accuratereviews.com\/it\/software-gestione-recensioni\/soci-recensione\/","title":{"rendered":"SOCi"},"content":{"rendered":"<p><strong>SOCi<\/strong> \u00e8 una <strong>soluzione di marketing<\/strong> basata su <strong>cloud<\/strong> che consente alle aziende di semplificare i processi relativi alla pubblicit\u00e0 delle campagne, alla reputazione online, alla gestione dei contenuti, al coinvolgimento dei clienti e altro ancora. I professionisti possono utilizzare la piattaforma per archiviare i contenuti dei social media inclusi video, immagini o messaggi in un repository centralizzato, creare post e configurare flussi di lavoro per migliorare la collaborazione del team. Il software\u00a0consente alle organizzazioni di mantenere elenchi di marchi, creare un&#8217;unica fonte di verit\u00e0 (SSOT) attraverso varie integrazioni di API (Application Programming Interface) e gestire campagne pubblicitarie localizzate in pi\u00f9 sedi. Gli esperti di marketing possono utilizzare il chatbot abilitato all&#8217;apprendimento automatico e all&#8217;elaborazione del linguaggio naturale (NLP) per interagire con i visitatori del sito web. Inoltre, consente agli amministratori di ottenere visibilit\u00e0 sulle metriche delle prestazioni tramite report analitici.<\/p>\n<h2><a href=\"https:\/\/www.accuratereviews.com\/wp-content\/uploads\/2022\/08\/Schermata-2022-08-24-alle-09.43.27.png\"><img loading=\"lazy\" decoding=\"async\" class=\"aligncenter wp-image-60885 size-large\" src=\"https:\/\/www.accuratereviews.com\/wp-content\/uploads\/2022\/08\/Schermata-2022-08-24-alle-09.43.27-1024x686.png\" alt=\"\" width=\"686\" height=\"460\" srcset=\"https:\/\/www.accuratereviews.com\/wp-content\/uploads\/2022\/08\/Schermata-2022-08-24-alle-09.43.27-1024x686.png 1024w, https:\/\/www.accuratereviews.com\/wp-content\/uploads\/2022\/08\/Schermata-2022-08-24-alle-09.43.27-300x201.png 300w, https:\/\/www.accuratereviews.com\/wp-content\/uploads\/2022\/08\/Schermata-2022-08-24-alle-09.43.27-768x515.png 768w, https:\/\/www.accuratereviews.com\/wp-content\/uploads\/2022\/08\/Schermata-2022-08-24-alle-09.43.27-187x125.png 187w, https:\/\/www.accuratereviews.com\/wp-content\/uploads\/2022\/08\/Schermata-2022-08-24-alle-09.43.27-50x34.png 50w, https:\/\/www.accuratereviews.com\/wp-content\/uploads\/2022\/08\/Schermata-2022-08-24-alle-09.43.27-968x649.png 968w, https:\/\/www.accuratereviews.com\/wp-content\/uploads\/2022\/08\/Schermata-2022-08-24-alle-09.43.27-636x426.png 636w, https:\/\/www.accuratereviews.com\/wp-content\/uploads\/2022\/08\/Schermata-2022-08-24-alle-09.43.27-320x214.png 320w, https:\/\/www.accuratereviews.com\/wp-content\/uploads\/2022\/08\/Schermata-2022-08-24-alle-09.43.27-239x160.png 239w, https:\/\/www.accuratereviews.com\/wp-content\/uploads\/2022\/08\/Schermata-2022-08-24-alle-09.43.27.png 1146w\" sizes=\"auto, (max-width: 686px) 100vw, 686px\" \/><\/a><\/h2>\n<h2>SOCI &#8211; CARATTERISTICHE<\/h2>\n<ul>\n<li><strong>Social<\/strong>: consentire ai team aziendali e locali di fornire risposte on-brand agli impegni social e pubblicare contenuti social con le migliori prestazioni con flussi di lavoro semplificati in pi\u00f9 sedi<\/li>\n<li><strong>Elenchi<\/strong>: porta la visibilit\u00e0 della tua ricerca locale a nuovi livelli garantendo informazioni accurate e coerenti su centinaia o migliaia di schede di attivit\u00e0 commerciali<\/li>\n<li><strong>Pagine locali e localizzatore<\/strong>: offri un percorso del consumatore brandizzato e localizzato, dalla consapevolezza alla conversione, attraverso migliaia di pagine ottimizzate per la ricerca<\/li>\n<li><strong>Recensioni<\/strong>: coordina le risposte coerenti con il marchio alle recensioni, monitora il sentimento delle recensioni e monitora le informazioni sulla reputazione competitiva per trasformare la tua reputazione, ovunque<\/li>\n<li><strong>Annunci<\/strong>: consentire ai marketer multi-sede di gestire efficacemente campagne pubblicitarie social localizzate e post potenziati in centinaia o migliaia di sedi<\/li>\n<li><strong>Chatbot:<\/strong> promuovi l&#8217;assistenza clienti 24 ore su 24, 7 giorni su 7 e la potente generazione di lead distribuendo chatbot localizzati su centinaia o migliaia di account Facebook Messenger locali e annunci di Messenger<\/li>\n<li><strong>Ascolta<\/strong>: scopri cosa dicono le persone sul tuo marchio e sulla concorrenza e attiva il coinvolgimento locale in tutte le sedi aziendali con capacit\u00e0 di ascolto avanzate, analisi del sentimento e contenuti generati dagli utenti.<\/li>\n<\/ul>\n<h3>LE RECENSIONI DEGLI UTENTI<\/h3>\n<p class=\"fw-bold mb-2\"><strong>Veronica &#8220;Cosa facevo prima di SOCI??&#8221;<br \/>\n<\/strong><strong>Pro<\/strong>: La gamma di abilit\u00e0 \u00e8 impareggiabile. Sono stato in grado di abbandonare altri 3 fornitori di servizi e risparmiare il 25% sulle spese mensili passando a SOCI.<br \/>\n<strong>Contro<\/strong>:\u00a0Rispetto ad altri software, SOCI \u00e8 ancora pi\u00f9 recente, quindi aspettare che alcune funzionalit\u00e0 diventassero disponibili era un problema precedente, ma non pi\u00f9. Questo software \u00e8 completamente maturato.<\/p>\n<p class=\"fw-bold mb-2\"><strong>Mary Ann &#8220;AMO Soci&#8221;<br \/>\n<\/strong><span class=\"fw-bold\"><strong>Commenti<\/strong>: <\/span>Il loro servizio clienti \u00e8 spettacolare. Adoro lavorare con loro! Mettere online tutti i nostri team \u00e8 stato un gioco da ragazzi.<br \/>\n<strong>Pro<\/strong>: Posso dare ai miei gestori di propriet\u00e0 un accesso per accedere a tutte le loro piattaforme di social media in cui possono creare contenuti personalizzati da pubblicare. La parte migliore \u00e8 che posso rivedere e approvare il loro contenuto prima che venga pubblicato online.<br \/>\n<strong>Contro<\/strong>:\u00a0Rispondere a messaggi e commenti privati \u00e8 un po&#8217; confuso. Ogni messaggio avanti e indietro \u00e8 elencato come una propria &#8220;attivit\u00e0&#8221;, quindi se qualcuno invia due frasi separatamente in FB messenger, abbiamo due attivit\u00e0 circa la stessa cosa che dobbiamo inserire e chiudere.<\/p>\n<p class=\"fw-bold mb-2\"><strong>Michaela &#8220;SOCi&#8221;<br \/>\n<\/strong><span class=\"fw-bold\"><strong>Commenti<\/strong>: <\/span>Ho avuto problemi solo con l&#8217;app mobile Soci Go; (oltre ai piccoli problemi sull&#8217;app) mi \u00e8 piaciuto molto usare il programma. A volte sembra un po&#8217; complicato con la conversazione, la reputazione e le caratteristiche creative. Mi piace che l&#8217;app sia sempre accessibile anche se ho alcuni problemi minori. Nel complesso, mi piace Soci.<br \/>\n<strong>Pro<\/strong>: Mi piace la funzione di pianificazione. Mi piace in particolare la possibilit\u00e0 di programmare tutti i social network contemporaneamente.<br \/>\n<strong>Contro<\/strong>:\u00a0L&#8217;app mobile Soci Go \u00e8 un po&#8217; troppo difficile da usare tutti i giorni. \u00c8 impostato proprio come il sito Web, quindi la navigazione \u00e8 facile ma sembra che ci siano molti problemi. Inoltre, non mi piace quando \u00e8 programmato un post, per regolare l&#8217;ora devi regolare l&#8217;ora per tutti i social media individualmente o insieme.<\/p>\n","protected":false},"excerpt":{"rendered":"<p>SOCi \u00e8 una soluzione di marketing basata su cloud che consente alle aziende di semplificare i processi relativi alla pubblicit\u00e0 delle campagne, alla reputazione online, alla gestione dei contenuti, al coinvolgimento dei clienti e altro ancora. I professionisti possono utilizzare la piattaforma per archiviare i contenuti dei social media inclusi video, immagini o messaggi in un repository centralizzato, creare post e configurare flussi di lavoro per migliorare la collaborazione del team.<\/p>\n","protected":false},"author":16,"featured_media":60867,"parent":60645,"menu_order":0,"comment_status":"open","ping_status":"closed","template":"g1_template_page_review_new.php","meta":{"_acf_changed":false,"cwp_meta_box_check":"No","cwp_rev_product_name":"","cwp_rev_product_image":"","wppr_links":[],"cwp_rev_price":"","wppr_options":[],"wppr_pros":[],"wppr_cons":[],"_monsterinsights_skip_tracking":false,"_monsterinsights_sitenote_active":false,"_monsterinsights_sitenote_note":"","_monsterinsights_sitenote_category":0,"footnotes":""},"categories":[13158],"tags":[13190,13189,13183,13225,13185,13184],"features":[],"class_list":{"0":"post-60866","1":"page","2":"type-page","3":"status-publish","4":"has-post-thumbnail","6":"category-software-per-la-gestione-delle-recensioni","7":"tag-piattaforma-per-gestire-recensioni","8":"tag-programma-per-gestire-recensioni","9":"tag-recensioni","10":"tag-soci","11":"tag-software-per-gestire-recensioni","12":"tag-soluzione-per-gestire-recensioni"},"wppr_data":{"cwp_meta_box_check":"No"},"acf":[],"yoast_head":"<!-- This site is optimized with the Yoast SEO plugin v27.4 - https:\/\/yoast.com\/product\/yoast-seo-wordpress\/ -->\n<title>SOCi: recensione software per gestire recensioni - Accurate Reviews<\/title>\n<meta name=\"description\" content=\"SOCi: recensione soluzione di marketing basata su cloud che consente di semplificare i processi delle recensioni online.\" \/>\n<meta name=\"robots\" content=\"index, follow, max-snippet:-1, max-image-preview:large, max-video-preview:-1\" \/>\n<link rel=\"canonical\" href=\"https:\/\/www.accuratereviews.com\/it\/software-gestione-recensioni\/soci-recensione\/\" \/>\n<meta property=\"og:locale\" content=\"it_IT\" \/>\n<meta property=\"og:type\" content=\"article\" \/>\n<meta property=\"og:title\" content=\"SOCi: recensione software per gestire recensioni - Accurate Reviews\" \/>\n<meta property=\"og:description\" content=\"SOCi: recensione soluzione di marketing basata su cloud che consente di semplificare i processi delle recensioni online.\" \/>\n<meta property=\"og:url\" content=\"https:\/\/www.accuratereviews.com\/it\/software-gestione-recensioni\/soci-recensione\/\" \/>\n<meta property=\"og:site_name\" content=\"Accurate Reviews\" \/>\n<meta property=\"article:modified_time\" content=\"2024-01-29T21:41:33+00:00\" \/>\n<meta property=\"og:image\" content=\"https:\/\/www.accuratereviews.com\/wp-content\/uploads\/2022\/08\/SOCi.png\" \/>\n\t<meta property=\"og:image:width\" content=\"279\" \/>\n\t<meta property=\"og:image:height\" content=\"279\" \/>\n\t<meta property=\"og:image:type\" content=\"image\/png\" \/>\n<meta name=\"twitter:card\" content=\"summary_large_image\" \/>\n<meta name=\"twitter:label1\" content=\"Tempo di lettura stimato\" \/>\n\t<meta name=\"twitter:data1\" content=\"4 minuti\" \/>\n<script type=\"application\/ld+json\" class=\"yoast-schema-graph\">{\"@context\":\"https:\\\/\\\/schema.org\",\"@graph\":[{\"@type\":\"WebPage\",\"@id\":\"https:\\\/\\\/www.accuratereviews.com\\\/it\\\/software-gestione-recensioni\\\/soci-recensione\\\/\",\"url\":\"https:\\\/\\\/www.accuratereviews.com\\\/it\\\/software-gestione-recensioni\\\/soci-recensione\\\/\",\"name\":\"SOCi: recensione software per gestire recensioni - Accurate Reviews\",\"isPartOf\":{\"@id\":\"https:\\\/\\\/www.accuratereviews.com\\\/it\\\/#website\"},\"primaryImageOfPage\":{\"@id\":\"https:\\\/\\\/www.accuratereviews.com\\\/it\\\/software-gestione-recensioni\\\/soci-recensione\\\/#primaryimage\"},\"image\":{\"@id\":\"https:\\\/\\\/www.accuratereviews.com\\\/it\\\/software-gestione-recensioni\\\/soci-recensione\\\/#primaryimage\"},\"thumbnailUrl\":\"https:\\\/\\\/www.accuratereviews.com\\\/wp-content\\\/uploads\\\/2022\\\/08\\\/SOCi.png\",\"datePublished\":\"2022-08-24T12:01:19+00:00\",\"dateModified\":\"2024-01-29T21:41:33+00:00\",\"description\":\"SOCi: recensione soluzione di marketing basata su cloud che consente di semplificare i processi delle recensioni online.\",\"breadcrumb\":{\"@id\":\"https:\\\/\\\/www.accuratereviews.com\\\/it\\\/software-gestione-recensioni\\\/soci-recensione\\\/#breadcrumb\"},\"inLanguage\":\"it-IT\",\"potentialAction\":[{\"@type\":\"ReadAction\",\"target\":[\"https:\\\/\\\/www.accuratereviews.com\\\/it\\\/software-gestione-recensioni\\\/soci-recensione\\\/\"]}]},{\"@type\":\"ImageObject\",\"inLanguage\":\"it-IT\",\"@id\":\"https:\\\/\\\/www.accuratereviews.com\\\/it\\\/software-gestione-recensioni\\\/soci-recensione\\\/#primaryimage\",\"url\":\"https:\\\/\\\/www.accuratereviews.com\\\/wp-content\\\/uploads\\\/2022\\\/08\\\/SOCi.png\",\"contentUrl\":\"https:\\\/\\\/www.accuratereviews.com\\\/wp-content\\\/uploads\\\/2022\\\/08\\\/SOCi.png\",\"width\":279,\"height\":279},{\"@type\":\"BreadcrumbList\",\"@id\":\"https:\\\/\\\/www.accuratereviews.com\\\/it\\\/software-gestione-recensioni\\\/soci-recensione\\\/#breadcrumb\",\"itemListElement\":[{\"@type\":\"ListItem\",\"position\":1,\"name\":\"Home\",\"item\":\"https:\\\/\\\/www.accuratereviews.com\\\/it\\\/\"},{\"@type\":\"ListItem\",\"position\":2,\"name\":\"Software per la gestione delle recensioni\",\"item\":\"https:\\\/\\\/www.accuratereviews.com\\\/it\\\/software-gestione-recensioni\\\/\"},{\"@type\":\"ListItem\",\"position\":3,\"name\":\"SOCi\"}]},{\"@type\":\"WebSite\",\"@id\":\"https:\\\/\\\/www.accuratereviews.com\\\/it\\\/#website\",\"url\":\"https:\\\/\\\/www.accuratereviews.com\\\/it\\\/\",\"name\":\"Accurate Reviews\",\"description\":\"\",\"potentialAction\":[{\"@type\":\"SearchAction\",\"target\":{\"@type\":\"EntryPoint\",\"urlTemplate\":\"https:\\\/\\\/www.accuratereviews.com\\\/it\\\/?s={search_term_string}\"},\"query-input\":{\"@type\":\"PropertyValueSpecification\",\"valueRequired\":true,\"valueName\":\"search_term_string\"}}],\"inLanguage\":\"it-IT\"}]}<\/script>\n<!-- \/ Yoast SEO plugin. -->","yoast_head_json":{"title":"SOCi: recensione software per gestire recensioni - Accurate Reviews","description":"SOCi: recensione soluzione di marketing basata su cloud che consente di semplificare i processi delle recensioni online.","robots":{"index":"index","follow":"follow","max-snippet":"max-snippet:-1","max-image-preview":"max-image-preview:large","max-video-preview":"max-video-preview:-1"},"canonical":"https:\/\/www.accuratereviews.com\/it\/software-gestione-recensioni\/soci-recensione\/","og_locale":"it_IT","og_type":"article","og_title":"SOCi: recensione software per gestire recensioni - Accurate Reviews","og_description":"SOCi: recensione soluzione di marketing basata su cloud che consente di semplificare i processi delle recensioni online.","og_url":"https:\/\/www.accuratereviews.com\/it\/software-gestione-recensioni\/soci-recensione\/","og_site_name":"Accurate Reviews","article_modified_time":"2024-01-29T21:41:33+00:00","og_image":[{"width":279,"height":279,"url":"https:\/\/www.accuratereviews.com\/wp-content\/uploads\/2022\/08\/SOCi.png","type":"image\/png"}],"twitter_card":"summary_large_image","twitter_misc":{"Tempo di lettura stimato":"4 minuti"},"schema":{"@context":"https:\/\/schema.org","@graph":[{"@type":"WebPage","@id":"https:\/\/www.accuratereviews.com\/it\/software-gestione-recensioni\/soci-recensione\/","url":"https:\/\/www.accuratereviews.com\/it\/software-gestione-recensioni\/soci-recensione\/","name":"SOCi: recensione software per gestire recensioni - Accurate Reviews","isPartOf":{"@id":"https:\/\/www.accuratereviews.com\/it\/#website"},"primaryImageOfPage":{"@id":"https:\/\/www.accuratereviews.com\/it\/software-gestione-recensioni\/soci-recensione\/#primaryimage"},"image":{"@id":"https:\/\/www.accuratereviews.com\/it\/software-gestione-recensioni\/soci-recensione\/#primaryimage"},"thumbnailUrl":"https:\/\/www.accuratereviews.com\/wp-content\/uploads\/2022\/08\/SOCi.png","datePublished":"2022-08-24T12:01:19+00:00","dateModified":"2024-01-29T21:41:33+00:00","description":"SOCi: recensione soluzione di marketing basata su cloud che consente di semplificare i processi delle recensioni online.","breadcrumb":{"@id":"https:\/\/www.accuratereviews.com\/it\/software-gestione-recensioni\/soci-recensione\/#breadcrumb"},"inLanguage":"it-IT","potentialAction":[{"@type":"ReadAction","target":["https:\/\/www.accuratereviews.com\/it\/software-gestione-recensioni\/soci-recensione\/"]}]},{"@type":"ImageObject","inLanguage":"it-IT","@id":"https:\/\/www.accuratereviews.com\/it\/software-gestione-recensioni\/soci-recensione\/#primaryimage","url":"https:\/\/www.accuratereviews.com\/wp-content\/uploads\/2022\/08\/SOCi.png","contentUrl":"https:\/\/www.accuratereviews.com\/wp-content\/uploads\/2022\/08\/SOCi.png","width":279,"height":279},{"@type":"BreadcrumbList","@id":"https:\/\/www.accuratereviews.com\/it\/software-gestione-recensioni\/soci-recensione\/#breadcrumb","itemListElement":[{"@type":"ListItem","position":1,"name":"Home","item":"https:\/\/www.accuratereviews.com\/it\/"},{"@type":"ListItem","position":2,"name":"Software per la gestione delle recensioni","item":"https:\/\/www.accuratereviews.com\/it\/software-gestione-recensioni\/"},{"@type":"ListItem","position":3,"name":"SOCi"}]},{"@type":"WebSite","@id":"https:\/\/www.accuratereviews.com\/it\/#website","url":"https:\/\/www.accuratereviews.com\/it\/","name":"Accurate Reviews","description":"","potentialAction":[{"@type":"SearchAction","target":{"@type":"EntryPoint","urlTemplate":"https:\/\/www.accuratereviews.com\/it\/?s={search_term_string}"},"query-input":{"@type":"PropertyValueSpecification","valueRequired":true,"valueName":"search_term_string"}}],"inLanguage":"it-IT"}]}},"_links":{"self":[{"href":"https:\/\/www.accuratereviews.com\/it\/wp-json\/wp\/v2\/pages\/60866","targetHints":{"allow":["GET"]}}],"collection":[{"href":"https:\/\/www.accuratereviews.com\/it\/wp-json\/wp\/v2\/pages"}],"about":[{"href":"https:\/\/www.accuratereviews.com\/it\/wp-json\/wp\/v2\/types\/page"}],"author":[{"embeddable":true,"href":"https:\/\/www.accuratereviews.com\/it\/wp-json\/wp\/v2\/users\/16"}],"replies":[{"embeddable":true,"href":"https:\/\/www.accuratereviews.com\/it\/wp-json\/wp\/v2\/comments?post=60866"}],"version-history":[{"count":10,"href":"https:\/\/www.accuratereviews.com\/it\/wp-json\/wp\/v2\/pages\/60866\/revisions"}],"predecessor-version":[{"id":74191,"href":"https:\/\/www.accuratereviews.com\/it\/wp-json\/wp\/v2\/pages\/60866\/revisions\/74191"}],"up":[{"embeddable":true,"href":"https:\/\/www.accuratereviews.com\/it\/wp-json\/wp\/v2\/pages\/60645"}],"wp:featuredmedia":[{"embeddable":true,"href":"https:\/\/www.accuratereviews.com\/it\/wp-json\/wp\/v2\/media\/60867"}],"wp:attachment":[{"href":"https:\/\/www.accuratereviews.com\/it\/wp-json\/wp\/v2\/media?parent=60866"}],"wp:term":[{"taxonomy":"category","embeddable":true,"href":"https:\/\/www.accuratereviews.com\/it\/wp-json\/wp\/v2\/categories?post=60866"},{"taxonomy":"post_tag","embeddable":true,"href":"https:\/\/www.accuratereviews.com\/it\/wp-json\/wp\/v2\/tags?post=60866"},{"taxonomy":"features","embeddable":true,"href":"https:\/\/www.accuratereviews.com\/it\/wp-json\/wp\/v2\/features?post=60866"}],"curies":[{"name":"wp","href":"https:\/\/api.w.org\/{rel}","templated":true}]}}