{"id":60879,"date":"2022-08-24T12:01:39","date_gmt":"2022-08-24T12:01:39","guid":{"rendered":"https:\/\/www.accuratereviews.com\/?page_id=60879"},"modified":"2024-01-29T21:38:44","modified_gmt":"2024-01-29T21:38:44","slug":"trulispot-recensione","status":"publish","type":"page","link":"https:\/\/www.accuratereviews.com\/it\/software-gestione-recensioni\/trulispot-recensione\/","title":{"rendered":"Trulispot"},"content":{"rendered":"<p><strong>Trulispot<\/strong> \u00e8 un<strong> software gestionale di recensioni<\/strong> che si rivolge ad aziende di tutte le dimensioni che vogliono rafforzare la propria presenza online creando rapporti di fiducia con i propri clienti. I feedback autentici dei clienti aiutano a migliorare l&#8217;esperienza utente, ad aumentare le conversioni e le vendite, e a creare un brand affidabile che conquisti la fiducia dei clienti attuali e che attiri quelli nuovi.<br \/>\nInoltre <strong>Trulispot<\/strong> pu\u00f2 essere integrato agli strumenti che usi ogni giorno come Wix, Shopify, Zapier, BigCommerce, WooCommerce, Square, Zendesk e altri ancora.<\/p>\n<h2>TRULISPOT &#8211; TUTORIAL<\/h2>\n<p><a href=\"https:\/\/support.trustpilot.com\/hc\/it\/articles\/360001003968-Dialoga-con-gli-autori-delle-recensioni?wvideo=tvpg80tyzc\"><img loading=\"lazy\" decoding=\"async\" class=\"aligncenter\" src=\"https:\/\/embed-ssl.wistia.com\/deliveries\/1a3a97cf234ed98eae8abc63dce7455e7d815008.jpg?image_play_button_size=2x&amp;image_crop_resized=960x540&amp;image_play_button=1&amp;image_play_button_color=2f6af6e0\" alt=\"\" width=\"400\" height=\"225\" \/><\/a><\/p>\n<h3>TRULISPOT &#8211;\u00a0CARATTERISTICHE<\/h3>\n<ul>\n<li><strong>Fai risplendere la tua reputazione<\/strong>: metti in mostra la fiducia che la gente ha verso il tuo brand con la Pagina del Profilo di Trustpilot. I profili su Trustpilot di solito compaiono tra i primi risultati nelle ricerche legate al tuo brand e, in quanto piattaforma di recensioni indipendente, la loro affidabilit\u00e0 salta agli occhi dei tuoi clienti futuri<\/li>\n<li><strong>Inviti alla recensione<\/strong>: le email automatizzate di invito alla recensione e le email di promemoria rendono semplice ai tuoi clienti lasciare i loro feedback e ti assicurano un flusso abbondante e costante di recensioni, facendo crescere il tuo business.<\/li>\n<li><strong>Widget TrustBox<\/strong>: aumenta le conversioni e le vendite, mostrando le recensioni di Trustpilot con i widget TrustBox. Semplicemente copiando e incollando del codice, puoi condividere le recensioni di Trustpilot sulle pagine del tuo sito, nella firma delle tue email, nelle newsletter e ovunque i tuoi clienti possano gettare lo sguardo<\/li>\n<li><strong>Guarda al tuo brand con gli occhi dei tuoi clienti<\/strong>: le statistiche di Trustpilot rendono semplice e veloce monitorare le tue prestazioni, ma ti consentono anche di approfondire in tempo reale le informazioni raccolte e capire lo stato di salute del tuo business<\/li>\n<li><strong>Valutazioni dei Venditori di Google<\/strong>: i feedback verificati ricevuti su Trustpilot concorrono all&#8217;ottenimento delle Valutazioni dei Venditori di Google e delle recensioni di Bing Merchant. Le Valutazioni dei Venditori aggiungono le stelle ai tuoi annunci, attirando cos\u00ec l&#8217;attenzione degli utenti e aumentando il tasso di click-through<\/li>\n<li><strong>Condivisione sui social media<\/strong>: condividi le tue ottime recensioni sui canali social. Il Generatore di immagini di Trustpilot trasforma le tue recensioni migliori in immagini accattivanti, in grado di spiccare sui social media<\/li>\n<li><strong>Split test dei widget<\/strong>: il TrustBox Optimizer \u00e8 lo strumento per l&#8217;esecuzione del test A\/B, che ti permette di verificare le prestazioni delle tue pagine web, con e senza la presenza delle recensioni di Trustpilot.<\/li>\n<\/ul>\n<h4>LE RECENSIONI DEGLI UTENTI<\/h4>\n<p><strong>Pasquale &#8220;Affidabile&#8221;<\/strong><br \/>\nPRO: lo consulto ogni volta che possa prima di scegliere qualsiasi cosa dal ristorante al software da scaricare!<br \/>\nCONTRO: facile da usare e interpretare, non saprei come migliorarlo<\/p>\n<p><strong>Davide &#8220;Il pi\u00f9 affidabile sito di recensioni&#8221;<\/strong><br \/>\nPRO: sicuramente l&#8217;affidabilit\u00e0 del sito, le recensioni sono tutte verificate<br \/>\nCONTRO: non ho riscontrato nessuna problematica particolare<\/p>\n<p><strong>Dip &#8220;Ci aiuta a sapere cosa dicono gli altri della nostra attivit\u00e0 e cosa dobbiamo migliorare&#8221;<\/strong><br \/>\nCOMMENTI: sono un grande fan di Trustpilot e di tutto il lavoro che svolge nel mondo delle recensioni dei clienti, e ora sta cercando di rendere il mondo delle recensioni ancora migliore. Una delle cose pi\u00f9 interessanti di Trustpilot \u00e8 la sua missione di aiutare le aziende a creare un&#8217;esperienza incredibile per i clienti. Credo che questo sia molto importante e che sia solo una parte del motivo per cui amo questa azienda.<br \/>\nPRO: Trustpilot \u00e8 un servizio che ci permette di raccogliere le recensioni dei clienti e di gestire la presenza online della nostra azienda. Questo servizio \u00e8 ottimo per raccogliere, gestire le recensioni della nostra azienda e scoprire le preoccupazioni dei clienti e le loro esperienze con la nostra azienda. Trustpilot \u00e8 anche un ottimo strumento per tenere traccia di ci\u00f2 che fanno i nostri concorrenti e di ci\u00f2 che i nostri clienti dicono di loro.<br \/>\nCONTRO: il processo di convalida e moderazione delle recensioni \u00e8 semplice e i recensori falsi ne approfittano, a volte possiamo trovare recensioni false e tendenziose su Trustpilot.<\/p>\n","protected":false},"excerpt":{"rendered":"<p>Trulispot \u00e8 un software gestionale di recensioni che si rivolge ad aziende di tutte le dimensioni che vogliono rafforzare la propria presenza online creando rapporti di fiducia con i propri clienti. I feedback autentici dei clienti aiutano a migliorare l&#8217;esperienza utente, ad aumentare le conversioni e le vendite, e a creare un brand affidabile che conquisti la fiducia dei clienti attuali e che attiri quelli nuovi.\u00a0<\/p>\n","protected":false},"author":17,"featured_media":60880,"parent":60645,"menu_order":0,"comment_status":"open","ping_status":"closed","template":"g1_template_page_review_new.php","meta":{"_acf_changed":false,"cwp_meta_box_check":"No","cwp_rev_product_name":"","cwp_rev_product_image":"","wppr_links":[],"cwp_rev_price":"","wppr_options":[],"wppr_pros":[],"wppr_cons":[],"_monsterinsights_skip_tracking":false,"_monsterinsights_sitenote_active":false,"_monsterinsights_sitenote_note":"","_monsterinsights_sitenote_category":0,"footnotes":""},"categories":[13158],"tags":[13226,10676,13186,13189,13161],"features":[],"class_list":{"0":"post-60879","1":"page","2":"type-page","3":"status-publish","4":"has-post-thumbnail","6":"category-software-per-la-gestione-delle-recensioni","7":"tag-gestionale-recensioni","8":"tag-gestione-recensioni","9":"tag-piattaforma-per-gestione-delle-recensioni","10":"tag-programma-per-gestire-recensioni","11":"tag-software-per-la-gestione-delle-recensioni"},"wppr_data":{"cwp_meta_box_check":"No"},"acf":[],"yoast_head":"<!-- This site is optimized with the Yoast SEO plugin v27.4 - https:\/\/yoast.com\/product\/yoast-seo-wordpress\/ -->\n<title>Trulispot: software gestione recensioni - Accurate Reviews<\/title>\n<meta name=\"description\" content=\"Trulispot: recensione del software gestionale di recensioni che si rivolge ad aziende che vogliono rafforzare la propria presenza online.\" \/>\n<meta name=\"robots\" content=\"index, follow, max-snippet:-1, max-image-preview:large, max-video-preview:-1\" \/>\n<link rel=\"canonical\" href=\"https:\/\/www.accuratereviews.com\/it\/software-gestione-recensioni\/trulispot-recensione\/\" \/>\n<meta property=\"og:locale\" content=\"it_IT\" \/>\n<meta property=\"og:type\" content=\"article\" \/>\n<meta property=\"og:title\" content=\"Trulispot: software gestione recensioni - Accurate Reviews\" \/>\n<meta property=\"og:description\" content=\"Trulispot: recensione del software gestionale di recensioni che si rivolge ad aziende che vogliono rafforzare la propria presenza online.\" \/>\n<meta property=\"og:url\" content=\"https:\/\/www.accuratereviews.com\/it\/software-gestione-recensioni\/trulispot-recensione\/\" \/>\n<meta property=\"og:site_name\" content=\"Accurate Reviews\" \/>\n<meta property=\"article:modified_time\" content=\"2024-01-29T21:38:44+00:00\" \/>\n<meta property=\"og:image\" content=\"https:\/\/www.accuratereviews.com\/wp-content\/uploads\/2022\/08\/TRUSTPILOT.png\" \/>\n\t<meta property=\"og:image:width\" content=\"500\" \/>\n\t<meta property=\"og:image:height\" content=\"500\" \/>\n\t<meta property=\"og:image:type\" content=\"image\/png\" \/>\n<meta name=\"twitter:card\" content=\"summary_large_image\" \/>\n<meta name=\"twitter:label1\" content=\"Tempo di lettura stimato\" \/>\n\t<meta name=\"twitter:data1\" content=\"4 minuti\" \/>\n<script type=\"application\/ld+json\" class=\"yoast-schema-graph\">{\"@context\":\"https:\\\/\\\/schema.org\",\"@graph\":[{\"@type\":\"WebPage\",\"@id\":\"https:\\\/\\\/www.accuratereviews.com\\\/it\\\/software-gestione-recensioni\\\/trulispot-recensione\\\/\",\"url\":\"https:\\\/\\\/www.accuratereviews.com\\\/it\\\/software-gestione-recensioni\\\/trulispot-recensione\\\/\",\"name\":\"Trulispot: software gestione recensioni - Accurate Reviews\",\"isPartOf\":{\"@id\":\"https:\\\/\\\/www.accuratereviews.com\\\/it\\\/#website\"},\"primaryImageOfPage\":{\"@id\":\"https:\\\/\\\/www.accuratereviews.com\\\/it\\\/software-gestione-recensioni\\\/trulispot-recensione\\\/#primaryimage\"},\"image\":{\"@id\":\"https:\\\/\\\/www.accuratereviews.com\\\/it\\\/software-gestione-recensioni\\\/trulispot-recensione\\\/#primaryimage\"},\"thumbnailUrl\":\"https:\\\/\\\/www.accuratereviews.com\\\/wp-content\\\/uploads\\\/2022\\\/08\\\/TRUSTPILOT.png\",\"datePublished\":\"2022-08-24T12:01:39+00:00\",\"dateModified\":\"2024-01-29T21:38:44+00:00\",\"description\":\"Trulispot: recensione del software gestionale di recensioni che si rivolge ad aziende che vogliono rafforzare la propria presenza online.\",\"breadcrumb\":{\"@id\":\"https:\\\/\\\/www.accuratereviews.com\\\/it\\\/software-gestione-recensioni\\\/trulispot-recensione\\\/#breadcrumb\"},\"inLanguage\":\"it-IT\",\"potentialAction\":[{\"@type\":\"ReadAction\",\"target\":[\"https:\\\/\\\/www.accuratereviews.com\\\/it\\\/software-gestione-recensioni\\\/trulispot-recensione\\\/\"]}]},{\"@type\":\"ImageObject\",\"inLanguage\":\"it-IT\",\"@id\":\"https:\\\/\\\/www.accuratereviews.com\\\/it\\\/software-gestione-recensioni\\\/trulispot-recensione\\\/#primaryimage\",\"url\":\"https:\\\/\\\/www.accuratereviews.com\\\/wp-content\\\/uploads\\\/2022\\\/08\\\/TRUSTPILOT.png\",\"contentUrl\":\"https:\\\/\\\/www.accuratereviews.com\\\/wp-content\\\/uploads\\\/2022\\\/08\\\/TRUSTPILOT.png\",\"width\":500,\"height\":500},{\"@type\":\"BreadcrumbList\",\"@id\":\"https:\\\/\\\/www.accuratereviews.com\\\/it\\\/software-gestione-recensioni\\\/trulispot-recensione\\\/#breadcrumb\",\"itemListElement\":[{\"@type\":\"ListItem\",\"position\":1,\"name\":\"Home\",\"item\":\"https:\\\/\\\/www.accuratereviews.com\\\/it\\\/\"},{\"@type\":\"ListItem\",\"position\":2,\"name\":\"Software per la gestione delle recensioni\",\"item\":\"https:\\\/\\\/www.accuratereviews.com\\\/it\\\/software-gestione-recensioni\\\/\"},{\"@type\":\"ListItem\",\"position\":3,\"name\":\"Trulispot\"}]},{\"@type\":\"WebSite\",\"@id\":\"https:\\\/\\\/www.accuratereviews.com\\\/it\\\/#website\",\"url\":\"https:\\\/\\\/www.accuratereviews.com\\\/it\\\/\",\"name\":\"Accurate Reviews\",\"description\":\"\",\"potentialAction\":[{\"@type\":\"SearchAction\",\"target\":{\"@type\":\"EntryPoint\",\"urlTemplate\":\"https:\\\/\\\/www.accuratereviews.com\\\/it\\\/?s={search_term_string}\"},\"query-input\":{\"@type\":\"PropertyValueSpecification\",\"valueRequired\":true,\"valueName\":\"search_term_string\"}}],\"inLanguage\":\"it-IT\"}]}<\/script>\n<!-- \/ Yoast SEO plugin. -->","yoast_head_json":{"title":"Trulispot: software gestione recensioni - Accurate Reviews","description":"Trulispot: recensione del software gestionale di recensioni che si rivolge ad aziende che vogliono rafforzare la propria presenza online.","robots":{"index":"index","follow":"follow","max-snippet":"max-snippet:-1","max-image-preview":"max-image-preview:large","max-video-preview":"max-video-preview:-1"},"canonical":"https:\/\/www.accuratereviews.com\/it\/software-gestione-recensioni\/trulispot-recensione\/","og_locale":"it_IT","og_type":"article","og_title":"Trulispot: software gestione recensioni - Accurate Reviews","og_description":"Trulispot: recensione del software gestionale di recensioni che si rivolge ad aziende che vogliono rafforzare la propria presenza online.","og_url":"https:\/\/www.accuratereviews.com\/it\/software-gestione-recensioni\/trulispot-recensione\/","og_site_name":"Accurate Reviews","article_modified_time":"2024-01-29T21:38:44+00:00","og_image":[{"width":500,"height":500,"url":"https:\/\/www.accuratereviews.com\/wp-content\/uploads\/2022\/08\/TRUSTPILOT.png","type":"image\/png"}],"twitter_card":"summary_large_image","twitter_misc":{"Tempo di lettura stimato":"4 minuti"},"schema":{"@context":"https:\/\/schema.org","@graph":[{"@type":"WebPage","@id":"https:\/\/www.accuratereviews.com\/it\/software-gestione-recensioni\/trulispot-recensione\/","url":"https:\/\/www.accuratereviews.com\/it\/software-gestione-recensioni\/trulispot-recensione\/","name":"Trulispot: software gestione recensioni - Accurate Reviews","isPartOf":{"@id":"https:\/\/www.accuratereviews.com\/it\/#website"},"primaryImageOfPage":{"@id":"https:\/\/www.accuratereviews.com\/it\/software-gestione-recensioni\/trulispot-recensione\/#primaryimage"},"image":{"@id":"https:\/\/www.accuratereviews.com\/it\/software-gestione-recensioni\/trulispot-recensione\/#primaryimage"},"thumbnailUrl":"https:\/\/www.accuratereviews.com\/wp-content\/uploads\/2022\/08\/TRUSTPILOT.png","datePublished":"2022-08-24T12:01:39+00:00","dateModified":"2024-01-29T21:38:44+00:00","description":"Trulispot: recensione del software gestionale di recensioni che si rivolge ad aziende che vogliono rafforzare la propria presenza online.","breadcrumb":{"@id":"https:\/\/www.accuratereviews.com\/it\/software-gestione-recensioni\/trulispot-recensione\/#breadcrumb"},"inLanguage":"it-IT","potentialAction":[{"@type":"ReadAction","target":["https:\/\/www.accuratereviews.com\/it\/software-gestione-recensioni\/trulispot-recensione\/"]}]},{"@type":"ImageObject","inLanguage":"it-IT","@id":"https:\/\/www.accuratereviews.com\/it\/software-gestione-recensioni\/trulispot-recensione\/#primaryimage","url":"https:\/\/www.accuratereviews.com\/wp-content\/uploads\/2022\/08\/TRUSTPILOT.png","contentUrl":"https:\/\/www.accuratereviews.com\/wp-content\/uploads\/2022\/08\/TRUSTPILOT.png","width":500,"height":500},{"@type":"BreadcrumbList","@id":"https:\/\/www.accuratereviews.com\/it\/software-gestione-recensioni\/trulispot-recensione\/#breadcrumb","itemListElement":[{"@type":"ListItem","position":1,"name":"Home","item":"https:\/\/www.accuratereviews.com\/it\/"},{"@type":"ListItem","position":2,"name":"Software per la gestione delle recensioni","item":"https:\/\/www.accuratereviews.com\/it\/software-gestione-recensioni\/"},{"@type":"ListItem","position":3,"name":"Trulispot"}]},{"@type":"WebSite","@id":"https:\/\/www.accuratereviews.com\/it\/#website","url":"https:\/\/www.accuratereviews.com\/it\/","name":"Accurate Reviews","description":"","potentialAction":[{"@type":"SearchAction","target":{"@type":"EntryPoint","urlTemplate":"https:\/\/www.accuratereviews.com\/it\/?s={search_term_string}"},"query-input":{"@type":"PropertyValueSpecification","valueRequired":true,"valueName":"search_term_string"}}],"inLanguage":"it-IT"}]}},"_links":{"self":[{"href":"https:\/\/www.accuratereviews.com\/it\/wp-json\/wp\/v2\/pages\/60879","targetHints":{"allow":["GET"]}}],"collection":[{"href":"https:\/\/www.accuratereviews.com\/it\/wp-json\/wp\/v2\/pages"}],"about":[{"href":"https:\/\/www.accuratereviews.com\/it\/wp-json\/wp\/v2\/types\/page"}],"author":[{"embeddable":true,"href":"https:\/\/www.accuratereviews.com\/it\/wp-json\/wp\/v2\/users\/17"}],"replies":[{"embeddable":true,"href":"https:\/\/www.accuratereviews.com\/it\/wp-json\/wp\/v2\/comments?post=60879"}],"version-history":[{"count":7,"href":"https:\/\/www.accuratereviews.com\/it\/wp-json\/wp\/v2\/pages\/60879\/revisions"}],"predecessor-version":[{"id":92394,"href":"https:\/\/www.accuratereviews.com\/it\/wp-json\/wp\/v2\/pages\/60879\/revisions\/92394"}],"up":[{"embeddable":true,"href":"https:\/\/www.accuratereviews.com\/it\/wp-json\/wp\/v2\/pages\/60645"}],"wp:featuredmedia":[{"embeddable":true,"href":"https:\/\/www.accuratereviews.com\/it\/wp-json\/wp\/v2\/media\/60880"}],"wp:attachment":[{"href":"https:\/\/www.accuratereviews.com\/it\/wp-json\/wp\/v2\/media?parent=60879"}],"wp:term":[{"taxonomy":"category","embeddable":true,"href":"https:\/\/www.accuratereviews.com\/it\/wp-json\/wp\/v2\/categories?post=60879"},{"taxonomy":"post_tag","embeddable":true,"href":"https:\/\/www.accuratereviews.com\/it\/wp-json\/wp\/v2\/tags?post=60879"},{"taxonomy":"features","embeddable":true,"href":"https:\/\/www.accuratereviews.com\/it\/wp-json\/wp\/v2\/features?post=60879"}],"curies":[{"name":"wp","href":"https:\/\/api.w.org\/{rel}","templated":true}]}}