{"id":60914,"date":"2022-08-25T13:41:06","date_gmt":"2022-08-25T13:41:06","guid":{"rendered":"https:\/\/www.accuratereviews.com\/?page_id=60914"},"modified":"2022-08-29T06:14:26","modified_gmt":"2022-08-29T06:14:26","slug":"callsource-recensione","status":"publish","type":"page","link":"https:\/\/www.accuratereviews.com\/it\/software-gestione-recensioni\/callsource-recensione\/","title":{"rendered":"CallSource Reviews"},"content":{"rendered":"<p class=\"h3 mb-1\"><strong>CallSource<\/strong>\u00a0<strong>Reviews<\/strong> \u00e8 un <strong>software per la gestione delle recensioni<\/strong> che ha la funzione di riunirle tutte in un unico posto, sicuro e semplice da usare. Ricca di funzionalit\u00e0, questa piattaforma online ti permette di gestire la tua reputazione online mantenendolo viva e positiva. I clienti non dovranno andare su ogni sito di recensioni perch\u00e9 baster\u00e0 accedere al vostro e visualizzare tutto ci\u00f2 che gli interessa.<br \/>\n<strong>CallSource Review<\/strong> \u00e8 un <strong>sistema completo di gestione delle recensioni online<\/strong> che ti fa risparmiare tempo e fatica, migliorando e dando maggiore visibilit\u00e0 al tuo brand.<\/p>\n<h2>CALLSOURCE REVIEWS- TUTORIAL<\/h2>\n<div id=\"fluid-wrapper-counter-1\" class=\"g1-fluid-wrapper \" style=\"width:686px;\">\n<div style=\"padding-bottom:56.268221574344%;\"><iframe loading=\"lazy\" title=\"CallSource\u2019s Call Management\" width=\"686\" height=\"386\" src=\"https:\/\/www.youtube.com\/embed\/PxbhdjPAVC8?feature=oembed&amp;wmode=transparent&amp;autohide=1&amp;autoplay=0&amp;disablekb=0&amp;fs=1&amp;loop=0&amp;enablejsapi=1&amp;rel=0&amp;controls=2&amp;showinfo=0&amp;wmode=transparent&amp;autohide=2&amp;autoplay=0&amp;disablekb=0&amp;fs=1&amp;loop=0&amp;enablejsapi=1&amp;rel=0&amp;controls=2&amp;showinfo=1\" frameborder=\"0\" allow=\"accelerometer; autoplay; clipboard-write; encrypted-media; gyroscope; picture-in-picture\" allowfullscreen><\/iframe><\/div>\n<\/div>\n<h3>CALLSOURCE REVIEWS &#8211; CARATTERISTICHE<\/h3>\n<ul>\n<li><strong>Riunisce tutte le recensioni in un unico luogo<\/strong>: non \u00e8 pi\u00f9 necessario andare su ogni sito di recensioni. CallSource aggrega tutte le vostre recensioni in un cruscotto super facile da usare<\/li>\n<li><strong>Risponde immediatamente<\/strong>: non lasciare che una recensione negativa danneggi la tua attivit\u00e0 perdendola o ignorandola. La suite di strumenti digitali ti aiuta a generare e rispondere rapidamente alle recensioni su tutti i principali siti di recensioni del web<\/li>\n<li><strong>Condividi le buone notizie<\/strong>: ricevi avvisi quando le persone parlano della tua attivit\u00e0. La dashboard centralizzata rende facile condividere le recensioni positive e celebrare il tuo lavoro e i tuoi successi<\/li>\n<li><strong>Gestione del brand<\/strong>: non sei esperto di social media o hai poco tempo? CallSource dispone di professionisti in grado di monitorare, gestire e rispondere alle recensioni dei clienti.\u00a0Il risponditore automatico di CS Reviews risponder\u00e0 alle recensioni per te, senza che tu debba perdere tempo<\/li>\n<li><strong>Risposte automatiche e tempestive e report<\/strong>:\u00a0Respond, Now! \u00e8 un servizio che include risposte personalizzate alle recensioni online dei clienti. CallSource risponde automaticamente a tutte le recensioni generate attraverso la piattaforma.\u00a0Queste risposte personalizzate affrontano la recensione e rispondono in modo appropriato.<\/li>\n<\/ul>\n<h4>LE RECENSIONI DEGLI UTENTI<\/h4>\n<p><strong>Lea &#8220;Recensione della fonte di chiamata&#8221;<\/strong><br \/>\nCOMMENTI: buon rapporto di lavoro, facile contattare qualcuno.<br \/>\nPRO: le chiamate arrivano abbastanza velocemente invece che dopo giorni.<br \/>\nCONTRO: le fonti di provenienza delle chiamate non vengono inserite nel mio CRM.<\/p>\n<p><strong>Tim &#8220;Ok, ma costoso&#8221;<\/strong><br \/>\nCOMMENTI: ho acquistato uno studio che lo aveva gi\u00e0 attivo e funzionante. Mi piace usarlo per vedere da dove arrivano le chiamate. Il team di CallSource mi ha aiutato ad abituarmi al primo acquisto dello studio.<br \/>\nPRO: mi piace avere tutte le chiamate esaminate pronte per me la mattina successiva. \u00c8 facile vedere quale numero di marketing ha usato il chiamante.<br \/>\nCONTRO: penso che sia troppo costoso. Raramente ascolto i messaggi registrati. Mi piace solo vedere da dove provengono le chiamate.<\/p>\n<p><strong>Emma &#8220;Recensione CallSource&#8221;<\/strong><br \/>\nPRO: il layout \u00e8 facile da navigare e di facile utilizzo.<br \/>\nCONTRO: non ascoltano tutte le chiamate e il software AI non \u00e8 sempre affidabile.<\/p>\n","protected":false},"excerpt":{"rendered":"<p>CallSource\u00a0Reviews \u00e8 un software per la gestione delle recensioni che ha la funzione di riunirle tutte in un unico posto, sicuro e semplice da usare. Ricca di funzionalit\u00e0, questa piattaforma online ti permette di gestire la tua reputazione online mantenendolo viva e positiva. I clienti non dovranno andare su ogni sito di recensioni perch\u00e9 baster\u00e0 accedere al vostro e visualizzare tutto ci\u00f2 che gli interessa.<\/p>\n","protected":false},"author":17,"featured_media":60915,"parent":60645,"menu_order":0,"comment_status":"open","ping_status":"closed","template":"g1_template_page_review_new.php","meta":{"_acf_changed":false,"cwp_meta_box_check":"No","cwp_rev_product_name":"","cwp_rev_product_image":"","wppr_links":[],"cwp_rev_price":"","wppr_options":[],"wppr_pros":[],"wppr_cons":[],"_monsterinsights_skip_tracking":false,"_monsterinsights_sitenote_active":false,"_monsterinsights_sitenote_note":"","_monsterinsights_sitenote_category":0,"footnotes":""},"categories":[13158],"tags":[13178,13226,13212,13186,13187,13161],"features":[],"class_list":{"0":"post-60914","1":"page","2":"type-page","3":"status-publish","4":"has-post-thumbnail","6":"category-software-per-la-gestione-delle-recensioni","7":"tag-app-gestione-recensioni","8":"tag-gestionale-recensioni","9":"tag-piattaforma-gestione-recensioni","10":"tag-piattaforma-per-gestione-delle-recensioni","11":"tag-programma-per-gestione-delle-recensioni","12":"tag-software-per-la-gestione-delle-recensioni"},"wppr_data":{"cwp_meta_box_check":"No"},"acf":[],"yoast_head":"<!-- This site is optimized with the Yoast SEO plugin v27.4 - https:\/\/yoast.com\/product\/yoast-seo-wordpress\/ -->\n<title>CallSource Reviews: software per gestire recensioni - Accurate Reviews<\/title>\n<meta name=\"description\" content=\"CallSource\u00a0Reviews: software per la gestione delle recensioni che ha la funzione di riunirle tutte in un unico posto.\" \/>\n<meta name=\"robots\" content=\"index, follow, max-snippet:-1, max-image-preview:large, max-video-preview:-1\" \/>\n<link rel=\"canonical\" href=\"https:\/\/www.accuratereviews.com\/it\/software-gestione-recensioni\/callsource-recensione\/\" \/>\n<meta property=\"og:locale\" content=\"it_IT\" \/>\n<meta property=\"og:type\" content=\"article\" \/>\n<meta property=\"og:title\" content=\"CallSource Reviews: software per gestire recensioni - Accurate Reviews\" \/>\n<meta property=\"og:description\" content=\"CallSource\u00a0Reviews: software per la gestione delle recensioni che ha la funzione di riunirle tutte in un unico posto.\" \/>\n<meta property=\"og:url\" content=\"https:\/\/www.accuratereviews.com\/it\/software-gestione-recensioni\/callsource-recensione\/\" \/>\n<meta property=\"og:site_name\" content=\"Accurate Reviews\" \/>\n<meta property=\"article:modified_time\" content=\"2022-08-29T06:14:26+00:00\" \/>\n<meta property=\"og:image\" content=\"https:\/\/www.accuratereviews.com\/wp-content\/uploads\/2022\/08\/CallSource.logo_.jpg\" \/>\n\t<meta property=\"og:image:width\" content=\"600\" \/>\n\t<meta property=\"og:image:height\" content=\"300\" \/>\n\t<meta property=\"og:image:type\" content=\"image\/jpeg\" \/>\n<meta name=\"twitter:card\" content=\"summary_large_image\" \/>\n<meta name=\"twitter:label1\" content=\"Tempo di lettura stimato\" \/>\n\t<meta name=\"twitter:data1\" content=\"3 minuti\" \/>\n<script type=\"application\/ld+json\" class=\"yoast-schema-graph\">{\"@context\":\"https:\\\/\\\/schema.org\",\"@graph\":[{\"@type\":\"WebPage\",\"@id\":\"https:\\\/\\\/www.accuratereviews.com\\\/it\\\/software-gestione-recensioni\\\/callsource-recensione\\\/\",\"url\":\"https:\\\/\\\/www.accuratereviews.com\\\/it\\\/software-gestione-recensioni\\\/callsource-recensione\\\/\",\"name\":\"CallSource Reviews: software per gestire recensioni - Accurate Reviews\",\"isPartOf\":{\"@id\":\"https:\\\/\\\/www.accuratereviews.com\\\/it\\\/#website\"},\"primaryImageOfPage\":{\"@id\":\"https:\\\/\\\/www.accuratereviews.com\\\/it\\\/software-gestione-recensioni\\\/callsource-recensione\\\/#primaryimage\"},\"image\":{\"@id\":\"https:\\\/\\\/www.accuratereviews.com\\\/it\\\/software-gestione-recensioni\\\/callsource-recensione\\\/#primaryimage\"},\"thumbnailUrl\":\"https:\\\/\\\/www.accuratereviews.com\\\/wp-content\\\/uploads\\\/2022\\\/08\\\/CallSource.logo_.jpg\",\"datePublished\":\"2022-08-25T13:41:06+00:00\",\"dateModified\":\"2022-08-29T06:14:26+00:00\",\"description\":\"CallSource\u00a0Reviews: software per la gestione delle recensioni che ha la funzione di riunirle tutte in un unico posto.\",\"breadcrumb\":{\"@id\":\"https:\\\/\\\/www.accuratereviews.com\\\/it\\\/software-gestione-recensioni\\\/callsource-recensione\\\/#breadcrumb\"},\"inLanguage\":\"it-IT\",\"potentialAction\":[{\"@type\":\"ReadAction\",\"target\":[\"https:\\\/\\\/www.accuratereviews.com\\\/it\\\/software-gestione-recensioni\\\/callsource-recensione\\\/\"]}]},{\"@type\":\"ImageObject\",\"inLanguage\":\"it-IT\",\"@id\":\"https:\\\/\\\/www.accuratereviews.com\\\/it\\\/software-gestione-recensioni\\\/callsource-recensione\\\/#primaryimage\",\"url\":\"https:\\\/\\\/www.accuratereviews.com\\\/wp-content\\\/uploads\\\/2022\\\/08\\\/CallSource.logo_.jpg\",\"contentUrl\":\"https:\\\/\\\/www.accuratereviews.com\\\/wp-content\\\/uploads\\\/2022\\\/08\\\/CallSource.logo_.jpg\",\"width\":600,\"height\":300},{\"@type\":\"BreadcrumbList\",\"@id\":\"https:\\\/\\\/www.accuratereviews.com\\\/it\\\/software-gestione-recensioni\\\/callsource-recensione\\\/#breadcrumb\",\"itemListElement\":[{\"@type\":\"ListItem\",\"position\":1,\"name\":\"Home\",\"item\":\"https:\\\/\\\/www.accuratereviews.com\\\/it\\\/\"},{\"@type\":\"ListItem\",\"position\":2,\"name\":\"Software per la gestione delle recensioni\",\"item\":\"https:\\\/\\\/www.accuratereviews.com\\\/it\\\/software-gestione-recensioni\\\/\"},{\"@type\":\"ListItem\",\"position\":3,\"name\":\"CallSource Reviews\"}]},{\"@type\":\"WebSite\",\"@id\":\"https:\\\/\\\/www.accuratereviews.com\\\/it\\\/#website\",\"url\":\"https:\\\/\\\/www.accuratereviews.com\\\/it\\\/\",\"name\":\"Accurate Reviews\",\"description\":\"\",\"potentialAction\":[{\"@type\":\"SearchAction\",\"target\":{\"@type\":\"EntryPoint\",\"urlTemplate\":\"https:\\\/\\\/www.accuratereviews.com\\\/it\\\/?s={search_term_string}\"},\"query-input\":{\"@type\":\"PropertyValueSpecification\",\"valueRequired\":true,\"valueName\":\"search_term_string\"}}],\"inLanguage\":\"it-IT\"}]}<\/script>\n<!-- \/ Yoast SEO plugin. -->","yoast_head_json":{"title":"CallSource Reviews: software per gestire recensioni - Accurate Reviews","description":"CallSource\u00a0Reviews: software per la gestione delle recensioni che ha la funzione di riunirle tutte in un unico posto.","robots":{"index":"index","follow":"follow","max-snippet":"max-snippet:-1","max-image-preview":"max-image-preview:large","max-video-preview":"max-video-preview:-1"},"canonical":"https:\/\/www.accuratereviews.com\/it\/software-gestione-recensioni\/callsource-recensione\/","og_locale":"it_IT","og_type":"article","og_title":"CallSource Reviews: software per gestire recensioni - Accurate Reviews","og_description":"CallSource\u00a0Reviews: software per la gestione delle recensioni che ha la funzione di riunirle tutte in un unico posto.","og_url":"https:\/\/www.accuratereviews.com\/it\/software-gestione-recensioni\/callsource-recensione\/","og_site_name":"Accurate Reviews","article_modified_time":"2022-08-29T06:14:26+00:00","og_image":[{"width":600,"height":300,"url":"https:\/\/www.accuratereviews.com\/wp-content\/uploads\/2022\/08\/CallSource.logo_.jpg","type":"image\/jpeg"}],"twitter_card":"summary_large_image","twitter_misc":{"Tempo di lettura stimato":"3 minuti"},"schema":{"@context":"https:\/\/schema.org","@graph":[{"@type":"WebPage","@id":"https:\/\/www.accuratereviews.com\/it\/software-gestione-recensioni\/callsource-recensione\/","url":"https:\/\/www.accuratereviews.com\/it\/software-gestione-recensioni\/callsource-recensione\/","name":"CallSource Reviews: software per gestire recensioni - Accurate Reviews","isPartOf":{"@id":"https:\/\/www.accuratereviews.com\/it\/#website"},"primaryImageOfPage":{"@id":"https:\/\/www.accuratereviews.com\/it\/software-gestione-recensioni\/callsource-recensione\/#primaryimage"},"image":{"@id":"https:\/\/www.accuratereviews.com\/it\/software-gestione-recensioni\/callsource-recensione\/#primaryimage"},"thumbnailUrl":"https:\/\/www.accuratereviews.com\/wp-content\/uploads\/2022\/08\/CallSource.logo_.jpg","datePublished":"2022-08-25T13:41:06+00:00","dateModified":"2022-08-29T06:14:26+00:00","description":"CallSource\u00a0Reviews: software per la gestione delle recensioni che ha la funzione di riunirle tutte in un unico posto.","breadcrumb":{"@id":"https:\/\/www.accuratereviews.com\/it\/software-gestione-recensioni\/callsource-recensione\/#breadcrumb"},"inLanguage":"it-IT","potentialAction":[{"@type":"ReadAction","target":["https:\/\/www.accuratereviews.com\/it\/software-gestione-recensioni\/callsource-recensione\/"]}]},{"@type":"ImageObject","inLanguage":"it-IT","@id":"https:\/\/www.accuratereviews.com\/it\/software-gestione-recensioni\/callsource-recensione\/#primaryimage","url":"https:\/\/www.accuratereviews.com\/wp-content\/uploads\/2022\/08\/CallSource.logo_.jpg","contentUrl":"https:\/\/www.accuratereviews.com\/wp-content\/uploads\/2022\/08\/CallSource.logo_.jpg","width":600,"height":300},{"@type":"BreadcrumbList","@id":"https:\/\/www.accuratereviews.com\/it\/software-gestione-recensioni\/callsource-recensione\/#breadcrumb","itemListElement":[{"@type":"ListItem","position":1,"name":"Home","item":"https:\/\/www.accuratereviews.com\/it\/"},{"@type":"ListItem","position":2,"name":"Software per la gestione delle recensioni","item":"https:\/\/www.accuratereviews.com\/it\/software-gestione-recensioni\/"},{"@type":"ListItem","position":3,"name":"CallSource Reviews"}]},{"@type":"WebSite","@id":"https:\/\/www.accuratereviews.com\/it\/#website","url":"https:\/\/www.accuratereviews.com\/it\/","name":"Accurate Reviews","description":"","potentialAction":[{"@type":"SearchAction","target":{"@type":"EntryPoint","urlTemplate":"https:\/\/www.accuratereviews.com\/it\/?s={search_term_string}"},"query-input":{"@type":"PropertyValueSpecification","valueRequired":true,"valueName":"search_term_string"}}],"inLanguage":"it-IT"}]}},"_links":{"self":[{"href":"https:\/\/www.accuratereviews.com\/it\/wp-json\/wp\/v2\/pages\/60914","targetHints":{"allow":["GET"]}}],"collection":[{"href":"https:\/\/www.accuratereviews.com\/it\/wp-json\/wp\/v2\/pages"}],"about":[{"href":"https:\/\/www.accuratereviews.com\/it\/wp-json\/wp\/v2\/types\/page"}],"author":[{"embeddable":true,"href":"https:\/\/www.accuratereviews.com\/it\/wp-json\/wp\/v2\/users\/17"}],"replies":[{"embeddable":true,"href":"https:\/\/www.accuratereviews.com\/it\/wp-json\/wp\/v2\/comments?post=60914"}],"version-history":[{"count":9,"href":"https:\/\/www.accuratereviews.com\/it\/wp-json\/wp\/v2\/pages\/60914\/revisions"}],"predecessor-version":[{"id":60968,"href":"https:\/\/www.accuratereviews.com\/it\/wp-json\/wp\/v2\/pages\/60914\/revisions\/60968"}],"up":[{"embeddable":true,"href":"https:\/\/www.accuratereviews.com\/it\/wp-json\/wp\/v2\/pages\/60645"}],"wp:featuredmedia":[{"embeddable":true,"href":"https:\/\/www.accuratereviews.com\/it\/wp-json\/wp\/v2\/media\/60915"}],"wp:attachment":[{"href":"https:\/\/www.accuratereviews.com\/it\/wp-json\/wp\/v2\/media?parent=60914"}],"wp:term":[{"taxonomy":"category","embeddable":true,"href":"https:\/\/www.accuratereviews.com\/it\/wp-json\/wp\/v2\/categories?post=60914"},{"taxonomy":"post_tag","embeddable":true,"href":"https:\/\/www.accuratereviews.com\/it\/wp-json\/wp\/v2\/tags?post=60914"},{"taxonomy":"features","embeddable":true,"href":"https:\/\/www.accuratereviews.com\/it\/wp-json\/wp\/v2\/features?post=60914"}],"curies":[{"name":"wp","href":"https:\/\/api.w.org\/{rel}","templated":true}]}}