{"id":60924,"date":"2022-08-25T11:17:26","date_gmt":"2022-08-25T11:17:26","guid":{"rendered":"https:\/\/www.accuratereviews.com\/?page_id=60924"},"modified":"2024-01-29T21:46:42","modified_gmt":"2024-01-29T21:46:42","slug":"getmorereviews-recensione","status":"publish","type":"page","link":"https:\/\/www.accuratereviews.com\/it\/software-gestione-recensioni\/getmorereviews-recensione\/","title":{"rendered":"GetMoreReviews"},"content":{"rendered":"<p><strong>GetMoreReviews<\/strong> \u00e8 una <strong>soluzione di generazione di recensioni<\/strong> e gestione della reputazione basata su <strong>cloud<\/strong> che utilizza le richieste di revisione automatizzate per incoraggiare i clienti soddisfatti a lasciare recensioni a 5 stelle online, bloccando al contempo le recensioni negative registrando i reclami dei clienti e i feedback negativi senza pubblicarli. Gli utenti possono inviare richieste di revisione tramite sms o email, in blocco o singolarmente. Le richieste attuabili prevedono pochi passaggi, con l&#8217;obiettivo di aumentare i tassi di conversione delle recensioni. Per i clienti che consigliano l&#8217;attivit\u00e0, le recensioni possono essere lasciate su Google, Yelp o Facebook e i moduli di recensione sono pre-compilati con una valutazione a 5 stelle per incoraggiare i clienti a lasciare recensioni positive. I giudizi a 4 e 5 stelle possono essere pubblicati automaticamente su siti Web aziendali e profili Facebook e Twitter collegati. I rapporti automatici offrono agli utenti una panoramica della valutazione media, dei volumi delle recensioni, delle nuove recensioni, della distribuzione delle recensioni, della forza delle inserzioni e altro ancora.<\/p>\n<h2>GETMOREREVIEWS &#8211; TUTORIAL<\/h2>\n<div id=\"fluid-wrapper-counter-1\" class=\"g1-fluid-wrapper \" style=\"width:686px;\">\n<div style=\"padding-bottom:56.268221574344%;\"><iframe loading=\"lazy\" title=\"Get More Reviews Tour | Trial\" width=\"686\" height=\"386\" src=\"https:\/\/www.youtube.com\/embed\/ZoZtNYr1vsE?feature=oembed&amp;wmode=transparent&amp;autohide=1&amp;autoplay=0&amp;disablekb=0&amp;fs=1&amp;loop=0&amp;enablejsapi=1&amp;rel=0&amp;controls=2&amp;showinfo=0&amp;wmode=transparent&amp;autohide=2&amp;autoplay=0&amp;disablekb=0&amp;fs=1&amp;loop=0&amp;enablejsapi=1&amp;rel=0&amp;controls=2&amp;showinfo=1\" frameborder=\"0\" allow=\"accelerometer; autoplay; clipboard-write; encrypted-media; gyroscope; picture-in-picture; web-share\" allowfullscreen><\/iframe><\/div>\n<\/div>\n<h3>GETMOREREVIEWS &#8211; CARATTERISTICHE<\/h3>\n<ul>\n<li><strong>Generazione di recensioni<\/strong>: i\u00a0messaggi di testo consentono ai tuoi clienti di recensirti facilmente<\/li>\n<li><strong>Promemoria di revisione<\/strong>: i\u00a0promemoria automatici e amichevoli assicurano che i clienti ti lascino una recensione a 5 stelle<\/li>\n<li><strong>Gestore di feedback<\/strong>:\u00a0organizza facilmente e rapidamente il feedback dei clienti<\/li>\n<li><strong>Strumenti del sito web<\/strong>: raccogli nuove recensioni e mostra le recensioni esistenti direttamente dal tuo sito web<\/li>\n<li><strong>Inserimento social automatico<\/strong>: pubblica automaticamente le tue migliori recensioni a 5 stelle sui tuoi account Facebook e Twitter<\/li>\n<li><strong>Monitoraggio della reputazione<\/strong>: ricevi un avviso quando arrivano nuove recensioni in modo da poter agire e rispondere se necessario<\/li>\n<li><strong>Reportistica automatizzata<\/strong>: scopri come sta andando la tua attivit\u00e0 e dove devi concentrare i tuoi sforzi<\/li>\n<\/ul>\n<h4>LE RECENSIONI DEGLI UTENTI<\/h4>\n<p class=\"fw-bold mb-2\"><strong>Favio &#8220;Alternativa economica e completa per il feedback dei clienti&#8221;<br \/>\n<\/strong><span class=\"fw-bold\"><strong>Commenti<\/strong>: <\/span>Abbiamo ottenuto ottimi risultati quando abbiamo ricevuto il feedback dei clienti dai nostri clienti finali che gi\u00e0 utilizzavano i prodotti che vendevamo. \u00c8 stato facile per noi configurare e facile per loro rispondere.<br \/>\n<strong>Pro<\/strong>: Ci \u00e8 piaciuta la facile gestione delle recensioni dei nostri clienti, il modo in cui potevamo filtrarle per argomenti e il prezzo accessibile rispetto ad alternative simili.<br \/>\n<strong>Contro<\/strong>:\u00a0La personalizzazione del design \u00e8 limitata, il che era un problema quando i moduli delle recensioni corrispondevano al marchio della nostra azienda<\/p>\n<p class=\"fw-bold mb-2\"><strong>Kevin &#8220;Che cosa state aspettando?&#8221;<br \/>\n<\/strong><span class=\"fw-bold\"><strong>Commenti<\/strong>: <\/span>L&#8217;assistenza clienti non \u00e8 seconda a nessuno<br \/>\n<strong>Pro<\/strong>: Getmorereviews \u00e8 cos\u00ec semplice da usare. Sia per l&#8217;utente finale che per l&#8217;azienda che desidera ottenere pi\u00f9 recensioni.<br \/>\n<strong>Contro<\/strong>:\u00a0Non c&#8217;\u00e8 davvero alcun lato negativo in questo software<\/p>\n<p class=\"fw-bold mb-2\"><strong>Christa &#8220;La nostra esperienza&#8221;<br \/>\n<\/strong><span class=\"fw-bold\"><strong>Commenti<\/strong>: <\/span>Nel complesso ottima esperienza e cos\u00ec filtra le recensioni negative.<br \/>\n<strong>Pro<\/strong>: \u00c8 facile da usare, veloce e otteniamo risultati immediati dal nostro cliente.<br \/>\n<strong>Contro<\/strong>:\u00a0Tutto ci\u00f2 di cui abbiamo bisogno, questo servizio fornisce.<\/p>\n","protected":false},"excerpt":{"rendered":"<p>GetMoreReviews \u00e8 una soluzione di generazione di recensioni e gestione della reputazione basata su cloud che utilizza le richieste di revisione automatizzate per incoraggiare i clienti soddisfatti a lasciare recensioni a 5 stelle online, bloccando al contempo le recensioni negative registrando i reclami dei clienti e i feedback negativi senza pubblicarli. Gli utenti possono inviare richieste di revisione tramite sms o email, in blocco o singolarmente.<\/p>\n","protected":false},"author":16,"featured_media":60940,"parent":60645,"menu_order":0,"comment_status":"open","ping_status":"closed","template":"g1_template_page_review_new.php","meta":{"_acf_changed":false,"cwp_meta_box_check":"No","cwp_rev_product_name":"","cwp_rev_product_image":"","wppr_links":[],"cwp_rev_price":"","wppr_options":[],"wppr_pros":[],"wppr_cons":[],"_monsterinsights_skip_tracking":false,"_monsterinsights_sitenote_active":false,"_monsterinsights_sitenote_note":"","_monsterinsights_sitenote_category":0,"footnotes":""},"categories":[13158],"tags":[13231,13190,13189,13183,13185,13184],"features":[],"class_list":{"0":"post-60924","1":"page","2":"type-page","3":"status-publish","4":"has-post-thumbnail","6":"category-software-per-la-gestione-delle-recensioni","7":"tag-getmorereviews","8":"tag-piattaforma-per-gestire-recensioni","9":"tag-programma-per-gestire-recensioni","10":"tag-recensioni","11":"tag-software-per-gestire-recensioni","12":"tag-soluzione-per-gestire-recensioni"},"wppr_data":{"cwp_meta_box_check":"No"},"acf":[],"yoast_head":"<!-- This site is optimized with the Yoast SEO plugin v27.4 - https:\/\/yoast.com\/product\/yoast-seo-wordpress\/ -->\n<title>GetMoreReviews: recensione software per gestire recensioni<\/title>\n<meta name=\"description\" content=\"GetMoreReviews: recensione soluzione di generazione di recensioni e gestione della reputazione basata su cloud.\" \/>\n<meta name=\"robots\" content=\"index, follow, max-snippet:-1, max-image-preview:large, max-video-preview:-1\" \/>\n<link rel=\"canonical\" href=\"https:\/\/www.accuratereviews.com\/it\/software-gestione-recensioni\/getmorereviews-recensione\/\" \/>\n<meta property=\"og:locale\" content=\"it_IT\" \/>\n<meta property=\"og:type\" content=\"article\" \/>\n<meta property=\"og:title\" content=\"GetMoreReviews: recensione software per gestire recensioni\" \/>\n<meta property=\"og:description\" content=\"GetMoreReviews: recensione soluzione di generazione di recensioni e gestione della reputazione basata su cloud.\" \/>\n<meta property=\"og:url\" content=\"https:\/\/www.accuratereviews.com\/it\/software-gestione-recensioni\/getmorereviews-recensione\/\" \/>\n<meta property=\"og:site_name\" content=\"Accurate Reviews\" \/>\n<meta property=\"article:modified_time\" content=\"2024-01-29T21:46:42+00:00\" \/>\n<meta property=\"og:image\" content=\"https:\/\/www.accuratereviews.com\/wp-content\/uploads\/2022\/08\/Get-More-Reviews-.webp\" \/>\n\t<meta property=\"og:image:width\" content=\"270\" \/>\n\t<meta property=\"og:image:height\" content=\"270\" \/>\n\t<meta property=\"og:image:type\" content=\"image\/webp\" \/>\n<meta name=\"twitter:card\" content=\"summary_large_image\" \/>\n<meta name=\"twitter:label1\" content=\"Tempo di lettura stimato\" \/>\n\t<meta name=\"twitter:data1\" content=\"3 minuti\" \/>\n<script type=\"application\/ld+json\" class=\"yoast-schema-graph\">{\"@context\":\"https:\\\/\\\/schema.org\",\"@graph\":[{\"@type\":\"WebPage\",\"@id\":\"https:\\\/\\\/www.accuratereviews.com\\\/it\\\/software-gestione-recensioni\\\/getmorereviews-recensione\\\/\",\"url\":\"https:\\\/\\\/www.accuratereviews.com\\\/it\\\/software-gestione-recensioni\\\/getmorereviews-recensione\\\/\",\"name\":\"GetMoreReviews: recensione software per gestire recensioni\",\"isPartOf\":{\"@id\":\"https:\\\/\\\/www.accuratereviews.com\\\/it\\\/#website\"},\"primaryImageOfPage\":{\"@id\":\"https:\\\/\\\/www.accuratereviews.com\\\/it\\\/software-gestione-recensioni\\\/getmorereviews-recensione\\\/#primaryimage\"},\"image\":{\"@id\":\"https:\\\/\\\/www.accuratereviews.com\\\/it\\\/software-gestione-recensioni\\\/getmorereviews-recensione\\\/#primaryimage\"},\"thumbnailUrl\":\"https:\\\/\\\/www.accuratereviews.com\\\/wp-content\\\/uploads\\\/2022\\\/08\\\/Get-More-Reviews-.webp\",\"datePublished\":\"2022-08-25T11:17:26+00:00\",\"dateModified\":\"2024-01-29T21:46:42+00:00\",\"description\":\"GetMoreReviews: recensione soluzione di generazione di recensioni e gestione della reputazione basata su cloud.\",\"breadcrumb\":{\"@id\":\"https:\\\/\\\/www.accuratereviews.com\\\/it\\\/software-gestione-recensioni\\\/getmorereviews-recensione\\\/#breadcrumb\"},\"inLanguage\":\"it-IT\",\"potentialAction\":[{\"@type\":\"ReadAction\",\"target\":[\"https:\\\/\\\/www.accuratereviews.com\\\/it\\\/software-gestione-recensioni\\\/getmorereviews-recensione\\\/\"]}]},{\"@type\":\"ImageObject\",\"inLanguage\":\"it-IT\",\"@id\":\"https:\\\/\\\/www.accuratereviews.com\\\/it\\\/software-gestione-recensioni\\\/getmorereviews-recensione\\\/#primaryimage\",\"url\":\"https:\\\/\\\/www.accuratereviews.com\\\/wp-content\\\/uploads\\\/2022\\\/08\\\/Get-More-Reviews-.webp\",\"contentUrl\":\"https:\\\/\\\/www.accuratereviews.com\\\/wp-content\\\/uploads\\\/2022\\\/08\\\/Get-More-Reviews-.webp\",\"width\":270,\"height\":270},{\"@type\":\"BreadcrumbList\",\"@id\":\"https:\\\/\\\/www.accuratereviews.com\\\/it\\\/software-gestione-recensioni\\\/getmorereviews-recensione\\\/#breadcrumb\",\"itemListElement\":[{\"@type\":\"ListItem\",\"position\":1,\"name\":\"Home\",\"item\":\"https:\\\/\\\/www.accuratereviews.com\\\/it\\\/\"},{\"@type\":\"ListItem\",\"position\":2,\"name\":\"Software per la gestione delle recensioni\",\"item\":\"https:\\\/\\\/www.accuratereviews.com\\\/it\\\/software-gestione-recensioni\\\/\"},{\"@type\":\"ListItem\",\"position\":3,\"name\":\"GetMoreReviews\"}]},{\"@type\":\"WebSite\",\"@id\":\"https:\\\/\\\/www.accuratereviews.com\\\/it\\\/#website\",\"url\":\"https:\\\/\\\/www.accuratereviews.com\\\/it\\\/\",\"name\":\"Accurate Reviews\",\"description\":\"\",\"potentialAction\":[{\"@type\":\"SearchAction\",\"target\":{\"@type\":\"EntryPoint\",\"urlTemplate\":\"https:\\\/\\\/www.accuratereviews.com\\\/it\\\/?s={search_term_string}\"},\"query-input\":{\"@type\":\"PropertyValueSpecification\",\"valueRequired\":true,\"valueName\":\"search_term_string\"}}],\"inLanguage\":\"it-IT\"}]}<\/script>\n<!-- \/ Yoast SEO plugin. -->","yoast_head_json":{"title":"GetMoreReviews: recensione software per gestire recensioni","description":"GetMoreReviews: recensione soluzione di generazione di recensioni e gestione della reputazione basata su cloud.","robots":{"index":"index","follow":"follow","max-snippet":"max-snippet:-1","max-image-preview":"max-image-preview:large","max-video-preview":"max-video-preview:-1"},"canonical":"https:\/\/www.accuratereviews.com\/it\/software-gestione-recensioni\/getmorereviews-recensione\/","og_locale":"it_IT","og_type":"article","og_title":"GetMoreReviews: recensione software per gestire recensioni","og_description":"GetMoreReviews: recensione soluzione di generazione di recensioni e gestione della reputazione basata su cloud.","og_url":"https:\/\/www.accuratereviews.com\/it\/software-gestione-recensioni\/getmorereviews-recensione\/","og_site_name":"Accurate Reviews","article_modified_time":"2024-01-29T21:46:42+00:00","og_image":[{"width":270,"height":270,"url":"https:\/\/www.accuratereviews.com\/wp-content\/uploads\/2022\/08\/Get-More-Reviews-.webp","type":"image\/webp"}],"twitter_card":"summary_large_image","twitter_misc":{"Tempo di lettura stimato":"3 minuti"},"schema":{"@context":"https:\/\/schema.org","@graph":[{"@type":"WebPage","@id":"https:\/\/www.accuratereviews.com\/it\/software-gestione-recensioni\/getmorereviews-recensione\/","url":"https:\/\/www.accuratereviews.com\/it\/software-gestione-recensioni\/getmorereviews-recensione\/","name":"GetMoreReviews: recensione software per gestire recensioni","isPartOf":{"@id":"https:\/\/www.accuratereviews.com\/it\/#website"},"primaryImageOfPage":{"@id":"https:\/\/www.accuratereviews.com\/it\/software-gestione-recensioni\/getmorereviews-recensione\/#primaryimage"},"image":{"@id":"https:\/\/www.accuratereviews.com\/it\/software-gestione-recensioni\/getmorereviews-recensione\/#primaryimage"},"thumbnailUrl":"https:\/\/www.accuratereviews.com\/wp-content\/uploads\/2022\/08\/Get-More-Reviews-.webp","datePublished":"2022-08-25T11:17:26+00:00","dateModified":"2024-01-29T21:46:42+00:00","description":"GetMoreReviews: recensione soluzione di generazione di recensioni e gestione della reputazione basata su cloud.","breadcrumb":{"@id":"https:\/\/www.accuratereviews.com\/it\/software-gestione-recensioni\/getmorereviews-recensione\/#breadcrumb"},"inLanguage":"it-IT","potentialAction":[{"@type":"ReadAction","target":["https:\/\/www.accuratereviews.com\/it\/software-gestione-recensioni\/getmorereviews-recensione\/"]}]},{"@type":"ImageObject","inLanguage":"it-IT","@id":"https:\/\/www.accuratereviews.com\/it\/software-gestione-recensioni\/getmorereviews-recensione\/#primaryimage","url":"https:\/\/www.accuratereviews.com\/wp-content\/uploads\/2022\/08\/Get-More-Reviews-.webp","contentUrl":"https:\/\/www.accuratereviews.com\/wp-content\/uploads\/2022\/08\/Get-More-Reviews-.webp","width":270,"height":270},{"@type":"BreadcrumbList","@id":"https:\/\/www.accuratereviews.com\/it\/software-gestione-recensioni\/getmorereviews-recensione\/#breadcrumb","itemListElement":[{"@type":"ListItem","position":1,"name":"Home","item":"https:\/\/www.accuratereviews.com\/it\/"},{"@type":"ListItem","position":2,"name":"Software per la gestione delle recensioni","item":"https:\/\/www.accuratereviews.com\/it\/software-gestione-recensioni\/"},{"@type":"ListItem","position":3,"name":"GetMoreReviews"}]},{"@type":"WebSite","@id":"https:\/\/www.accuratereviews.com\/it\/#website","url":"https:\/\/www.accuratereviews.com\/it\/","name":"Accurate Reviews","description":"","potentialAction":[{"@type":"SearchAction","target":{"@type":"EntryPoint","urlTemplate":"https:\/\/www.accuratereviews.com\/it\/?s={search_term_string}"},"query-input":{"@type":"PropertyValueSpecification","valueRequired":true,"valueName":"search_term_string"}}],"inLanguage":"it-IT"}]}},"_links":{"self":[{"href":"https:\/\/www.accuratereviews.com\/it\/wp-json\/wp\/v2\/pages\/60924","targetHints":{"allow":["GET"]}}],"collection":[{"href":"https:\/\/www.accuratereviews.com\/it\/wp-json\/wp\/v2\/pages"}],"about":[{"href":"https:\/\/www.accuratereviews.com\/it\/wp-json\/wp\/v2\/types\/page"}],"author":[{"embeddable":true,"href":"https:\/\/www.accuratereviews.com\/it\/wp-json\/wp\/v2\/users\/16"}],"replies":[{"embeddable":true,"href":"https:\/\/www.accuratereviews.com\/it\/wp-json\/wp\/v2\/comments?post=60924"}],"version-history":[{"count":6,"href":"https:\/\/www.accuratereviews.com\/it\/wp-json\/wp\/v2\/pages\/60924\/revisions"}],"predecessor-version":[{"id":74192,"href":"https:\/\/www.accuratereviews.com\/it\/wp-json\/wp\/v2\/pages\/60924\/revisions\/74192"}],"up":[{"embeddable":true,"href":"https:\/\/www.accuratereviews.com\/it\/wp-json\/wp\/v2\/pages\/60645"}],"wp:featuredmedia":[{"embeddable":true,"href":"https:\/\/www.accuratereviews.com\/it\/wp-json\/wp\/v2\/media\/60940"}],"wp:attachment":[{"href":"https:\/\/www.accuratereviews.com\/it\/wp-json\/wp\/v2\/media?parent=60924"}],"wp:term":[{"taxonomy":"category","embeddable":true,"href":"https:\/\/www.accuratereviews.com\/it\/wp-json\/wp\/v2\/categories?post=60924"},{"taxonomy":"post_tag","embeddable":true,"href":"https:\/\/www.accuratereviews.com\/it\/wp-json\/wp\/v2\/tags?post=60924"},{"taxonomy":"features","embeddable":true,"href":"https:\/\/www.accuratereviews.com\/it\/wp-json\/wp\/v2\/features?post=60924"}],"curies":[{"name":"wp","href":"https:\/\/api.w.org\/{rel}","templated":true}]}}