{"id":60926,"date":"2022-08-25T11:18:05","date_gmt":"2022-08-25T11:18:05","guid":{"rendered":"https:\/\/www.accuratereviews.com\/?page_id=60926"},"modified":"2024-01-29T21:47:41","modified_gmt":"2024-01-29T21:47:41","slug":"broadly-recensione","status":"publish","type":"page","link":"https:\/\/www.accuratereviews.com\/it\/software-gestione-recensioni\/broadly-recensione\/","title":{"rendered":"Broadly"},"content":{"rendered":"<p><strong>Broadly<\/strong> \u00e8 uno strumento di revisione online e <strong>gestione delle recensioni<\/strong>\u00a0che aiuta le piccole aziende che forniscono servizi a migliorare la propria reputazione online, aumentare le recensioni e attirare nuovi clienti. La soluzione aiuta le aziende locali a costruire la propria presenza online e a migliorare il ranking di ricerca tramite SEO. La tecnologia one-click consente ai clienti di scrivere facilmente feedback su Google, Facebook e siti web aziendali, nonch\u00e9 su altre importanti piattaforme di recensioni.\u00a0Il feedback in tempo reale consente alle aziende di ottenere informazioni istantanee, permettendo loro di seguire i clienti in merito alle loro esperienze e affrontare eventuali problemi immediatamente e in privato.\u00a0La dashboard multi-sede consente ai franchisee di monitorare, gestire e rispondere alle proprie recensioni online su pi\u00f9 sedi da un&#8217;unica dashboard.<\/p>\n<h2>BROADLY &#8211; TUTORIAL<\/h2>\n<p>Diamo una occhiata alla dashboard di questo software per gestire le recensioni:<\/p>\n<div id=\"fluid-wrapper-counter-1\" class=\"g1-fluid-wrapper \" style=\"width:686px;\">\n<div style=\"padding-bottom:56.268221574344%;\"><iframe loading=\"lazy\" title=\"Broadly Dashboard\" width=\"686\" height=\"386\" src=\"https:\/\/www.youtube.com\/embed\/StQZz-vUlt0?feature=oembed&amp;wmode=transparent&amp;autohide=1&amp;autoplay=0&amp;disablekb=0&amp;fs=1&amp;loop=0&amp;enablejsapi=1&amp;rel=0&amp;controls=2&amp;showinfo=0&amp;wmode=transparent&amp;autohide=2&amp;autoplay=0&amp;disablekb=0&amp;fs=1&amp;loop=0&amp;enablejsapi=1&amp;rel=0&amp;controls=2&amp;showinfo=1\" frameborder=\"0\" allow=\"accelerometer; autoplay; clipboard-write; encrypted-media; gyroscope; picture-in-picture\" allowfullscreen><\/iframe><\/div>\n<\/div>\n<h3>BROADLY &#8211; CARATTERISTICHE<\/h3>\n<ul>\n<li><strong>Pannello di controllo<\/strong>: ottieni informazioni utili in pi\u00f9 sedi su qualsiasi cosa, dalle metriche chiave dell&#8217;esperienza del cliente alla gestione della reputazione<\/li>\n<li><strong>Campagne<\/strong>: mantieni il coinvolgimento dei clienti inviando una promozione o uno sconto tramite email o inviando un avviso che devono ricevere il servizio<\/li>\n<li><strong>Pagamenti<\/strong>: i pagamenti mobili offrono ai tuoi clienti un metodo di pagamento conveniente e senza contatto<\/li>\n<li><strong>Ottieni pi\u00f9 recensioni e attira nuovi clienti<\/strong>: richiedi automaticamente le recensioni per offrire ai clienti la possibilit\u00e0 di promuovere la tua attivit\u00e0 con un solo clic<\/li>\n<li><strong>Consolida la tua gestione della reputazione<\/strong>: risparmia tempo monitorando e rispondendo alle recensioni di Google, Facebook e altri siti che contano di pi\u00f9, tutto in un unico posto<\/li>\n<li><strong>Distinguiti nella tua zona<\/strong>: recensioni coerenti e recenti creano fiducia con i potenziali clienti e fanno scoprire la tua attivit\u00e0 online<\/li>\n<li><strong>Chat Web:<\/strong> trasforma i visitatori del sito web in clienti rispondendo istantaneamente alle loro richieste tramite il metodo che preferiscono di pi\u00f9 i messaggi di testo<\/li>\n<li><strong>Posta in arrivo<\/strong>: comunica senza problemi con i tuoi contatti da un unico posto e assicurati che nulla vada perso<\/li>\n<li><strong>Pagamenti<\/strong>: i\u00a0pagamenti contactless forniscono ai clienti un modo rapido, sicuro e conveniente per pagare tramite sms.<\/li>\n<\/ul>\n<h4>LE RECENSIONI DEGLI UTENTI<\/h4>\n<p class=\"fw-bold mb-2\"><strong>Michael &#8220;Ottimo per quello per cui lo usiamo, ma un po&#8217; costoso&#8221;<br \/>\n<\/strong><span class=\"fw-bold\"><strong>Commenti<\/strong>: <\/span>Lo usiamo da circa 2 anni e per questo motivo abbiamo ricevuto molte recensioni su Google.<br \/>\n<strong>Pro<\/strong>: Chiedere ai clienti di pubblicare recensioni su Google\/Facebook<br \/>\n<strong>Contro<\/strong>:\u00a0La comunicazione con le persone che cercano di contattarci tramite i social media \u00e8 nella migliore delle ipotesi OK. Il prezzo dell&#8217;abbonamento mensile \u00e8 un po&#8217; alto.<\/p>\n<p class=\"fw-bold mb-2\"><strong>Brandi &#8220;Eccellente risorsa per le recensioni&#8221;<br \/>\n<\/strong><span class=\"fw-bold\"><strong>Commenti<\/strong>: <\/span>Utilizziamo Broadly principalmente per comunicare con i lead che arrivano attraverso il nostro sito Web e per richiedere recensioni ai nostri clienti. Non mi ci vuole tempo per inviare la richiesta di recensione e lo apprezzo moltissimo!<br \/>\n<strong>Pro<\/strong>: Mi piace la facilit\u00e0 d&#8217;uso e la possibilit\u00e0 per i clienti di dare un pollice in su\/pollice in gi\u00f9 prima di lasciare una recensione. Ci d\u00e0 l&#8217;opportunit\u00e0 di porre rimedio a qualsiasi problema che potrebbe essere emerso di cui non eravamo a conoscenza e, si spera, soddisfare le aspettative del cliente.<br \/>\n<strong>Contro<\/strong>:\u00a0L&#8217;interfaccia \u00e8 un po&#8217; traballante a volte, ma \u00e8 appena stata aggiornata e ho fiducia che continuer\u00e0 a migliorare! C&#8217;\u00e8 un po&#8217; di ritardo tra quando un cliente lascia una recensione e quando ricevo una notifica generica al riguardo.<\/p>\n<p class=\"fw-bold mb-2\"><strong>Karla &#8220;In generale \u00e8 stato un punto di svolta per la nostra azienda!&#8221;<br \/>\n<\/strong><span class=\"fw-bold\"><strong>Commenti<\/strong>: <\/span>La nostra attivit\u00e0 \u00e8 cresciuta grazie alle recensioni di Broadly e abbiamo aggiunto al nostro team esclusivamente potenziali dipendenti che leggono le recensioni che dimostrano che la nostra azienda \u00e8 di prim&#8217;ordine con standard elevati e un ottimo servizio clienti.<br \/>\n<strong>Pro<\/strong>: Adoro i filtri che Broadly utilizza per eliminare le recensioni negative e false. Questo ci ha aiutato enormemente nelle piattaforme di pubblicazione di oggi. \u00c8 super facile da usare.<br \/>\n<strong>Contro<\/strong>:\u00a0Il prezzo! \u00c8 piuttosto costoso per noi, tuttavia fortunatamente nella nostra linea di attivit\u00e0, a volte un lavoro paga per la tariffa mensile a cui \u00e8 collegato in generale.<\/p>\n","protected":false},"excerpt":{"rendered":"<p>Broadly \u00e8 uno strumento di revisione online e gestione delle recensioni\u00a0che aiuta le piccole aziende che forniscono servizi a migliorare la propria reputazione online, aumentare le recensioni e attirare nuovi clienti. La soluzione aiuta le aziende locali a costruire la propria presenza online e a migliorare il ranking di ricerca tramite SEO.<\/p>\n","protected":false},"author":16,"featured_media":60932,"parent":60645,"menu_order":0,"comment_status":"open","ping_status":"closed","template":"g1_template_page_review_new.php","meta":{"_acf_changed":false,"cwp_meta_box_check":"No","cwp_rev_product_name":"","cwp_rev_product_image":"","wppr_links":[],"cwp_rev_price":"","wppr_options":[],"wppr_pros":[],"wppr_cons":[],"_monsterinsights_skip_tracking":false,"_monsterinsights_sitenote_active":false,"_monsterinsights_sitenote_note":"","_monsterinsights_sitenote_category":0,"footnotes":""},"categories":[13158],"tags":[13232,13190,13189,13183,13185,13184],"features":[],"class_list":{"0":"post-60926","1":"page","2":"type-page","3":"status-publish","4":"has-post-thumbnail","6":"category-software-per-la-gestione-delle-recensioni","7":"tag-broadly","8":"tag-piattaforma-per-gestire-recensioni","9":"tag-programma-per-gestire-recensioni","10":"tag-recensioni","11":"tag-software-per-gestire-recensioni","12":"tag-soluzione-per-gestire-recensioni"},"wppr_data":{"cwp_meta_box_check":"No"},"acf":[],"yoast_head":"<!-- This site is optimized with the Yoast SEO plugin v27.4 - https:\/\/yoast.com\/product\/yoast-seo-wordpress\/ -->\n<title>Broadly: recensione software per gestione recensioni - Accurate Reviews<\/title>\n<meta name=\"description\" content=\"Broadly: recensione strumento di revisione online e gestione delle recensioni\u00a0adatto alle piccole aziende che forniscono servizi.\" \/>\n<meta name=\"robots\" content=\"index, follow, max-snippet:-1, max-image-preview:large, max-video-preview:-1\" \/>\n<link rel=\"canonical\" href=\"https:\/\/www.accuratereviews.com\/it\/software-gestione-recensioni\/broadly-recensione\/\" \/>\n<meta property=\"og:locale\" content=\"it_IT\" \/>\n<meta property=\"og:type\" content=\"article\" \/>\n<meta property=\"og:title\" content=\"Broadly: recensione software per gestione recensioni - Accurate Reviews\" \/>\n<meta property=\"og:description\" content=\"Broadly: recensione strumento di revisione online e gestione delle recensioni\u00a0adatto alle piccole aziende che forniscono servizi.\" \/>\n<meta property=\"og:url\" content=\"https:\/\/www.accuratereviews.com\/it\/software-gestione-recensioni\/broadly-recensione\/\" \/>\n<meta property=\"og:site_name\" content=\"Accurate Reviews\" \/>\n<meta property=\"article:modified_time\" content=\"2024-01-29T21:47:41+00:00\" \/>\n<meta property=\"og:image\" content=\"https:\/\/www.accuratereviews.com\/wp-content\/uploads\/2022\/08\/Broadly-2.webp\" \/>\n\t<meta property=\"og:image:width\" content=\"400\" \/>\n\t<meta property=\"og:image:height\" content=\"400\" \/>\n\t<meta property=\"og:image:type\" content=\"image\/webp\" \/>\n<meta name=\"twitter:card\" content=\"summary_large_image\" \/>\n<meta name=\"twitter:label1\" content=\"Tempo di lettura stimato\" \/>\n\t<meta name=\"twitter:data1\" content=\"4 minuti\" \/>\n<script type=\"application\/ld+json\" class=\"yoast-schema-graph\">{\"@context\":\"https:\\\/\\\/schema.org\",\"@graph\":[{\"@type\":\"WebPage\",\"@id\":\"https:\\\/\\\/www.accuratereviews.com\\\/it\\\/software-gestione-recensioni\\\/broadly-recensione\\\/\",\"url\":\"https:\\\/\\\/www.accuratereviews.com\\\/it\\\/software-gestione-recensioni\\\/broadly-recensione\\\/\",\"name\":\"Broadly: recensione software per gestione recensioni - Accurate Reviews\",\"isPartOf\":{\"@id\":\"https:\\\/\\\/www.accuratereviews.com\\\/it\\\/#website\"},\"primaryImageOfPage\":{\"@id\":\"https:\\\/\\\/www.accuratereviews.com\\\/it\\\/software-gestione-recensioni\\\/broadly-recensione\\\/#primaryimage\"},\"image\":{\"@id\":\"https:\\\/\\\/www.accuratereviews.com\\\/it\\\/software-gestione-recensioni\\\/broadly-recensione\\\/#primaryimage\"},\"thumbnailUrl\":\"https:\\\/\\\/www.accuratereviews.com\\\/wp-content\\\/uploads\\\/2022\\\/08\\\/Broadly-2.webp\",\"datePublished\":\"2022-08-25T11:18:05+00:00\",\"dateModified\":\"2024-01-29T21:47:41+00:00\",\"description\":\"Broadly: recensione strumento di revisione online e gestione delle recensioni\u00a0adatto alle piccole aziende che forniscono servizi.\",\"breadcrumb\":{\"@id\":\"https:\\\/\\\/www.accuratereviews.com\\\/it\\\/software-gestione-recensioni\\\/broadly-recensione\\\/#breadcrumb\"},\"inLanguage\":\"it-IT\",\"potentialAction\":[{\"@type\":\"ReadAction\",\"target\":[\"https:\\\/\\\/www.accuratereviews.com\\\/it\\\/software-gestione-recensioni\\\/broadly-recensione\\\/\"]}]},{\"@type\":\"ImageObject\",\"inLanguage\":\"it-IT\",\"@id\":\"https:\\\/\\\/www.accuratereviews.com\\\/it\\\/software-gestione-recensioni\\\/broadly-recensione\\\/#primaryimage\",\"url\":\"https:\\\/\\\/www.accuratereviews.com\\\/wp-content\\\/uploads\\\/2022\\\/08\\\/Broadly-2.webp\",\"contentUrl\":\"https:\\\/\\\/www.accuratereviews.com\\\/wp-content\\\/uploads\\\/2022\\\/08\\\/Broadly-2.webp\",\"width\":400,\"height\":400},{\"@type\":\"BreadcrumbList\",\"@id\":\"https:\\\/\\\/www.accuratereviews.com\\\/it\\\/software-gestione-recensioni\\\/broadly-recensione\\\/#breadcrumb\",\"itemListElement\":[{\"@type\":\"ListItem\",\"position\":1,\"name\":\"Home\",\"item\":\"https:\\\/\\\/www.accuratereviews.com\\\/it\\\/\"},{\"@type\":\"ListItem\",\"position\":2,\"name\":\"Software per la gestione delle recensioni\",\"item\":\"https:\\\/\\\/www.accuratereviews.com\\\/it\\\/software-gestione-recensioni\\\/\"},{\"@type\":\"ListItem\",\"position\":3,\"name\":\"Broadly\"}]},{\"@type\":\"WebSite\",\"@id\":\"https:\\\/\\\/www.accuratereviews.com\\\/it\\\/#website\",\"url\":\"https:\\\/\\\/www.accuratereviews.com\\\/it\\\/\",\"name\":\"Accurate Reviews\",\"description\":\"\",\"potentialAction\":[{\"@type\":\"SearchAction\",\"target\":{\"@type\":\"EntryPoint\",\"urlTemplate\":\"https:\\\/\\\/www.accuratereviews.com\\\/it\\\/?s={search_term_string}\"},\"query-input\":{\"@type\":\"PropertyValueSpecification\",\"valueRequired\":true,\"valueName\":\"search_term_string\"}}],\"inLanguage\":\"it-IT\"}]}<\/script>\n<!-- \/ Yoast SEO plugin. -->","yoast_head_json":{"title":"Broadly: recensione software per gestione recensioni - Accurate Reviews","description":"Broadly: recensione strumento di revisione online e gestione delle recensioni\u00a0adatto alle piccole aziende che forniscono servizi.","robots":{"index":"index","follow":"follow","max-snippet":"max-snippet:-1","max-image-preview":"max-image-preview:large","max-video-preview":"max-video-preview:-1"},"canonical":"https:\/\/www.accuratereviews.com\/it\/software-gestione-recensioni\/broadly-recensione\/","og_locale":"it_IT","og_type":"article","og_title":"Broadly: recensione software per gestione recensioni - Accurate Reviews","og_description":"Broadly: recensione strumento di revisione online e gestione delle recensioni\u00a0adatto alle piccole aziende che forniscono servizi.","og_url":"https:\/\/www.accuratereviews.com\/it\/software-gestione-recensioni\/broadly-recensione\/","og_site_name":"Accurate Reviews","article_modified_time":"2024-01-29T21:47:41+00:00","og_image":[{"width":400,"height":400,"url":"https:\/\/www.accuratereviews.com\/wp-content\/uploads\/2022\/08\/Broadly-2.webp","type":"image\/webp"}],"twitter_card":"summary_large_image","twitter_misc":{"Tempo di lettura stimato":"4 minuti"},"schema":{"@context":"https:\/\/schema.org","@graph":[{"@type":"WebPage","@id":"https:\/\/www.accuratereviews.com\/it\/software-gestione-recensioni\/broadly-recensione\/","url":"https:\/\/www.accuratereviews.com\/it\/software-gestione-recensioni\/broadly-recensione\/","name":"Broadly: recensione software per gestione recensioni - Accurate Reviews","isPartOf":{"@id":"https:\/\/www.accuratereviews.com\/it\/#website"},"primaryImageOfPage":{"@id":"https:\/\/www.accuratereviews.com\/it\/software-gestione-recensioni\/broadly-recensione\/#primaryimage"},"image":{"@id":"https:\/\/www.accuratereviews.com\/it\/software-gestione-recensioni\/broadly-recensione\/#primaryimage"},"thumbnailUrl":"https:\/\/www.accuratereviews.com\/wp-content\/uploads\/2022\/08\/Broadly-2.webp","datePublished":"2022-08-25T11:18:05+00:00","dateModified":"2024-01-29T21:47:41+00:00","description":"Broadly: recensione strumento di revisione online e gestione delle recensioni\u00a0adatto alle piccole aziende che forniscono servizi.","breadcrumb":{"@id":"https:\/\/www.accuratereviews.com\/it\/software-gestione-recensioni\/broadly-recensione\/#breadcrumb"},"inLanguage":"it-IT","potentialAction":[{"@type":"ReadAction","target":["https:\/\/www.accuratereviews.com\/it\/software-gestione-recensioni\/broadly-recensione\/"]}]},{"@type":"ImageObject","inLanguage":"it-IT","@id":"https:\/\/www.accuratereviews.com\/it\/software-gestione-recensioni\/broadly-recensione\/#primaryimage","url":"https:\/\/www.accuratereviews.com\/wp-content\/uploads\/2022\/08\/Broadly-2.webp","contentUrl":"https:\/\/www.accuratereviews.com\/wp-content\/uploads\/2022\/08\/Broadly-2.webp","width":400,"height":400},{"@type":"BreadcrumbList","@id":"https:\/\/www.accuratereviews.com\/it\/software-gestione-recensioni\/broadly-recensione\/#breadcrumb","itemListElement":[{"@type":"ListItem","position":1,"name":"Home","item":"https:\/\/www.accuratereviews.com\/it\/"},{"@type":"ListItem","position":2,"name":"Software per la gestione delle recensioni","item":"https:\/\/www.accuratereviews.com\/it\/software-gestione-recensioni\/"},{"@type":"ListItem","position":3,"name":"Broadly"}]},{"@type":"WebSite","@id":"https:\/\/www.accuratereviews.com\/it\/#website","url":"https:\/\/www.accuratereviews.com\/it\/","name":"Accurate Reviews","description":"","potentialAction":[{"@type":"SearchAction","target":{"@type":"EntryPoint","urlTemplate":"https:\/\/www.accuratereviews.com\/it\/?s={search_term_string}"},"query-input":{"@type":"PropertyValueSpecification","valueRequired":true,"valueName":"search_term_string"}}],"inLanguage":"it-IT"}]}},"_links":{"self":[{"href":"https:\/\/www.accuratereviews.com\/it\/wp-json\/wp\/v2\/pages\/60926","targetHints":{"allow":["GET"]}}],"collection":[{"href":"https:\/\/www.accuratereviews.com\/it\/wp-json\/wp\/v2\/pages"}],"about":[{"href":"https:\/\/www.accuratereviews.com\/it\/wp-json\/wp\/v2\/types\/page"}],"author":[{"embeddable":true,"href":"https:\/\/www.accuratereviews.com\/it\/wp-json\/wp\/v2\/users\/16"}],"replies":[{"embeddable":true,"href":"https:\/\/www.accuratereviews.com\/it\/wp-json\/wp\/v2\/comments?post=60926"}],"version-history":[{"count":6,"href":"https:\/\/www.accuratereviews.com\/it\/wp-json\/wp\/v2\/pages\/60926\/revisions"}],"predecessor-version":[{"id":74194,"href":"https:\/\/www.accuratereviews.com\/it\/wp-json\/wp\/v2\/pages\/60926\/revisions\/74194"}],"up":[{"embeddable":true,"href":"https:\/\/www.accuratereviews.com\/it\/wp-json\/wp\/v2\/pages\/60645"}],"wp:featuredmedia":[{"embeddable":true,"href":"https:\/\/www.accuratereviews.com\/it\/wp-json\/wp\/v2\/media\/60932"}],"wp:attachment":[{"href":"https:\/\/www.accuratereviews.com\/it\/wp-json\/wp\/v2\/media?parent=60926"}],"wp:term":[{"taxonomy":"category","embeddable":true,"href":"https:\/\/www.accuratereviews.com\/it\/wp-json\/wp\/v2\/categories?post=60926"},{"taxonomy":"post_tag","embeddable":true,"href":"https:\/\/www.accuratereviews.com\/it\/wp-json\/wp\/v2\/tags?post=60926"},{"taxonomy":"features","embeddable":true,"href":"https:\/\/www.accuratereviews.com\/it\/wp-json\/wp\/v2\/features?post=60926"}],"curies":[{"name":"wp","href":"https:\/\/api.w.org\/{rel}","templated":true}]}}