{"id":60977,"date":"2022-08-29T10:50:01","date_gmt":"2022-08-29T10:50:01","guid":{"rendered":"https:\/\/www.accuratereviews.com\/?page_id=60977"},"modified":"2024-01-29T21:54:41","modified_gmt":"2024-01-29T21:54:41","slug":"rocket-referrals-recensione","status":"publish","type":"page","link":"https:\/\/www.accuratereviews.com\/it\/software-gestione-recensioni\/rocket-referrals-recensione\/","title":{"rendered":"Rocket Referrals"},"content":{"rendered":"<p><strong>Rocket Referrals<\/strong> \u00e8 un <strong>software di gestione della reputazione<\/strong> progettato per aiutare le aziende a raccogliere feedback per valutare i sentimenti dei clienti, automatizzare le comunicazioni con i clienti e gestire la reputazione online. Gli amministratori possono condividere sondaggi Net Promoter Score (NPS) con i clienti e ricevere notifiche relative a clienti insoddisfatti.\u00a0La piattaforma consente ai gestori di approvare e inviare automaticamente saluti, ringraziamenti e messaggi di benvenuto, nonch\u00e9 aggiornamenti importanti. Il software perette ai team di connettersi con i visitatori del sito web tramite chat in tempo reale tramite applicazioni mobili su dispositivi Android e iOS. I supervisori possono anche utilizzare modelli integrati per creare messaggi di comunicazione personalizzati e impostare campagne di vendita incrociata. Gli operatori possono anche ottenere informazioni dettagliate su informazioni sul coinvolgimento dei clienti, comunicazioni, classifiche di ricerca locali, consigli e altri dati utilizzabili su una dashboard centralizzata.<\/p>\n<h2>ROCKET REFERRALS &#8211; TUTORIAL<\/h2>\n<div id=\"fluid-wrapper-counter-1\" class=\"g1-fluid-wrapper \" style=\"width:686px;\">\n<div style=\"padding-bottom:56.268221574344%;\"><iframe loading=\"lazy\" title=\"Rocket Referrals Demo\" width=\"686\" height=\"386\" src=\"https:\/\/www.youtube.com\/embed\/FiTQCpFe1gE?feature=oembed&amp;wmode=transparent&amp;autohide=1&amp;autoplay=0&amp;disablekb=0&amp;fs=1&amp;loop=0&amp;enablejsapi=1&amp;rel=0&amp;controls=2&amp;showinfo=0&amp;wmode=transparent&amp;autohide=2&amp;autoplay=0&amp;disablekb=0&amp;fs=1&amp;loop=0&amp;enablejsapi=1&amp;rel=0&amp;controls=2&amp;showinfo=1\" frameborder=\"0\" allow=\"accelerometer; autoplay; clipboard-write; encrypted-media; gyroscope; picture-in-picture; web-share\" allowfullscreen><\/iframe><\/div>\n<\/div>\n<h3>ROCKET REFERRALS &#8211; CARATTERISTICHE<\/h3>\n<ul>\n<li>Il software avviser\u00e0 quando trova clienti che probabilmente se ne andranno. Puoi raddoppiare le possibilit\u00e0 di mantenerli nel prossimo anno semplicemente chiamandoli<\/li>\n<li>Raccogli regolarmente feedback per misurare i sentimenti dei clienti nel tempo<\/li>\n<li>Trova gli argomenti comuni citati dai tuoi clienti nei loro feedback in modo che tu possa visualizzare le tendenze di agenti, dipendenti, prodotti e altro ancora.<\/li>\n<li>Puoi approvare i messaggi automatici prima che vengano inviati e persino delegare la revisione a pi\u00f9 persone del tuo team<\/li>\n<li>Crea rapidamente comunicazioni personalizzate e campagne email<\/li>\n<li>Si integra con quasi tutti i sistemi di gestione delle agenzie, nessuna competenza tecnica richiesta per l&#8217;integrazione<\/li>\n<li>Usa Zapier o la nostra API per creare le tue integrazioni personalizzate<\/li>\n<li>Carica facilmente i dati dei tuoi clienti, imposta i flussi di lavoro o invia informazioni importanti ai tuoi strumenti preferiti<\/li>\n<li>Scopri i problemi relativi ai dati prima che diventino problemi<\/li>\n<li>Utilizza il processo di importazione per aggiungere dati personalizzati, eseguire le tue campagne o aggiungere informazioni da un sistema che non consente l&#8217;accesso alle API.<\/li>\n<\/ul>\n<h4>LE RECENSIONI DEGLI UTENTI<\/h4>\n<p class=\"fw-bold mb-2\"><strong>Reagan &#8220;Altamente raccomandato&#8221;<br \/>\n<\/strong><span class=\"fw-bold\"><strong>Commenti<\/strong>: <\/span>Rocket Referrals \u00e8 uno strumento essenziale per gli agenti indipendenti. La possibilit\u00e0 di automatizzare le e-mail di feedback, le campagne di vendita incrociata, i promemoria per il rinnovo e altro ancora semplifica la vita di tutti. L&#8217;integrazione esistente nel nostro sistema di gestione dell&#8217;agenzia aiuta le cose a funzionare senza intoppi e il nostro account manager, Matt, \u00e8 incredibilmente disponibile e sostiene i nostri obiettivi. Consiglio vivamente questo servizio.&#8221;<br \/>\n<strong>Pro<\/strong>:\u00a0Facilit\u00e0 di implementazione Capacit\u00e0 di vendita incrociata Capacit\u00e0 di comunicazione personalizzate Customer service\/customer success manager dedicato<br \/>\n<strong>Contro<\/strong>:\u00a0Le sedi degli uffici hanno ciascuna la propria pagina di destinazione anzich\u00e9 una piattaforma principale per tutte le sedi Il widget delle testimonianze estrae solo le testimonianze dei clienti da un unico ufficio Le e-mail sono in testo normale, non HTML (non \u00e8 un grosso problema)<\/p>\n<p class=\"fw-bold mb-2\"><strong>Cary &#8220;Adoro RR!&#8221;<br \/>\n<\/strong><strong>Pro<\/strong>: Il prodotto \u00e8 davvero utile e facile da usare! Mi piace l&#8217;automazione con la richiesta di sondaggi e feedback. Per me, la parte MOLTO migliore \u00e8 il servizio clienti.<br \/>\n<strong>Contro<\/strong>:\u00a0Vorrei poter vedere pi\u00f9 facilmente le metriche relative ai partner di riferimento.<\/p>\n<p class=\"fw-bold mb-2\"><strong>Salar &#8220;Strumento di marketing e fidelizzazione facile e completo&#8221;<br \/>\n<\/strong><span class=\"fw-bold\"><strong>Commenti<\/strong>: <\/span>La sensazione di soddisfazione che finalmente abbiamo da quando abbiamo un sistema per il nostro marketing e conservazione<br \/>\n<strong>Pro<\/strong>: Le risposte generali e le caratteristiche per i nostri problemi di marketing. Quasi uno sportello unico<br \/>\n<strong>Contro<\/strong>:\u00a0Importazione dei dati da ezlynx e impostazione delle campagne.<\/p>\n","protected":false},"excerpt":{"rendered":"<p>Rocket Referrals \u00e8 un software di gestione della reputazione progettato per aiutare le aziende a raccogliere feedback per valutare i sentimenti dei clienti, automatizzare le comunicazioni con i clienti e gestire la reputazione online. Gli amministratori possono condividere sondaggi Net Promoter Score (NPS) con i clienti e ricevere notifiche relative a clienti insoddisfatti.\u00a0<\/p>\n","protected":false},"author":16,"featured_media":61002,"parent":60645,"menu_order":0,"comment_status":"open","ping_status":"closed","template":"g1_template_page_review_new.php","meta":{"_acf_changed":false,"cwp_meta_box_check":"No","cwp_rev_product_name":"","cwp_rev_product_image":"","wppr_links":[],"cwp_rev_price":"","wppr_options":[],"wppr_pros":[],"wppr_cons":[],"_monsterinsights_skip_tracking":false,"_monsterinsights_sitenote_active":false,"_monsterinsights_sitenote_note":"","_monsterinsights_sitenote_category":0,"footnotes":""},"categories":[13158],"tags":[13248,13249,13183,13239,13246,13247],"features":[],"class_list":{"0":"post-60977","1":"page","2":"type-page","3":"status-publish","4":"has-post-thumbnail","6":"category-software-per-la-gestione-delle-recensioni","7":"tag-piattaforma-di-gestione-recensioni","8":"tag-programma-di-gestione-recensioni","9":"tag-recensioni","10":"tag-rocket-referrals","11":"tag-software-di-gestione-recensioni","12":"tag-soluzione-di-gestione-recensioni"},"wppr_data":{"cwp_meta_box_check":"No"},"acf":[],"yoast_head":"<!-- This site is optimized with the Yoast SEO plugin v27.4 - https:\/\/yoast.com\/product\/yoast-seo-wordpress\/ -->\n<title>Rocket Referrals: recensione software gestione recensioni<\/title>\n<meta name=\"description\" content=\"Rocket Referrals: recensione software di gestione della reputazione progettato per aiutare a raccogliere feedback per valutare i sentimenti dei clienti.\" \/>\n<meta name=\"robots\" content=\"index, follow, max-snippet:-1, max-image-preview:large, max-video-preview:-1\" \/>\n<link rel=\"canonical\" href=\"https:\/\/www.accuratereviews.com\/it\/software-gestione-recensioni\/rocket-referrals-recensione\/\" \/>\n<meta property=\"og:locale\" content=\"it_IT\" \/>\n<meta property=\"og:type\" content=\"article\" \/>\n<meta property=\"og:title\" content=\"Rocket Referrals: recensione software gestione recensioni\" \/>\n<meta property=\"og:description\" content=\"Rocket Referrals: recensione software di gestione della reputazione progettato per aiutare a raccogliere feedback per valutare i sentimenti dei clienti.\" \/>\n<meta property=\"og:url\" content=\"https:\/\/www.accuratereviews.com\/it\/software-gestione-recensioni\/rocket-referrals-recensione\/\" \/>\n<meta property=\"og:site_name\" content=\"Accurate Reviews\" \/>\n<meta property=\"article:modified_time\" content=\"2024-01-29T21:54:41+00:00\" \/>\n<meta property=\"og:image\" content=\"https:\/\/www.accuratereviews.com\/wp-content\/uploads\/2022\/08\/Rocket-Referrals.png\" \/>\n\t<meta property=\"og:image:width\" content=\"200\" \/>\n\t<meta property=\"og:image:height\" content=\"200\" \/>\n\t<meta property=\"og:image:type\" content=\"image\/png\" \/>\n<meta name=\"twitter:card\" content=\"summary_large_image\" \/>\n<meta name=\"twitter:label1\" content=\"Tempo di lettura stimato\" \/>\n\t<meta name=\"twitter:data1\" content=\"3 minuti\" \/>\n<script type=\"application\/ld+json\" class=\"yoast-schema-graph\">{\"@context\":\"https:\\\/\\\/schema.org\",\"@graph\":[{\"@type\":\"WebPage\",\"@id\":\"https:\\\/\\\/www.accuratereviews.com\\\/it\\\/software-gestione-recensioni\\\/rocket-referrals-recensione\\\/\",\"url\":\"https:\\\/\\\/www.accuratereviews.com\\\/it\\\/software-gestione-recensioni\\\/rocket-referrals-recensione\\\/\",\"name\":\"Rocket Referrals: recensione software gestione recensioni\",\"isPartOf\":{\"@id\":\"https:\\\/\\\/www.accuratereviews.com\\\/it\\\/#website\"},\"primaryImageOfPage\":{\"@id\":\"https:\\\/\\\/www.accuratereviews.com\\\/it\\\/software-gestione-recensioni\\\/rocket-referrals-recensione\\\/#primaryimage\"},\"image\":{\"@id\":\"https:\\\/\\\/www.accuratereviews.com\\\/it\\\/software-gestione-recensioni\\\/rocket-referrals-recensione\\\/#primaryimage\"},\"thumbnailUrl\":\"https:\\\/\\\/www.accuratereviews.com\\\/wp-content\\\/uploads\\\/2022\\\/08\\\/Rocket-Referrals.png\",\"datePublished\":\"2022-08-29T10:50:01+00:00\",\"dateModified\":\"2024-01-29T21:54:41+00:00\",\"description\":\"Rocket Referrals: recensione software di gestione della reputazione progettato per aiutare a raccogliere feedback per valutare i sentimenti dei clienti.\",\"breadcrumb\":{\"@id\":\"https:\\\/\\\/www.accuratereviews.com\\\/it\\\/software-gestione-recensioni\\\/rocket-referrals-recensione\\\/#breadcrumb\"},\"inLanguage\":\"it-IT\",\"potentialAction\":[{\"@type\":\"ReadAction\",\"target\":[\"https:\\\/\\\/www.accuratereviews.com\\\/it\\\/software-gestione-recensioni\\\/rocket-referrals-recensione\\\/\"]}]},{\"@type\":\"ImageObject\",\"inLanguage\":\"it-IT\",\"@id\":\"https:\\\/\\\/www.accuratereviews.com\\\/it\\\/software-gestione-recensioni\\\/rocket-referrals-recensione\\\/#primaryimage\",\"url\":\"https:\\\/\\\/www.accuratereviews.com\\\/wp-content\\\/uploads\\\/2022\\\/08\\\/Rocket-Referrals.png\",\"contentUrl\":\"https:\\\/\\\/www.accuratereviews.com\\\/wp-content\\\/uploads\\\/2022\\\/08\\\/Rocket-Referrals.png\",\"width\":200,\"height\":200},{\"@type\":\"BreadcrumbList\",\"@id\":\"https:\\\/\\\/www.accuratereviews.com\\\/it\\\/software-gestione-recensioni\\\/rocket-referrals-recensione\\\/#breadcrumb\",\"itemListElement\":[{\"@type\":\"ListItem\",\"position\":1,\"name\":\"Home\",\"item\":\"https:\\\/\\\/www.accuratereviews.com\\\/it\\\/\"},{\"@type\":\"ListItem\",\"position\":2,\"name\":\"Software per la gestione delle recensioni\",\"item\":\"https:\\\/\\\/www.accuratereviews.com\\\/it\\\/software-gestione-recensioni\\\/\"},{\"@type\":\"ListItem\",\"position\":3,\"name\":\"Rocket Referrals\"}]},{\"@type\":\"WebSite\",\"@id\":\"https:\\\/\\\/www.accuratereviews.com\\\/it\\\/#website\",\"url\":\"https:\\\/\\\/www.accuratereviews.com\\\/it\\\/\",\"name\":\"Accurate Reviews\",\"description\":\"\",\"potentialAction\":[{\"@type\":\"SearchAction\",\"target\":{\"@type\":\"EntryPoint\",\"urlTemplate\":\"https:\\\/\\\/www.accuratereviews.com\\\/it\\\/?s={search_term_string}\"},\"query-input\":{\"@type\":\"PropertyValueSpecification\",\"valueRequired\":true,\"valueName\":\"search_term_string\"}}],\"inLanguage\":\"it-IT\"}]}<\/script>\n<!-- \/ Yoast SEO plugin. -->","yoast_head_json":{"title":"Rocket Referrals: recensione software gestione recensioni","description":"Rocket Referrals: recensione software di gestione della reputazione progettato per aiutare a raccogliere feedback per valutare i sentimenti dei clienti.","robots":{"index":"index","follow":"follow","max-snippet":"max-snippet:-1","max-image-preview":"max-image-preview:large","max-video-preview":"max-video-preview:-1"},"canonical":"https:\/\/www.accuratereviews.com\/it\/software-gestione-recensioni\/rocket-referrals-recensione\/","og_locale":"it_IT","og_type":"article","og_title":"Rocket Referrals: recensione software gestione recensioni","og_description":"Rocket Referrals: recensione software di gestione della reputazione progettato per aiutare a raccogliere feedback per valutare i sentimenti dei clienti.","og_url":"https:\/\/www.accuratereviews.com\/it\/software-gestione-recensioni\/rocket-referrals-recensione\/","og_site_name":"Accurate Reviews","article_modified_time":"2024-01-29T21:54:41+00:00","og_image":[{"width":200,"height":200,"url":"https:\/\/www.accuratereviews.com\/wp-content\/uploads\/2022\/08\/Rocket-Referrals.png","type":"image\/png"}],"twitter_card":"summary_large_image","twitter_misc":{"Tempo di lettura stimato":"3 minuti"},"schema":{"@context":"https:\/\/schema.org","@graph":[{"@type":"WebPage","@id":"https:\/\/www.accuratereviews.com\/it\/software-gestione-recensioni\/rocket-referrals-recensione\/","url":"https:\/\/www.accuratereviews.com\/it\/software-gestione-recensioni\/rocket-referrals-recensione\/","name":"Rocket Referrals: recensione software gestione recensioni","isPartOf":{"@id":"https:\/\/www.accuratereviews.com\/it\/#website"},"primaryImageOfPage":{"@id":"https:\/\/www.accuratereviews.com\/it\/software-gestione-recensioni\/rocket-referrals-recensione\/#primaryimage"},"image":{"@id":"https:\/\/www.accuratereviews.com\/it\/software-gestione-recensioni\/rocket-referrals-recensione\/#primaryimage"},"thumbnailUrl":"https:\/\/www.accuratereviews.com\/wp-content\/uploads\/2022\/08\/Rocket-Referrals.png","datePublished":"2022-08-29T10:50:01+00:00","dateModified":"2024-01-29T21:54:41+00:00","description":"Rocket Referrals: recensione software di gestione della reputazione progettato per aiutare a raccogliere feedback per valutare i sentimenti dei clienti.","breadcrumb":{"@id":"https:\/\/www.accuratereviews.com\/it\/software-gestione-recensioni\/rocket-referrals-recensione\/#breadcrumb"},"inLanguage":"it-IT","potentialAction":[{"@type":"ReadAction","target":["https:\/\/www.accuratereviews.com\/it\/software-gestione-recensioni\/rocket-referrals-recensione\/"]}]},{"@type":"ImageObject","inLanguage":"it-IT","@id":"https:\/\/www.accuratereviews.com\/it\/software-gestione-recensioni\/rocket-referrals-recensione\/#primaryimage","url":"https:\/\/www.accuratereviews.com\/wp-content\/uploads\/2022\/08\/Rocket-Referrals.png","contentUrl":"https:\/\/www.accuratereviews.com\/wp-content\/uploads\/2022\/08\/Rocket-Referrals.png","width":200,"height":200},{"@type":"BreadcrumbList","@id":"https:\/\/www.accuratereviews.com\/it\/software-gestione-recensioni\/rocket-referrals-recensione\/#breadcrumb","itemListElement":[{"@type":"ListItem","position":1,"name":"Home","item":"https:\/\/www.accuratereviews.com\/it\/"},{"@type":"ListItem","position":2,"name":"Software per la gestione delle recensioni","item":"https:\/\/www.accuratereviews.com\/it\/software-gestione-recensioni\/"},{"@type":"ListItem","position":3,"name":"Rocket Referrals"}]},{"@type":"WebSite","@id":"https:\/\/www.accuratereviews.com\/it\/#website","url":"https:\/\/www.accuratereviews.com\/it\/","name":"Accurate Reviews","description":"","potentialAction":[{"@type":"SearchAction","target":{"@type":"EntryPoint","urlTemplate":"https:\/\/www.accuratereviews.com\/it\/?s={search_term_string}"},"query-input":{"@type":"PropertyValueSpecification","valueRequired":true,"valueName":"search_term_string"}}],"inLanguage":"it-IT"}]}},"_links":{"self":[{"href":"https:\/\/www.accuratereviews.com\/it\/wp-json\/wp\/v2\/pages\/60977","targetHints":{"allow":["GET"]}}],"collection":[{"href":"https:\/\/www.accuratereviews.com\/it\/wp-json\/wp\/v2\/pages"}],"about":[{"href":"https:\/\/www.accuratereviews.com\/it\/wp-json\/wp\/v2\/types\/page"}],"author":[{"embeddable":true,"href":"https:\/\/www.accuratereviews.com\/it\/wp-json\/wp\/v2\/users\/16"}],"replies":[{"embeddable":true,"href":"https:\/\/www.accuratereviews.com\/it\/wp-json\/wp\/v2\/comments?post=60977"}],"version-history":[{"count":11,"href":"https:\/\/www.accuratereviews.com\/it\/wp-json\/wp\/v2\/pages\/60977\/revisions"}],"predecessor-version":[{"id":74197,"href":"https:\/\/www.accuratereviews.com\/it\/wp-json\/wp\/v2\/pages\/60977\/revisions\/74197"}],"up":[{"embeddable":true,"href":"https:\/\/www.accuratereviews.com\/it\/wp-json\/wp\/v2\/pages\/60645"}],"wp:featuredmedia":[{"embeddable":true,"href":"https:\/\/www.accuratereviews.com\/it\/wp-json\/wp\/v2\/media\/61002"}],"wp:attachment":[{"href":"https:\/\/www.accuratereviews.com\/it\/wp-json\/wp\/v2\/media?parent=60977"}],"wp:term":[{"taxonomy":"category","embeddable":true,"href":"https:\/\/www.accuratereviews.com\/it\/wp-json\/wp\/v2\/categories?post=60977"},{"taxonomy":"post_tag","embeddable":true,"href":"https:\/\/www.accuratereviews.com\/it\/wp-json\/wp\/v2\/tags?post=60977"},{"taxonomy":"features","embeddable":true,"href":"https:\/\/www.accuratereviews.com\/it\/wp-json\/wp\/v2\/features?post=60977"}],"curies":[{"name":"wp","href":"https:\/\/api.w.org\/{rel}","templated":true}]}}