{"id":60985,"date":"2022-08-29T10:46:26","date_gmt":"2022-08-29T10:46:26","guid":{"rendered":"https:\/\/www.accuratereviews.com\/?page_id=60985"},"modified":"2024-01-29T21:51:28","modified_gmt":"2024-01-29T21:51:28","slug":"kenect-recensione","status":"publish","type":"page","link":"https:\/\/www.accuratereviews.com\/it\/software-gestione-recensioni\/kenect-recensione\/","title":{"rendered":"Kenect"},"content":{"rendered":"<p><strong>Kenect<\/strong> \u00e8 un <strong>software di gestione della reputazione<\/strong> basato su <strong>cloud<\/strong>, che aiuta le aziende a interagire con i clienti, generare recensioni online e acquisire pagamenti tramite messaggi di testo. Consente ai dipendenti di inviare messaggi di testo ai clienti tramite una casella di posta e di indirizzarli ai team in varie sedi o dipartimenti.\u00a0I team di marketing possono utilizzare la soluzione per creare messaggi di testo e inviarli ai clienti per raccogliere recensioni, rispondere e aggiornarle in tempo reale. Gli utenti possono ricevere notifiche via email o messaggio di testo quando viene inviato un nuovo testo tramite il sito web. Il testo ricevuto mostra l&#8217;URL della pagina visitata dal lead. La piattaforma facilita i pagamenti tramite text-to-pay, terminali virtuali e modalit\u00e0 contactless, consentendo alle persone di elaborare i pagamenti tramite carta di credito.<\/p>\n<h2>KENECT &#8211; TUTORIAL<\/h2>\n<div id=\"fluid-wrapper-counter-1\" class=\"g1-fluid-wrapper \" style=\"width:686px;\">\n<div style=\"padding-bottom:56.268221574344%;\"><iframe loading=\"lazy\" title=\"Kenect Product Feature 1: Business Texting\" width=\"686\" height=\"386\" src=\"https:\/\/www.youtube.com\/embed\/pzbSaOlK2l4?feature=oembed&amp;wmode=transparent&amp;autohide=1&amp;autoplay=0&amp;disablekb=0&amp;fs=1&amp;loop=0&amp;enablejsapi=1&amp;rel=0&amp;controls=2&amp;showinfo=0&amp;wmode=transparent&amp;autohide=2&amp;autoplay=0&amp;disablekb=0&amp;fs=1&amp;loop=0&amp;enablejsapi=1&amp;rel=0&amp;controls=2&amp;showinfo=1\" frameborder=\"0\" allow=\"accelerometer; autoplay; clipboard-write; encrypted-media; gyroscope; picture-in-picture\" allowfullscreen><\/iframe><\/div>\n<\/div>\n<h3>KENECT &#8211; CARATTERISTICHE<\/h3>\n<ul>\n<li>Aumenta le entrate: il cliente medio aumenta i ricavi del 6% nei primi 12 mesi<\/li>\n<li>Migliore comunicazione: invia immagini, promemoria, sms automatizzati, pianifica appuntamenti (ricorda che il 98% dei messaggi di testo viene letto)<\/li>\n<li>Aumentare l&#8217;efficienza: l&#8217;invio di sms consente di ridurre la posta vocale dell&#8217;84% e le chiamate in attesa dell&#8217;81%<\/li>\n<li>Risparmia tempo: indirizza i messaggi in modo intelligente alla persona, alla posizione o al reparto giusti, risparmiando molto tempo<\/li>\n<li>Ottieni l&#8217;attribuzione di marketing: ogni testo mostra l&#8217;URL e le informazioni sull&#8217;origine della pagina per la persona che ti invia messaggi<\/li>\n<li>Pianifica e invia promemoria degli appuntamenti. Invia orari, mappe, aggiornamenti del servizio, domande e persino immagini o video<\/li>\n<li>Facebook e Instagram integrati: non solo acquisisce testi, ma incorpora anche i tuoi messaggi di Facebook e Instagram in un&#8217;unica casella di posta, un unico pannello di vetro per tutti i tuoi messaggi.<\/li>\n<\/ul>\n<h4>LE RECENSIONI DEGLI UTENTI<\/h4>\n<p class=\"fw-bold mb-2\"><strong>Kristina &#8220;Il migliore in circolazione per le recensioni!&#8221;<br \/>\n<\/strong><span class=\"fw-bold\"><strong>Commenti<\/strong>: <\/span>La mia esperienza \u00e8 stata fantastica. Ottimo servizio clienti, facile da usare e ricco di funzionalit\u00e0.<br \/>\n<strong>Pro<\/strong>: \u00c8 semplice ed efficace. Consente al mio staff di inviare messaggi ai clienti senza rinunciare ai loro numeri, il che \u00e8 una grande vittoria per loro! Possono richiedere recensioni e programmare promemoria degli appuntamenti direttamente all&#8217;interno della piattaforma. Abbiamo organizzato un concorso di recensioni e siamo passati da 7 recensioni di Google a oltre 200 utilizzando questa piattaforma.<br \/>\n<strong>Contro<\/strong>:\u00a0Finora non ho trovato nulla che non mi piaccia. Sono sicuro che ci sar\u00e0 qualcosa, ma dovr\u00f2 aggiornare questa recensione quando sar\u00e0 il momento.<\/p>\n<p class=\"fw-bold mb-2\"><strong>Jon &#8220;Ottimo strumento per la tua forza vendita&#8221;<br \/>\n<\/strong><span class=\"fw-bold\"><strong>Commenti<\/strong>: <\/span>Kenect ha aumentato notevolmente le nostre vendite!<br \/>\n<strong>Pro<\/strong>: Ottimo strumento per il nostro team di vendita. Facile da navigare!<br \/>\n<strong>Contro<\/strong>:\u00a0Nessun antipatia per questo prodotto finora. Kenect aggiorna costantemente la sua piattaforma.<\/p>\n<p class=\"fw-bold mb-2\"><strong>Justifer &#8220;Ha fatto della gestione dei clienti un sogno!!&#8221;<br \/>\n<\/strong><strong>Pro<\/strong>: Amo la capacit\u00e0 di inviare messaggi costruiti e soprattutto depositi. Rende estremamente facile il trasferimento di informazioni avanti e indietro tra le vendite.<br \/>\n<strong>Contro<\/strong>:\u00a0A volte ho alcuni problemi con il fatto che \u00e8 &#8220;buggy&#8221;. A volte gli piace non riuscire a determinati messaggi.<\/p>\n","protected":false},"excerpt":{"rendered":"<p>Kenect \u00e8 un software di gestione della reputazione basato su cloud, che aiuta le aziende a interagire con i clienti, generare recensioni online e acquisire pagamenti tramite messaggi di testo. Consente ai dipendenti di inviare messaggi di testo ai clienti tramite una casella di posta e di indirizzarli ai team in varie sedi o dipartimenti.\u00a0<\/p>\n","protected":false},"author":16,"featured_media":60995,"parent":60645,"menu_order":0,"comment_status":"open","ping_status":"closed","template":"g1_template_page_review_new.php","meta":{"_acf_changed":false,"cwp_meta_box_check":"No","cwp_rev_product_name":"","cwp_rev_product_image":"","wppr_links":[],"cwp_rev_price":"","wppr_options":[],"wppr_pros":[],"wppr_cons":[],"_monsterinsights_skip_tracking":false,"_monsterinsights_sitenote_active":false,"_monsterinsights_sitenote_note":"","_monsterinsights_sitenote_category":0,"footnotes":""},"categories":[13158],"tags":[13238,13210,13245,13183,13206,13207],"features":[],"class_list":{"0":"post-60985","1":"page","2":"type-page","3":"status-publish","4":"has-post-thumbnail","6":"category-software-per-la-gestione-delle-recensioni","7":"tag-kenect","8":"tag-piattaforma-gestione-recensione","9":"tag-programma-gestione-recensione","10":"tag-recensioni","11":"tag-software-gestione-recensioni","12":"tag-soluzione-gestione-recensioni"},"wppr_data":{"cwp_meta_box_check":"No"},"acf":[],"yoast_head":"<!-- This site is optimized with the Yoast SEO plugin v27.4 - https:\/\/yoast.com\/product\/yoast-seo-wordpress\/ -->\n<title>Kenect: recensione software gestione recensioni - Accurate Reviews<\/title>\n<meta name=\"description\" content=\"Kenect: recensione software di gestione della reputazione basato su cloud, che aiuta le aziende a interagire con i clienti.\" \/>\n<meta name=\"robots\" content=\"index, follow, max-snippet:-1, max-image-preview:large, max-video-preview:-1\" \/>\n<link rel=\"canonical\" href=\"https:\/\/www.accuratereviews.com\/it\/software-gestione-recensioni\/kenect-recensione\/\" \/>\n<meta property=\"og:locale\" content=\"it_IT\" \/>\n<meta property=\"og:type\" content=\"article\" \/>\n<meta property=\"og:title\" content=\"Kenect: recensione software gestione recensioni - Accurate Reviews\" \/>\n<meta property=\"og:description\" content=\"Kenect: recensione software di gestione della reputazione basato su cloud, che aiuta le aziende a interagire con i clienti.\" \/>\n<meta property=\"og:url\" content=\"https:\/\/www.accuratereviews.com\/it\/software-gestione-recensioni\/kenect-recensione\/\" \/>\n<meta property=\"og:site_name\" content=\"Accurate Reviews\" \/>\n<meta property=\"article:modified_time\" content=\"2024-01-29T21:51:28+00:00\" \/>\n<meta property=\"og:image\" content=\"https:\/\/www.accuratereviews.com\/wp-content\/uploads\/2022\/08\/Kenect.png\" \/>\n\t<meta property=\"og:image:width\" content=\"512\" \/>\n\t<meta property=\"og:image:height\" content=\"512\" \/>\n\t<meta property=\"og:image:type\" content=\"image\/png\" \/>\n<meta name=\"twitter:card\" content=\"summary_large_image\" \/>\n<meta name=\"twitter:label1\" content=\"Tempo di lettura stimato\" \/>\n\t<meta name=\"twitter:data1\" content=\"3 minuti\" \/>\n<script type=\"application\/ld+json\" class=\"yoast-schema-graph\">{\"@context\":\"https:\\\/\\\/schema.org\",\"@graph\":[{\"@type\":\"WebPage\",\"@id\":\"https:\\\/\\\/www.accuratereviews.com\\\/it\\\/software-gestione-recensioni\\\/kenect-recensione\\\/\",\"url\":\"https:\\\/\\\/www.accuratereviews.com\\\/it\\\/software-gestione-recensioni\\\/kenect-recensione\\\/\",\"name\":\"Kenect: recensione software gestione recensioni - Accurate Reviews\",\"isPartOf\":{\"@id\":\"https:\\\/\\\/www.accuratereviews.com\\\/it\\\/#website\"},\"primaryImageOfPage\":{\"@id\":\"https:\\\/\\\/www.accuratereviews.com\\\/it\\\/software-gestione-recensioni\\\/kenect-recensione\\\/#primaryimage\"},\"image\":{\"@id\":\"https:\\\/\\\/www.accuratereviews.com\\\/it\\\/software-gestione-recensioni\\\/kenect-recensione\\\/#primaryimage\"},\"thumbnailUrl\":\"https:\\\/\\\/www.accuratereviews.com\\\/wp-content\\\/uploads\\\/2022\\\/08\\\/Kenect.png\",\"datePublished\":\"2022-08-29T10:46:26+00:00\",\"dateModified\":\"2024-01-29T21:51:28+00:00\",\"description\":\"Kenect: recensione software di gestione della reputazione basato su cloud, che aiuta le aziende a interagire con i clienti.\",\"breadcrumb\":{\"@id\":\"https:\\\/\\\/www.accuratereviews.com\\\/it\\\/software-gestione-recensioni\\\/kenect-recensione\\\/#breadcrumb\"},\"inLanguage\":\"it-IT\",\"potentialAction\":[{\"@type\":\"ReadAction\",\"target\":[\"https:\\\/\\\/www.accuratereviews.com\\\/it\\\/software-gestione-recensioni\\\/kenect-recensione\\\/\"]}]},{\"@type\":\"ImageObject\",\"inLanguage\":\"it-IT\",\"@id\":\"https:\\\/\\\/www.accuratereviews.com\\\/it\\\/software-gestione-recensioni\\\/kenect-recensione\\\/#primaryimage\",\"url\":\"https:\\\/\\\/www.accuratereviews.com\\\/wp-content\\\/uploads\\\/2022\\\/08\\\/Kenect.png\",\"contentUrl\":\"https:\\\/\\\/www.accuratereviews.com\\\/wp-content\\\/uploads\\\/2022\\\/08\\\/Kenect.png\",\"width\":512,\"height\":512},{\"@type\":\"BreadcrumbList\",\"@id\":\"https:\\\/\\\/www.accuratereviews.com\\\/it\\\/software-gestione-recensioni\\\/kenect-recensione\\\/#breadcrumb\",\"itemListElement\":[{\"@type\":\"ListItem\",\"position\":1,\"name\":\"Home\",\"item\":\"https:\\\/\\\/www.accuratereviews.com\\\/it\\\/\"},{\"@type\":\"ListItem\",\"position\":2,\"name\":\"Software per la gestione delle recensioni\",\"item\":\"https:\\\/\\\/www.accuratereviews.com\\\/it\\\/software-gestione-recensioni\\\/\"},{\"@type\":\"ListItem\",\"position\":3,\"name\":\"Kenect\"}]},{\"@type\":\"WebSite\",\"@id\":\"https:\\\/\\\/www.accuratereviews.com\\\/it\\\/#website\",\"url\":\"https:\\\/\\\/www.accuratereviews.com\\\/it\\\/\",\"name\":\"Accurate Reviews\",\"description\":\"\",\"potentialAction\":[{\"@type\":\"SearchAction\",\"target\":{\"@type\":\"EntryPoint\",\"urlTemplate\":\"https:\\\/\\\/www.accuratereviews.com\\\/it\\\/?s={search_term_string}\"},\"query-input\":{\"@type\":\"PropertyValueSpecification\",\"valueRequired\":true,\"valueName\":\"search_term_string\"}}],\"inLanguage\":\"it-IT\"}]}<\/script>\n<!-- \/ Yoast SEO plugin. -->","yoast_head_json":{"title":"Kenect: recensione software gestione recensioni - Accurate Reviews","description":"Kenect: recensione software di gestione della reputazione basato su cloud, che aiuta le aziende a interagire con i clienti.","robots":{"index":"index","follow":"follow","max-snippet":"max-snippet:-1","max-image-preview":"max-image-preview:large","max-video-preview":"max-video-preview:-1"},"canonical":"https:\/\/www.accuratereviews.com\/it\/software-gestione-recensioni\/kenect-recensione\/","og_locale":"it_IT","og_type":"article","og_title":"Kenect: recensione software gestione recensioni - Accurate Reviews","og_description":"Kenect: recensione software di gestione della reputazione basato su cloud, che aiuta le aziende a interagire con i clienti.","og_url":"https:\/\/www.accuratereviews.com\/it\/software-gestione-recensioni\/kenect-recensione\/","og_site_name":"Accurate Reviews","article_modified_time":"2024-01-29T21:51:28+00:00","og_image":[{"width":512,"height":512,"url":"https:\/\/www.accuratereviews.com\/wp-content\/uploads\/2022\/08\/Kenect.png","type":"image\/png"}],"twitter_card":"summary_large_image","twitter_misc":{"Tempo di lettura stimato":"3 minuti"},"schema":{"@context":"https:\/\/schema.org","@graph":[{"@type":"WebPage","@id":"https:\/\/www.accuratereviews.com\/it\/software-gestione-recensioni\/kenect-recensione\/","url":"https:\/\/www.accuratereviews.com\/it\/software-gestione-recensioni\/kenect-recensione\/","name":"Kenect: recensione software gestione recensioni - Accurate Reviews","isPartOf":{"@id":"https:\/\/www.accuratereviews.com\/it\/#website"},"primaryImageOfPage":{"@id":"https:\/\/www.accuratereviews.com\/it\/software-gestione-recensioni\/kenect-recensione\/#primaryimage"},"image":{"@id":"https:\/\/www.accuratereviews.com\/it\/software-gestione-recensioni\/kenect-recensione\/#primaryimage"},"thumbnailUrl":"https:\/\/www.accuratereviews.com\/wp-content\/uploads\/2022\/08\/Kenect.png","datePublished":"2022-08-29T10:46:26+00:00","dateModified":"2024-01-29T21:51:28+00:00","description":"Kenect: recensione software di gestione della reputazione basato su cloud, che aiuta le aziende a interagire con i clienti.","breadcrumb":{"@id":"https:\/\/www.accuratereviews.com\/it\/software-gestione-recensioni\/kenect-recensione\/#breadcrumb"},"inLanguage":"it-IT","potentialAction":[{"@type":"ReadAction","target":["https:\/\/www.accuratereviews.com\/it\/software-gestione-recensioni\/kenect-recensione\/"]}]},{"@type":"ImageObject","inLanguage":"it-IT","@id":"https:\/\/www.accuratereviews.com\/it\/software-gestione-recensioni\/kenect-recensione\/#primaryimage","url":"https:\/\/www.accuratereviews.com\/wp-content\/uploads\/2022\/08\/Kenect.png","contentUrl":"https:\/\/www.accuratereviews.com\/wp-content\/uploads\/2022\/08\/Kenect.png","width":512,"height":512},{"@type":"BreadcrumbList","@id":"https:\/\/www.accuratereviews.com\/it\/software-gestione-recensioni\/kenect-recensione\/#breadcrumb","itemListElement":[{"@type":"ListItem","position":1,"name":"Home","item":"https:\/\/www.accuratereviews.com\/it\/"},{"@type":"ListItem","position":2,"name":"Software per la gestione delle recensioni","item":"https:\/\/www.accuratereviews.com\/it\/software-gestione-recensioni\/"},{"@type":"ListItem","position":3,"name":"Kenect"}]},{"@type":"WebSite","@id":"https:\/\/www.accuratereviews.com\/it\/#website","url":"https:\/\/www.accuratereviews.com\/it\/","name":"Accurate Reviews","description":"","potentialAction":[{"@type":"SearchAction","target":{"@type":"EntryPoint","urlTemplate":"https:\/\/www.accuratereviews.com\/it\/?s={search_term_string}"},"query-input":{"@type":"PropertyValueSpecification","valueRequired":true,"valueName":"search_term_string"}}],"inLanguage":"it-IT"}]}},"_links":{"self":[{"href":"https:\/\/www.accuratereviews.com\/it\/wp-json\/wp\/v2\/pages\/60985","targetHints":{"allow":["GET"]}}],"collection":[{"href":"https:\/\/www.accuratereviews.com\/it\/wp-json\/wp\/v2\/pages"}],"about":[{"href":"https:\/\/www.accuratereviews.com\/it\/wp-json\/wp\/v2\/types\/page"}],"author":[{"embeddable":true,"href":"https:\/\/www.accuratereviews.com\/it\/wp-json\/wp\/v2\/users\/16"}],"replies":[{"embeddable":true,"href":"https:\/\/www.accuratereviews.com\/it\/wp-json\/wp\/v2\/comments?post=60985"}],"version-history":[{"count":11,"href":"https:\/\/www.accuratereviews.com\/it\/wp-json\/wp\/v2\/pages\/60985\/revisions"}],"predecessor-version":[{"id":74195,"href":"https:\/\/www.accuratereviews.com\/it\/wp-json\/wp\/v2\/pages\/60985\/revisions\/74195"}],"up":[{"embeddable":true,"href":"https:\/\/www.accuratereviews.com\/it\/wp-json\/wp\/v2\/pages\/60645"}],"wp:featuredmedia":[{"embeddable":true,"href":"https:\/\/www.accuratereviews.com\/it\/wp-json\/wp\/v2\/media\/60995"}],"wp:attachment":[{"href":"https:\/\/www.accuratereviews.com\/it\/wp-json\/wp\/v2\/media?parent=60985"}],"wp:term":[{"taxonomy":"category","embeddable":true,"href":"https:\/\/www.accuratereviews.com\/it\/wp-json\/wp\/v2\/categories?post=60985"},{"taxonomy":"post_tag","embeddable":true,"href":"https:\/\/www.accuratereviews.com\/it\/wp-json\/wp\/v2\/tags?post=60985"},{"taxonomy":"features","embeddable":true,"href":"https:\/\/www.accuratereviews.com\/it\/wp-json\/wp\/v2\/features?post=60985"}],"curies":[{"name":"wp","href":"https:\/\/api.w.org\/{rel}","templated":true}]}}