{"id":61211,"date":"2022-09-06T14:57:19","date_gmt":"2022-09-06T14:57:19","guid":{"rendered":"https:\/\/www.accuratereviews.com\/?page_id=61211"},"modified":"2022-09-06T14:58:10","modified_gmt":"2022-09-06T14:58:10","slug":"startquestion-recensione","status":"publish","type":"page","link":"https:\/\/www.accuratereviews.com\/it\/software-votazioni\/startquestion-recensione\/","title":{"rendered":"Startquestion"},"content":{"rendered":"<p><strong>Startquestion<\/strong> \u00e8 un<strong> software per sondaggi<\/strong> professionale per creare questionari online per la ricerca di dipendenti, clienti e organizzazioni no profit. Le caratteristiche principali includono l&#8217;email marketing, una vasta scelta di domande, gli URL dei sondaggi personalizzati, i modelli, la distribuzione multicanale e gli strumenti di analisi dei dati. Con il programma puoi\u00a0aggiungere il logo dell&#8217;azienda o del progetto ai questionari e stabilire l&#8217;identit\u00e0 del marchio con gli intervistati. I modelli grafici integrati consentono agli utenti di personalizzare domande, titoli, risposte, barra di avanzamento, cornici, foto di sfondo, messaggi, pulsanti e altri contenuti del progetto del sondaggio.<\/p>\n<h2>STARTQUESTION &#8211; TUTORIAL<\/h2>\n<div id=\"fluid-wrapper-counter-1\" class=\"g1-fluid-wrapper \" style=\"width:686px;\">\n<div style=\"padding-bottom:56.268221574344%;\"><iframe loading=\"lazy\" title=\"Quick start with Startquestion Shopify App\" width=\"686\" height=\"386\" src=\"https:\/\/www.youtube.com\/embed\/pQiPlLAUDCU?feature=oembed&amp;wmode=transparent&amp;autohide=1&amp;autoplay=0&amp;disablekb=0&amp;fs=1&amp;loop=0&amp;enablejsapi=1&amp;rel=0&amp;controls=2&amp;showinfo=0&amp;wmode=transparent&amp;autohide=2&amp;autoplay=0&amp;disablekb=0&amp;fs=1&amp;loop=0&amp;enablejsapi=1&amp;rel=0&amp;controls=2&amp;showinfo=1\" frameborder=\"0\" allow=\"accelerometer; autoplay; clipboard-write; encrypted-media; gyroscope; picture-in-picture\" allowfullscreen><\/iframe><\/div>\n<\/div>\n<h3>STARTQUESTION &#8211; CARATTERISTICHE<\/h3>\n<ul>\n<li><strong>Rapporti email ricorrenti<\/strong>: imposta la condivisione automatica dei rapporti con i membri del team selezionati. Monitora i KPI quotidianamente o settimanalmente nel tuo spazio di lavoro naturale come email o Slack.<\/li>\n<li><strong>Esportazioni di dati<\/strong>: esporta i dati grezzi in Excel o SPSS, se desideri effettuare analisi avanzate.<\/li>\n<li><strong>Rapporti con un clic<\/strong>: report veloci su Excel, Word, Powerpoint o PDF con un clic e il file \u00e8 pronto.\u00a0Condividilo facilmente con il tuo team o presentalo a una riunione.<\/li>\n<li><strong>Notifiche e avvisi<\/strong>: imposta notifiche personalizzate per le risposte che soddisfano i tuoi criteri. Agisci rapidamente sul dipendente o sul cliente insoddisfatto.<\/li>\n<li><strong>Intuitivit\u00e0<\/strong>: la piattaforma \u00e8 estremamente facile da usare. Semplice creazione di questionari, impostazioni convenienti, analisi dei dati chiara e un rivoluzionario sistema di reporting.<\/li>\n<li><strong>Supporto<\/strong>: gli operatori\u00a0ti consiglieranno in ogni aspetto, a partire dalle questioni tecniche fino a quelle pi\u00f9 concrete.<\/li>\n<li><strong>Innovazione<\/strong>: la piattaforma aggiorna costantemente le sue capacit\u00e0. Si occupa anche dell&#8217;apprendimento delle conoscenze pi\u00f9 recenti e dell&#8217;acquisizione di certificati nei campi della ricerca sui sondaggi.<\/li>\n<\/ul>\n<h4>LE RECENSIONI DEGLI UTENTI<\/h4>\n<p><strong>Zuhairah&#8221;Raccogli feedback&#8221;<br \/>\n<\/strong><strong>Pro<\/strong>:\u00a0La cosa migliore di Startquestion \u00e8 che ha un generatore di sondaggi che \u00e8 davvero utile nella costruzione della struttura di base del modulo di sondaggio con il modello integrato che forniscono. Risparmi tempo fornendo suggerimenti per il tipo di domanda da porre sul modulo del sondaggio.<br \/>\n<strong>Contro<\/strong>: non ci sono molte scelte che possono essere fatte dallo schema dei prezzi di abbonamento, specialmente per le piccole aziende, costringendole cos\u00ec a scegliere un piano premium pi\u00f9 costoso di quello di cui la loro organizzazione ha effettivamente bisogno. L&#8217;utente sar\u00e0 pi\u00f9 contento se potr\u00e0 essere pi\u00f9 flessibile sul piano tariffario.<\/p>\n<p class=\"fw-bold mb-2\"><strong>Agata&#8221;la mia scelta&#8221;<br \/>\n<\/strong><strong>Pro<\/strong>:\u00a0strumento intuitivo, ampia gamma di funzionalit\u00e0, opzioni avanzate per ricercatori professionisti e servizio di assistenza efficiente e rapido<br \/>\n<strong>Contro<\/strong>:\u00a0nessuna opzione gratuita, nemmeno per la ricerca degli studenti<\/p>\n<p class=\"fw-bold mb-2\"><strong>Artur&#8221;Lo strumento migliore per raccogliere feedback&#8221;<br \/>\n<\/strong><span class=\"fw-bold\"><strong>Commenti<\/strong>: u<\/span>n grande vantaggio per un pannello utente intuitivo.\u00a0Il prezzo dello strumento \u00e8 competitivo con gli altri.<br \/>\n<strong>Pro<\/strong>: l&#8217;intuitivit\u00e0 di questo strumento e l&#8217;ampia possibilit\u00e0 di analisi dei risultati.<br \/>\n<strong>Contro<\/strong>: \u00e8 difficile trovare cose che non mi piacciono di questo strumento.<\/p>\n","protected":false},"excerpt":{"rendered":"<p>Startquestion \u00e8 un software per sondaggi professionale per creare questionari online per la ricerca di dipendenti, clienti e organizzazioni no profit. Le caratteristiche principali includono l&#8217;email marketing, una vasta scelta di domande, gli URL dei sondaggi personalizzati, i modelli, la distribuzione multicanale e gli strumenti di analisi dei dati.<\/p>\n","protected":false},"author":16,"featured_media":61213,"parent":61161,"menu_order":0,"comment_status":"open","ping_status":"closed","template":"g1_template_page_review_new.php","meta":{"_acf_changed":false,"cwp_meta_box_check":"No","cwp_rev_product_name":"","cwp_rev_product_image":"","wppr_links":[],"cwp_rev_price":"","wppr_options":[],"wppr_pros":[],"wppr_cons":[],"_monsterinsights_skip_tracking":false,"_monsterinsights_sitenote_active":false,"_monsterinsights_sitenote_note":"","_monsterinsights_sitenote_category":0,"footnotes":""},"categories":[13279],"tags":[13293,13286,13294,13282,13292,13281,13289,13291,13308,13320,13290],"features":[],"class_list":{"0":"post-61211","1":"page","2":"type-page","3":"status-publish","4":"has-post-thumbnail","6":"category-software-votazioni-cat","7":"tag-piattaforma-per-sondaggi","8":"tag-piattaforma-per-votazioni","9":"tag-programma-per-sondaggi","10":"tag-programma-per-votazioni","11":"tag-software-per-sondaggi","12":"tag-software-per-votazioni","13":"tag-soluzione-per-sondaggi","14":"tag-soluzione-per-votazioni","15":"tag-sondaggi","16":"tag-startquestion","17":"tag-votazioni"},"wppr_data":{"cwp_meta_box_check":"No"},"acf":[],"yoast_head":"<!-- This site is optimized with the Yoast SEO plugin v27.4 - https:\/\/yoast.com\/product\/yoast-seo-wordpress\/ -->\n<title>Startquestion: recensione software per votazioni - Accurate Reviews<\/title>\n<meta name=\"description\" content=\"Startquestion: recensione del software per sondaggi professionali con cui puoi creare questionari online per la ricerca di dipendenti e altro.\" \/>\n<meta name=\"robots\" content=\"index, follow, max-snippet:-1, max-image-preview:large, max-video-preview:-1\" \/>\n<link rel=\"canonical\" href=\"https:\/\/www.accuratereviews.com\/it\/software-votazioni\/startquestion-recensione\/\" \/>\n<meta property=\"og:locale\" content=\"it_IT\" \/>\n<meta property=\"og:type\" content=\"article\" \/>\n<meta property=\"og:title\" content=\"Startquestion: recensione software per votazioni - Accurate Reviews\" \/>\n<meta property=\"og:description\" content=\"Startquestion: recensione del software per sondaggi professionali con cui puoi creare questionari online per la ricerca di dipendenti e altro.\" \/>\n<meta property=\"og:url\" content=\"https:\/\/www.accuratereviews.com\/it\/software-votazioni\/startquestion-recensione\/\" \/>\n<meta property=\"og:site_name\" content=\"Accurate Reviews\" \/>\n<meta property=\"article:modified_time\" content=\"2022-09-06T14:58:10+00:00\" \/>\n<meta property=\"og:image\" content=\"https:\/\/www.accuratereviews.com\/wp-content\/uploads\/2022\/09\/startquestion.png\" \/>\n\t<meta property=\"og:image:width\" content=\"600\" \/>\n\t<meta property=\"og:image:height\" content=\"315\" \/>\n\t<meta property=\"og:image:type\" content=\"image\/png\" \/>\n<meta name=\"twitter:card\" content=\"summary_large_image\" \/>\n<meta name=\"twitter:label1\" content=\"Tempo di lettura stimato\" \/>\n\t<meta name=\"twitter:data1\" content=\"3 minuti\" \/>\n<script type=\"application\/ld+json\" class=\"yoast-schema-graph\">{\"@context\":\"https:\\\/\\\/schema.org\",\"@graph\":[{\"@type\":\"WebPage\",\"@id\":\"https:\\\/\\\/www.accuratereviews.com\\\/it\\\/software-votazioni\\\/startquestion-recensione\\\/\",\"url\":\"https:\\\/\\\/www.accuratereviews.com\\\/it\\\/software-votazioni\\\/startquestion-recensione\\\/\",\"name\":\"Startquestion: recensione software per votazioni - Accurate Reviews\",\"isPartOf\":{\"@id\":\"https:\\\/\\\/www.accuratereviews.com\\\/it\\\/#website\"},\"primaryImageOfPage\":{\"@id\":\"https:\\\/\\\/www.accuratereviews.com\\\/it\\\/software-votazioni\\\/startquestion-recensione\\\/#primaryimage\"},\"image\":{\"@id\":\"https:\\\/\\\/www.accuratereviews.com\\\/it\\\/software-votazioni\\\/startquestion-recensione\\\/#primaryimage\"},\"thumbnailUrl\":\"https:\\\/\\\/www.accuratereviews.com\\\/wp-content\\\/uploads\\\/2022\\\/09\\\/startquestion.png\",\"datePublished\":\"2022-09-06T14:57:19+00:00\",\"dateModified\":\"2022-09-06T14:58:10+00:00\",\"description\":\"Startquestion: recensione del software per sondaggi professionali con cui puoi creare questionari online per la ricerca di dipendenti e altro.\",\"breadcrumb\":{\"@id\":\"https:\\\/\\\/www.accuratereviews.com\\\/it\\\/software-votazioni\\\/startquestion-recensione\\\/#breadcrumb\"},\"inLanguage\":\"it-IT\",\"potentialAction\":[{\"@type\":\"ReadAction\",\"target\":[\"https:\\\/\\\/www.accuratereviews.com\\\/it\\\/software-votazioni\\\/startquestion-recensione\\\/\"]}]},{\"@type\":\"ImageObject\",\"inLanguage\":\"it-IT\",\"@id\":\"https:\\\/\\\/www.accuratereviews.com\\\/it\\\/software-votazioni\\\/startquestion-recensione\\\/#primaryimage\",\"url\":\"https:\\\/\\\/www.accuratereviews.com\\\/wp-content\\\/uploads\\\/2022\\\/09\\\/startquestion.png\",\"contentUrl\":\"https:\\\/\\\/www.accuratereviews.com\\\/wp-content\\\/uploads\\\/2022\\\/09\\\/startquestion.png\",\"width\":600,\"height\":315},{\"@type\":\"BreadcrumbList\",\"@id\":\"https:\\\/\\\/www.accuratereviews.com\\\/it\\\/software-votazioni\\\/startquestion-recensione\\\/#breadcrumb\",\"itemListElement\":[{\"@type\":\"ListItem\",\"position\":1,\"name\":\"Home\",\"item\":\"https:\\\/\\\/www.accuratereviews.com\\\/it\\\/\"},{\"@type\":\"ListItem\",\"position\":2,\"name\":\"Software per votazioni\",\"item\":\"https:\\\/\\\/www.accuratereviews.com\\\/it\\\/software-votazioni\\\/\"},{\"@type\":\"ListItem\",\"position\":3,\"name\":\"Startquestion\"}]},{\"@type\":\"WebSite\",\"@id\":\"https:\\\/\\\/www.accuratereviews.com\\\/it\\\/#website\",\"url\":\"https:\\\/\\\/www.accuratereviews.com\\\/it\\\/\",\"name\":\"Accurate Reviews\",\"description\":\"\",\"potentialAction\":[{\"@type\":\"SearchAction\",\"target\":{\"@type\":\"EntryPoint\",\"urlTemplate\":\"https:\\\/\\\/www.accuratereviews.com\\\/it\\\/?s={search_term_string}\"},\"query-input\":{\"@type\":\"PropertyValueSpecification\",\"valueRequired\":true,\"valueName\":\"search_term_string\"}}],\"inLanguage\":\"it-IT\"}]}<\/script>\n<!-- \/ Yoast SEO plugin. -->","yoast_head_json":{"title":"Startquestion: recensione software per votazioni - Accurate Reviews","description":"Startquestion: recensione del software per sondaggi professionali con cui puoi creare questionari online per la ricerca di dipendenti e altro.","robots":{"index":"index","follow":"follow","max-snippet":"max-snippet:-1","max-image-preview":"max-image-preview:large","max-video-preview":"max-video-preview:-1"},"canonical":"https:\/\/www.accuratereviews.com\/it\/software-votazioni\/startquestion-recensione\/","og_locale":"it_IT","og_type":"article","og_title":"Startquestion: recensione software per votazioni - Accurate Reviews","og_description":"Startquestion: recensione del software per sondaggi professionali con cui puoi creare questionari online per la ricerca di dipendenti e altro.","og_url":"https:\/\/www.accuratereviews.com\/it\/software-votazioni\/startquestion-recensione\/","og_site_name":"Accurate Reviews","article_modified_time":"2022-09-06T14:58:10+00:00","og_image":[{"width":600,"height":315,"url":"https:\/\/www.accuratereviews.com\/wp-content\/uploads\/2022\/09\/startquestion.png","type":"image\/png"}],"twitter_card":"summary_large_image","twitter_misc":{"Tempo di lettura stimato":"3 minuti"},"schema":{"@context":"https:\/\/schema.org","@graph":[{"@type":"WebPage","@id":"https:\/\/www.accuratereviews.com\/it\/software-votazioni\/startquestion-recensione\/","url":"https:\/\/www.accuratereviews.com\/it\/software-votazioni\/startquestion-recensione\/","name":"Startquestion: recensione software per votazioni - Accurate Reviews","isPartOf":{"@id":"https:\/\/www.accuratereviews.com\/it\/#website"},"primaryImageOfPage":{"@id":"https:\/\/www.accuratereviews.com\/it\/software-votazioni\/startquestion-recensione\/#primaryimage"},"image":{"@id":"https:\/\/www.accuratereviews.com\/it\/software-votazioni\/startquestion-recensione\/#primaryimage"},"thumbnailUrl":"https:\/\/www.accuratereviews.com\/wp-content\/uploads\/2022\/09\/startquestion.png","datePublished":"2022-09-06T14:57:19+00:00","dateModified":"2022-09-06T14:58:10+00:00","description":"Startquestion: recensione del software per sondaggi professionali con cui puoi creare questionari online per la ricerca di dipendenti e altro.","breadcrumb":{"@id":"https:\/\/www.accuratereviews.com\/it\/software-votazioni\/startquestion-recensione\/#breadcrumb"},"inLanguage":"it-IT","potentialAction":[{"@type":"ReadAction","target":["https:\/\/www.accuratereviews.com\/it\/software-votazioni\/startquestion-recensione\/"]}]},{"@type":"ImageObject","inLanguage":"it-IT","@id":"https:\/\/www.accuratereviews.com\/it\/software-votazioni\/startquestion-recensione\/#primaryimage","url":"https:\/\/www.accuratereviews.com\/wp-content\/uploads\/2022\/09\/startquestion.png","contentUrl":"https:\/\/www.accuratereviews.com\/wp-content\/uploads\/2022\/09\/startquestion.png","width":600,"height":315},{"@type":"BreadcrumbList","@id":"https:\/\/www.accuratereviews.com\/it\/software-votazioni\/startquestion-recensione\/#breadcrumb","itemListElement":[{"@type":"ListItem","position":1,"name":"Home","item":"https:\/\/www.accuratereviews.com\/it\/"},{"@type":"ListItem","position":2,"name":"Software per votazioni","item":"https:\/\/www.accuratereviews.com\/it\/software-votazioni\/"},{"@type":"ListItem","position":3,"name":"Startquestion"}]},{"@type":"WebSite","@id":"https:\/\/www.accuratereviews.com\/it\/#website","url":"https:\/\/www.accuratereviews.com\/it\/","name":"Accurate Reviews","description":"","potentialAction":[{"@type":"SearchAction","target":{"@type":"EntryPoint","urlTemplate":"https:\/\/www.accuratereviews.com\/it\/?s={search_term_string}"},"query-input":{"@type":"PropertyValueSpecification","valueRequired":true,"valueName":"search_term_string"}}],"inLanguage":"it-IT"}]}},"_links":{"self":[{"href":"https:\/\/www.accuratereviews.com\/it\/wp-json\/wp\/v2\/pages\/61211","targetHints":{"allow":["GET"]}}],"collection":[{"href":"https:\/\/www.accuratereviews.com\/it\/wp-json\/wp\/v2\/pages"}],"about":[{"href":"https:\/\/www.accuratereviews.com\/it\/wp-json\/wp\/v2\/types\/page"}],"author":[{"embeddable":true,"href":"https:\/\/www.accuratereviews.com\/it\/wp-json\/wp\/v2\/users\/16"}],"replies":[{"embeddable":true,"href":"https:\/\/www.accuratereviews.com\/it\/wp-json\/wp\/v2\/comments?post=61211"}],"version-history":[{"count":9,"href":"https:\/\/www.accuratereviews.com\/it\/wp-json\/wp\/v2\/pages\/61211\/revisions"}],"predecessor-version":[{"id":61273,"href":"https:\/\/www.accuratereviews.com\/it\/wp-json\/wp\/v2\/pages\/61211\/revisions\/61273"}],"up":[{"embeddable":true,"href":"https:\/\/www.accuratereviews.com\/it\/wp-json\/wp\/v2\/pages\/61161"}],"wp:featuredmedia":[{"embeddable":true,"href":"https:\/\/www.accuratereviews.com\/it\/wp-json\/wp\/v2\/media\/61213"}],"wp:attachment":[{"href":"https:\/\/www.accuratereviews.com\/it\/wp-json\/wp\/v2\/media?parent=61211"}],"wp:term":[{"taxonomy":"category","embeddable":true,"href":"https:\/\/www.accuratereviews.com\/it\/wp-json\/wp\/v2\/categories?post=61211"},{"taxonomy":"post_tag","embeddable":true,"href":"https:\/\/www.accuratereviews.com\/it\/wp-json\/wp\/v2\/tags?post=61211"},{"taxonomy":"features","embeddable":true,"href":"https:\/\/www.accuratereviews.com\/it\/wp-json\/wp\/v2\/features?post=61211"}],"curies":[{"name":"wp","href":"https:\/\/api.w.org\/{rel}","templated":true}]}}