{"id":61219,"date":"2022-09-06T11:34:02","date_gmt":"2022-09-06T11:34:02","guid":{"rendered":"https:\/\/www.accuratereviews.com\/?page_id=61219"},"modified":"2022-09-06T11:34:02","modified_gmt":"2022-09-06T11:34:02","slug":"slido-recensione","status":"publish","type":"page","link":"https:\/\/www.accuratereviews.com\/it\/software-votazioni\/slido-recensione\/","title":{"rendered":"Slido"},"content":{"rendered":"<p><strong>Slido<\/strong> \u00e8 una<strong> soluzione per sondaggi<\/strong>,\u00a0domande e risposte che aiuta le aziende a coinvolgere i partecipanti alle riunioni e ottenere informazioni dettagliate sulle reazioni del pubblico durante riunioni virtuali, webinar, eventi e conferenze. I relatori possono filtrare le richieste inappropriate e progettare e organizzare sessioni di quiz dal vivo interattive. Il software\u00a0consente agli amministratori di creare pi\u00f9 stanze virtuali, condividere l&#8217;accesso con le parti interessate, impostare marchi personalizzabili e configurare livelli di privacy per garantire la sicurezza degli utenti. Permette al pubblico di fornire feedback anonimi, aggiungere commenti e votare domande specifiche. Inoltre, la funzionalit\u00e0 di analisi aiuta gli amministratori a tenere traccia delle query pi\u00f9 frequenti, identificare i partecipanti attivi, accedere ai risultati del sondaggio e generare infografiche esportabili.<\/p>\n<h2>SLIDO &#8211; TUTORIAL<\/h2>\n<p>Guardiamo come utilizzare questo<strong> programma di votazioni<\/strong> per la prima volta:<\/p>\n<div id=\"fluid-wrapper-counter-1\" class=\"g1-fluid-wrapper \" style=\"width:686px;\">\n<div style=\"padding-bottom:56.268221574344%;\"><iframe loading=\"lazy\" title=\"How to use Slido - Tutorial for Beginners\" width=\"686\" height=\"386\" src=\"https:\/\/www.youtube.com\/embed\/1IVUNFjs5oY?feature=oembed&amp;wmode=transparent&amp;autohide=1&amp;autoplay=0&amp;disablekb=0&amp;fs=1&amp;loop=0&amp;enablejsapi=1&amp;rel=0&amp;controls=2&amp;showinfo=0&amp;wmode=transparent&amp;autohide=2&amp;autoplay=0&amp;disablekb=0&amp;fs=1&amp;loop=0&amp;enablejsapi=1&amp;rel=0&amp;controls=2&amp;showinfo=1\" frameborder=\"0\" allow=\"accelerometer; autoplay; clipboard-write; encrypted-media; gyroscope; picture-in-picture\" allowfullscreen><\/iframe><\/div>\n<\/div>\n<h3>SLIDO &#8211; CARATTERISTICHE<\/h3>\n<ul>\n<li><strong>Sondaggi in diretta<\/strong>: trasforma le tue presentazioni unidirezionali in conversazioni coinvolgenti con sondaggi dal vivo, chat o quiz. Chiedi cosa pensano le persone o come si sentono e ricevi il loro feedback in tempo reale.<\/li>\n<li><strong>Domande e risposte del pubblico<\/strong>: dai a tutti la possibilit\u00e0 di porre le loro domande. Le persone possono chiedere in modo anonimo e votare le domande che preferiscono, portando alla luce gli argomenti importanti.<\/li>\n<li><strong>Quiz<\/strong>:\u00a0crea un po&#8217; di divertimento alle tue riunioni o sessioni di formazione. Genera un quiz dal vivo o un gioco a quiz e metti alla prova le conoscenze delle persone in modo interattivo.<\/li>\n<li><strong>Analitica<\/strong>: ottieni preziose informazioni dalle tue riunioni con Slide Analytics. Scopri quante persone sono state coinvolte ed esporta le tue domande o i risultati delle votazioni per ulteriori analisi.<\/li>\n<li><strong>Sondaggio di valutazione<\/strong>: un sondaggio di valutazione offre il modo pi\u00f9 rapido per ottenere feedback dai partecipanti. Consenti loro di valutare la tua sessione o vedere dove si trovano su determinate aree nei sondaggi.<\/li>\n<li><strong>Scelta multipla<\/strong>: scopri le opinioni, le preferenze e le conoscenze del tuo pubblico. Con i sondaggi a scelta multipla, le persone votano su opzioni predefinite e puoi vedere rapidamente la risposta prevalente.<\/li>\n<li><strong>Sondaggio di classifica<\/strong>: chiedi alle persone di dare la priorit\u00e0 a elementi diversi in base alla loro importanza. Un sondaggio di ranking pu\u00f2 aiutarti a identificare gli argomenti, i progetti o le aree pi\u00f9 rilevanti e prendere decisioni migliori.<\/li>\n<\/ul>\n<h4>LE RECENSIONI DEGLI UTENTI<\/h4>\n<p class=\"fw-bold mb-2\"><strong>Rick&#8221;Sondaggio del pubblico e domande e risposte&#8221;<\/strong><\/p>\n<p><span class=\"fw-bold\"><strong>Commenti<\/strong>: <\/span>Lo uso principalmente quando parlo a gruppi pi\u00f9 grandi o quando ho bisogno di vedere le risposte ai sondaggi in una presentazione PowerPoint. Ha funzionato meravigliosamente in queste situazioni.<\/p>\n<p class=\"fw-bold mb-2\"><strong>Pro<\/strong>:\u00a0Mi piace che si integri facilmente in powerpoint e tuttavia mi consenta la flessibilit\u00e0 di usarlo con il mio telefono. Mi piace il fatto di avere varie opzioni di tipo di domanda nella versione gratuita. Mi piace che sia MOLTO facile da usare per il pubblico e offra opportunit\u00e0 in tempo reale per rispondere alle domande e promuovere il coinvolgimento.<\/p>\n<p class=\"fw-bold mb-2\"><strong>Contro<\/strong>:\u00a0Finora mi sono piaciuti tutti quelli che ho provato, quindi non ho alcun &#8220;contro&#8221;<\/p>\n<p class=\"fw-bold mb-2\"><strong>Andrew&#8221;Semplice da configurare e gestire&#8221;<\/strong><\/p>\n<p><span class=\"fw-bold\"><strong>Commenti<\/strong>: <\/span>Facile da implementare e un gioco da ragazzi per ottenere un rapido feedback iniziale.<\/p>\n<p class=\"fw-bold mb-2\"><strong>Pro<\/strong>:\u00a0L&#8217;app \u00e8 molto accessibile e ha reso la gestione di un&#8217;ampia selezione di categorie un gioco da ragazzi.<\/p>\n<p class=\"fw-bold mb-2\"><strong>Contro<\/strong>:\u00a0L&#8217;interfaccia utente pu\u00f2 diventare disordinata e, a volte, un numero maggiore di categorie pu\u00f2 forzare la visualizzazione ad allungarsi.<\/p>\n<p class=\"fw-bold mb-2\"><strong>Matej&#8221;Il miglior strumento per eventi live e online&#8221;<\/strong><\/p>\n<p><span class=\"fw-bold\"><strong>Commenti<\/strong>: <\/span>Uso Slido da quando l&#8217;ho visto a una conferenza. L&#8217;esperienza utente \u00e8 ottima sia per il presentatore che per il pubblico. Numerose integrazioni con Powerpoint, Presentazioni Google e Zoom aiutano a rendere le presentazioni perfettamente interattive. Mi piace anche il fatto che supporti la mia lingua madre.<\/p>\n<p class=\"fw-bold mb-2\">Pro:\u00a0Gli eventi Slide sono facili da configurare e ancora pi\u00f9 facili da usare. Di tutti gli strumenti che ho utilizzato in occasione di eventi live e online, Slido offre i tassi di interazione pi\u00f9 elevati.<\/p>\n<p class=\"fw-bold mb-2\">Contro:\u00a0Vorrei poter contrassegnare le domande in un sondaggio come richiesto. Questa non \u00e8 ancora un&#8217;opzione. Mi sarebbe utile.<\/p>\n","protected":false},"excerpt":{"rendered":"<p>Slido \u00e8 una soluzione per sondaggi,\u00a0domande e risposte che aiuta le aziende a coinvolgere i partecipanti alle riunioni e ottenere informazioni dettagliate sulle reazioni del pubblico durante riunioni virtuali, webinar, eventi e conferenze. I relatori possono filtrare le richieste inappropriate e progettare e organizzare sessioni di quiz dal vivo interattive.<\/p>\n","protected":false},"author":16,"featured_media":61221,"parent":61161,"menu_order":0,"comment_status":"open","ping_status":"closed","template":"g1_template_page_review_new.php","meta":{"_acf_changed":false,"cwp_meta_box_check":"No","cwp_rev_product_name":"","cwp_rev_product_image":"","wppr_links":[],"cwp_rev_price":"","wppr_options":[],"wppr_pros":[],"wppr_cons":[],"_monsterinsights_skip_tracking":false,"_monsterinsights_sitenote_active":false,"_monsterinsights_sitenote_note":"","_monsterinsights_sitenote_category":0,"footnotes":""},"categories":[13279],"tags":[13293,13286,13294,13282,11809,13292,13281,13289,13291,13308,13290],"features":[],"class_list":{"0":"post-61219","1":"page","2":"type-page","3":"status-publish","4":"has-post-thumbnail","6":"category-software-votazioni-cat","7":"tag-piattaforma-per-sondaggi","8":"tag-piattaforma-per-votazioni","9":"tag-programma-per-sondaggi","10":"tag-programma-per-votazioni","11":"tag-slido","12":"tag-software-per-sondaggi","13":"tag-software-per-votazioni","14":"tag-soluzione-per-sondaggi","15":"tag-soluzione-per-votazioni","16":"tag-sondaggi","17":"tag-votazioni"},"wppr_data":{"cwp_meta_box_check":"No"},"acf":[],"yoast_head":"<!-- This site is optimized with the Yoast SEO plugin v27.4 - https:\/\/yoast.com\/product\/yoast-seo-wordpress\/ -->\n<title>Slido: recensione software per votazioni - Accurate Reviews<\/title>\n<meta name=\"description\" content=\"Slido: recensione della soluzione per sondaggi,\u00a0domande e risposte che aiuta le aziende a coinvolgere i partecipanti alle riunioni.\" \/>\n<meta name=\"robots\" content=\"index, follow, max-snippet:-1, max-image-preview:large, max-video-preview:-1\" \/>\n<link rel=\"canonical\" href=\"https:\/\/www.accuratereviews.com\/it\/software-votazioni\/slido-recensione\/\" \/>\n<meta property=\"og:locale\" content=\"it_IT\" \/>\n<meta property=\"og:type\" content=\"article\" \/>\n<meta property=\"og:title\" content=\"Slido: recensione software per votazioni - Accurate Reviews\" \/>\n<meta property=\"og:description\" content=\"Slido: recensione della soluzione per sondaggi,\u00a0domande e risposte che aiuta le aziende a coinvolgere i partecipanti alle riunioni.\" \/>\n<meta property=\"og:url\" content=\"https:\/\/www.accuratereviews.com\/it\/software-votazioni\/slido-recensione\/\" \/>\n<meta property=\"og:site_name\" content=\"Accurate Reviews\" \/>\n<meta property=\"og:image\" content=\"https:\/\/www.accuratereviews.com\/wp-content\/uploads\/2022\/09\/slido-logo-vector.png\" \/>\n\t<meta property=\"og:image:width\" content=\"900\" \/>\n\t<meta property=\"og:image:height\" content=\"500\" \/>\n\t<meta property=\"og:image:type\" content=\"image\/png\" \/>\n<meta name=\"twitter:card\" content=\"summary_large_image\" \/>\n<meta name=\"twitter:label1\" content=\"Tempo di lettura stimato\" \/>\n\t<meta name=\"twitter:data1\" content=\"4 minuti\" \/>\n<script type=\"application\/ld+json\" class=\"yoast-schema-graph\">{\"@context\":\"https:\\\/\\\/schema.org\",\"@graph\":[{\"@type\":\"WebPage\",\"@id\":\"https:\\\/\\\/www.accuratereviews.com\\\/it\\\/software-votazioni\\\/slido-recensione\\\/\",\"url\":\"https:\\\/\\\/www.accuratereviews.com\\\/it\\\/software-votazioni\\\/slido-recensione\\\/\",\"name\":\"Slido: recensione software per votazioni - Accurate Reviews\",\"isPartOf\":{\"@id\":\"https:\\\/\\\/www.accuratereviews.com\\\/it\\\/#website\"},\"primaryImageOfPage\":{\"@id\":\"https:\\\/\\\/www.accuratereviews.com\\\/it\\\/software-votazioni\\\/slido-recensione\\\/#primaryimage\"},\"image\":{\"@id\":\"https:\\\/\\\/www.accuratereviews.com\\\/it\\\/software-votazioni\\\/slido-recensione\\\/#primaryimage\"},\"thumbnailUrl\":\"https:\\\/\\\/www.accuratereviews.com\\\/wp-content\\\/uploads\\\/2022\\\/09\\\/slido-logo-vector.png\",\"datePublished\":\"2022-09-06T11:34:02+00:00\",\"description\":\"Slido: recensione della soluzione per sondaggi,\u00a0domande e risposte che aiuta le aziende a coinvolgere i partecipanti alle riunioni.\",\"breadcrumb\":{\"@id\":\"https:\\\/\\\/www.accuratereviews.com\\\/it\\\/software-votazioni\\\/slido-recensione\\\/#breadcrumb\"},\"inLanguage\":\"it-IT\",\"potentialAction\":[{\"@type\":\"ReadAction\",\"target\":[\"https:\\\/\\\/www.accuratereviews.com\\\/it\\\/software-votazioni\\\/slido-recensione\\\/\"]}]},{\"@type\":\"ImageObject\",\"inLanguage\":\"it-IT\",\"@id\":\"https:\\\/\\\/www.accuratereviews.com\\\/it\\\/software-votazioni\\\/slido-recensione\\\/#primaryimage\",\"url\":\"https:\\\/\\\/www.accuratereviews.com\\\/wp-content\\\/uploads\\\/2022\\\/09\\\/slido-logo-vector.png\",\"contentUrl\":\"https:\\\/\\\/www.accuratereviews.com\\\/wp-content\\\/uploads\\\/2022\\\/09\\\/slido-logo-vector.png\",\"width\":900,\"height\":500},{\"@type\":\"BreadcrumbList\",\"@id\":\"https:\\\/\\\/www.accuratereviews.com\\\/it\\\/software-votazioni\\\/slido-recensione\\\/#breadcrumb\",\"itemListElement\":[{\"@type\":\"ListItem\",\"position\":1,\"name\":\"Home\",\"item\":\"https:\\\/\\\/www.accuratereviews.com\\\/it\\\/\"},{\"@type\":\"ListItem\",\"position\":2,\"name\":\"Software per votazioni\",\"item\":\"https:\\\/\\\/www.accuratereviews.com\\\/it\\\/software-votazioni\\\/\"},{\"@type\":\"ListItem\",\"position\":3,\"name\":\"Slido\"}]},{\"@type\":\"WebSite\",\"@id\":\"https:\\\/\\\/www.accuratereviews.com\\\/it\\\/#website\",\"url\":\"https:\\\/\\\/www.accuratereviews.com\\\/it\\\/\",\"name\":\"Accurate Reviews\",\"description\":\"\",\"potentialAction\":[{\"@type\":\"SearchAction\",\"target\":{\"@type\":\"EntryPoint\",\"urlTemplate\":\"https:\\\/\\\/www.accuratereviews.com\\\/it\\\/?s={search_term_string}\"},\"query-input\":{\"@type\":\"PropertyValueSpecification\",\"valueRequired\":true,\"valueName\":\"search_term_string\"}}],\"inLanguage\":\"it-IT\"}]}<\/script>\n<!-- \/ Yoast SEO plugin. -->","yoast_head_json":{"title":"Slido: recensione software per votazioni - Accurate Reviews","description":"Slido: recensione della soluzione per sondaggi,\u00a0domande e risposte che aiuta le aziende a coinvolgere i partecipanti alle riunioni.","robots":{"index":"index","follow":"follow","max-snippet":"max-snippet:-1","max-image-preview":"max-image-preview:large","max-video-preview":"max-video-preview:-1"},"canonical":"https:\/\/www.accuratereviews.com\/it\/software-votazioni\/slido-recensione\/","og_locale":"it_IT","og_type":"article","og_title":"Slido: recensione software per votazioni - Accurate Reviews","og_description":"Slido: recensione della soluzione per sondaggi,\u00a0domande e risposte che aiuta le aziende a coinvolgere i partecipanti alle riunioni.","og_url":"https:\/\/www.accuratereviews.com\/it\/software-votazioni\/slido-recensione\/","og_site_name":"Accurate Reviews","og_image":[{"width":900,"height":500,"url":"https:\/\/www.accuratereviews.com\/wp-content\/uploads\/2022\/09\/slido-logo-vector.png","type":"image\/png"}],"twitter_card":"summary_large_image","twitter_misc":{"Tempo di lettura stimato":"4 minuti"},"schema":{"@context":"https:\/\/schema.org","@graph":[{"@type":"WebPage","@id":"https:\/\/www.accuratereviews.com\/it\/software-votazioni\/slido-recensione\/","url":"https:\/\/www.accuratereviews.com\/it\/software-votazioni\/slido-recensione\/","name":"Slido: recensione software per votazioni - Accurate Reviews","isPartOf":{"@id":"https:\/\/www.accuratereviews.com\/it\/#website"},"primaryImageOfPage":{"@id":"https:\/\/www.accuratereviews.com\/it\/software-votazioni\/slido-recensione\/#primaryimage"},"image":{"@id":"https:\/\/www.accuratereviews.com\/it\/software-votazioni\/slido-recensione\/#primaryimage"},"thumbnailUrl":"https:\/\/www.accuratereviews.com\/wp-content\/uploads\/2022\/09\/slido-logo-vector.png","datePublished":"2022-09-06T11:34:02+00:00","description":"Slido: recensione della soluzione per sondaggi,\u00a0domande e risposte che aiuta le aziende a coinvolgere i partecipanti alle riunioni.","breadcrumb":{"@id":"https:\/\/www.accuratereviews.com\/it\/software-votazioni\/slido-recensione\/#breadcrumb"},"inLanguage":"it-IT","potentialAction":[{"@type":"ReadAction","target":["https:\/\/www.accuratereviews.com\/it\/software-votazioni\/slido-recensione\/"]}]},{"@type":"ImageObject","inLanguage":"it-IT","@id":"https:\/\/www.accuratereviews.com\/it\/software-votazioni\/slido-recensione\/#primaryimage","url":"https:\/\/www.accuratereviews.com\/wp-content\/uploads\/2022\/09\/slido-logo-vector.png","contentUrl":"https:\/\/www.accuratereviews.com\/wp-content\/uploads\/2022\/09\/slido-logo-vector.png","width":900,"height":500},{"@type":"BreadcrumbList","@id":"https:\/\/www.accuratereviews.com\/it\/software-votazioni\/slido-recensione\/#breadcrumb","itemListElement":[{"@type":"ListItem","position":1,"name":"Home","item":"https:\/\/www.accuratereviews.com\/it\/"},{"@type":"ListItem","position":2,"name":"Software per votazioni","item":"https:\/\/www.accuratereviews.com\/it\/software-votazioni\/"},{"@type":"ListItem","position":3,"name":"Slido"}]},{"@type":"WebSite","@id":"https:\/\/www.accuratereviews.com\/it\/#website","url":"https:\/\/www.accuratereviews.com\/it\/","name":"Accurate Reviews","description":"","potentialAction":[{"@type":"SearchAction","target":{"@type":"EntryPoint","urlTemplate":"https:\/\/www.accuratereviews.com\/it\/?s={search_term_string}"},"query-input":{"@type":"PropertyValueSpecification","valueRequired":true,"valueName":"search_term_string"}}],"inLanguage":"it-IT"}]}},"_links":{"self":[{"href":"https:\/\/www.accuratereviews.com\/it\/wp-json\/wp\/v2\/pages\/61219","targetHints":{"allow":["GET"]}}],"collection":[{"href":"https:\/\/www.accuratereviews.com\/it\/wp-json\/wp\/v2\/pages"}],"about":[{"href":"https:\/\/www.accuratereviews.com\/it\/wp-json\/wp\/v2\/types\/page"}],"author":[{"embeddable":true,"href":"https:\/\/www.accuratereviews.com\/it\/wp-json\/wp\/v2\/users\/16"}],"replies":[{"embeddable":true,"href":"https:\/\/www.accuratereviews.com\/it\/wp-json\/wp\/v2\/comments?post=61219"}],"version-history":[{"count":8,"href":"https:\/\/www.accuratereviews.com\/it\/wp-json\/wp\/v2\/pages\/61219\/revisions"}],"predecessor-version":[{"id":61263,"href":"https:\/\/www.accuratereviews.com\/it\/wp-json\/wp\/v2\/pages\/61219\/revisions\/61263"}],"up":[{"embeddable":true,"href":"https:\/\/www.accuratereviews.com\/it\/wp-json\/wp\/v2\/pages\/61161"}],"wp:featuredmedia":[{"embeddable":true,"href":"https:\/\/www.accuratereviews.com\/it\/wp-json\/wp\/v2\/media\/61221"}],"wp:attachment":[{"href":"https:\/\/www.accuratereviews.com\/it\/wp-json\/wp\/v2\/media?parent=61219"}],"wp:term":[{"taxonomy":"category","embeddable":true,"href":"https:\/\/www.accuratereviews.com\/it\/wp-json\/wp\/v2\/categories?post=61219"},{"taxonomy":"post_tag","embeddable":true,"href":"https:\/\/www.accuratereviews.com\/it\/wp-json\/wp\/v2\/tags?post=61219"},{"taxonomy":"features","embeddable":true,"href":"https:\/\/www.accuratereviews.com\/it\/wp-json\/wp\/v2\/features?post=61219"}],"curies":[{"name":"wp","href":"https:\/\/api.w.org\/{rel}","templated":true}]}}