{"id":61280,"date":"2022-09-07T12:49:08","date_gmt":"2022-09-07T12:49:08","guid":{"rendered":"https:\/\/www.accuratereviews.com\/?page_id=61280"},"modified":"2022-09-07T12:49:08","modified_gmt":"2022-09-07T12:49:08","slug":"videoask-recensione","status":"publish","type":"page","link":"https:\/\/www.accuratereviews.com\/it\/software-votazioni\/videoask-recensione\/","title":{"rendered":"VideoAsk"},"content":{"rendered":"<p><strong>VideoAsk<\/strong> \u00e8 un <strong>software per votazioni<\/strong>\u00a0che consente di creare sondaggi video e raccogliere dati e feedback preziosi sui clienti aumentando il loro coinvolgimento. Con questo programma puoi\u00a0registrare ogni domanda, scegliere il tipo di risposta, condividere il sondaggio e ottenere risposte e tassi di risposta migliori. \u00c8 davvero semplice e intuitivo per gli intervistati perch\u00e9 baster\u00e0 un clic per rispondere.<br \/>\nPer tenere traccia delle riscontro che ricevete, <strong>VideoAsk<\/strong> vi permette di scaricare le trascrizioni in file .csv o .xlsx oppure integrarle con i fogli di Google, in questo modo avrete sempre tutto sotto controllo e a portata di mano.<\/p>\n<h2>VIDEOASK &#8211; TUTORIAL<\/h2>\n<div id=\"fluid-wrapper-counter-1\" class=\"g1-fluid-wrapper \" style=\"width:686px;\">\n<div style=\"padding-bottom:56.268221574344%;\"><iframe loading=\"lazy\" title=\"How does VideoAsk work? |  VideoAsk Tutorial\" width=\"686\" height=\"386\" src=\"https:\/\/www.youtube.com\/embed\/utxct2Rad5U?feature=oembed&amp;wmode=transparent&amp;autohide=1&amp;autoplay=0&amp;disablekb=0&amp;fs=1&amp;loop=0&amp;enablejsapi=1&amp;rel=0&amp;controls=2&amp;showinfo=0&amp;wmode=transparent&amp;autohide=2&amp;autoplay=0&amp;disablekb=0&amp;fs=1&amp;loop=0&amp;enablejsapi=1&amp;rel=0&amp;controls=2&amp;showinfo=1\" frameborder=\"0\" allow=\"accelerometer; autoplay; clipboard-write; encrypted-media; gyroscope; picture-in-picture\" allowfullscreen><\/iframe><\/div>\n<\/div>\n<h3>VIDEOASK &#8211; CARATTERISTICHE<\/h3>\n<ul>\n<li><strong>Widget incorporati<\/strong>: i widget consentono di aggiungere un tocco pi\u00f9 personale a qualsiasi pagina web. Scegli tra diversi stili e colori e incorporali nel tuo sito web.<\/li>\n<li><strong>Risposte<\/strong>: gestisci le tue interazioni e trovati quasi faccia a faccia con il tuo pubblico. Invita il tuo team e metti tutti d&#8217;accordo. Lavorate insieme per creare e rispondere ai videoasks.<\/li>\n<li><strong>Flussi personalizzati<\/strong>: con la logica condizionale, puoi rendere ogni conversazione pi\u00f9 significativa. \u00c8 anche possibile reindirizzare le persone a un URL personalizzato in qualsiasi punto del flusso.<\/li>\n<li><strong>Integrazioni di calendario<\/strong>: lascia che le persone prenotino un po&#8217; di tempo con te e il tuo team utilizzando una delle integrazioni di calendario. Funziona nativamente con: Calendly, SquareSpace (Acuity Scheduling), Hubspot meetings &amp; Schedule once<\/li>\n<li><strong>Trascrizione audio<\/strong>: converti tutte le tue conversazioni in testo (o viceversa, crea video senza preoccuparti di come creare le didascalie) con questo strumento dotato di intelligenza artificiale.<\/li>\n<li><strong>Tracciamento delle conversioni<\/strong>: traccia le visite, i clic, le risposte e i completamenti nella tua dashboard cos\u00ec da avere una visione d&#8217;insieme del grado di coinvolgimento del pubblico nei tuoi videoasks<\/li>\n<li><strong>Incorporazione sul tuo sito<\/strong>: senza bisogno di codifica, puoi condividere i tuoi video nei seguenti modi: come link url ovunque, incorporandoli in un&#8217;email, aggiungendoli al tuo sito web come widget o incorporandoli come iframe sul tuo sito web<\/li>\n<li><strong>Integrazione del flusso di lavoro<\/strong>: connetti VideoAsk a oltre 2000 app tramite Zapier. Aggiungi l&#8217;ID di Google Analytics, il pixel di FB o l&#8217;ID di Tag Manager. Aggiungi l&#8217;ID di Google Analytics, il pixel di FB o l&#8217;ID di Tag Manager.<\/li>\n<\/ul>\n<h4>LE RECENSIONI DEGLI UTENI<\/h4>\n<p><strong>Eyup &#8220;VideoAsk EO&#8221;<\/strong><br \/>\n<strong>Commenti<\/strong>: ho capito di aver fatto la scelta giusta affidandomi a questo software.<br \/>\n<strong>Pro<\/strong>: \u00e8 molto bello poter creare i video del mio marchio. In questo modo la mia azienda appare pi\u00f9 formale e coinvolgente.<br \/>\n<strong>Contro<\/strong>: a volte \u00e8 difficile trovare alcune funzioni e impostazioni. A parte questo, la maggior parte dei problemi che ho riscontrato sono stati risolti con gli aggiornamenti.<\/p>\n<p><strong>Pedro &#8220;Super versatile&#8221;<\/strong><br \/>\n<strong>Pro<\/strong>: adoro la facilit\u00e0 con cui si adatta a qualsiasi scopo, dai sondaggi agli imbuti di upsell.<br \/>\n<strong>Contro<\/strong>: onestamente non trovo alcun difetto. Ha sempre funzionato come previsto e trovo l&#8217;interfaccia utente molto intuitiva.<\/p>\n<p><strong>Burcak &#8220;Risposte di Videoask&#8221;<\/strong><br \/>\n<strong>Pro<\/strong>: mi piace il concetto di inviare ai clienti un video proprio sull&#8217;argomento, che aumenta il tasso di risposta. Mi piace anche la connettivit\u00e0 con altri prodotti come shopify e con molte altre app attraverso zapier.<br \/>\n<strong>Contro<\/strong>: utilizzo i gadget di Videoask nel nostro negozio Shopify. Il popup viene visualizzato in ogni schermata. Ci\u00f2 significa che anche quando il cliente fa clic sul segno &#8220;meno&#8221; per disattivare il gadget, il gadget compare di nuovo nella schermata successiva. Non siamo riusciti a regolare questa funzionalit\u00e0.<\/p>\n","protected":false},"excerpt":{"rendered":"<p>VideoAsk \u00e8 un software per votazioni\u00a0che consente di creare sondaggi video e raccogliere dati e feedback preziosi sui clienti aumentando il loro coinvolgimento. Con questo programma puoi\u00a0registrare ogni domanda, scegliere il tipo di risposta, condividere il sondaggio e ottenere risposte e tassi di risposta migliori. \u00c8 davvero semplice e intuitivo per gli intervistati perch\u00e9 baster\u00e0 un clic per rispondere.<\/p>\n","protected":false},"author":17,"featured_media":61281,"parent":61161,"menu_order":0,"comment_status":"open","ping_status":"closed","template":"g1_template_page_review_new.php","meta":{"_acf_changed":false,"cwp_meta_box_check":"No","cwp_rev_product_name":"","cwp_rev_product_image":"","wppr_links":[],"cwp_rev_price":"","wppr_options":[],"wppr_pros":[],"wppr_cons":[],"_monsterinsights_skip_tracking":false,"_monsterinsights_sitenote_active":false,"_monsterinsights_sitenote_note":"","_monsterinsights_sitenote_category":0,"footnotes":""},"categories":[13279],"tags":[13287,13286,13282,13281,13285,13295],"features":[],"class_list":{"0":"post-61280","1":"page","2":"type-page","3":"status-publish","4":"has-post-thumbnail","6":"category-software-votazioni-cat","7":"tag-app-per-votazioni","8":"tag-piattaforma-per-votazioni","9":"tag-programma-per-votazioni","10":"tag-software-per-votazioni","11":"tag-soluzione-per-votare","12":"tag-voti"},"wppr_data":{"cwp_meta_box_check":"No"},"acf":[],"yoast_head":"<!-- This site is optimized with the Yoast SEO plugin v27.4 - https:\/\/yoast.com\/product\/yoast-seo-wordpress\/ -->\n<title>VideoAsk: recensione software votazioni - Accurate Reviews<\/title>\n<meta name=\"description\" content=\"VideoAsk: recensione del software per votazioni\u00a0che consente di creare sondaggi video e raccogliere dati e feedback preziosi sui clienti.\" \/>\n<meta name=\"robots\" content=\"index, follow, max-snippet:-1, max-image-preview:large, max-video-preview:-1\" \/>\n<link rel=\"canonical\" href=\"https:\/\/www.accuratereviews.com\/it\/software-votazioni\/videoask-recensione\/\" \/>\n<meta property=\"og:locale\" content=\"it_IT\" \/>\n<meta property=\"og:type\" content=\"article\" \/>\n<meta property=\"og:title\" content=\"VideoAsk: recensione software votazioni - Accurate Reviews\" \/>\n<meta property=\"og:description\" content=\"VideoAsk: recensione del software per votazioni\u00a0che consente di creare sondaggi video e raccogliere dati e feedback preziosi sui clienti.\" \/>\n<meta property=\"og:url\" content=\"https:\/\/www.accuratereviews.com\/it\/software-votazioni\/videoask-recensione\/\" \/>\n<meta property=\"og:site_name\" content=\"Accurate Reviews\" \/>\n<meta property=\"og:image\" content=\"https:\/\/www.accuratereviews.com\/wp-content\/uploads\/2022\/09\/videoask.png\" \/>\n\t<meta property=\"og:image:width\" content=\"516\" \/>\n\t<meta property=\"og:image:height\" content=\"344\" \/>\n\t<meta property=\"og:image:type\" content=\"image\/png\" \/>\n<meta name=\"twitter:card\" content=\"summary_large_image\" \/>\n<meta name=\"twitter:label1\" content=\"Tempo di lettura stimato\" \/>\n\t<meta name=\"twitter:data1\" content=\"3 minuti\" \/>\n<script type=\"application\/ld+json\" class=\"yoast-schema-graph\">{\"@context\":\"https:\\\/\\\/schema.org\",\"@graph\":[{\"@type\":\"WebPage\",\"@id\":\"https:\\\/\\\/www.accuratereviews.com\\\/it\\\/software-votazioni\\\/videoask-recensione\\\/\",\"url\":\"https:\\\/\\\/www.accuratereviews.com\\\/it\\\/software-votazioni\\\/videoask-recensione\\\/\",\"name\":\"VideoAsk: recensione software votazioni - Accurate Reviews\",\"isPartOf\":{\"@id\":\"https:\\\/\\\/www.accuratereviews.com\\\/it\\\/#website\"},\"primaryImageOfPage\":{\"@id\":\"https:\\\/\\\/www.accuratereviews.com\\\/it\\\/software-votazioni\\\/videoask-recensione\\\/#primaryimage\"},\"image\":{\"@id\":\"https:\\\/\\\/www.accuratereviews.com\\\/it\\\/software-votazioni\\\/videoask-recensione\\\/#primaryimage\"},\"thumbnailUrl\":\"https:\\\/\\\/www.accuratereviews.com\\\/wp-content\\\/uploads\\\/2022\\\/09\\\/videoask.png\",\"datePublished\":\"2022-09-07T12:49:08+00:00\",\"description\":\"VideoAsk: recensione del software per votazioni\u00a0che consente di creare sondaggi video e raccogliere dati e feedback preziosi sui clienti.\",\"breadcrumb\":{\"@id\":\"https:\\\/\\\/www.accuratereviews.com\\\/it\\\/software-votazioni\\\/videoask-recensione\\\/#breadcrumb\"},\"inLanguage\":\"it-IT\",\"potentialAction\":[{\"@type\":\"ReadAction\",\"target\":[\"https:\\\/\\\/www.accuratereviews.com\\\/it\\\/software-votazioni\\\/videoask-recensione\\\/\"]}]},{\"@type\":\"ImageObject\",\"inLanguage\":\"it-IT\",\"@id\":\"https:\\\/\\\/www.accuratereviews.com\\\/it\\\/software-votazioni\\\/videoask-recensione\\\/#primaryimage\",\"url\":\"https:\\\/\\\/www.accuratereviews.com\\\/wp-content\\\/uploads\\\/2022\\\/09\\\/videoask.png\",\"contentUrl\":\"https:\\\/\\\/www.accuratereviews.com\\\/wp-content\\\/uploads\\\/2022\\\/09\\\/videoask.png\",\"width\":516,\"height\":344},{\"@type\":\"BreadcrumbList\",\"@id\":\"https:\\\/\\\/www.accuratereviews.com\\\/it\\\/software-votazioni\\\/videoask-recensione\\\/#breadcrumb\",\"itemListElement\":[{\"@type\":\"ListItem\",\"position\":1,\"name\":\"Home\",\"item\":\"https:\\\/\\\/www.accuratereviews.com\\\/it\\\/\"},{\"@type\":\"ListItem\",\"position\":2,\"name\":\"Software per votazioni\",\"item\":\"https:\\\/\\\/www.accuratereviews.com\\\/it\\\/software-votazioni\\\/\"},{\"@type\":\"ListItem\",\"position\":3,\"name\":\"VideoAsk\"}]},{\"@type\":\"WebSite\",\"@id\":\"https:\\\/\\\/www.accuratereviews.com\\\/it\\\/#website\",\"url\":\"https:\\\/\\\/www.accuratereviews.com\\\/it\\\/\",\"name\":\"Accurate Reviews\",\"description\":\"\",\"potentialAction\":[{\"@type\":\"SearchAction\",\"target\":{\"@type\":\"EntryPoint\",\"urlTemplate\":\"https:\\\/\\\/www.accuratereviews.com\\\/it\\\/?s={search_term_string}\"},\"query-input\":{\"@type\":\"PropertyValueSpecification\",\"valueRequired\":true,\"valueName\":\"search_term_string\"}}],\"inLanguage\":\"it-IT\"}]}<\/script>\n<!-- \/ Yoast SEO plugin. -->","yoast_head_json":{"title":"VideoAsk: recensione software votazioni - Accurate Reviews","description":"VideoAsk: recensione del software per votazioni\u00a0che consente di creare sondaggi video e raccogliere dati e feedback preziosi sui clienti.","robots":{"index":"index","follow":"follow","max-snippet":"max-snippet:-1","max-image-preview":"max-image-preview:large","max-video-preview":"max-video-preview:-1"},"canonical":"https:\/\/www.accuratereviews.com\/it\/software-votazioni\/videoask-recensione\/","og_locale":"it_IT","og_type":"article","og_title":"VideoAsk: recensione software votazioni - Accurate Reviews","og_description":"VideoAsk: recensione del software per votazioni\u00a0che consente di creare sondaggi video e raccogliere dati e feedback preziosi sui clienti.","og_url":"https:\/\/www.accuratereviews.com\/it\/software-votazioni\/videoask-recensione\/","og_site_name":"Accurate Reviews","og_image":[{"width":516,"height":344,"url":"https:\/\/www.accuratereviews.com\/wp-content\/uploads\/2022\/09\/videoask.png","type":"image\/png"}],"twitter_card":"summary_large_image","twitter_misc":{"Tempo di lettura stimato":"3 minuti"},"schema":{"@context":"https:\/\/schema.org","@graph":[{"@type":"WebPage","@id":"https:\/\/www.accuratereviews.com\/it\/software-votazioni\/videoask-recensione\/","url":"https:\/\/www.accuratereviews.com\/it\/software-votazioni\/videoask-recensione\/","name":"VideoAsk: recensione software votazioni - Accurate Reviews","isPartOf":{"@id":"https:\/\/www.accuratereviews.com\/it\/#website"},"primaryImageOfPage":{"@id":"https:\/\/www.accuratereviews.com\/it\/software-votazioni\/videoask-recensione\/#primaryimage"},"image":{"@id":"https:\/\/www.accuratereviews.com\/it\/software-votazioni\/videoask-recensione\/#primaryimage"},"thumbnailUrl":"https:\/\/www.accuratereviews.com\/wp-content\/uploads\/2022\/09\/videoask.png","datePublished":"2022-09-07T12:49:08+00:00","description":"VideoAsk: recensione del software per votazioni\u00a0che consente di creare sondaggi video e raccogliere dati e feedback preziosi sui clienti.","breadcrumb":{"@id":"https:\/\/www.accuratereviews.com\/it\/software-votazioni\/videoask-recensione\/#breadcrumb"},"inLanguage":"it-IT","potentialAction":[{"@type":"ReadAction","target":["https:\/\/www.accuratereviews.com\/it\/software-votazioni\/videoask-recensione\/"]}]},{"@type":"ImageObject","inLanguage":"it-IT","@id":"https:\/\/www.accuratereviews.com\/it\/software-votazioni\/videoask-recensione\/#primaryimage","url":"https:\/\/www.accuratereviews.com\/wp-content\/uploads\/2022\/09\/videoask.png","contentUrl":"https:\/\/www.accuratereviews.com\/wp-content\/uploads\/2022\/09\/videoask.png","width":516,"height":344},{"@type":"BreadcrumbList","@id":"https:\/\/www.accuratereviews.com\/it\/software-votazioni\/videoask-recensione\/#breadcrumb","itemListElement":[{"@type":"ListItem","position":1,"name":"Home","item":"https:\/\/www.accuratereviews.com\/it\/"},{"@type":"ListItem","position":2,"name":"Software per votazioni","item":"https:\/\/www.accuratereviews.com\/it\/software-votazioni\/"},{"@type":"ListItem","position":3,"name":"VideoAsk"}]},{"@type":"WebSite","@id":"https:\/\/www.accuratereviews.com\/it\/#website","url":"https:\/\/www.accuratereviews.com\/it\/","name":"Accurate Reviews","description":"","potentialAction":[{"@type":"SearchAction","target":{"@type":"EntryPoint","urlTemplate":"https:\/\/www.accuratereviews.com\/it\/?s={search_term_string}"},"query-input":{"@type":"PropertyValueSpecification","valueRequired":true,"valueName":"search_term_string"}}],"inLanguage":"it-IT"}]}},"_links":{"self":[{"href":"https:\/\/www.accuratereviews.com\/it\/wp-json\/wp\/v2\/pages\/61280","targetHints":{"allow":["GET"]}}],"collection":[{"href":"https:\/\/www.accuratereviews.com\/it\/wp-json\/wp\/v2\/pages"}],"about":[{"href":"https:\/\/www.accuratereviews.com\/it\/wp-json\/wp\/v2\/types\/page"}],"author":[{"embeddable":true,"href":"https:\/\/www.accuratereviews.com\/it\/wp-json\/wp\/v2\/users\/17"}],"replies":[{"embeddable":true,"href":"https:\/\/www.accuratereviews.com\/it\/wp-json\/wp\/v2\/comments?post=61280"}],"version-history":[{"count":5,"href":"https:\/\/www.accuratereviews.com\/it\/wp-json\/wp\/v2\/pages\/61280\/revisions"}],"predecessor-version":[{"id":61318,"href":"https:\/\/www.accuratereviews.com\/it\/wp-json\/wp\/v2\/pages\/61280\/revisions\/61318"}],"up":[{"embeddable":true,"href":"https:\/\/www.accuratereviews.com\/it\/wp-json\/wp\/v2\/pages\/61161"}],"wp:featuredmedia":[{"embeddable":true,"href":"https:\/\/www.accuratereviews.com\/it\/wp-json\/wp\/v2\/media\/61281"}],"wp:attachment":[{"href":"https:\/\/www.accuratereviews.com\/it\/wp-json\/wp\/v2\/media?parent=61280"}],"wp:term":[{"taxonomy":"category","embeddable":true,"href":"https:\/\/www.accuratereviews.com\/it\/wp-json\/wp\/v2\/categories?post=61280"},{"taxonomy":"post_tag","embeddable":true,"href":"https:\/\/www.accuratereviews.com\/it\/wp-json\/wp\/v2\/tags?post=61280"},{"taxonomy":"features","embeddable":true,"href":"https:\/\/www.accuratereviews.com\/it\/wp-json\/wp\/v2\/features?post=61280"}],"curies":[{"name":"wp","href":"https:\/\/api.w.org\/{rel}","templated":true}]}}