{"id":61294,"date":"2022-09-07T18:58:07","date_gmt":"2022-09-07T18:58:07","guid":{"rendered":"https:\/\/www.accuratereviews.com\/?page_id=61294"},"modified":"2022-09-08T09:22:00","modified_gmt":"2022-09-08T09:22:00","slug":"zoho-survey-recensione","status":"publish","type":"page","link":"https:\/\/www.accuratereviews.com\/it\/software-votazioni\/zoho-survey-recensione\/","title":{"rendered":"Zoho Survey"},"content":{"rendered":"<p><strong>Zoho Survey<\/strong> \u00e8 una <strong>soluzione di rilevamento del feedback<\/strong> a 360\u00b0 basata sul <strong>cloud<\/strong> che si rivolge a organizzazioni di piccole, medie e grandi dimensioni. Il programma offre modelli e una libreria di domande per creare sondaggi personalizzati. Gli utenti infatti posso scegliere e modificare i temi in base al loro marchio. I professionisti delle risorse umane possono utilizzare le funzioni di ramificazione e logica con domande di follow-up nei sondaggi. Dispone di report in tempo reale che forniscono valutazioni personali e cumulative dei dipendenti fornite da vari individui all&#8217;interno dell&#8217;organizzazione. I report possono essere condivisi e analizzati per le tendenze applicando filtri e altre funzionalit\u00e0 di analisi. Offre inoltre supporto multilingue.<br \/>\n<strong>Zoho Survey<\/strong> possiede API aperta per l&#8217;integrazione con applicazioni di terze parti come MailChimp e Fogli Google. Per garantire che i questionari vengano consegnati agli intervistati, la soluzione consente di inviare loro email o raccogliere risposte in modalit\u00e0 offline.<\/p>\n<h2>ZOHO SURVEY &#8211; TUTORIAL<\/h2>\n<p>Questo tutorial con i sottotitoli in italiano spiega le principali funzioni di questo<strong> software per votazioni<\/strong> in soli 5 minuti:<\/p>\n<div id=\"fluid-wrapper-counter-1\" class=\"g1-fluid-wrapper \" style=\"width:686px;\">\n<div style=\"padding-bottom:56.268221574344%;\"><iframe loading=\"lazy\" title=\"Zoho Survey in 5 minutes\" width=\"686\" height=\"386\" src=\"https:\/\/www.youtube.com\/embed\/-6KNNqjLNnk?feature=oembed&amp;wmode=transparent&amp;autohide=1&amp;autoplay=0&amp;disablekb=0&amp;fs=1&amp;loop=0&amp;enablejsapi=1&amp;rel=0&amp;controls=2&amp;showinfo=0&amp;wmode=transparent&amp;autohide=2&amp;autoplay=0&amp;disablekb=0&amp;fs=1&amp;loop=0&amp;enablejsapi=1&amp;rel=0&amp;controls=2&amp;showinfo=1\" frameborder=\"0\" allow=\"accelerometer; autoplay; clipboard-write; encrypted-media; gyroscope; picture-in-picture\" allowfullscreen><\/iframe><\/div>\n<\/div>\n<p>&nbsp;<\/p>\n<h3>ZOHO SURVEY &#8211; CARATTERISTICHE<\/h3>\n<ul>\n<li>Tipi di domande<\/li>\n<li>Domande tramite trascinamento<\/li>\n<li>Sondaggio tramite e-mail<\/li>\n<li>Punteggio<\/li>\n<li>Logica di esclusione<\/li>\n<li>Oltre 200 modelli<\/li>\n<li>Sondaggi multilingue<\/li>\n<li>Variabili personalizzate<\/li>\n<li>Temi personalizzabili<\/li>\n<li>Caricamento del logo<\/li>\n<li>Riempimento automatico<\/li>\n<li>Pagina finale personalizzata<\/li>\n<li>Aggiunta di white label<\/li>\n<li>Link Web<\/li>\n<li>Accesso privato ai gruppi<\/li>\n<li>Link a domini personalizzati<\/li>\n<li>Campagne email<\/li>\n<li>Social media<\/li>\n<li>Codici QR<\/li>\n<li>Raccolta di risposte offline<\/li>\n<li>Acquista risposte<\/li>\n<li>Integrazione nei siti Web<\/li>\n<li>Report in tempo reale<\/li>\n<li>Risposte filtrate<\/li>\n<li>Report personalizzati, programmati e condivisi<\/li>\n<li>Rapporti sulle tendenze<\/li>\n<\/ul>\n<h4>LE RECENSIONI DEGLI UTENTI<\/h4>\n<p class=\"fw-bold mb-2\"><strong>Benedetta&#8221;Tool molto utile anche nella versione free&#8221;<\/strong><\/p>\n<p class=\"fw-bold mb-2\"><strong>Pro<\/strong>:\u00a0Utilizzo questo software per inviare regolarmente dei sondaggi ai miei clienti, quando non hanno un account Google. Lo trovo molto utile e con tante funzionalit\u00e0 gratuite.<br \/>\n<strong>Contro<\/strong>:\u00a0A livello di user experience forse modificherei qualcosa, ma \u00e8 un ottimo prodotto!<\/p>\n<p class=\"fw-bold mb-2\"><strong>Lissa&#8221;Software per sondaggi facile da usare&#8221;<br \/>\n<\/strong><strong>Pro<\/strong>:\u00a0\u00c8 molto facile da usare e ha un&#8217;interfaccia semplice che ti consentir\u00e0 di impostare facilmente sondaggi per la tua azienda in pochissimo tempo. C&#8217;\u00e8 una versione gratuita se hai solo bisogno di un semplice sondaggio diretto. Ha una funzione di trascinamento della selezione che aiuta nella configurazione dei sondaggi. C&#8217;\u00e8 un&#8217;ampia variet\u00e0 di modelli tra cui scegliere.<br \/>\n<strong>Contro<\/strong>:\u00a0C&#8217;\u00e8 sempre spazio per il miglioramento. Questo software \u00e8 pensato per essere un componente aggiuntivo per Zoho One, quindi probabilmente non lo acquisterei come sondaggio autonomo, ma per l&#8217;uso della funzione di sondaggio gratuito, \u00e8 perfetto. L&#8217;integrazione (integrazione diretta) con app di terze parti sarebbe probabilmente il miglior miglioramento. In questo modo, questo software per sondaggi varrebbe l&#8217;acquisto da solo.<\/p>\n<p><strong>Sthefany&#8221;Strumento versatile per creare sondaggi&#8221;<br \/>\n<\/strong><strong>Pro<\/strong>:\u00a0Mi piace molto il fatto che sia molto facile creare sondaggi e che siano perfetti anche su qualsiasi dispositivo mobile. \u00c8 molto semplice e veloce condividere i sondaggi tramite social network ed email. Lo strumento di trascinamento della selezione funziona molto bene nel velocizzare la preparazione dei sondaggi. Fornisce un&#8217;ampia variet\u00e0 di modelli che si adattano molto bene ad ogni occasione. Consente di impostare la logica della domanda e della pagina che aiuta a velocizzare la compilazione dei sondaggi.<br \/>\n<strong>Contro<\/strong>:\u00a0Penso che tu debba aggiungere funzionalit\u00e0 che ti consentano di personalizzare ulteriormente i sondaggi creati.<\/p>\n","protected":false},"excerpt":{"rendered":"<p>Zoho Survey \u00e8 una soluzione di rilevamento del feedback a 360 gradi basata sul cloud che si rivolge a organizzazioni di piccole, medie e grandi dimensioni. Il programma offre modelli e una libreria di domande per creare sondaggi personalizzati. Gli utenti possono anche personalizzare i temi in base al loro marchio.<\/p>\n","protected":false},"author":16,"featured_media":61301,"parent":61161,"menu_order":0,"comment_status":"open","ping_status":"closed","template":"g1_template_page_review_new.php","meta":{"_acf_changed":false,"cwp_meta_box_check":"No","cwp_rev_product_name":"","cwp_rev_product_image":"","wppr_links":[],"cwp_rev_price":"","wppr_options":[],"wppr_pros":[],"wppr_cons":[],"_monsterinsights_skip_tracking":false,"_monsterinsights_sitenote_active":false,"_monsterinsights_sitenote_note":"","_monsterinsights_sitenote_category":0,"footnotes":""},"categories":[13279],"tags":[13293,13286,13294,13282,13292,13281,13289,13291,13308,13290,13325],"features":[],"class_list":{"0":"post-61294","1":"page","2":"type-page","3":"status-publish","4":"has-post-thumbnail","6":"category-software-votazioni-cat","7":"tag-piattaforma-per-sondaggi","8":"tag-piattaforma-per-votazioni","9":"tag-programma-per-sondaggi","10":"tag-programma-per-votazioni","11":"tag-software-per-sondaggi","12":"tag-software-per-votazioni","13":"tag-soluzione-per-sondaggi","14":"tag-soluzione-per-votazioni","15":"tag-sondaggi","16":"tag-votazioni","17":"tag-zoho-survey"},"wppr_data":{"cwp_meta_box_check":"No"},"acf":[],"yoast_head":"<!-- This site is optimized with the Yoast SEO plugin v27.4 - https:\/\/yoast.com\/product\/yoast-seo-wordpress\/ -->\n<title>Zoho Survey: recensione software per votazioni - Accurate Reviews<\/title>\n<meta name=\"description\" content=\"Zoho Survey: recensione soluzione di rilevamento del feedback a 360\u00b0 basata su cloud che si rivolge a organizzazioni di tutte le dimensioni.\" \/>\n<meta name=\"robots\" content=\"index, follow, max-snippet:-1, max-image-preview:large, max-video-preview:-1\" \/>\n<link rel=\"canonical\" href=\"https:\/\/www.accuratereviews.com\/it\/software-votazioni\/zoho-survey-recensione\/\" \/>\n<meta property=\"og:locale\" content=\"it_IT\" \/>\n<meta property=\"og:type\" content=\"article\" \/>\n<meta property=\"og:title\" content=\"Zoho Survey: recensione software per votazioni - Accurate Reviews\" \/>\n<meta property=\"og:description\" content=\"Zoho Survey: recensione soluzione di rilevamento del feedback a 360\u00b0 basata su cloud che si rivolge a organizzazioni di tutte le dimensioni.\" \/>\n<meta property=\"og:url\" content=\"https:\/\/www.accuratereviews.com\/it\/software-votazioni\/zoho-survey-recensione\/\" \/>\n<meta property=\"og:site_name\" content=\"Accurate Reviews\" \/>\n<meta property=\"article:modified_time\" content=\"2022-09-08T09:22:00+00:00\" \/>\n<meta property=\"og:image\" content=\"https:\/\/www.accuratereviews.com\/wp-content\/uploads\/2022\/09\/Schermata-2022-09-07-alle-09.45.13.png\" \/>\n\t<meta property=\"og:image:width\" content=\"582\" \/>\n\t<meta property=\"og:image:height\" content=\"306\" \/>\n\t<meta property=\"og:image:type\" content=\"image\/png\" \/>\n<meta name=\"twitter:card\" content=\"summary_large_image\" \/>\n<meta name=\"twitter:label1\" content=\"Tempo di lettura stimato\" \/>\n\t<meta name=\"twitter:data1\" content=\"3 minuti\" \/>\n<script type=\"application\/ld+json\" class=\"yoast-schema-graph\">{\"@context\":\"https:\\\/\\\/schema.org\",\"@graph\":[{\"@type\":\"WebPage\",\"@id\":\"https:\\\/\\\/www.accuratereviews.com\\\/it\\\/software-votazioni\\\/zoho-survey-recensione\\\/\",\"url\":\"https:\\\/\\\/www.accuratereviews.com\\\/it\\\/software-votazioni\\\/zoho-survey-recensione\\\/\",\"name\":\"Zoho Survey: recensione software per votazioni - Accurate Reviews\",\"isPartOf\":{\"@id\":\"https:\\\/\\\/www.accuratereviews.com\\\/it\\\/#website\"},\"primaryImageOfPage\":{\"@id\":\"https:\\\/\\\/www.accuratereviews.com\\\/it\\\/software-votazioni\\\/zoho-survey-recensione\\\/#primaryimage\"},\"image\":{\"@id\":\"https:\\\/\\\/www.accuratereviews.com\\\/it\\\/software-votazioni\\\/zoho-survey-recensione\\\/#primaryimage\"},\"thumbnailUrl\":\"https:\\\/\\\/www.accuratereviews.com\\\/wp-content\\\/uploads\\\/2022\\\/09\\\/Schermata-2022-09-07-alle-09.45.13.png\",\"datePublished\":\"2022-09-07T18:58:07+00:00\",\"dateModified\":\"2022-09-08T09:22:00+00:00\",\"description\":\"Zoho Survey: recensione soluzione di rilevamento del feedback a 360\u00b0 basata su cloud che si rivolge a organizzazioni di tutte le dimensioni.\",\"breadcrumb\":{\"@id\":\"https:\\\/\\\/www.accuratereviews.com\\\/it\\\/software-votazioni\\\/zoho-survey-recensione\\\/#breadcrumb\"},\"inLanguage\":\"it-IT\",\"potentialAction\":[{\"@type\":\"ReadAction\",\"target\":[\"https:\\\/\\\/www.accuratereviews.com\\\/it\\\/software-votazioni\\\/zoho-survey-recensione\\\/\"]}]},{\"@type\":\"ImageObject\",\"inLanguage\":\"it-IT\",\"@id\":\"https:\\\/\\\/www.accuratereviews.com\\\/it\\\/software-votazioni\\\/zoho-survey-recensione\\\/#primaryimage\",\"url\":\"https:\\\/\\\/www.accuratereviews.com\\\/wp-content\\\/uploads\\\/2022\\\/09\\\/Schermata-2022-09-07-alle-09.45.13.png\",\"contentUrl\":\"https:\\\/\\\/www.accuratereviews.com\\\/wp-content\\\/uploads\\\/2022\\\/09\\\/Schermata-2022-09-07-alle-09.45.13.png\",\"width\":582,\"height\":306},{\"@type\":\"BreadcrumbList\",\"@id\":\"https:\\\/\\\/www.accuratereviews.com\\\/it\\\/software-votazioni\\\/zoho-survey-recensione\\\/#breadcrumb\",\"itemListElement\":[{\"@type\":\"ListItem\",\"position\":1,\"name\":\"Home\",\"item\":\"https:\\\/\\\/www.accuratereviews.com\\\/it\\\/\"},{\"@type\":\"ListItem\",\"position\":2,\"name\":\"Software per votazioni\",\"item\":\"https:\\\/\\\/www.accuratereviews.com\\\/it\\\/software-votazioni\\\/\"},{\"@type\":\"ListItem\",\"position\":3,\"name\":\"Zoho Survey\"}]},{\"@type\":\"WebSite\",\"@id\":\"https:\\\/\\\/www.accuratereviews.com\\\/it\\\/#website\",\"url\":\"https:\\\/\\\/www.accuratereviews.com\\\/it\\\/\",\"name\":\"Accurate Reviews\",\"description\":\"\",\"potentialAction\":[{\"@type\":\"SearchAction\",\"target\":{\"@type\":\"EntryPoint\",\"urlTemplate\":\"https:\\\/\\\/www.accuratereviews.com\\\/it\\\/?s={search_term_string}\"},\"query-input\":{\"@type\":\"PropertyValueSpecification\",\"valueRequired\":true,\"valueName\":\"search_term_string\"}}],\"inLanguage\":\"it-IT\"}]}<\/script>\n<!-- \/ Yoast SEO plugin. -->","yoast_head_json":{"title":"Zoho Survey: recensione software per votazioni - Accurate Reviews","description":"Zoho Survey: recensione soluzione di rilevamento del feedback a 360\u00b0 basata su cloud che si rivolge a organizzazioni di tutte le dimensioni.","robots":{"index":"index","follow":"follow","max-snippet":"max-snippet:-1","max-image-preview":"max-image-preview:large","max-video-preview":"max-video-preview:-1"},"canonical":"https:\/\/www.accuratereviews.com\/it\/software-votazioni\/zoho-survey-recensione\/","og_locale":"it_IT","og_type":"article","og_title":"Zoho Survey: recensione software per votazioni - Accurate Reviews","og_description":"Zoho Survey: recensione soluzione di rilevamento del feedback a 360\u00b0 basata su cloud che si rivolge a organizzazioni di tutte le dimensioni.","og_url":"https:\/\/www.accuratereviews.com\/it\/software-votazioni\/zoho-survey-recensione\/","og_site_name":"Accurate Reviews","article_modified_time":"2022-09-08T09:22:00+00:00","og_image":[{"width":582,"height":306,"url":"https:\/\/www.accuratereviews.com\/wp-content\/uploads\/2022\/09\/Schermata-2022-09-07-alle-09.45.13.png","type":"image\/png"}],"twitter_card":"summary_large_image","twitter_misc":{"Tempo di lettura stimato":"3 minuti"},"schema":{"@context":"https:\/\/schema.org","@graph":[{"@type":"WebPage","@id":"https:\/\/www.accuratereviews.com\/it\/software-votazioni\/zoho-survey-recensione\/","url":"https:\/\/www.accuratereviews.com\/it\/software-votazioni\/zoho-survey-recensione\/","name":"Zoho Survey: recensione software per votazioni - Accurate Reviews","isPartOf":{"@id":"https:\/\/www.accuratereviews.com\/it\/#website"},"primaryImageOfPage":{"@id":"https:\/\/www.accuratereviews.com\/it\/software-votazioni\/zoho-survey-recensione\/#primaryimage"},"image":{"@id":"https:\/\/www.accuratereviews.com\/it\/software-votazioni\/zoho-survey-recensione\/#primaryimage"},"thumbnailUrl":"https:\/\/www.accuratereviews.com\/wp-content\/uploads\/2022\/09\/Schermata-2022-09-07-alle-09.45.13.png","datePublished":"2022-09-07T18:58:07+00:00","dateModified":"2022-09-08T09:22:00+00:00","description":"Zoho Survey: recensione soluzione di rilevamento del feedback a 360\u00b0 basata su cloud che si rivolge a organizzazioni di tutte le dimensioni.","breadcrumb":{"@id":"https:\/\/www.accuratereviews.com\/it\/software-votazioni\/zoho-survey-recensione\/#breadcrumb"},"inLanguage":"it-IT","potentialAction":[{"@type":"ReadAction","target":["https:\/\/www.accuratereviews.com\/it\/software-votazioni\/zoho-survey-recensione\/"]}]},{"@type":"ImageObject","inLanguage":"it-IT","@id":"https:\/\/www.accuratereviews.com\/it\/software-votazioni\/zoho-survey-recensione\/#primaryimage","url":"https:\/\/www.accuratereviews.com\/wp-content\/uploads\/2022\/09\/Schermata-2022-09-07-alle-09.45.13.png","contentUrl":"https:\/\/www.accuratereviews.com\/wp-content\/uploads\/2022\/09\/Schermata-2022-09-07-alle-09.45.13.png","width":582,"height":306},{"@type":"BreadcrumbList","@id":"https:\/\/www.accuratereviews.com\/it\/software-votazioni\/zoho-survey-recensione\/#breadcrumb","itemListElement":[{"@type":"ListItem","position":1,"name":"Home","item":"https:\/\/www.accuratereviews.com\/it\/"},{"@type":"ListItem","position":2,"name":"Software per votazioni","item":"https:\/\/www.accuratereviews.com\/it\/software-votazioni\/"},{"@type":"ListItem","position":3,"name":"Zoho Survey"}]},{"@type":"WebSite","@id":"https:\/\/www.accuratereviews.com\/it\/#website","url":"https:\/\/www.accuratereviews.com\/it\/","name":"Accurate Reviews","description":"","potentialAction":[{"@type":"SearchAction","target":{"@type":"EntryPoint","urlTemplate":"https:\/\/www.accuratereviews.com\/it\/?s={search_term_string}"},"query-input":{"@type":"PropertyValueSpecification","valueRequired":true,"valueName":"search_term_string"}}],"inLanguage":"it-IT"}]}},"_links":{"self":[{"href":"https:\/\/www.accuratereviews.com\/it\/wp-json\/wp\/v2\/pages\/61294","targetHints":{"allow":["GET"]}}],"collection":[{"href":"https:\/\/www.accuratereviews.com\/it\/wp-json\/wp\/v2\/pages"}],"about":[{"href":"https:\/\/www.accuratereviews.com\/it\/wp-json\/wp\/v2\/types\/page"}],"author":[{"embeddable":true,"href":"https:\/\/www.accuratereviews.com\/it\/wp-json\/wp\/v2\/users\/16"}],"replies":[{"embeddable":true,"href":"https:\/\/www.accuratereviews.com\/it\/wp-json\/wp\/v2\/comments?post=61294"}],"version-history":[{"count":13,"href":"https:\/\/www.accuratereviews.com\/it\/wp-json\/wp\/v2\/pages\/61294\/revisions"}],"predecessor-version":[{"id":61361,"href":"https:\/\/www.accuratereviews.com\/it\/wp-json\/wp\/v2\/pages\/61294\/revisions\/61361"}],"up":[{"embeddable":true,"href":"https:\/\/www.accuratereviews.com\/it\/wp-json\/wp\/v2\/pages\/61161"}],"wp:featuredmedia":[{"embeddable":true,"href":"https:\/\/www.accuratereviews.com\/it\/wp-json\/wp\/v2\/media\/61301"}],"wp:attachment":[{"href":"https:\/\/www.accuratereviews.com\/it\/wp-json\/wp\/v2\/media?parent=61294"}],"wp:term":[{"taxonomy":"category","embeddable":true,"href":"https:\/\/www.accuratereviews.com\/it\/wp-json\/wp\/v2\/categories?post=61294"},{"taxonomy":"post_tag","embeddable":true,"href":"https:\/\/www.accuratereviews.com\/it\/wp-json\/wp\/v2\/tags?post=61294"},{"taxonomy":"features","embeddable":true,"href":"https:\/\/www.accuratereviews.com\/it\/wp-json\/wp\/v2\/features?post=61294"}],"curies":[{"name":"wp","href":"https:\/\/api.w.org\/{rel}","templated":true}]}}