{"id":61327,"date":"2022-09-09T08:55:34","date_gmt":"2022-09-09T08:55:34","guid":{"rendered":"https:\/\/www.accuratereviews.com\/?page_id=61327"},"modified":"2022-09-09T08:55:34","modified_gmt":"2022-09-09T08:55:34","slug":"alchemer-recensione","status":"publish","type":"page","link":"https:\/\/www.accuratereviews.com\/it\/software-votazioni\/alchemer-recensione\/","title":{"rendered":"Alchemer"},"content":{"rendered":"<p><strong>Alchemer <\/strong>(precedentemente conosciuto come <strong>SurveyGizmo<\/strong>) \u00e8 una\u00a0piattaforma che offre tre livelli di funzionalit\u00e0 di indagine (da base a avanzata), <strong>sondaggi preconfigurat<\/strong>i, flussi di lavoro e strumenti di raccolta feedback che possono aiutare i team a ottenere le informazioni necessarie da fonti interne ed esterne.\u00a0Uno dei vantaggi dell&#8217;utilizzo del software \u00e8 che l&#8217;IT pu\u00f2 fornire barriere centralizzate per proteggere l&#8217;organizzazione e i suoi dati. Con sondaggi e moduli configurati precedentemente, i team possono facilmente raccogliere e monitorare i voti dei clienti e reagire ai loro commenti negativi in tempo reale. Il feedback dei clienti \u00e8 integrato anche nei sistemi e nei report, quindi \u00e8 pi\u00f9 facile tenere traccia delle tendenze in maniera immediata.<\/p>\n<h2>ALCHEMER &#8211; TUTORIAL<\/h2>\n<p>Diamo uno sguardo a questo <strong>software per le votazioni<\/strong>:<\/p>\n<div id=\"fluid-wrapper-counter-1\" class=\"g1-fluid-wrapper \" style=\"width:686px;\">\n<div style=\"padding-bottom:56.268221574344%;\"><iframe loading=\"lazy\" title=\"Alchemer Survey Tutorial | How to Use Alchemer as a Beginner 2022\" width=\"686\" height=\"386\" src=\"https:\/\/www.youtube.com\/embed\/Hg_CBl2_Vxs?feature=oembed&amp;wmode=transparent&amp;autohide=1&amp;autoplay=0&amp;disablekb=0&amp;fs=1&amp;loop=0&amp;enablejsapi=1&amp;rel=0&amp;controls=2&amp;showinfo=0&amp;wmode=transparent&amp;autohide=2&amp;autoplay=0&amp;disablekb=0&amp;fs=1&amp;loop=0&amp;enablejsapi=1&amp;rel=0&amp;controls=2&amp;showinfo=1\" frameborder=\"0\" allow=\"accelerometer; autoplay; clipboard-write; encrypted-media; gyroscope; picture-in-picture\" allowfullscreen><\/iframe><\/div>\n<\/div>\n<h3>ALCHEMER &#8211; CARATTERISTICHE<\/h3>\n<ul>\n<li><strong>Sondaggi<\/strong>:\u00a0consente di raccogliere i dati dei clienti con flessibilit\u00e0 e sicurezza.<\/li>\n<li><strong>Flussi di lavoro<\/strong>: ti permette di gestire ci\u00f2 che raccogli. Flusso di lavoro basato sulla logica, sull&#8217;integrazione, basato sulle tue esigenze. Le voci fluiscono tra dipartimenti e sistemi per assicurarsi che tutti sentano la stessa voce e rispondano ad essa in base al loro rapporto.<\/li>\n<li><strong>Pubblico<\/strong>: ti aiuta a identificare, accedere e gestire il tuo pubblico.<\/li>\n<li><strong>Comunicare<\/strong>: avrai\u00a0molti modi diversi di comunicare con il tuo pubblico. Il software fornisce strumenti di posta elettronica, sms, strumenti video e audio. In questo modo puoi comunicare in modo interattivo con le persone che forniscono il feedback o con coloro che lo stanno analizzando.<\/li>\n<li><strong>Analizzare<\/strong>:\u00a0il modo pi\u00f9 efficace per analizzare i tuoi clienti in combinazione con altri dati organizzativi. Combinando e sfruttando le applicazioni di Business Intelligence, il software di vendita, gli strumenti di analisi e le dashboard che la tua azienda gi\u00e0 utilizza il programma si integrer\u00e0 perfettamente.<\/li>\n<li><strong>Sicuro<\/strong>: i\u00a0protocolli di sicurezza di livello aziendale leader del settore mantengono i tuoi dati protetti.<\/li>\n<li><strong>Facile<\/strong>: una piattaforma intuitiva consente a chiunque in qualsiasi reparto di creare, gestire e creare report sui progetti.<\/li>\n<\/ul>\n<h4>LE RECENSIONI DEGLI UTENTI<\/h4>\n<p class=\"fw-bold mb-2\"><strong>Ali&#8221;Alchmer&#8221;<br \/>\n<\/strong><strong>Pro<\/strong>:\u00a0Alchemer \u00e8 bravissimo ad afferrare e modificare i dati dei sondaggi per i nostri clienti<br \/>\n<strong>Contro<\/strong>:\u00a0non \u00e8 semplicissimo manipolare i dati desiderati nel rapporto<\/p>\n<p class=\"fw-bold mb-2\"><strong>Mal&#8221;Interfaccia utente semplice, grande analisi semplice&#8221;<br \/>\n<\/strong><strong>Pro<\/strong>:\u00a0Non esiste una curva di apprendimento per la creazione di un sondaggio: l&#8217;interfaccia utente \u00e8 intuitiva e per il 90% dei sondaggi della nostra azienda \u00e8 necessario che la funzionalit\u00e0 e la logica del tipo di domanda soddisfino le nostre esigenze. Rapporti molto facili da estrarre: Alchemer genera automaticamente grafici, grafici e nuvole di parole e dispone di una logica di filtro integrata. Spesso, i nostri report possono essere estratti direttamente da Alchemer stesso senza ulteriori analisi in Excel.<br \/>\n<strong>Contro<\/strong>:\u00a0Molte delle nostre esigenze di rilevamento riguardano i dati spaziali, quindi spesso abbiamo bisogno di accoppiare Alchemer con uno strumento di mappatura poich\u00e9 non c&#8217;\u00e8 modo di chiedere facilmente ai partecipanti al sondaggio di fornire dati spaziali\/cartografici. L&#8217;aggiunta di immagini alle opzioni delle domande non \u00e8 molto intuitiva e le immagini devono essere modificate al di fuori di Alchemer per assicurarsi che vengano visualizzate correttamente.<\/p>\n<p class=\"fw-bold mb-2\"><strong>Erika&#8221;Software prezioso per sondaggi sui clienti&#8221;<br \/>\n<\/strong><strong>Pro<\/strong>:\u00a0Adoro il generatore di sondaggi, la possibilit\u00e0 di personalizzare i sondaggi con l&#8217;aspetto grafico e la vasta libreria di domande che aiuta a rendere i sondaggi coinvolgenti. La logica che forniscono (come la possibilit\u00e0 di saltare una domanda se un cliente risponde &#8220;no&#8221; a una domanda precedente, ad esempio) \u00e8 fondamentale e ci aiuta a eliminare le persone che non sono pi\u00f9 adatte per aiutarci a rispondere alle domande del sondaggio. Adoro questo software.<br \/>\n<strong>Contro<\/strong>:\u00a0Questo \u00e8 costoso per pi\u00f9 di una persona da utilizzare in azienda. Vorrei davvero che fosse pi\u00f9 conveniente.<\/p>\n","protected":false},"excerpt":{"rendered":"<p>Alchemer (precedentemente conosciuto come SurveyGizmo) \u00e8 una\u00a0piattaforma che offre tre livelli di funzionalit\u00e0 di indagine (da base a avanzata), sondaggi preconfigurati, flussi di lavoro e strumenti di raccolta feedback che possono aiutare i team a ottenere le informazioni necessarie da fonti interne ed esterne.\u00a0<\/p>\n","protected":false},"author":16,"featured_media":61328,"parent":61161,"menu_order":0,"comment_status":"open","ping_status":"closed","template":"g1_template_page_review_new.php","meta":{"_acf_changed":false,"cwp_meta_box_check":"No","cwp_rev_product_name":"","cwp_rev_product_image":"","wppr_links":[],"cwp_rev_price":"","wppr_options":[],"wppr_pros":[],"wppr_cons":[],"_monsterinsights_skip_tracking":false,"_monsterinsights_sitenote_active":false,"_monsterinsights_sitenote_note":"","_monsterinsights_sitenote_category":0,"footnotes":""},"categories":[13279],"tags":[13326,13286,13294,13282,13292,13281,13289,13336,13308,13290],"features":[],"class_list":{"0":"post-61327","1":"page","2":"type-page","3":"status-publish","4":"has-post-thumbnail","6":"category-software-votazioni-cat","7":"tag-alchemer","8":"tag-piattaforma-per-votazioni","9":"tag-programma-per-sondaggi","10":"tag-programma-per-votazioni","11":"tag-software-per-sondaggi","12":"tag-software-per-votazioni","13":"tag-soluzione-per-sondaggi","14":"tag-soluzioni-per-votazioni","15":"tag-sondaggi","16":"tag-votazioni"},"wppr_data":{"cwp_meta_box_check":"No"},"acf":[],"yoast_head":"<!-- This site is optimized with the Yoast SEO plugin v27.4 - https:\/\/yoast.com\/product\/yoast-seo-wordpress\/ -->\n<title>Alchemer: recensione software per votazioni - Accurate Reviews<\/title>\n<meta name=\"description\" content=\"Alchemer: recensione\u00a0software per votazioni che offre sondaggi preconfigurati, flussi di lavoro, strumenti di raccolta feedback e altro.\" \/>\n<meta name=\"robots\" content=\"index, follow, max-snippet:-1, max-image-preview:large, max-video-preview:-1\" \/>\n<link rel=\"canonical\" href=\"https:\/\/www.accuratereviews.com\/it\/software-votazioni\/alchemer-recensione\/\" \/>\n<meta property=\"og:locale\" content=\"it_IT\" \/>\n<meta property=\"og:type\" content=\"article\" \/>\n<meta property=\"og:title\" content=\"Alchemer: recensione software per votazioni - Accurate Reviews\" \/>\n<meta property=\"og:description\" content=\"Alchemer: recensione\u00a0software per votazioni che offre sondaggi preconfigurati, flussi di lavoro, strumenti di raccolta feedback e altro.\" \/>\n<meta property=\"og:url\" content=\"https:\/\/www.accuratereviews.com\/it\/software-votazioni\/alchemer-recensione\/\" \/>\n<meta property=\"og:site_name\" content=\"Accurate Reviews\" \/>\n<meta property=\"og:image\" content=\"https:\/\/www.accuratereviews.com\/wp-content\/uploads\/2022\/09\/Alchemer.jpeg\" \/>\n\t<meta property=\"og:image:width\" content=\"792\" \/>\n\t<meta property=\"og:image:height\" content=\"320\" \/>\n\t<meta property=\"og:image:type\" content=\"image\/jpeg\" \/>\n<meta name=\"twitter:card\" content=\"summary_large_image\" \/>\n<meta name=\"twitter:label1\" content=\"Tempo di lettura stimato\" \/>\n\t<meta name=\"twitter:data1\" content=\"4 minuti\" \/>\n<script type=\"application\/ld+json\" class=\"yoast-schema-graph\">{\"@context\":\"https:\\\/\\\/schema.org\",\"@graph\":[{\"@type\":\"WebPage\",\"@id\":\"https:\\\/\\\/www.accuratereviews.com\\\/it\\\/software-votazioni\\\/alchemer-recensione\\\/\",\"url\":\"https:\\\/\\\/www.accuratereviews.com\\\/it\\\/software-votazioni\\\/alchemer-recensione\\\/\",\"name\":\"Alchemer: recensione software per votazioni - Accurate Reviews\",\"isPartOf\":{\"@id\":\"https:\\\/\\\/www.accuratereviews.com\\\/it\\\/#website\"},\"primaryImageOfPage\":{\"@id\":\"https:\\\/\\\/www.accuratereviews.com\\\/it\\\/software-votazioni\\\/alchemer-recensione\\\/#primaryimage\"},\"image\":{\"@id\":\"https:\\\/\\\/www.accuratereviews.com\\\/it\\\/software-votazioni\\\/alchemer-recensione\\\/#primaryimage\"},\"thumbnailUrl\":\"https:\\\/\\\/www.accuratereviews.com\\\/wp-content\\\/uploads\\\/2022\\\/09\\\/Alchemer.jpeg\",\"datePublished\":\"2022-09-09T08:55:34+00:00\",\"description\":\"Alchemer: recensione\u00a0software per votazioni che offre sondaggi preconfigurati, flussi di lavoro, strumenti di raccolta feedback e altro.\",\"breadcrumb\":{\"@id\":\"https:\\\/\\\/www.accuratereviews.com\\\/it\\\/software-votazioni\\\/alchemer-recensione\\\/#breadcrumb\"},\"inLanguage\":\"it-IT\",\"potentialAction\":[{\"@type\":\"ReadAction\",\"target\":[\"https:\\\/\\\/www.accuratereviews.com\\\/it\\\/software-votazioni\\\/alchemer-recensione\\\/\"]}]},{\"@type\":\"ImageObject\",\"inLanguage\":\"it-IT\",\"@id\":\"https:\\\/\\\/www.accuratereviews.com\\\/it\\\/software-votazioni\\\/alchemer-recensione\\\/#primaryimage\",\"url\":\"https:\\\/\\\/www.accuratereviews.com\\\/wp-content\\\/uploads\\\/2022\\\/09\\\/Alchemer.jpeg\",\"contentUrl\":\"https:\\\/\\\/www.accuratereviews.com\\\/wp-content\\\/uploads\\\/2022\\\/09\\\/Alchemer.jpeg\",\"width\":792,\"height\":320},{\"@type\":\"BreadcrumbList\",\"@id\":\"https:\\\/\\\/www.accuratereviews.com\\\/it\\\/software-votazioni\\\/alchemer-recensione\\\/#breadcrumb\",\"itemListElement\":[{\"@type\":\"ListItem\",\"position\":1,\"name\":\"Home\",\"item\":\"https:\\\/\\\/www.accuratereviews.com\\\/it\\\/\"},{\"@type\":\"ListItem\",\"position\":2,\"name\":\"Software per votazioni\",\"item\":\"https:\\\/\\\/www.accuratereviews.com\\\/it\\\/software-votazioni\\\/\"},{\"@type\":\"ListItem\",\"position\":3,\"name\":\"Alchemer\"}]},{\"@type\":\"WebSite\",\"@id\":\"https:\\\/\\\/www.accuratereviews.com\\\/it\\\/#website\",\"url\":\"https:\\\/\\\/www.accuratereviews.com\\\/it\\\/\",\"name\":\"Accurate Reviews\",\"description\":\"\",\"potentialAction\":[{\"@type\":\"SearchAction\",\"target\":{\"@type\":\"EntryPoint\",\"urlTemplate\":\"https:\\\/\\\/www.accuratereviews.com\\\/it\\\/?s={search_term_string}\"},\"query-input\":{\"@type\":\"PropertyValueSpecification\",\"valueRequired\":true,\"valueName\":\"search_term_string\"}}],\"inLanguage\":\"it-IT\"}]}<\/script>\n<!-- \/ Yoast SEO plugin. -->","yoast_head_json":{"title":"Alchemer: recensione software per votazioni - Accurate Reviews","description":"Alchemer: recensione\u00a0software per votazioni che offre sondaggi preconfigurati, flussi di lavoro, strumenti di raccolta feedback e altro.","robots":{"index":"index","follow":"follow","max-snippet":"max-snippet:-1","max-image-preview":"max-image-preview:large","max-video-preview":"max-video-preview:-1"},"canonical":"https:\/\/www.accuratereviews.com\/it\/software-votazioni\/alchemer-recensione\/","og_locale":"it_IT","og_type":"article","og_title":"Alchemer: recensione software per votazioni - Accurate Reviews","og_description":"Alchemer: recensione\u00a0software per votazioni che offre sondaggi preconfigurati, flussi di lavoro, strumenti di raccolta feedback e altro.","og_url":"https:\/\/www.accuratereviews.com\/it\/software-votazioni\/alchemer-recensione\/","og_site_name":"Accurate Reviews","og_image":[{"width":792,"height":320,"url":"https:\/\/www.accuratereviews.com\/wp-content\/uploads\/2022\/09\/Alchemer.jpeg","type":"image\/jpeg"}],"twitter_card":"summary_large_image","twitter_misc":{"Tempo di lettura stimato":"4 minuti"},"schema":{"@context":"https:\/\/schema.org","@graph":[{"@type":"WebPage","@id":"https:\/\/www.accuratereviews.com\/it\/software-votazioni\/alchemer-recensione\/","url":"https:\/\/www.accuratereviews.com\/it\/software-votazioni\/alchemer-recensione\/","name":"Alchemer: recensione software per votazioni - Accurate Reviews","isPartOf":{"@id":"https:\/\/www.accuratereviews.com\/it\/#website"},"primaryImageOfPage":{"@id":"https:\/\/www.accuratereviews.com\/it\/software-votazioni\/alchemer-recensione\/#primaryimage"},"image":{"@id":"https:\/\/www.accuratereviews.com\/it\/software-votazioni\/alchemer-recensione\/#primaryimage"},"thumbnailUrl":"https:\/\/www.accuratereviews.com\/wp-content\/uploads\/2022\/09\/Alchemer.jpeg","datePublished":"2022-09-09T08:55:34+00:00","description":"Alchemer: recensione\u00a0software per votazioni che offre sondaggi preconfigurati, flussi di lavoro, strumenti di raccolta feedback e altro.","breadcrumb":{"@id":"https:\/\/www.accuratereviews.com\/it\/software-votazioni\/alchemer-recensione\/#breadcrumb"},"inLanguage":"it-IT","potentialAction":[{"@type":"ReadAction","target":["https:\/\/www.accuratereviews.com\/it\/software-votazioni\/alchemer-recensione\/"]}]},{"@type":"ImageObject","inLanguage":"it-IT","@id":"https:\/\/www.accuratereviews.com\/it\/software-votazioni\/alchemer-recensione\/#primaryimage","url":"https:\/\/www.accuratereviews.com\/wp-content\/uploads\/2022\/09\/Alchemer.jpeg","contentUrl":"https:\/\/www.accuratereviews.com\/wp-content\/uploads\/2022\/09\/Alchemer.jpeg","width":792,"height":320},{"@type":"BreadcrumbList","@id":"https:\/\/www.accuratereviews.com\/it\/software-votazioni\/alchemer-recensione\/#breadcrumb","itemListElement":[{"@type":"ListItem","position":1,"name":"Home","item":"https:\/\/www.accuratereviews.com\/it\/"},{"@type":"ListItem","position":2,"name":"Software per votazioni","item":"https:\/\/www.accuratereviews.com\/it\/software-votazioni\/"},{"@type":"ListItem","position":3,"name":"Alchemer"}]},{"@type":"WebSite","@id":"https:\/\/www.accuratereviews.com\/it\/#website","url":"https:\/\/www.accuratereviews.com\/it\/","name":"Accurate Reviews","description":"","potentialAction":[{"@type":"SearchAction","target":{"@type":"EntryPoint","urlTemplate":"https:\/\/www.accuratereviews.com\/it\/?s={search_term_string}"},"query-input":{"@type":"PropertyValueSpecification","valueRequired":true,"valueName":"search_term_string"}}],"inLanguage":"it-IT"}]}},"_links":{"self":[{"href":"https:\/\/www.accuratereviews.com\/it\/wp-json\/wp\/v2\/pages\/61327","targetHints":{"allow":["GET"]}}],"collection":[{"href":"https:\/\/www.accuratereviews.com\/it\/wp-json\/wp\/v2\/pages"}],"about":[{"href":"https:\/\/www.accuratereviews.com\/it\/wp-json\/wp\/v2\/types\/page"}],"author":[{"embeddable":true,"href":"https:\/\/www.accuratereviews.com\/it\/wp-json\/wp\/v2\/users\/16"}],"replies":[{"embeddable":true,"href":"https:\/\/www.accuratereviews.com\/it\/wp-json\/wp\/v2\/comments?post=61327"}],"version-history":[{"count":9,"href":"https:\/\/www.accuratereviews.com\/it\/wp-json\/wp\/v2\/pages\/61327\/revisions"}],"predecessor-version":[{"id":61385,"href":"https:\/\/www.accuratereviews.com\/it\/wp-json\/wp\/v2\/pages\/61327\/revisions\/61385"}],"up":[{"embeddable":true,"href":"https:\/\/www.accuratereviews.com\/it\/wp-json\/wp\/v2\/pages\/61161"}],"wp:featuredmedia":[{"embeddable":true,"href":"https:\/\/www.accuratereviews.com\/it\/wp-json\/wp\/v2\/media\/61328"}],"wp:attachment":[{"href":"https:\/\/www.accuratereviews.com\/it\/wp-json\/wp\/v2\/media?parent=61327"}],"wp:term":[{"taxonomy":"category","embeddable":true,"href":"https:\/\/www.accuratereviews.com\/it\/wp-json\/wp\/v2\/categories?post=61327"},{"taxonomy":"post_tag","embeddable":true,"href":"https:\/\/www.accuratereviews.com\/it\/wp-json\/wp\/v2\/tags?post=61327"},{"taxonomy":"features","embeddable":true,"href":"https:\/\/www.accuratereviews.com\/it\/wp-json\/wp\/v2\/features?post=61327"}],"curies":[{"name":"wp","href":"https:\/\/api.w.org\/{rel}","templated":true}]}}