{"id":61334,"date":"2022-09-09T08:58:56","date_gmt":"2022-09-09T08:58:56","guid":{"rendered":"https:\/\/www.accuratereviews.com\/?page_id=61334"},"modified":"2022-09-09T08:58:56","modified_gmt":"2022-09-09T08:58:56","slug":"nextiva-recensione","status":"publish","type":"page","link":"https:\/\/www.accuratereviews.com\/it\/software-votazioni\/nextiva-recensione\/","title":{"rendered":"Nextiva"},"content":{"rendered":"<p><strong>Nextiva<\/strong> \u00e8 una <strong>piattaforma che unisce le comunicazioni<\/strong> con applicazioni aziendali, intelligence e automazione. Questo aiuta le aziende a comunicare e creare connessioni pi\u00f9 profonde con i propri clienti.\u00a0\u00c8 facile da configurare, utilizzare e gestire, quindi non \u00e8 richiesta alcuna conoscenza tecnica. Puoi aggiungere applicazioni come strumenti di produttivit\u00e0 per le vendite e i servizi, in qualsiasi momento. Le aziende si affidano a questo programma per la sua sicurezza e integrit\u00e0. I data center di <strong>Nextiva<\/strong> sono certificati ISO\/IEC 20071 e la sua piattaforma \u00e8 conforme a SOC 2 e offre soluzioni conformi a PCI e HIPAA.<\/p>\n<h2>NEXTIVA &#8211; TUTORIAL<\/h2>\n<div id=\"fluid-wrapper-counter-1\" class=\"g1-fluid-wrapper \" style=\"width:686px;\">\n<div style=\"padding-bottom:56.268221574344%;\"><iframe loading=\"lazy\" title=\"Nextiva Tutorial (Run Your Business Smoothly in 2022)\" width=\"686\" height=\"386\" src=\"https:\/\/www.youtube.com\/embed\/sk41PwVbhR4?feature=oembed&amp;wmode=transparent&amp;autohide=1&amp;autoplay=0&amp;disablekb=0&amp;fs=1&amp;loop=0&amp;enablejsapi=1&amp;rel=0&amp;controls=2&amp;showinfo=0&amp;wmode=transparent&amp;autohide=2&amp;autoplay=0&amp;disablekb=0&amp;fs=1&amp;loop=0&amp;enablejsapi=1&amp;rel=0&amp;controls=2&amp;showinfo=1\" frameborder=\"0\" allow=\"accelerometer; autoplay; clipboard-write; encrypted-media; gyroscope; picture-in-picture\" allowfullscreen><\/iframe><\/div>\n<\/div>\n<h3>NEXTIVA &#8211; CARATTERISTICHE<\/h3>\n<ul>\n<li><strong>Costruisci relazioni con i clienti<\/strong>: inizia a intrecciare relazioni con i clienti pi\u00f9 profonde e durature.<\/li>\n<li><strong>Ottieni approfondimenti per la crescita<\/strong>: rileva preziose informazioni nascoste sulle operazioni aziendali.<\/li>\n<li><strong>Sistemi telefonici legacy di transizione<\/strong>: aggiorna il tuo sistema telefonico precedente senza interruzioni del servizio.<\/li>\n<li><strong>Ridimensiona, gestisci e risolvi facilmente i problemi<\/strong>: gestisci dinamicamente i flussi di chiamata, il volume e controlla le prestazioni.<\/li>\n<li><strong>App per dispositivi mobili<\/strong>: sostituisci il tuo telefono fisso con il tuo dispositivo mobile esistente.<\/li>\n<li><strong>Sondaggi<\/strong>: ottieni un feedback diretto dalle persone che utilizzano la tua attivit\u00e0.<\/li>\n<li><strong>Messaggistica di testo aziendale<\/strong>: invia sms dal tuo numero di telefono aziendale.<\/li>\n<li><strong>Fax digitale sicuro<\/strong>: ricevi i fax nella casella di posta del tuo dispositivo preferito.<\/li>\n<\/ul>\n<h4>LE RECENSIONI DEGLI UTENTI<\/h4>\n<p class=\"fw-bold mb-2\"><strong>Gregg&#8221;Un buon sistema telefonico, ma potrebbe essere migliore.&#8221;<br \/>\n<\/strong><strong>Pro<\/strong>:\u00a0Soprattutto, mi piace che funzioni. Non ricevo lamentele dalla mia gente come ho fatto con il nostro precedente sistema Dialpad. I telefoni fissi gratuiti di alta qualit\u00e0 erano un vantaggio. Non \u00e8 un sistema difficile da imparare o da usare come utente.<br \/>\n<strong>Contro<\/strong>:\u00a0Nessuna trascrizione della segreteria! Difficile cambiare le deviazioni delle chiamate da soli (ma il servizio clienti lo fa felicemente e rapidamente per te). La mia balena bianca personale: l&#8217;app iOS non funziona (si rifiuta di accedere) sul mio iPhone o iPad perch\u00e9 non gli piace il mio router wifi (o alcuni BS del genere).<\/p>\n<p class=\"fw-bold mb-2\"><strong>Kat&#8221;Telefono n. 1 &#8211; Nextiva&#8221;<br \/>\n<\/strong><span class=\"fw-bold\"><strong>Commenti<\/strong>: <\/span>Tutti amiamo il servizio telefonico Nextiva. Cos\u00ec facile da usare, nessun problema con connettivit\u00e0, servizio e supporto \u00e8 fantastico.<br \/>\n<strong>Pro<\/strong>:\u00a0Facilit\u00e0 di integrazione, facilit\u00e0 d&#8217;uso, controllo i messaggi in entrata e in uscita. Il supporto \u00e8 straordinario, in qualsiasi momento del giorno e della notte. Le vendite non erano pressanti. Molto facile comunicare le nostre esigenze con ottimi risultati.<br \/>\n<strong>Contro<\/strong>:\u00a0Non c&#8217;\u00e8 niente che non ci piace. \u00c8 tutto bellissimo! nessun problema con la connettivit\u00e0 o il servizio di supporto.<\/p>\n<p class=\"fw-bold mb-2\"><strong>Jorge&#8221;Sistema telefonico per la mia attivit\u00e0&#8221;<br \/>\n<\/strong><span class=\"fw-bold\"><strong>Commenti<\/strong>: <\/span>Se dedichi un po&#8217; di tempo al supporto e alla cofigurazione, allora \u00e8 un ottimo prodotto. Richiede del tempo per configurarlo completamente come vuoi che funzioni.<br \/>\n<strong>Pro<\/strong>:\u00a0Il prezzo e le caratteristiche sono state la prima cosa che ho guardato. Mi piace come \u00e8 stato in grado di integrarsi con il mio CRM. Anche il loro supporto clienti \u00e8 stato ottimo.<br \/>\n<strong>Contro<\/strong>:\u00a0Ci \u00e8 voluto un po&#8217; di lavoro per farlo funzionare dall&#8217;inizio.<\/p>\n","protected":false},"excerpt":{"rendered":"<p>Nextiva \u00e8 una piattaforma che unisce le comunicazioni con applicazioni aziendali, intelligence e automazione. Questo aiuta le aziende a comunicare e creare connessioni pi\u00f9 profonde con i propri clienti.\u00a0\u00c8 facile da configurare, utilizzare e gestire, quindi non \u00e8 richiesta alcuna conoscenza tecnica.<\/p>\n","protected":false},"author":16,"featured_media":61340,"parent":61161,"menu_order":0,"comment_status":"open","ping_status":"closed","template":"g1_template_page_review_new.php","meta":{"_acf_changed":false,"cwp_meta_box_check":"No","cwp_rev_product_name":"","cwp_rev_product_image":"","wppr_links":[],"cwp_rev_price":"","wppr_options":[],"wppr_pros":[],"wppr_cons":[],"_monsterinsights_skip_tracking":false,"_monsterinsights_sitenote_active":false,"_monsterinsights_sitenote_note":"","_monsterinsights_sitenote_category":0,"footnotes":""},"categories":[13279],"tags":[13328,13327,13293,13331,13294,13332,13292,13329,13289,13330,13308,13290],"features":[],"class_list":{"0":"post-61334","1":"page","2":"type-page","3":"status-publish","4":"has-post-thumbnail","6":"category-software-votazioni-cat","7":"tag-comunicazione","8":"tag-nextiva","9":"tag-piattaforma-per-sondaggi","10":"tag-piattaforma-per-votazione","11":"tag-programma-per-sondaggi","12":"tag-programma-per-votazione","13":"tag-software-per-sondaggi","14":"tag-software-per-votazione","15":"tag-soluzione-per-sondaggi","16":"tag-soluzione-per-votazione","17":"tag-sondaggi","18":"tag-votazioni"},"wppr_data":{"cwp_meta_box_check":"No"},"acf":[],"yoast_head":"<!-- This site is optimized with the Yoast SEO plugin v27.4 - https:\/\/yoast.com\/product\/yoast-seo-wordpress\/ -->\n<title>Nextiva: recensione software per votazioni - Accurate Reviews<\/title>\n<meta name=\"description\" content=\"Nextiva: recensione piattaforma che unisce le comunicazioni con applicazioni aziendali, intelligence e automazione.\" \/>\n<meta name=\"robots\" content=\"index, follow, max-snippet:-1, max-image-preview:large, max-video-preview:-1\" \/>\n<link rel=\"canonical\" href=\"https:\/\/www.accuratereviews.com\/it\/software-votazioni\/nextiva-recensione\/\" \/>\n<meta property=\"og:locale\" content=\"it_IT\" \/>\n<meta property=\"og:type\" content=\"article\" \/>\n<meta property=\"og:title\" content=\"Nextiva: recensione software per votazioni - Accurate Reviews\" \/>\n<meta property=\"og:description\" content=\"Nextiva: recensione piattaforma che unisce le comunicazioni con applicazioni aziendali, intelligence e automazione.\" \/>\n<meta property=\"og:url\" content=\"https:\/\/www.accuratereviews.com\/it\/software-votazioni\/nextiva-recensione\/\" \/>\n<meta property=\"og:site_name\" content=\"Accurate Reviews\" \/>\n<meta property=\"og:image\" content=\"https:\/\/www.accuratereviews.com\/wp-content\/uploads\/2022\/09\/Nextiva2.png\" \/>\n\t<meta property=\"og:image:width\" content=\"1219\" \/>\n\t<meta property=\"og:image:height\" content=\"513\" \/>\n\t<meta property=\"og:image:type\" content=\"image\/png\" \/>\n<meta name=\"twitter:card\" content=\"summary_large_image\" \/>\n<meta name=\"twitter:label1\" content=\"Tempo di lettura stimato\" \/>\n\t<meta name=\"twitter:data1\" content=\"3 minuti\" \/>\n<script type=\"application\/ld+json\" class=\"yoast-schema-graph\">{\"@context\":\"https:\\\/\\\/schema.org\",\"@graph\":[{\"@type\":\"WebPage\",\"@id\":\"https:\\\/\\\/www.accuratereviews.com\\\/it\\\/software-votazioni\\\/nextiva-recensione\\\/\",\"url\":\"https:\\\/\\\/www.accuratereviews.com\\\/it\\\/software-votazioni\\\/nextiva-recensione\\\/\",\"name\":\"Nextiva: recensione software per votazioni - Accurate Reviews\",\"isPartOf\":{\"@id\":\"https:\\\/\\\/www.accuratereviews.com\\\/it\\\/#website\"},\"primaryImageOfPage\":{\"@id\":\"https:\\\/\\\/www.accuratereviews.com\\\/it\\\/software-votazioni\\\/nextiva-recensione\\\/#primaryimage\"},\"image\":{\"@id\":\"https:\\\/\\\/www.accuratereviews.com\\\/it\\\/software-votazioni\\\/nextiva-recensione\\\/#primaryimage\"},\"thumbnailUrl\":\"https:\\\/\\\/www.accuratereviews.com\\\/wp-content\\\/uploads\\\/2022\\\/09\\\/Nextiva2.png\",\"datePublished\":\"2022-09-09T08:58:56+00:00\",\"description\":\"Nextiva: recensione piattaforma che unisce le comunicazioni con applicazioni aziendali, intelligence e automazione.\",\"breadcrumb\":{\"@id\":\"https:\\\/\\\/www.accuratereviews.com\\\/it\\\/software-votazioni\\\/nextiva-recensione\\\/#breadcrumb\"},\"inLanguage\":\"it-IT\",\"potentialAction\":[{\"@type\":\"ReadAction\",\"target\":[\"https:\\\/\\\/www.accuratereviews.com\\\/it\\\/software-votazioni\\\/nextiva-recensione\\\/\"]}]},{\"@type\":\"ImageObject\",\"inLanguage\":\"it-IT\",\"@id\":\"https:\\\/\\\/www.accuratereviews.com\\\/it\\\/software-votazioni\\\/nextiva-recensione\\\/#primaryimage\",\"url\":\"https:\\\/\\\/www.accuratereviews.com\\\/wp-content\\\/uploads\\\/2022\\\/09\\\/Nextiva2.png\",\"contentUrl\":\"https:\\\/\\\/www.accuratereviews.com\\\/wp-content\\\/uploads\\\/2022\\\/09\\\/Nextiva2.png\",\"width\":1219,\"height\":513},{\"@type\":\"BreadcrumbList\",\"@id\":\"https:\\\/\\\/www.accuratereviews.com\\\/it\\\/software-votazioni\\\/nextiva-recensione\\\/#breadcrumb\",\"itemListElement\":[{\"@type\":\"ListItem\",\"position\":1,\"name\":\"Home\",\"item\":\"https:\\\/\\\/www.accuratereviews.com\\\/it\\\/\"},{\"@type\":\"ListItem\",\"position\":2,\"name\":\"Software per votazioni\",\"item\":\"https:\\\/\\\/www.accuratereviews.com\\\/it\\\/software-votazioni\\\/\"},{\"@type\":\"ListItem\",\"position\":3,\"name\":\"Nextiva\"}]},{\"@type\":\"WebSite\",\"@id\":\"https:\\\/\\\/www.accuratereviews.com\\\/it\\\/#website\",\"url\":\"https:\\\/\\\/www.accuratereviews.com\\\/it\\\/\",\"name\":\"Accurate Reviews\",\"description\":\"\",\"potentialAction\":[{\"@type\":\"SearchAction\",\"target\":{\"@type\":\"EntryPoint\",\"urlTemplate\":\"https:\\\/\\\/www.accuratereviews.com\\\/it\\\/?s={search_term_string}\"},\"query-input\":{\"@type\":\"PropertyValueSpecification\",\"valueRequired\":true,\"valueName\":\"search_term_string\"}}],\"inLanguage\":\"it-IT\"}]}<\/script>\n<!-- \/ Yoast SEO plugin. -->","yoast_head_json":{"title":"Nextiva: recensione software per votazioni - Accurate Reviews","description":"Nextiva: recensione piattaforma che unisce le comunicazioni con applicazioni aziendali, intelligence e automazione.","robots":{"index":"index","follow":"follow","max-snippet":"max-snippet:-1","max-image-preview":"max-image-preview:large","max-video-preview":"max-video-preview:-1"},"canonical":"https:\/\/www.accuratereviews.com\/it\/software-votazioni\/nextiva-recensione\/","og_locale":"it_IT","og_type":"article","og_title":"Nextiva: recensione software per votazioni - Accurate Reviews","og_description":"Nextiva: recensione piattaforma che unisce le comunicazioni con applicazioni aziendali, intelligence e automazione.","og_url":"https:\/\/www.accuratereviews.com\/it\/software-votazioni\/nextiva-recensione\/","og_site_name":"Accurate Reviews","og_image":[{"width":1219,"height":513,"url":"https:\/\/www.accuratereviews.com\/wp-content\/uploads\/2022\/09\/Nextiva2.png","type":"image\/png"}],"twitter_card":"summary_large_image","twitter_misc":{"Tempo di lettura stimato":"3 minuti"},"schema":{"@context":"https:\/\/schema.org","@graph":[{"@type":"WebPage","@id":"https:\/\/www.accuratereviews.com\/it\/software-votazioni\/nextiva-recensione\/","url":"https:\/\/www.accuratereviews.com\/it\/software-votazioni\/nextiva-recensione\/","name":"Nextiva: recensione software per votazioni - Accurate Reviews","isPartOf":{"@id":"https:\/\/www.accuratereviews.com\/it\/#website"},"primaryImageOfPage":{"@id":"https:\/\/www.accuratereviews.com\/it\/software-votazioni\/nextiva-recensione\/#primaryimage"},"image":{"@id":"https:\/\/www.accuratereviews.com\/it\/software-votazioni\/nextiva-recensione\/#primaryimage"},"thumbnailUrl":"https:\/\/www.accuratereviews.com\/wp-content\/uploads\/2022\/09\/Nextiva2.png","datePublished":"2022-09-09T08:58:56+00:00","description":"Nextiva: recensione piattaforma che unisce le comunicazioni con applicazioni aziendali, intelligence e automazione.","breadcrumb":{"@id":"https:\/\/www.accuratereviews.com\/it\/software-votazioni\/nextiva-recensione\/#breadcrumb"},"inLanguage":"it-IT","potentialAction":[{"@type":"ReadAction","target":["https:\/\/www.accuratereviews.com\/it\/software-votazioni\/nextiva-recensione\/"]}]},{"@type":"ImageObject","inLanguage":"it-IT","@id":"https:\/\/www.accuratereviews.com\/it\/software-votazioni\/nextiva-recensione\/#primaryimage","url":"https:\/\/www.accuratereviews.com\/wp-content\/uploads\/2022\/09\/Nextiva2.png","contentUrl":"https:\/\/www.accuratereviews.com\/wp-content\/uploads\/2022\/09\/Nextiva2.png","width":1219,"height":513},{"@type":"BreadcrumbList","@id":"https:\/\/www.accuratereviews.com\/it\/software-votazioni\/nextiva-recensione\/#breadcrumb","itemListElement":[{"@type":"ListItem","position":1,"name":"Home","item":"https:\/\/www.accuratereviews.com\/it\/"},{"@type":"ListItem","position":2,"name":"Software per votazioni","item":"https:\/\/www.accuratereviews.com\/it\/software-votazioni\/"},{"@type":"ListItem","position":3,"name":"Nextiva"}]},{"@type":"WebSite","@id":"https:\/\/www.accuratereviews.com\/it\/#website","url":"https:\/\/www.accuratereviews.com\/it\/","name":"Accurate Reviews","description":"","potentialAction":[{"@type":"SearchAction","target":{"@type":"EntryPoint","urlTemplate":"https:\/\/www.accuratereviews.com\/it\/?s={search_term_string}"},"query-input":{"@type":"PropertyValueSpecification","valueRequired":true,"valueName":"search_term_string"}}],"inLanguage":"it-IT"}]}},"_links":{"self":[{"href":"https:\/\/www.accuratereviews.com\/it\/wp-json\/wp\/v2\/pages\/61334","targetHints":{"allow":["GET"]}}],"collection":[{"href":"https:\/\/www.accuratereviews.com\/it\/wp-json\/wp\/v2\/pages"}],"about":[{"href":"https:\/\/www.accuratereviews.com\/it\/wp-json\/wp\/v2\/types\/page"}],"author":[{"embeddable":true,"href":"https:\/\/www.accuratereviews.com\/it\/wp-json\/wp\/v2\/users\/16"}],"replies":[{"embeddable":true,"href":"https:\/\/www.accuratereviews.com\/it\/wp-json\/wp\/v2\/comments?post=61334"}],"version-history":[{"count":13,"href":"https:\/\/www.accuratereviews.com\/it\/wp-json\/wp\/v2\/pages\/61334\/revisions"}],"predecessor-version":[{"id":61387,"href":"https:\/\/www.accuratereviews.com\/it\/wp-json\/wp\/v2\/pages\/61334\/revisions\/61387"}],"up":[{"embeddable":true,"href":"https:\/\/www.accuratereviews.com\/it\/wp-json\/wp\/v2\/pages\/61161"}],"wp:featuredmedia":[{"embeddable":true,"href":"https:\/\/www.accuratereviews.com\/it\/wp-json\/wp\/v2\/media\/61340"}],"wp:attachment":[{"href":"https:\/\/www.accuratereviews.com\/it\/wp-json\/wp\/v2\/media?parent=61334"}],"wp:term":[{"taxonomy":"category","embeddable":true,"href":"https:\/\/www.accuratereviews.com\/it\/wp-json\/wp\/v2\/categories?post=61334"},{"taxonomy":"post_tag","embeddable":true,"href":"https:\/\/www.accuratereviews.com\/it\/wp-json\/wp\/v2\/tags?post=61334"},{"taxonomy":"features","embeddable":true,"href":"https:\/\/www.accuratereviews.com\/it\/wp-json\/wp\/v2\/features?post=61334"}],"curies":[{"name":"wp","href":"https:\/\/api.w.org\/{rel}","templated":true}]}}