{"id":61365,"date":"2022-09-08T11:50:33","date_gmt":"2022-09-08T11:50:33","guid":{"rendered":"https:\/\/www.accuratereviews.com\/?page_id=61365"},"modified":"2022-09-08T11:50:33","modified_gmt":"2022-09-08T11:50:33","slug":"dialogloop-recensione","status":"publish","type":"page","link":"https:\/\/www.accuratereviews.com\/it\/software-votazioni\/dialogloop-recensione\/","title":{"rendered":"DialogLoop"},"content":{"rendered":"<p class=\"h3 mb-1\"><strong>DialogLoop<\/strong> \u00e8 un&#8217;ottima soluzione per presentatori, gestori di eventi, streamer, influencer, artisti e giocatori che vogliono coinvolgere maggiormente il loro pubblico. Spesso, per raggiungere questo obiettivo, si fa molto affidamento sui sondaggi e sui quiz online che permettono di intrattenere i visitatori e i clienti. A loro baster\u00e0 scaricare l&#8217;app e collegarsi alla piattaforma di <strong>DialogLoop<\/strong> utilizzando un QR Code o un link e l\u00ec scopriranno tutti i tuoi contenuti.<br \/>\nInoltre questo <strong>software per votazioni<\/strong> \u00e8 disponibile in 12 lingue: arabo, portoghese brasiliano, cinese, olandese, inglese, francese, tedesco, italiano, giapponese, malese, portoghese, spagnolo.<\/p>\n<h2>DIALOGLOOP &#8211; TUTORIAL<\/h2>\n<div id=\"fluid-wrapper-counter-1\" class=\"g1-fluid-wrapper \" style=\"width:686px;\">\n<div style=\"padding-bottom:56.268221574344%;\"><iframe loading=\"lazy\" title=\"How to use the DialogLoop WebApp for Attendees\" width=\"686\" height=\"386\" src=\"https:\/\/www.youtube.com\/embed\/r_YYlR8wghg?feature=oembed&amp;wmode=transparent&amp;autohide=1&amp;autoplay=0&amp;disablekb=0&amp;fs=1&amp;loop=0&amp;enablejsapi=1&amp;rel=0&amp;controls=2&amp;showinfo=0&amp;wmode=transparent&amp;autohide=2&amp;autoplay=0&amp;disablekb=0&amp;fs=1&amp;loop=0&amp;enablejsapi=1&amp;rel=0&amp;controls=2&amp;showinfo=1\" frameborder=\"0\" allow=\"accelerometer; autoplay; clipboard-write; encrypted-media; gyroscope; picture-in-picture\" allowfullscreen><\/iframe><\/div>\n<\/div>\n<h3>DIALOGLOOP \u00a0CARATTERISTICHE<\/h3>\n<ul>\n<li>Esegui attivit\u00e0 di coinvolgimento senza problemi in PowerPoint, Excel e OneNote.<\/li>\n<li>Crea sondaggi visivi ricchi di contenuti per attirare l&#8217;attenzione del pubblico<\/li>\n<li>Utilizza il tuo URL per pubblicare sondaggi e attivit\u00e0 prima della riunione e raccogliere i suggerimenti del pubblico per alimentare il tuo storytelling<\/li>\n<li>Aggiungi l&#8217;interazione del pubblico agli eventi in diretta streaming<\/li>\n<li>Rendi le &#8220;battaglie di canzoni con voto&#8221; un jukebox dal vivo<\/li>\n<li>Incorpora immagini, video, link web e personalizza le domande<\/li>\n<li>Crea una pagina web dedicata all&#8217;evento<\/li>\n<li>Genera rapporti analitici dettagliati sul livello di coinvolgimento per ogni sessione<\/li>\n<li>Riunisci tutti i partecipanti in un&#8217;unica finestra di interazione per chattare insieme<\/li>\n<li>Visualizza il feedback emotivo del pubblico in diretta<\/li>\n<li>Personalizza ogni sessione, scegli il tipo di domanda giusta e condividi diapositive e contenuti in un clic<\/li>\n<li>Scegli diverse Emoji da far scegliere ai partecipanti<\/li>\n<li>Integralo con gli strumenti che utilizzi e ami.<\/li>\n<\/ul>\n<h4>LE RECENSIONI DEGLI UTENTI<\/h4>\n<div class=\"d-flex align-items-center mb-1 mb-md-3\">\n<p><strong>Karen &#8220;DialogLoop&#8221;<\/strong><br \/>\nCommenti: stavo presentando al pubblico il tema dell&#8217;innovazione e avevo bisogno di una soluzione all&#8217;interno di Powerpoint per porre molte domande e coinvolgere il pubblico in una chat e DialogLopp \u00e8 stato perfetto per questo.<br \/>\nPro: mi \u00e8 piaciuto molto poter utilizzare uno strumento di coinvolgimento del pubblico per raccogliere informazioni in tempo reale direttamente con Microsoft PowerPoint. Mi sono piaciuti: wordcloud, i sondaggi, la chat e la possibilit\u00e0 di aggiungere documenti direttamente nella presentazione perch\u00e9 il pubblico li tenga con s\u00e9.<br \/>\nContro: se si esegue un test prima della presentazione, bisogna ricordarsi di ricaricare le funzioni di sondaggio, wordcloud e indagine.<\/p>\n<p><strong>Sophie &#8220;Test&#8221;<\/strong><br \/>\nCommenti: \u00e8 stata una prima prova su un evento e nel complesso ha avuto un grande successo, penso che possa diventare qualcosa di veramente innovativo per le conferenze.<br \/>\nPro: il servizio clienti \u00e8 ottimo, sempre disponibile in qualsiasi momento e molto utile. Sono disposti a migliorare Dialogloop per renderlo migliore e pi\u00f9 semplice, il che \u00e8 ottimo.<br \/>\nContro: ci sono stati dei piccoli bug (che sono stati risolti) che mi hanno fatto lavorare di pi\u00f9.<\/p>\n<p><strong>Ralph &#8220;L&#8217;aggiunta ideale a qualsiasi evento faccia a faccia, online e ibrido&#8221;.<\/strong><br \/>\nCommenti: sono molto soddisfatto di DialogLoop, in quanto \u00e8 estremamente versatile grazie ai numerosi componenti!<br \/>\nPro: per ogni tipo di evento \u00e8 possibile utilizzare la funzione emoji personalizzabile. Registrazione e controllo di ammissione. Votazioni ed elezioni con la visualizzazione immediata per tutti.<br \/>\nContro: non siamo riusciti a trovare nulla di negativo nelle varie implementazioni!<\/p>\n<\/div>\n","protected":false},"excerpt":{"rendered":"<p>DialogLoop \u00e8 un&#8217;ottima soluzione per presentatori, gestori di eventi, streamer, influencer, artisti e giocatori che vogliono coinvolgere maggiormente il loro pubblico. Spesso, per raggiungere questo obiettivo, si fa molto affidamento sui sondaggi e sui quiz online che permettono di intrattenere i visitatori e i clienti.<\/p>\n","protected":false},"author":17,"featured_media":61372,"parent":61161,"menu_order":0,"comment_status":"open","ping_status":"closed","template":"g1_template_page_review_new.php","meta":{"_acf_changed":false,"cwp_meta_box_check":"No","cwp_rev_product_name":"","cwp_rev_product_image":"","wppr_links":[],"cwp_rev_price":"","wppr_options":[],"wppr_pros":[],"wppr_cons":[],"_monsterinsights_skip_tracking":false,"_monsterinsights_sitenote_active":false,"_monsterinsights_sitenote_note":"","_monsterinsights_sitenote_category":0,"footnotes":""},"categories":[13279],"tags":[13287,13286,13282,13329,13285,13308,4705,13337],"features":[],"class_list":{"0":"post-61365","1":"page","2":"type-page","3":"status-publish","4":"has-post-thumbnail","6":"category-software-votazioni-cat","7":"tag-app-per-votazioni","8":"tag-piattaforma-per-votazioni","9":"tag-programma-per-votazioni","10":"tag-software-per-votazione","11":"tag-soluzione-per-votare","12":"tag-sondaggi","13":"tag-sondaggi-online","14":"tag-votare"},"wppr_data":{"cwp_meta_box_check":"No"},"acf":[],"yoast_head":"<!-- This site is optimized with the Yoast SEO plugin v27.4 - https:\/\/yoast.com\/product\/yoast-seo-wordpress\/ -->\n<title>DialogLoop: recensione software votazioni - Accurate Reviews<\/title>\n<meta name=\"description\" content=\"DialogLoop: recensione del software per votazioni a sondaggi online, utile per coinvolgere maggiormente il proprio pubblico.\" \/>\n<meta name=\"robots\" content=\"index, follow, max-snippet:-1, max-image-preview:large, max-video-preview:-1\" \/>\n<link rel=\"canonical\" href=\"https:\/\/www.accuratereviews.com\/it\/software-votazioni\/dialogloop-recensione\/\" \/>\n<meta property=\"og:locale\" content=\"it_IT\" \/>\n<meta property=\"og:type\" content=\"article\" \/>\n<meta property=\"og:title\" content=\"DialogLoop: recensione software votazioni - Accurate Reviews\" \/>\n<meta property=\"og:description\" content=\"DialogLoop: recensione del software per votazioni a sondaggi online, utile per coinvolgere maggiormente il proprio pubblico.\" \/>\n<meta property=\"og:url\" content=\"https:\/\/www.accuratereviews.com\/it\/software-votazioni\/dialogloop-recensione\/\" \/>\n<meta property=\"og:site_name\" content=\"Accurate Reviews\" \/>\n<meta property=\"og:image\" content=\"https:\/\/www.accuratereviews.com\/wp-content\/uploads\/2022\/09\/Unknown.png\" \/>\n\t<meta property=\"og:image:width\" content=\"225\" \/>\n\t<meta property=\"og:image:height\" content=\"225\" \/>\n\t<meta property=\"og:image:type\" content=\"image\/png\" \/>\n<meta name=\"twitter:card\" content=\"summary_large_image\" \/>\n<meta name=\"twitter:label1\" content=\"Tempo di lettura stimato\" \/>\n\t<meta name=\"twitter:data1\" content=\"3 minuti\" \/>\n<script type=\"application\/ld+json\" class=\"yoast-schema-graph\">{\"@context\":\"https:\\\/\\\/schema.org\",\"@graph\":[{\"@type\":\"WebPage\",\"@id\":\"https:\\\/\\\/www.accuratereviews.com\\\/it\\\/software-votazioni\\\/dialogloop-recensione\\\/\",\"url\":\"https:\\\/\\\/www.accuratereviews.com\\\/it\\\/software-votazioni\\\/dialogloop-recensione\\\/\",\"name\":\"DialogLoop: recensione software votazioni - Accurate Reviews\",\"isPartOf\":{\"@id\":\"https:\\\/\\\/www.accuratereviews.com\\\/it\\\/#website\"},\"primaryImageOfPage\":{\"@id\":\"https:\\\/\\\/www.accuratereviews.com\\\/it\\\/software-votazioni\\\/dialogloop-recensione\\\/#primaryimage\"},\"image\":{\"@id\":\"https:\\\/\\\/www.accuratereviews.com\\\/it\\\/software-votazioni\\\/dialogloop-recensione\\\/#primaryimage\"},\"thumbnailUrl\":\"https:\\\/\\\/www.accuratereviews.com\\\/wp-content\\\/uploads\\\/2022\\\/09\\\/Unknown.png\",\"datePublished\":\"2022-09-08T11:50:33+00:00\",\"description\":\"DialogLoop: recensione del software per votazioni a sondaggi online, utile per coinvolgere maggiormente il proprio pubblico.\",\"breadcrumb\":{\"@id\":\"https:\\\/\\\/www.accuratereviews.com\\\/it\\\/software-votazioni\\\/dialogloop-recensione\\\/#breadcrumb\"},\"inLanguage\":\"it-IT\",\"potentialAction\":[{\"@type\":\"ReadAction\",\"target\":[\"https:\\\/\\\/www.accuratereviews.com\\\/it\\\/software-votazioni\\\/dialogloop-recensione\\\/\"]}]},{\"@type\":\"ImageObject\",\"inLanguage\":\"it-IT\",\"@id\":\"https:\\\/\\\/www.accuratereviews.com\\\/it\\\/software-votazioni\\\/dialogloop-recensione\\\/#primaryimage\",\"url\":\"https:\\\/\\\/www.accuratereviews.com\\\/wp-content\\\/uploads\\\/2022\\\/09\\\/Unknown.png\",\"contentUrl\":\"https:\\\/\\\/www.accuratereviews.com\\\/wp-content\\\/uploads\\\/2022\\\/09\\\/Unknown.png\",\"width\":225,\"height\":225},{\"@type\":\"BreadcrumbList\",\"@id\":\"https:\\\/\\\/www.accuratereviews.com\\\/it\\\/software-votazioni\\\/dialogloop-recensione\\\/#breadcrumb\",\"itemListElement\":[{\"@type\":\"ListItem\",\"position\":1,\"name\":\"Home\",\"item\":\"https:\\\/\\\/www.accuratereviews.com\\\/it\\\/\"},{\"@type\":\"ListItem\",\"position\":2,\"name\":\"Software per votazioni\",\"item\":\"https:\\\/\\\/www.accuratereviews.com\\\/it\\\/software-votazioni\\\/\"},{\"@type\":\"ListItem\",\"position\":3,\"name\":\"DialogLoop\"}]},{\"@type\":\"WebSite\",\"@id\":\"https:\\\/\\\/www.accuratereviews.com\\\/it\\\/#website\",\"url\":\"https:\\\/\\\/www.accuratereviews.com\\\/it\\\/\",\"name\":\"Accurate Reviews\",\"description\":\"\",\"potentialAction\":[{\"@type\":\"SearchAction\",\"target\":{\"@type\":\"EntryPoint\",\"urlTemplate\":\"https:\\\/\\\/www.accuratereviews.com\\\/it\\\/?s={search_term_string}\"},\"query-input\":{\"@type\":\"PropertyValueSpecification\",\"valueRequired\":true,\"valueName\":\"search_term_string\"}}],\"inLanguage\":\"it-IT\"}]}<\/script>\n<!-- \/ Yoast SEO plugin. -->","yoast_head_json":{"title":"DialogLoop: recensione software votazioni - Accurate Reviews","description":"DialogLoop: recensione del software per votazioni a sondaggi online, utile per coinvolgere maggiormente il proprio pubblico.","robots":{"index":"index","follow":"follow","max-snippet":"max-snippet:-1","max-image-preview":"max-image-preview:large","max-video-preview":"max-video-preview:-1"},"canonical":"https:\/\/www.accuratereviews.com\/it\/software-votazioni\/dialogloop-recensione\/","og_locale":"it_IT","og_type":"article","og_title":"DialogLoop: recensione software votazioni - Accurate Reviews","og_description":"DialogLoop: recensione del software per votazioni a sondaggi online, utile per coinvolgere maggiormente il proprio pubblico.","og_url":"https:\/\/www.accuratereviews.com\/it\/software-votazioni\/dialogloop-recensione\/","og_site_name":"Accurate Reviews","og_image":[{"width":225,"height":225,"url":"https:\/\/www.accuratereviews.com\/wp-content\/uploads\/2022\/09\/Unknown.png","type":"image\/png"}],"twitter_card":"summary_large_image","twitter_misc":{"Tempo di lettura stimato":"3 minuti"},"schema":{"@context":"https:\/\/schema.org","@graph":[{"@type":"WebPage","@id":"https:\/\/www.accuratereviews.com\/it\/software-votazioni\/dialogloop-recensione\/","url":"https:\/\/www.accuratereviews.com\/it\/software-votazioni\/dialogloop-recensione\/","name":"DialogLoop: recensione software votazioni - Accurate Reviews","isPartOf":{"@id":"https:\/\/www.accuratereviews.com\/it\/#website"},"primaryImageOfPage":{"@id":"https:\/\/www.accuratereviews.com\/it\/software-votazioni\/dialogloop-recensione\/#primaryimage"},"image":{"@id":"https:\/\/www.accuratereviews.com\/it\/software-votazioni\/dialogloop-recensione\/#primaryimage"},"thumbnailUrl":"https:\/\/www.accuratereviews.com\/wp-content\/uploads\/2022\/09\/Unknown.png","datePublished":"2022-09-08T11:50:33+00:00","description":"DialogLoop: recensione del software per votazioni a sondaggi online, utile per coinvolgere maggiormente il proprio pubblico.","breadcrumb":{"@id":"https:\/\/www.accuratereviews.com\/it\/software-votazioni\/dialogloop-recensione\/#breadcrumb"},"inLanguage":"it-IT","potentialAction":[{"@type":"ReadAction","target":["https:\/\/www.accuratereviews.com\/it\/software-votazioni\/dialogloop-recensione\/"]}]},{"@type":"ImageObject","inLanguage":"it-IT","@id":"https:\/\/www.accuratereviews.com\/it\/software-votazioni\/dialogloop-recensione\/#primaryimage","url":"https:\/\/www.accuratereviews.com\/wp-content\/uploads\/2022\/09\/Unknown.png","contentUrl":"https:\/\/www.accuratereviews.com\/wp-content\/uploads\/2022\/09\/Unknown.png","width":225,"height":225},{"@type":"BreadcrumbList","@id":"https:\/\/www.accuratereviews.com\/it\/software-votazioni\/dialogloop-recensione\/#breadcrumb","itemListElement":[{"@type":"ListItem","position":1,"name":"Home","item":"https:\/\/www.accuratereviews.com\/it\/"},{"@type":"ListItem","position":2,"name":"Software per votazioni","item":"https:\/\/www.accuratereviews.com\/it\/software-votazioni\/"},{"@type":"ListItem","position":3,"name":"DialogLoop"}]},{"@type":"WebSite","@id":"https:\/\/www.accuratereviews.com\/it\/#website","url":"https:\/\/www.accuratereviews.com\/it\/","name":"Accurate Reviews","description":"","potentialAction":[{"@type":"SearchAction","target":{"@type":"EntryPoint","urlTemplate":"https:\/\/www.accuratereviews.com\/it\/?s={search_term_string}"},"query-input":{"@type":"PropertyValueSpecification","valueRequired":true,"valueName":"search_term_string"}}],"inLanguage":"it-IT"}]}},"_links":{"self":[{"href":"https:\/\/www.accuratereviews.com\/it\/wp-json\/wp\/v2\/pages\/61365","targetHints":{"allow":["GET"]}}],"collection":[{"href":"https:\/\/www.accuratereviews.com\/it\/wp-json\/wp\/v2\/pages"}],"about":[{"href":"https:\/\/www.accuratereviews.com\/it\/wp-json\/wp\/v2\/types\/page"}],"author":[{"embeddable":true,"href":"https:\/\/www.accuratereviews.com\/it\/wp-json\/wp\/v2\/users\/17"}],"replies":[{"embeddable":true,"href":"https:\/\/www.accuratereviews.com\/it\/wp-json\/wp\/v2\/comments?post=61365"}],"version-history":[{"count":4,"href":"https:\/\/www.accuratereviews.com\/it\/wp-json\/wp\/v2\/pages\/61365\/revisions"}],"predecessor-version":[{"id":61383,"href":"https:\/\/www.accuratereviews.com\/it\/wp-json\/wp\/v2\/pages\/61365\/revisions\/61383"}],"up":[{"embeddable":true,"href":"https:\/\/www.accuratereviews.com\/it\/wp-json\/wp\/v2\/pages\/61161"}],"wp:featuredmedia":[{"embeddable":true,"href":"https:\/\/www.accuratereviews.com\/it\/wp-json\/wp\/v2\/media\/61372"}],"wp:attachment":[{"href":"https:\/\/www.accuratereviews.com\/it\/wp-json\/wp\/v2\/media?parent=61365"}],"wp:term":[{"taxonomy":"category","embeddable":true,"href":"https:\/\/www.accuratereviews.com\/it\/wp-json\/wp\/v2\/categories?post=61365"},{"taxonomy":"post_tag","embeddable":true,"href":"https:\/\/www.accuratereviews.com\/it\/wp-json\/wp\/v2\/tags?post=61365"},{"taxonomy":"features","embeddable":true,"href":"https:\/\/www.accuratereviews.com\/it\/wp-json\/wp\/v2\/features?post=61365"}],"curies":[{"name":"wp","href":"https:\/\/api.w.org\/{rel}","templated":true}]}}