{"id":61388,"date":"2022-09-12T20:42:08","date_gmt":"2022-09-12T20:42:08","guid":{"rendered":"https:\/\/www.accuratereviews.com\/?page_id=61388"},"modified":"2022-09-17T10:55:31","modified_gmt":"2022-09-17T10:55:31","slug":"mentimeter-recensione","status":"publish","type":"page","link":"https:\/\/www.accuratereviews.com\/it\/software-votazioni\/mentimeter-recensione\/","title":{"rendered":"Mentimeter"},"content":{"rendered":"<p><strong>Mentimeter<\/strong> rende le <strong>presentazioni<\/strong> coinvolgenti, interattive e meno stressanti. Contenuti tradizionali, quiz innovativi, sondaggi, domande e risposte renderanno sicuramente pi\u00f9 piacevole la presentazione, indipendentemente dal fatto che si tratti dell&#8217;aula o di una sala riunioni.\u00a0Grazie alle integrazioni con Zoom e Microsoft Teams, <strong>Mentimeter<\/strong> \u00e8 adatto per sessioni remote, faccia a faccia e ibride poich\u00e9 i membri del pubblico possono votare tramite il loro smartphone o i loro browser web. Partecipare a una presentazione \u00e8 semplice come creare diapositive, tutto ci\u00f2 che i membri del pubblico devono fare \u00e8 inserire un codice di voto, seguire un collegamento o scansionare un codice QR e possono partecipare all&#8217;azione.<\/p>\n<h2>MENTIMETER &#8211; TUTORIAL<\/h2>\n<p>Ecco come sfruttare le funzioni di questo<strong> software per votazione<\/strong> per la didattica a distanza:<\/p>\n<div id=\"fluid-wrapper-counter-1\" class=\"g1-fluid-wrapper \" style=\"width:686px;\">\n<div style=\"padding-bottom:56.268221574344%;\"><iframe loading=\"lazy\" title=\"Tutorial applicazione MENTIMETER per la didattica a distanza\" width=\"686\" height=\"386\" src=\"https:\/\/www.youtube.com\/embed\/CUXKTIgCOgM?feature=oembed&amp;wmode=transparent&amp;autohide=1&amp;autoplay=0&amp;disablekb=0&amp;fs=1&amp;loop=0&amp;enablejsapi=1&amp;rel=0&amp;controls=2&amp;showinfo=0&amp;wmode=transparent&amp;autohide=2&amp;autoplay=0&amp;disablekb=0&amp;fs=1&amp;loop=0&amp;enablejsapi=1&amp;rel=0&amp;controls=2&amp;showinfo=1\" frameborder=\"0\" allow=\"accelerometer; autoplay; clipboard-write; encrypted-media; gyroscope; picture-in-picture\" allowfullscreen><\/iframe><\/div>\n<\/div>\n<h3>MENTIMETER &#8211; CARATTERISTICHE<\/h3>\n<ul>\n<li><strong>Gestione semplice del team<\/strong>: invita, aggiorna e sospendi i singoli utenti.<\/li>\n<li><strong>Impostazioni dell&#8217;organizzazione<\/strong>: crea e imposta il marchio e le impostazioni predefinite per le presentazioni del tuo team.<\/li>\n<li><strong>Condivisione del team e della conoscenza:<\/strong> condividi le presentazioni con il tuo team e controlla l&#8217;accesso condiviso.<\/li>\n<li><strong>Impostazioni dei dati<\/strong>: garantisci la privacy dei dati con impostazioni personalizzate.<\/li>\n<li><strong>Analisi<\/strong>: analisi dell&#8217;area di lavoro per amministratori e proprietari.<\/li>\n<li><strong>Personalizzato<\/strong>: il team dedicato ti conoscer\u00e0 come cliente e ti fornir\u00e0 ispirazione, formazione, revisioni trimestrali e aiuto su come implementare la soluzione nella tua organizzazione.<\/li>\n<li><strong>Onboarding su misura<\/strong>: l&#8217;onboarding \u00e8 interamente su misura e personalizzato per mostrare come il programma pu\u00f2 essere impostato per raggiungere gli obiettivi e migliorare le modalit\u00e0 di lavoro.<\/li>\n<li><strong>Controllo personalizzato:<\/strong> consenti l&#8217;uso controllato e sicuro della soluzione nella tua organizzazione.<\/li>\n<\/ul>\n<h4>LE RECENSIONI DEGLI UTENTI<\/h4>\n<p class=\"fw-bold mb-2\"><strong>Samantha Louise&#8221;Mentimeter:\u00a0la migliore domanda di sondaggio per le classi&#8221;<br \/>\n<\/strong><span class=\"fw-bold\"><strong>Commenti<\/strong>: <\/span>Mi piace molto usare Mentimeter durante le lezioni online. Ha reso le mie sessioni di domande e risposte molto pi\u00f9 semplici e ha accresciuto il coinvolgimento dei miei studenti.<br \/>\n<strong>Pro<\/strong>:\u00a0Quello che mi piace davvero di Mentimeter \u00e8 poter ricevere risposte e approfondimenti in tempo reale dagli studenti.<br \/>\n<strong>Contro<\/strong>:\u00a0Quello che meno mi piace del software \u00e8 non poter salvare i commenti degli studenti durante le sessioni dal vivo.<\/p>\n<p class=\"fw-bold mb-2\"><strong>Ailish&#8221;Lo amo .&#8221;<br \/>\n<\/strong><span class=\"fw-bold\"><strong>Commenti<\/strong>: <\/span>L&#8217;ho adorato la prima volta che l&#8217;ho usato. Il cliente a cui mi stavo presentando l&#8217;ha adorato. Il pubblico l&#8217;ha adorato.<br \/>\n<strong>Pro<\/strong>:\u00a0Mi piace molto l&#8217;interattivit\u00e0. Mi piacciono i design e le opzioni di reporting.<br \/>\n<strong>Contro<\/strong>:\u00a0Il prezzo mi ha fatto rivolgere a un altro fornitore. Se non lo si usa molto regolarmente \u00e8 costoso. Se lo usi quotidianamente non lo \u00e8. Tuttavia, non lo uso sempre, quindi ho scoperto che la registrazione per le funzionalit\u00e0 avanzate era troppo costosa per me.<\/p>\n<p class=\"fw-bold mb-2\"><strong>Chamaru&#8221;Un buon prodotto, ma per casi specifici.&#8221;<br \/>\n<\/strong><strong>Pro<\/strong>:\u00a0L&#8217;interfaccia utente \u00e8 davvero interessante e le presentazioni sembrano sorprendenti quando vengono eseguite utilizzando Mentimeter<br \/>\n<strong>Contro<\/strong>:\u00a0Le funzionalit\u00e0 che offrono quando si tratta della presentazione sono nella media. Possiamo fare cose di base, ma alcuni concorrenti offrono sempre pi\u00f9 funzionalit\u00e0 e modelli per cominciare.<\/p>\n","protected":false},"excerpt":{"rendered":"<p>Mentimeter rende le presentazioni coinvolgenti, interattive e meno stressanti. Contenuti tradizionali, quiz innovativi, sondaggi, domande e risposte renderanno sicuramente pi\u00f9 piacevole la presentazione, indipendentemente dal fatto che si tratti dell&#8217;aula o di una sala riunioni.\u00a0<\/p>\n","protected":false},"author":16,"featured_media":61390,"parent":61161,"menu_order":0,"comment_status":"open","ping_status":"closed","template":"g1_template_page_review_new.php","meta":{"_acf_changed":false,"cwp_meta_box_check":"No","cwp_rev_product_name":"","cwp_rev_product_image":"","wppr_links":[],"cwp_rev_price":"","wppr_options":[],"wppr_pros":[],"wppr_cons":[],"_monsterinsights_skip_tracking":false,"_monsterinsights_sitenote_active":false,"_monsterinsights_sitenote_note":"","_monsterinsights_sitenote_category":0,"footnotes":""},"categories":[13279],"tags":[13341,13286,13282,13281,13291,13308,13290],"features":[],"class_list":{"0":"post-61388","1":"page","2":"type-page","3":"status-publish","4":"has-post-thumbnail","6":"category-software-votazioni-cat","7":"tag-mentimeter","8":"tag-piattaforma-per-votazioni","9":"tag-programma-per-votazioni","10":"tag-software-per-votazioni","11":"tag-soluzione-per-votazioni","12":"tag-sondaggi","13":"tag-votazioni"},"wppr_data":{"cwp_meta_box_check":"No"},"acf":[],"yoast_head":"<!-- This site is optimized with the Yoast SEO plugin v27.4 - https:\/\/yoast.com\/product\/yoast-seo-wordpress\/ -->\n<title>Mentimeter: recensione software per votazioni - Accurate Reviews<\/title>\n<meta name=\"description\" content=\"Mentimeter: recensione software per votazione che rende le presentazioni coinvolgenti, interattive e meno stressanti.\" \/>\n<meta name=\"robots\" content=\"index, follow, max-snippet:-1, max-image-preview:large, max-video-preview:-1\" \/>\n<link rel=\"canonical\" href=\"https:\/\/www.accuratereviews.com\/it\/software-votazioni\/mentimeter-recensione\/\" \/>\n<meta property=\"og:locale\" content=\"it_IT\" \/>\n<meta property=\"og:type\" content=\"article\" \/>\n<meta property=\"og:title\" content=\"Mentimeter: recensione software per votazioni - Accurate Reviews\" \/>\n<meta property=\"og:description\" content=\"Mentimeter: recensione software per votazione che rende le presentazioni coinvolgenti, interattive e meno stressanti.\" \/>\n<meta property=\"og:url\" content=\"https:\/\/www.accuratereviews.com\/it\/software-votazioni\/mentimeter-recensione\/\" \/>\n<meta property=\"og:site_name\" content=\"Accurate Reviews\" \/>\n<meta property=\"article:modified_time\" content=\"2022-09-17T10:55:31+00:00\" \/>\n<meta property=\"og:image\" content=\"https:\/\/www.accuratereviews.com\/wp-content\/uploads\/2022\/09\/mentimeter-logo.jpeg\" \/>\n\t<meta property=\"og:image:width\" content=\"240\" \/>\n\t<meta property=\"og:image:height\" content=\"240\" \/>\n\t<meta property=\"og:image:type\" content=\"image\/jpeg\" \/>\n<meta name=\"twitter:card\" content=\"summary_large_image\" \/>\n<meta name=\"twitter:label1\" content=\"Tempo di lettura stimato\" \/>\n\t<meta name=\"twitter:data1\" content=\"3 minuti\" \/>\n<script type=\"application\/ld+json\" class=\"yoast-schema-graph\">{\"@context\":\"https:\\\/\\\/schema.org\",\"@graph\":[{\"@type\":\"WebPage\",\"@id\":\"https:\\\/\\\/www.accuratereviews.com\\\/it\\\/software-votazioni\\\/mentimeter-recensione\\\/\",\"url\":\"https:\\\/\\\/www.accuratereviews.com\\\/it\\\/software-votazioni\\\/mentimeter-recensione\\\/\",\"name\":\"Mentimeter: recensione software per votazioni - Accurate Reviews\",\"isPartOf\":{\"@id\":\"https:\\\/\\\/www.accuratereviews.com\\\/it\\\/#website\"},\"primaryImageOfPage\":{\"@id\":\"https:\\\/\\\/www.accuratereviews.com\\\/it\\\/software-votazioni\\\/mentimeter-recensione\\\/#primaryimage\"},\"image\":{\"@id\":\"https:\\\/\\\/www.accuratereviews.com\\\/it\\\/software-votazioni\\\/mentimeter-recensione\\\/#primaryimage\"},\"thumbnailUrl\":\"https:\\\/\\\/www.accuratereviews.com\\\/wp-content\\\/uploads\\\/2022\\\/09\\\/mentimeter-logo.jpeg\",\"datePublished\":\"2022-09-12T20:42:08+00:00\",\"dateModified\":\"2022-09-17T10:55:31+00:00\",\"description\":\"Mentimeter: recensione software per votazione che rende le presentazioni coinvolgenti, interattive e meno stressanti.\",\"breadcrumb\":{\"@id\":\"https:\\\/\\\/www.accuratereviews.com\\\/it\\\/software-votazioni\\\/mentimeter-recensione\\\/#breadcrumb\"},\"inLanguage\":\"it-IT\",\"potentialAction\":[{\"@type\":\"ReadAction\",\"target\":[\"https:\\\/\\\/www.accuratereviews.com\\\/it\\\/software-votazioni\\\/mentimeter-recensione\\\/\"]}]},{\"@type\":\"ImageObject\",\"inLanguage\":\"it-IT\",\"@id\":\"https:\\\/\\\/www.accuratereviews.com\\\/it\\\/software-votazioni\\\/mentimeter-recensione\\\/#primaryimage\",\"url\":\"https:\\\/\\\/www.accuratereviews.com\\\/wp-content\\\/uploads\\\/2022\\\/09\\\/mentimeter-logo.jpeg\",\"contentUrl\":\"https:\\\/\\\/www.accuratereviews.com\\\/wp-content\\\/uploads\\\/2022\\\/09\\\/mentimeter-logo.jpeg\",\"width\":240,\"height\":240},{\"@type\":\"BreadcrumbList\",\"@id\":\"https:\\\/\\\/www.accuratereviews.com\\\/it\\\/software-votazioni\\\/mentimeter-recensione\\\/#breadcrumb\",\"itemListElement\":[{\"@type\":\"ListItem\",\"position\":1,\"name\":\"Home\",\"item\":\"https:\\\/\\\/www.accuratereviews.com\\\/it\\\/\"},{\"@type\":\"ListItem\",\"position\":2,\"name\":\"Software per votazioni\",\"item\":\"https:\\\/\\\/www.accuratereviews.com\\\/it\\\/software-votazioni\\\/\"},{\"@type\":\"ListItem\",\"position\":3,\"name\":\"Mentimeter\"}]},{\"@type\":\"WebSite\",\"@id\":\"https:\\\/\\\/www.accuratereviews.com\\\/it\\\/#website\",\"url\":\"https:\\\/\\\/www.accuratereviews.com\\\/it\\\/\",\"name\":\"Accurate Reviews\",\"description\":\"\",\"potentialAction\":[{\"@type\":\"SearchAction\",\"target\":{\"@type\":\"EntryPoint\",\"urlTemplate\":\"https:\\\/\\\/www.accuratereviews.com\\\/it\\\/?s={search_term_string}\"},\"query-input\":{\"@type\":\"PropertyValueSpecification\",\"valueRequired\":true,\"valueName\":\"search_term_string\"}}],\"inLanguage\":\"it-IT\"}]}<\/script>\n<!-- \/ Yoast SEO plugin. -->","yoast_head_json":{"title":"Mentimeter: recensione software per votazioni - Accurate Reviews","description":"Mentimeter: recensione software per votazione che rende le presentazioni coinvolgenti, interattive e meno stressanti.","robots":{"index":"index","follow":"follow","max-snippet":"max-snippet:-1","max-image-preview":"max-image-preview:large","max-video-preview":"max-video-preview:-1"},"canonical":"https:\/\/www.accuratereviews.com\/it\/software-votazioni\/mentimeter-recensione\/","og_locale":"it_IT","og_type":"article","og_title":"Mentimeter: recensione software per votazioni - Accurate Reviews","og_description":"Mentimeter: recensione software per votazione che rende le presentazioni coinvolgenti, interattive e meno stressanti.","og_url":"https:\/\/www.accuratereviews.com\/it\/software-votazioni\/mentimeter-recensione\/","og_site_name":"Accurate Reviews","article_modified_time":"2022-09-17T10:55:31+00:00","og_image":[{"width":240,"height":240,"url":"https:\/\/www.accuratereviews.com\/wp-content\/uploads\/2022\/09\/mentimeter-logo.jpeg","type":"image\/jpeg"}],"twitter_card":"summary_large_image","twitter_misc":{"Tempo di lettura stimato":"3 minuti"},"schema":{"@context":"https:\/\/schema.org","@graph":[{"@type":"WebPage","@id":"https:\/\/www.accuratereviews.com\/it\/software-votazioni\/mentimeter-recensione\/","url":"https:\/\/www.accuratereviews.com\/it\/software-votazioni\/mentimeter-recensione\/","name":"Mentimeter: recensione software per votazioni - Accurate Reviews","isPartOf":{"@id":"https:\/\/www.accuratereviews.com\/it\/#website"},"primaryImageOfPage":{"@id":"https:\/\/www.accuratereviews.com\/it\/software-votazioni\/mentimeter-recensione\/#primaryimage"},"image":{"@id":"https:\/\/www.accuratereviews.com\/it\/software-votazioni\/mentimeter-recensione\/#primaryimage"},"thumbnailUrl":"https:\/\/www.accuratereviews.com\/wp-content\/uploads\/2022\/09\/mentimeter-logo.jpeg","datePublished":"2022-09-12T20:42:08+00:00","dateModified":"2022-09-17T10:55:31+00:00","description":"Mentimeter: recensione software per votazione che rende le presentazioni coinvolgenti, interattive e meno stressanti.","breadcrumb":{"@id":"https:\/\/www.accuratereviews.com\/it\/software-votazioni\/mentimeter-recensione\/#breadcrumb"},"inLanguage":"it-IT","potentialAction":[{"@type":"ReadAction","target":["https:\/\/www.accuratereviews.com\/it\/software-votazioni\/mentimeter-recensione\/"]}]},{"@type":"ImageObject","inLanguage":"it-IT","@id":"https:\/\/www.accuratereviews.com\/it\/software-votazioni\/mentimeter-recensione\/#primaryimage","url":"https:\/\/www.accuratereviews.com\/wp-content\/uploads\/2022\/09\/mentimeter-logo.jpeg","contentUrl":"https:\/\/www.accuratereviews.com\/wp-content\/uploads\/2022\/09\/mentimeter-logo.jpeg","width":240,"height":240},{"@type":"BreadcrumbList","@id":"https:\/\/www.accuratereviews.com\/it\/software-votazioni\/mentimeter-recensione\/#breadcrumb","itemListElement":[{"@type":"ListItem","position":1,"name":"Home","item":"https:\/\/www.accuratereviews.com\/it\/"},{"@type":"ListItem","position":2,"name":"Software per votazioni","item":"https:\/\/www.accuratereviews.com\/it\/software-votazioni\/"},{"@type":"ListItem","position":3,"name":"Mentimeter"}]},{"@type":"WebSite","@id":"https:\/\/www.accuratereviews.com\/it\/#website","url":"https:\/\/www.accuratereviews.com\/it\/","name":"Accurate Reviews","description":"","potentialAction":[{"@type":"SearchAction","target":{"@type":"EntryPoint","urlTemplate":"https:\/\/www.accuratereviews.com\/it\/?s={search_term_string}"},"query-input":{"@type":"PropertyValueSpecification","valueRequired":true,"valueName":"search_term_string"}}],"inLanguage":"it-IT"}]}},"_links":{"self":[{"href":"https:\/\/www.accuratereviews.com\/it\/wp-json\/wp\/v2\/pages\/61388","targetHints":{"allow":["GET"]}}],"collection":[{"href":"https:\/\/www.accuratereviews.com\/it\/wp-json\/wp\/v2\/pages"}],"about":[{"href":"https:\/\/www.accuratereviews.com\/it\/wp-json\/wp\/v2\/types\/page"}],"author":[{"embeddable":true,"href":"https:\/\/www.accuratereviews.com\/it\/wp-json\/wp\/v2\/users\/16"}],"replies":[{"embeddable":true,"href":"https:\/\/www.accuratereviews.com\/it\/wp-json\/wp\/v2\/comments?post=61388"}],"version-history":[{"count":8,"href":"https:\/\/www.accuratereviews.com\/it\/wp-json\/wp\/v2\/pages\/61388\/revisions"}],"predecessor-version":[{"id":61626,"href":"https:\/\/www.accuratereviews.com\/it\/wp-json\/wp\/v2\/pages\/61388\/revisions\/61626"}],"up":[{"embeddable":true,"href":"https:\/\/www.accuratereviews.com\/it\/wp-json\/wp\/v2\/pages\/61161"}],"wp:featuredmedia":[{"embeddable":true,"href":"https:\/\/www.accuratereviews.com\/it\/wp-json\/wp\/v2\/media\/61390"}],"wp:attachment":[{"href":"https:\/\/www.accuratereviews.com\/it\/wp-json\/wp\/v2\/media?parent=61388"}],"wp:term":[{"taxonomy":"category","embeddable":true,"href":"https:\/\/www.accuratereviews.com\/it\/wp-json\/wp\/v2\/categories?post=61388"},{"taxonomy":"post_tag","embeddable":true,"href":"https:\/\/www.accuratereviews.com\/it\/wp-json\/wp\/v2\/tags?post=61388"},{"taxonomy":"features","embeddable":true,"href":"https:\/\/www.accuratereviews.com\/it\/wp-json\/wp\/v2\/features?post=61388"}],"curies":[{"name":"wp","href":"https:\/\/api.w.org\/{rel}","templated":true}]}}