{"id":61396,"date":"2022-09-12T20:32:39","date_gmt":"2022-09-12T20:32:39","guid":{"rendered":"https:\/\/www.accuratereviews.com\/?page_id=61396"},"modified":"2022-09-16T15:49:06","modified_gmt":"2022-09-16T15:49:06","slug":"formidable-forms-recensione","status":"publish","type":"page","link":"https:\/\/www.accuratereviews.com\/it\/software-votazioni\/formidable-forms-recensione\/","title":{"rendered":"Formidable Forms"},"content":{"rendered":"<p><strong>Formidable Forms<\/strong> \u00e8 un <strong>plug-in WordPress<\/strong> per l&#8217;automazione dei moduli, che aiuta le aziende a utilizzare un&#8217;interfaccia drag-and-drop per creare moduli multipagina con logica condizionale, valutazioni a stelle, campi precompilati e molto altro. Consente ai membri del personale di utilizzare modelli predefiniti, <strong>creare sondaggi<\/strong>, impostare marchi personalizzabili, monitorare l&#8217;attivit\u00e0 degli utenti e rivedere i dati. Il programma\u00a0consente al team di utilizzare lo styler visivo per creare pi\u00f9 layout di moduli e aggiungere colori, spazi interni, bordi e altri componenti personalizzati. Inoltre si pu\u00f2 accedere ai campi ripetitore per raccogliere pi\u00f9 set di dati e trasformare le voci in directory, elenchi e calendari. Consente ai leader del team di impostare limiti di risposta, pianificare moduli e aggiungere opzioni di selezione della data. I dipendenti possono utilizzare voci e metadati salvati per popolare automaticamente i campi.<\/p>\n<h2>FORMIDABLE FORMS &#8211; TUTORIAL<\/h2>\n<p>Guardiamo come creare un modulo popup con questo <strong>software di votazione<\/strong>:<\/p>\n<div id=\"fluid-wrapper-counter-1\" class=\"g1-fluid-wrapper \" style=\"width:686px;\">\n<div style=\"padding-bottom:56.268221574344%;\"><iframe loading=\"lazy\" title=\"How to Create a Free Pop-Up Form in WordPress\" width=\"686\" height=\"386\" src=\"https:\/\/www.youtube.com\/embed\/wwBs6fBJTOU?feature=oembed&amp;wmode=transparent&amp;autohide=1&amp;autoplay=0&amp;disablekb=0&amp;fs=1&amp;loop=0&amp;enablejsapi=1&amp;rel=0&amp;controls=2&amp;showinfo=0&amp;wmode=transparent&amp;autohide=2&amp;autoplay=0&amp;disablekb=0&amp;fs=1&amp;loop=0&amp;enablejsapi=1&amp;rel=0&amp;controls=2&amp;showinfo=1\" frameborder=\"0\" allow=\"accelerometer; autoplay; clipboard-write; encrypted-media; gyroscope; picture-in-picture\" allowfullscreen><\/iframe><\/div>\n<\/div>\n<h3>FORMIDABLE FORMS &#8211; CARATTERISTICHE<\/h3>\n<ul>\n<li><strong>Generatore di moduli drag and drop<\/strong>: costruire moduli complessi non dovrebbe essere complicato. Trascina, rilascia e il gioco \u00e8 fatto.<\/li>\n<li><strong>Modelli di modulo<\/strong>: usa i modelli di modulo per iniziare rapidamente e poi personalizzali in base alle tue esigenze.<\/li>\n<li><strong>Sondaggi<\/strong>: raccogli i feedback e i dati dei clienti come un professionista: non \u00e8 richiesta alcuna codifica.<\/li>\n<li><strong>Quiz<\/strong>: trasforma i tuoi moduli in quiz automatici con tutte le valutazioni fatte per te.<\/li>\n<li><strong>Moduli intelligenti con logica condizionale<\/strong>: mostra in modo condizionale domande, moduli di filiale, reindirizza e invia notifiche.<\/li>\n<li><strong>Immagini dei pulsanti di opzione<\/strong>: vedi\u00a0le immagini al posto dei pulsanti di opzione o delle caselle di controllo nei quiz e nei sondaggi.<\/li>\n<li><strong>Personalizza modulo HTML<\/strong>: modifica il formato HTML per opzioni di layout, stile e funzionalit\u00e0 senza precedenti.<\/li>\n<li><strong>Importa ed esporta<\/strong>: trasferisci moduli, voci, viste e stili ad altri siti o importa voci da qualsiasi luogo.<\/li>\n<li><strong>Design flessibile del layout dei moduli<\/strong>: crea layout di moduli reattivi per dispositivi mobili che abbiano un bell&#8217;aspetto e si adattino perfettamente al tuo tema.<\/li>\n<li><strong>Moduli multipagina con barra di avanzamento<\/strong>: dividi moduli complessi in semplici moduli multipagina con il salvataggio automatico.<\/li>\n<li><strong>Pianifica moduli e limita le risposte<\/strong>: scegli una data o imposta un limite di risposta per aprire e chiudere automaticamente i moduli.<\/li>\n<li><strong>Salva e continua<\/strong>: gli utenti che hanno effettuato l&#8217;accesso possono salvare i moduli e riprenderli in un secondo momento o salvare automaticamente una bozza a pi\u00f9 pagine.<\/li>\n<li><strong>Caricamenti di file<\/strong>: usa documenti, file, musica e foto per avatar, gallerie o allegati email.<\/li>\n<li><strong>Geolocalizzazione<\/strong>: ottieni dati pi\u00f9 semplici e precisi con il completamento automatico degli indirizzi.<\/li>\n<li><strong>Monitoraggio dell&#8217;utente<\/strong>: tieni traccia delle pagine visitate da un utente prima di inviare un modulo.<\/li>\n<\/ul>\n<h4>LE RECENSIONI DEGLI UTENTI<\/h4>\n<p class=\"fw-bold mb-2\"><strong>Peter &#8220;Formidable Forms &#8211;\u00a0Fantastico!&#8221;<br \/>\n<\/strong><span class=\"fw-bold\"><strong>Commenti<\/strong>:<\/span>\u00a0La creazione di moduli su misura per diversi clienti migliora la produttivit\u00e0 dello sviluppo del sito.<br \/>\nAmpia serie di funzionalit\u00e0 standard utili per soddisfare i requisiti del sito del cliente<br \/>\n<strong>Pro<\/strong>:\u00a0Formidable ha un ampio set di funzionalit\u00e0, stiamo guardando al futuro<br \/>\n<strong>Contro<\/strong>:\u00a0Formidable risulta costoso se si acquistano tutte le funzionalit\u00e0<\/p>\n<p class=\"fw-bold mb-2\"><strong>Joe&#8221;Nessun sito Web WordPress dovrebbe essere realizzato senza Formidable Forms&#8221;<br \/>\n<\/strong><span class=\"fw-bold\"><strong>Commenti<\/strong>: <\/span>Sono molto soddisfatto di Formidable Forms e lo consiglio a qualsiasi sviluppatore web.<br \/>\n<strong>Pro<\/strong>:\u00a0\u00c8 un plug-in cos\u00ec potente che fa risparmiare molto tempo infatti non creer\u00f2 un nuovo sito Web senza di esso. Formidable Forms porter\u00e0 qualsiasi sito Web al livello successivo.<br \/>\n<strong>Contro<\/strong>:\u00a0Immagino che la curva di apprendimento potrebbe essere un po&#8217; difficile per i neofiti, ma con un plug-in cos\u00ec potente come questo vale la pena, inoltre si possono utilizzare i tutorial presenti sul sito web. Il prezzo pu\u00f2 diventare un po&#8217; alto per chiunque gestisca una piccola attivit\u00e0 di web design in cui hanno bisogno di pi\u00f9 di poche licenze per usarlo.<\/p>\n<p class=\"fw-bold mb-2\"><strong>Tom&#8221;Formidable Forms \u00e8 il mio Form Builder preferito&#8221;<br \/>\n<\/strong><span class=\"fw-bold\"><strong>Commenti<\/strong>: <\/span>Ho creato applicazioni web di piccole, medie e grandi dimensioni utilizzando Formidable. \u00c8 la pietra angolare della mia attivit\u00e0 di sviluppo poich\u00e9 sviluppo applicazioni web piuttosto complicate e su larga scala. Formidable porta via ore e ore di programmazione e fornisce funzionalit\u00e0 e interfacce di programmazione che altri non hanno. In aggiunta a ci\u00f2, la loro documentazione e supporto sono fantastici.<br \/>\n<strong>Pro<\/strong>:\u00a0Le funzionalit\u00e0 che utilizzo di pi\u00f9 sono l&#8217;interfaccia API, le azioni e i filtri. La possibilit\u00e0 di accedere a queste funzionalit\u00e0 sono state le opzioni decisive per la mia selezione di Formidable.<br \/>\n<strong>Contro<\/strong>:\u00a0Vorrei vedere un maggiore controllo sui pulsanti di invio e sulle finestre di dialogo modali<\/p>\n","protected":false},"excerpt":{"rendered":"<p>Formidable Forms \u00e8 un plug-in WordPress per l&#8217;automazione dei moduli, che aiuta le aziende a utilizzare un&#8217;interfaccia drag-and-drop per creare moduli multipagina con logica condizionale, valutazioni a stelle, campi precompilati e molto altro. Consente ai membri del personale di utilizzare modelli predefiniti, creare sondaggi, impostare marchi personalizzabili, monitorare l&#8217;attivit\u00e0 degli utenti e rivedere i dati.<\/p>\n","protected":false},"author":16,"featured_media":61397,"parent":61161,"menu_order":0,"comment_status":"open","ping_status":"closed","template":"g1_template_page_review_new.php","meta":{"_acf_changed":false,"cwp_meta_box_check":"No","cwp_rev_product_name":"","cwp_rev_product_image":"","wppr_links":[],"cwp_rev_price":"","wppr_options":[],"wppr_pros":[],"wppr_cons":[],"_monsterinsights_skip_tracking":false,"_monsterinsights_sitenote_active":false,"_monsterinsights_sitenote_note":"","_monsterinsights_sitenote_category":0,"footnotes":""},"categories":[13279],"tags":[13340,13286,13282,13281,13291,13308,13290],"features":[],"class_list":{"0":"post-61396","1":"page","2":"type-page","3":"status-publish","4":"has-post-thumbnail","6":"category-software-votazioni-cat","7":"tag-formidable-forms","8":"tag-piattaforma-per-votazioni","9":"tag-programma-per-votazioni","10":"tag-software-per-votazioni","11":"tag-soluzione-per-votazioni","12":"tag-sondaggi","13":"tag-votazioni"},"wppr_data":{"cwp_meta_box_check":"No"},"acf":[],"yoast_head":"<!-- This site is optimized with the Yoast SEO plugin v27.4 - https:\/\/yoast.com\/product\/yoast-seo-wordpress\/ -->\n<title>Formidable Forms: recensione software per votazioni - Accurate Reviews<\/title>\n<meta name=\"description\" content=\"Formidable Forms: recensione plug-in WordPress per l&#039;automazione dei moduli, che aiuta le aziende a utilizzare un&#039;interfaccia drag-and-drop.\" \/>\n<meta name=\"robots\" content=\"index, follow, max-snippet:-1, max-image-preview:large, max-video-preview:-1\" \/>\n<link rel=\"canonical\" href=\"https:\/\/www.accuratereviews.com\/it\/software-votazioni\/formidable-forms-recensione\/\" \/>\n<meta property=\"og:locale\" content=\"it_IT\" \/>\n<meta property=\"og:type\" content=\"article\" \/>\n<meta property=\"og:title\" content=\"Formidable Forms: recensione software per votazioni - Accurate Reviews\" \/>\n<meta property=\"og:description\" content=\"Formidable Forms: recensione plug-in WordPress per l&#039;automazione dei moduli, che aiuta le aziende a utilizzare un&#039;interfaccia drag-and-drop.\" \/>\n<meta property=\"og:url\" content=\"https:\/\/www.accuratereviews.com\/it\/software-votazioni\/formidable-forms-recensione\/\" \/>\n<meta property=\"og:site_name\" content=\"Accurate Reviews\" \/>\n<meta property=\"article:modified_time\" content=\"2022-09-16T15:49:06+00:00\" \/>\n<meta property=\"og:image\" content=\"https:\/\/www.accuratereviews.com\/wp-content\/uploads\/2022\/09\/Formidable-Forms.png\" \/>\n\t<meta property=\"og:image:width\" content=\"516\" \/>\n\t<meta property=\"og:image:height\" content=\"516\" \/>\n\t<meta property=\"og:image:type\" content=\"image\/png\" \/>\n<meta name=\"twitter:card\" content=\"summary_large_image\" \/>\n<meta name=\"twitter:label1\" content=\"Tempo di lettura stimato\" \/>\n\t<meta name=\"twitter:data1\" content=\"4 minuti\" \/>\n<script type=\"application\/ld+json\" class=\"yoast-schema-graph\">{\"@context\":\"https:\\\/\\\/schema.org\",\"@graph\":[{\"@type\":\"WebPage\",\"@id\":\"https:\\\/\\\/www.accuratereviews.com\\\/it\\\/software-votazioni\\\/formidable-forms-recensione\\\/\",\"url\":\"https:\\\/\\\/www.accuratereviews.com\\\/it\\\/software-votazioni\\\/formidable-forms-recensione\\\/\",\"name\":\"Formidable Forms: recensione software per votazioni - Accurate Reviews\",\"isPartOf\":{\"@id\":\"https:\\\/\\\/www.accuratereviews.com\\\/it\\\/#website\"},\"primaryImageOfPage\":{\"@id\":\"https:\\\/\\\/www.accuratereviews.com\\\/it\\\/software-votazioni\\\/formidable-forms-recensione\\\/#primaryimage\"},\"image\":{\"@id\":\"https:\\\/\\\/www.accuratereviews.com\\\/it\\\/software-votazioni\\\/formidable-forms-recensione\\\/#primaryimage\"},\"thumbnailUrl\":\"https:\\\/\\\/www.accuratereviews.com\\\/wp-content\\\/uploads\\\/2022\\\/09\\\/Formidable-Forms.png\",\"datePublished\":\"2022-09-12T20:32:39+00:00\",\"dateModified\":\"2022-09-16T15:49:06+00:00\",\"description\":\"Formidable Forms: recensione plug-in WordPress per l'automazione dei moduli, che aiuta le aziende a utilizzare un'interfaccia drag-and-drop.\",\"breadcrumb\":{\"@id\":\"https:\\\/\\\/www.accuratereviews.com\\\/it\\\/software-votazioni\\\/formidable-forms-recensione\\\/#breadcrumb\"},\"inLanguage\":\"it-IT\",\"potentialAction\":[{\"@type\":\"ReadAction\",\"target\":[\"https:\\\/\\\/www.accuratereviews.com\\\/it\\\/software-votazioni\\\/formidable-forms-recensione\\\/\"]}]},{\"@type\":\"ImageObject\",\"inLanguage\":\"it-IT\",\"@id\":\"https:\\\/\\\/www.accuratereviews.com\\\/it\\\/software-votazioni\\\/formidable-forms-recensione\\\/#primaryimage\",\"url\":\"https:\\\/\\\/www.accuratereviews.com\\\/wp-content\\\/uploads\\\/2022\\\/09\\\/Formidable-Forms.png\",\"contentUrl\":\"https:\\\/\\\/www.accuratereviews.com\\\/wp-content\\\/uploads\\\/2022\\\/09\\\/Formidable-Forms.png\",\"width\":516,\"height\":516},{\"@type\":\"BreadcrumbList\",\"@id\":\"https:\\\/\\\/www.accuratereviews.com\\\/it\\\/software-votazioni\\\/formidable-forms-recensione\\\/#breadcrumb\",\"itemListElement\":[{\"@type\":\"ListItem\",\"position\":1,\"name\":\"Home\",\"item\":\"https:\\\/\\\/www.accuratereviews.com\\\/it\\\/\"},{\"@type\":\"ListItem\",\"position\":2,\"name\":\"Software per votazioni\",\"item\":\"https:\\\/\\\/www.accuratereviews.com\\\/it\\\/software-votazioni\\\/\"},{\"@type\":\"ListItem\",\"position\":3,\"name\":\"Formidable Forms\"}]},{\"@type\":\"WebSite\",\"@id\":\"https:\\\/\\\/www.accuratereviews.com\\\/it\\\/#website\",\"url\":\"https:\\\/\\\/www.accuratereviews.com\\\/it\\\/\",\"name\":\"Accurate Reviews\",\"description\":\"\",\"potentialAction\":[{\"@type\":\"SearchAction\",\"target\":{\"@type\":\"EntryPoint\",\"urlTemplate\":\"https:\\\/\\\/www.accuratereviews.com\\\/it\\\/?s={search_term_string}\"},\"query-input\":{\"@type\":\"PropertyValueSpecification\",\"valueRequired\":true,\"valueName\":\"search_term_string\"}}],\"inLanguage\":\"it-IT\"}]}<\/script>\n<!-- \/ Yoast SEO plugin. -->","yoast_head_json":{"title":"Formidable Forms: recensione software per votazioni - Accurate Reviews","description":"Formidable Forms: recensione plug-in WordPress per l'automazione dei moduli, che aiuta le aziende a utilizzare un'interfaccia drag-and-drop.","robots":{"index":"index","follow":"follow","max-snippet":"max-snippet:-1","max-image-preview":"max-image-preview:large","max-video-preview":"max-video-preview:-1"},"canonical":"https:\/\/www.accuratereviews.com\/it\/software-votazioni\/formidable-forms-recensione\/","og_locale":"it_IT","og_type":"article","og_title":"Formidable Forms: recensione software per votazioni - Accurate Reviews","og_description":"Formidable Forms: recensione plug-in WordPress per l'automazione dei moduli, che aiuta le aziende a utilizzare un'interfaccia drag-and-drop.","og_url":"https:\/\/www.accuratereviews.com\/it\/software-votazioni\/formidable-forms-recensione\/","og_site_name":"Accurate Reviews","article_modified_time":"2022-09-16T15:49:06+00:00","og_image":[{"width":516,"height":516,"url":"https:\/\/www.accuratereviews.com\/wp-content\/uploads\/2022\/09\/Formidable-Forms.png","type":"image\/png"}],"twitter_card":"summary_large_image","twitter_misc":{"Tempo di lettura stimato":"4 minuti"},"schema":{"@context":"https:\/\/schema.org","@graph":[{"@type":"WebPage","@id":"https:\/\/www.accuratereviews.com\/it\/software-votazioni\/formidable-forms-recensione\/","url":"https:\/\/www.accuratereviews.com\/it\/software-votazioni\/formidable-forms-recensione\/","name":"Formidable Forms: recensione software per votazioni - Accurate Reviews","isPartOf":{"@id":"https:\/\/www.accuratereviews.com\/it\/#website"},"primaryImageOfPage":{"@id":"https:\/\/www.accuratereviews.com\/it\/software-votazioni\/formidable-forms-recensione\/#primaryimage"},"image":{"@id":"https:\/\/www.accuratereviews.com\/it\/software-votazioni\/formidable-forms-recensione\/#primaryimage"},"thumbnailUrl":"https:\/\/www.accuratereviews.com\/wp-content\/uploads\/2022\/09\/Formidable-Forms.png","datePublished":"2022-09-12T20:32:39+00:00","dateModified":"2022-09-16T15:49:06+00:00","description":"Formidable Forms: recensione plug-in WordPress per l'automazione dei moduli, che aiuta le aziende a utilizzare un'interfaccia drag-and-drop.","breadcrumb":{"@id":"https:\/\/www.accuratereviews.com\/it\/software-votazioni\/formidable-forms-recensione\/#breadcrumb"},"inLanguage":"it-IT","potentialAction":[{"@type":"ReadAction","target":["https:\/\/www.accuratereviews.com\/it\/software-votazioni\/formidable-forms-recensione\/"]}]},{"@type":"ImageObject","inLanguage":"it-IT","@id":"https:\/\/www.accuratereviews.com\/it\/software-votazioni\/formidable-forms-recensione\/#primaryimage","url":"https:\/\/www.accuratereviews.com\/wp-content\/uploads\/2022\/09\/Formidable-Forms.png","contentUrl":"https:\/\/www.accuratereviews.com\/wp-content\/uploads\/2022\/09\/Formidable-Forms.png","width":516,"height":516},{"@type":"BreadcrumbList","@id":"https:\/\/www.accuratereviews.com\/it\/software-votazioni\/formidable-forms-recensione\/#breadcrumb","itemListElement":[{"@type":"ListItem","position":1,"name":"Home","item":"https:\/\/www.accuratereviews.com\/it\/"},{"@type":"ListItem","position":2,"name":"Software per votazioni","item":"https:\/\/www.accuratereviews.com\/it\/software-votazioni\/"},{"@type":"ListItem","position":3,"name":"Formidable Forms"}]},{"@type":"WebSite","@id":"https:\/\/www.accuratereviews.com\/it\/#website","url":"https:\/\/www.accuratereviews.com\/it\/","name":"Accurate Reviews","description":"","potentialAction":[{"@type":"SearchAction","target":{"@type":"EntryPoint","urlTemplate":"https:\/\/www.accuratereviews.com\/it\/?s={search_term_string}"},"query-input":{"@type":"PropertyValueSpecification","valueRequired":true,"valueName":"search_term_string"}}],"inLanguage":"it-IT"}]}},"_links":{"self":[{"href":"https:\/\/www.accuratereviews.com\/it\/wp-json\/wp\/v2\/pages\/61396","targetHints":{"allow":["GET"]}}],"collection":[{"href":"https:\/\/www.accuratereviews.com\/it\/wp-json\/wp\/v2\/pages"}],"about":[{"href":"https:\/\/www.accuratereviews.com\/it\/wp-json\/wp\/v2\/types\/page"}],"author":[{"embeddable":true,"href":"https:\/\/www.accuratereviews.com\/it\/wp-json\/wp\/v2\/users\/16"}],"replies":[{"embeddable":true,"href":"https:\/\/www.accuratereviews.com\/it\/wp-json\/wp\/v2\/comments?post=61396"}],"version-history":[{"count":10,"href":"https:\/\/www.accuratereviews.com\/it\/wp-json\/wp\/v2\/pages\/61396\/revisions"}],"predecessor-version":[{"id":61625,"href":"https:\/\/www.accuratereviews.com\/it\/wp-json\/wp\/v2\/pages\/61396\/revisions\/61625"}],"up":[{"embeddable":true,"href":"https:\/\/www.accuratereviews.com\/it\/wp-json\/wp\/v2\/pages\/61161"}],"wp:featuredmedia":[{"embeddable":true,"href":"https:\/\/www.accuratereviews.com\/it\/wp-json\/wp\/v2\/media\/61397"}],"wp:attachment":[{"href":"https:\/\/www.accuratereviews.com\/it\/wp-json\/wp\/v2\/media?parent=61396"}],"wp:term":[{"taxonomy":"category","embeddable":true,"href":"https:\/\/www.accuratereviews.com\/it\/wp-json\/wp\/v2\/categories?post=61396"},{"taxonomy":"post_tag","embeddable":true,"href":"https:\/\/www.accuratereviews.com\/it\/wp-json\/wp\/v2\/tags?post=61396"},{"taxonomy":"features","embeddable":true,"href":"https:\/\/www.accuratereviews.com\/it\/wp-json\/wp\/v2\/features?post=61396"}],"curies":[{"name":"wp","href":"https:\/\/api.w.org\/{rel}","templated":true}]}}