{"id":61403,"date":"2022-09-12T17:14:15","date_gmt":"2022-09-12T17:14:15","guid":{"rendered":"https:\/\/www.accuratereviews.com\/?page_id=61403"},"modified":"2022-09-13T10:13:05","modified_gmt":"2022-09-13T10:13:05","slug":"meetingpulse-recensione","status":"publish","type":"page","link":"https:\/\/www.accuratereviews.com\/it\/software-votazioni\/meetingpulse-recensione\/","title":{"rendered":"MeetingPulse"},"content":{"rendered":"<p><strong>MeetingPulse<\/strong> \u00e8 una <strong>piattaforma di sondaggi e votazioni online<\/strong> che ti permette di coinvolgere maggiormente il tuo pubblico e di scoprire cosa preferisce e cosa realmente pensa del tuo prodotto\/servizio. Con questo <strong>software per votazioni<\/strong>, puoi progettare e organizzare eventi in poco tempo, creare presentazioni interattive, raccogliere e analizzare i dati con report personalizzati e molto altro ancora.<br \/>\n<strong>MeetingPulse<\/strong> \u00e8 progettato per integrarsi perfettamente con il tuo sistema aziendale, fornisce un&#8217;API per tutti i tuoi eventi e dati e pu\u00f2 essere integrato a Powerpoint, Webex, Microsoft Teams, Zoom, Vimeo e Youtube.<\/p>\n<h2>MEETINGPULSE &#8211; TUTORIAL<\/h2>\n<div id=\"fluid-wrapper-counter-1\" class=\"g1-fluid-wrapper \" style=\"width:686px;\">\n<div style=\"padding-bottom:56.268221574344%;\"><iframe loading=\"lazy\" title=\"MeetingPulse Overview\" width=\"686\" height=\"386\" src=\"https:\/\/www.youtube.com\/embed\/r7ZK6VzlU4A?feature=oembed&amp;wmode=transparent&amp;autohide=1&amp;autoplay=0&amp;disablekb=0&amp;fs=1&amp;loop=0&amp;enablejsapi=1&amp;rel=0&amp;controls=2&amp;showinfo=0&amp;wmode=transparent&amp;autohide=2&amp;autoplay=0&amp;disablekb=0&amp;fs=1&amp;loop=0&amp;enablejsapi=1&amp;rel=0&amp;controls=2&amp;showinfo=1\" frameborder=\"0\" allow=\"accelerometer; autoplay; clipboard-write; encrypted-media; gyroscope; picture-in-picture\" allowfullscreen><\/iframe><\/div>\n<\/div>\n<h3>MEETINGPULSE &#8211; CARATTERISTICHE<\/h3>\n<p>Di seguito le principali caratteristiche di questo<strong> programma per votazioni:<\/strong><\/p>\n<ul>\n<li><strong>Sondaggi e interviste dal vivo<\/strong>: valuta l&#8217;opinione del pubblico con sondaggi versatili e interviste dal vivo<\/li>\n<li><strong>Sessioni di domande e risposte in diretta<\/strong>: avvia una conversazione e scopri cosa pensano gli spettatori<\/li>\n<li><strong>Feedback del pubblico in diretta<\/strong>: per conoscere l&#8217;opinione del pubblico in tempo reale<\/li>\n<li><strong>Lotterie e quiz dal vivo<\/strong>: crea giochi per rompere il ghiaccio o offri ricompense attraverso concorsi amichevoli<\/li>\n<li><strong>Sicurezza e crittografia<\/strong>: sicurezza di livello enterprise: fiducia da parte di aziende Fortune 100<\/li>\n<li><strong>Integrazioni flessibili<\/strong>: ci vogliono pochi minuti per iniziare, pochi secondi per avviare un meeting<\/li>\n<li><strong>Facile accesso dei partecipanti<\/strong>: i partecipanti si iscrivono istantaneamente tramite un breve link sul proprio smartphone, tablet o laptop<\/li>\n<li><strong>Scalabilit\u00e0<\/strong>: coinvolgi decine di migliaia di partecipanti attivi in qualsiasi luogo del mondo.<\/li>\n<\/ul>\n<h4>LE RECENSIONI DEGLI UTENTI<\/h4>\n<p><strong>Bob &#8220;Un&#8217;esperienza magica&#8221;<\/strong><br \/>\nCommenti: l&#8217;impostazione di una risposta del pubblico con una variet\u00e0 di opzioni \u00e8 un gioco da ragazzi e il back-end \u00e8 molto potente. L&#8217;esperienza del partecipante \u00e8 superlativa sul web mobile. Abbiamo anche integrato MeetingPulse con la nostra app per eventi EventMobi e ha funzionato perfettamente.<br \/>\nPro: facile da configurare, molte funzioni e un&#8217;esperienza incredibile per i partecipanti. La maggior parte delle funzioni e delle impostazioni sono davvero ben studiate e possono essere facilmente personalizzate.<br \/>\nContro: MeetingPulse \u00e8 progettato intorno al concetto di sessione, pi\u00f9 che di grande evento. D&#8217;altra parte, questo lo rende facile da configurare da parte dell&#8217;amministratore\/relatore o dell&#8217;addetto all&#8217;audiovisivo. Perfetto per i casi in cui la maggior parte del pubblico trascorre il tempo insieme in un&#8217;unica area\/sessione.<\/p>\n<p><strong>Britanny &#8220;Miglior software di sondaggio&#8221;<\/strong><br \/>\nPro: Meetingpulse consente di utilizzare i sondaggi, il QA e di prendere il &#8220;polso&#8221; durante una riunione o una presentazione, in modo facile da usare sia per gli amministratori che per gli utenti. \u00c8 esteticamente gradevole e sono stato felice di vedere queste funzionalit\u00e0 gi\u00e0 nella versione gratuita.<br \/>\nContro: il software non si integra in modo affidabile con Powerpoint nella versione gratuita. Ho contattato l&#8217;assistenza clienti per verificare se si tratta di un errore dell&#8217;utente (cosa che potrebbe benissimo essere). Aggiorner\u00f2 quando sar\u00e0 risolto.<\/p>\n<p><strong>Zafer &#8220;MeetingPulse \u00e8 eccellente per le videoconferenze&#8221;<\/strong><br \/>\nPro: MeetingPulse offre un&#8217;ottima infrastruttura per le nostre esigenze di comunicazione interna.<br \/>\nContro: MeetingPulse potrebbe avere opzioni di prezzo pi\u00f9 flessibili per gli abbonamenti.<\/p>\n","protected":false},"excerpt":{"rendered":"<p>MeetingPulse \u00e8 una piattaforma di sondaggi e votazioni online che ti permette di coinvolgere maggiormente il tuo pubblico e di scoprire cosa preferisce e cosa realmente pensa del tuo prodotto\/servizio. Con questo software per votazioni, puoi progettare e organizzare eventi in poco tempo, creare presentazioni interattive, raccogliere e analizzare i dati con report personalizzati e molto altro ancora.MeetingPulse \u00e8 una piattaforma di sondaggi e votazioni online che ti permette di coinvolgere maggiormente il tuo pubblico e di scoprire cosa preferisce e cosa realmente pensa del tuo prodotto\/servizio. Con questo software per votazioni, puoi progettare e organizzare eventi in poco tempo, creare presentazioni interattive, raccogliere e analizzare i dati con report personalizzati e molto altro ancora.<\/p>\n","protected":false},"author":17,"featured_media":61404,"parent":61161,"menu_order":0,"comment_status":"open","ping_status":"closed","template":"g1_template_page_review_new.php","meta":{"_acf_changed":false,"cwp_meta_box_check":"No","cwp_rev_product_name":"","cwp_rev_product_image":"","wppr_links":[],"cwp_rev_price":"","wppr_options":[],"wppr_pros":[],"wppr_cons":[],"_monsterinsights_skip_tracking":false,"_monsterinsights_sitenote_active":false,"_monsterinsights_sitenote_note":"","_monsterinsights_sitenote_category":0,"footnotes":""},"categories":[13279],"tags":[13287,13331,13282,13281,13285,4705],"features":[],"class_list":{"0":"post-61403","1":"page","2":"type-page","3":"status-publish","4":"has-post-thumbnail","6":"category-software-votazioni-cat","7":"tag-app-per-votazioni","8":"tag-piattaforma-per-votazione","9":"tag-programma-per-votazioni","10":"tag-software-per-votazioni","11":"tag-soluzione-per-votare","12":"tag-sondaggi-online"},"wppr_data":{"cwp_meta_box_check":"No"},"acf":[],"yoast_head":"<!-- This site is optimized with the Yoast SEO plugin v27.4 - https:\/\/yoast.com\/product\/yoast-seo-wordpress\/ -->\n<title>MeetingPulse: recensione software votazioni - Accurate Reviews<\/title>\n<meta name=\"description\" content=\"MeetingPulse: recensione della piattaforma di sondaggi e votazioni online che ti permette di coinvolgere maggiormente il tuo pubblico.\" \/>\n<meta name=\"robots\" content=\"index, follow, max-snippet:-1, max-image-preview:large, max-video-preview:-1\" \/>\n<link rel=\"canonical\" href=\"https:\/\/www.accuratereviews.com\/it\/software-votazioni\/meetingpulse-recensione\/\" \/>\n<meta property=\"og:locale\" content=\"it_IT\" \/>\n<meta property=\"og:type\" content=\"article\" \/>\n<meta property=\"og:title\" content=\"MeetingPulse: recensione software votazioni - Accurate Reviews\" \/>\n<meta property=\"og:description\" content=\"MeetingPulse: recensione della piattaforma di sondaggi e votazioni online che ti permette di coinvolgere maggiormente il tuo pubblico.\" \/>\n<meta property=\"og:url\" content=\"https:\/\/www.accuratereviews.com\/it\/software-votazioni\/meetingpulse-recensione\/\" \/>\n<meta property=\"og:site_name\" content=\"Accurate Reviews\" \/>\n<meta property=\"article:modified_time\" content=\"2022-09-13T10:13:05+00:00\" \/>\n<meta property=\"og:image\" content=\"https:\/\/www.accuratereviews.com\/wp-content\/uploads\/2022\/09\/Unknown-1.png\" \/>\n\t<meta property=\"og:image:width\" content=\"225\" \/>\n\t<meta property=\"og:image:height\" content=\"225\" \/>\n\t<meta property=\"og:image:type\" content=\"image\/png\" \/>\n<meta name=\"twitter:card\" content=\"summary_large_image\" \/>\n<meta name=\"twitter:label1\" content=\"Tempo di lettura stimato\" \/>\n\t<meta name=\"twitter:data1\" content=\"3 minuti\" \/>\n<script type=\"application\/ld+json\" class=\"yoast-schema-graph\">{\"@context\":\"https:\\\/\\\/schema.org\",\"@graph\":[{\"@type\":\"WebPage\",\"@id\":\"https:\\\/\\\/www.accuratereviews.com\\\/it\\\/software-votazioni\\\/meetingpulse-recensione\\\/\",\"url\":\"https:\\\/\\\/www.accuratereviews.com\\\/it\\\/software-votazioni\\\/meetingpulse-recensione\\\/\",\"name\":\"MeetingPulse: recensione software votazioni - Accurate Reviews\",\"isPartOf\":{\"@id\":\"https:\\\/\\\/www.accuratereviews.com\\\/it\\\/#website\"},\"primaryImageOfPage\":{\"@id\":\"https:\\\/\\\/www.accuratereviews.com\\\/it\\\/software-votazioni\\\/meetingpulse-recensione\\\/#primaryimage\"},\"image\":{\"@id\":\"https:\\\/\\\/www.accuratereviews.com\\\/it\\\/software-votazioni\\\/meetingpulse-recensione\\\/#primaryimage\"},\"thumbnailUrl\":\"https:\\\/\\\/www.accuratereviews.com\\\/wp-content\\\/uploads\\\/2022\\\/09\\\/Unknown-1.png\",\"datePublished\":\"2022-09-12T17:14:15+00:00\",\"dateModified\":\"2022-09-13T10:13:05+00:00\",\"description\":\"MeetingPulse: recensione della piattaforma di sondaggi e votazioni online che ti permette di coinvolgere maggiormente il tuo pubblico.\",\"breadcrumb\":{\"@id\":\"https:\\\/\\\/www.accuratereviews.com\\\/it\\\/software-votazioni\\\/meetingpulse-recensione\\\/#breadcrumb\"},\"inLanguage\":\"it-IT\",\"potentialAction\":[{\"@type\":\"ReadAction\",\"target\":[\"https:\\\/\\\/www.accuratereviews.com\\\/it\\\/software-votazioni\\\/meetingpulse-recensione\\\/\"]}]},{\"@type\":\"ImageObject\",\"inLanguage\":\"it-IT\",\"@id\":\"https:\\\/\\\/www.accuratereviews.com\\\/it\\\/software-votazioni\\\/meetingpulse-recensione\\\/#primaryimage\",\"url\":\"https:\\\/\\\/www.accuratereviews.com\\\/wp-content\\\/uploads\\\/2022\\\/09\\\/Unknown-1.png\",\"contentUrl\":\"https:\\\/\\\/www.accuratereviews.com\\\/wp-content\\\/uploads\\\/2022\\\/09\\\/Unknown-1.png\",\"width\":225,\"height\":225},{\"@type\":\"BreadcrumbList\",\"@id\":\"https:\\\/\\\/www.accuratereviews.com\\\/it\\\/software-votazioni\\\/meetingpulse-recensione\\\/#breadcrumb\",\"itemListElement\":[{\"@type\":\"ListItem\",\"position\":1,\"name\":\"Home\",\"item\":\"https:\\\/\\\/www.accuratereviews.com\\\/it\\\/\"},{\"@type\":\"ListItem\",\"position\":2,\"name\":\"Software per votazioni\",\"item\":\"https:\\\/\\\/www.accuratereviews.com\\\/it\\\/software-votazioni\\\/\"},{\"@type\":\"ListItem\",\"position\":3,\"name\":\"MeetingPulse\"}]},{\"@type\":\"WebSite\",\"@id\":\"https:\\\/\\\/www.accuratereviews.com\\\/it\\\/#website\",\"url\":\"https:\\\/\\\/www.accuratereviews.com\\\/it\\\/\",\"name\":\"Accurate Reviews\",\"description\":\"\",\"potentialAction\":[{\"@type\":\"SearchAction\",\"target\":{\"@type\":\"EntryPoint\",\"urlTemplate\":\"https:\\\/\\\/www.accuratereviews.com\\\/it\\\/?s={search_term_string}\"},\"query-input\":{\"@type\":\"PropertyValueSpecification\",\"valueRequired\":true,\"valueName\":\"search_term_string\"}}],\"inLanguage\":\"it-IT\"}]}<\/script>\n<!-- \/ Yoast SEO plugin. -->","yoast_head_json":{"title":"MeetingPulse: recensione software votazioni - Accurate Reviews","description":"MeetingPulse: recensione della piattaforma di sondaggi e votazioni online che ti permette di coinvolgere maggiormente il tuo pubblico.","robots":{"index":"index","follow":"follow","max-snippet":"max-snippet:-1","max-image-preview":"max-image-preview:large","max-video-preview":"max-video-preview:-1"},"canonical":"https:\/\/www.accuratereviews.com\/it\/software-votazioni\/meetingpulse-recensione\/","og_locale":"it_IT","og_type":"article","og_title":"MeetingPulse: recensione software votazioni - Accurate Reviews","og_description":"MeetingPulse: recensione della piattaforma di sondaggi e votazioni online che ti permette di coinvolgere maggiormente il tuo pubblico.","og_url":"https:\/\/www.accuratereviews.com\/it\/software-votazioni\/meetingpulse-recensione\/","og_site_name":"Accurate Reviews","article_modified_time":"2022-09-13T10:13:05+00:00","og_image":[{"width":225,"height":225,"url":"https:\/\/www.accuratereviews.com\/wp-content\/uploads\/2022\/09\/Unknown-1.png","type":"image\/png"}],"twitter_card":"summary_large_image","twitter_misc":{"Tempo di lettura stimato":"3 minuti"},"schema":{"@context":"https:\/\/schema.org","@graph":[{"@type":"WebPage","@id":"https:\/\/www.accuratereviews.com\/it\/software-votazioni\/meetingpulse-recensione\/","url":"https:\/\/www.accuratereviews.com\/it\/software-votazioni\/meetingpulse-recensione\/","name":"MeetingPulse: recensione software votazioni - Accurate Reviews","isPartOf":{"@id":"https:\/\/www.accuratereviews.com\/it\/#website"},"primaryImageOfPage":{"@id":"https:\/\/www.accuratereviews.com\/it\/software-votazioni\/meetingpulse-recensione\/#primaryimage"},"image":{"@id":"https:\/\/www.accuratereviews.com\/it\/software-votazioni\/meetingpulse-recensione\/#primaryimage"},"thumbnailUrl":"https:\/\/www.accuratereviews.com\/wp-content\/uploads\/2022\/09\/Unknown-1.png","datePublished":"2022-09-12T17:14:15+00:00","dateModified":"2022-09-13T10:13:05+00:00","description":"MeetingPulse: recensione della piattaforma di sondaggi e votazioni online che ti permette di coinvolgere maggiormente il tuo pubblico.","breadcrumb":{"@id":"https:\/\/www.accuratereviews.com\/it\/software-votazioni\/meetingpulse-recensione\/#breadcrumb"},"inLanguage":"it-IT","potentialAction":[{"@type":"ReadAction","target":["https:\/\/www.accuratereviews.com\/it\/software-votazioni\/meetingpulse-recensione\/"]}]},{"@type":"ImageObject","inLanguage":"it-IT","@id":"https:\/\/www.accuratereviews.com\/it\/software-votazioni\/meetingpulse-recensione\/#primaryimage","url":"https:\/\/www.accuratereviews.com\/wp-content\/uploads\/2022\/09\/Unknown-1.png","contentUrl":"https:\/\/www.accuratereviews.com\/wp-content\/uploads\/2022\/09\/Unknown-1.png","width":225,"height":225},{"@type":"BreadcrumbList","@id":"https:\/\/www.accuratereviews.com\/it\/software-votazioni\/meetingpulse-recensione\/#breadcrumb","itemListElement":[{"@type":"ListItem","position":1,"name":"Home","item":"https:\/\/www.accuratereviews.com\/it\/"},{"@type":"ListItem","position":2,"name":"Software per votazioni","item":"https:\/\/www.accuratereviews.com\/it\/software-votazioni\/"},{"@type":"ListItem","position":3,"name":"MeetingPulse"}]},{"@type":"WebSite","@id":"https:\/\/www.accuratereviews.com\/it\/#website","url":"https:\/\/www.accuratereviews.com\/it\/","name":"Accurate Reviews","description":"","potentialAction":[{"@type":"SearchAction","target":{"@type":"EntryPoint","urlTemplate":"https:\/\/www.accuratereviews.com\/it\/?s={search_term_string}"},"query-input":{"@type":"PropertyValueSpecification","valueRequired":true,"valueName":"search_term_string"}}],"inLanguage":"it-IT"}]}},"_links":{"self":[{"href":"https:\/\/www.accuratereviews.com\/it\/wp-json\/wp\/v2\/pages\/61403","targetHints":{"allow":["GET"]}}],"collection":[{"href":"https:\/\/www.accuratereviews.com\/it\/wp-json\/wp\/v2\/pages"}],"about":[{"href":"https:\/\/www.accuratereviews.com\/it\/wp-json\/wp\/v2\/types\/page"}],"author":[{"embeddable":true,"href":"https:\/\/www.accuratereviews.com\/it\/wp-json\/wp\/v2\/users\/17"}],"replies":[{"embeddable":true,"href":"https:\/\/www.accuratereviews.com\/it\/wp-json\/wp\/v2\/comments?post=61403"}],"version-history":[{"count":8,"href":"https:\/\/www.accuratereviews.com\/it\/wp-json\/wp\/v2\/pages\/61403\/revisions"}],"predecessor-version":[{"id":61478,"href":"https:\/\/www.accuratereviews.com\/it\/wp-json\/wp\/v2\/pages\/61403\/revisions\/61478"}],"up":[{"embeddable":true,"href":"https:\/\/www.accuratereviews.com\/it\/wp-json\/wp\/v2\/pages\/61161"}],"wp:featuredmedia":[{"embeddable":true,"href":"https:\/\/www.accuratereviews.com\/it\/wp-json\/wp\/v2\/media\/61404"}],"wp:attachment":[{"href":"https:\/\/www.accuratereviews.com\/it\/wp-json\/wp\/v2\/media?parent=61403"}],"wp:term":[{"taxonomy":"category","embeddable":true,"href":"https:\/\/www.accuratereviews.com\/it\/wp-json\/wp\/v2\/categories?post=61403"},{"taxonomy":"post_tag","embeddable":true,"href":"https:\/\/www.accuratereviews.com\/it\/wp-json\/wp\/v2\/tags?post=61403"},{"taxonomy":"features","embeddable":true,"href":"https:\/\/www.accuratereviews.com\/it\/wp-json\/wp\/v2\/features?post=61403"}],"curies":[{"name":"wp","href":"https:\/\/api.w.org\/{rel}","templated":true}]}}