{"id":61434,"date":"2022-09-13T10:13:01","date_gmt":"2022-09-13T10:13:01","guid":{"rendered":"https:\/\/www.accuratereviews.com\/?page_id=61434"},"modified":"2022-09-13T10:15:47","modified_gmt":"2022-09-13T10:15:47","slug":"associationvoting-recensione","status":"publish","type":"page","link":"https:\/\/www.accuratereviews.com\/it\/software-votazioni\/associationvoting-recensione\/","title":{"rendered":"AssociationVoting"},"content":{"rendered":"<p><strong>AssociationVoting<\/strong> \u00e8 un <strong>software per votazioni<\/strong> semplice da usare e intuitivo che ha l&#8217;obiettivo di aumentare l&#8217;affluenza alle urne durante le elezioni. Per raggiungere tale scopo, semplifica il processo rendendolo\u00a0intuitivo e tempestivo. In questo modo si risparmier\u00e0 anche tempo, denaro e carta. Si tratta di un programma sicuro che utilizza lo standard industriale di crittografia SSL a 256 bit per tutti gli accessi alle elezioni.<br \/>\nCon\u00a0<strong>Association Voting<\/strong>\u00a0puoi raccogliere in modo sicuro e accurato i voti durante la riunione o in remoto e accedere poi ai report che ti mostrano i risultati in tempo reale.<\/p>\n<h2>ASSOCIATIONVOTING &#8211; TUTORIAL<\/h2>\n<div id=\"fluid-wrapper-counter-1\" class=\"g1-fluid-wrapper \" style=\"width:686px;\">\n<div style=\"padding-bottom:56.268221574344%;\"><iframe loading=\"lazy\" title=\"AssociationVoting Voter Experience\" width=\"686\" height=\"386\" src=\"https:\/\/www.youtube.com\/embed\/vimtuCExgW8?feature=oembed&amp;wmode=transparent&amp;autohide=1&amp;autoplay=0&amp;disablekb=0&amp;fs=1&amp;loop=0&amp;enablejsapi=1&amp;rel=0&amp;controls=2&amp;showinfo=0&amp;wmode=transparent&amp;autohide=2&amp;autoplay=0&amp;disablekb=0&amp;fs=1&amp;loop=0&amp;enablejsapi=1&amp;rel=0&amp;controls=2&amp;showinfo=1\" frameborder=\"0\" allow=\"accelerometer; autoplay; clipboard-write; encrypted-media; gyroscope; picture-in-picture\" allowfullscreen><\/iframe><\/div>\n<\/div>\n<h3>ASSOCIATIONVOTING &#8211; CARATTERISTICHE<\/h3>\n<ul>\n<li>Gli elettori accedono alla loro scheda personalizzata con credenziali di voto sicure, come l&#8217;ID, l&#8217;email e una password individuale.<\/li>\n<li>Facile configurazione della scheda elettorale in pochi minuti! Non dovete ricominciare da zero: AssociationVoting salva le impostazioni dell&#8217;anno precedente (compresi elettori, candidati, gruppi, statuti) per poter iniziare subito con la configurazione di quest&#8217;anno.<\/li>\n<li>Le schede segrete supportano il voto anonimo.<\/li>\n<li>Il modello di scheda elettorale supporta posizioni (cariche\/candidati), proposte\/statuti e approvazione della lista.<\/li>\n<li>Nessun limite al numero di cariche\/candidati o di proposte su una scheda.<\/li>\n<li>Schede personalizzate in base al distretto, alla regione o al sottogruppo di appartenenza, senza costi per scheda.<\/li>\n<li>Supporta qualsiasi numero di elettori per elezione.<\/li>\n<li>Carica i tuoi soci e gruppi per la votazione, imposta le credenziali dei votanti come l&#8217;ID, l&#8217;indirizzo email, il nome o la password individuale. Aggiungi o rimuovi facilmente i votanti in base alle scadenze dell&#8217;ultimo minuto.<\/li>\n<li>Facile processo di costruzione della scheda elettorale, con la comoda funzionalit\u00e0 WYSWYG per fornire una formattazione stilizzata a biografie e CV. Ripetere le elezioni \u00e8 ancora pi\u00f9 facile con la funzione &#8220;Clona le elezioni passate&#8221;.<\/li>\n<li>Crea voci di voto specifiche per i gruppi e creare pesi di valutazione opzionali per i gruppi.<\/li>\n<li>I conteggi dei voti in tempo reale sono disponibili online, cos\u00ec come un audit dettagliato dell&#8217;elezione nel PDF di riepilogo dei verbali di voto, per monitorare l&#8217;andamento dell&#8217;elezione.<\/li>\n<li>Accesso all&#8217;elenco dei votanti e dei non votanti e all&#8217;elenco delle schede in corso in tempo reale.<\/li>\n<li>La segnalazione del voto segreto condivide i risultati delle votazioni e ogni voto espresso senza condividere l&#8217;identificazione dell&#8217;elettore.<\/li>\n<li>La ricevuta di voto sar\u00e0 inviata via email all&#8217;indirizzo di posta elettronica del votante, a conferma della registrazione del voto.<\/li>\n<\/ul>\n<h4>LE RECENSIONI DEGLI UTENTI<\/h4>\n<p><strong>Mack &#8220;Facile da usare e con un ottimo servizio&#8221;.<\/strong><br \/>\nPro: mi \u00e8 piaciuto il fatto che il mio contatto presso AssociationVoting mi abbia aiutato a impostare l&#8217;elezione e mi abbia guidato durante il processo.<br \/>\nContro: Vorrei che ci fosse un po&#8217; pi\u00f9 di personalizzazione<\/p>\n<p><strong>Jane &#8220;Ottimo servizio&#8221;<\/strong><br \/>\nCommenti: Ottimo servizio clienti. Sono stati di grande aiuto con la configurazione e la distribuzione delle nostre elezioni. Sono stati veloci quando abbiamo avuto bisogno di personalizzazioni o abbiamo avuto domande.<br \/>\nPro: La configurazione \u00e8 stata molto intuitiva. \u00c8 un programma semplice e pulito. Perfetto per le nostre esigenze.<br \/>\nContro: abbiamo disattivato l&#8217;accesso ai risultati delle elezioni in corso. Sarebbe utile avere un resoconto inviato per email o disponibile al termine delle elezioni.<\/p>\n<p><strong>Michele &#8220;Elezioni facili!&#8221;<\/strong><br \/>\nCommenti: questo ha aumentato il numero di soci che hanno votato alle nostre elezioni. Il servizio clienti \u00e8 fantastico! Consiglio vivamente AssociationVoting!<br \/>\nPro: se i membri non hanno le credenziali corrette, il sistema invia loro via email o l&#8217;ID, a condizione che la loro email sia presente nel sistema. \u00c8 facile tenere traccia dei risultati mentre le elezioni sono in corso. Non abbiamo ricevuto alcun reclamo da parte dei soci che hanno votato con questo software.<br \/>\nContro: all&#8217;inizio alcune domande di configurazione erano confuse.<\/p>\n","protected":false},"excerpt":{"rendered":"<p>AssociationVoting \u00e8 un software per votazioni semplice da usare e intuitivo che ha l&#8217;obiettivo di aumentare l&#8217;affluenza alle urne durante le elezioni. Per raggiungerlo, semplifica il processo di voto rendendolo\u00a0semplice, tempestivo e online. In questo modo si risparmier\u00e0 anche tempo, denaro e carta.<\/p>\n","protected":false},"author":17,"featured_media":61435,"parent":61161,"menu_order":0,"comment_status":"open","ping_status":"closed","template":"g1_template_page_review_new.php","meta":{"_acf_changed":false,"cwp_meta_box_check":"No","cwp_rev_product_name":"","cwp_rev_product_image":"","wppr_links":[],"cwp_rev_price":"","wppr_options":[],"wppr_pros":[],"wppr_cons":[],"_monsterinsights_skip_tracking":false,"_monsterinsights_sitenote_active":false,"_monsterinsights_sitenote_note":"","_monsterinsights_sitenote_category":0,"footnotes":""},"categories":[13279],"tags":[13287,13331,13282,13281,13285,13336,13337,13290],"features":[],"class_list":{"0":"post-61434","1":"page","2":"type-page","3":"status-publish","4":"has-post-thumbnail","6":"category-software-votazioni-cat","7":"tag-app-per-votazioni","8":"tag-piattaforma-per-votazione","9":"tag-programma-per-votazioni","10":"tag-software-per-votazioni","11":"tag-soluzione-per-votare","12":"tag-soluzioni-per-votazioni","13":"tag-votare","14":"tag-votazioni"},"wppr_data":{"cwp_meta_box_check":"No"},"acf":[],"yoast_head":"<!-- This site is optimized with the Yoast SEO plugin v27.4 - https:\/\/yoast.com\/product\/yoast-seo-wordpress\/ -->\n<title>AssociationVoting: recensione software per votazioni - Accurate Reviews<\/title>\n<meta name=\"description\" content=\"AssociationVoting: recensione del software per votazioni semplice da usare e intuitivo che ha l&#039;obiettivo di aumentare l&#039;affluenza alle urne.\" \/>\n<meta name=\"robots\" content=\"index, follow, max-snippet:-1, max-image-preview:large, max-video-preview:-1\" \/>\n<link rel=\"canonical\" href=\"https:\/\/www.accuratereviews.com\/it\/software-votazioni\/associationvoting-recensione\/\" \/>\n<meta property=\"og:locale\" content=\"it_IT\" \/>\n<meta property=\"og:type\" content=\"article\" \/>\n<meta property=\"og:title\" content=\"AssociationVoting: recensione software per votazioni - Accurate Reviews\" \/>\n<meta property=\"og:description\" content=\"AssociationVoting: recensione del software per votazioni semplice da usare e intuitivo che ha l&#039;obiettivo di aumentare l&#039;affluenza alle urne.\" \/>\n<meta property=\"og:url\" content=\"https:\/\/www.accuratereviews.com\/it\/software-votazioni\/associationvoting-recensione\/\" \/>\n<meta property=\"og:site_name\" content=\"Accurate Reviews\" \/>\n<meta property=\"article:modified_time\" content=\"2022-09-13T10:15:47+00:00\" \/>\n<meta property=\"og:image\" content=\"https:\/\/www.accuratereviews.com\/wp-content\/uploads\/2022\/09\/Unknown-2.png\" \/>\n\t<meta property=\"og:image:width\" content=\"225\" \/>\n\t<meta property=\"og:image:height\" content=\"225\" \/>\n\t<meta property=\"og:image:type\" content=\"image\/png\" \/>\n<meta name=\"twitter:card\" content=\"summary_large_image\" \/>\n<meta name=\"twitter:label1\" content=\"Tempo di lettura stimato\" \/>\n\t<meta name=\"twitter:data1\" content=\"4 minuti\" \/>\n<script type=\"application\/ld+json\" class=\"yoast-schema-graph\">{\"@context\":\"https:\\\/\\\/schema.org\",\"@graph\":[{\"@type\":\"WebPage\",\"@id\":\"https:\\\/\\\/www.accuratereviews.com\\\/it\\\/software-votazioni\\\/associationvoting-recensione\\\/\",\"url\":\"https:\\\/\\\/www.accuratereviews.com\\\/it\\\/software-votazioni\\\/associationvoting-recensione\\\/\",\"name\":\"AssociationVoting: recensione software per votazioni - Accurate Reviews\",\"isPartOf\":{\"@id\":\"https:\\\/\\\/www.accuratereviews.com\\\/it\\\/#website\"},\"primaryImageOfPage\":{\"@id\":\"https:\\\/\\\/www.accuratereviews.com\\\/it\\\/software-votazioni\\\/associationvoting-recensione\\\/#primaryimage\"},\"image\":{\"@id\":\"https:\\\/\\\/www.accuratereviews.com\\\/it\\\/software-votazioni\\\/associationvoting-recensione\\\/#primaryimage\"},\"thumbnailUrl\":\"https:\\\/\\\/www.accuratereviews.com\\\/wp-content\\\/uploads\\\/2022\\\/09\\\/Unknown-2.png\",\"datePublished\":\"2022-09-13T10:13:01+00:00\",\"dateModified\":\"2022-09-13T10:15:47+00:00\",\"description\":\"AssociationVoting: recensione del software per votazioni semplice da usare e intuitivo che ha l'obiettivo di aumentare l'affluenza alle urne.\",\"breadcrumb\":{\"@id\":\"https:\\\/\\\/www.accuratereviews.com\\\/it\\\/software-votazioni\\\/associationvoting-recensione\\\/#breadcrumb\"},\"inLanguage\":\"it-IT\",\"potentialAction\":[{\"@type\":\"ReadAction\",\"target\":[\"https:\\\/\\\/www.accuratereviews.com\\\/it\\\/software-votazioni\\\/associationvoting-recensione\\\/\"]}]},{\"@type\":\"ImageObject\",\"inLanguage\":\"it-IT\",\"@id\":\"https:\\\/\\\/www.accuratereviews.com\\\/it\\\/software-votazioni\\\/associationvoting-recensione\\\/#primaryimage\",\"url\":\"https:\\\/\\\/www.accuratereviews.com\\\/wp-content\\\/uploads\\\/2022\\\/09\\\/Unknown-2.png\",\"contentUrl\":\"https:\\\/\\\/www.accuratereviews.com\\\/wp-content\\\/uploads\\\/2022\\\/09\\\/Unknown-2.png\",\"width\":225,\"height\":225},{\"@type\":\"BreadcrumbList\",\"@id\":\"https:\\\/\\\/www.accuratereviews.com\\\/it\\\/software-votazioni\\\/associationvoting-recensione\\\/#breadcrumb\",\"itemListElement\":[{\"@type\":\"ListItem\",\"position\":1,\"name\":\"Home\",\"item\":\"https:\\\/\\\/www.accuratereviews.com\\\/it\\\/\"},{\"@type\":\"ListItem\",\"position\":2,\"name\":\"Software per votazioni\",\"item\":\"https:\\\/\\\/www.accuratereviews.com\\\/it\\\/software-votazioni\\\/\"},{\"@type\":\"ListItem\",\"position\":3,\"name\":\"AssociationVoting\"}]},{\"@type\":\"WebSite\",\"@id\":\"https:\\\/\\\/www.accuratereviews.com\\\/it\\\/#website\",\"url\":\"https:\\\/\\\/www.accuratereviews.com\\\/it\\\/\",\"name\":\"Accurate Reviews\",\"description\":\"\",\"potentialAction\":[{\"@type\":\"SearchAction\",\"target\":{\"@type\":\"EntryPoint\",\"urlTemplate\":\"https:\\\/\\\/www.accuratereviews.com\\\/it\\\/?s={search_term_string}\"},\"query-input\":{\"@type\":\"PropertyValueSpecification\",\"valueRequired\":true,\"valueName\":\"search_term_string\"}}],\"inLanguage\":\"it-IT\"}]}<\/script>\n<!-- \/ Yoast SEO plugin. -->","yoast_head_json":{"title":"AssociationVoting: recensione software per votazioni - Accurate Reviews","description":"AssociationVoting: recensione del software per votazioni semplice da usare e intuitivo che ha l'obiettivo di aumentare l'affluenza alle urne.","robots":{"index":"index","follow":"follow","max-snippet":"max-snippet:-1","max-image-preview":"max-image-preview:large","max-video-preview":"max-video-preview:-1"},"canonical":"https:\/\/www.accuratereviews.com\/it\/software-votazioni\/associationvoting-recensione\/","og_locale":"it_IT","og_type":"article","og_title":"AssociationVoting: recensione software per votazioni - Accurate Reviews","og_description":"AssociationVoting: recensione del software per votazioni semplice da usare e intuitivo che ha l'obiettivo di aumentare l'affluenza alle urne.","og_url":"https:\/\/www.accuratereviews.com\/it\/software-votazioni\/associationvoting-recensione\/","og_site_name":"Accurate Reviews","article_modified_time":"2022-09-13T10:15:47+00:00","og_image":[{"width":225,"height":225,"url":"https:\/\/www.accuratereviews.com\/wp-content\/uploads\/2022\/09\/Unknown-2.png","type":"image\/png"}],"twitter_card":"summary_large_image","twitter_misc":{"Tempo di lettura stimato":"4 minuti"},"schema":{"@context":"https:\/\/schema.org","@graph":[{"@type":"WebPage","@id":"https:\/\/www.accuratereviews.com\/it\/software-votazioni\/associationvoting-recensione\/","url":"https:\/\/www.accuratereviews.com\/it\/software-votazioni\/associationvoting-recensione\/","name":"AssociationVoting: recensione software per votazioni - Accurate Reviews","isPartOf":{"@id":"https:\/\/www.accuratereviews.com\/it\/#website"},"primaryImageOfPage":{"@id":"https:\/\/www.accuratereviews.com\/it\/software-votazioni\/associationvoting-recensione\/#primaryimage"},"image":{"@id":"https:\/\/www.accuratereviews.com\/it\/software-votazioni\/associationvoting-recensione\/#primaryimage"},"thumbnailUrl":"https:\/\/www.accuratereviews.com\/wp-content\/uploads\/2022\/09\/Unknown-2.png","datePublished":"2022-09-13T10:13:01+00:00","dateModified":"2022-09-13T10:15:47+00:00","description":"AssociationVoting: recensione del software per votazioni semplice da usare e intuitivo che ha l'obiettivo di aumentare l'affluenza alle urne.","breadcrumb":{"@id":"https:\/\/www.accuratereviews.com\/it\/software-votazioni\/associationvoting-recensione\/#breadcrumb"},"inLanguage":"it-IT","potentialAction":[{"@type":"ReadAction","target":["https:\/\/www.accuratereviews.com\/it\/software-votazioni\/associationvoting-recensione\/"]}]},{"@type":"ImageObject","inLanguage":"it-IT","@id":"https:\/\/www.accuratereviews.com\/it\/software-votazioni\/associationvoting-recensione\/#primaryimage","url":"https:\/\/www.accuratereviews.com\/wp-content\/uploads\/2022\/09\/Unknown-2.png","contentUrl":"https:\/\/www.accuratereviews.com\/wp-content\/uploads\/2022\/09\/Unknown-2.png","width":225,"height":225},{"@type":"BreadcrumbList","@id":"https:\/\/www.accuratereviews.com\/it\/software-votazioni\/associationvoting-recensione\/#breadcrumb","itemListElement":[{"@type":"ListItem","position":1,"name":"Home","item":"https:\/\/www.accuratereviews.com\/it\/"},{"@type":"ListItem","position":2,"name":"Software per votazioni","item":"https:\/\/www.accuratereviews.com\/it\/software-votazioni\/"},{"@type":"ListItem","position":3,"name":"AssociationVoting"}]},{"@type":"WebSite","@id":"https:\/\/www.accuratereviews.com\/it\/#website","url":"https:\/\/www.accuratereviews.com\/it\/","name":"Accurate Reviews","description":"","potentialAction":[{"@type":"SearchAction","target":{"@type":"EntryPoint","urlTemplate":"https:\/\/www.accuratereviews.com\/it\/?s={search_term_string}"},"query-input":{"@type":"PropertyValueSpecification","valueRequired":true,"valueName":"search_term_string"}}],"inLanguage":"it-IT"}]}},"_links":{"self":[{"href":"https:\/\/www.accuratereviews.com\/it\/wp-json\/wp\/v2\/pages\/61434","targetHints":{"allow":["GET"]}}],"collection":[{"href":"https:\/\/www.accuratereviews.com\/it\/wp-json\/wp\/v2\/pages"}],"about":[{"href":"https:\/\/www.accuratereviews.com\/it\/wp-json\/wp\/v2\/types\/page"}],"author":[{"embeddable":true,"href":"https:\/\/www.accuratereviews.com\/it\/wp-json\/wp\/v2\/users\/17"}],"replies":[{"embeddable":true,"href":"https:\/\/www.accuratereviews.com\/it\/wp-json\/wp\/v2\/comments?post=61434"}],"version-history":[{"count":5,"href":"https:\/\/www.accuratereviews.com\/it\/wp-json\/wp\/v2\/pages\/61434\/revisions"}],"predecessor-version":[{"id":61479,"href":"https:\/\/www.accuratereviews.com\/it\/wp-json\/wp\/v2\/pages\/61434\/revisions\/61479"}],"up":[{"embeddable":true,"href":"https:\/\/www.accuratereviews.com\/it\/wp-json\/wp\/v2\/pages\/61161"}],"wp:featuredmedia":[{"embeddable":true,"href":"https:\/\/www.accuratereviews.com\/it\/wp-json\/wp\/v2\/media\/61435"}],"wp:attachment":[{"href":"https:\/\/www.accuratereviews.com\/it\/wp-json\/wp\/v2\/media?parent=61434"}],"wp:term":[{"taxonomy":"category","embeddable":true,"href":"https:\/\/www.accuratereviews.com\/it\/wp-json\/wp\/v2\/categories?post=61434"},{"taxonomy":"post_tag","embeddable":true,"href":"https:\/\/www.accuratereviews.com\/it\/wp-json\/wp\/v2\/tags?post=61434"},{"taxonomy":"features","embeddable":true,"href":"https:\/\/www.accuratereviews.com\/it\/wp-json\/wp\/v2\/features?post=61434"}],"curies":[{"name":"wp","href":"https:\/\/api.w.org\/{rel}","templated":true}]}}