{"id":6144,"date":"2015-06-09T13:48:12","date_gmt":"2015-06-09T13:48:12","guid":{"rendered":"http:\/\/www.accuratereviews.com\/it\/emma\/"},"modified":"2016-12-06T10:00:31","modified_gmt":"2016-12-06T10:00:31","slug":"emma","status":"publish","type":"page","link":"https:\/\/www.accuratereviews.com\/it\/newsletter-migliori-software-lista\/emma\/","title":{"rendered":"Emma"},"content":{"rendered":"<div id=\"fluid-wrapper-counter-1\" class=\"g1-fluid-wrapper \" style=\"width:686px;\"><div style=\"padding-bottom:56.268221574344%;\"><iframe loading=\"lazy\" width=\"515\" height=\"386\" src=\"https:\/\/www.youtube.com\/embed\/kM46UcaVCVI?feature=oembed&amp;wmode=transparent&amp;autohide=1&amp;autoplay=0&amp;disablekb=0&amp;fs=1&amp;loop=0&amp;enablejsapi=1&amp;rel=0&amp;controls=2&amp;showinfo=0&amp;wmode=transparent&amp;autohide=2&amp;autoplay=0&amp;disablekb=0&amp;fs=1&amp;loop=0&amp;enablejsapi=1&amp;rel=0&amp;controls=2&amp;showinfo=1\" frameborder=\"0\" allowfullscreen><\/iframe><\/div><\/div>\n<p>Se siete a capo di una piccola o media impresa, e volete <strong>creare una strategia di email marketing che faccia crescere il volume di affari in maniera intelligente e semplice, dovete provare Emma<\/strong>, un servizio di email marketing online conosciuto per la sua semplicit\u00e0 e facilit\u00e0 di utilizzo. Fatto apposta per le necessit\u00e0 di entit\u00e0 di medie dimensioni, <strong>Emma vi permette di creare in pochi minuti campagne email efficaci<\/strong>, e di seguirne i risultati in tempo reale.<\/p>\n<h2>Usabilit\u00e0<\/h2>\n<p>La prima cosa che noterete di Emma \u00e8 come \u00e8 stato <strong>studiato per farvi concentrare sulle vostre email<\/strong>. Il pannello di controllo ha un design molto intelligente che vi mostra in maniera impeccabile tutte le vostre recenti campagne e vi permette di crearne una al volo, scegliendo <strong>il vostro template preferito<\/strong> dalla notevole selezione di Emma, con la consapevolezza che <strong>sar\u00e0 mobile-friendly<\/strong>. Ovviamente, potrete scegliere anche un layout per l\u2019email, oppure caricarne uno fatto da voi, ma se avete bisogno di un bel template per una newsletter importante (per esempio, una mail di benvenuto, una di ringraziamento, un invito o una di auguri) potrete star certi di trovarne una nel sistema di Emma. Una volta trovato il vostro design ideale, potrete personalizzarlo con <strong>l\u2019intuitivo editor drag &amp; drop<\/strong>, aggiungendogli caselle di testo, immagini, link e video senza dover conoscere neanche una riga di HTML.<\/p>\n<div id=\"attachment_489\" style=\"width: 2890px\" class=\"wp-caption alignnone\"><a href=\"http:\/\/www.accuratereviews.com\/wp-content\/uploads\/2015\/06\/3a99ce407536421580d079ab6d13d448.png\"><img loading=\"lazy\" decoding=\"async\" aria-describedby=\"caption-attachment-489\" class=\"wp-image-489 size-full\" src=\"http:\/\/www.accuratereviews.com\/wp-content\/uploads\/2015\/06\/3a99ce407536421580d079ab6d13d448.png\" alt=\"Emma email creator\" width=\"2880\" height=\"1676\" srcset=\"https:\/\/www.accuratereviews.com\/wp-content\/uploads\/2015\/06\/3a99ce407536421580d079ab6d13d448.png 2880w, https:\/\/www.accuratereviews.com\/wp-content\/uploads\/2015\/06\/3a99ce407536421580d079ab6d13d448-300x175.png 300w, https:\/\/www.accuratereviews.com\/wp-content\/uploads\/2015\/06\/3a99ce407536421580d079ab6d13d448-1024x596.png 1024w, https:\/\/www.accuratereviews.com\/wp-content\/uploads\/2015\/06\/3a99ce407536421580d079ab6d13d448-968x563.png 968w, https:\/\/www.accuratereviews.com\/wp-content\/uploads\/2015\/06\/3a99ce407536421580d079ab6d13d448-636x370.png 636w, https:\/\/www.accuratereviews.com\/wp-content\/uploads\/2015\/06\/3a99ce407536421580d079ab6d13d448-320x186.png 320w, https:\/\/www.accuratereviews.com\/wp-content\/uploads\/2015\/06\/3a99ce407536421580d079ab6d13d448-239x139.png 239w\" sizes=\"auto, (max-width: 2880px) 100vw, 2880px\" \/><\/a><p id=\"caption-attachment-489\" class=\"wp-caption-text\">L&#8217;editor WYSIWYG vi permette di personalizzare facilmente le vostre newsletter.<\/p><\/div>\n<p>Una cosa interessante riguardo l\u2019upload delle immagini: potete improtale in un attimo da Flickr o Facebook &#8211; oltre a poter consultare il catalogo di stock photo dentro l\u2019editor, o riutilizzarne di gi\u00e0 salvate.<br \/>\nA questo punto scoprirete una delle caratteristiche pi\u00f9 apprezzate di questa piattaforma di email marketing: la semplice maniera in cui potrete aggiungere segmneti alla vostra newsletter. <strong>Potete scegliere un segmento, trascinarlo nelle vostre email, e questa verr\u00e0 spedita automaticamente al gruppo di contatti che soddisfa i requisiti indicati<\/strong>.<\/p>\n<h2>Funzioni<\/h2>\n<p>Emma ha diverse <strong>funzionalit\u00e0 interessanti pensate per aiutarvi a creare diverse ottime drip email<\/strong>: per esempio \u00e8 un sistema integrato con diversi social network e, soprattutto, con app come Salesforce e Shopify che vi permettono di usare CRM e i dati di vendita per creare una campagna email altamente targhettizzata. Emma, inoltre, include <strong>strumenti per i moduli di iscrizione e sondaggi, per creare questionari online.<\/strong> Un\u2019altra funzionalit\u00e0 da sottolineare \u00e8 l\u2019app a parte, dedicata alle statistiche, che vi permette di sapere in tempo reale dal vostro telefono le performance delle vostre newsletter. Ma se non avete una piccola o media azienda e avete bisogno di informazioni pi\u00f9 dettagliate, forse avrete bisogno di un altro servizio di email marketing.<\/p>\n<div id=\"attachment_495\" style=\"width: 1153px\" class=\"wp-caption alignnone\"><a href=\"http:\/\/www.accuratereviews.com\/wp-content\/uploads\/2015\/06\/screenshot-play-google-com-2015-06-11-15-31-29.png\"><img loading=\"lazy\" decoding=\"async\" aria-describedby=\"caption-attachment-495\" class=\"wp-image-495 size-full\" src=\"http:\/\/www.accuratereviews.com\/wp-content\/uploads\/2015\/06\/screenshot-play-google-com-2015-06-11-15-31-29.png\" alt=\"Emma_marketing metrics app\" width=\"1143\" height=\"602\" srcset=\"https:\/\/www.accuratereviews.com\/wp-content\/uploads\/2015\/06\/screenshot-play-google-com-2015-06-11-15-31-29.png 1143w, https:\/\/www.accuratereviews.com\/wp-content\/uploads\/2015\/06\/screenshot-play-google-com-2015-06-11-15-31-29-300x158.png 300w, https:\/\/www.accuratereviews.com\/wp-content\/uploads\/2015\/06\/screenshot-play-google-com-2015-06-11-15-31-29-1024x539.png 1024w, https:\/\/www.accuratereviews.com\/wp-content\/uploads\/2015\/06\/screenshot-play-google-com-2015-06-11-15-31-29-968x510.png 968w, https:\/\/www.accuratereviews.com\/wp-content\/uploads\/2015\/06\/screenshot-play-google-com-2015-06-11-15-31-29-636x335.png 636w, https:\/\/www.accuratereviews.com\/wp-content\/uploads\/2015\/06\/screenshot-play-google-com-2015-06-11-15-31-29-320x169.png 320w, https:\/\/www.accuratereviews.com\/wp-content\/uploads\/2015\/06\/screenshot-play-google-com-2015-06-11-15-31-29-239x126.png 239w\" sizes=\"auto, (max-width: 1143px) 100vw, 1143px\" \/><\/a><p id=\"caption-attachment-495\" class=\"wp-caption-text\">Emma ha delle funzioni davvero uniche per quel che riguarda l&#8217;app di statistiche.<\/p><\/div>\n<h2>Supporto<\/h2>\n<p><strong>Emma offre un supporto clienti notevole<\/strong>, a cominciare dalla live chat &#8211; uno dei tanti diversi modi in cui potete entrare in contatto con il loro servizio clienti attento e amichevole. Emma, per esempio, ha una comunit\u00e0 vivace e ottimamente organizzata dove molti utenti si scambiano domande, risposte, idee e suggerimenti. Ovviamente, se avete bisogno di pi\u00f9 informazioni potete sempre fare affidamento sulla <strong>sezione \u201cResource\u201d, dove potrete trovare articoli utili, video, tutorial how-to e molto altro ancora<\/strong>. A essere onesti, questa sezione \u00e8 molto importante per l\u2019utenza ma non si trova in maniera semplice. Il \u201cContent Hub\u201d invece risalta immediatamente ed \u00e8 incredibile la quantit\u00e0 di video, articoli interessanti, <strong>guide, tutorial, infografiche e webinar<\/strong> che potete trovare per miglorare le vostre conoscenze in materia di email marketing. Un\u2019altra cosa interessante \u00e8 che gli utenti di Emma hanno accesso a una serie di servizi dedicati &#8211; da comprare separatamente dal piano mensile &#8211; con i quali ottenere codice HTML, template e campagne personalizzate, aiuti e servizi strategici, oltre che addestramento per il vostro gruppo.<\/p>\n<h2>Prezzo<\/h2>\n<p><strong>Emma ha un costo leggermente supperiore rispetto alla media dei servizi di email marketing<\/strong>, ed \u00e8 un peccato che non abbia il solito piano \u201cgratuito per sempre\u201d che incoraggi i marketer inesperti e le aziende giovani a provare il servizio. Inoltre se volete provare le funzionalit\u00e0 di Emma avrete a disposizione <strong>soltanto 14 giorni di prova anzich\u00e9 i soliti 30<\/strong>.<br \/>\nCol primo piano mensile che potete acquistare potrete spedire un numero illimitato di email a 2.500 contatti; il secondo vi permette di spedirne a 5.000 contatti.<br \/>\nDa notare come <strong>Emma offra sconti del 20% a organizzazioni non-profit<\/strong> da tutti i piani disponibili.<\/p>\n<div id=\"attachment_496\" style=\"width: 1030px\" class=\"wp-caption alignnone\"><a href=\"http:\/\/www.accuratereviews.com\/wp-content\/uploads\/2015\/06\/screenshot-myemma-com-2015-06-10-15-20-09.png\"><img loading=\"lazy\" decoding=\"async\" aria-describedby=\"caption-attachment-496\" class=\"wp-image-496 size-full\" src=\"http:\/\/www.accuratereviews.com\/wp-content\/uploads\/2015\/06\/screenshot-myemma-com-2015-06-10-15-20-09.png\" alt=\"Emma_pricing\" width=\"1020\" height=\"594\" srcset=\"https:\/\/www.accuratereviews.com\/wp-content\/uploads\/2015\/06\/screenshot-myemma-com-2015-06-10-15-20-09.png 1020w, https:\/\/www.accuratereviews.com\/wp-content\/uploads\/2015\/06\/screenshot-myemma-com-2015-06-10-15-20-09-300x175.png 300w, https:\/\/www.accuratereviews.com\/wp-content\/uploads\/2015\/06\/screenshot-myemma-com-2015-06-10-15-20-09-968x564.png 968w, https:\/\/www.accuratereviews.com\/wp-content\/uploads\/2015\/06\/screenshot-myemma-com-2015-06-10-15-20-09-636x370.png 636w, https:\/\/www.accuratereviews.com\/wp-content\/uploads\/2015\/06\/screenshot-myemma-com-2015-06-10-15-20-09-320x186.png 320w, https:\/\/www.accuratereviews.com\/wp-content\/uploads\/2015\/06\/screenshot-myemma-com-2015-06-10-15-20-09-239x139.png 239w\" sizes=\"auto, (max-width: 1020px) 100vw, 1020px\" \/><\/a><p id=\"caption-attachment-496\" class=\"wp-caption-text\">I piani a pagamento di Emma.<\/p><\/div>\n","protected":false},"excerpt":{"rendered":"<p>Se siete a capo di una piccola o media impresa, e volete creare una strategia di email marketing che faccia crescere il volume di affari in maniera intelligente e semplice, dovete provare Emma, un servizio di email marketing online conosciuto per la sua semplicit\u00e0 e facilit\u00e0 di utilizzo.<\/p>\n","protected":false},"author":16,"featured_media":0,"parent":5555,"menu_order":45,"comment_status":"open","ping_status":"closed","template":"g1_template_page_review_new.php","meta":{"_acf_changed":false,"cwp_meta_box_check":"Yes","cwp_rev_product_name":"Emma","cwp_rev_product_image":"http:\/\/www.accuratereviews.com\/wp-content\/uploads\/2015\/06\/Emma_Logo_Vertical.png","wppr_links":[],"cwp_rev_price":"","wppr_options":[],"wppr_pros":[],"wppr_cons":[],"_monsterinsights_skip_tracking":false,"_monsterinsights_sitenote_active":false,"_monsterinsights_sitenote_note":"","_monsterinsights_sitenote_category":0,"footnotes":""},"categories":[106,108],"tags":[],"features":[],"class_list":{"0":"post-6144","1":"page","2":"type-page","3":"status-publish","5":"category-email-marketing-it","6":"category-newsletter"},"wppr_data":{"cwp_meta_box_check":"Yes","cwp_rev_product_name":"Emma","cwp_rev_product_image":"http:\/\/www.accuratereviews.com\/wp-content\/uploads\/2015\/06\/Emma_Logo_Vertical.png","cwp_image_link":"image","cwp_rev_price":"","wppr_rating":"0.00"},"acf":[],"yoast_head":"<!-- This site is optimized with the Yoast SEO plugin v27.4 - https:\/\/yoast.com\/product\/yoast-seo-wordpress\/ -->\n<title>Emma recensione software per newsletter | Accurate Reviews<\/title>\n<meta name=\"description\" content=\"Emma \u00e8 un servizio di email marketing conosciuto per la sua semplicit\u00e0 e facilit\u00e0 di utilizzo, pensato per le necessit\u00e0 di entit\u00e0 di medie dimensioni.\" \/>\n<meta name=\"robots\" content=\"index, follow, max-snippet:-1, max-image-preview:large, max-video-preview:-1\" \/>\n<link rel=\"canonical\" href=\"https:\/\/www.accuratereviews.com\/it\/newsletter-migliori-software-lista\/emma\/\" \/>\n<meta property=\"og:locale\" content=\"it_IT\" \/>\n<meta property=\"og:type\" content=\"article\" \/>\n<meta property=\"og:title\" content=\"Emma recensione software per newsletter | Accurate Reviews\" \/>\n<meta property=\"og:description\" content=\"Emma \u00e8 un servizio di email marketing conosciuto per la sua semplicit\u00e0 e facilit\u00e0 di utilizzo, pensato per le necessit\u00e0 di entit\u00e0 di medie dimensioni.\" \/>\n<meta property=\"og:url\" content=\"https:\/\/www.accuratereviews.com\/it\/newsletter-migliori-software-lista\/emma\/\" \/>\n<meta property=\"og:site_name\" content=\"Accurate Reviews\" \/>\n<meta property=\"article:modified_time\" content=\"2016-12-06T10:00:31+00:00\" \/>\n<meta property=\"og:image\" content=\"http:\/\/www.accuratereviews.com\/wp-content\/uploads\/2015\/06\/3a99ce407536421580d079ab6d13d448.png\" \/>\n<meta name=\"twitter:card\" content=\"summary_large_image\" \/>\n<meta name=\"twitter:label1\" content=\"Tempo di lettura stimato\" \/>\n\t<meta name=\"twitter:data1\" content=\"4 minuti\" \/>\n<script type=\"application\/ld+json\" class=\"yoast-schema-graph\">{\"@context\":\"https:\\\/\\\/schema.org\",\"@graph\":[{\"@type\":\"WebPage\",\"@id\":\"https:\\\/\\\/www.accuratereviews.com\\\/it\\\/newsletter-migliori-software-lista\\\/emma\\\/\",\"url\":\"https:\\\/\\\/www.accuratereviews.com\\\/it\\\/newsletter-migliori-software-lista\\\/emma\\\/\",\"name\":\"Emma recensione software per newsletter | Accurate Reviews\",\"isPartOf\":{\"@id\":\"https:\\\/\\\/www.accuratereviews.com\\\/it\\\/#website\"},\"primaryImageOfPage\":{\"@id\":\"https:\\\/\\\/www.accuratereviews.com\\\/it\\\/newsletter-migliori-software-lista\\\/emma\\\/#primaryimage\"},\"image\":{\"@id\":\"https:\\\/\\\/www.accuratereviews.com\\\/it\\\/newsletter-migliori-software-lista\\\/emma\\\/#primaryimage\"},\"thumbnailUrl\":\"http:\\\/\\\/www.accuratereviews.com\\\/wp-content\\\/uploads\\\/2015\\\/06\\\/3a99ce407536421580d079ab6d13d448.png\",\"datePublished\":\"2015-06-09T13:48:12+00:00\",\"dateModified\":\"2016-12-06T10:00:31+00:00\",\"description\":\"Emma \u00e8 un servizio di email marketing conosciuto per la sua semplicit\u00e0 e facilit\u00e0 di utilizzo, pensato per le necessit\u00e0 di entit\u00e0 di medie dimensioni.\",\"breadcrumb\":{\"@id\":\"https:\\\/\\\/www.accuratereviews.com\\\/it\\\/newsletter-migliori-software-lista\\\/emma\\\/#breadcrumb\"},\"inLanguage\":\"it-IT\",\"potentialAction\":[{\"@type\":\"ReadAction\",\"target\":[\"https:\\\/\\\/www.accuratereviews.com\\\/it\\\/newsletter-migliori-software-lista\\\/emma\\\/\"]}]},{\"@type\":\"ImageObject\",\"inLanguage\":\"it-IT\",\"@id\":\"https:\\\/\\\/www.accuratereviews.com\\\/it\\\/newsletter-migliori-software-lista\\\/emma\\\/#primaryimage\",\"url\":\"http:\\\/\\\/www.accuratereviews.com\\\/wp-content\\\/uploads\\\/2015\\\/06\\\/3a99ce407536421580d079ab6d13d448.png\",\"contentUrl\":\"http:\\\/\\\/www.accuratereviews.com\\\/wp-content\\\/uploads\\\/2015\\\/06\\\/3a99ce407536421580d079ab6d13d448.png\"},{\"@type\":\"BreadcrumbList\",\"@id\":\"https:\\\/\\\/www.accuratereviews.com\\\/it\\\/newsletter-migliori-software-lista\\\/emma\\\/#breadcrumb\",\"itemListElement\":[{\"@type\":\"ListItem\",\"position\":1,\"name\":\"Home\",\"item\":\"https:\\\/\\\/www.accuratereviews.com\\\/it\\\/\"},{\"@type\":\"ListItem\",\"position\":2,\"name\":\"Newsletter: i migliori software\",\"item\":\"https:\\\/\\\/www.accuratereviews.com\\\/it\\\/newsletter-migliori-software-lista\\\/\"},{\"@type\":\"ListItem\",\"position\":3,\"name\":\"Emma\"}]},{\"@type\":\"WebSite\",\"@id\":\"https:\\\/\\\/www.accuratereviews.com\\\/it\\\/#website\",\"url\":\"https:\\\/\\\/www.accuratereviews.com\\\/it\\\/\",\"name\":\"Accurate Reviews\",\"description\":\"\",\"potentialAction\":[{\"@type\":\"SearchAction\",\"target\":{\"@type\":\"EntryPoint\",\"urlTemplate\":\"https:\\\/\\\/www.accuratereviews.com\\\/it\\\/?s={search_term_string}\"},\"query-input\":{\"@type\":\"PropertyValueSpecification\",\"valueRequired\":true,\"valueName\":\"search_term_string\"}}],\"inLanguage\":\"it-IT\"}]}<\/script>\n<!-- \/ Yoast SEO plugin. -->","yoast_head_json":{"title":"Emma recensione software per newsletter | Accurate Reviews","description":"Emma \u00e8 un servizio di email marketing conosciuto per la sua semplicit\u00e0 e facilit\u00e0 di utilizzo, pensato per le necessit\u00e0 di entit\u00e0 di medie dimensioni.","robots":{"index":"index","follow":"follow","max-snippet":"max-snippet:-1","max-image-preview":"max-image-preview:large","max-video-preview":"max-video-preview:-1"},"canonical":"https:\/\/www.accuratereviews.com\/it\/newsletter-migliori-software-lista\/emma\/","og_locale":"it_IT","og_type":"article","og_title":"Emma recensione software per newsletter | Accurate Reviews","og_description":"Emma \u00e8 un servizio di email marketing conosciuto per la sua semplicit\u00e0 e facilit\u00e0 di utilizzo, pensato per le necessit\u00e0 di entit\u00e0 di medie dimensioni.","og_url":"https:\/\/www.accuratereviews.com\/it\/newsletter-migliori-software-lista\/emma\/","og_site_name":"Accurate Reviews","article_modified_time":"2016-12-06T10:00:31+00:00","og_image":[{"url":"http:\/\/www.accuratereviews.com\/wp-content\/uploads\/2015\/06\/3a99ce407536421580d079ab6d13d448.png","type":"","width":"","height":""}],"twitter_card":"summary_large_image","twitter_misc":{"Tempo di lettura stimato":"4 minuti"},"schema":{"@context":"https:\/\/schema.org","@graph":[{"@type":"WebPage","@id":"https:\/\/www.accuratereviews.com\/it\/newsletter-migliori-software-lista\/emma\/","url":"https:\/\/www.accuratereviews.com\/it\/newsletter-migliori-software-lista\/emma\/","name":"Emma recensione software per newsletter | Accurate Reviews","isPartOf":{"@id":"https:\/\/www.accuratereviews.com\/it\/#website"},"primaryImageOfPage":{"@id":"https:\/\/www.accuratereviews.com\/it\/newsletter-migliori-software-lista\/emma\/#primaryimage"},"image":{"@id":"https:\/\/www.accuratereviews.com\/it\/newsletter-migliori-software-lista\/emma\/#primaryimage"},"thumbnailUrl":"http:\/\/www.accuratereviews.com\/wp-content\/uploads\/2015\/06\/3a99ce407536421580d079ab6d13d448.png","datePublished":"2015-06-09T13:48:12+00:00","dateModified":"2016-12-06T10:00:31+00:00","description":"Emma \u00e8 un servizio di email marketing conosciuto per la sua semplicit\u00e0 e facilit\u00e0 di utilizzo, pensato per le necessit\u00e0 di entit\u00e0 di medie dimensioni.","breadcrumb":{"@id":"https:\/\/www.accuratereviews.com\/it\/newsletter-migliori-software-lista\/emma\/#breadcrumb"},"inLanguage":"it-IT","potentialAction":[{"@type":"ReadAction","target":["https:\/\/www.accuratereviews.com\/it\/newsletter-migliori-software-lista\/emma\/"]}]},{"@type":"ImageObject","inLanguage":"it-IT","@id":"https:\/\/www.accuratereviews.com\/it\/newsletter-migliori-software-lista\/emma\/#primaryimage","url":"http:\/\/www.accuratereviews.com\/wp-content\/uploads\/2015\/06\/3a99ce407536421580d079ab6d13d448.png","contentUrl":"http:\/\/www.accuratereviews.com\/wp-content\/uploads\/2015\/06\/3a99ce407536421580d079ab6d13d448.png"},{"@type":"BreadcrumbList","@id":"https:\/\/www.accuratereviews.com\/it\/newsletter-migliori-software-lista\/emma\/#breadcrumb","itemListElement":[{"@type":"ListItem","position":1,"name":"Home","item":"https:\/\/www.accuratereviews.com\/it\/"},{"@type":"ListItem","position":2,"name":"Newsletter: i migliori software","item":"https:\/\/www.accuratereviews.com\/it\/newsletter-migliori-software-lista\/"},{"@type":"ListItem","position":3,"name":"Emma"}]},{"@type":"WebSite","@id":"https:\/\/www.accuratereviews.com\/it\/#website","url":"https:\/\/www.accuratereviews.com\/it\/","name":"Accurate Reviews","description":"","potentialAction":[{"@type":"SearchAction","target":{"@type":"EntryPoint","urlTemplate":"https:\/\/www.accuratereviews.com\/it\/?s={search_term_string}"},"query-input":{"@type":"PropertyValueSpecification","valueRequired":true,"valueName":"search_term_string"}}],"inLanguage":"it-IT"}]}},"_links":{"self":[{"href":"https:\/\/www.accuratereviews.com\/it\/wp-json\/wp\/v2\/pages\/6144","targetHints":{"allow":["GET"]}}],"collection":[{"href":"https:\/\/www.accuratereviews.com\/it\/wp-json\/wp\/v2\/pages"}],"about":[{"href":"https:\/\/www.accuratereviews.com\/it\/wp-json\/wp\/v2\/types\/page"}],"author":[{"embeddable":true,"href":"https:\/\/www.accuratereviews.com\/it\/wp-json\/wp\/v2\/users\/16"}],"replies":[{"embeddable":true,"href":"https:\/\/www.accuratereviews.com\/it\/wp-json\/wp\/v2\/comments?post=6144"}],"version-history":[{"count":7,"href":"https:\/\/www.accuratereviews.com\/it\/wp-json\/wp\/v2\/pages\/6144\/revisions"}],"predecessor-version":[{"id":6347,"href":"https:\/\/www.accuratereviews.com\/it\/wp-json\/wp\/v2\/pages\/6144\/revisions\/6347"}],"up":[{"embeddable":true,"href":"https:\/\/www.accuratereviews.com\/it\/wp-json\/wp\/v2\/pages\/5555"}],"wp:attachment":[{"href":"https:\/\/www.accuratereviews.com\/it\/wp-json\/wp\/v2\/media?parent=6144"}],"wp:term":[{"taxonomy":"category","embeddable":true,"href":"https:\/\/www.accuratereviews.com\/it\/wp-json\/wp\/v2\/categories?post=6144"},{"taxonomy":"post_tag","embeddable":true,"href":"https:\/\/www.accuratereviews.com\/it\/wp-json\/wp\/v2\/tags?post=6144"},{"taxonomy":"features","embeddable":true,"href":"https:\/\/www.accuratereviews.com\/it\/wp-json\/wp\/v2\/features?post=6144"}],"curies":[{"name":"wp","href":"https:\/\/api.w.org\/{rel}","templated":true}]}}