{"id":61442,"date":"2022-09-14T06:36:31","date_gmt":"2022-09-14T06:36:31","guid":{"rendered":"https:\/\/www.accuratereviews.com\/?page_id=61442"},"modified":"2022-09-17T11:16:07","modified_gmt":"2022-09-17T11:16:07","slug":"crowdpurr-recensione","status":"publish","type":"page","link":"https:\/\/www.accuratereviews.com\/it\/software-votazioni\/crowdpurr-recensione\/","title":{"rendered":"Crowdpurr"},"content":{"rendered":"<p><strong>Crowdpurr<\/strong> \u00e8 una <strong>soluzione di coinvolgimento del pubblico<\/strong>\u00a0che consente alle aziende di carpire i pensieri dei partecipanti\u00a0durante gli eventi dal vivo. Oltre ai sondaggi, la piattaforma supporta quiz a scelta multipla, votazioni e streaming di contenuti sui social wall.\u00a0Con il programma gli utenti possono creare domande personalizzate e opzioni di risposta per qualsiasi sondaggio o quiz. Gli autori possono impostare i requisiti per gli intervistati per inviare nomi ed email, nonch\u00e9 altri dati, per partecipare a un sondaggio.\u00a0La modalit\u00e0 Reactive Projector View consente agli utenti di condividere contenuti, come risultati di sondaggi o social media wall, con il pubblico. Il display si adatta automaticamente al dispositivo utilizzato per la proiezione e pu\u00f2 adattarsi a schermi piccoli come telefoni cellulari o grandi come proiettori di eventi 4K e sono supportati tutti i principali dispositivi mobili.<\/p>\n<h2>CROWDPURR &#8211; TUTORIAL<\/h2>\n<div id=\"fluid-wrapper-counter-1\" class=\"g1-fluid-wrapper \" style=\"width:686px;\">\n<div style=\"padding-bottom:56.268221574344%;\"><iframe loading=\"lazy\" title=\"Learn Crowdpurr Trivia in Five Minutes\" width=\"515\" height=\"386\" src=\"https:\/\/www.youtube.com\/embed\/aI9Dr51WQQ4?feature=oembed&amp;wmode=transparent&amp;autohide=1&amp;autoplay=0&amp;disablekb=0&amp;fs=1&amp;loop=0&amp;enablejsapi=1&amp;rel=0&amp;controls=2&amp;showinfo=0&amp;wmode=transparent&amp;autohide=2&amp;autoplay=0&amp;disablekb=0&amp;fs=1&amp;loop=0&amp;enablejsapi=1&amp;rel=0&amp;controls=2&amp;showinfo=1\" frameborder=\"0\" allow=\"accelerometer; autoplay; clipboard-write; encrypted-media; gyroscope; picture-in-picture\" allowfullscreen><\/iframe><\/div>\n<\/div>\n<h3>CROWDPURR &#8211; CARATTERISTICHE<\/h3>\n<div class=\"ZyvIDe\">\n<div class=\"a8FIud X0rvP L6rCcb\" data-apply-responsive-style=\"true\" data-classes=\"\" data-initial-translation-length=\"3032\" data-saved-translation-limit-reached=\"false\">\n<div class=\"dePhmb\" aria-live=\"polite\">\n<div class=\"eyKpYb\" data-language=\"it\" data-original-language=\"en\" data-result-index=\"0\">\n<ul>\n<li class=\"J0lOec\"><span class=\"VIiyi\" lang=\"it\"><span class=\"JLqJ4b\" data-language-for-alternatives=\"it\" data-language-to-translate-into=\"en\" data-phrase-index=\"0\" data-number-of-phrases=\"1\"><span class=\"Q4iAWc\"><strong>Risultati in tempo reale<\/strong>: visualizza i risultati del grafico a barre in tempo reale su tutti i dispositivi mentre la tua folla vota. Oppure nascondi i risultati ed esportali in Excel o Fogli Google per un&#8217;analisi successiva.<\/span><\/span><\/span><\/li>\n<li class=\"J0lOec\"><span class=\"VIiyi\" lang=\"it\"><span class=\"JLqJ4b\" data-language-for-alternatives=\"it\" data-language-to-translate-into=\"en\" data-phrase-index=\"0\" data-number-of-phrases=\"1\"><span class=\"Q4iAWc\"><strong>Formati di domanda multipla<\/strong>: aggiungi formati di domanda come risposta multipla, aperta, risposta numerica, basata su immagini, Mi piace\/Non mi piace e molto altro.<\/span><\/span><\/span><\/li>\n<li class=\"J0lOec\"><span class=\"VIiyi\" lang=\"it\"><span class=\"JLqJ4b\" data-language-for-alternatives=\"it\" data-language-to-translate-into=\"en\" data-phrase-index=\"0\" data-number-of-phrases=\"1\"><span class=\"Q4iAWc\"><strong>Personalizzazione e marchio<\/strong>: carica il logo della tua organizzazione, imposta i colori dell&#8217;interfaccia e aggiungi sfondi per creare un&#8217;esperienza interattiva &#8220;on brand&#8221;. <\/span><\/span><\/span><\/li>\n<li class=\"J0lOec\"><span class=\"VIiyi\" lang=\"it\"><span class=\"JLqJ4b\" data-language-for-alternatives=\"it\" data-language-to-translate-into=\"en\" data-phrase-index=\"0\" data-number-of-phrases=\"1\"><span class=\"Q4iAWc\"><strong>Raccolta dati di acquisizione di deriv<\/strong>: raccogli nomi, email, numeri di telefono e altro dei partecipanti. Aggiungi menu a discesa personalizzati e caselle di controllo per l&#8217;attivazione. Quindi esporta in Excel o Fogli Google per un uso successivo. <\/span><\/span><\/span><\/li>\n<li class=\"J0lOec\"><span class=\"VIiyi\" lang=\"it\"><span class=\"JLqJ4b\" data-language-for-alternatives=\"it\" data-language-to-translate-into=\"en\" data-phrase-index=\"0\" data-number-of-phrases=\"1\"><span class=\"Q4iAWc\"><strong>Modalit\u00e0 di riproduzione<\/strong>: guida il tuo sondaggio manualmente domanda per domanda o usa la modalit\u00e0 completamente automatica &#8220;a mani libere&#8221; o la modalit\u00e0 &#8220;sempre attiva&#8221; 24 ore su 24, 7 giorni su 7. La dashboard dell&#8217;esperienza mostra un sondaggio e le relative domande. <\/span><\/span><\/span><\/li>\n<li class=\"J0lOec\"><span class=\"VIiyi\" lang=\"it\"><span class=\"JLqJ4b\" data-language-for-alternatives=\"it\" data-language-to-translate-into=\"en\" data-phrase-index=\"0\" data-number-of-phrases=\"1\"><span class=\"Q4iAWc\"><strong>Iscriviti utilizzando codice qr o url<\/strong>: i partecipanti si uniscono facilmente sul proprio dispositivo mobile utilizzando il codice QR o l&#8217;URL univoco del sondaggio visualizzato nella vista del proiettore. <\/span><\/span><\/span><\/li>\n<li class=\"J0lOec\"><span class=\"VIiyi\" lang=\"it\"><span class=\"JLqJ4b\" data-language-for-alternatives=\"it\" data-language-to-translate-into=\"en\" data-phrase-index=\"0\" data-number-of-phrases=\"1\"><span class=\"Q4iAWc\"><strong>Personalizzazione visiva:<\/strong> carica il tuo logo personalizzato e imposta colori e sfondi dell&#8217;interfaccia per un sondaggio &#8220;on-brand&#8221; per la tua organizzazione.\u00a0<\/span><\/span><\/span><\/li>\n<\/ul>\n<\/div>\n<\/div>\n<\/div>\n<\/div>\n<h4>LE RECENSIONI DEGLI UTENTI<\/h4>\n<p class=\"fw-bold mb-2\"><strong>Darryn&#8221;Fantastica curiosit\u00e0 interattiva&#8221;<br \/>\n<\/strong><span class=\"fw-bold\"><strong>Commenti<\/strong>: <\/span>Questo \u00e8 stato enorme durante l&#8217;era &#8220;Covid-Zoom&#8221;. Potremmo avere 10-40 amici ogni venerd\u00ec sera su Zoom e giocare a curiosit\u00e0 con il secondo dispositivo.<br \/>\n<strong>Pro<\/strong>:\u00a0Difficile scegliere 1 cosa, semplice da configurare e mettere in modalit\u00e0 automatica.<br \/>\n<strong>Contro<\/strong>:\u00a0Se fossi esigente, chiederei pi\u00f9 nuovi giochi a quiz ogni settimana.<\/p>\n<p class=\"fw-bold mb-2\"><strong>Wajiha&#8221;Crowdpurr per eventi social sul lavoro&#8221;<br \/>\n<\/strong><span class=\"fw-bold\"><strong>Commenti<\/strong>: <\/span>Nel complesso, il sistema \u00e8 stato fantastico! L&#8217;ho usato per tre eventi per un mese e tutti l&#8217;hanno trovato facile da usare e molto divertente. In caso di eventi futuri, prevediamo di iscriverci nuovamente al piano &#8220;aula&#8221;.<br \/>\n<strong>Pro<\/strong>:\u00a0Il software era intuitivo. I partecipanti potrebbero facilmente accedere e iniziare a giocare senza molto coaching.<br \/>\n<strong>Contro<\/strong>:\u00a0Il gioco a quiz ha richiesto molti clic da parte dell&#8217;host per farlo muovere. Tuttavia, ci\u00f2 potrebbe essere dovuto al fatto che non avevo familiarit\u00e0 con le impostazioni.<\/p>\n<p class=\"fw-bold mb-2\"><strong>Karin&#8221;Ottima esperienza per la nostra convention annuale.&#8221;<br \/>\n<\/strong><span class=\"fw-bold\"><strong>Commenti<\/strong>: <\/span>Una volta creato il gioco Trivia \u00e8 stato fantastico!!<br \/>\n<strong>Pro<\/strong>:\u00a0Una volta che ho impostato tutto, \u00e8 stato perfetto. Molto semplice per gli utenti di accedere e giocare.<br \/>\n<strong>Contro<\/strong>:\u00a0Sono tecnicamente sfidato. Ho dovuto usare la funzione chat abbastanza spesso. Avrei risparmiato molto tempo se avessi potuto parlare con qualcuno al telefono.<\/p>\n","protected":false},"excerpt":{"rendered":"<p>Crowdpurr \u00e8 una soluzione di coinvolgimento del pubblico\u00a0che consente alle aziende di carpire i pensieri i partecipanti durante gli eventi dal vivo. Oltre ai sondaggi, la piattaforma supporta quiz a scelta multipla, votazioni e streaming di contenuti sui social wall.\u00a0Con il programma gli utenti possono creare domande personalizzate e opzioni di risposta per qualsiasi sondaggio o quiz.<\/p>\n","protected":false},"author":16,"featured_media":61455,"parent":61161,"menu_order":0,"comment_status":"open","ping_status":"closed","template":"g1_template_page_review_new.php","meta":{"_acf_changed":false,"cwp_meta_box_check":"No","cwp_rev_product_name":"","cwp_rev_product_image":"","wppr_links":[],"cwp_rev_price":"","wppr_options":[],"wppr_pros":[],"wppr_cons":[],"_monsterinsights_skip_tracking":false,"_monsterinsights_sitenote_active":false,"_monsterinsights_sitenote_note":"","_monsterinsights_sitenote_category":0,"footnotes":""},"categories":[13279],"tags":[13345,13286,13282,13346,13281,13291,13308,13290],"features":[],"class_list":{"0":"post-61442","1":"page","2":"type-page","3":"status-publish","4":"has-post-thumbnail","6":"category-software-votazioni-cat","7":"tag-crowdpurr","8":"tag-piattaforma-per-votazioni","9":"tag-programma-per-votazioni","10":"tag-quiz","11":"tag-software-per-votazioni","12":"tag-soluzione-per-votazioni","13":"tag-sondaggi","14":"tag-votazioni"},"wppr_data":{"cwp_meta_box_check":"No"},"acf":[],"yoast_head":"<!-- This site is optimized with the Yoast SEO plugin v27.4 - https:\/\/yoast.com\/product\/yoast-seo-wordpress\/ -->\n<title>Crowdpurr: recensione software per votazioni - Accurate Reviews<\/title>\n<meta name=\"description\" content=\"Crowdpurr: recensione soluzione di coinvolgimento del pubblico\u00a0che consente alle aziende di carpire i pensieri dei partecipanti durante gli eventi.\" \/>\n<meta name=\"robots\" content=\"index, follow, max-snippet:-1, max-image-preview:large, max-video-preview:-1\" \/>\n<link rel=\"canonical\" href=\"https:\/\/www.accuratereviews.com\/it\/software-votazioni\/crowdpurr-recensione\/\" \/>\n<meta property=\"og:locale\" content=\"it_IT\" \/>\n<meta property=\"og:type\" content=\"article\" \/>\n<meta property=\"og:title\" content=\"Crowdpurr: recensione software per votazioni - Accurate Reviews\" \/>\n<meta property=\"og:description\" content=\"Crowdpurr: recensione soluzione di coinvolgimento del pubblico\u00a0che consente alle aziende di carpire i pensieri dei partecipanti durante gli eventi.\" \/>\n<meta property=\"og:url\" content=\"https:\/\/www.accuratereviews.com\/it\/software-votazioni\/crowdpurr-recensione\/\" \/>\n<meta property=\"og:site_name\" content=\"Accurate Reviews\" \/>\n<meta property=\"article:modified_time\" content=\"2022-09-17T11:16:07+00:00\" \/>\n<meta property=\"og:image\" content=\"https:\/\/www.accuratereviews.com\/wp-content\/uploads\/2022\/09\/Crowdpurr.jpeg\" \/>\n\t<meta property=\"og:image:width\" content=\"400\" \/>\n\t<meta property=\"og:image:height\" content=\"400\" \/>\n\t<meta property=\"og:image:type\" content=\"image\/jpeg\" \/>\n<meta name=\"twitter:card\" content=\"summary_large_image\" \/>\n<meta name=\"twitter:label1\" content=\"Tempo di lettura stimato\" \/>\n\t<meta name=\"twitter:data1\" content=\"3 minuti\" \/>\n<script type=\"application\/ld+json\" class=\"yoast-schema-graph\">{\"@context\":\"https:\\\/\\\/schema.org\",\"@graph\":[{\"@type\":\"WebPage\",\"@id\":\"https:\\\/\\\/www.accuratereviews.com\\\/it\\\/software-votazioni\\\/crowdpurr-recensione\\\/\",\"url\":\"https:\\\/\\\/www.accuratereviews.com\\\/it\\\/software-votazioni\\\/crowdpurr-recensione\\\/\",\"name\":\"Crowdpurr: recensione software per votazioni - Accurate Reviews\",\"isPartOf\":{\"@id\":\"https:\\\/\\\/www.accuratereviews.com\\\/it\\\/#website\"},\"primaryImageOfPage\":{\"@id\":\"https:\\\/\\\/www.accuratereviews.com\\\/it\\\/software-votazioni\\\/crowdpurr-recensione\\\/#primaryimage\"},\"image\":{\"@id\":\"https:\\\/\\\/www.accuratereviews.com\\\/it\\\/software-votazioni\\\/crowdpurr-recensione\\\/#primaryimage\"},\"thumbnailUrl\":\"https:\\\/\\\/www.accuratereviews.com\\\/wp-content\\\/uploads\\\/2022\\\/09\\\/Crowdpurr.jpeg\",\"datePublished\":\"2022-09-14T06:36:31+00:00\",\"dateModified\":\"2022-09-17T11:16:07+00:00\",\"description\":\"Crowdpurr: recensione soluzione di coinvolgimento del pubblico\u00a0che consente alle aziende di carpire i pensieri dei partecipanti durante gli eventi.\",\"breadcrumb\":{\"@id\":\"https:\\\/\\\/www.accuratereviews.com\\\/it\\\/software-votazioni\\\/crowdpurr-recensione\\\/#breadcrumb\"},\"inLanguage\":\"it-IT\",\"potentialAction\":[{\"@type\":\"ReadAction\",\"target\":[\"https:\\\/\\\/www.accuratereviews.com\\\/it\\\/software-votazioni\\\/crowdpurr-recensione\\\/\"]}]},{\"@type\":\"ImageObject\",\"inLanguage\":\"it-IT\",\"@id\":\"https:\\\/\\\/www.accuratereviews.com\\\/it\\\/software-votazioni\\\/crowdpurr-recensione\\\/#primaryimage\",\"url\":\"https:\\\/\\\/www.accuratereviews.com\\\/wp-content\\\/uploads\\\/2022\\\/09\\\/Crowdpurr.jpeg\",\"contentUrl\":\"https:\\\/\\\/www.accuratereviews.com\\\/wp-content\\\/uploads\\\/2022\\\/09\\\/Crowdpurr.jpeg\",\"width\":400,\"height\":400},{\"@type\":\"BreadcrumbList\",\"@id\":\"https:\\\/\\\/www.accuratereviews.com\\\/it\\\/software-votazioni\\\/crowdpurr-recensione\\\/#breadcrumb\",\"itemListElement\":[{\"@type\":\"ListItem\",\"position\":1,\"name\":\"Home\",\"item\":\"https:\\\/\\\/www.accuratereviews.com\\\/it\\\/\"},{\"@type\":\"ListItem\",\"position\":2,\"name\":\"Software per votazioni\",\"item\":\"https:\\\/\\\/www.accuratereviews.com\\\/it\\\/software-votazioni\\\/\"},{\"@type\":\"ListItem\",\"position\":3,\"name\":\"Crowdpurr\"}]},{\"@type\":\"WebSite\",\"@id\":\"https:\\\/\\\/www.accuratereviews.com\\\/it\\\/#website\",\"url\":\"https:\\\/\\\/www.accuratereviews.com\\\/it\\\/\",\"name\":\"Accurate Reviews\",\"description\":\"\",\"potentialAction\":[{\"@type\":\"SearchAction\",\"target\":{\"@type\":\"EntryPoint\",\"urlTemplate\":\"https:\\\/\\\/www.accuratereviews.com\\\/it\\\/?s={search_term_string}\"},\"query-input\":{\"@type\":\"PropertyValueSpecification\",\"valueRequired\":true,\"valueName\":\"search_term_string\"}}],\"inLanguage\":\"it-IT\"}]}<\/script>\n<!-- \/ Yoast SEO plugin. -->","yoast_head_json":{"title":"Crowdpurr: recensione software per votazioni - Accurate Reviews","description":"Crowdpurr: recensione soluzione di coinvolgimento del pubblico\u00a0che consente alle aziende di carpire i pensieri dei partecipanti durante gli eventi.","robots":{"index":"index","follow":"follow","max-snippet":"max-snippet:-1","max-image-preview":"max-image-preview:large","max-video-preview":"max-video-preview:-1"},"canonical":"https:\/\/www.accuratereviews.com\/it\/software-votazioni\/crowdpurr-recensione\/","og_locale":"it_IT","og_type":"article","og_title":"Crowdpurr: recensione software per votazioni - Accurate Reviews","og_description":"Crowdpurr: recensione soluzione di coinvolgimento del pubblico\u00a0che consente alle aziende di carpire i pensieri dei partecipanti durante gli eventi.","og_url":"https:\/\/www.accuratereviews.com\/it\/software-votazioni\/crowdpurr-recensione\/","og_site_name":"Accurate Reviews","article_modified_time":"2022-09-17T11:16:07+00:00","og_image":[{"width":400,"height":400,"url":"https:\/\/www.accuratereviews.com\/wp-content\/uploads\/2022\/09\/Crowdpurr.jpeg","type":"image\/jpeg"}],"twitter_card":"summary_large_image","twitter_misc":{"Tempo di lettura stimato":"3 minuti"},"schema":{"@context":"https:\/\/schema.org","@graph":[{"@type":"WebPage","@id":"https:\/\/www.accuratereviews.com\/it\/software-votazioni\/crowdpurr-recensione\/","url":"https:\/\/www.accuratereviews.com\/it\/software-votazioni\/crowdpurr-recensione\/","name":"Crowdpurr: recensione software per votazioni - Accurate Reviews","isPartOf":{"@id":"https:\/\/www.accuratereviews.com\/it\/#website"},"primaryImageOfPage":{"@id":"https:\/\/www.accuratereviews.com\/it\/software-votazioni\/crowdpurr-recensione\/#primaryimage"},"image":{"@id":"https:\/\/www.accuratereviews.com\/it\/software-votazioni\/crowdpurr-recensione\/#primaryimage"},"thumbnailUrl":"https:\/\/www.accuratereviews.com\/wp-content\/uploads\/2022\/09\/Crowdpurr.jpeg","datePublished":"2022-09-14T06:36:31+00:00","dateModified":"2022-09-17T11:16:07+00:00","description":"Crowdpurr: recensione soluzione di coinvolgimento del pubblico\u00a0che consente alle aziende di carpire i pensieri dei partecipanti durante gli eventi.","breadcrumb":{"@id":"https:\/\/www.accuratereviews.com\/it\/software-votazioni\/crowdpurr-recensione\/#breadcrumb"},"inLanguage":"it-IT","potentialAction":[{"@type":"ReadAction","target":["https:\/\/www.accuratereviews.com\/it\/software-votazioni\/crowdpurr-recensione\/"]}]},{"@type":"ImageObject","inLanguage":"it-IT","@id":"https:\/\/www.accuratereviews.com\/it\/software-votazioni\/crowdpurr-recensione\/#primaryimage","url":"https:\/\/www.accuratereviews.com\/wp-content\/uploads\/2022\/09\/Crowdpurr.jpeg","contentUrl":"https:\/\/www.accuratereviews.com\/wp-content\/uploads\/2022\/09\/Crowdpurr.jpeg","width":400,"height":400},{"@type":"BreadcrumbList","@id":"https:\/\/www.accuratereviews.com\/it\/software-votazioni\/crowdpurr-recensione\/#breadcrumb","itemListElement":[{"@type":"ListItem","position":1,"name":"Home","item":"https:\/\/www.accuratereviews.com\/it\/"},{"@type":"ListItem","position":2,"name":"Software per votazioni","item":"https:\/\/www.accuratereviews.com\/it\/software-votazioni\/"},{"@type":"ListItem","position":3,"name":"Crowdpurr"}]},{"@type":"WebSite","@id":"https:\/\/www.accuratereviews.com\/it\/#website","url":"https:\/\/www.accuratereviews.com\/it\/","name":"Accurate Reviews","description":"","potentialAction":[{"@type":"SearchAction","target":{"@type":"EntryPoint","urlTemplate":"https:\/\/www.accuratereviews.com\/it\/?s={search_term_string}"},"query-input":{"@type":"PropertyValueSpecification","valueRequired":true,"valueName":"search_term_string"}}],"inLanguage":"it-IT"}]}},"_links":{"self":[{"href":"https:\/\/www.accuratereviews.com\/it\/wp-json\/wp\/v2\/pages\/61442","targetHints":{"allow":["GET"]}}],"collection":[{"href":"https:\/\/www.accuratereviews.com\/it\/wp-json\/wp\/v2\/pages"}],"about":[{"href":"https:\/\/www.accuratereviews.com\/it\/wp-json\/wp\/v2\/types\/page"}],"author":[{"embeddable":true,"href":"https:\/\/www.accuratereviews.com\/it\/wp-json\/wp\/v2\/users\/16"}],"replies":[{"embeddable":true,"href":"https:\/\/www.accuratereviews.com\/it\/wp-json\/wp\/v2\/comments?post=61442"}],"version-history":[{"count":11,"href":"https:\/\/www.accuratereviews.com\/it\/wp-json\/wp\/v2\/pages\/61442\/revisions"}],"predecessor-version":[{"id":61632,"href":"https:\/\/www.accuratereviews.com\/it\/wp-json\/wp\/v2\/pages\/61442\/revisions\/61632"}],"up":[{"embeddable":true,"href":"https:\/\/www.accuratereviews.com\/it\/wp-json\/wp\/v2\/pages\/61161"}],"wp:featuredmedia":[{"embeddable":true,"href":"https:\/\/www.accuratereviews.com\/it\/wp-json\/wp\/v2\/media\/61455"}],"wp:attachment":[{"href":"https:\/\/www.accuratereviews.com\/it\/wp-json\/wp\/v2\/media?parent=61442"}],"wp:term":[{"taxonomy":"category","embeddable":true,"href":"https:\/\/www.accuratereviews.com\/it\/wp-json\/wp\/v2\/categories?post=61442"},{"taxonomy":"post_tag","embeddable":true,"href":"https:\/\/www.accuratereviews.com\/it\/wp-json\/wp\/v2\/tags?post=61442"},{"taxonomy":"features","embeddable":true,"href":"https:\/\/www.accuratereviews.com\/it\/wp-json\/wp\/v2\/features?post=61442"}],"curies":[{"name":"wp","href":"https:\/\/api.w.org\/{rel}","templated":true}]}}