{"id":61500,"date":"2022-09-14T16:14:33","date_gmt":"2022-09-14T16:14:33","guid":{"rendered":"https:\/\/www.accuratereviews.com\/?page_id=61500"},"modified":"2022-09-14T16:14:33","modified_gmt":"2022-09-14T16:14:33","slug":"echo360-recensione","status":"publish","type":"page","link":"https:\/\/www.accuratereviews.com\/it\/software-votazioni\/echo360-recensione\/","title":{"rendered":"Echo360"},"content":{"rendered":"<p><strong>Echo360<\/strong> \u00e8 un <strong>software per sondaggi<\/strong>\u00a0che consente ai formatori di distribuire valutazioni post-evento per ottenere informazioni dettagliate sull&#8217;esperienza di apprendimento e sulle opinioni degli studenti. La soluzione \u00e8 adatta sia per l&#8217;apprendimento remoto che di persona. Permette\u00a0agli istruttori di programmare e inviare promemoria agli studenti sui prossimi eventi di formazione. I partecipanti possono inviare feedback anonimi, consentendo agli insegnanti di adattare le sessioni di formazione di conseguenza. Gli istruttori possono creare e gestire quiz giornalieri durante le lezioni per migliorare l&#8217;apprendimento. Gli studenti possono tenere traccia dello stato di completamento del corso, controllare la frequenza, visualizzare la cronologia di apprendimento e inviare messaggi ai tutor su una piattaforma centralizzata.<\/p>\n<h2>ECHO360 &#8211; TUTORIAL<\/h2>\n<div id=\"fluid-wrapper-counter-1\" class=\"g1-fluid-wrapper \" style=\"width:686px;\">\n<div style=\"padding-bottom:56.268221574344%;\"><iframe loading=\"lazy\" title=\"Echo360: The smarter video platform for education.\" width=\"686\" height=\"386\" src=\"https:\/\/www.youtube.com\/embed\/Mfri2KRMDEc?feature=oembed&amp;wmode=transparent&amp;autohide=1&amp;autoplay=0&amp;disablekb=0&amp;fs=1&amp;loop=0&amp;enablejsapi=1&amp;rel=0&amp;controls=2&amp;showinfo=0&amp;wmode=transparent&amp;autohide=2&amp;autoplay=0&amp;disablekb=0&amp;fs=1&amp;loop=0&amp;enablejsapi=1&amp;rel=0&amp;controls=2&amp;showinfo=1\" frameborder=\"0\" allow=\"accelerometer; autoplay; clipboard-write; encrypted-media; gyroscope; picture-in-picture\" allowfullscreen><\/iframe><\/div>\n<\/div>\n<h2>ECHO360 &#8211; CARATTERISTICHE<\/h2>\n<ul>\n<li><strong>Apprendimento ibrido<\/strong>:\u00a0garantisce che le soluzioni e gli strumenti siano efficaci in tutti i tipi di ambienti di apprendimento.<\/li>\n<li><strong>Gestione video<\/strong>: scatena il potenziale di apprendimento end-to-end del video, dalla creazione all&#8217;amministrazione.<\/li>\n<li><strong>Risultati del coinvolgimento<\/strong>: progettare e fornire strumenti di coinvolgimento efficaci che producono risultati.<\/li>\n<li><strong>Rapporti e analisi<\/strong>: fornire prove empiriche di coinvolgimento, progresso e aree di opportunit\u00e0 attraverso dashboard di facile utilizzo.<\/li>\n<li><strong>Integrazione LMS<\/strong>: integrazione perfetta con i sistemi di gestione dell&#8217;apprendimento pi\u00f9 utilizzati nell&#8217;istruzione e nel business.<\/li>\n<li><strong>Accessibilit\u00e0<\/strong>: la soluzione si\u00a0impegna a soddisfare o superare gli standard che garantiscono l&#8217;equit\u00e0 nell&#8217;apprendimento.<\/li>\n<\/ul>\n<h4>LE RECENSIONI DEGLI UTENTI<\/h4>\n<p class=\"fw-bold mb-2\"><strong>Mahmudul&#8221;Va bene ma pu\u00f2 essere migliorato&#8221;<br \/>\n<\/strong><strong>Pro<\/strong>: Seamlessl+ \u00e8 utilizzato da molte universit\u00e0!! Quindi non ha bisogno di orientamento con l&#8217;algoritmo.<br \/>\n<strong>Contro<\/strong>:\u00a0Casualmente non registra l&#8217;audio. Il che \u00e8 problematico in quanto non puoi fare affidamento su di esso. \u00c8 necessario un meccanismo di verifica che l&#8217;audio stia registrando.<\/p>\n<p class=\"fw-bold mb-2\"><strong>Debra&#8221;Salvavita!&#8221;<br \/>\n<\/strong><strong>Pro<\/strong>: Lo usiamo da diversi anni per un incontro annuale. Quest&#8217;anno l&#8217;incontro si \u00e8 svolto virtualmente e Turning Point ha intensificato il suo gioco con la versione online e l&#8217;app. L&#8217;incontro \u00e8 stato semplice e tutti hanno commentato quanto fosse facile da usare.<br \/>\n<strong>Contro<\/strong>:\u00a0Niente di negativo da dire! Il prodotto \u00e8 facile da usare!<\/p>\n<p class=\"fw-bold mb-2\"><strong>Amy&#8221;Facile da usare ma non sempre preciso&#8221;<br \/>\n<\/strong><span class=\"fw-bold\"><strong>Commenti<\/strong>: <\/span>I rappresentanti di TurningPoint sono sempre stati molto reattivi quando abbiamo bisogno di assistenza. In genere utilizziamo i dispositivi clicker effettivi di persona, ma con la pandemia i corsi di persona non si svolgevano. L&#8217;uso della funzione mobile \u00e8 stato molto utile per i nostri corsi di formazione virtuali. Vorrei che non dovessimo pagare per posto per aggiungere pi\u00f9 persone per\u00f2. Forse potrebbero cambiare il modo in cui addebitano i blocchi di posti, invece di un costo per posto che devi pagare ogni anno. Ho pensato di passare a un software che non richiede un canone annuale.<br \/>\n<strong>Pro<\/strong>: \u00c8 utile, soprattutto durante la pandemia, che questo software sia abilitato per dispositivi mobili e che le persone possano rispondere da tutti gli Stati Uniti. I clicker fisici sono molto semplici da usare. \u00c8 un bel modo per coinvolgere una classe e misurare le loro conoscenze.<br \/>\n<strong>Contro<\/strong>:\u00a0Non mi piace che dobbiamo pagare una quota di abbonamento annuale in base al nostro numero di posti. Occasionalmente potremmo aver bisogno di avere pi\u00f9 partecipanti, ma dovremmo aggiungere pi\u00f9 partecipanti al nostro abbonamento solo per quel paio di volte in cui abbiamo bisogno di pi\u00f9 di quello che abbiamo. Inoltre, vorrei che ci fosse un modo per non dare punti contro il punteggio di una persona se non risponde a una domanda. A volte i segnali sono deboli o qualcuno lascia la stanza e per questo viene penalizzato. Non fornisce un vero esempio accurato delle loro attuali conoscenze.<\/p>\n","protected":false},"excerpt":{"rendered":"<p>Echo360 \u00e8 un software per sondaggi\u00a0che consente ai formatori di distribuire valutazioni post-evento per ottenere informazioni dettagliate sull&#8217;esperienza di apprendimento e sulle opinioni degli studenti. La soluzione \u00e8 adatta sia per l&#8217;apprendimento remoto che di persona. Permette\u00a0agli istruttori di programmare e inviare promemoria agli studenti sui prossimi eventi di formazione.<\/p>\n","protected":false},"author":16,"featured_media":61501,"parent":61161,"menu_order":0,"comment_status":"open","ping_status":"closed","template":"g1_template_page_review_new.php","meta":{"_acf_changed":false,"cwp_meta_box_check":"No","cwp_rev_product_name":"","cwp_rev_product_image":"","wppr_links":[],"cwp_rev_price":"","wppr_options":[],"wppr_pros":[],"wppr_cons":[],"_monsterinsights_skip_tracking":false,"_monsterinsights_sitenote_active":false,"_monsterinsights_sitenote_note":"","_monsterinsights_sitenote_category":0,"footnotes":""},"categories":[13279],"tags":[13363,13286,13282,13281,13291,13308,13290],"features":[],"class_list":{"0":"post-61500","1":"page","2":"type-page","3":"status-publish","4":"has-post-thumbnail","6":"category-software-votazioni-cat","7":"tag-echo360","8":"tag-piattaforma-per-votazioni","9":"tag-programma-per-votazioni","10":"tag-software-per-votazioni","11":"tag-soluzione-per-votazioni","12":"tag-sondaggi","13":"tag-votazioni"},"wppr_data":{"cwp_meta_box_check":"No"},"acf":[],"yoast_head":"<!-- This site is optimized with the Yoast SEO plugin v27.4 - https:\/\/yoast.com\/product\/yoast-seo-wordpress\/ -->\n<title>Echo360: recensione software per votazioni - Accurate Reviews<\/title>\n<meta name=\"description\" content=\"Echo360: recensione software per sondaggi\u00a0che consente ai formatori di distribuire valutazioni post-evento.\" \/>\n<meta name=\"robots\" content=\"index, follow, max-snippet:-1, max-image-preview:large, max-video-preview:-1\" \/>\n<link rel=\"canonical\" href=\"https:\/\/www.accuratereviews.com\/it\/software-votazioni\/echo360-recensione\/\" \/>\n<meta property=\"og:locale\" content=\"it_IT\" \/>\n<meta property=\"og:type\" content=\"article\" \/>\n<meta property=\"og:title\" content=\"Echo360: recensione software per votazioni - Accurate Reviews\" \/>\n<meta property=\"og:description\" content=\"Echo360: recensione software per sondaggi\u00a0che consente ai formatori di distribuire valutazioni post-evento.\" \/>\n<meta property=\"og:url\" content=\"https:\/\/www.accuratereviews.com\/it\/software-votazioni\/echo360-recensione\/\" \/>\n<meta property=\"og:site_name\" content=\"Accurate Reviews\" \/>\n<meta property=\"og:image\" content=\"https:\/\/www.accuratereviews.com\/wp-content\/uploads\/2022\/09\/Echo360.jpeg\" \/>\n\t<meta property=\"og:image:width\" content=\"1700\" \/>\n\t<meta property=\"og:image:height\" content=\"1113\" \/>\n\t<meta property=\"og:image:type\" content=\"image\/jpeg\" \/>\n<meta name=\"twitter:card\" content=\"summary_large_image\" \/>\n<meta name=\"twitter:label1\" content=\"Tempo di lettura stimato\" \/>\n\t<meta name=\"twitter:data1\" content=\"4 minuti\" \/>\n<script type=\"application\/ld+json\" class=\"yoast-schema-graph\">{\"@context\":\"https:\\\/\\\/schema.org\",\"@graph\":[{\"@type\":\"WebPage\",\"@id\":\"https:\\\/\\\/www.accuratereviews.com\\\/it\\\/software-votazioni\\\/echo360-recensione\\\/\",\"url\":\"https:\\\/\\\/www.accuratereviews.com\\\/it\\\/software-votazioni\\\/echo360-recensione\\\/\",\"name\":\"Echo360: recensione software per votazioni - Accurate Reviews\",\"isPartOf\":{\"@id\":\"https:\\\/\\\/www.accuratereviews.com\\\/it\\\/#website\"},\"primaryImageOfPage\":{\"@id\":\"https:\\\/\\\/www.accuratereviews.com\\\/it\\\/software-votazioni\\\/echo360-recensione\\\/#primaryimage\"},\"image\":{\"@id\":\"https:\\\/\\\/www.accuratereviews.com\\\/it\\\/software-votazioni\\\/echo360-recensione\\\/#primaryimage\"},\"thumbnailUrl\":\"https:\\\/\\\/www.accuratereviews.com\\\/wp-content\\\/uploads\\\/2022\\\/09\\\/Echo360.jpeg\",\"datePublished\":\"2022-09-14T16:14:33+00:00\",\"description\":\"Echo360: recensione software per sondaggi\u00a0che consente ai formatori di distribuire valutazioni post-evento.\",\"breadcrumb\":{\"@id\":\"https:\\\/\\\/www.accuratereviews.com\\\/it\\\/software-votazioni\\\/echo360-recensione\\\/#breadcrumb\"},\"inLanguage\":\"it-IT\",\"potentialAction\":[{\"@type\":\"ReadAction\",\"target\":[\"https:\\\/\\\/www.accuratereviews.com\\\/it\\\/software-votazioni\\\/echo360-recensione\\\/\"]}]},{\"@type\":\"ImageObject\",\"inLanguage\":\"it-IT\",\"@id\":\"https:\\\/\\\/www.accuratereviews.com\\\/it\\\/software-votazioni\\\/echo360-recensione\\\/#primaryimage\",\"url\":\"https:\\\/\\\/www.accuratereviews.com\\\/wp-content\\\/uploads\\\/2022\\\/09\\\/Echo360.jpeg\",\"contentUrl\":\"https:\\\/\\\/www.accuratereviews.com\\\/wp-content\\\/uploads\\\/2022\\\/09\\\/Echo360.jpeg\",\"width\":1700,\"height\":1113},{\"@type\":\"BreadcrumbList\",\"@id\":\"https:\\\/\\\/www.accuratereviews.com\\\/it\\\/software-votazioni\\\/echo360-recensione\\\/#breadcrumb\",\"itemListElement\":[{\"@type\":\"ListItem\",\"position\":1,\"name\":\"Home\",\"item\":\"https:\\\/\\\/www.accuratereviews.com\\\/it\\\/\"},{\"@type\":\"ListItem\",\"position\":2,\"name\":\"Software per votazioni\",\"item\":\"https:\\\/\\\/www.accuratereviews.com\\\/it\\\/software-votazioni\\\/\"},{\"@type\":\"ListItem\",\"position\":3,\"name\":\"Echo360\"}]},{\"@type\":\"WebSite\",\"@id\":\"https:\\\/\\\/www.accuratereviews.com\\\/it\\\/#website\",\"url\":\"https:\\\/\\\/www.accuratereviews.com\\\/it\\\/\",\"name\":\"Accurate Reviews\",\"description\":\"\",\"potentialAction\":[{\"@type\":\"SearchAction\",\"target\":{\"@type\":\"EntryPoint\",\"urlTemplate\":\"https:\\\/\\\/www.accuratereviews.com\\\/it\\\/?s={search_term_string}\"},\"query-input\":{\"@type\":\"PropertyValueSpecification\",\"valueRequired\":true,\"valueName\":\"search_term_string\"}}],\"inLanguage\":\"it-IT\"}]}<\/script>\n<!-- \/ Yoast SEO plugin. -->","yoast_head_json":{"title":"Echo360: recensione software per votazioni - Accurate Reviews","description":"Echo360: recensione software per sondaggi\u00a0che consente ai formatori di distribuire valutazioni post-evento.","robots":{"index":"index","follow":"follow","max-snippet":"max-snippet:-1","max-image-preview":"max-image-preview:large","max-video-preview":"max-video-preview:-1"},"canonical":"https:\/\/www.accuratereviews.com\/it\/software-votazioni\/echo360-recensione\/","og_locale":"it_IT","og_type":"article","og_title":"Echo360: recensione software per votazioni - Accurate Reviews","og_description":"Echo360: recensione software per sondaggi\u00a0che consente ai formatori di distribuire valutazioni post-evento.","og_url":"https:\/\/www.accuratereviews.com\/it\/software-votazioni\/echo360-recensione\/","og_site_name":"Accurate Reviews","og_image":[{"width":1700,"height":1113,"url":"https:\/\/www.accuratereviews.com\/wp-content\/uploads\/2022\/09\/Echo360.jpeg","type":"image\/jpeg"}],"twitter_card":"summary_large_image","twitter_misc":{"Tempo di lettura stimato":"4 minuti"},"schema":{"@context":"https:\/\/schema.org","@graph":[{"@type":"WebPage","@id":"https:\/\/www.accuratereviews.com\/it\/software-votazioni\/echo360-recensione\/","url":"https:\/\/www.accuratereviews.com\/it\/software-votazioni\/echo360-recensione\/","name":"Echo360: recensione software per votazioni - Accurate Reviews","isPartOf":{"@id":"https:\/\/www.accuratereviews.com\/it\/#website"},"primaryImageOfPage":{"@id":"https:\/\/www.accuratereviews.com\/it\/software-votazioni\/echo360-recensione\/#primaryimage"},"image":{"@id":"https:\/\/www.accuratereviews.com\/it\/software-votazioni\/echo360-recensione\/#primaryimage"},"thumbnailUrl":"https:\/\/www.accuratereviews.com\/wp-content\/uploads\/2022\/09\/Echo360.jpeg","datePublished":"2022-09-14T16:14:33+00:00","description":"Echo360: recensione software per sondaggi\u00a0che consente ai formatori di distribuire valutazioni post-evento.","breadcrumb":{"@id":"https:\/\/www.accuratereviews.com\/it\/software-votazioni\/echo360-recensione\/#breadcrumb"},"inLanguage":"it-IT","potentialAction":[{"@type":"ReadAction","target":["https:\/\/www.accuratereviews.com\/it\/software-votazioni\/echo360-recensione\/"]}]},{"@type":"ImageObject","inLanguage":"it-IT","@id":"https:\/\/www.accuratereviews.com\/it\/software-votazioni\/echo360-recensione\/#primaryimage","url":"https:\/\/www.accuratereviews.com\/wp-content\/uploads\/2022\/09\/Echo360.jpeg","contentUrl":"https:\/\/www.accuratereviews.com\/wp-content\/uploads\/2022\/09\/Echo360.jpeg","width":1700,"height":1113},{"@type":"BreadcrumbList","@id":"https:\/\/www.accuratereviews.com\/it\/software-votazioni\/echo360-recensione\/#breadcrumb","itemListElement":[{"@type":"ListItem","position":1,"name":"Home","item":"https:\/\/www.accuratereviews.com\/it\/"},{"@type":"ListItem","position":2,"name":"Software per votazioni","item":"https:\/\/www.accuratereviews.com\/it\/software-votazioni\/"},{"@type":"ListItem","position":3,"name":"Echo360"}]},{"@type":"WebSite","@id":"https:\/\/www.accuratereviews.com\/it\/#website","url":"https:\/\/www.accuratereviews.com\/it\/","name":"Accurate Reviews","description":"","potentialAction":[{"@type":"SearchAction","target":{"@type":"EntryPoint","urlTemplate":"https:\/\/www.accuratereviews.com\/it\/?s={search_term_string}"},"query-input":{"@type":"PropertyValueSpecification","valueRequired":true,"valueName":"search_term_string"}}],"inLanguage":"it-IT"}]}},"_links":{"self":[{"href":"https:\/\/www.accuratereviews.com\/it\/wp-json\/wp\/v2\/pages\/61500","targetHints":{"allow":["GET"]}}],"collection":[{"href":"https:\/\/www.accuratereviews.com\/it\/wp-json\/wp\/v2\/pages"}],"about":[{"href":"https:\/\/www.accuratereviews.com\/it\/wp-json\/wp\/v2\/types\/page"}],"author":[{"embeddable":true,"href":"https:\/\/www.accuratereviews.com\/it\/wp-json\/wp\/v2\/users\/16"}],"replies":[{"embeddable":true,"href":"https:\/\/www.accuratereviews.com\/it\/wp-json\/wp\/v2\/comments?post=61500"}],"version-history":[{"count":8,"href":"https:\/\/www.accuratereviews.com\/it\/wp-json\/wp\/v2\/pages\/61500\/revisions"}],"predecessor-version":[{"id":61545,"href":"https:\/\/www.accuratereviews.com\/it\/wp-json\/wp\/v2\/pages\/61500\/revisions\/61545"}],"up":[{"embeddable":true,"href":"https:\/\/www.accuratereviews.com\/it\/wp-json\/wp\/v2\/pages\/61161"}],"wp:featuredmedia":[{"embeddable":true,"href":"https:\/\/www.accuratereviews.com\/it\/wp-json\/wp\/v2\/media\/61501"}],"wp:attachment":[{"href":"https:\/\/www.accuratereviews.com\/it\/wp-json\/wp\/v2\/media?parent=61500"}],"wp:term":[{"taxonomy":"category","embeddable":true,"href":"https:\/\/www.accuratereviews.com\/it\/wp-json\/wp\/v2\/categories?post=61500"},{"taxonomy":"post_tag","embeddable":true,"href":"https:\/\/www.accuratereviews.com\/it\/wp-json\/wp\/v2\/tags?post=61500"},{"taxonomy":"features","embeddable":true,"href":"https:\/\/www.accuratereviews.com\/it\/wp-json\/wp\/v2\/features?post=61500"}],"curies":[{"name":"wp","href":"https:\/\/api.w.org\/{rel}","templated":true}]}}