{"id":61507,"date":"2022-09-14T16:18:38","date_gmt":"2022-09-14T16:18:38","guid":{"rendered":"https:\/\/www.accuratereviews.com\/?page_id=61507"},"modified":"2022-09-14T16:18:38","modified_gmt":"2022-09-14T16:18:38","slug":"formassembly-recensione","status":"publish","type":"page","link":"https:\/\/www.accuratereviews.com\/it\/software-votazioni\/formassembly-recensione\/","title":{"rendered":"FormAssembly"},"content":{"rendered":"<p><strong>FormAssembly<\/strong> \u00e8 un modulo web potente e facile da usare per la <strong>raccolta dati<\/strong>. Aiuta le organizzazioni a sbarazzarsi di metodi di raccolta dati inefficienti, a semplificare e collegare i loro dati con integrazioni intelligenti e a ridurre la dipendenza dai servizi IT e di sviluppo. Chiunque pu\u00f2 utilizzare la piattaforma per creare moduli web per potenziare i processi aziendali critici, senza assumere uno sviluppatore. Inoltre i moduli web complessi sono facili da creare con funzionalit\u00e0 come calcoli e campi condizionali. Le aziende possono anche sfruttare le integrazioni con Salesforce, Salesforce Marketing Cloud, Pardot, PayPal e altro ancora.<\/p>\n<h2>FORMASSEMBLY &#8211; TUTORIAL<\/h2>\n<div id=\"fluid-wrapper-counter-1\" class=\"g1-fluid-wrapper \" style=\"width:686px;\">\n<div style=\"padding-bottom:56.268221574344%;\"><iframe loading=\"lazy\" title=\"3 Things You Didn&#039;t Know You Could Do With FormAssembly - Dreamforce Email Week  #FormAutomation\" width=\"686\" height=\"386\" src=\"https:\/\/www.youtube.com\/embed\/2btnlPAOGzE?feature=oembed&amp;wmode=transparent&amp;autohide=1&amp;autoplay=0&amp;disablekb=0&amp;fs=1&amp;loop=0&amp;enablejsapi=1&amp;rel=0&amp;controls=2&amp;showinfo=0&amp;wmode=transparent&amp;autohide=2&amp;autoplay=0&amp;disablekb=0&amp;fs=1&amp;loop=0&amp;enablejsapi=1&amp;rel=0&amp;controls=2&amp;showinfo=1\" frameborder=\"0\" allow=\"accelerometer; autoplay; clipboard-write; encrypted-media; gyroscope; picture-in-picture\" allowfullscreen><\/iframe><\/div>\n<\/div>\n<h3>FORMASSEMBLY &#8211; CARATTERISTICHE<\/h3>\n<ul>\n<li>Crea rapidamente moduli web personalizzati per qualsiasi caso d&#8217;uso e personalizzali facilmente per adattarli al tuo marchio.<\/li>\n<li>Collega i dati con potenti integrazioni a strumenti come Salesforce, PayPal, Fogli Google e altro ancora.<\/li>\n<li>Adatta i moduli ai tuoi processi con notifiche, autorisponditori, opzioni di reindirizzamento personalizzate, funzionalit\u00e0 di firma elettronica e altro ancora.<\/li>\n<li>Approfitta della crittografia a riposo e della certificazione PCI DSS di livello 1 su tutti i piani.<\/li>\n<li>Su Compliance Cloud, ricevi la conformit\u00e0 HIPAA e funzionalit\u00e0 aggiuntive per la protezione dei dati sensibili.<\/li>\n<\/ul>\n<h4>LE RECENSIONI DEGLI UTENTI<\/h4>\n<p class=\"fw-bold mb-2\"><strong>Teresa&#8221;Perfetto per eventi&#8221;<br \/>\n<\/strong><strong>Pro<\/strong>: Quando si acquisiscono informazioni di base, \u00e8 molto facile lavorarci. Sono disponibili molte opzioni diverse durante la creazione dei campi.<br \/>\n<strong>Contro<\/strong>:\u00a0Quando si tratta di funzionalit\u00e0 condizionali, la navigazione pu\u00f2 essere un po&#8217; complicata. Un piccolo errore pu\u00f2 causare la rottura dell&#8217;intero modulo.<\/p>\n<p class=\"fw-bold mb-2\"><strong>Aaron&#8221;Valuta prima le tue esigenze&#8221;<br \/>\n<\/strong><span class=\"fw-bold\"><strong>Commenti<\/strong>: <\/span>I dipendenti con cui ho interagito sono stati tutti gentili e simpatici. Il software \u00e8 ampiamente affidabile. Esorto solo un potenziale cliente a fare attenzione se il loro caso d&#8217;uso non \u00e8 tipico.<br \/>\n<strong>Pro<\/strong>: La connessione a Salesforce \u00e8 perfetta. Non abbiamo avuto alcun problema con l&#8217;importazione dei dati dagli invii o con l&#8217;estrazione di dati da Salesforce nei nostri moduli con il loro &#8220;pre-connettore&#8221;.<br \/>\n<strong>Contro<\/strong>:\u00a0Non lo consiglierei se prevedi di incorporare i moduli in un sito Drupal 8 utilizzando il modulo FormAssembly. FA non \u00e8 l&#8217;autore e non offre supporto per il modulo Drupal. FA inoltre non fornisce supporto per javascript personalizzato, il che \u00e8 un peccato se si desidera eseguire qualcosa di pi\u00f9 complesso della semplice logica del modulo.<\/p>\n<p class=\"fw-bold mb-2\"><strong>Nigel&#8221;Buon software per il collegamento con Salesforce&#8221;<br \/>\n<\/strong><strong>Pro<\/strong>: Collegamento con Salesforce e la possibilit\u00e0 di acquisire dati senza problemi.<br \/>\n<strong>Contro<\/strong>:\u00a0Costoso se desideri avere opzioni e sicurezza aziendali.<\/p>\n","protected":false},"excerpt":{"rendered":"<p>FormAssembly \u00e8 un modulo web potente e facile da usare per la raccolta dati. Aiuta le organizzazioni a sbarazzarsi di metodi di raccolta dati inefficienti, a semplificare e collegare i loro dati con integrazioni intelligenti e a ridurre la dipendenza dai servizi IT e di sviluppo. Chiunque pu\u00f2 utilizzare la piattaforma per creare moduli web per potenziare i processi aziendali critici, senza bisogno di assumere uno sviluppatore.<\/p>\n","protected":false},"author":16,"featured_media":61519,"parent":61161,"menu_order":0,"comment_status":"open","ping_status":"closed","template":"g1_template_page_review_new.php","meta":{"_acf_changed":false,"cwp_meta_box_check":"No","cwp_rev_product_name":"","cwp_rev_product_image":"","wppr_links":[],"cwp_rev_price":"","wppr_options":[],"wppr_pros":[],"wppr_cons":[],"_monsterinsights_skip_tracking":false,"_monsterinsights_sitenote_active":false,"_monsterinsights_sitenote_note":"","_monsterinsights_sitenote_category":0,"footnotes":""},"categories":[13279],"tags":[13364,13331,13282,13281,13291,13308,13290],"features":[],"class_list":{"0":"post-61507","1":"page","2":"type-page","3":"status-publish","4":"has-post-thumbnail","6":"category-software-votazioni-cat","7":"tag-formassembly","8":"tag-piattaforma-per-votazione","9":"tag-programma-per-votazioni","10":"tag-software-per-votazioni","11":"tag-soluzione-per-votazioni","12":"tag-sondaggi","13":"tag-votazioni"},"wppr_data":{"cwp_meta_box_check":"No"},"acf":[],"yoast_head":"<!-- This site is optimized with the Yoast SEO plugin v27.4 - https:\/\/yoast.com\/product\/yoast-seo-wordpress\/ -->\n<title>FormAssembly: recensione software per votazioni - Accurate Reviews<\/title>\n<meta name=\"description\" content=\"FormAssembly: recensione modulo web potente e facile da usare per la raccolta dati sicuro, facile da usare e affidabile.\" \/>\n<meta name=\"robots\" content=\"index, follow, max-snippet:-1, max-image-preview:large, max-video-preview:-1\" \/>\n<link rel=\"canonical\" href=\"https:\/\/www.accuratereviews.com\/it\/software-votazioni\/formassembly-recensione\/\" \/>\n<meta property=\"og:locale\" content=\"it_IT\" \/>\n<meta property=\"og:type\" content=\"article\" \/>\n<meta property=\"og:title\" content=\"FormAssembly: recensione software per votazioni - Accurate Reviews\" \/>\n<meta property=\"og:description\" content=\"FormAssembly: recensione modulo web potente e facile da usare per la raccolta dati sicuro, facile da usare e affidabile.\" \/>\n<meta property=\"og:url\" content=\"https:\/\/www.accuratereviews.com\/it\/software-votazioni\/formassembly-recensione\/\" \/>\n<meta property=\"og:site_name\" content=\"Accurate Reviews\" \/>\n<meta property=\"og:image\" content=\"https:\/\/www.accuratereviews.com\/wp-content\/uploads\/2022\/09\/Schermata-2022-09-14-alle-09.09.40.png\" \/>\n\t<meta property=\"og:image:width\" content=\"880\" \/>\n\t<meta property=\"og:image:height\" content=\"408\" \/>\n\t<meta property=\"og:image:type\" content=\"image\/png\" \/>\n<meta name=\"twitter:card\" content=\"summary_large_image\" \/>\n<meta name=\"twitter:label1\" content=\"Tempo di lettura stimato\" \/>\n\t<meta name=\"twitter:data1\" content=\"3 minuti\" \/>\n<script type=\"application\/ld+json\" class=\"yoast-schema-graph\">{\"@context\":\"https:\\\/\\\/schema.org\",\"@graph\":[{\"@type\":\"WebPage\",\"@id\":\"https:\\\/\\\/www.accuratereviews.com\\\/it\\\/software-votazioni\\\/formassembly-recensione\\\/\",\"url\":\"https:\\\/\\\/www.accuratereviews.com\\\/it\\\/software-votazioni\\\/formassembly-recensione\\\/\",\"name\":\"FormAssembly: recensione software per votazioni - Accurate Reviews\",\"isPartOf\":{\"@id\":\"https:\\\/\\\/www.accuratereviews.com\\\/it\\\/#website\"},\"primaryImageOfPage\":{\"@id\":\"https:\\\/\\\/www.accuratereviews.com\\\/it\\\/software-votazioni\\\/formassembly-recensione\\\/#primaryimage\"},\"image\":{\"@id\":\"https:\\\/\\\/www.accuratereviews.com\\\/it\\\/software-votazioni\\\/formassembly-recensione\\\/#primaryimage\"},\"thumbnailUrl\":\"https:\\\/\\\/www.accuratereviews.com\\\/wp-content\\\/uploads\\\/2022\\\/09\\\/Schermata-2022-09-14-alle-09.09.40.png\",\"datePublished\":\"2022-09-14T16:18:38+00:00\",\"description\":\"FormAssembly: recensione modulo web potente e facile da usare per la raccolta dati sicuro, facile da usare e affidabile.\",\"breadcrumb\":{\"@id\":\"https:\\\/\\\/www.accuratereviews.com\\\/it\\\/software-votazioni\\\/formassembly-recensione\\\/#breadcrumb\"},\"inLanguage\":\"it-IT\",\"potentialAction\":[{\"@type\":\"ReadAction\",\"target\":[\"https:\\\/\\\/www.accuratereviews.com\\\/it\\\/software-votazioni\\\/formassembly-recensione\\\/\"]}]},{\"@type\":\"ImageObject\",\"inLanguage\":\"it-IT\",\"@id\":\"https:\\\/\\\/www.accuratereviews.com\\\/it\\\/software-votazioni\\\/formassembly-recensione\\\/#primaryimage\",\"url\":\"https:\\\/\\\/www.accuratereviews.com\\\/wp-content\\\/uploads\\\/2022\\\/09\\\/Schermata-2022-09-14-alle-09.09.40.png\",\"contentUrl\":\"https:\\\/\\\/www.accuratereviews.com\\\/wp-content\\\/uploads\\\/2022\\\/09\\\/Schermata-2022-09-14-alle-09.09.40.png\",\"width\":880,\"height\":408},{\"@type\":\"BreadcrumbList\",\"@id\":\"https:\\\/\\\/www.accuratereviews.com\\\/it\\\/software-votazioni\\\/formassembly-recensione\\\/#breadcrumb\",\"itemListElement\":[{\"@type\":\"ListItem\",\"position\":1,\"name\":\"Home\",\"item\":\"https:\\\/\\\/www.accuratereviews.com\\\/it\\\/\"},{\"@type\":\"ListItem\",\"position\":2,\"name\":\"Software per votazioni\",\"item\":\"https:\\\/\\\/www.accuratereviews.com\\\/it\\\/software-votazioni\\\/\"},{\"@type\":\"ListItem\",\"position\":3,\"name\":\"FormAssembly\"}]},{\"@type\":\"WebSite\",\"@id\":\"https:\\\/\\\/www.accuratereviews.com\\\/it\\\/#website\",\"url\":\"https:\\\/\\\/www.accuratereviews.com\\\/it\\\/\",\"name\":\"Accurate Reviews\",\"description\":\"\",\"potentialAction\":[{\"@type\":\"SearchAction\",\"target\":{\"@type\":\"EntryPoint\",\"urlTemplate\":\"https:\\\/\\\/www.accuratereviews.com\\\/it\\\/?s={search_term_string}\"},\"query-input\":{\"@type\":\"PropertyValueSpecification\",\"valueRequired\":true,\"valueName\":\"search_term_string\"}}],\"inLanguage\":\"it-IT\"}]}<\/script>\n<!-- \/ Yoast SEO plugin. -->","yoast_head_json":{"title":"FormAssembly: recensione software per votazioni - Accurate Reviews","description":"FormAssembly: recensione modulo web potente e facile da usare per la raccolta dati sicuro, facile da usare e affidabile.","robots":{"index":"index","follow":"follow","max-snippet":"max-snippet:-1","max-image-preview":"max-image-preview:large","max-video-preview":"max-video-preview:-1"},"canonical":"https:\/\/www.accuratereviews.com\/it\/software-votazioni\/formassembly-recensione\/","og_locale":"it_IT","og_type":"article","og_title":"FormAssembly: recensione software per votazioni - Accurate Reviews","og_description":"FormAssembly: recensione modulo web potente e facile da usare per la raccolta dati sicuro, facile da usare e affidabile.","og_url":"https:\/\/www.accuratereviews.com\/it\/software-votazioni\/formassembly-recensione\/","og_site_name":"Accurate Reviews","og_image":[{"width":880,"height":408,"url":"https:\/\/www.accuratereviews.com\/wp-content\/uploads\/2022\/09\/Schermata-2022-09-14-alle-09.09.40.png","type":"image\/png"}],"twitter_card":"summary_large_image","twitter_misc":{"Tempo di lettura stimato":"3 minuti"},"schema":{"@context":"https:\/\/schema.org","@graph":[{"@type":"WebPage","@id":"https:\/\/www.accuratereviews.com\/it\/software-votazioni\/formassembly-recensione\/","url":"https:\/\/www.accuratereviews.com\/it\/software-votazioni\/formassembly-recensione\/","name":"FormAssembly: recensione software per votazioni - Accurate Reviews","isPartOf":{"@id":"https:\/\/www.accuratereviews.com\/it\/#website"},"primaryImageOfPage":{"@id":"https:\/\/www.accuratereviews.com\/it\/software-votazioni\/formassembly-recensione\/#primaryimage"},"image":{"@id":"https:\/\/www.accuratereviews.com\/it\/software-votazioni\/formassembly-recensione\/#primaryimage"},"thumbnailUrl":"https:\/\/www.accuratereviews.com\/wp-content\/uploads\/2022\/09\/Schermata-2022-09-14-alle-09.09.40.png","datePublished":"2022-09-14T16:18:38+00:00","description":"FormAssembly: recensione modulo web potente e facile da usare per la raccolta dati sicuro, facile da usare e affidabile.","breadcrumb":{"@id":"https:\/\/www.accuratereviews.com\/it\/software-votazioni\/formassembly-recensione\/#breadcrumb"},"inLanguage":"it-IT","potentialAction":[{"@type":"ReadAction","target":["https:\/\/www.accuratereviews.com\/it\/software-votazioni\/formassembly-recensione\/"]}]},{"@type":"ImageObject","inLanguage":"it-IT","@id":"https:\/\/www.accuratereviews.com\/it\/software-votazioni\/formassembly-recensione\/#primaryimage","url":"https:\/\/www.accuratereviews.com\/wp-content\/uploads\/2022\/09\/Schermata-2022-09-14-alle-09.09.40.png","contentUrl":"https:\/\/www.accuratereviews.com\/wp-content\/uploads\/2022\/09\/Schermata-2022-09-14-alle-09.09.40.png","width":880,"height":408},{"@type":"BreadcrumbList","@id":"https:\/\/www.accuratereviews.com\/it\/software-votazioni\/formassembly-recensione\/#breadcrumb","itemListElement":[{"@type":"ListItem","position":1,"name":"Home","item":"https:\/\/www.accuratereviews.com\/it\/"},{"@type":"ListItem","position":2,"name":"Software per votazioni","item":"https:\/\/www.accuratereviews.com\/it\/software-votazioni\/"},{"@type":"ListItem","position":3,"name":"FormAssembly"}]},{"@type":"WebSite","@id":"https:\/\/www.accuratereviews.com\/it\/#website","url":"https:\/\/www.accuratereviews.com\/it\/","name":"Accurate Reviews","description":"","potentialAction":[{"@type":"SearchAction","target":{"@type":"EntryPoint","urlTemplate":"https:\/\/www.accuratereviews.com\/it\/?s={search_term_string}"},"query-input":{"@type":"PropertyValueSpecification","valueRequired":true,"valueName":"search_term_string"}}],"inLanguage":"it-IT"}]}},"_links":{"self":[{"href":"https:\/\/www.accuratereviews.com\/it\/wp-json\/wp\/v2\/pages\/61507","targetHints":{"allow":["GET"]}}],"collection":[{"href":"https:\/\/www.accuratereviews.com\/it\/wp-json\/wp\/v2\/pages"}],"about":[{"href":"https:\/\/www.accuratereviews.com\/it\/wp-json\/wp\/v2\/types\/page"}],"author":[{"embeddable":true,"href":"https:\/\/www.accuratereviews.com\/it\/wp-json\/wp\/v2\/users\/16"}],"replies":[{"embeddable":true,"href":"https:\/\/www.accuratereviews.com\/it\/wp-json\/wp\/v2\/comments?post=61507"}],"version-history":[{"count":11,"href":"https:\/\/www.accuratereviews.com\/it\/wp-json\/wp\/v2\/pages\/61507\/revisions"}],"predecessor-version":[{"id":61547,"href":"https:\/\/www.accuratereviews.com\/it\/wp-json\/wp\/v2\/pages\/61507\/revisions\/61547"}],"up":[{"embeddable":true,"href":"https:\/\/www.accuratereviews.com\/it\/wp-json\/wp\/v2\/pages\/61161"}],"wp:featuredmedia":[{"embeddable":true,"href":"https:\/\/www.accuratereviews.com\/it\/wp-json\/wp\/v2\/media\/61519"}],"wp:attachment":[{"href":"https:\/\/www.accuratereviews.com\/it\/wp-json\/wp\/v2\/media?parent=61507"}],"wp:term":[{"taxonomy":"category","embeddable":true,"href":"https:\/\/www.accuratereviews.com\/it\/wp-json\/wp\/v2\/categories?post=61507"},{"taxonomy":"post_tag","embeddable":true,"href":"https:\/\/www.accuratereviews.com\/it\/wp-json\/wp\/v2\/tags?post=61507"},{"taxonomy":"features","embeddable":true,"href":"https:\/\/www.accuratereviews.com\/it\/wp-json\/wp\/v2\/features?post=61507"}],"curies":[{"name":"wp","href":"https:\/\/api.w.org\/{rel}","templated":true}]}}