{"id":6156,"date":"2015-08-04T13:45:29","date_gmt":"2015-08-04T13:45:29","guid":{"rendered":"http:\/\/www.accuratereviews.com\/it\/tinyletter\/"},"modified":"2016-12-06T10:00:46","modified_gmt":"2016-12-06T10:00:46","slug":"tinyletter","status":"publish","type":"page","link":"https:\/\/www.accuratereviews.com\/it\/newsletter-migliori-software-lista\/tinyletter\/","title":{"rendered":"TinyLetter"},"content":{"rendered":"<div id=\"attachment_1006\" style=\"width: 996px\" class=\"wp-caption alignnone\"><a href=\"http:\/\/www.accuratereviews.com\/wp-content\/uploads\/2015\/08\/TinyLetter_Help-articles.png\"><img loading=\"lazy\" decoding=\"async\" aria-describedby=\"caption-attachment-1006\" class=\"wp-image-1006 size-full\" src=\"http:\/\/www.accuratereviews.com\/wp-content\/uploads\/2015\/08\/TinyLetter_Help-articles.png\" alt=\"TinyLetter_Help articles\" width=\"986\" height=\"567\" srcset=\"https:\/\/www.accuratereviews.com\/wp-content\/uploads\/2015\/08\/TinyLetter_Help-articles.png 986w, https:\/\/www.accuratereviews.com\/wp-content\/uploads\/2015\/08\/TinyLetter_Help-articles-300x173.png 300w, https:\/\/www.accuratereviews.com\/wp-content\/uploads\/2015\/08\/TinyLetter_Help-articles-968x557.png 968w, https:\/\/www.accuratereviews.com\/wp-content\/uploads\/2015\/08\/TinyLetter_Help-articles-636x366.png 636w, https:\/\/www.accuratereviews.com\/wp-content\/uploads\/2015\/08\/TinyLetter_Help-articles-320x184.png 320w, https:\/\/www.accuratereviews.com\/wp-content\/uploads\/2015\/08\/TinyLetter_Help-articles-239x137.png 239w\" sizes=\"auto, (max-width: 986px) 100vw, 986px\" \/><\/a><p id=\"caption-attachment-1006\" class=\"wp-caption-text\">Questi sono alcuni degli articoli che trovate alla pagina di supporto di TinyLetter.<\/p><\/div>\n<p><strong>TinyLetter<\/strong> \u00e8 forse uno dei servizi di <strong>email marketing<\/strong> (o forse: \u00e8 uno dei servizi, di tutte le categorie) pi\u00f9 <strong>minimali<\/strong> che possiate incontrare, ma <strong>funziona bene, \u00e8 gratuito<\/strong>, e viene usato con soddisfazione da molti utenti. Sono i motivi per cui MailChimp ha acquisito il servizio nel 2011.<br \/>\nSe siete un marketer con una lista piuttosto piccola e all\u2019inizio della vostra attivit\u00e0, <strong>mantenere le cose il pi\u00f9 semplice possibile \u00e8 forse la migliore strategia di marketing possibile<\/strong>. TinyLetter vi viene incontro con un desing minimalista, forse troppo: non avrete statistiche di riferimento, non avrete la possibilit\u00e0 di programmare l\u2019invio, il supporto \u00e8 limitato a quello presente sul sito; in compenso <strong>potrete spedire le vostre newsletter a un massimo di 5mila contatti<\/strong>, che non \u00e8 poco. Se superate questo limite potrete migrare senza problemi a MailChimp (o farlo se avete necessit\u00e0 di statistiche pi\u00f9 approfondite). Vi rimandiamo alla <a href=\"https:\/\/www.accuratereviews.com\/best-email-marketing-services-reviews-list\/tinyletter\/\" title=\"recensione in inglese\">recensione in inglese<\/a> per informazioni pi\u00f9 approfondite.<\/p>\n<div id=\"attachment_1003\" style=\"width: 1130px\" class=\"wp-caption alignnone\"><a href=\"http:\/\/www.accuratereviews.com\/wp-content\/uploads\/2015\/08\/TinyLetter_dashboard.png\"><img loading=\"lazy\" decoding=\"async\" aria-describedby=\"caption-attachment-1003\" class=\"wp-image-1003 size-full\" src=\"http:\/\/www.accuratereviews.com\/wp-content\/uploads\/2015\/08\/TinyLetter_dashboard.png\" alt=\"TinyLetter_Create newsletter\" width=\"1120\" height=\"568\" srcset=\"https:\/\/www.accuratereviews.com\/wp-content\/uploads\/2015\/08\/TinyLetter_dashboard.png 1120w, https:\/\/www.accuratereviews.com\/wp-content\/uploads\/2015\/08\/TinyLetter_dashboard-300x152.png 300w, https:\/\/www.accuratereviews.com\/wp-content\/uploads\/2015\/08\/TinyLetter_dashboard-1024x519.png 1024w, https:\/\/www.accuratereviews.com\/wp-content\/uploads\/2015\/08\/TinyLetter_dashboard-968x491.png 968w, https:\/\/www.accuratereviews.com\/wp-content\/uploads\/2015\/08\/TinyLetter_dashboard-636x323.png 636w, https:\/\/www.accuratereviews.com\/wp-content\/uploads\/2015\/08\/TinyLetter_dashboard-320x162.png 320w, https:\/\/www.accuratereviews.com\/wp-content\/uploads\/2015\/08\/TinyLetter_dashboard-239x121.png 239w\" sizes=\"auto, (max-width: 1120px) 100vw, 1120px\" \/><\/a><p id=\"caption-attachment-1003\" class=\"wp-caption-text\">TinyLetter ha un editor email molto semplice e intuitivo.<\/p><\/div>\n","protected":false},"excerpt":{"rendered":"<p>TinyLetter \u00e8 forse uno dei servizi di email marketing (o forse: \u00e8 uno dei servizi, di tutte le categorie) pi\u00f9 minimali che possiate incontrare, ma funziona bene, \u00e8 gratuito, e viene usato con soddisfazione da molti utenti. Sono i motivi per cui MailChimp ha acquisito il servizio nel 2011.<\/p>\n","protected":false},"author":16,"featured_media":0,"parent":5555,"menu_order":48,"comment_status":"open","ping_status":"closed","template":"g1_template_page_review_new.php","meta":{"_acf_changed":false,"cwp_meta_box_check":"Yes","cwp_rev_product_name":"","cwp_rev_product_image":"http:\/\/www.accuratereviews.com\/wp-content\/uploads\/2015\/08\/TinyLetter_Wordmark.png","wppr_links":[],"cwp_rev_price":"","wppr_options":[],"wppr_pros":[],"wppr_cons":[],"_monsterinsights_skip_tracking":false,"_monsterinsights_sitenote_active":false,"_monsterinsights_sitenote_note":"","_monsterinsights_sitenote_category":0,"footnotes":""},"categories":[106,108],"tags":[],"features":[],"class_list":{"0":"post-6156","1":"page","2":"type-page","3":"status-publish","5":"category-email-marketing-it","6":"category-newsletter"},"wppr_data":{"cwp_meta_box_check":"Yes","cwp_rev_product_name":"","cwp_rev_product_image":"http:\/\/www.accuratereviews.com\/wp-content\/uploads\/2015\/08\/TinyLetter_Wordmark.png","cwp_image_link":"image","cwp_rev_price":"","wppr_rating":"0.00"},"acf":[],"yoast_head":"<!-- This site is optimized with the Yoast SEO plugin v27.4 - https:\/\/yoast.com\/product\/yoast-seo-wordpress\/ -->\n<title>TinyLetter recensione software per newsletter | Accurate Reviews<\/title>\n<meta name=\"description\" content=\"TinyLetter \u00e8 forse uno dei servizi di email marketing pi\u00f9 minimali che possiate incontrare, ma funziona bene ed \u00e8 gratuito.\" \/>\n<meta name=\"robots\" content=\"index, follow, max-snippet:-1, max-image-preview:large, max-video-preview:-1\" \/>\n<link rel=\"canonical\" href=\"https:\/\/www.accuratereviews.com\/it\/newsletter-migliori-software-lista\/tinyletter\/\" \/>\n<meta property=\"og:locale\" content=\"it_IT\" \/>\n<meta property=\"og:type\" content=\"article\" \/>\n<meta property=\"og:title\" content=\"TinyLetter recensione software per newsletter | Accurate Reviews\" \/>\n<meta property=\"og:description\" content=\"TinyLetter \u00e8 forse uno dei servizi di email marketing pi\u00f9 minimali che possiate incontrare, ma funziona bene ed \u00e8 gratuito.\" \/>\n<meta property=\"og:url\" content=\"https:\/\/www.accuratereviews.com\/it\/newsletter-migliori-software-lista\/tinyletter\/\" \/>\n<meta property=\"og:site_name\" content=\"Accurate Reviews\" \/>\n<meta property=\"article:modified_time\" content=\"2016-12-06T10:00:46+00:00\" \/>\n<meta property=\"og:image\" content=\"http:\/\/www.accuratereviews.com\/wp-content\/uploads\/2015\/08\/TinyLetter_Help-articles.png\" \/>\n<meta name=\"twitter:card\" content=\"summary_large_image\" \/>\n<meta name=\"twitter:label1\" content=\"Tempo di lettura stimato\" \/>\n\t<meta name=\"twitter:data1\" content=\"1 minuto\" \/>\n<script type=\"application\/ld+json\" class=\"yoast-schema-graph\">{\"@context\":\"https:\\\/\\\/schema.org\",\"@graph\":[{\"@type\":\"WebPage\",\"@id\":\"https:\\\/\\\/www.accuratereviews.com\\\/it\\\/newsletter-migliori-software-lista\\\/tinyletter\\\/\",\"url\":\"https:\\\/\\\/www.accuratereviews.com\\\/it\\\/newsletter-migliori-software-lista\\\/tinyletter\\\/\",\"name\":\"TinyLetter recensione software per newsletter | Accurate Reviews\",\"isPartOf\":{\"@id\":\"https:\\\/\\\/www.accuratereviews.com\\\/it\\\/#website\"},\"primaryImageOfPage\":{\"@id\":\"https:\\\/\\\/www.accuratereviews.com\\\/it\\\/newsletter-migliori-software-lista\\\/tinyletter\\\/#primaryimage\"},\"image\":{\"@id\":\"https:\\\/\\\/www.accuratereviews.com\\\/it\\\/newsletter-migliori-software-lista\\\/tinyletter\\\/#primaryimage\"},\"thumbnailUrl\":\"http:\\\/\\\/www.accuratereviews.com\\\/wp-content\\\/uploads\\\/2015\\\/08\\\/TinyLetter_Help-articles.png\",\"datePublished\":\"2015-08-04T13:45:29+00:00\",\"dateModified\":\"2016-12-06T10:00:46+00:00\",\"description\":\"TinyLetter \u00e8 forse uno dei servizi di email marketing pi\u00f9 minimali che possiate incontrare, ma funziona bene ed \u00e8 gratuito.\",\"breadcrumb\":{\"@id\":\"https:\\\/\\\/www.accuratereviews.com\\\/it\\\/newsletter-migliori-software-lista\\\/tinyletter\\\/#breadcrumb\"},\"inLanguage\":\"it-IT\",\"potentialAction\":[{\"@type\":\"ReadAction\",\"target\":[\"https:\\\/\\\/www.accuratereviews.com\\\/it\\\/newsletter-migliori-software-lista\\\/tinyletter\\\/\"]}]},{\"@type\":\"ImageObject\",\"inLanguage\":\"it-IT\",\"@id\":\"https:\\\/\\\/www.accuratereviews.com\\\/it\\\/newsletter-migliori-software-lista\\\/tinyletter\\\/#primaryimage\",\"url\":\"http:\\\/\\\/www.accuratereviews.com\\\/wp-content\\\/uploads\\\/2015\\\/08\\\/TinyLetter_Help-articles.png\",\"contentUrl\":\"http:\\\/\\\/www.accuratereviews.com\\\/wp-content\\\/uploads\\\/2015\\\/08\\\/TinyLetter_Help-articles.png\"},{\"@type\":\"BreadcrumbList\",\"@id\":\"https:\\\/\\\/www.accuratereviews.com\\\/it\\\/newsletter-migliori-software-lista\\\/tinyletter\\\/#breadcrumb\",\"itemListElement\":[{\"@type\":\"ListItem\",\"position\":1,\"name\":\"Home\",\"item\":\"https:\\\/\\\/www.accuratereviews.com\\\/it\\\/\"},{\"@type\":\"ListItem\",\"position\":2,\"name\":\"Newsletter: i migliori software\",\"item\":\"https:\\\/\\\/www.accuratereviews.com\\\/it\\\/newsletter-migliori-software-lista\\\/\"},{\"@type\":\"ListItem\",\"position\":3,\"name\":\"TinyLetter\"}]},{\"@type\":\"WebSite\",\"@id\":\"https:\\\/\\\/www.accuratereviews.com\\\/it\\\/#website\",\"url\":\"https:\\\/\\\/www.accuratereviews.com\\\/it\\\/\",\"name\":\"Accurate Reviews\",\"description\":\"\",\"potentialAction\":[{\"@type\":\"SearchAction\",\"target\":{\"@type\":\"EntryPoint\",\"urlTemplate\":\"https:\\\/\\\/www.accuratereviews.com\\\/it\\\/?s={search_term_string}\"},\"query-input\":{\"@type\":\"PropertyValueSpecification\",\"valueRequired\":true,\"valueName\":\"search_term_string\"}}],\"inLanguage\":\"it-IT\"}]}<\/script>\n<!-- \/ Yoast SEO plugin. -->","yoast_head_json":{"title":"TinyLetter recensione software per newsletter | Accurate Reviews","description":"TinyLetter \u00e8 forse uno dei servizi di email marketing pi\u00f9 minimali che possiate incontrare, ma funziona bene ed \u00e8 gratuito.","robots":{"index":"index","follow":"follow","max-snippet":"max-snippet:-1","max-image-preview":"max-image-preview:large","max-video-preview":"max-video-preview:-1"},"canonical":"https:\/\/www.accuratereviews.com\/it\/newsletter-migliori-software-lista\/tinyletter\/","og_locale":"it_IT","og_type":"article","og_title":"TinyLetter recensione software per newsletter | Accurate Reviews","og_description":"TinyLetter \u00e8 forse uno dei servizi di email marketing pi\u00f9 minimali che possiate incontrare, ma funziona bene ed \u00e8 gratuito.","og_url":"https:\/\/www.accuratereviews.com\/it\/newsletter-migliori-software-lista\/tinyletter\/","og_site_name":"Accurate Reviews","article_modified_time":"2016-12-06T10:00:46+00:00","og_image":[{"url":"http:\/\/www.accuratereviews.com\/wp-content\/uploads\/2015\/08\/TinyLetter_Help-articles.png","type":"","width":"","height":""}],"twitter_card":"summary_large_image","twitter_misc":{"Tempo di lettura stimato":"1 minuto"},"schema":{"@context":"https:\/\/schema.org","@graph":[{"@type":"WebPage","@id":"https:\/\/www.accuratereviews.com\/it\/newsletter-migliori-software-lista\/tinyletter\/","url":"https:\/\/www.accuratereviews.com\/it\/newsletter-migliori-software-lista\/tinyletter\/","name":"TinyLetter recensione software per newsletter | Accurate Reviews","isPartOf":{"@id":"https:\/\/www.accuratereviews.com\/it\/#website"},"primaryImageOfPage":{"@id":"https:\/\/www.accuratereviews.com\/it\/newsletter-migliori-software-lista\/tinyletter\/#primaryimage"},"image":{"@id":"https:\/\/www.accuratereviews.com\/it\/newsletter-migliori-software-lista\/tinyletter\/#primaryimage"},"thumbnailUrl":"http:\/\/www.accuratereviews.com\/wp-content\/uploads\/2015\/08\/TinyLetter_Help-articles.png","datePublished":"2015-08-04T13:45:29+00:00","dateModified":"2016-12-06T10:00:46+00:00","description":"TinyLetter \u00e8 forse uno dei servizi di email marketing pi\u00f9 minimali che possiate incontrare, ma funziona bene ed \u00e8 gratuito.","breadcrumb":{"@id":"https:\/\/www.accuratereviews.com\/it\/newsletter-migliori-software-lista\/tinyletter\/#breadcrumb"},"inLanguage":"it-IT","potentialAction":[{"@type":"ReadAction","target":["https:\/\/www.accuratereviews.com\/it\/newsletter-migliori-software-lista\/tinyletter\/"]}]},{"@type":"ImageObject","inLanguage":"it-IT","@id":"https:\/\/www.accuratereviews.com\/it\/newsletter-migliori-software-lista\/tinyletter\/#primaryimage","url":"http:\/\/www.accuratereviews.com\/wp-content\/uploads\/2015\/08\/TinyLetter_Help-articles.png","contentUrl":"http:\/\/www.accuratereviews.com\/wp-content\/uploads\/2015\/08\/TinyLetter_Help-articles.png"},{"@type":"BreadcrumbList","@id":"https:\/\/www.accuratereviews.com\/it\/newsletter-migliori-software-lista\/tinyletter\/#breadcrumb","itemListElement":[{"@type":"ListItem","position":1,"name":"Home","item":"https:\/\/www.accuratereviews.com\/it\/"},{"@type":"ListItem","position":2,"name":"Newsletter: i migliori software","item":"https:\/\/www.accuratereviews.com\/it\/newsletter-migliori-software-lista\/"},{"@type":"ListItem","position":3,"name":"TinyLetter"}]},{"@type":"WebSite","@id":"https:\/\/www.accuratereviews.com\/it\/#website","url":"https:\/\/www.accuratereviews.com\/it\/","name":"Accurate Reviews","description":"","potentialAction":[{"@type":"SearchAction","target":{"@type":"EntryPoint","urlTemplate":"https:\/\/www.accuratereviews.com\/it\/?s={search_term_string}"},"query-input":{"@type":"PropertyValueSpecification","valueRequired":true,"valueName":"search_term_string"}}],"inLanguage":"it-IT"}]}},"_links":{"self":[{"href":"https:\/\/www.accuratereviews.com\/it\/wp-json\/wp\/v2\/pages\/6156","targetHints":{"allow":["GET"]}}],"collection":[{"href":"https:\/\/www.accuratereviews.com\/it\/wp-json\/wp\/v2\/pages"}],"about":[{"href":"https:\/\/www.accuratereviews.com\/it\/wp-json\/wp\/v2\/types\/page"}],"author":[{"embeddable":true,"href":"https:\/\/www.accuratereviews.com\/it\/wp-json\/wp\/v2\/users\/16"}],"replies":[{"embeddable":true,"href":"https:\/\/www.accuratereviews.com\/it\/wp-json\/wp\/v2\/comments?post=6156"}],"version-history":[{"count":6,"href":"https:\/\/www.accuratereviews.com\/it\/wp-json\/wp\/v2\/pages\/6156\/revisions"}],"predecessor-version":[{"id":6389,"href":"https:\/\/www.accuratereviews.com\/it\/wp-json\/wp\/v2\/pages\/6156\/revisions\/6389"}],"up":[{"embeddable":true,"href":"https:\/\/www.accuratereviews.com\/it\/wp-json\/wp\/v2\/pages\/5555"}],"wp:attachment":[{"href":"https:\/\/www.accuratereviews.com\/it\/wp-json\/wp\/v2\/media?parent=6156"}],"wp:term":[{"taxonomy":"category","embeddable":true,"href":"https:\/\/www.accuratereviews.com\/it\/wp-json\/wp\/v2\/categories?post=6156"},{"taxonomy":"post_tag","embeddable":true,"href":"https:\/\/www.accuratereviews.com\/it\/wp-json\/wp\/v2\/tags?post=6156"},{"taxonomy":"features","embeddable":true,"href":"https:\/\/www.accuratereviews.com\/it\/wp-json\/wp\/v2\/features?post=6156"}],"curies":[{"name":"wp","href":"https:\/\/api.w.org\/{rel}","templated":true}]}}