{"id":61568,"date":"2022-11-25T07:36:56","date_gmt":"2022-11-25T07:36:56","guid":{"rendered":"https:\/\/www.accuratereviews.com\/?page_id=61568"},"modified":"2022-11-25T07:36:56","modified_gmt":"2022-11-25T07:36:56","slug":"iclicker-recensione","status":"publish","type":"page","link":"https:\/\/www.accuratereviews.com\/it\/software-votazioni\/iclicker-recensione\/","title":{"rendered":"iClicker"},"content":{"rendered":"<p><strong>iClicker<\/strong> \u00e8 una <strong>piattaforma di coinvolgimento<\/strong> per gli studenti, progettata per aiutare le istituzioni educative a condurre lezioni online, ricevere feedback, tenere traccia delle presenze e utilizzare <strong>sondaggi, quiz o compiti<\/strong> per interagire con gli studenti.\u00a0Gli studenti possono utilizzare flashcard e test pratici per rivedere il contenuto del corso e migliorare la loro comprensione.<br \/>\nIl programma consente agli istruttori di programmare la frequenza, gestire gli elenchi delle classi, condividere le domande del quiz con gli studenti, visualizzare i risultati, contrassegnare le risposte corrette e fornire commenti e feedback aggiuntivi per gli studenti. Gli alunni possono selezionare specifiche domande del sondaggio e aggiungerle ai propri strumenti di studio in base alle esigenze.<\/p>\n<h2>ICLICKER &#8211; TUTORIAL<\/h2>\n<div id=\"fluid-wrapper-counter-1\" class=\"g1-fluid-wrapper \" style=\"width:686px;\">\n<div style=\"padding-bottom:56.268221574344%;\"><iframe loading=\"lazy\" title=\"How iClicker Works\" width=\"515\" height=\"386\" src=\"https:\/\/www.youtube.com\/embed\/ocHZYA8N9_w?feature=oembed&amp;wmode=transparent&amp;autohide=1&amp;autoplay=0&amp;disablekb=0&amp;fs=1&amp;loop=0&amp;enablejsapi=1&amp;rel=0&amp;controls=2&amp;showinfo=0&amp;wmode=transparent&amp;autohide=2&amp;autoplay=0&amp;disablekb=0&amp;fs=1&amp;loop=0&amp;enablejsapi=1&amp;rel=0&amp;controls=2&amp;showinfo=1\" frameborder=\"0\" allow=\"accelerometer; autoplay; clipboard-write; encrypted-media; gyroscope; picture-in-picture\" allowfullscreen><\/iframe><\/div>\n<\/div>\n<h3>ICLICKER &#8211; CARATTERISTICHE<\/h3>\n<ul>\n<li><strong>Scelta multipla<\/strong>: il classico formato di votazione a selezione singola con la massima flessibilit\u00e0 per eseguire domande a scelta multipla, vero\/falso, s\u00ec\/no o domande del sondaggio rapido<\/li>\n<li><strong>Risposta multipla<\/strong>: i\u00a0sondaggi a risposta multipla incoraggiano gli studenti a valutare la correttezza di ogni possibile risposta invece di cercare semplicemente una risposta &#8220;migliore&#8221;.<\/li>\n<li><strong>Obbiettivo:<\/strong> ideale per corsi e concetti in cui la comprensione visiva \u00e8 fondamentale, gli studenti rispondono a domande basate su immagini facendo clic o toccando la posizione corretta.<\/li>\n<li><strong>Risposta breve<\/strong>: poni domande a risposta aperta per illuminare la comprensione degli studenti. Visualizza le tendenze nelle risposte degli studenti con una quantit\u00e0 di parole personalizzata.<\/li>\n<li><strong>Numerico<\/strong>: particolarmente ideale per i corsi di matematica, gli studenti possono rispondere con valori numerici aperti fino a otto cifre e possono includere notazioni ed esponenti scientifici.<\/li>\n<li><strong>Modalit\u00e0 anonima<\/strong>:\u00a0fai domande delicate a cui gli studenti potrebbero non sentirsi a proprio agio nel rispondere se la loro risposta pu\u00f2 essere ricondotta alla loro identit\u00e0.<\/li>\n<\/ul>\n<h4>LE RECENSIONI DEGLI UTENTI<\/h4>\n<p class=\"fw-bold mb-2\"><strong>Cassandra&#8221;Semplice da usare e veloce per raccogliere dati&#8221;<br \/>\n<\/strong><strong>Pro<\/strong>:\u00a0\u00c8 molto semplice e veloce da configurare. Tutto ci\u00f2 che serve \u00e8 un codice camera per partecipare. I controlli con il telecomando sono molto semplici<br \/>\n<strong>Contro<\/strong>:\u00a0I dispositivi vecchi non funzionano con il programma gli student. Anche il software tendeva a bloccarsi<\/p>\n<p class=\"fw-bold mb-2\"><strong>Kyle&#8221;Funziona come previsto&#8221;<br \/>\n<\/strong><span class=\"fw-bold\"><strong>Commenti<\/strong>: <\/span>Nel complesso ha funzionato bene ed \u00e8 stato divertente da usare a scuola.<br \/>\n<strong>Pro<\/strong>:\u00a0Ho usato Iclicker tutto il tempo al college. Ha funzionato come doveva. Un modo divertente per coinvolgere la classe.<br \/>\n<strong>Contro<\/strong>: a volte aveva problemi a fare clic. E anche la registrazione era un po&#8217; difficile all&#8217;inizio.<\/p>\n<p class=\"fw-bold mb-2\"><strong>Tyler&#8221;Perfetto per grandi seminari&#8221;<br \/>\n<\/strong><strong>Pro<\/strong>:\u00a0Mi piace quanto sia facile ricevere feedback immediati per seminari di grandi dimensioni.<br \/>\n<strong>Contro<\/strong>:\u00a0Si sono verificati problemi con la connettivit\u00e0.<\/p>\n","protected":false},"excerpt":{"rendered":"<p>iClicker \u00e8 una piattaforma di coinvolgimento per gli studenti, progettata per aiutare le istituzioni educative a condurre lezioni online, ricevere feedback, tenere traccia delle presenze e utilizzare sondaggi, quiz o compiti per interagire con gli studenti.\u00a0Gli studenti possono utilizzare flashcard e test pratici per rivedere il contenuto del corso e migliorare la loro comprensione.<\/p>\n","protected":false},"author":16,"featured_media":61574,"parent":61161,"menu_order":0,"comment_status":"open","ping_status":"closed","template":"g1_template_page_review_new.php","meta":{"_acf_changed":false,"cwp_meta_box_check":"No","cwp_rev_product_name":"","cwp_rev_product_image":"","wppr_links":[],"cwp_rev_price":"","wppr_options":[],"wppr_pros":[],"wppr_cons":[],"_monsterinsights_skip_tracking":false,"_monsterinsights_sitenote_active":false,"_monsterinsights_sitenote_note":"","_monsterinsights_sitenote_category":0,"footnotes":""},"categories":[13279],"tags":[13372,13371,13286,13282,13292,13281,13291,13308,13290],"features":[],"class_list":{"0":"post-61568","1":"page","2":"type-page","3":"status-publish","4":"has-post-thumbnail","6":"category-software-votazioni-cat","7":"tag-coinvolgimento","8":"tag-iclicker","9":"tag-piattaforma-per-votazioni","10":"tag-programma-per-votazioni","11":"tag-software-per-sondaggi","12":"tag-software-per-votazioni","13":"tag-soluzione-per-votazioni","14":"tag-sondaggi","15":"tag-votazioni"},"wppr_data":{"cwp_meta_box_check":"No"},"acf":[],"yoast_head":"<!-- This site is optimized with the Yoast SEO plugin v27.4 - https:\/\/yoast.com\/product\/yoast-seo-wordpress\/ -->\n<title>iClicker: recensione software per votazioni - Accurate Reviews<\/title>\n<meta name=\"description\" content=\"iClicker: recensione della piattaforma coinvolgimento per gli studenti, progettata per condurre lezioni online e sondaggi.\" \/>\n<meta name=\"robots\" content=\"index, follow, max-snippet:-1, max-image-preview:large, max-video-preview:-1\" \/>\n<link rel=\"canonical\" href=\"https:\/\/www.accuratereviews.com\/it\/software-votazioni\/iclicker-recensione\/\" \/>\n<meta property=\"og:locale\" content=\"it_IT\" \/>\n<meta property=\"og:type\" content=\"article\" \/>\n<meta property=\"og:title\" content=\"iClicker: recensione software per votazioni - Accurate Reviews\" \/>\n<meta property=\"og:description\" content=\"iClicker: recensione della piattaforma coinvolgimento per gli studenti, progettata per condurre lezioni online e sondaggi.\" \/>\n<meta property=\"og:url\" content=\"https:\/\/www.accuratereviews.com\/it\/software-votazioni\/iclicker-recensione\/\" \/>\n<meta property=\"og:site_name\" content=\"Accurate Reviews\" \/>\n<meta property=\"og:image\" content=\"https:\/\/www.accuratereviews.com\/wp-content\/uploads\/2022\/09\/iclicker.png\" \/>\n\t<meta property=\"og:image:width\" content=\"800\" \/>\n\t<meta property=\"og:image:height\" content=\"800\" \/>\n\t<meta property=\"og:image:type\" content=\"image\/png\" \/>\n<meta name=\"twitter:card\" content=\"summary_large_image\" \/>\n<meta name=\"twitter:label1\" content=\"Tempo di lettura stimato\" \/>\n\t<meta name=\"twitter:data1\" content=\"3 minuti\" \/>\n<script type=\"application\/ld+json\" class=\"yoast-schema-graph\">{\"@context\":\"https:\\\/\\\/schema.org\",\"@graph\":[{\"@type\":\"WebPage\",\"@id\":\"https:\\\/\\\/www.accuratereviews.com\\\/it\\\/software-votazioni\\\/iclicker-recensione\\\/\",\"url\":\"https:\\\/\\\/www.accuratereviews.com\\\/it\\\/software-votazioni\\\/iclicker-recensione\\\/\",\"name\":\"iClicker: recensione software per votazioni - Accurate Reviews\",\"isPartOf\":{\"@id\":\"https:\\\/\\\/www.accuratereviews.com\\\/it\\\/#website\"},\"primaryImageOfPage\":{\"@id\":\"https:\\\/\\\/www.accuratereviews.com\\\/it\\\/software-votazioni\\\/iclicker-recensione\\\/#primaryimage\"},\"image\":{\"@id\":\"https:\\\/\\\/www.accuratereviews.com\\\/it\\\/software-votazioni\\\/iclicker-recensione\\\/#primaryimage\"},\"thumbnailUrl\":\"https:\\\/\\\/www.accuratereviews.com\\\/wp-content\\\/uploads\\\/2022\\\/09\\\/iclicker.png\",\"datePublished\":\"2022-11-25T07:36:56+00:00\",\"description\":\"iClicker: recensione della piattaforma coinvolgimento per gli studenti, progettata per condurre lezioni online e sondaggi.\",\"breadcrumb\":{\"@id\":\"https:\\\/\\\/www.accuratereviews.com\\\/it\\\/software-votazioni\\\/iclicker-recensione\\\/#breadcrumb\"},\"inLanguage\":\"it-IT\",\"potentialAction\":[{\"@type\":\"ReadAction\",\"target\":[\"https:\\\/\\\/www.accuratereviews.com\\\/it\\\/software-votazioni\\\/iclicker-recensione\\\/\"]}]},{\"@type\":\"ImageObject\",\"inLanguage\":\"it-IT\",\"@id\":\"https:\\\/\\\/www.accuratereviews.com\\\/it\\\/software-votazioni\\\/iclicker-recensione\\\/#primaryimage\",\"url\":\"https:\\\/\\\/www.accuratereviews.com\\\/wp-content\\\/uploads\\\/2022\\\/09\\\/iclicker.png\",\"contentUrl\":\"https:\\\/\\\/www.accuratereviews.com\\\/wp-content\\\/uploads\\\/2022\\\/09\\\/iclicker.png\",\"width\":800,\"height\":800},{\"@type\":\"BreadcrumbList\",\"@id\":\"https:\\\/\\\/www.accuratereviews.com\\\/it\\\/software-votazioni\\\/iclicker-recensione\\\/#breadcrumb\",\"itemListElement\":[{\"@type\":\"ListItem\",\"position\":1,\"name\":\"Home\",\"item\":\"https:\\\/\\\/www.accuratereviews.com\\\/it\\\/\"},{\"@type\":\"ListItem\",\"position\":2,\"name\":\"Software per votazioni\",\"item\":\"https:\\\/\\\/www.accuratereviews.com\\\/it\\\/software-votazioni\\\/\"},{\"@type\":\"ListItem\",\"position\":3,\"name\":\"iClicker\"}]},{\"@type\":\"WebSite\",\"@id\":\"https:\\\/\\\/www.accuratereviews.com\\\/it\\\/#website\",\"url\":\"https:\\\/\\\/www.accuratereviews.com\\\/it\\\/\",\"name\":\"Accurate Reviews\",\"description\":\"\",\"potentialAction\":[{\"@type\":\"SearchAction\",\"target\":{\"@type\":\"EntryPoint\",\"urlTemplate\":\"https:\\\/\\\/www.accuratereviews.com\\\/it\\\/?s={search_term_string}\"},\"query-input\":{\"@type\":\"PropertyValueSpecification\",\"valueRequired\":true,\"valueName\":\"search_term_string\"}}],\"inLanguage\":\"it-IT\"}]}<\/script>\n<!-- \/ Yoast SEO plugin. -->","yoast_head_json":{"title":"iClicker: recensione software per votazioni - Accurate Reviews","description":"iClicker: recensione della piattaforma coinvolgimento per gli studenti, progettata per condurre lezioni online e sondaggi.","robots":{"index":"index","follow":"follow","max-snippet":"max-snippet:-1","max-image-preview":"max-image-preview:large","max-video-preview":"max-video-preview:-1"},"canonical":"https:\/\/www.accuratereviews.com\/it\/software-votazioni\/iclicker-recensione\/","og_locale":"it_IT","og_type":"article","og_title":"iClicker: recensione software per votazioni - Accurate Reviews","og_description":"iClicker: recensione della piattaforma coinvolgimento per gli studenti, progettata per condurre lezioni online e sondaggi.","og_url":"https:\/\/www.accuratereviews.com\/it\/software-votazioni\/iclicker-recensione\/","og_site_name":"Accurate Reviews","og_image":[{"width":800,"height":800,"url":"https:\/\/www.accuratereviews.com\/wp-content\/uploads\/2022\/09\/iclicker.png","type":"image\/png"}],"twitter_card":"summary_large_image","twitter_misc":{"Tempo di lettura stimato":"3 minuti"},"schema":{"@context":"https:\/\/schema.org","@graph":[{"@type":"WebPage","@id":"https:\/\/www.accuratereviews.com\/it\/software-votazioni\/iclicker-recensione\/","url":"https:\/\/www.accuratereviews.com\/it\/software-votazioni\/iclicker-recensione\/","name":"iClicker: recensione software per votazioni - Accurate Reviews","isPartOf":{"@id":"https:\/\/www.accuratereviews.com\/it\/#website"},"primaryImageOfPage":{"@id":"https:\/\/www.accuratereviews.com\/it\/software-votazioni\/iclicker-recensione\/#primaryimage"},"image":{"@id":"https:\/\/www.accuratereviews.com\/it\/software-votazioni\/iclicker-recensione\/#primaryimage"},"thumbnailUrl":"https:\/\/www.accuratereviews.com\/wp-content\/uploads\/2022\/09\/iclicker.png","datePublished":"2022-11-25T07:36:56+00:00","description":"iClicker: recensione della piattaforma coinvolgimento per gli studenti, progettata per condurre lezioni online e sondaggi.","breadcrumb":{"@id":"https:\/\/www.accuratereviews.com\/it\/software-votazioni\/iclicker-recensione\/#breadcrumb"},"inLanguage":"it-IT","potentialAction":[{"@type":"ReadAction","target":["https:\/\/www.accuratereviews.com\/it\/software-votazioni\/iclicker-recensione\/"]}]},{"@type":"ImageObject","inLanguage":"it-IT","@id":"https:\/\/www.accuratereviews.com\/it\/software-votazioni\/iclicker-recensione\/#primaryimage","url":"https:\/\/www.accuratereviews.com\/wp-content\/uploads\/2022\/09\/iclicker.png","contentUrl":"https:\/\/www.accuratereviews.com\/wp-content\/uploads\/2022\/09\/iclicker.png","width":800,"height":800},{"@type":"BreadcrumbList","@id":"https:\/\/www.accuratereviews.com\/it\/software-votazioni\/iclicker-recensione\/#breadcrumb","itemListElement":[{"@type":"ListItem","position":1,"name":"Home","item":"https:\/\/www.accuratereviews.com\/it\/"},{"@type":"ListItem","position":2,"name":"Software per votazioni","item":"https:\/\/www.accuratereviews.com\/it\/software-votazioni\/"},{"@type":"ListItem","position":3,"name":"iClicker"}]},{"@type":"WebSite","@id":"https:\/\/www.accuratereviews.com\/it\/#website","url":"https:\/\/www.accuratereviews.com\/it\/","name":"Accurate Reviews","description":"","potentialAction":[{"@type":"SearchAction","target":{"@type":"EntryPoint","urlTemplate":"https:\/\/www.accuratereviews.com\/it\/?s={search_term_string}"},"query-input":{"@type":"PropertyValueSpecification","valueRequired":true,"valueName":"search_term_string"}}],"inLanguage":"it-IT"}]}},"_links":{"self":[{"href":"https:\/\/www.accuratereviews.com\/it\/wp-json\/wp\/v2\/pages\/61568","targetHints":{"allow":["GET"]}}],"collection":[{"href":"https:\/\/www.accuratereviews.com\/it\/wp-json\/wp\/v2\/pages"}],"about":[{"href":"https:\/\/www.accuratereviews.com\/it\/wp-json\/wp\/v2\/types\/page"}],"author":[{"embeddable":true,"href":"https:\/\/www.accuratereviews.com\/it\/wp-json\/wp\/v2\/users\/16"}],"replies":[{"embeddable":true,"href":"https:\/\/www.accuratereviews.com\/it\/wp-json\/wp\/v2\/comments?post=61568"}],"version-history":[{"count":7,"href":"https:\/\/www.accuratereviews.com\/it\/wp-json\/wp\/v2\/pages\/61568\/revisions"}],"predecessor-version":[{"id":64403,"href":"https:\/\/www.accuratereviews.com\/it\/wp-json\/wp\/v2\/pages\/61568\/revisions\/64403"}],"up":[{"embeddable":true,"href":"https:\/\/www.accuratereviews.com\/it\/wp-json\/wp\/v2\/pages\/61161"}],"wp:featuredmedia":[{"embeddable":true,"href":"https:\/\/www.accuratereviews.com\/it\/wp-json\/wp\/v2\/media\/61574"}],"wp:attachment":[{"href":"https:\/\/www.accuratereviews.com\/it\/wp-json\/wp\/v2\/media?parent=61568"}],"wp:term":[{"taxonomy":"category","embeddable":true,"href":"https:\/\/www.accuratereviews.com\/it\/wp-json\/wp\/v2\/categories?post=61568"},{"taxonomy":"post_tag","embeddable":true,"href":"https:\/\/www.accuratereviews.com\/it\/wp-json\/wp\/v2\/tags?post=61568"},{"taxonomy":"features","embeddable":true,"href":"https:\/\/www.accuratereviews.com\/it\/wp-json\/wp\/v2\/features?post=61568"}],"curies":[{"name":"wp","href":"https:\/\/api.w.org\/{rel}","templated":true}]}}