{"id":61593,"date":"2022-09-19T16:49:05","date_gmt":"2022-09-19T16:49:05","guid":{"rendered":"https:\/\/www.accuratereviews.com\/?page_id=61593"},"modified":"2022-11-25T09:29:56","modified_gmt":"2022-11-25T09:29:56","slug":"discuss-io-recensione","status":"publish","type":"page","link":"https:\/\/www.accuratereviews.com\/it\/software-votazioni\/discuss-io-recensione\/","title":{"rendered":"Discuss.io"},"content":{"rendered":"<p><strong>Discuss.io<\/strong> \u00e8 la<strong> principale piattaforma di videoconferenza<\/strong> progettata per aiutare le aziende a interagire con i clienti e raccogliere feedback dal vivo. Completa e archivia tutto dall&#8217;interno del browser, con uno strumento all-in-one. Gestisci i processi di ricerca di mercato, dal reclutamento globale (in oltre 100 paesi) e la pianificazione di sessioni di gruppo o individuali, fino alla conduzione di interviste con potenti funzionalit\u00e0, come chat, traduzione dal vivo, condivisione di stati d&#8217;animo e annotazione e contrassegno di momenti importanti.<br \/>\nTrasforma le tue interviste registrate in informazioni utili, in modo rapido ed efficiente, utilizzando potenti funzionalit\u00e0 come la trascrizione, la sincronizzazione con video, la creazione semplice di clip e la generazione di bobine di momenti salienti.<\/p>\n<h2>DISCUSS.IO &#8211; TUTORIAL<\/h2>\n<div id=\"fluid-wrapper-counter-1\" class=\"g1-fluid-wrapper \" style=\"width:686px;\">\n<div style=\"padding-bottom:56.268221574344%;\"><iframe loading=\"lazy\" title=\"Discuss.io Product Tour\" width=\"686\" height=\"386\" src=\"https:\/\/www.youtube.com\/embed\/8aXelGJV9BE?feature=oembed&amp;wmode=transparent&amp;autohide=1&amp;autoplay=0&amp;disablekb=0&amp;fs=1&amp;loop=0&amp;enablejsapi=1&amp;rel=0&amp;controls=2&amp;showinfo=0&amp;wmode=transparent&amp;autohide=2&amp;autoplay=0&amp;disablekb=0&amp;fs=1&amp;loop=0&amp;enablejsapi=1&amp;rel=0&amp;controls=2&amp;showinfo=1\" frameborder=\"0\" allow=\"accelerometer; autoplay; clipboard-write; encrypted-media; gyroscope; picture-in-picture\" allowfullscreen><\/iframe><\/div>\n<\/div>\n<h3>DISCUSS.IO &#8211; CARATTERISTICHE<\/h3>\n<ul>\n<li><strong>Cerca temi<\/strong>: genera automaticamente clip video da qualsiasi video caricato sulla piattaforma Discuss in base a tag di parole chiave preselezionati o nuovi.<\/li>\n<li><strong>Momenti salvati<\/strong>: un clic sul pulsante &#8220;Salva momenti&#8221; cattura 15 secondi prima e dopo quel momento come clip e memorizzato nelle registrazioni.<\/li>\n<li><strong>Nuvola di parole<\/strong>: utilizza i tag dei momenti salvati e i video clip &#8220;crea elementi visivi&#8221; per evidenziare le parole chiave pi\u00f9 importanti.<\/li>\n<li><strong>Analisi del sentimento<\/strong>: l&#8217;analisi del sentiment basata sull&#8217;intelligenza artificiale assegna un tag positivo, negativo, neutro o misto ai video clip del momento salvato.<\/li>\n<li><strong>Trascrizione automatica<\/strong>: utilizza il Natural Language Processing (NLP) &#8211; una forma di intelligenza artificiale &#8211; per eseguire la trascrizione automatica entro un&#8217;ora dalla fine dell&#8217;intervista.<\/li>\n<li><strong>Dai vita alle storie<\/strong>: cattura il colore e il contesto delle interazioni del mondo reale o delle esperienze digitali dei tuoi clienti.<\/li>\n<li><strong>Ricerca sul momento<\/strong>: trova i momenti e le esperienze che contano per entrare in contatto con il tuo pubblico nella loro vita quotidiana.<\/li>\n<li><strong>Agile<\/strong>: insight potenti, fruibili e condivisibili per aiutarti a prendere decisioni migliori, pi\u00f9 intelligenti e pi\u00f9 veloci.<\/li>\n<\/ul>\n<h4>LE RECENSIONI DEGLI UTENTI<\/h4>\n<p class=\"fw-bold mb-2\"><strong>Karen&#8221;Efficace&#8221;<br \/>\n<\/strong><span class=\"fw-bold\"><strong>Commenti<\/strong>: <\/span>Efficace, connessione anche con lingue diverse in un&#8217;unica piattaforma<br \/>\n<strong>Pro<\/strong>:\u00a0La cosa che mi piace di pi\u00f9 \u00e8 che siamo stati in grado di collegare diversi mercati geografici per partecipare alla sessione con la possibilit\u00e0 di ascoltare in due lingue diverse; quella locale e una versione in inglese (contemporaneamente) cos\u00ec che tutti gli altri potessero capire.<br \/>\n<strong>Contro<\/strong>:\u00a0Una delle sessioni ha avuto problemi di connessione all&#8217;inizio, ma c&#8217;\u00e8 stato un rapido ritorno dal team di supporto<\/p>\n<p class=\"fw-bold mb-2\"><strong>Charlotte&#8221;Grande funzionalit\u00e0&#8221;<br \/>\n<\/strong><span class=\"fw-bold\"><strong>Commenti<\/strong>: <\/span>Interviste di ricerca qualitativa e mini gruppi per aiutare a comprendere e risolvere le sfide di marketing.<br \/>\n<strong>Pro<\/strong>:\u00a0Piattaforma intuitiva e facile da usare, progettata con cura per aiutare i ricercatori qualitativi a ottenere il massimo da ogni sessione online.<br \/>\n<strong>Contro<\/strong>:\u00a0Il software \u00e8 ottimo, ma il lato del reclutamento delle cose potrebbe essere migliorato.<\/p>\n<p class=\"fw-bold mb-2\"><strong>Athalia Charein&#8221;Passare al digitale per raggiungere i consumatori&#8221;<br \/>\n<\/strong><span class=\"fw-bold\"><strong>Commenti<\/strong>: <\/span>Passare al digitale nel parlare con i consumatori \u00e8 stato un tale vantaggio soprattutto durante la pandemia.<br \/>\n<strong>Pro<\/strong>:\u00a0Puoi vedere l&#8217;intervistato e te stesso durante l&#8217;intervista. Facilit\u00e0 di presentazione delle immagini. Hai una guida sul lato e puoi chattare con gli osservatori.<br \/>\n<strong>Contro<\/strong>:\u00a0Nessun problema, davvero soddisfatto del software. L&#8217;unica preoccupazione \u00e8 la connessione a Internet.<\/p>\n","protected":false},"excerpt":{"rendered":"<p>Discuss.io \u00e8 la principale piattaforma di videoconferenza progettata per aiutare le aziende a interagire con i clienti e raccogliere feedback dal vivo. Completa e archivia tutto dall&#8217;interno del browser, con uno strumento all-in-one.<\/p>\n","protected":false},"author":16,"featured_media":61608,"parent":61161,"menu_order":0,"comment_status":"open","ping_status":"closed","template":"g1_template_page_review_new.php","meta":{"_acf_changed":false,"cwp_meta_box_check":"No","cwp_rev_product_name":"","cwp_rev_product_image":"","wppr_links":[],"cwp_rev_price":"","wppr_options":[],"wppr_pros":[],"wppr_cons":[],"_monsterinsights_skip_tracking":false,"_monsterinsights_sitenote_active":false,"_monsterinsights_sitenote_note":"","_monsterinsights_sitenote_category":0,"footnotes":""},"categories":[13279],"tags":[13375,13286,13282,13281,13291,13308,13290],"features":[],"class_list":{"0":"post-61593","1":"page","2":"type-page","3":"status-publish","4":"has-post-thumbnail","6":"category-software-votazioni-cat","7":"tag-discuss-io","8":"tag-piattaforma-per-votazioni","9":"tag-programma-per-votazioni","10":"tag-software-per-votazioni","11":"tag-soluzione-per-votazioni","12":"tag-sondaggi","13":"tag-votazioni"},"wppr_data":{"cwp_meta_box_check":"No"},"acf":[],"yoast_head":"<!-- This site is optimized with the Yoast SEO plugin v27.4 - https:\/\/yoast.com\/product\/yoast-seo-wordpress\/ -->\n<title>Discuss.io: recensione software per votazioni - Accurate Reviews<\/title>\n<meta name=\"description\" content=\"Discuss.io: recensione della piattaforma di videoconferenza progettata per aiutare le aziende a interagire con i clienti.\" \/>\n<meta name=\"robots\" content=\"index, follow, max-snippet:-1, max-image-preview:large, max-video-preview:-1\" \/>\n<link rel=\"canonical\" href=\"https:\/\/www.accuratereviews.com\/it\/software-votazioni\/discuss-io-recensione\/\" \/>\n<meta property=\"og:locale\" content=\"it_IT\" \/>\n<meta property=\"og:type\" content=\"article\" \/>\n<meta property=\"og:title\" content=\"Discuss.io: recensione software per votazioni - Accurate Reviews\" \/>\n<meta property=\"og:description\" content=\"Discuss.io: recensione della piattaforma di videoconferenza progettata per aiutare le aziende a interagire con i clienti.\" \/>\n<meta property=\"og:url\" content=\"https:\/\/www.accuratereviews.com\/it\/software-votazioni\/discuss-io-recensione\/\" \/>\n<meta property=\"og:site_name\" content=\"Accurate Reviews\" \/>\n<meta property=\"article:modified_time\" content=\"2022-11-25T09:29:56+00:00\" \/>\n<meta property=\"og:image\" content=\"https:\/\/www.accuratereviews.com\/wp-content\/uploads\/2022\/09\/Discuss.io_.png\" \/>\n\t<meta property=\"og:image:width\" content=\"300\" \/>\n\t<meta property=\"og:image:height\" content=\"300\" \/>\n\t<meta property=\"og:image:type\" content=\"image\/png\" \/>\n<meta name=\"twitter:card\" content=\"summary_large_image\" \/>\n<meta name=\"twitter:label1\" content=\"Tempo di lettura stimato\" \/>\n\t<meta name=\"twitter:data1\" content=\"3 minuti\" \/>\n<script type=\"application\/ld+json\" class=\"yoast-schema-graph\">{\"@context\":\"https:\\\/\\\/schema.org\",\"@graph\":[{\"@type\":\"WebPage\",\"@id\":\"https:\\\/\\\/www.accuratereviews.com\\\/it\\\/software-votazioni\\\/discuss-io-recensione\\\/\",\"url\":\"https:\\\/\\\/www.accuratereviews.com\\\/it\\\/software-votazioni\\\/discuss-io-recensione\\\/\",\"name\":\"Discuss.io: recensione software per votazioni - Accurate Reviews\",\"isPartOf\":{\"@id\":\"https:\\\/\\\/www.accuratereviews.com\\\/it\\\/#website\"},\"primaryImageOfPage\":{\"@id\":\"https:\\\/\\\/www.accuratereviews.com\\\/it\\\/software-votazioni\\\/discuss-io-recensione\\\/#primaryimage\"},\"image\":{\"@id\":\"https:\\\/\\\/www.accuratereviews.com\\\/it\\\/software-votazioni\\\/discuss-io-recensione\\\/#primaryimage\"},\"thumbnailUrl\":\"https:\\\/\\\/www.accuratereviews.com\\\/wp-content\\\/uploads\\\/2022\\\/09\\\/Discuss.io_.png\",\"datePublished\":\"2022-09-19T16:49:05+00:00\",\"dateModified\":\"2022-11-25T09:29:56+00:00\",\"description\":\"Discuss.io: recensione della piattaforma di videoconferenza progettata per aiutare le aziende a interagire con i clienti.\",\"breadcrumb\":{\"@id\":\"https:\\\/\\\/www.accuratereviews.com\\\/it\\\/software-votazioni\\\/discuss-io-recensione\\\/#breadcrumb\"},\"inLanguage\":\"it-IT\",\"potentialAction\":[{\"@type\":\"ReadAction\",\"target\":[\"https:\\\/\\\/www.accuratereviews.com\\\/it\\\/software-votazioni\\\/discuss-io-recensione\\\/\"]}]},{\"@type\":\"ImageObject\",\"inLanguage\":\"it-IT\",\"@id\":\"https:\\\/\\\/www.accuratereviews.com\\\/it\\\/software-votazioni\\\/discuss-io-recensione\\\/#primaryimage\",\"url\":\"https:\\\/\\\/www.accuratereviews.com\\\/wp-content\\\/uploads\\\/2022\\\/09\\\/Discuss.io_.png\",\"contentUrl\":\"https:\\\/\\\/www.accuratereviews.com\\\/wp-content\\\/uploads\\\/2022\\\/09\\\/Discuss.io_.png\",\"width\":300,\"height\":300},{\"@type\":\"BreadcrumbList\",\"@id\":\"https:\\\/\\\/www.accuratereviews.com\\\/it\\\/software-votazioni\\\/discuss-io-recensione\\\/#breadcrumb\",\"itemListElement\":[{\"@type\":\"ListItem\",\"position\":1,\"name\":\"Home\",\"item\":\"https:\\\/\\\/www.accuratereviews.com\\\/it\\\/\"},{\"@type\":\"ListItem\",\"position\":2,\"name\":\"Software per votazioni\",\"item\":\"https:\\\/\\\/www.accuratereviews.com\\\/it\\\/software-votazioni\\\/\"},{\"@type\":\"ListItem\",\"position\":3,\"name\":\"Discuss.io\"}]},{\"@type\":\"WebSite\",\"@id\":\"https:\\\/\\\/www.accuratereviews.com\\\/it\\\/#website\",\"url\":\"https:\\\/\\\/www.accuratereviews.com\\\/it\\\/\",\"name\":\"Accurate Reviews\",\"description\":\"\",\"potentialAction\":[{\"@type\":\"SearchAction\",\"target\":{\"@type\":\"EntryPoint\",\"urlTemplate\":\"https:\\\/\\\/www.accuratereviews.com\\\/it\\\/?s={search_term_string}\"},\"query-input\":{\"@type\":\"PropertyValueSpecification\",\"valueRequired\":true,\"valueName\":\"search_term_string\"}}],\"inLanguage\":\"it-IT\"}]}<\/script>\n<!-- \/ Yoast SEO plugin. -->","yoast_head_json":{"title":"Discuss.io: recensione software per votazioni - Accurate Reviews","description":"Discuss.io: recensione della piattaforma di videoconferenza progettata per aiutare le aziende a interagire con i clienti.","robots":{"index":"index","follow":"follow","max-snippet":"max-snippet:-1","max-image-preview":"max-image-preview:large","max-video-preview":"max-video-preview:-1"},"canonical":"https:\/\/www.accuratereviews.com\/it\/software-votazioni\/discuss-io-recensione\/","og_locale":"it_IT","og_type":"article","og_title":"Discuss.io: recensione software per votazioni - Accurate Reviews","og_description":"Discuss.io: recensione della piattaforma di videoconferenza progettata per aiutare le aziende a interagire con i clienti.","og_url":"https:\/\/www.accuratereviews.com\/it\/software-votazioni\/discuss-io-recensione\/","og_site_name":"Accurate Reviews","article_modified_time":"2022-11-25T09:29:56+00:00","og_image":[{"width":300,"height":300,"url":"https:\/\/www.accuratereviews.com\/wp-content\/uploads\/2022\/09\/Discuss.io_.png","type":"image\/png"}],"twitter_card":"summary_large_image","twitter_misc":{"Tempo di lettura stimato":"3 minuti"},"schema":{"@context":"https:\/\/schema.org","@graph":[{"@type":"WebPage","@id":"https:\/\/www.accuratereviews.com\/it\/software-votazioni\/discuss-io-recensione\/","url":"https:\/\/www.accuratereviews.com\/it\/software-votazioni\/discuss-io-recensione\/","name":"Discuss.io: recensione software per votazioni - Accurate Reviews","isPartOf":{"@id":"https:\/\/www.accuratereviews.com\/it\/#website"},"primaryImageOfPage":{"@id":"https:\/\/www.accuratereviews.com\/it\/software-votazioni\/discuss-io-recensione\/#primaryimage"},"image":{"@id":"https:\/\/www.accuratereviews.com\/it\/software-votazioni\/discuss-io-recensione\/#primaryimage"},"thumbnailUrl":"https:\/\/www.accuratereviews.com\/wp-content\/uploads\/2022\/09\/Discuss.io_.png","datePublished":"2022-09-19T16:49:05+00:00","dateModified":"2022-11-25T09:29:56+00:00","description":"Discuss.io: recensione della piattaforma di videoconferenza progettata per aiutare le aziende a interagire con i clienti.","breadcrumb":{"@id":"https:\/\/www.accuratereviews.com\/it\/software-votazioni\/discuss-io-recensione\/#breadcrumb"},"inLanguage":"it-IT","potentialAction":[{"@type":"ReadAction","target":["https:\/\/www.accuratereviews.com\/it\/software-votazioni\/discuss-io-recensione\/"]}]},{"@type":"ImageObject","inLanguage":"it-IT","@id":"https:\/\/www.accuratereviews.com\/it\/software-votazioni\/discuss-io-recensione\/#primaryimage","url":"https:\/\/www.accuratereviews.com\/wp-content\/uploads\/2022\/09\/Discuss.io_.png","contentUrl":"https:\/\/www.accuratereviews.com\/wp-content\/uploads\/2022\/09\/Discuss.io_.png","width":300,"height":300},{"@type":"BreadcrumbList","@id":"https:\/\/www.accuratereviews.com\/it\/software-votazioni\/discuss-io-recensione\/#breadcrumb","itemListElement":[{"@type":"ListItem","position":1,"name":"Home","item":"https:\/\/www.accuratereviews.com\/it\/"},{"@type":"ListItem","position":2,"name":"Software per votazioni","item":"https:\/\/www.accuratereviews.com\/it\/software-votazioni\/"},{"@type":"ListItem","position":3,"name":"Discuss.io"}]},{"@type":"WebSite","@id":"https:\/\/www.accuratereviews.com\/it\/#website","url":"https:\/\/www.accuratereviews.com\/it\/","name":"Accurate Reviews","description":"","potentialAction":[{"@type":"SearchAction","target":{"@type":"EntryPoint","urlTemplate":"https:\/\/www.accuratereviews.com\/it\/?s={search_term_string}"},"query-input":{"@type":"PropertyValueSpecification","valueRequired":true,"valueName":"search_term_string"}}],"inLanguage":"it-IT"}]}},"_links":{"self":[{"href":"https:\/\/www.accuratereviews.com\/it\/wp-json\/wp\/v2\/pages\/61593","targetHints":{"allow":["GET"]}}],"collection":[{"href":"https:\/\/www.accuratereviews.com\/it\/wp-json\/wp\/v2\/pages"}],"about":[{"href":"https:\/\/www.accuratereviews.com\/it\/wp-json\/wp\/v2\/types\/page"}],"author":[{"embeddable":true,"href":"https:\/\/www.accuratereviews.com\/it\/wp-json\/wp\/v2\/users\/16"}],"replies":[{"embeddable":true,"href":"https:\/\/www.accuratereviews.com\/it\/wp-json\/wp\/v2\/comments?post=61593"}],"version-history":[{"count":10,"href":"https:\/\/www.accuratereviews.com\/it\/wp-json\/wp\/v2\/pages\/61593\/revisions"}],"predecessor-version":[{"id":61682,"href":"https:\/\/www.accuratereviews.com\/it\/wp-json\/wp\/v2\/pages\/61593\/revisions\/61682"}],"up":[{"embeddable":true,"href":"https:\/\/www.accuratereviews.com\/it\/wp-json\/wp\/v2\/pages\/61161"}],"wp:featuredmedia":[{"embeddable":true,"href":"https:\/\/www.accuratereviews.com\/it\/wp-json\/wp\/v2\/media\/61608"}],"wp:attachment":[{"href":"https:\/\/www.accuratereviews.com\/it\/wp-json\/wp\/v2\/media?parent=61593"}],"wp:term":[{"taxonomy":"category","embeddable":true,"href":"https:\/\/www.accuratereviews.com\/it\/wp-json\/wp\/v2\/categories?post=61593"},{"taxonomy":"post_tag","embeddable":true,"href":"https:\/\/www.accuratereviews.com\/it\/wp-json\/wp\/v2\/tags?post=61593"},{"taxonomy":"features","embeddable":true,"href":"https:\/\/www.accuratereviews.com\/it\/wp-json\/wp\/v2\/features?post=61593"}],"curies":[{"name":"wp","href":"https:\/\/api.w.org\/{rel}","templated":true}]}}