{"id":61595,"date":"2022-09-19T16:44:07","date_gmt":"2022-09-19T16:44:07","guid":{"rendered":"https:\/\/www.accuratereviews.com\/?page_id=61595"},"modified":"2022-11-25T08:38:56","modified_gmt":"2022-11-25T08:38:56","slug":"youengage-recensione","status":"publish","type":"page","link":"https:\/\/www.accuratereviews.com\/it\/software-votazioni\/youengage-recensione\/","title":{"rendered":"Youengage"},"content":{"rendered":"<p><strong>Youengage<\/strong> \u00e8 una <strong>soluzione di coinvolgimento<\/strong> dei clienti, progettata per aiutare le aziende a interagire con gli utenti in ogni fase del percorso, generare lead, ottenere feedback, aumentare i ricavi e acquisire dati tramite una piattaforma unificata. Consente ai professionisti di progettare quiz utilizzando test della personalit\u00e0 e quiz di conoscenza, di creare e condividere sondaggi e moduli di conversazione con i clienti.\u00a0Con questa applicazione si possono condurre sondaggi dal vivo per potenziare i processi di raccolta dati e interagire con il pubblico utilizzando quiz e sessioni di domande e risposte durante riunioni di persona e virtuali.<br \/>\nPermette, inoltre, ai dipendenti di fornire valore agli utenti utilizzando calcolatrici aziendali e consigli interattivi sui prodotti. Offre anche una serie di funzionalit\u00e0 come: analisi, campi personalizzati, sincronizzazione dei dati, dati in tempo reale, gestione del feedback, funzionalit\u00e0 di trascinamento della selezione, modelli personalizzati e altro ancora.<\/p>\n<h2>YOUENGAGE &#8211; TUTORIAL<\/h2>\n<div id=\"fluid-wrapper-counter-1\" class=\"g1-fluid-wrapper \" style=\"width:686px;\">\n<div style=\"padding-bottom:56.268221574344%;\"><iframe loading=\"lazy\" title=\"Youengage Review| How to Grow Your Engagement!\" width=\"686\" height=\"386\" src=\"https:\/\/www.youtube.com\/embed\/dO2uoQQnRe4?feature=oembed&amp;wmode=transparent&amp;autohide=1&amp;autoplay=0&amp;disablekb=0&amp;fs=1&amp;loop=0&amp;enablejsapi=1&amp;rel=0&amp;controls=2&amp;showinfo=0&amp;wmode=transparent&amp;autohide=2&amp;autoplay=0&amp;disablekb=0&amp;fs=1&amp;loop=0&amp;enablejsapi=1&amp;rel=0&amp;controls=2&amp;showinfo=1\" frameborder=\"0\" allow=\"accelerometer; autoplay; clipboard-write; encrypted-media; gyroscope; picture-in-picture\" allowfullscreen><\/iframe><\/div>\n<\/div>\n<h3>YOUENGAGE &#8211; CARATTERISTICHE<\/h3>\n<ul>\n<li><strong>Quiz<\/strong>: usa test della personalit\u00e0 e quiz di conoscenza per generare e profilare i tuoi contatti<\/li>\n<li><strong>Sondaggi e moduli<\/strong>: crea e condividi sondaggi e moduli e ottieni percentuali di completamento superiori del 35%.<\/li>\n<li><strong>Calcolatrici e valutazioni<\/strong>: fornisci valore ai tuoi utenti utilizzando calcolatrici aziendali o consigli interattivi sui prodotti<\/li>\n<li><strong>Sondaggi in linea<\/strong>: poni le domande giuste e migliora la tua raccolta di dati con un formato semplice ma potente<\/li>\n<li><strong>Approfitta dell&#8217;automazione del marketing<\/strong>: la migliore soluzione per mantenere la comunicazione in modo accurato e personalizzato<\/li>\n<li><strong>Arricchisci i tuoi eventi online con domande e risposte dal vivo, quiz e sondaggi<\/strong>: veloce da creare, condividere e coinvolgere il pubblico durante webinar virtuali, conferenze, meetup e tavole rotonde.<\/li>\n<\/ul>\n<h4>LE RECENSIONI DEGLI UTENTI<\/h4>\n<p class=\"fw-bold mb-2\"><strong>Moe&#8221;Molto facile da usare, ottimo modo per saperne di pi\u00f9 sui tuoi clienti.&#8221;<br \/>\n<\/strong><strong>Pro<\/strong>:\u00a0La facilit\u00e0 d&#8217;uso del software per creare quiz e sondaggi per i nostri utenti e la capacit\u00e0 di spingere le risposte degli utenti a Google Tag Manager \u00e8 eccezionale. Ci consente di comprendere meglio il nostro pubblico in modo da poter perfezionare il nostro marketing.<br \/>\n<strong>Contro<\/strong>:\u00a0Vorrei che si integrasse in modo nativo con strumenti di posta elettronica e CRM, in modo da poter sincronizzare automaticamente i dati con il nostro CRM.<\/p>\n<p class=\"fw-bold mb-2\"><strong>Bikramjit&#8221;Un potente arsenale nella tua cassetta degli attrezzi per il coinvolgimento dei clienti&#8221;<br \/>\n<\/strong><strong>Pro<\/strong>:\u00a0Molto coinvolgente e facile da usare. Mi \u00e8 piaciuto molto il fatto che tu possa creare quiz animati, sondaggi e risultati basati sulla logica in modo molto rapido ed efficiente. Buon rapporto qualit\u00e0-prezzo<br \/>\n<strong>Contro<\/strong>:\u00a0L&#8217;interfaccia utente pu\u00f2 essere migliorata. I quiz sui risultati basati sulla logica possono avere pi\u00f9 modelli.<\/p>\n<p class=\"fw-bold mb-2\"><strong>Meg&#8221;Un&#8217;ottima alternativa a Typeform&#8221;<br \/>\n<\/strong><span class=\"fw-bold\"><strong>Commenti<\/strong>: <\/span>Stavo cercando un&#8217;alternativa Typeform e penso di averla trovata. Nonostante alcune funzionalit\u00e0 mancanti, la tabella di marcia \u00e8 promettente e la maggior parte di ci\u00f2 di cui ho bisogno \u00e8 disponibile in qualche modo. Provalo se odi Typeform tanto quanto me.<br \/>\n<strong>Pro<\/strong>:\u00a0Un&#8217;ottima piattaforma per sondaggi\/moduli conversazionali. Ottenere feedback dai clienti non dovrebbe essere un problema d&#8217;ora in poi.<br \/>\n<strong>Contro<\/strong>:\u00a0La mancanza di integrazioni con la maggior parte dei provider di email marketing; nessun modo per avviare un sondaggio in un&#8217;email; nessuna variabile di risposta che pu\u00f2 essere utilizzata nelle domande successive.<\/p>\n","protected":false},"excerpt":{"rendered":"<p>Youengage \u00e8 una soluzione di coinvolgimento dei clienti progettata per aiutare le aziende a interagire con gli utenti in ogni fase del percorso, generare lead, ottenere feedback, aumentare i ricavi e acquisire dati tramite una piattaforma unificata. Consente ai professionisti di progettare quiz utilizzando test della personalit\u00e0 e quiz di conoscenza, di creare e condividere sondaggi e moduli di conversazione con i clienti.<\/p>\n","protected":false},"author":16,"featured_media":61597,"parent":61161,"menu_order":0,"comment_status":"open","ping_status":"closed","template":"g1_template_page_review_new.php","meta":{"_acf_changed":false,"cwp_meta_box_check":"No","cwp_rev_product_name":"","cwp_rev_product_image":"","wppr_links":[],"cwp_rev_price":"","wppr_options":[],"wppr_pros":[],"wppr_cons":[],"_monsterinsights_skip_tracking":false,"_monsterinsights_sitenote_active":false,"_monsterinsights_sitenote_note":"","_monsterinsights_sitenote_category":0,"footnotes":""},"categories":[13279],"tags":[13286,13282,13281,13291,13308,13290,13374],"features":[],"class_list":{"0":"post-61595","1":"page","2":"type-page","3":"status-publish","4":"has-post-thumbnail","6":"category-software-votazioni-cat","7":"tag-piattaforma-per-votazioni","8":"tag-programma-per-votazioni","9":"tag-software-per-votazioni","10":"tag-soluzione-per-votazioni","11":"tag-sondaggi","12":"tag-votazioni","13":"tag-youengage"},"wppr_data":{"cwp_meta_box_check":"No"},"acf":[],"yoast_head":"<!-- This site is optimized with the Yoast SEO plugin v27.4 - https:\/\/yoast.com\/product\/yoast-seo-wordpress\/ -->\n<title>Youengage: recensione software per votazione - Accurate Reviews<\/title>\n<meta name=\"description\" content=\"Youengage: recensione soluzione di coinvolgimento dei clienti progettata per aiutare le aziende a interagire con gli utenti.\" \/>\n<meta name=\"robots\" content=\"index, follow, max-snippet:-1, max-image-preview:large, max-video-preview:-1\" \/>\n<link rel=\"canonical\" href=\"https:\/\/www.accuratereviews.com\/it\/software-votazioni\/youengage-recensione\/\" \/>\n<meta property=\"og:locale\" content=\"it_IT\" \/>\n<meta property=\"og:type\" content=\"article\" \/>\n<meta property=\"og:title\" content=\"Youengage: recensione software per votazione - Accurate Reviews\" \/>\n<meta property=\"og:description\" content=\"Youengage: recensione soluzione di coinvolgimento dei clienti progettata per aiutare le aziende a interagire con gli utenti.\" \/>\n<meta property=\"og:url\" content=\"https:\/\/www.accuratereviews.com\/it\/software-votazioni\/youengage-recensione\/\" \/>\n<meta property=\"og:site_name\" content=\"Accurate Reviews\" \/>\n<meta property=\"article:modified_time\" content=\"2022-11-25T08:38:56+00:00\" \/>\n<meta property=\"og:image\" content=\"https:\/\/www.accuratereviews.com\/wp-content\/uploads\/2022\/09\/Youengage.png\" \/>\n\t<meta property=\"og:image:width\" content=\"200\" \/>\n\t<meta property=\"og:image:height\" content=\"200\" \/>\n\t<meta property=\"og:image:type\" content=\"image\/png\" \/>\n<meta name=\"twitter:card\" content=\"summary_large_image\" \/>\n<meta name=\"twitter:label1\" content=\"Tempo di lettura stimato\" \/>\n\t<meta name=\"twitter:data1\" content=\"3 minuti\" \/>\n<script type=\"application\/ld+json\" class=\"yoast-schema-graph\">{\"@context\":\"https:\\\/\\\/schema.org\",\"@graph\":[{\"@type\":\"WebPage\",\"@id\":\"https:\\\/\\\/www.accuratereviews.com\\\/it\\\/software-votazioni\\\/youengage-recensione\\\/\",\"url\":\"https:\\\/\\\/www.accuratereviews.com\\\/it\\\/software-votazioni\\\/youengage-recensione\\\/\",\"name\":\"Youengage: recensione software per votazione - Accurate Reviews\",\"isPartOf\":{\"@id\":\"https:\\\/\\\/www.accuratereviews.com\\\/it\\\/#website\"},\"primaryImageOfPage\":{\"@id\":\"https:\\\/\\\/www.accuratereviews.com\\\/it\\\/software-votazioni\\\/youengage-recensione\\\/#primaryimage\"},\"image\":{\"@id\":\"https:\\\/\\\/www.accuratereviews.com\\\/it\\\/software-votazioni\\\/youengage-recensione\\\/#primaryimage\"},\"thumbnailUrl\":\"https:\\\/\\\/www.accuratereviews.com\\\/wp-content\\\/uploads\\\/2022\\\/09\\\/Youengage.png\",\"datePublished\":\"2022-09-19T16:44:07+00:00\",\"dateModified\":\"2022-11-25T08:38:56+00:00\",\"description\":\"Youengage: recensione soluzione di coinvolgimento dei clienti progettata per aiutare le aziende a interagire con gli utenti.\",\"breadcrumb\":{\"@id\":\"https:\\\/\\\/www.accuratereviews.com\\\/it\\\/software-votazioni\\\/youengage-recensione\\\/#breadcrumb\"},\"inLanguage\":\"it-IT\",\"potentialAction\":[{\"@type\":\"ReadAction\",\"target\":[\"https:\\\/\\\/www.accuratereviews.com\\\/it\\\/software-votazioni\\\/youengage-recensione\\\/\"]}]},{\"@type\":\"ImageObject\",\"inLanguage\":\"it-IT\",\"@id\":\"https:\\\/\\\/www.accuratereviews.com\\\/it\\\/software-votazioni\\\/youengage-recensione\\\/#primaryimage\",\"url\":\"https:\\\/\\\/www.accuratereviews.com\\\/wp-content\\\/uploads\\\/2022\\\/09\\\/Youengage.png\",\"contentUrl\":\"https:\\\/\\\/www.accuratereviews.com\\\/wp-content\\\/uploads\\\/2022\\\/09\\\/Youengage.png\",\"width\":200,\"height\":200},{\"@type\":\"BreadcrumbList\",\"@id\":\"https:\\\/\\\/www.accuratereviews.com\\\/it\\\/software-votazioni\\\/youengage-recensione\\\/#breadcrumb\",\"itemListElement\":[{\"@type\":\"ListItem\",\"position\":1,\"name\":\"Home\",\"item\":\"https:\\\/\\\/www.accuratereviews.com\\\/it\\\/\"},{\"@type\":\"ListItem\",\"position\":2,\"name\":\"Software per votazioni\",\"item\":\"https:\\\/\\\/www.accuratereviews.com\\\/it\\\/software-votazioni\\\/\"},{\"@type\":\"ListItem\",\"position\":3,\"name\":\"Youengage\"}]},{\"@type\":\"WebSite\",\"@id\":\"https:\\\/\\\/www.accuratereviews.com\\\/it\\\/#website\",\"url\":\"https:\\\/\\\/www.accuratereviews.com\\\/it\\\/\",\"name\":\"Accurate Reviews\",\"description\":\"\",\"potentialAction\":[{\"@type\":\"SearchAction\",\"target\":{\"@type\":\"EntryPoint\",\"urlTemplate\":\"https:\\\/\\\/www.accuratereviews.com\\\/it\\\/?s={search_term_string}\"},\"query-input\":{\"@type\":\"PropertyValueSpecification\",\"valueRequired\":true,\"valueName\":\"search_term_string\"}}],\"inLanguage\":\"it-IT\"}]}<\/script>\n<!-- \/ Yoast SEO plugin. -->","yoast_head_json":{"title":"Youengage: recensione software per votazione - Accurate Reviews","description":"Youengage: recensione soluzione di coinvolgimento dei clienti progettata per aiutare le aziende a interagire con gli utenti.","robots":{"index":"index","follow":"follow","max-snippet":"max-snippet:-1","max-image-preview":"max-image-preview:large","max-video-preview":"max-video-preview:-1"},"canonical":"https:\/\/www.accuratereviews.com\/it\/software-votazioni\/youengage-recensione\/","og_locale":"it_IT","og_type":"article","og_title":"Youengage: recensione software per votazione - Accurate Reviews","og_description":"Youengage: recensione soluzione di coinvolgimento dei clienti progettata per aiutare le aziende a interagire con gli utenti.","og_url":"https:\/\/www.accuratereviews.com\/it\/software-votazioni\/youengage-recensione\/","og_site_name":"Accurate Reviews","article_modified_time":"2022-11-25T08:38:56+00:00","og_image":[{"width":200,"height":200,"url":"https:\/\/www.accuratereviews.com\/wp-content\/uploads\/2022\/09\/Youengage.png","type":"image\/png"}],"twitter_card":"summary_large_image","twitter_misc":{"Tempo di lettura stimato":"3 minuti"},"schema":{"@context":"https:\/\/schema.org","@graph":[{"@type":"WebPage","@id":"https:\/\/www.accuratereviews.com\/it\/software-votazioni\/youengage-recensione\/","url":"https:\/\/www.accuratereviews.com\/it\/software-votazioni\/youengage-recensione\/","name":"Youengage: recensione software per votazione - Accurate Reviews","isPartOf":{"@id":"https:\/\/www.accuratereviews.com\/it\/#website"},"primaryImageOfPage":{"@id":"https:\/\/www.accuratereviews.com\/it\/software-votazioni\/youengage-recensione\/#primaryimage"},"image":{"@id":"https:\/\/www.accuratereviews.com\/it\/software-votazioni\/youengage-recensione\/#primaryimage"},"thumbnailUrl":"https:\/\/www.accuratereviews.com\/wp-content\/uploads\/2022\/09\/Youengage.png","datePublished":"2022-09-19T16:44:07+00:00","dateModified":"2022-11-25T08:38:56+00:00","description":"Youengage: recensione soluzione di coinvolgimento dei clienti progettata per aiutare le aziende a interagire con gli utenti.","breadcrumb":{"@id":"https:\/\/www.accuratereviews.com\/it\/software-votazioni\/youengage-recensione\/#breadcrumb"},"inLanguage":"it-IT","potentialAction":[{"@type":"ReadAction","target":["https:\/\/www.accuratereviews.com\/it\/software-votazioni\/youengage-recensione\/"]}]},{"@type":"ImageObject","inLanguage":"it-IT","@id":"https:\/\/www.accuratereviews.com\/it\/software-votazioni\/youengage-recensione\/#primaryimage","url":"https:\/\/www.accuratereviews.com\/wp-content\/uploads\/2022\/09\/Youengage.png","contentUrl":"https:\/\/www.accuratereviews.com\/wp-content\/uploads\/2022\/09\/Youengage.png","width":200,"height":200},{"@type":"BreadcrumbList","@id":"https:\/\/www.accuratereviews.com\/it\/software-votazioni\/youengage-recensione\/#breadcrumb","itemListElement":[{"@type":"ListItem","position":1,"name":"Home","item":"https:\/\/www.accuratereviews.com\/it\/"},{"@type":"ListItem","position":2,"name":"Software per votazioni","item":"https:\/\/www.accuratereviews.com\/it\/software-votazioni\/"},{"@type":"ListItem","position":3,"name":"Youengage"}]},{"@type":"WebSite","@id":"https:\/\/www.accuratereviews.com\/it\/#website","url":"https:\/\/www.accuratereviews.com\/it\/","name":"Accurate Reviews","description":"","potentialAction":[{"@type":"SearchAction","target":{"@type":"EntryPoint","urlTemplate":"https:\/\/www.accuratereviews.com\/it\/?s={search_term_string}"},"query-input":{"@type":"PropertyValueSpecification","valueRequired":true,"valueName":"search_term_string"}}],"inLanguage":"it-IT"}]}},"_links":{"self":[{"href":"https:\/\/www.accuratereviews.com\/it\/wp-json\/wp\/v2\/pages\/61595","targetHints":{"allow":["GET"]}}],"collection":[{"href":"https:\/\/www.accuratereviews.com\/it\/wp-json\/wp\/v2\/pages"}],"about":[{"href":"https:\/\/www.accuratereviews.com\/it\/wp-json\/wp\/v2\/types\/page"}],"author":[{"embeddable":true,"href":"https:\/\/www.accuratereviews.com\/it\/wp-json\/wp\/v2\/users\/16"}],"replies":[{"embeddable":true,"href":"https:\/\/www.accuratereviews.com\/it\/wp-json\/wp\/v2\/comments?post=61595"}],"version-history":[{"count":10,"href":"https:\/\/www.accuratereviews.com\/it\/wp-json\/wp\/v2\/pages\/61595\/revisions"}],"predecessor-version":[{"id":64415,"href":"https:\/\/www.accuratereviews.com\/it\/wp-json\/wp\/v2\/pages\/61595\/revisions\/64415"}],"up":[{"embeddable":true,"href":"https:\/\/www.accuratereviews.com\/it\/wp-json\/wp\/v2\/pages\/61161"}],"wp:featuredmedia":[{"embeddable":true,"href":"https:\/\/www.accuratereviews.com\/it\/wp-json\/wp\/v2\/media\/61597"}],"wp:attachment":[{"href":"https:\/\/www.accuratereviews.com\/it\/wp-json\/wp\/v2\/media?parent=61595"}],"wp:term":[{"taxonomy":"category","embeddable":true,"href":"https:\/\/www.accuratereviews.com\/it\/wp-json\/wp\/v2\/categories?post=61595"},{"taxonomy":"post_tag","embeddable":true,"href":"https:\/\/www.accuratereviews.com\/it\/wp-json\/wp\/v2\/tags?post=61595"},{"taxonomy":"features","embeddable":true,"href":"https:\/\/www.accuratereviews.com\/it\/wp-json\/wp\/v2\/features?post=61595"}],"curies":[{"name":"wp","href":"https:\/\/api.w.org\/{rel}","templated":true}]}}